{"id":190,"date":"2016-05-05T13:13:01","date_gmt":"2016-05-05T11:13:01","guid":{"rendered":"https:\/\/www.shavei.org\/product\/la-neshama-menashe\/"},"modified":"2026-02-20T15:34:27","modified_gmt":"2026-02-20T13:34:27","slug":"la-neshama-menashe","status":"publish","type":"product","link":"https:\/\/www.shavei.org\/ru\/product\/la-neshama-menashe\/","title":{"rendered":"La Nesham\u00e1 Menash\u00e9"},"content":{"rendered":"<p>Producido y distribuido por Shavei Israel, 2008<br \/>\nUn CD de audio con folleto en el paquete de la caja de joya<br \/>\nFolleto es de 20 p\u00e1ginas, a todo color, ilustrado, e incluye notas completas de l\u00ednea regular, miembros de la banda, listado de la pista, y letras en Hebreo y Kuki, traducida al Ingl\u00e9s<\/p>\n","protected":false},"excerpt":{"rendered":"<p>Este CD contiene una seleccion de canciones en Hebreo y Kuki, las cuales expresan el a\u00f1orado deseo de Bnei Menash\u00e9 de retornar a la tierra de sus ancestros, la tierra de Israel, luego de 2700 a\u00f1os de exilio.<\/p>\n","protected":false},"featured_media":118433,"comment_status":"closed","ping_status":"closed","template":"","meta":{"give_campaign_id":0,"_exactmetrics_skip_tracking":false,"_exactmetrics_sitenote_active":false,"_exactmetrics_sitenote_note":"","_exactmetrics_sitenote_category":0,"ngg_post_thumbnail":0},"product_brand":[],"product_cat":[2208,2183,2296],"product_tag":[2211,2282,2295,2213,2214],"class_list":{"0":"post-190","1":"product","2":"type-product","3":"status-publish","4":"has-post-thumbnail","6":"product_cat-audio","7":"product_cat-idiomas","8":"product_cat-mizo-y-kuki","9":"product_tag-bnei-menashe","10":"product_tag-canciones","11":"product_tag-discos","12":"product_tag-kuki","13":"product_tag-mizo","14":"product_shipping_class-registered-mail-he","16":"first","17":"instock","18":"taxable","19":"shipping-taxable","20":"purchasable","21":"product-type-simple"},"yoast_head":"<!-- This site is optimized with the Yoast SEO plugin v27.1.1 - https:\/\/yoast.com\/product\/yoast-seo-wordpress\/ -->\n<title>La Nesham\u00e1 Menash\u00e9 - Shavei Israel<\/title>\n<meta name=\"robots\" content=\"index, follow, max-snippet:-1, max-image-preview:large, max-video-preview:-1\" \/>\n<link rel=\"canonical\" href=\"https:\/\/www.shavei.org\/ru\/product\/la-neshama-menashe\/\" \/>\n<meta property=\"og:locale\" content=\"ru_RU\" \/>\n<meta property=\"og:type\" content=\"article\" \/>\n<meta property=\"og:title\" content=\"La Nesham\u00e1 Menash\u00e9 - Shavei Israel\" \/>\n<meta property=\"og:description\" content=\"Este CD contiene una seleccion de canciones en Hebreo y Kuki, las cuales expresan el a\u00f1orado deseo de Bnei Menash\u00e9 de retornar a la tierra de sus ancestros, la tierra de Israel, luego de 2700 a\u00f1os de exilio.\" \/>\n<meta property=\"og:url\" content=\"https:\/\/www.shavei.org\/es\/product\/la-neshama-menashe\/\" \/>\n<meta property=\"og:site_name\" content=\"Shavei Israel\" \/>\n<meta property=\"article:modified_time\" content=\"2026-02-20T13:34:27+00:00\" \/>\n<meta property=\"og:image\" content=\"https:\/\/www.shavei.org\/wp-content\/uploads\/2020\/12\/shavei-BM-audioCD-01-cover.jpg\" \/>\n\t<meta property=\"og:image:width\" content=\"540\" \/>\n\t<meta property=\"og:image:height\" content=\"396\" \/>\n\t<meta property=\"og:image:type\" content=\"image\/jpeg\" \/>\n<meta name=\"twitter:card\" content=\"summary_large_image\" \/>\n<script type=\"application\/ld+json\" class=\"yoast-schema-graph\">{\"@context\":\"https:\/\/schema.org\",\"@graph\":[{\"@type\":\"WebPage\",\"@id\":\"https:\/\/www.shavei.org\/es\/product\/la-neshama-menashe\/\",\"url\":\"https:\/\/www.shavei.org\/es\/product\/la-neshama-menashe\/\",\"name\":\"La Nesham\u00e1 Menash\u00e9 - Shavei Israel\",\"isPartOf\":{\"@id\":\"https:\/\/www.shavei.org\/#website\"},\"primaryImageOfPage\":{\"@id\":\"https:\/\/www.shavei.org\/es\/product\/la-neshama-menashe\/#primaryimage\"},\"image\":{\"@id\":\"https:\/\/www.shavei.org\/es\/product\/la-neshama-menashe\/#primaryimage\"},\"thumbnailUrl\":\"https:\/\/www.shavei.org\/wp-content\/uploads\/2020\/12\/shavei-BM-audioCD-01-cover.jpg\",\"datePublished\":\"2016-05-05T11:13:01+00:00\",\"dateModified\":\"2026-02-20T13:34:27+00:00\",\"breadcrumb\":{\"@id\":\"https:\/\/www.shavei.org\/es\/product\/la-neshama-menashe\/#breadcrumb\"},\"inLanguage\":\"ru-RU\",\"potentialAction\":[{\"@type\":\"ReadAction\",\"target\":[\"https:\/\/www.shavei.org\/es\/product\/la-neshama-menashe\/\"]}]},{\"@type\":\"ImageObject\",\"inLanguage\":\"ru-RU\",\"@id\":\"https:\/\/www.shavei.org\/es\/product\/la-neshama-menashe\/#primaryimage\",\"url\":\"https:\/\/www.shavei.org\/wp-content\/uploads\/2020\/12\/shavei-BM-audioCD-01-cover.jpg\",\"contentUrl\":\"https:\/\/www.shavei.org\/wp-content\/uploads\/2020\/12\/shavei-BM-audioCD-01-cover.jpg\",\"width\":540,\"height\":396,\"caption\":\"La Nesham\u00e1 Menash\u00e9\"},{\"@type\":\"BreadcrumbList\",\"@id\":\"https:\/\/www.shavei.org\/es\/product\/la-neshama-menashe\/#breadcrumb\",\"itemListElement\":[{\"@type\":\"ListItem\",\"position\":1,\"name\":\"Home\",\"item\":\"https:\/\/www.shavei.org\/\"},{\"@type\":\"ListItem\",\"position\":2,\"name\":\"Shop\",\"item\":\"https:\/\/www.shavei.org\/shop\/\"},{\"@type\":\"ListItem\",\"position\":3,\"name\":\"La Nesham\u00e1 Menash\u00e9\"}]},{\"@type\":\"WebSite\",\"@id\":\"https:\/\/www.shavei.org\/#website\",\"url\":\"https:\/\/www.shavei.org\/\",\"name\":\"Shavei Israel\",\"description\":\"One nation, many faces. We help them all return.\",\"publisher\":{\"@id\":\"https:\/\/www.shavei.org\/#organization\"},\"potentialAction\":[{\"@type\":\"SearchAction\",\"target\":{\"@type\":\"EntryPoint\",\"urlTemplate\":\"https:\/\/www.shavei.org\/?s={search_term_string}\"},\"query-input\":{\"@type\":\"PropertyValueSpecification\",\"valueRequired\":true,\"valueName\":\"search_term_string\"}}],\"inLanguage\":\"ru-RU\"},{\"@type\":\"Organization\",\"@id\":\"https:\/\/www.shavei.org\/#organization\",\"name\":\"Shavei Israel\",\"url\":\"https:\/\/www.shavei.org\/\",\"logo\":{\"@type\":\"ImageObject\",\"inLanguage\":\"ru-RU\",\"@id\":\"https:\/\/www.shavei.org\/#\/schema\/logo\/image\/\",\"url\":\"https:\/\/www.shavei.org\/wp-content\/uploads\/2017\/10\/shavei-logo.jpg\",\"contentUrl\":\"https:\/\/www.shavei.org\/wp-content\/uploads\/2017\/10\/shavei-logo.jpg\",\"width\":300,\"height\":285,\"caption\":\"Shavei Israel\"},\"image\":{\"@id\":\"https:\/\/www.shavei.org\/#\/schema\/logo\/image\/\"}}]}<\/script>\n<!-- \/ Yoast SEO plugin. -->","yoast_head_json":{"title":"La Nesham\u00e1 Menash\u00e9 - Shavei Israel","robots":{"index":"index","follow":"follow","max-snippet":"max-snippet:-1","max-image-preview":"max-image-preview:large","max-video-preview":"max-video-preview:-1"},"canonical":"https:\/\/www.shavei.org\/ru\/product\/la-neshama-menashe\/","og_locale":"ru_RU","og_type":"article","og_title":"La Nesham\u00e1 Menash\u00e9 - Shavei Israel","og_description":"Este CD contiene una seleccion de canciones en Hebreo y Kuki, las cuales expresan el a\u00f1orado deseo de Bnei Menash\u00e9 de retornar a la tierra de sus ancestros, la tierra de Israel, luego de 2700 a\u00f1os de exilio.","og_url":"https:\/\/www.shavei.org\/es\/product\/la-neshama-menashe\/","og_site_name":"Shavei Israel","article_modified_time":"2026-02-20T13:34:27+00:00","og_image":[{"width":540,"height":396,"url":"https:\/\/www.shavei.org\/wp-content\/uploads\/2020\/12\/shavei-BM-audioCD-01-cover.jpg","type":"image\/jpeg"}],"twitter_card":"summary_large_image","schema":{"@context":"https:\/\/schema.org","@graph":[{"@type":"WebPage","@id":"https:\/\/www.shavei.org\/es\/product\/la-neshama-menashe\/","url":"https:\/\/www.shavei.org\/es\/product\/la-neshama-menashe\/","name":"La Nesham\u00e1 Menash\u00e9 - Shavei Israel","isPartOf":{"@id":"https:\/\/www.shavei.org\/#website"},"primaryImageOfPage":{"@id":"https:\/\/www.shavei.org\/es\/product\/la-neshama-menashe\/#primaryimage"},"image":{"@id":"https:\/\/www.shavei.org\/es\/product\/la-neshama-menashe\/#primaryimage"},"thumbnailUrl":"https:\/\/www.shavei.org\/wp-content\/uploads\/2020\/12\/shavei-BM-audioCD-01-cover.jpg","datePublished":"2016-05-05T11:13:01+00:00","dateModified":"2026-02-20T13:34:27+00:00","breadcrumb":{"@id":"https:\/\/www.shavei.org\/es\/product\/la-neshama-menashe\/#breadcrumb"},"inLanguage":"ru-RU","potentialAction":[{"@type":"ReadAction","target":["https:\/\/www.shavei.org\/es\/product\/la-neshama-menashe\/"]}]},{"@type":"ImageObject","inLanguage":"ru-RU","@id":"https:\/\/www.shavei.org\/es\/product\/la-neshama-menashe\/#primaryimage","url":"https:\/\/www.shavei.org\/wp-content\/uploads\/2020\/12\/shavei-BM-audioCD-01-cover.jpg","contentUrl":"https:\/\/www.shavei.org\/wp-content\/uploads\/2020\/12\/shavei-BM-audioCD-01-cover.jpg","width":540,"height":396,"caption":"La Nesham\u00e1 Menash\u00e9"},{"@type":"BreadcrumbList","@id":"https:\/\/www.shavei.org\/es\/product\/la-neshama-menashe\/#breadcrumb","itemListElement":[{"@type":"ListItem","position":1,"name":"Home","item":"https:\/\/www.shavei.org\/"},{"@type":"ListItem","position":2,"name":"Shop","item":"https:\/\/www.shavei.org\/shop\/"},{"@type":"ListItem","position":3,"name":"La Nesham\u00e1 Menash\u00e9"}]},{"@type":"WebSite","@id":"https:\/\/www.shavei.org\/#website","url":"https:\/\/www.shavei.org\/","name":"Shavei Israel","description":"One nation, many faces. We help them all return.","publisher":{"@id":"https:\/\/www.shavei.org\/#organization"},"potentialAction":[{"@type":"SearchAction","target":{"@type":"EntryPoint","urlTemplate":"https:\/\/www.shavei.org\/?s={search_term_string}"},"query-input":{"@type":"PropertyValueSpecification","valueRequired":true,"valueName":"search_term_string"}}],"inLanguage":"ru-RU"},{"@type":"Organization","@id":"https:\/\/www.shavei.org\/#organization","name":"Shavei Israel","url":"https:\/\/www.shavei.org\/","logo":{"@type":"ImageObject","inLanguage":"ru-RU","@id":"https:\/\/www.shavei.org\/#\/schema\/logo\/image\/","url":"https:\/\/www.shavei.org\/wp-content\/uploads\/2017\/10\/shavei-logo.jpg","contentUrl":"https:\/\/www.shavei.org\/wp-content\/uploads\/2017\/10\/shavei-logo.jpg","width":300,"height":285,"caption":"Shavei Israel"},"image":{"@id":"https:\/\/www.shavei.org\/#\/schema\/logo\/image\/"}}]}},"_links":{"self":[{"href":"https:\/\/www.shavei.org\/ru\/wp-json\/wp\/v2\/product\/190","targetHints":{"allow":["GET"]}}],"collection":[{"href":"https:\/\/www.shavei.org\/ru\/wp-json\/wp\/v2\/product"}],"about":[{"href":"https:\/\/www.shavei.org\/ru\/wp-json\/wp\/v2\/types\/product"}],"replies":[{"embeddable":true,"href":"https:\/\/www.shavei.org\/ru\/wp-json\/wp\/v2\/comments?post=190"}],"wp:featuredmedia":[{"embeddable":true,"href":"https:\/\/www.shavei.org\/ru\/wp-json\/wp\/v2\/media\/118433"}],"wp:attachment":[{"href":"https:\/\/www.shavei.org\/ru\/wp-json\/wp\/v2\/media?parent=190"}],"wp:term":[{"taxonomy":"product_brand","embeddable":true,"href":"https:\/\/www.shavei.org\/ru\/wp-json\/wp\/v2\/product_brand?post=190"},{"taxonomy":"product_cat","embeddable":true,"href":"https:\/\/www.shavei.org\/ru\/wp-json\/wp\/v2\/product_cat?post=190"},{"taxonomy":"product_tag","embeddable":true,"href":"https:\/\/www.shavei.org\/ru\/wp-json\/wp\/v2\/product_tag?post=190"}],"curies":[{"name":"wp","href":"https:\/\/api.w.org\/{rel}","templated":true}]}}