{"id":180,"date":"2016-05-05T13:46:58","date_gmt":"2016-05-05T11:46:58","guid":{"rendered":"https:\/\/www.shavei.org\/product\/el-norte-de-sefarad\/"},"modified":"2023-07-14T00:39:03","modified_gmt":"2023-07-13T22:39:03","slug":"el-norte-de-sefarad","status":"publish","type":"product","link":"https:\/\/www.shavei.org\/pt-pt\/product\/el-norte-de-sefarad\/","title":{"rendered":"El Norte de Sefarad"},"content":{"rendered":"<p>Autores: Anun Barrious y Jose Manuel Laureiro<br \/>\nDise\u00f1ador grafico: Daniela Brandwain<br \/>\nEditor: Shavei Israel, 2005<br \/>\n40 p\u00e1ginas \/ De tapa blanda<br \/>\nEn Espa\u00f1ol<\/p>\n","protected":false},"excerpt":{"rendered":"<p><em>El norte de Sefarad<\/em> desea hacer llegar al gran p\u00fablico lo que signific\u00f3 y lo que significa la presencia jud\u00eda en diferentes enclaves del norte peninsular. E igualmente pretende ense\u00f1ar que la presencia jud\u00eda en Espa\u00f1a no fue interrumpida por el decreto de expulsi\u00f3n de 1492. Es un libro que transporta al lector y le permite adentrarse en los rincones tur\u00edsticos, hist\u00f3ricos, culturales y sociales de la huella de un pasado jud\u00edo aun latente en el norte de Sefarad.<\/p>\n","protected":false},"featured_media":119778,"comment_status":"closed","ping_status":"closed","template":"","meta":{"give_campaign_id":0,"_exactmetrics_skip_tracking":false,"_exactmetrics_sitenote_active":false,"_exactmetrics_sitenote_note":"","_exactmetrics_sitenote_category":0,"ngg_post_thumbnail":0},"product_brand":[],"product_cat":[2184,2183,2185],"product_tag":[2270,2284,2187],"class_list":{"0":"post-180","1":"product","2":"type-product","3":"status-publish","4":"has-post-thumbnail","6":"product_cat-espanol","7":"product_cat-idiomas","8":"product_cat-libros","9":"product_tag-bnei-anusim","10":"product_tag-espana","11":"product_tag-espanol","12":"product_shipping_class-registered-mail-he","14":"first","15":"instock","16":"taxable","17":"shipping-taxable","18":"purchasable","19":"product-type-simple"},"yoast_head":"<!-- This site is optimized with the Yoast SEO plugin v27.1.1 - https:\/\/yoast.com\/product\/yoast-seo-wordpress\/ -->\n<title>El Norte de Sefarad - Shavei Israel<\/title>\n<meta name=\"robots\" content=\"index, follow, max-snippet:-1, max-image-preview:large, max-video-preview:-1\" \/>\n<link rel=\"canonical\" href=\"https:\/\/www.shavei.org\/pt-pt\/product\/el-norte-de-sefarad\/\" \/>\n<meta property=\"og:locale\" content=\"en_US\" \/>\n<meta property=\"og:type\" content=\"article\" \/>\n<meta property=\"og:title\" content=\"El Norte de Sefarad - Shavei Israel\" \/>\n<meta property=\"og:description\" content=\"El norte de Sefarad desea hacer llegar al gran p\u00fablico lo que signific\u00f3 y lo que significa la presencia jud\u00eda en diferentes enclaves del norte peninsular. E igualmente pretende ense\u00f1ar que la presencia jud\u00eda en Espa\u00f1a no fue interrumpida por el decreto de expulsi\u00f3n de 1492. Es un libro que transporta al lector y le permite adentrarse en los rincones tur\u00edsticos, hist\u00f3ricos, culturales y sociales de la huella de un pasado jud\u00edo aun latente en el norte de Sefarad.\" \/>\n<meta property=\"og:url\" content=\"https:\/\/www.shavei.org\/it\/product\/el-norte-de-sefarad\/\" \/>\n<meta property=\"og:site_name\" content=\"Shavei Israel\" \/>\n<meta property=\"article:modified_time\" content=\"2023-07-13T22:39:03+00:00\" \/>\n<meta property=\"og:image\" content=\"https:\/\/www.shavei.org\/wp-content\/uploads\/2020\/12\/shavei-ES-norte-sefarad-3.jpg\" \/>\n\t<meta property=\"og:image:width\" content=\"540\" \/>\n\t<meta property=\"og:image:height\" content=\"396\" \/>\n\t<meta property=\"og:image:type\" content=\"image\/jpeg\" \/>\n<meta name=\"twitter:card\" content=\"summary_large_image\" \/>\n<script type=\"application\/ld+json\" class=\"yoast-schema-graph\">{\"@context\":\"https:\/\/schema.org\",\"@graph\":[{\"@type\":\"WebPage\",\"@id\":\"https:\/\/www.shavei.org\/it\/product\/el-norte-de-sefarad\/\",\"url\":\"https:\/\/www.shavei.org\/it\/product\/el-norte-de-sefarad\/\",\"name\":\"El Norte de Sefarad - Shavei Israel\",\"isPartOf\":{\"@id\":\"https:\/\/www.shavei.org\/#website\"},\"primaryImageOfPage\":{\"@id\":\"https:\/\/www.shavei.org\/it\/product\/el-norte-de-sefarad\/#primaryimage\"},\"image\":{\"@id\":\"https:\/\/www.shavei.org\/it\/product\/el-norte-de-sefarad\/#primaryimage\"},\"thumbnailUrl\":\"https:\/\/www.shavei.org\/wp-content\/uploads\/2020\/12\/shavei-ES-norte-sefarad-3.jpg\",\"datePublished\":\"2016-05-05T11:46:58+00:00\",\"dateModified\":\"2023-07-13T22:39:03+00:00\",\"breadcrumb\":{\"@id\":\"https:\/\/www.shavei.org\/it\/product\/el-norte-de-sefarad\/#breadcrumb\"},\"inLanguage\":\"sp\",\"potentialAction\":[{\"@type\":\"ReadAction\",\"target\":[\"https:\/\/www.shavei.org\/it\/product\/el-norte-de-sefarad\/\"]}]},{\"@type\":\"ImageObject\",\"inLanguage\":\"sp\",\"@id\":\"https:\/\/www.shavei.org\/it\/product\/el-norte-de-sefarad\/#primaryimage\",\"url\":\"https:\/\/www.shavei.org\/wp-content\/uploads\/2020\/12\/shavei-ES-norte-sefarad-3.jpg\",\"contentUrl\":\"https:\/\/www.shavei.org\/wp-content\/uploads\/2020\/12\/shavei-ES-norte-sefarad-3.jpg\",\"width\":540,\"height\":396,\"caption\":\"El Norte de Sefarad\"},{\"@type\":\"BreadcrumbList\",\"@id\":\"https:\/\/www.shavei.org\/it\/product\/el-norte-de-sefarad\/#breadcrumb\",\"itemListElement\":[{\"@type\":\"ListItem\",\"position\":1,\"name\":\"Home\",\"item\":\"https:\/\/www.shavei.org\/pt-pt\/\"},{\"@type\":\"ListItem\",\"position\":2,\"name\":\"Shop\",\"item\":\"https:\/\/www.shavei.org\/shop\/\"},{\"@type\":\"ListItem\",\"position\":3,\"name\":\"El Norte de Sefarad\"}]},{\"@type\":\"WebSite\",\"@id\":\"https:\/\/www.shavei.org\/#website\",\"url\":\"https:\/\/www.shavei.org\/\",\"name\":\"Shavei Israel\",\"description\":\"One nation, many faces. We help them all return.\",\"publisher\":{\"@id\":\"https:\/\/www.shavei.org\/#organization\"},\"potentialAction\":[{\"@type\":\"SearchAction\",\"target\":{\"@type\":\"EntryPoint\",\"urlTemplate\":\"https:\/\/www.shavei.org\/?s={search_term_string}\"},\"query-input\":{\"@type\":\"PropertyValueSpecification\",\"valueRequired\":true,\"valueName\":\"search_term_string\"}}],\"inLanguage\":\"sp\"},{\"@type\":\"Organization\",\"@id\":\"https:\/\/www.shavei.org\/#organization\",\"name\":\"Shavei Israel\",\"url\":\"https:\/\/www.shavei.org\/\",\"logo\":{\"@type\":\"ImageObject\",\"inLanguage\":\"sp\",\"@id\":\"https:\/\/www.shavei.org\/#\/schema\/logo\/image\/\",\"url\":\"https:\/\/www.shavei.org\/wp-content\/uploads\/2017\/10\/shavei-logo.jpg\",\"contentUrl\":\"https:\/\/www.shavei.org\/wp-content\/uploads\/2017\/10\/shavei-logo.jpg\",\"width\":300,\"height\":285,\"caption\":\"Shavei Israel\"},\"image\":{\"@id\":\"https:\/\/www.shavei.org\/#\/schema\/logo\/image\/\"}}]}<\/script>\n<!-- \/ Yoast SEO plugin. -->","yoast_head_json":{"title":"El Norte de Sefarad - Shavei Israel","robots":{"index":"index","follow":"follow","max-snippet":"max-snippet:-1","max-image-preview":"max-image-preview:large","max-video-preview":"max-video-preview:-1"},"canonical":"https:\/\/www.shavei.org\/pt-pt\/product\/el-norte-de-sefarad\/","og_locale":"en_US","og_type":"article","og_title":"El Norte de Sefarad - Shavei Israel","og_description":"El norte de Sefarad desea hacer llegar al gran p\u00fablico lo que signific\u00f3 y lo que significa la presencia jud\u00eda en diferentes enclaves del norte peninsular. E igualmente pretende ense\u00f1ar que la presencia jud\u00eda en Espa\u00f1a no fue interrumpida por el decreto de expulsi\u00f3n de 1492. Es un libro que transporta al lector y le permite adentrarse en los rincones tur\u00edsticos, hist\u00f3ricos, culturales y sociales de la huella de un pasado jud\u00edo aun latente en el norte de Sefarad.","og_url":"https:\/\/www.shavei.org\/it\/product\/el-norte-de-sefarad\/","og_site_name":"Shavei Israel","article_modified_time":"2023-07-13T22:39:03+00:00","og_image":[{"width":540,"height":396,"url":"https:\/\/www.shavei.org\/wp-content\/uploads\/2020\/12\/shavei-ES-norte-sefarad-3.jpg","type":"image\/jpeg"}],"twitter_card":"summary_large_image","schema":{"@context":"https:\/\/schema.org","@graph":[{"@type":"WebPage","@id":"https:\/\/www.shavei.org\/it\/product\/el-norte-de-sefarad\/","url":"https:\/\/www.shavei.org\/it\/product\/el-norte-de-sefarad\/","name":"El Norte de Sefarad - Shavei Israel","isPartOf":{"@id":"https:\/\/www.shavei.org\/#website"},"primaryImageOfPage":{"@id":"https:\/\/www.shavei.org\/it\/product\/el-norte-de-sefarad\/#primaryimage"},"image":{"@id":"https:\/\/www.shavei.org\/it\/product\/el-norte-de-sefarad\/#primaryimage"},"thumbnailUrl":"https:\/\/www.shavei.org\/wp-content\/uploads\/2020\/12\/shavei-ES-norte-sefarad-3.jpg","datePublished":"2016-05-05T11:46:58+00:00","dateModified":"2023-07-13T22:39:03+00:00","breadcrumb":{"@id":"https:\/\/www.shavei.org\/it\/product\/el-norte-de-sefarad\/#breadcrumb"},"inLanguage":"sp","potentialAction":[{"@type":"ReadAction","target":["https:\/\/www.shavei.org\/it\/product\/el-norte-de-sefarad\/"]}]},{"@type":"ImageObject","inLanguage":"sp","@id":"https:\/\/www.shavei.org\/it\/product\/el-norte-de-sefarad\/#primaryimage","url":"https:\/\/www.shavei.org\/wp-content\/uploads\/2020\/12\/shavei-ES-norte-sefarad-3.jpg","contentUrl":"https:\/\/www.shavei.org\/wp-content\/uploads\/2020\/12\/shavei-ES-norte-sefarad-3.jpg","width":540,"height":396,"caption":"El Norte de Sefarad"},{"@type":"BreadcrumbList","@id":"https:\/\/www.shavei.org\/it\/product\/el-norte-de-sefarad\/#breadcrumb","itemListElement":[{"@type":"ListItem","position":1,"name":"Home","item":"https:\/\/www.shavei.org\/pt-pt\/"},{"@type":"ListItem","position":2,"name":"Shop","item":"https:\/\/www.shavei.org\/shop\/"},{"@type":"ListItem","position":3,"name":"El Norte de Sefarad"}]},{"@type":"WebSite","@id":"https:\/\/www.shavei.org\/#website","url":"https:\/\/www.shavei.org\/","name":"Shavei Israel","description":"One nation, many faces. We help them all return.","publisher":{"@id":"https:\/\/www.shavei.org\/#organization"},"potentialAction":[{"@type":"SearchAction","target":{"@type":"EntryPoint","urlTemplate":"https:\/\/www.shavei.org\/?s={search_term_string}"},"query-input":{"@type":"PropertyValueSpecification","valueRequired":true,"valueName":"search_term_string"}}],"inLanguage":"sp"},{"@type":"Organization","@id":"https:\/\/www.shavei.org\/#organization","name":"Shavei Israel","url":"https:\/\/www.shavei.org\/","logo":{"@type":"ImageObject","inLanguage":"sp","@id":"https:\/\/www.shavei.org\/#\/schema\/logo\/image\/","url":"https:\/\/www.shavei.org\/wp-content\/uploads\/2017\/10\/shavei-logo.jpg","contentUrl":"https:\/\/www.shavei.org\/wp-content\/uploads\/2017\/10\/shavei-logo.jpg","width":300,"height":285,"caption":"Shavei Israel"},"image":{"@id":"https:\/\/www.shavei.org\/#\/schema\/logo\/image\/"}}]}},"_links":{"self":[{"href":"https:\/\/www.shavei.org\/pt-pt\/wp-json\/wp\/v2\/product\/180","targetHints":{"allow":["GET"]}}],"collection":[{"href":"https:\/\/www.shavei.org\/pt-pt\/wp-json\/wp\/v2\/product"}],"about":[{"href":"https:\/\/www.shavei.org\/pt-pt\/wp-json\/wp\/v2\/types\/product"}],"replies":[{"embeddable":true,"href":"https:\/\/www.shavei.org\/pt-pt\/wp-json\/wp\/v2\/comments?post=180"}],"wp:featuredmedia":[{"embeddable":true,"href":"https:\/\/www.shavei.org\/pt-pt\/wp-json\/wp\/v2\/media\/119778"}],"wp:attachment":[{"href":"https:\/\/www.shavei.org\/pt-pt\/wp-json\/wp\/v2\/media?parent=180"}],"wp:term":[{"taxonomy":"product_brand","embeddable":true,"href":"https:\/\/www.shavei.org\/pt-pt\/wp-json\/wp\/v2\/product_brand?post=180"},{"taxonomy":"product_cat","embeddable":true,"href":"https:\/\/www.shavei.org\/pt-pt\/wp-json\/wp\/v2\/product_cat?post=180"},{"taxonomy":"product_tag","embeddable":true,"href":"https:\/\/www.shavei.org\/pt-pt\/wp-json\/wp\/v2\/product_tag?post=180"}],"curies":[{"name":"wp","href":"https:\/\/api.w.org\/{rel}","templated":true}]}}