{"id":15641,"date":"2016-07-11T10:05:51","date_gmt":"2016-07-11T08:05:51","guid":{"rendered":"https:\/\/www.shavei.org\/product\/rollos-de-la-tora-altas-festividades-bnei-menashe\/"},"modified":"2021-05-09T12:30:37","modified_gmt":"2021-05-09T10:30:37","slug":"rollos-de-la-tora-altas-festividades-bnei-menashe","status":"publish","type":"product","link":"https:\/\/www.shavei.org\/pt-pt\/product\/rollos-de-la-tora-altas-festividades-bnei-menashe\/","title":{"rendered":"Rollos de la Tor\u00e1: Altas Festividades (Bnei Menash\u00e9)"},"content":{"rendered":"<p>Publicado por Shavei Israel, 2015<br \/>\n64 p\u00e1ginas<br \/>\nTapa blanda todo color<br \/>\nIlustrado<\/p>\n","protected":false},"excerpt":{"rendered":"<p>Esta especial gu\u00eda para las altas festividades, est\u00e1 destinada a los Bnei Menash\u00e9, descendientes de una de las diez tribus perdidas. El libro trata las lecturas de la Tor\u00e1 desde Rosh Jodesh hasta Yom Kipur, en hebreo, kuki-mizo y fon\u00e9tica.<\/p>\n<p><a href=\"https:\/\/www.shavei.org\/es\/about-us\/contact\/\">Cont\u00e1ctenos<\/a> para compras por mayor y descuentos educativos. Las im\u00e1genes son un ejemplo y pueden no ser una reproducci\u00f3n exacta del producto que recibir\u00e1.<\/p>\n","protected":false},"featured_media":119457,"comment_status":"closed","ping_status":"closed","template":"","meta":{"give_campaign_id":0,"_exactmetrics_skip_tracking":false,"_exactmetrics_sitenote_active":false,"_exactmetrics_sitenote_note":"","_exactmetrics_sitenote_category":0,"ngg_post_thumbnail":0},"product_brand":[],"product_cat":[2406,2183,2185,2296],"product_tag":[2300,2301,2211,2344,2213,2214,2265,2303],"class_list":{"0":"post-15641","1":"product","2":"type-product","3":"status-publish","4":"has-post-thumbnail","6":"product_cat-guias-festividades-y-tradiciones","7":"product_cat-idiomas","8":"product_cat-libros","9":"product_cat-mizo-y-kuki","10":"product_tag-altas-festividades","11":"product_tag-arrepentimiento","12":"product_tag-bnei-menashe","13":"product_tag-elul","14":"product_tag-kuki","15":"product_tag-mizo","16":"product_tag-plegarias","17":"product_tag-yom-kipur","18":"product_shipping_class-registered-mail-he","20":"first","21":"instock","22":"taxable","23":"shipping-taxable","24":"purchasable","25":"product-type-simple"},"yoast_head":"<!-- This site is optimized with the Yoast SEO plugin v27.1.1 - https:\/\/yoast.com\/product\/yoast-seo-wordpress\/ -->\n<title>Rollos de la Tor\u00e1: Altas Festividades (Bnei Menash\u00e9) - Shavei Israel<\/title>\n<meta name=\"robots\" content=\"index, follow, max-snippet:-1, max-image-preview:large, max-video-preview:-1\" \/>\n<link rel=\"canonical\" href=\"https:\/\/www.shavei.org\/pt-pt\/product\/rollos-de-la-tora-altas-festividades-bnei-menashe\/\" \/>\n<meta property=\"og:locale\" content=\"en_US\" \/>\n<meta property=\"og:type\" content=\"article\" \/>\n<meta property=\"og:title\" content=\"Rollos de la Tor\u00e1: Altas Festividades (Bnei Menash\u00e9) - Shavei Israel\" \/>\n<meta property=\"og:description\" content=\"Esta especial gu\u00eda para las altas festividades, est\u00e1 destinada a los Bnei Menash\u00e9, descendientes de una de las diez tribus perdidas. El libro trata las lecturas de la Tor\u00e1 desde Rosh Jodesh hasta Yom Kipur, en hebreo, kuki-mizo y fon\u00e9tica.  Cont\u00e1ctenos para compras por mayor y descuentos educativos. Las im\u00e1genes son un ejemplo y pueden no ser una reproducci\u00f3n exacta del producto que recibir\u00e1.\" \/>\n<meta property=\"og:url\" content=\"https:\/\/www.shavei.org\/product\/rollos-de-la-tora-altas-festividades-bnei-menashe\/\" \/>\n<meta property=\"og:site_name\" content=\"Shavei Israel\" \/>\n<meta property=\"article:modified_time\" content=\"2021-05-09T10:30:37+00:00\" \/>\n<meta property=\"og:image\" content=\"https:\/\/www.shavei.org\/wp-content\/uploads\/2020\/12\/shavei-BM-festYomKippur-KukiMizo.jpg\" \/>\n\t<meta property=\"og:image:width\" content=\"1\" \/>\n\t<meta property=\"og:image:height\" content=\"1\" \/>\n\t<meta property=\"og:image:type\" content=\"image\/jpeg\" \/>\n<meta name=\"twitter:card\" content=\"summary_large_image\" \/>\n<script type=\"application\/ld+json\" class=\"yoast-schema-graph\">{\"@context\":\"https:\/\/schema.org\",\"@graph\":[{\"@type\":\"WebPage\",\"@id\":\"https:\/\/www.shavei.org\/product\/rollos-de-la-tora-altas-festividades-bnei-menashe\/\",\"url\":\"https:\/\/www.shavei.org\/product\/rollos-de-la-tora-altas-festividades-bnei-menashe\/\",\"name\":\"Rollos de la Tor\u00e1: Altas Festividades (Bnei Menash\u00e9) - Shavei Israel\",\"isPartOf\":{\"@id\":\"https:\/\/www.shavei.org\/#website\"},\"primaryImageOfPage\":{\"@id\":\"https:\/\/www.shavei.org\/product\/rollos-de-la-tora-altas-festividades-bnei-menashe\/#primaryimage\"},\"image\":{\"@id\":\"https:\/\/www.shavei.org\/product\/rollos-de-la-tora-altas-festividades-bnei-menashe\/#primaryimage\"},\"thumbnailUrl\":\"https:\/\/www.shavei.org\/wp-content\/uploads\/2020\/12\/shavei-BM-festYomKippur-KukiMizo.jpg\",\"datePublished\":\"2016-07-11T08:05:51+00:00\",\"dateModified\":\"2021-05-09T10:30:37+00:00\",\"breadcrumb\":{\"@id\":\"https:\/\/www.shavei.org\/product\/rollos-de-la-tora-altas-festividades-bnei-menashe\/#breadcrumb\"},\"inLanguage\":\"sp\",\"potentialAction\":[{\"@type\":\"ReadAction\",\"target\":[\"https:\/\/www.shavei.org\/product\/rollos-de-la-tora-altas-festividades-bnei-menashe\/\"]}]},{\"@type\":\"ImageObject\",\"inLanguage\":\"sp\",\"@id\":\"https:\/\/www.shavei.org\/product\/rollos-de-la-tora-altas-festividades-bnei-menashe\/#primaryimage\",\"url\":\"https:\/\/www.shavei.org\/wp-content\/uploads\/2020\/12\/shavei-BM-festYomKippur-KukiMizo.jpg\",\"contentUrl\":\"https:\/\/www.shavei.org\/wp-content\/uploads\/2020\/12\/shavei-BM-festYomKippur-KukiMizo.jpg\",\"caption\":\"Rollos de la Tor\u00e1: Altas Festividades (Bnei Menash\u00e9)\"},{\"@type\":\"BreadcrumbList\",\"@id\":\"https:\/\/www.shavei.org\/product\/rollos-de-la-tora-altas-festividades-bnei-menashe\/#breadcrumb\",\"itemListElement\":[{\"@type\":\"ListItem\",\"position\":1,\"name\":\"Home\",\"item\":\"https:\/\/www.shavei.org\/pt-pt\/\"},{\"@type\":\"ListItem\",\"position\":2,\"name\":\"Shop\",\"item\":\"https:\/\/www.shavei.org\/shop\/\"},{\"@type\":\"ListItem\",\"position\":3,\"name\":\"Rollos de la Tor\u00e1: Altas Festividades (Bnei Menash\u00e9)\"}]},{\"@type\":\"WebSite\",\"@id\":\"https:\/\/www.shavei.org\/#website\",\"url\":\"https:\/\/www.shavei.org\/\",\"name\":\"Shavei Israel\",\"description\":\"One nation, many faces. We help them all return.\",\"publisher\":{\"@id\":\"https:\/\/www.shavei.org\/#organization\"},\"potentialAction\":[{\"@type\":\"SearchAction\",\"target\":{\"@type\":\"EntryPoint\",\"urlTemplate\":\"https:\/\/www.shavei.org\/?s={search_term_string}\"},\"query-input\":{\"@type\":\"PropertyValueSpecification\",\"valueRequired\":true,\"valueName\":\"search_term_string\"}}],\"inLanguage\":\"sp\"},{\"@type\":\"Organization\",\"@id\":\"https:\/\/www.shavei.org\/#organization\",\"name\":\"Shavei Israel\",\"url\":\"https:\/\/www.shavei.org\/\",\"logo\":{\"@type\":\"ImageObject\",\"inLanguage\":\"sp\",\"@id\":\"https:\/\/www.shavei.org\/#\/schema\/logo\/image\/\",\"url\":\"https:\/\/www.shavei.org\/wp-content\/uploads\/2017\/10\/shavei-logo.jpg\",\"contentUrl\":\"https:\/\/www.shavei.org\/wp-content\/uploads\/2017\/10\/shavei-logo.jpg\",\"width\":300,\"height\":285,\"caption\":\"Shavei Israel\"},\"image\":{\"@id\":\"https:\/\/www.shavei.org\/#\/schema\/logo\/image\/\"}}]}<\/script>\n<!-- \/ Yoast SEO plugin. -->","yoast_head_json":{"title":"Rollos de la Tor\u00e1: Altas Festividades (Bnei Menash\u00e9) - Shavei Israel","robots":{"index":"index","follow":"follow","max-snippet":"max-snippet:-1","max-image-preview":"max-image-preview:large","max-video-preview":"max-video-preview:-1"},"canonical":"https:\/\/www.shavei.org\/pt-pt\/product\/rollos-de-la-tora-altas-festividades-bnei-menashe\/","og_locale":"en_US","og_type":"article","og_title":"Rollos de la Tor\u00e1: Altas Festividades (Bnei Menash\u00e9) - Shavei Israel","og_description":"Esta especial gu\u00eda para las altas festividades, est\u00e1 destinada a los Bnei Menash\u00e9, descendientes de una de las diez tribus perdidas. El libro trata las lecturas de la Tor\u00e1 desde Rosh Jodesh hasta Yom Kipur, en hebreo, kuki-mizo y fon\u00e9tica.  Cont\u00e1ctenos para compras por mayor y descuentos educativos. Las im\u00e1genes son un ejemplo y pueden no ser una reproducci\u00f3n exacta del producto que recibir\u00e1.","og_url":"https:\/\/www.shavei.org\/product\/rollos-de-la-tora-altas-festividades-bnei-menashe\/","og_site_name":"Shavei Israel","article_modified_time":"2021-05-09T10:30:37+00:00","og_image":[{"url":"https:\/\/www.shavei.org\/wp-content\/uploads\/2020\/12\/shavei-BM-festYomKippur-KukiMizo.jpg","width":1,"height":1,"type":"image\/jpeg"}],"twitter_card":"summary_large_image","schema":{"@context":"https:\/\/schema.org","@graph":[{"@type":"WebPage","@id":"https:\/\/www.shavei.org\/product\/rollos-de-la-tora-altas-festividades-bnei-menashe\/","url":"https:\/\/www.shavei.org\/product\/rollos-de-la-tora-altas-festividades-bnei-menashe\/","name":"Rollos de la Tor\u00e1: Altas Festividades (Bnei Menash\u00e9) - Shavei Israel","isPartOf":{"@id":"https:\/\/www.shavei.org\/#website"},"primaryImageOfPage":{"@id":"https:\/\/www.shavei.org\/product\/rollos-de-la-tora-altas-festividades-bnei-menashe\/#primaryimage"},"image":{"@id":"https:\/\/www.shavei.org\/product\/rollos-de-la-tora-altas-festividades-bnei-menashe\/#primaryimage"},"thumbnailUrl":"https:\/\/www.shavei.org\/wp-content\/uploads\/2020\/12\/shavei-BM-festYomKippur-KukiMizo.jpg","datePublished":"2016-07-11T08:05:51+00:00","dateModified":"2021-05-09T10:30:37+00:00","breadcrumb":{"@id":"https:\/\/www.shavei.org\/product\/rollos-de-la-tora-altas-festividades-bnei-menashe\/#breadcrumb"},"inLanguage":"sp","potentialAction":[{"@type":"ReadAction","target":["https:\/\/www.shavei.org\/product\/rollos-de-la-tora-altas-festividades-bnei-menashe\/"]}]},{"@type":"ImageObject","inLanguage":"sp","@id":"https:\/\/www.shavei.org\/product\/rollos-de-la-tora-altas-festividades-bnei-menashe\/#primaryimage","url":"https:\/\/www.shavei.org\/wp-content\/uploads\/2020\/12\/shavei-BM-festYomKippur-KukiMizo.jpg","contentUrl":"https:\/\/www.shavei.org\/wp-content\/uploads\/2020\/12\/shavei-BM-festYomKippur-KukiMizo.jpg","caption":"Rollos de la Tor\u00e1: Altas Festividades (Bnei Menash\u00e9)"},{"@type":"BreadcrumbList","@id":"https:\/\/www.shavei.org\/product\/rollos-de-la-tora-altas-festividades-bnei-menashe\/#breadcrumb","itemListElement":[{"@type":"ListItem","position":1,"name":"Home","item":"https:\/\/www.shavei.org\/pt-pt\/"},{"@type":"ListItem","position":2,"name":"Shop","item":"https:\/\/www.shavei.org\/shop\/"},{"@type":"ListItem","position":3,"name":"Rollos de la Tor\u00e1: Altas Festividades (Bnei Menash\u00e9)"}]},{"@type":"WebSite","@id":"https:\/\/www.shavei.org\/#website","url":"https:\/\/www.shavei.org\/","name":"Shavei Israel","description":"One nation, many faces. We help them all return.","publisher":{"@id":"https:\/\/www.shavei.org\/#organization"},"potentialAction":[{"@type":"SearchAction","target":{"@type":"EntryPoint","urlTemplate":"https:\/\/www.shavei.org\/?s={search_term_string}"},"query-input":{"@type":"PropertyValueSpecification","valueRequired":true,"valueName":"search_term_string"}}],"inLanguage":"sp"},{"@type":"Organization","@id":"https:\/\/www.shavei.org\/#organization","name":"Shavei Israel","url":"https:\/\/www.shavei.org\/","logo":{"@type":"ImageObject","inLanguage":"sp","@id":"https:\/\/www.shavei.org\/#\/schema\/logo\/image\/","url":"https:\/\/www.shavei.org\/wp-content\/uploads\/2017\/10\/shavei-logo.jpg","contentUrl":"https:\/\/www.shavei.org\/wp-content\/uploads\/2017\/10\/shavei-logo.jpg","width":300,"height":285,"caption":"Shavei Israel"},"image":{"@id":"https:\/\/www.shavei.org\/#\/schema\/logo\/image\/"}}]}},"_links":{"self":[{"href":"https:\/\/www.shavei.org\/pt-pt\/wp-json\/wp\/v2\/product\/15641","targetHints":{"allow":["GET"]}}],"collection":[{"href":"https:\/\/www.shavei.org\/pt-pt\/wp-json\/wp\/v2\/product"}],"about":[{"href":"https:\/\/www.shavei.org\/pt-pt\/wp-json\/wp\/v2\/types\/product"}],"replies":[{"embeddable":true,"href":"https:\/\/www.shavei.org\/pt-pt\/wp-json\/wp\/v2\/comments?post=15641"}],"wp:featuredmedia":[{"embeddable":true,"href":"https:\/\/www.shavei.org\/pt-pt\/wp-json\/wp\/v2\/media\/119457"}],"wp:attachment":[{"href":"https:\/\/www.shavei.org\/pt-pt\/wp-json\/wp\/v2\/media?parent=15641"}],"wp:term":[{"taxonomy":"product_brand","embeddable":true,"href":"https:\/\/www.shavei.org\/pt-pt\/wp-json\/wp\/v2\/product_brand?post=15641"},{"taxonomy":"product_cat","embeddable":true,"href":"https:\/\/www.shavei.org\/pt-pt\/wp-json\/wp\/v2\/product_cat?post=15641"},{"taxonomy":"product_tag","embeddable":true,"href":"https:\/\/www.shavei.org\/pt-pt\/wp-json\/wp\/v2\/product_tag?post=15641"}],"curies":[{"name":"wp","href":"https:\/\/api.w.org\/{rel}","templated":true}]}}