{"id":134678,"date":"2021-05-20T22:16:29","date_gmt":"2021-05-20T20:16:29","guid":{"rendered":"https:\/\/www.shavei.org\/home\/"},"modified":"2021-05-20T22:16:29","modified_gmt":"2021-05-20T20:16:29","slug":"home","status":"publish","type":"page","link":"https:\/\/www.shavei.org\/pt-pt\/home\/","title":{"rendered":"Home"},"content":{"rendered":"<div class=\"wpb-content-wrapper\"><p>[vc_row][vc_column][vc_empty_space height=&#8221;80&#8243;][\/vc_column][\/vc_row][vc_row equal_height=&#8221;yes&#8221; content_placement=&#8221;middle&#8221;][vc_column css=&#8221;.vc_custom_1549644442557{padding-bottom: 40px !important;}&#8221;][vc_column_text]La comunidad jud\u00eda medieval en Espa\u00f1a era una de las m\u00e1s antiguas, florecientes y fruct\u00edferas. Sin Embargo, a partir de 1391 terribles disturbios contra los jud\u00edos tuvieron lugar, tras lo cual sobrevinieron varias olas de conversiones forzadas al catolicismo. En 1480 comenz\u00f3 a funcionar el tribunal del Santo Oficio de la Iglesia Cat\u00f3lica llamado tambi\u00e9n el tribunal de la Inquisici\u00f3n en Espa\u00f1a, el cual persigui\u00f3, entre otros delitos, a los conversos que presuntamente segu\u00edan conservando el juda\u00edsmo.[\/vc_column_text][\/vc_column][\/vc_row][vc_row][vc_column][vc_empty_space height=&#8221;80&#8243;][\/vc_column][\/vc_row][vc_row bg_type=&#8221;bg_color&#8221; bg_override=&#8221;ex-full&#8221; bg_color_value=&#8221;#514c6a&#8221;][vc_column css=&#8221;.vc_custom_1550505753589{padding-top: 70px !important;padding-bottom: 80px !important;}&#8221; offset=&#8221;vc_col-lg-offset-0 vc_col-md-offset-0&#8243;][ultimate_heading main_heading=&#8221;En esta secci\u00f3n Beit Anusim contiene:&#8221; heading_tag=&#8221;h3&#8243; main_heading_color=&#8221;#ffffff&#8221; main_heading_style=&#8221;font-weight:bold;&#8221; main_heading_font_size=&#8221;desktop:34px;&#8221; main_heading_line_height=&#8221;desktop:44px;&#8221; margin_design_tab_text=&#8221;&#8221;][\/ultimate_heading][\/vc_column][\/vc_row][vc_row bg_type=&#8221;bg_color&#8221; bg_override=&#8221;ex-full&#8221; bg_color_value=&#8221;#514c6a&#8221;][vc_column width=&#8221;1\/5&#8243; css=&#8221;.vc_custom_1604480905961{padding-top: 20px !important;padding-right: 30px !important;padding-bottom: 20px !important;padding-left: 30px !important;}&#8221;][just_icon icon=&#8221;far fa-calendar-alt&#8221; icon_size=&#8221;50&#8243; icon_color=&#8221;#ffffff&#8221; icon_style=&#8221;advanced&#8221; icon_color_bg=&#8221;rgba(255,255,255,0.01)&#8221; icon_border_style=&#8221;solid&#8221; icon_color_border=&#8221;rgba(255,255,255,0.3)&#8221; icon_border_size=&#8221;4&#8243; icon_border_radius=&#8221;5&#8243; icon_border_spacing=&#8221;100&#8243; icon_link=&#8221;url:http%3A%2F%2Fcasa-anusim.shavei.org%2Factividades%2F|title:Actividades&#8221;][ultimate_heading main_heading=&#8221;Actividades&#8221; heading_tag=&#8221;h4&#8243; main_heading_color=&#8221;#ffffff&#8221; sub_heading_color=&#8221;#ffffff&#8221; main_heading_style=&#8221;font-weight:bold;&#8221; main_heading_margin=&#8221;margin-top:15px;margin-bottom:10px;&#8221;][\/ultimate_heading][\/vc_column][vc_column width=&#8221;1\/5&#8243; css=&#8221;.vc_custom_1604480915493{padding-top: 20px !important;padding-right: 30px !important;padding-bottom: 20px !important;padding-left: 30px !important;}&#8221;][just_icon icon=&#8221;far fa-user-circle&#8221; icon_size=&#8221;50&#8243; icon_color=&#8221;#ffffff&#8221; icon_style=&#8221;advanced&#8221; icon_color_bg=&#8221;rgba(255,255,255,0.01)&#8221; icon_border_style=&#8221;solid&#8221; icon_color_border=&#8221;rgba(255,255,255,0.3)&#8221; icon_border_size=&#8221;4&#8243; icon_border_radius=&#8221;5&#8243; icon_border_spacing=&#8221;100&#8243; icon_link=&#8221;url:http%3A%2F%2Fcasa-anusim.shavei.org%2Fapellidos%2F|title:Home&#8221;][ultimate_heading main_heading=&#8221;Apellidos&#8221; heading_tag=&#8221;h4&#8243; main_heading_color=&#8221;#ffffff&#8221; sub_heading_color=&#8221;#ffffff&#8221; main_heading_style=&#8221;font-weight:bold;&#8221; main_heading_margin=&#8221;margin-top:15px;margin-bottom:10px;&#8221;][\/ultimate_heading][\/vc_column][vc_column width=&#8221;1\/5&#8243; css=&#8221;.vc_custom_1550512306047{padding-top: 20px !important;padding-right: 30px !important;padding-bottom: 20px !important;padding-left: 30px !important;}&#8221;][just_icon icon=&#8221;far fa-newspaper&#8221; icon_size=&#8221;50&#8243; icon_color=&#8221;#ffffff&#8221; icon_style=&#8221;advanced&#8221; icon_color_bg=&#8221;rgba(255,255,255,0.01)&#8221; icon_border_style=&#8221;solid&#8221; icon_color_border=&#8221;rgba(255,255,255,0.3)&#8221; icon_border_size=&#8221;4&#8243; icon_border_radius=&#8221;5&#8243; icon_border_spacing=&#8221;100&#8243; icon_link=&#8221;url:http%3A%2F%2Fcasa-anusim.shavei.org%2Farticulos%2F|title:Art%C3%ADculos%20sobre%20Anusim&#8221;][ultimate_heading main_heading=&#8221;Art\u00edculos&#8221; heading_tag=&#8221;h4&#8243; main_heading_color=&#8221;#ffffff&#8221; sub_heading_color=&#8221;#ffffff&#8221; main_heading_style=&#8221;font-weight:bold;&#8221; main_heading_margin=&#8221;margin-top:15px;margin-bottom:10px;&#8221; margin_design_tab_text=&#8221;&#8221;][\/ultimate_heading][\/vc_column][vc_column width=&#8221;1\/5&#8243; css=&#8221;.vc_custom_1606297203575{padding-top: 20px !important;padding-right: 30px !important;padding-bottom: 20px !important;padding-left: 30px !important;}&#8221;][just_icon icon=&#8221;fas fa-headphones&#8221; icon_size=&#8221;50&#8243; icon_color=&#8221;#ffffff&#8221; icon_style=&#8221;advanced&#8221; icon_color_bg=&#8221;rgba(255,255,255,0.01)&#8221; icon_border_style=&#8221;solid&#8221; icon_color_border=&#8221;rgba(255,255,255,0.3)&#8221; icon_border_size=&#8221;4&#8243; icon_border_radius=&#8221;5&#8243; icon_border_spacing=&#8221;100&#8243; icon_link=&#8221;url:http%3A%2F%2Fcasa-anusim.shavei.org%2Faudio%2F|title:Audio&#8221;][ultimate_heading main_heading=&#8221;Audio&#8221; heading_tag=&#8221;h4&#8243; main_heading_color=&#8221;#ffffff&#8221; sub_heading_color=&#8221;#ffffff&#8221; main_heading_style=&#8221;font-weight:bold;&#8221; main_heading_margin=&#8221;margin-top:15px;margin-bottom:10px;&#8221;][\/ultimate_heading][\/vc_column][vc_column width=&#8221;1\/5&#8243; css=&#8221;.vc_custom_1606297219023{padding-top: 20px !important;padding-right: 30px !important;padding-bottom: 20px !important;padding-left: 30px !important;}&#8221;][just_icon icon=&#8221;fas fa-film&#8221; icon_size=&#8221;50&#8243; icon_color=&#8221;#ffffff&#8221; icon_style=&#8221;advanced&#8221; icon_color_bg=&#8221;rgba(255,255,255,0.01)&#8221; icon_border_style=&#8221;solid&#8221; icon_color_border=&#8221;rgba(255,255,255,0.3)&#8221; icon_border_size=&#8221;4&#8243; icon_border_radius=&#8221;5&#8243; icon_border_spacing=&#8221;100&#8243;][ultimate_heading main_heading=&#8221;Galer\u00eda&#8221; heading_tag=&#8221;h4&#8243; main_heading_color=&#8221;#ffffff&#8221; sub_heading_color=&#8221;#ffffff&#8221; main_heading_style=&#8221;font-weight:bold;&#8221; main_heading_margin=&#8221;margin-top:15px;margin-bottom:10px;&#8221; margin_design_tab_text=&#8221;&#8221;][\/ultimate_heading][\/vc_column][\/vc_row][vc_row equal_height=&#8221;yes&#8221; content_placement=&#8221;top&#8221; bg_type=&#8221;bg_color&#8221; bg_override=&#8221;ex-full&#8221; css=&#8221;.vc_custom_1606298954263{padding-bottom: 40px !important;}&#8221; bg_color_value=&#8221;#514c6a&#8221;][vc_column width=&#8221;1\/5&#8243; css=&#8221;.vc_custom_1604480905961{padding-top: 20px !important;padding-right: 30px !important;padding-bottom: 20px !important;padding-left: 30px !important;}&#8221;][just_icon icon=&#8221;fas fa-history&#8221; icon_size=&#8221;50&#8243; icon_color=&#8221;#ffffff&#8221; icon_style=&#8221;advanced&#8221; icon_color_bg=&#8221;rgba(255,255,255,0.01)&#8221; icon_border_style=&#8221;solid&#8221; icon_color_border=&#8221;rgba(255,255,255,0.3)&#8221; icon_border_size=&#8221;4&#8243; icon_border_radius=&#8221;5&#8243; icon_border_spacing=&#8221;100&#8243; icon_link=&#8221;url:http%3A%2F%2Fcasa-anusim.shavei.org%2Fhistoria-de-los-anusim%2F|title:Historia%20de%20los%20Anusim&#8221;][ultimate_heading main_heading=&#8221;Historia&#8221; heading_tag=&#8221;h4&#8243; main_heading_color=&#8221;#ffffff&#8221; sub_heading_color=&#8221;#ffffff&#8221; main_heading_style=&#8221;font-weight:bold;&#8221; main_heading_margin=&#8221;margin-top:15px;margin-bottom:10px;&#8221;][\/ultimate_heading][\/vc_column][vc_column width=&#8221;1\/5&#8243; css=&#8221;.vc_custom_1604480915493{padding-top: 20px !important;padding-right: 30px !important;padding-bottom: 20px !important;padding-left: 30px !important;}&#8221;][just_icon icon=&#8221;fas fa-star-of-david&#8221; icon_size=&#8221;50&#8243; icon_color=&#8221;#ffffff&#8221; icon_style=&#8221;advanced&#8221; icon_color_bg=&#8221;rgba(255,255,255,0.01)&#8221; icon_border_style=&#8221;solid&#8221; icon_color_border=&#8221;rgba(255,255,255,0.3)&#8221; icon_border_size=&#8221;4&#8243; icon_border_radius=&#8221;5&#8243; icon_border_spacing=&#8221;100&#8243;][ultimate_heading main_heading=&#8221;Juder\u00edas&#8221; heading_tag=&#8221;h4&#8243; main_heading_color=&#8221;#ffffff&#8221; sub_heading_color=&#8221;#ffffff&#8221; main_heading_style=&#8221;font-weight:bold;&#8221; main_heading_margin=&#8221;margin-top:15px;margin-bottom:10px;&#8221; margin_design_tab_text=&#8221;&#8221;][\/ultimate_heading][\/vc_column][vc_column width=&#8221;1\/5&#8243; css=&#8221;.vc_custom_1550512306047{padding-top: 20px !important;padding-right: 30px !important;padding-bottom: 20px !important;padding-left: 30px !important;}&#8221;][just_icon icon=&#8221;fas fa-language&#8221; icon_size=&#8221;50&#8243; icon_color=&#8221;#ffffff&#8221; icon_style=&#8221;advanced&#8221; icon_color_bg=&#8221;rgba(255,255,255,0.01)&#8221; icon_border_style=&#8221;solid&#8221; icon_color_border=&#8221;rgba(255,255,255,0.3)&#8221; icon_border_size=&#8221;4&#8243; icon_border_radius=&#8221;5&#8243; icon_border_spacing=&#8221;100&#8243; icon_link=&#8221;url:http%3A%2F%2Fcasa-anusim.shavei.org%2Fladino%2F|title:Ladino&#8221;][ultimate_heading main_heading=&#8221;Ladino&#8221; heading_tag=&#8221;h4&#8243; main_heading_color=&#8221;#ffffff&#8221; sub_heading_color=&#8221;#ffffff&#8221; main_heading_style=&#8221;font-weight:bold;&#8221; main_heading_margin=&#8221;margin-top:15px;margin-bottom:10px;&#8221;][\/ultimate_heading][\/vc_column][vc_column width=&#8221;1\/5&#8243; css=&#8221;.vc_custom_1606297248358{padding-top: 20px !important;padding-right: 30px !important;padding-bottom: 20px !important;padding-left: 30px !important;}&#8221;][just_icon icon=&#8221;far fa-address-book&#8221; icon_size=&#8221;50&#8243; icon_color=&#8221;#ffffff&#8221; icon_style=&#8221;advanced&#8221; icon_color_bg=&#8221;rgba(255,255,255,0.01)&#8221; icon_border_style=&#8221;solid&#8221; icon_color_border=&#8221;rgba(255,255,255,0.3)&#8221; icon_border_size=&#8221;4&#8243; icon_border_radius=&#8221;5&#8243; icon_border_spacing=&#8221;100&#8243; icon_link=&#8221;url:http%3A%2F%2Fcasa-anusim.shavei.org%2Frelatos%2F|title:Relatos%20Personales&#8221;][ultimate_heading main_heading=&#8221;Relatos Personales&#8221; heading_tag=&#8221;h4&#8243; main_heading_color=&#8221;#ffffff&#8221; sub_heading_color=&#8221;#ffffff&#8221; main_heading_style=&#8221;font-weight:bold;&#8221; main_heading_margin=&#8221;margin-top:15px;margin-bottom:10px;&#8221;][\/ultimate_heading][\/vc_column][vc_column width=&#8221;1\/5&#8243; css=&#8221;.vc_custom_1606297259885{padding-top: 20px !important;padding-right: 30px !important;padding-bottom: 20px !important;padding-left: 30px !important;}&#8221;][just_icon icon=&#8221;dt-icon-the7-play-alt&#8221; icon_size=&#8221;50&#8243; icon_color=&#8221;#ffffff&#8221; icon_style=&#8221;advanced&#8221; icon_color_bg=&#8221;rgba(255,255,255,0.01)&#8221; icon_border_style=&#8221;solid&#8221; icon_color_border=&#8221;rgba(255,255,255,0.3)&#8221; icon_border_size=&#8221;4&#8243; icon_border_radius=&#8221;5&#8243; icon_border_spacing=&#8221;100&#8243; icon_link=&#8221;url:http%3A%2F%2Fcasa-anusim.shavei.org%2Fvideo%2F|title:V%C3%ADdeos&#8221;][ultimate_heading main_heading=&#8221;V\u00eddeos&#8221; heading_tag=&#8221;h4&#8243; main_heading_color=&#8221;#ffffff&#8221; sub_heading_color=&#8221;#ffffff&#8221; main_heading_style=&#8221;font-weight:bold;&#8221; main_heading_margin=&#8221;margin-top:15px;margin-bottom:10px;&#8221; margin_design_tab_text=&#8221;&#8221;][\/ultimate_heading][\/vc_column][\/vc_row][vc_row equal_height=&#8221;yes&#8221; content_placement=&#8221;middle&#8221;][vc_column css=&#8221;.vc_custom_1549644442557{padding-bottom: 40px !important;}&#8221;][vc_empty_space height=&#8221;80&#8243;][vc_column_text]<\/p>\n<p style=\"font-weight: 400;\">A partir de la expulsi\u00f3n de los jud\u00edos de Espa\u00f1a en 1492 y las conversiones forzadas de los jud\u00edos de Portugal pocos a\u00f1os despu\u00e9s, la presencia jud\u00eda qued\u00f3 prohibida definitivamente en toda la Pen\u00ednsula Ib\u00e9rica. Muchos de estos conversos conocidos con el t\u00e9rmino hebreo de Anusim (forzados) conservaron su identidad jud\u00eda y continuaron cumpliendo secretamente con algunas de las costumbres y tradiciones de sus ancestros. La huella de este fen\u00f3meno, el cual durante siglos fue cruelmente perseguido por la Inquisici\u00f3n, llega incluso hasta nuestros d\u00edas. Actualmente un gran grupo de Bnei Anusim descendientes de los Anusim en Espa\u00f1a, Portugal, Am\u00e9rica y otros pa\u00edses de Europa est\u00e1n recuperando su conciencia de pertenencia y reclaman su derecho hist\u00f3rico de retornar al seno del Pueblo Jud\u00edo.<\/p>\n<p>[\/vc_column_text][vc_empty_space height=&#8221;50&#8243;][\/vc_column][\/vc_row][vc_row bg_type=&#8221;image&#8221; parallax_style=&#8221;vcpb-default&#8221; bg_override=&#8221;ex-full&#8221; enable_overlay=&#8221;enable_overlay_value&#8221; overlay_color=&#8221;rgba(32,52,6,0.52)&#8221;][vc_column css=&#8221;.vc_custom_1549899756388{padding-top: 70px !important;padding-bottom: 80px !important;}&#8221;][ultimate_heading main_heading=&#8221;Lo Nuevo en Beit Anusim&#8221; heading_tag=&#8221;h3&#8243; main_heading_style=&#8221;font-weight:bold;&#8221; main_heading_margin=&#8221;margin-bottom:50px;&#8221; main_heading_font_size=&#8221;desktop:34px;&#8221; main_heading_line_height=&#8221;desktop:44px;&#8221;][\/ultimate_heading][dt_blog_carousel posts_offset=&#8221;0&#8243; content_bg=&#8221;n&#8221; post_content_paddings=&#8221;20px 30px 30px 30px&#8221; resized_image_dimensions=&#8221;4&#215;3&#8243; image_paddings=&#8221;30px 30px 0px 30px&#8221; item_space=&#8221;20&#8243; adaptive_height=&#8221;n&#8221; post_title_font_style=&#8221;normal:bold:uppercase&#8221; post_title_bottom_margin=&#8221;10px&#8221; post_date=&#8221;n&#8221; post_category=&#8221;n&#8221; post_author=&#8221;n&#8221; post_comments=&#8221;n&#8221; excerpt_words_limit=&#8221;20&#8243; read_more_button=&#8221;default_button&#8221; read_more_button_text=&#8221;Leer m?s&#8221; next_icon=&#8221;icon-ar-021-r&#8221; prev_icon=&#8221;icon-ar-021-l&#8221; arrow_icon_size=&#8221;54px&#8221; arrow_bg_width=&#8221;30x&#8221; arrow_bg_height=&#8221;30px&#8221; arrow_border_radius=&#8221;0px&#8221; arrow_border_width=&#8221;0px&#8221; arrow_icon_color=&#8221;&#8221; arrow_icon_border=&#8221;n&#8221; arrows_bg_show=&#8221;n&#8221; arrow_icon_color_hover=&#8221;&#8221; arrow_icon_border_hover=&#8221;n&#8221; arrows_bg_hover_show=&#8221;n&#8221; r_arrow_icon_paddings=&#8221;0px 0px 0px 0px&#8221; r_arrow_v_offset=&#8221;0px&#8221; r_arrow_h_offset=&#8221;-30px&#8221; l_arrow_icon_paddings=&#8221;0px 0px 0px 0px&#8221; l_arrow_v_offset=&#8221;0px&#8221; l_arrow_h_offset=&#8221;-30px&#8221; l_arrows_mobile_h_position=&#8221;-15px&#8221; r_arrows_mobile_h_position=&#8221;-15px&#8221; category=&#8221;&#8221;][\/vc_column][\/vc_row]<\/p>\n<\/div>","protected":false},"excerpt":{"rendered":"<p>[vc_row][vc_column][vc_empty_space height=&#8221;80&#8243;][\/vc_column][\/vc_row][vc_row equal_height=&#8221;yes&#8221; content_placement=&#8221;middle&#8221;][vc_column css=&#8221;.vc_custom_1549644442557{padding-bottom: 40px !important;}&#8221;][vc_column_text]La comunidad jud\u00eda medieval en Espa\u00f1a era una de las m\u00e1s antiguas, florecientes y fruct\u00edferas. Sin Embargo, a partir de 1391 terribles disturbios contra los jud\u00edos tuvieron lugar, tras lo cual sobrevinieron varias olas de conversiones forzadas al catolicismo&#8230;.<\/p>\n","protected":false},"author":31,"featured_media":0,"parent":0,"menu_order":0,"comment_status":"open","ping_status":"open","template":"","meta":{"give_campaign_id":0,"_exactmetrics_skip_tracking":false,"_exactmetrics_sitenote_active":false,"_exactmetrics_sitenote_note":"","_exactmetrics_sitenote_category":0,"ngg_post_thumbnail":0,"footnotes":""},"class_list":["post-134678","page","type-page","status-publish","hentry"],"yoast_head":"<!-- This site is optimized with the Yoast SEO plugin v27.1.1 - https:\/\/yoast.com\/product\/yoast-seo-wordpress\/ -->\n<title>Home - Shavei Israel<\/title>\n<meta name=\"robots\" content=\"index, follow, max-snippet:-1, max-image-preview:large, max-video-preview:-1\" \/>\n<link rel=\"canonical\" href=\"https:\/\/www.shavei.org\/pt-pt\/home\/\" \/>\n<meta property=\"og:locale\" content=\"en_US\" \/>\n<meta property=\"og:type\" content=\"article\" \/>\n<meta property=\"og:title\" content=\"Home - Shavei Israel\" \/>\n<meta property=\"og:description\" content=\"[vc_row][vc_column][vc_empty_space height=&#8221;80&#8243;][\/vc_column][\/vc_row][vc_row equal_height=&#8221;yes&#8221; content_placement=&#8221;middle&#8221;][vc_column css=&#8221;.vc_custom_1549644442557{padding-bottom: 40px !important;}&#8221;][vc_column_text]La comunidad jud\u00eda medieval en Espa\u00f1a era una de las m\u00e1s antiguas, florecientes y fruct\u00edferas. Sin Embargo, a partir de 1391 terribles disturbios contra los jud\u00edos tuvieron lugar, tras lo cual sobrevinieron varias olas de conversiones forzadas al catolicismo....\" \/>\n<meta property=\"og:url\" content=\"https:\/\/www.shavei.org\/pt-pt\/home\/\" \/>\n<meta property=\"og:site_name\" content=\"Shavei Israel\" \/>\n<meta name=\"twitter:card\" content=\"summary_large_image\" \/>\n<meta name=\"twitter:label1\" content=\"Est. reading time\" \/>\n\t<meta name=\"twitter:data1\" content=\"8 minutes\" \/>\n<script type=\"application\/ld+json\" class=\"yoast-schema-graph\">{\"@context\":\"https:\/\/schema.org\",\"@graph\":[{\"@type\":\"WebPage\",\"@id\":\"https:\/\/www.shavei.org\/pt-pt\/home\/\",\"url\":\"https:\/\/www.shavei.org\/pt-pt\/home\/\",\"name\":\"Home - Shavei Israel\",\"isPartOf\":{\"@id\":\"https:\/\/www.shavei.org\/#website\"},\"datePublished\":\"2021-05-20T20:16:29+00:00\",\"breadcrumb\":{\"@id\":\"https:\/\/www.shavei.org\/pt-pt\/home\/#breadcrumb\"},\"inLanguage\":\"sp\",\"potentialAction\":[{\"@type\":\"ReadAction\",\"target\":[\"https:\/\/www.shavei.org\/pt-pt\/home\/\"]}]},{\"@type\":\"BreadcrumbList\",\"@id\":\"https:\/\/www.shavei.org\/pt-pt\/home\/#breadcrumb\",\"itemListElement\":[{\"@type\":\"ListItem\",\"position\":1,\"name\":\"Home\",\"item\":\"https:\/\/www.shavei.org\/pt-pt\/\"},{\"@type\":\"ListItem\",\"position\":2,\"name\":\"Home\"}]},{\"@type\":\"WebSite\",\"@id\":\"https:\/\/www.shavei.org\/#website\",\"url\":\"https:\/\/www.shavei.org\/\",\"name\":\"Shavei Israel\",\"description\":\"One nation, many faces. We help them all return.\",\"publisher\":{\"@id\":\"https:\/\/www.shavei.org\/#organization\"},\"potentialAction\":[{\"@type\":\"SearchAction\",\"target\":{\"@type\":\"EntryPoint\",\"urlTemplate\":\"https:\/\/www.shavei.org\/?s={search_term_string}\"},\"query-input\":{\"@type\":\"PropertyValueSpecification\",\"valueRequired\":true,\"valueName\":\"search_term_string\"}}],\"inLanguage\":\"sp\"},{\"@type\":\"Organization\",\"@id\":\"https:\/\/www.shavei.org\/#organization\",\"name\":\"Shavei Israel\",\"url\":\"https:\/\/www.shavei.org\/\",\"logo\":{\"@type\":\"ImageObject\",\"inLanguage\":\"sp\",\"@id\":\"https:\/\/www.shavei.org\/#\/schema\/logo\/image\/\",\"url\":\"https:\/\/www.shavei.org\/wp-content\/uploads\/2017\/10\/shavei-logo.jpg\",\"contentUrl\":\"https:\/\/www.shavei.org\/wp-content\/uploads\/2017\/10\/shavei-logo.jpg\",\"width\":300,\"height\":285,\"caption\":\"Shavei Israel\"},\"image\":{\"@id\":\"https:\/\/www.shavei.org\/#\/schema\/logo\/image\/\"}}]}<\/script>\n<!-- \/ Yoast SEO plugin. -->","yoast_head_json":{"title":"Home - Shavei Israel","robots":{"index":"index","follow":"follow","max-snippet":"max-snippet:-1","max-image-preview":"max-image-preview:large","max-video-preview":"max-video-preview:-1"},"canonical":"https:\/\/www.shavei.org\/pt-pt\/home\/","og_locale":"en_US","og_type":"article","og_title":"Home - Shavei Israel","og_description":"[vc_row][vc_column][vc_empty_space height=&#8221;80&#8243;][\/vc_column][\/vc_row][vc_row equal_height=&#8221;yes&#8221; content_placement=&#8221;middle&#8221;][vc_column css=&#8221;.vc_custom_1549644442557{padding-bottom: 40px !important;}&#8221;][vc_column_text]La comunidad jud\u00eda medieval en Espa\u00f1a era una de las m\u00e1s antiguas, florecientes y fruct\u00edferas. Sin Embargo, a partir de 1391 terribles disturbios contra los jud\u00edos tuvieron lugar, tras lo cual sobrevinieron varias olas de conversiones forzadas al catolicismo....","og_url":"https:\/\/www.shavei.org\/pt-pt\/home\/","og_site_name":"Shavei Israel","twitter_card":"summary_large_image","twitter_misc":{"Est. reading time":"8 minutes"},"schema":{"@context":"https:\/\/schema.org","@graph":[{"@type":"WebPage","@id":"https:\/\/www.shavei.org\/pt-pt\/home\/","url":"https:\/\/www.shavei.org\/pt-pt\/home\/","name":"Home - Shavei Israel","isPartOf":{"@id":"https:\/\/www.shavei.org\/#website"},"datePublished":"2021-05-20T20:16:29+00:00","breadcrumb":{"@id":"https:\/\/www.shavei.org\/pt-pt\/home\/#breadcrumb"},"inLanguage":"sp","potentialAction":[{"@type":"ReadAction","target":["https:\/\/www.shavei.org\/pt-pt\/home\/"]}]},{"@type":"BreadcrumbList","@id":"https:\/\/www.shavei.org\/pt-pt\/home\/#breadcrumb","itemListElement":[{"@type":"ListItem","position":1,"name":"Home","item":"https:\/\/www.shavei.org\/pt-pt\/"},{"@type":"ListItem","position":2,"name":"Home"}]},{"@type":"WebSite","@id":"https:\/\/www.shavei.org\/#website","url":"https:\/\/www.shavei.org\/","name":"Shavei Israel","description":"One nation, many faces. We help them all return.","publisher":{"@id":"https:\/\/www.shavei.org\/#organization"},"potentialAction":[{"@type":"SearchAction","target":{"@type":"EntryPoint","urlTemplate":"https:\/\/www.shavei.org\/?s={search_term_string}"},"query-input":{"@type":"PropertyValueSpecification","valueRequired":true,"valueName":"search_term_string"}}],"inLanguage":"sp"},{"@type":"Organization","@id":"https:\/\/www.shavei.org\/#organization","name":"Shavei Israel","url":"https:\/\/www.shavei.org\/","logo":{"@type":"ImageObject","inLanguage":"sp","@id":"https:\/\/www.shavei.org\/#\/schema\/logo\/image\/","url":"https:\/\/www.shavei.org\/wp-content\/uploads\/2017\/10\/shavei-logo.jpg","contentUrl":"https:\/\/www.shavei.org\/wp-content\/uploads\/2017\/10\/shavei-logo.jpg","width":300,"height":285,"caption":"Shavei Israel"},"image":{"@id":"https:\/\/www.shavei.org\/#\/schema\/logo\/image\/"}}]}},"campaignId":"","_links":{"self":[{"href":"https:\/\/www.shavei.org\/pt-pt\/wp-json\/wp\/v2\/pages\/134678","targetHints":{"allow":["GET"]}}],"collection":[{"href":"https:\/\/www.shavei.org\/pt-pt\/wp-json\/wp\/v2\/pages"}],"about":[{"href":"https:\/\/www.shavei.org\/pt-pt\/wp-json\/wp\/v2\/types\/page"}],"author":[{"embeddable":true,"href":"https:\/\/www.shavei.org\/pt-pt\/wp-json\/wp\/v2\/users\/31"}],"replies":[{"embeddable":true,"href":"https:\/\/www.shavei.org\/pt-pt\/wp-json\/wp\/v2\/comments?post=134678"}],"version-history":[{"count":0,"href":"https:\/\/www.shavei.org\/pt-pt\/wp-json\/wp\/v2\/pages\/134678\/revisions"}],"wp:attachment":[{"href":"https:\/\/www.shavei.org\/pt-pt\/wp-json\/wp\/v2\/media?parent=134678"}],"curies":[{"name":"wp","href":"https:\/\/api.w.org\/{rel}","templated":true}]}}