{"id":134674,"date":"2021-05-20T22:16:29","date_gmt":"2021-05-20T20:16:29","guid":{"rendered":"https:\/\/www.shavei.org\/quienes-somos\/"},"modified":"2021-05-20T22:16:29","modified_gmt":"2021-05-20T20:16:29","slug":"quienes-somos","status":"publish","type":"page","link":"https:\/\/www.shavei.org\/pt-pt\/quienes-somos\/","title":{"rendered":"Qui\u00e9nes Somos"},"content":{"rendered":"<div class=\"wpb-content-wrapper\"><p>[vc_row][vc_column][vc_column_text]<strong>Shavei Israel abre las puertas<\/strong><\/p>\n<p>a todo aquel que ha decidido que el juda\u00edsmo y el retorno al pueblo jud\u00edo son dos conceptos centrales para su destino e identidad. Nosotros asistimos a los jud\u00edos \u201cperdidos\u201d y \u201cescondidos\u201d que se encuentran alrededor del mundo. Desde Polonia a Per\u00fa, y desde Barcelona hasta Brasil, Shavei Israel tiene por objetivo ayudar a descendientes del pueblo de jud\u00edos a reconectarse con el pueblo y el estado de Israel.<\/p>\n<p>Shavei Israel fue fundada hace 10 a\u00f1os atr\u00e1s por Michael Freund. Sucedi\u00f3 un d\u00eda, cuando Freund se desempe\u00f1aba como Vice Director de Comunicaciones del Primer Ministro Biniam\u00edn Netanyahu, en 1997, lleg\u00f3 una carta por correo. La misma, era de un grupo del noreste de la India, llamado Bnei Menash\u00e9.<br \/>\nEllos sosten\u00edan ser descendientes de la tribu de Menash\u00e9, una de las 10 tribus perdidas de Israel, y ped\u00edan retornar a la tierra prometida. Dicha carta llev\u00f3 a Freund a comenzar una misi\u00f3n en la cual ten\u00eda por objetivo descubrir todo lo posible sobre las Tribus Perdidas de Israel. En el proceso, descubri\u00f3 que alrededor de todo el mundo hay \u201cjud\u00edos perdidos\u201d los cuales sue\u00f1an con retornar a sus ra\u00edces jud\u00edas.<\/p>\n<p>Hay mucho trabajo por hacer. Por favor, sea nuestro socio en esta extraordinaria misi\u00f3n.<\/p>\n<p>AY\u00daDENOS[\/vc_column_text][vc_empty_space height=&#8221;50&#8243;][\/vc_column][\/vc_row]<\/p>\n<\/div>","protected":false},"excerpt":{"rendered":"<p>[vc_row][vc_column][vc_column_text]Shavei Israel abre las puertas a todo aquel que ha decidido que el juda\u00edsmo y el retorno al pueblo jud\u00edo son dos conceptos centrales para su destino e identidad. Nosotros asistimos a los jud\u00edos \u201cperdidos\u201d y \u201cescondidos\u201d que se encuentran alrededor del mundo. Desde Polonia&#8230;<\/p>\n","protected":false},"author":31,"featured_media":0,"parent":0,"menu_order":0,"comment_status":"open","ping_status":"open","template":"","meta":{"give_campaign_id":0,"_exactmetrics_skip_tracking":false,"_exactmetrics_sitenote_active":false,"_exactmetrics_sitenote_note":"","_exactmetrics_sitenote_category":0,"ngg_post_thumbnail":0,"footnotes":""},"class_list":["post-134674","page","type-page","status-publish","hentry"],"yoast_head":"<!-- This site is optimized with the Yoast SEO plugin v27.1.1 - https:\/\/yoast.com\/product\/yoast-seo-wordpress\/ -->\n<title>Qui\u00e9nes Somos - Shavei Israel<\/title>\n<meta name=\"robots\" content=\"index, follow, max-snippet:-1, max-image-preview:large, max-video-preview:-1\" \/>\n<link rel=\"canonical\" href=\"https:\/\/www.shavei.org\/pt-pt\/quienes-somos\/\" \/>\n<meta property=\"og:locale\" content=\"en_US\" \/>\n<meta property=\"og:type\" content=\"article\" \/>\n<meta property=\"og:title\" content=\"Qui\u00e9nes Somos - Shavei Israel\" \/>\n<meta property=\"og:description\" content=\"[vc_row][vc_column][vc_column_text]Shavei Israel abre las puertas a todo aquel que ha decidido que el juda\u00edsmo y el retorno al pueblo jud\u00edo son dos conceptos centrales para su destino e identidad. Nosotros asistimos a los jud\u00edos \u201cperdidos\u201d y \u201cescondidos\u201d que se encuentran alrededor del mundo. Desde Polonia...\" \/>\n<meta property=\"og:url\" content=\"https:\/\/www.shavei.org\/pt-pt\/quienes-somos\/\" \/>\n<meta property=\"og:site_name\" content=\"Shavei Israel\" \/>\n<meta name=\"twitter:card\" content=\"summary_large_image\" \/>\n<meta name=\"twitter:label1\" content=\"Est. reading time\" \/>\n\t<meta name=\"twitter:data1\" content=\"1 minute\" \/>\n<script type=\"application\/ld+json\" class=\"yoast-schema-graph\">{\"@context\":\"https:\/\/schema.org\",\"@graph\":[{\"@type\":\"WebPage\",\"@id\":\"https:\/\/www.shavei.org\/pt-pt\/quienes-somos\/\",\"url\":\"https:\/\/www.shavei.org\/pt-pt\/quienes-somos\/\",\"name\":\"Qui\u00e9nes Somos - Shavei Israel\",\"isPartOf\":{\"@id\":\"https:\/\/www.shavei.org\/#website\"},\"datePublished\":\"2021-05-20T20:16:29+00:00\",\"breadcrumb\":{\"@id\":\"https:\/\/www.shavei.org\/pt-pt\/quienes-somos\/#breadcrumb\"},\"inLanguage\":\"sp\",\"potentialAction\":[{\"@type\":\"ReadAction\",\"target\":[\"https:\/\/www.shavei.org\/pt-pt\/quienes-somos\/\"]}]},{\"@type\":\"BreadcrumbList\",\"@id\":\"https:\/\/www.shavei.org\/pt-pt\/quienes-somos\/#breadcrumb\",\"itemListElement\":[{\"@type\":\"ListItem\",\"position\":1,\"name\":\"Home\",\"item\":\"https:\/\/www.shavei.org\/pt-pt\/\"},{\"@type\":\"ListItem\",\"position\":2,\"name\":\"Qui\u00e9nes Somos\"}]},{\"@type\":\"WebSite\",\"@id\":\"https:\/\/www.shavei.org\/#website\",\"url\":\"https:\/\/www.shavei.org\/\",\"name\":\"Shavei Israel\",\"description\":\"One nation, many faces. We help them all return.\",\"publisher\":{\"@id\":\"https:\/\/www.shavei.org\/#organization\"},\"potentialAction\":[{\"@type\":\"SearchAction\",\"target\":{\"@type\":\"EntryPoint\",\"urlTemplate\":\"https:\/\/www.shavei.org\/?s={search_term_string}\"},\"query-input\":{\"@type\":\"PropertyValueSpecification\",\"valueRequired\":true,\"valueName\":\"search_term_string\"}}],\"inLanguage\":\"sp\"},{\"@type\":\"Organization\",\"@id\":\"https:\/\/www.shavei.org\/#organization\",\"name\":\"Shavei Israel\",\"url\":\"https:\/\/www.shavei.org\/\",\"logo\":{\"@type\":\"ImageObject\",\"inLanguage\":\"sp\",\"@id\":\"https:\/\/www.shavei.org\/#\/schema\/logo\/image\/\",\"url\":\"https:\/\/www.shavei.org\/wp-content\/uploads\/2017\/10\/shavei-logo.jpg\",\"contentUrl\":\"https:\/\/www.shavei.org\/wp-content\/uploads\/2017\/10\/shavei-logo.jpg\",\"width\":300,\"height\":285,\"caption\":\"Shavei Israel\"},\"image\":{\"@id\":\"https:\/\/www.shavei.org\/#\/schema\/logo\/image\/\"}}]}<\/script>\n<!-- \/ Yoast SEO plugin. -->","yoast_head_json":{"title":"Qui\u00e9nes Somos - Shavei Israel","robots":{"index":"index","follow":"follow","max-snippet":"max-snippet:-1","max-image-preview":"max-image-preview:large","max-video-preview":"max-video-preview:-1"},"canonical":"https:\/\/www.shavei.org\/pt-pt\/quienes-somos\/","og_locale":"en_US","og_type":"article","og_title":"Qui\u00e9nes Somos - Shavei Israel","og_description":"[vc_row][vc_column][vc_column_text]Shavei Israel abre las puertas a todo aquel que ha decidido que el juda\u00edsmo y el retorno al pueblo jud\u00edo son dos conceptos centrales para su destino e identidad. Nosotros asistimos a los jud\u00edos \u201cperdidos\u201d y \u201cescondidos\u201d que se encuentran alrededor del mundo. Desde Polonia...","og_url":"https:\/\/www.shavei.org\/pt-pt\/quienes-somos\/","og_site_name":"Shavei Israel","twitter_card":"summary_large_image","twitter_misc":{"Est. reading time":"1 minute"},"schema":{"@context":"https:\/\/schema.org","@graph":[{"@type":"WebPage","@id":"https:\/\/www.shavei.org\/pt-pt\/quienes-somos\/","url":"https:\/\/www.shavei.org\/pt-pt\/quienes-somos\/","name":"Qui\u00e9nes Somos - Shavei Israel","isPartOf":{"@id":"https:\/\/www.shavei.org\/#website"},"datePublished":"2021-05-20T20:16:29+00:00","breadcrumb":{"@id":"https:\/\/www.shavei.org\/pt-pt\/quienes-somos\/#breadcrumb"},"inLanguage":"sp","potentialAction":[{"@type":"ReadAction","target":["https:\/\/www.shavei.org\/pt-pt\/quienes-somos\/"]}]},{"@type":"BreadcrumbList","@id":"https:\/\/www.shavei.org\/pt-pt\/quienes-somos\/#breadcrumb","itemListElement":[{"@type":"ListItem","position":1,"name":"Home","item":"https:\/\/www.shavei.org\/pt-pt\/"},{"@type":"ListItem","position":2,"name":"Qui\u00e9nes Somos"}]},{"@type":"WebSite","@id":"https:\/\/www.shavei.org\/#website","url":"https:\/\/www.shavei.org\/","name":"Shavei Israel","description":"One nation, many faces. We help them all return.","publisher":{"@id":"https:\/\/www.shavei.org\/#organization"},"potentialAction":[{"@type":"SearchAction","target":{"@type":"EntryPoint","urlTemplate":"https:\/\/www.shavei.org\/?s={search_term_string}"},"query-input":{"@type":"PropertyValueSpecification","valueRequired":true,"valueName":"search_term_string"}}],"inLanguage":"sp"},{"@type":"Organization","@id":"https:\/\/www.shavei.org\/#organization","name":"Shavei Israel","url":"https:\/\/www.shavei.org\/","logo":{"@type":"ImageObject","inLanguage":"sp","@id":"https:\/\/www.shavei.org\/#\/schema\/logo\/image\/","url":"https:\/\/www.shavei.org\/wp-content\/uploads\/2017\/10\/shavei-logo.jpg","contentUrl":"https:\/\/www.shavei.org\/wp-content\/uploads\/2017\/10\/shavei-logo.jpg","width":300,"height":285,"caption":"Shavei Israel"},"image":{"@id":"https:\/\/www.shavei.org\/#\/schema\/logo\/image\/"}}]}},"campaignId":"","_links":{"self":[{"href":"https:\/\/www.shavei.org\/pt-pt\/wp-json\/wp\/v2\/pages\/134674","targetHints":{"allow":["GET"]}}],"collection":[{"href":"https:\/\/www.shavei.org\/pt-pt\/wp-json\/wp\/v2\/pages"}],"about":[{"href":"https:\/\/www.shavei.org\/pt-pt\/wp-json\/wp\/v2\/types\/page"}],"author":[{"embeddable":true,"href":"https:\/\/www.shavei.org\/pt-pt\/wp-json\/wp\/v2\/users\/31"}],"replies":[{"embeddable":true,"href":"https:\/\/www.shavei.org\/pt-pt\/wp-json\/wp\/v2\/comments?post=134674"}],"version-history":[{"count":0,"href":"https:\/\/www.shavei.org\/pt-pt\/wp-json\/wp\/v2\/pages\/134674\/revisions"}],"wp:attachment":[{"href":"https:\/\/www.shavei.org\/pt-pt\/wp-json\/wp\/v2\/media?parent=134674"}],"curies":[{"name":"wp","href":"https:\/\/api.w.org\/{rel}","templated":true}]}}