{"id":134665,"date":"2021-05-20T22:16:20","date_gmt":"2021-05-20T20:16:20","guid":{"rendered":"https:\/\/www.shavei.org\/peru\/"},"modified":"2021-05-20T22:16:20","modified_gmt":"2021-05-20T20:16:20","slug":"peru","status":"publish","type":"page","link":"https:\/\/www.shavei.org\/pt-pt\/peru\/","title":{"rendered":"Peru"},"content":{"rendered":"<div class=\"wpb-content-wrapper\"><p>[vc_row][vc_column][vc_column_text]<strong>LIMA<\/strong><\/p>\n<ul>\n<li><strong><a href=\"https:\/\/web.archive.org\/web\/20200201034702\/https:\/\/www.jabadperu.com\/\" target=\"_blank\" rel=\"noopener\">Jabad<\/a><a href=\"https:\/\/web.archive.org\/web\/20200201034702\/https:\/\/www.jabadperu.com\/\" target=\"_blank\" rel=\"noopener\">\u00a0Lubavicth<\/a>\u00a0<\/strong>| Avenida Salaverry, 3075 | Tel. +51 1 264 6060 | Contacto electr\u00f3nico\u00a0<a href=\"https:\/\/web.archive.org\/web\/20200201034702\/https:\/\/www.es.chabad.org\/centers\/email.asp?MID=345&amp;AID=120830&amp;id=9758&amp;referer=www.es.chabad.org\/centers\/default.asp%3Faid%3D117867%26jewish%3DJabad-en-el-Mundo.htm\" target=\"_blank\" rel=\"noopener\">aqu\u00ed<\/a>.<\/li>\n<li><strong><a href=\"https:\/\/web.archive.org\/web\/20200201034702\/https:\/\/www.kosherperu.com\/index.php?option=com_content&amp;view=article&amp;id=46\" target=\"_blank\" rel=\"noopener\">Uni\u00f3n Israelita del Per\u00fa<\/a><\/strong>\u00a0| Carlos Porras Osores, 210. San Isidro | Tel. +51 1 421 3684 |\u00a0<a href=\"https:\/\/web.archive.org\/web\/20200201034702\/mailto:unionisraelita@gmail.com\">unionisraelita@gmail.com<\/a><\/li>\n<li><a href=\"https:\/\/web.archive.org\/web\/20200201034702\/https:\/\/sefaradiperu.com\/\" target=\"_blank\" rel=\"noopener\"><strong>Socidad Israelita Sefarad\u00ed<\/strong><\/a>\u00a0| Juan Dellepiane, 304. San Isidro | Tel. +51 1 264 2078 |\u00a0<a href=\"https:\/\/web.archive.org\/web\/20200201034702\/mailto:sefaradi.peru@gmail.com\" target=\"_blank\" rel=\"noopener\">sefaradi.peru@gmail.com<\/a><\/li>\n<\/ul>\n<p><strong>CUZCO<\/strong><\/p>\n<ul>\n<li><strong><a href=\"https:\/\/web.archive.org\/web\/20200201034702\/https:\/\/www.es.chabad.org\/centers\/default_cdo\/aid\/544944\/jewish\/Jabad-en-el-Mundo.htm\" target=\"_blank\" rel=\"noopener\">Jabad\u00a0Lubavicth<\/a>\u00a0<\/strong>| Calle Vitoque, 631\u00a0| Tel. +51 84 236 844 | Contacto electr\u00f3nico\u00a0<a href=\"https:\/\/web.archive.org\/web\/20200201034702\/https:\/\/www.es.chabad.org\/centers\/email.asp?MID=7279&amp;AID=438687&amp;id=549444&amp;referer=www.es.chabad.org\/centers\/default.asp%3Faid%3D544944%26jewish%3DJabad-en-el-Mundo.htm\" target=\"_blank\" rel=\"noopener\">aqu\u00ed<\/a>.<\/li>\n<\/ul>\n<p>[\/vc_column_text][\/vc_column][\/vc_row]<\/p>\n<\/div>","protected":false},"excerpt":{"rendered":"<p>[vc_row][vc_column][vc_column_text]LIMA Jabad\u00a0Lubavicth\u00a0| Avenida Salaverry, 3075 | Tel. +51 1 264 6060 | Contacto electr\u00f3nico\u00a0aqu\u00ed. Uni\u00f3n Israelita del Per\u00fa\u00a0| Carlos Porras Osores, 210. San Isidro | Tel. +51 1 421 3684 |\u00a0unionisraelita@gmail.com Socidad Israelita Sefarad\u00ed\u00a0| Juan Dellepiane, 304. San Isidro | Tel. +51 1 264 2078&#8230;<\/p>\n","protected":false},"author":31,"featured_media":0,"parent":0,"menu_order":0,"comment_status":"open","ping_status":"open","template":"","meta":{"give_campaign_id":0,"_exactmetrics_skip_tracking":false,"_exactmetrics_sitenote_active":false,"_exactmetrics_sitenote_note":"","_exactmetrics_sitenote_category":0,"ngg_post_thumbnail":0,"footnotes":""},"class_list":["post-134665","page","type-page","status-publish","hentry"],"yoast_head":"<!-- This site is optimized with the Yoast SEO plugin v27.1.1 - https:\/\/yoast.com\/product\/yoast-seo-wordpress\/ -->\n<title>Peru - Shavei Israel<\/title>\n<meta name=\"robots\" content=\"index, follow, max-snippet:-1, max-image-preview:large, max-video-preview:-1\" \/>\n<link rel=\"canonical\" href=\"https:\/\/www.shavei.org\/pt-pt\/peru\/\" \/>\n<meta property=\"og:locale\" content=\"en_US\" \/>\n<meta property=\"og:type\" content=\"article\" \/>\n<meta property=\"og:title\" content=\"Peru - Shavei Israel\" \/>\n<meta property=\"og:description\" content=\"[vc_row][vc_column][vc_column_text]LIMA Jabad\u00a0Lubavicth\u00a0| Avenida Salaverry, 3075 | Tel. +51 1 264 6060 | Contacto electr\u00f3nico\u00a0aqu\u00ed. Uni\u00f3n Israelita del Per\u00fa\u00a0| Carlos Porras Osores, 210. San Isidro | Tel. +51 1 421 3684 |\u00a0unionisraelita@gmail.com Socidad Israelita Sefarad\u00ed\u00a0| Juan Dellepiane, 304. San Isidro | Tel. +51 1 264 2078...\" \/>\n<meta property=\"og:url\" content=\"https:\/\/www.shavei.org\/pt-pt\/peru\/\" \/>\n<meta property=\"og:site_name\" content=\"Shavei Israel\" \/>\n<meta name=\"twitter:card\" content=\"summary_large_image\" \/>\n<script type=\"application\/ld+json\" class=\"yoast-schema-graph\">{\"@context\":\"https:\/\/schema.org\",\"@graph\":[{\"@type\":\"WebPage\",\"@id\":\"https:\/\/www.shavei.org\/pt-pt\/peru\/\",\"url\":\"https:\/\/www.shavei.org\/pt-pt\/peru\/\",\"name\":\"Peru - Shavei Israel\",\"isPartOf\":{\"@id\":\"https:\/\/www.shavei.org\/#website\"},\"datePublished\":\"2021-05-20T20:16:20+00:00\",\"breadcrumb\":{\"@id\":\"https:\/\/www.shavei.org\/pt-pt\/peru\/#breadcrumb\"},\"inLanguage\":\"sp\",\"potentialAction\":[{\"@type\":\"ReadAction\",\"target\":[\"https:\/\/www.shavei.org\/pt-pt\/peru\/\"]}]},{\"@type\":\"BreadcrumbList\",\"@id\":\"https:\/\/www.shavei.org\/pt-pt\/peru\/#breadcrumb\",\"itemListElement\":[{\"@type\":\"ListItem\",\"position\":1,\"name\":\"Home\",\"item\":\"https:\/\/www.shavei.org\/pt-pt\/\"},{\"@type\":\"ListItem\",\"position\":2,\"name\":\"Peru\"}]},{\"@type\":\"WebSite\",\"@id\":\"https:\/\/www.shavei.org\/#website\",\"url\":\"https:\/\/www.shavei.org\/\",\"name\":\"Shavei Israel\",\"description\":\"One nation, many faces. We help them all return.\",\"publisher\":{\"@id\":\"https:\/\/www.shavei.org\/#organization\"},\"potentialAction\":[{\"@type\":\"SearchAction\",\"target\":{\"@type\":\"EntryPoint\",\"urlTemplate\":\"https:\/\/www.shavei.org\/?s={search_term_string}\"},\"query-input\":{\"@type\":\"PropertyValueSpecification\",\"valueRequired\":true,\"valueName\":\"search_term_string\"}}],\"inLanguage\":\"sp\"},{\"@type\":\"Organization\",\"@id\":\"https:\/\/www.shavei.org\/#organization\",\"name\":\"Shavei Israel\",\"url\":\"https:\/\/www.shavei.org\/\",\"logo\":{\"@type\":\"ImageObject\",\"inLanguage\":\"sp\",\"@id\":\"https:\/\/www.shavei.org\/#\/schema\/logo\/image\/\",\"url\":\"https:\/\/www.shavei.org\/wp-content\/uploads\/2017\/10\/shavei-logo.jpg\",\"contentUrl\":\"https:\/\/www.shavei.org\/wp-content\/uploads\/2017\/10\/shavei-logo.jpg\",\"width\":300,\"height\":285,\"caption\":\"Shavei Israel\"},\"image\":{\"@id\":\"https:\/\/www.shavei.org\/#\/schema\/logo\/image\/\"}}]}<\/script>\n<!-- \/ Yoast SEO plugin. -->","yoast_head_json":{"title":"Peru - Shavei Israel","robots":{"index":"index","follow":"follow","max-snippet":"max-snippet:-1","max-image-preview":"max-image-preview:large","max-video-preview":"max-video-preview:-1"},"canonical":"https:\/\/www.shavei.org\/pt-pt\/peru\/","og_locale":"en_US","og_type":"article","og_title":"Peru - Shavei Israel","og_description":"[vc_row][vc_column][vc_column_text]LIMA Jabad\u00a0Lubavicth\u00a0| Avenida Salaverry, 3075 | Tel. +51 1 264 6060 | Contacto electr\u00f3nico\u00a0aqu\u00ed. Uni\u00f3n Israelita del Per\u00fa\u00a0| Carlos Porras Osores, 210. San Isidro | Tel. +51 1 421 3684 |\u00a0unionisraelita@gmail.com Socidad Israelita Sefarad\u00ed\u00a0| Juan Dellepiane, 304. San Isidro | Tel. +51 1 264 2078...","og_url":"https:\/\/www.shavei.org\/pt-pt\/peru\/","og_site_name":"Shavei Israel","twitter_card":"summary_large_image","schema":{"@context":"https:\/\/schema.org","@graph":[{"@type":"WebPage","@id":"https:\/\/www.shavei.org\/pt-pt\/peru\/","url":"https:\/\/www.shavei.org\/pt-pt\/peru\/","name":"Peru - Shavei Israel","isPartOf":{"@id":"https:\/\/www.shavei.org\/#website"},"datePublished":"2021-05-20T20:16:20+00:00","breadcrumb":{"@id":"https:\/\/www.shavei.org\/pt-pt\/peru\/#breadcrumb"},"inLanguage":"sp","potentialAction":[{"@type":"ReadAction","target":["https:\/\/www.shavei.org\/pt-pt\/peru\/"]}]},{"@type":"BreadcrumbList","@id":"https:\/\/www.shavei.org\/pt-pt\/peru\/#breadcrumb","itemListElement":[{"@type":"ListItem","position":1,"name":"Home","item":"https:\/\/www.shavei.org\/pt-pt\/"},{"@type":"ListItem","position":2,"name":"Peru"}]},{"@type":"WebSite","@id":"https:\/\/www.shavei.org\/#website","url":"https:\/\/www.shavei.org\/","name":"Shavei Israel","description":"One nation, many faces. We help them all return.","publisher":{"@id":"https:\/\/www.shavei.org\/#organization"},"potentialAction":[{"@type":"SearchAction","target":{"@type":"EntryPoint","urlTemplate":"https:\/\/www.shavei.org\/?s={search_term_string}"},"query-input":{"@type":"PropertyValueSpecification","valueRequired":true,"valueName":"search_term_string"}}],"inLanguage":"sp"},{"@type":"Organization","@id":"https:\/\/www.shavei.org\/#organization","name":"Shavei Israel","url":"https:\/\/www.shavei.org\/","logo":{"@type":"ImageObject","inLanguage":"sp","@id":"https:\/\/www.shavei.org\/#\/schema\/logo\/image\/","url":"https:\/\/www.shavei.org\/wp-content\/uploads\/2017\/10\/shavei-logo.jpg","contentUrl":"https:\/\/www.shavei.org\/wp-content\/uploads\/2017\/10\/shavei-logo.jpg","width":300,"height":285,"caption":"Shavei Israel"},"image":{"@id":"https:\/\/www.shavei.org\/#\/schema\/logo\/image\/"}}]}},"campaignId":"","_links":{"self":[{"href":"https:\/\/www.shavei.org\/pt-pt\/wp-json\/wp\/v2\/pages\/134665","targetHints":{"allow":["GET"]}}],"collection":[{"href":"https:\/\/www.shavei.org\/pt-pt\/wp-json\/wp\/v2\/pages"}],"about":[{"href":"https:\/\/www.shavei.org\/pt-pt\/wp-json\/wp\/v2\/types\/page"}],"author":[{"embeddable":true,"href":"https:\/\/www.shavei.org\/pt-pt\/wp-json\/wp\/v2\/users\/31"}],"replies":[{"embeddable":true,"href":"https:\/\/www.shavei.org\/pt-pt\/wp-json\/wp\/v2\/comments?post=134665"}],"version-history":[{"count":0,"href":"https:\/\/www.shavei.org\/pt-pt\/wp-json\/wp\/v2\/pages\/134665\/revisions"}],"wp:attachment":[{"href":"https:\/\/www.shavei.org\/pt-pt\/wp-json\/wp\/v2\/media?parent=134665"}],"curies":[{"name":"wp","href":"https:\/\/api.w.org\/{rel}","templated":true}]}}