{"id":134662,"date":"2021-05-20T22:16:20","date_gmt":"2021-05-20T20:16:20","guid":{"rendered":"https:\/\/www.shavei.org\/espana\/"},"modified":"2021-05-20T22:16:20","modified_gmt":"2021-05-20T20:16:20","slug":"espana","status":"publish","type":"page","link":"https:\/\/www.shavei.org\/pt-pt\/espana\/","title":{"rendered":"Espana"},"content":{"rendered":"<div class=\"wpb-content-wrapper\"><p>[vc_row][vc_column][vc_column_text]<strong>BARCELONA<\/strong><\/p>\n<ul>\n<li><strong><a href=\"https:\/\/web.archive.org\/web\/20200201034647\/https:\/\/www.jabadbarcelona.org\/\" target=\"_blank\" rel=\"noopener\">Fundaci\u00f3n Jabad Lubavitch<\/a><\/strong>\u00a0| Carrer de Joan Gamper, 27 | Tel. +34 934 100 685 | Contacto electr\u00f3nico\u00a0<a href=\"https:\/\/web.archive.org\/web\/20200201034647\/https:\/\/www.jabadbarcelona.org\/tools\/feedback.htm\" target=\"_blank\" rel=\"noopener\">aqu\u00ed<\/a>.<\/li>\n<li><strong><a href=\"https:\/\/web.archive.org\/web\/20200201034647\/https:\/\/www.cibonline.org\/\" target=\"_blank\" rel=\"noopener\">Comunidad Israelita de Barcelona CIB<\/a>\u00a0<\/strong>| Carrer d\u2019Avenir, 24 | Tel. +34 932 008 513 |\u00a0<a href=\"https:\/\/web.archive.org\/web\/20200201034647\/mailto:info@cibonline.org\" target=\"_blank\" rel=\"noopener\">info@cibonline.org<\/a>\u00a0o\u00a0<a href=\"https:\/\/web.archive.org\/web\/20200201034647\/mailto:secretaria@cibonline.org\" target=\"_blank\" rel=\"noopener\">secretaria@cibonline.org<\/a><\/li>\n<\/ul>\n<p><strong>TORREMOLINOS<\/strong><\/p>\n<ul>\n<li><a href=\"https:\/\/web.archive.org\/web\/20200201034647\/https:\/\/www.citorremolinos.com\/\" target=\"_blank\" rel=\"noopener\"><strong>Comunidad Israelita de Torremolinos CIT<\/strong><\/a>\u00a0| Calle de Skal, 16-17 | Tel. +34 952 052 550 |\u00a0<a href=\"https:\/\/web.archive.org\/web\/20200201034647\/mailto:citorremolinos@gmail.com\">citorremolinos@gmail.com<\/a><\/li>\n<\/ul>\n<p><strong>MADRID<\/strong><\/p>\n<ul>\n<li><strong><a href=\"https:\/\/web.archive.org\/web\/20200201034647\/https:\/\/www.cjmadrid.org\/\" target=\"_blank\" rel=\"noopener\">Comunidad Israelita de Madrid CJM<\/a>\u00a0<\/strong>\u00a0| Calle de Balmes, 3 | Tel. +34 915 913 131 |\u00a0<a href=\"https:\/\/web.archive.org\/web\/20200201034647\/mailto:secretaria@cjmadrid.org\" target=\"_blank\" rel=\"noopener\">secretaria@cjmadrid.org<\/a><\/li>\n<li><a href=\"https:\/\/web.archive.org\/web\/20200201034647\/https:\/\/www.jasdeileah.org\/\" target=\"_blank\" rel=\"noopener\"><strong>Sinagoga Jasdei Leah CJM<\/strong><\/a>\u00a0| Calle del Gral. Orgaz, 5\u00a0<em>(Cuatro Caminos, Madrid)<\/em>\u00a0| Tel. +34 914 174 620 |\u00a0<a title=\"\" href=\"https:\/\/web.archive.org\/web\/20200201034647\/mailto:presidente@jasdeileah.org\">presidente@jasdeileah.org<\/a><\/li>\n<li><a href=\"https:\/\/web.archive.org\/web\/20200201034647\/https:\/\/www.chabad.org\/centers\/default_cdo\/aid\/117874\/jewish\/Chabad-of-Madrid.htm\" target=\"_blank\" rel=\"noopener\"><strong>Fundaci\u00f3n Jabad Lubavitch<\/strong><\/a>\u00a0| Calle de Eloy Gonzalo, 19 \u2013 5\u00ba A | Tel. +34 914 459 629 | Contacto electr\u00f3nico\u00a0<a href=\"https:\/\/web.archive.org\/web\/20200201034647\/https:\/\/www.chabad.org\/centers\/email.asp?MID=352&amp;AID=120989&amp;id=9766&amp;referer=www.chabad.org\/centers\/default.asp%3Faid%3D117874%26jewish%3DChabad-of-Madrid.htm\" target=\"_blank\" rel=\"noopener\">aqu\u00ed<\/a>.<\/li>\n<li><a href=\"https:\/\/web.archive.org\/web\/20200201034647\/https:\/\/www.orhayeladim.org\/\" target=\"_blank\" rel=\"noopener\"><strong>Sinagoga Or haYeladim<\/strong><\/a>\u00a0| Calle de Trinquete, 11\u00a0<em>(Pinar del Rey, Madrid)<\/em>\u00a0| Tel. +34 913 845 177\u00a0\u200e|\u00a0<a href=\"https:\/\/web.archive.org\/web\/20200201034647\/mailto:info@orhayeladim.org\">info@orhayeladim.org<\/a><\/li>\n<\/ul>\n<p><strong>MARBELLA<\/strong><\/p>\n<ul>\n<li><a href=\"https:\/\/web.archive.org\/web\/20200201034647\/https:\/\/www.jewishmarbella.org\/\" target=\"_blank\" rel=\"noopener\"><strong>Comunidad Jud\u00eda de Marbella<\/strong><\/a>\u00a0| Calle de los Jazmines, 21 (sinagoga)\u00a0| Tel. +34 952 859 395\u00a0|\u00a0<a href=\"https:\/\/web.archive.org\/web\/20200201034647\/mailto:cimarbella@yahoo.es\">cimarbella@yahoo.es<\/a><\/li>\n<li><a href=\"https:\/\/web.archive.org\/web\/20200201034647\/https:\/\/www.chabad.org\/centers\/default_cdo\/aid\/278340\/jewish\/Chabad-Lubavitch-of-Costa-Del-Sol-Marbella.htm\" target=\"_blank\" rel=\"noopener\"><strong>Fundaci\u00f3n Jabad Lubavitch<\/strong><\/a>\u00a0| Calle de Yucas, 47 | M\u00f3v. +34 633 552 770 | Contacto electr\u00f3nico\u00a0<a href=\"https:\/\/web.archive.org\/web\/20200201034647\/https:\/\/www.chabad.org\/centers\/email.asp?MID=5813&amp;AID=213708&amp;id=213354&amp;referer=www.chabad.org\/centers\/default.asp%3Faid%3D278340%26jewish%3DChabad-Lubavitch-of-Costa-Del-Sol-Marbella.htm\" target=\"_blank\" rel=\"noopener\">aqu\u00ed<\/a>.<\/li>\n<\/ul>\n<p><strong>PALMA<\/strong><\/p>\n<ul>\n<li><a href=\"https:\/\/web.archive.org\/web\/20200201034647\/https:\/\/www.fortunecity.com\/victorian\/coldwater\/252\/eindex.html\" target=\"_blank\" rel=\"noopener\"><strong>Comunitat Israelita de les Illes Balears<\/strong><\/a>\u00a0| Carrer de Monsenyor Palmer, 3 | Tel. +34 971 283 729 |\u00a0<a href=\"https:\/\/web.archive.org\/web\/20200201034647\/mailto:c.j.ib@wanadoo.es\">c.j.ib@wanadoo.es<\/a><\/li>\n<\/ul>\n<p><strong>VALENCIA<\/strong><\/p>\n<ul>\n<li><a href=\"https:\/\/web.archive.org\/web\/20200201034647\/https:\/\/www.jabadvalencia.org\/\" target=\"_blank\" rel=\"noopener\"><strong>Fundaci\u00f3n Jabad Lubavitch<\/strong><\/a>\u00a0| Calle del Taqu\u00edgrafo Mart\u00ed, 14 | M\u00f3v. +34 617 704 673\u00a0| Contacto electr\u00f3nico\u00a0<a href=\"https:\/\/web.archive.org\/web\/20200201034647\/https:\/\/www.jabadvalencia.org\/tools\/feedback.htm\" target=\"_blank\" rel=\"noopener\">aqu\u00ed<\/a>.<\/li>\n<\/ul>\n<p>[\/vc_column_text][\/vc_column][\/vc_row]<\/p>\n<\/div>","protected":false},"excerpt":{"rendered":"<p>[vc_row][vc_column][vc_column_text]BARCELONA Fundaci\u00f3n Jabad Lubavitch\u00a0| Carrer de Joan Gamper, 27 | Tel. +34 934 100 685 | Contacto electr\u00f3nico\u00a0aqu\u00ed. Comunidad Israelita de Barcelona CIB\u00a0| Carrer d\u2019Avenir, 24 | Tel. +34 932 008 513 |\u00a0info@cibonline.org\u00a0o\u00a0secretaria@cibonline.org TORREMOLINOS Comunidad Israelita de Torremolinos CIT\u00a0| Calle de Skal, 16-17 | Tel&#8230;.<\/p>\n","protected":false},"author":31,"featured_media":0,"parent":0,"menu_order":0,"comment_status":"open","ping_status":"open","template":"","meta":{"give_campaign_id":0,"_exactmetrics_skip_tracking":false,"_exactmetrics_sitenote_active":false,"_exactmetrics_sitenote_note":"","_exactmetrics_sitenote_category":0,"ngg_post_thumbnail":0,"footnotes":""},"class_list":["post-134662","page","type-page","status-publish","hentry"],"yoast_head":"<!-- This site is optimized with the Yoast SEO plugin v27.1.1 - https:\/\/yoast.com\/product\/yoast-seo-wordpress\/ -->\n<title>Espana - Shavei Israel<\/title>\n<meta name=\"robots\" content=\"index, follow, max-snippet:-1, max-image-preview:large, max-video-preview:-1\" \/>\n<link rel=\"canonical\" href=\"https:\/\/www.shavei.org\/pt-pt\/espana\/\" \/>\n<meta property=\"og:locale\" content=\"en_US\" \/>\n<meta property=\"og:type\" content=\"article\" \/>\n<meta property=\"og:title\" content=\"Espana - Shavei Israel\" \/>\n<meta property=\"og:description\" content=\"[vc_row][vc_column][vc_column_text]BARCELONA Fundaci\u00f3n Jabad Lubavitch\u00a0| Carrer de Joan Gamper, 27 | Tel. +34 934 100 685 | Contacto electr\u00f3nico\u00a0aqu\u00ed. Comunidad Israelita de Barcelona CIB\u00a0| Carrer d\u2019Avenir, 24 | Tel. +34 932 008 513 |\u00a0info@cibonline.org\u00a0o\u00a0secretaria@cibonline.org TORREMOLINOS Comunidad Israelita de Torremolinos CIT\u00a0| Calle de Skal, 16-17 | Tel....\" \/>\n<meta property=\"og:url\" content=\"https:\/\/www.shavei.org\/pt-pt\/espana\/\" \/>\n<meta property=\"og:site_name\" content=\"Shavei Israel\" \/>\n<meta name=\"twitter:card\" content=\"summary_large_image\" \/>\n<meta name=\"twitter:label1\" content=\"Est. reading time\" \/>\n\t<meta name=\"twitter:data1\" content=\"1 minute\" \/>\n<script type=\"application\/ld+json\" class=\"yoast-schema-graph\">{\"@context\":\"https:\/\/schema.org\",\"@graph\":[{\"@type\":\"WebPage\",\"@id\":\"https:\/\/www.shavei.org\/pt-pt\/espana\/\",\"url\":\"https:\/\/www.shavei.org\/pt-pt\/espana\/\",\"name\":\"Espana - Shavei Israel\",\"isPartOf\":{\"@id\":\"https:\/\/www.shavei.org\/#website\"},\"datePublished\":\"2021-05-20T20:16:20+00:00\",\"breadcrumb\":{\"@id\":\"https:\/\/www.shavei.org\/pt-pt\/espana\/#breadcrumb\"},\"inLanguage\":\"sp\",\"potentialAction\":[{\"@type\":\"ReadAction\",\"target\":[\"https:\/\/www.shavei.org\/pt-pt\/espana\/\"]}]},{\"@type\":\"BreadcrumbList\",\"@id\":\"https:\/\/www.shavei.org\/pt-pt\/espana\/#breadcrumb\",\"itemListElement\":[{\"@type\":\"ListItem\",\"position\":1,\"name\":\"Home\",\"item\":\"https:\/\/www.shavei.org\/pt-pt\/\"},{\"@type\":\"ListItem\",\"position\":2,\"name\":\"Espana\"}]},{\"@type\":\"WebSite\",\"@id\":\"https:\/\/www.shavei.org\/#website\",\"url\":\"https:\/\/www.shavei.org\/\",\"name\":\"Shavei Israel\",\"description\":\"One nation, many faces. We help them all return.\",\"publisher\":{\"@id\":\"https:\/\/www.shavei.org\/#organization\"},\"potentialAction\":[{\"@type\":\"SearchAction\",\"target\":{\"@type\":\"EntryPoint\",\"urlTemplate\":\"https:\/\/www.shavei.org\/?s={search_term_string}\"},\"query-input\":{\"@type\":\"PropertyValueSpecification\",\"valueRequired\":true,\"valueName\":\"search_term_string\"}}],\"inLanguage\":\"sp\"},{\"@type\":\"Organization\",\"@id\":\"https:\/\/www.shavei.org\/#organization\",\"name\":\"Shavei Israel\",\"url\":\"https:\/\/www.shavei.org\/\",\"logo\":{\"@type\":\"ImageObject\",\"inLanguage\":\"sp\",\"@id\":\"https:\/\/www.shavei.org\/#\/schema\/logo\/image\/\",\"url\":\"https:\/\/www.shavei.org\/wp-content\/uploads\/2017\/10\/shavei-logo.jpg\",\"contentUrl\":\"https:\/\/www.shavei.org\/wp-content\/uploads\/2017\/10\/shavei-logo.jpg\",\"width\":300,\"height\":285,\"caption\":\"Shavei Israel\"},\"image\":{\"@id\":\"https:\/\/www.shavei.org\/#\/schema\/logo\/image\/\"}}]}<\/script>\n<!-- \/ Yoast SEO plugin. -->","yoast_head_json":{"title":"Espana - Shavei Israel","robots":{"index":"index","follow":"follow","max-snippet":"max-snippet:-1","max-image-preview":"max-image-preview:large","max-video-preview":"max-video-preview:-1"},"canonical":"https:\/\/www.shavei.org\/pt-pt\/espana\/","og_locale":"en_US","og_type":"article","og_title":"Espana - Shavei Israel","og_description":"[vc_row][vc_column][vc_column_text]BARCELONA Fundaci\u00f3n Jabad Lubavitch\u00a0| Carrer de Joan Gamper, 27 | Tel. +34 934 100 685 | Contacto electr\u00f3nico\u00a0aqu\u00ed. Comunidad Israelita de Barcelona CIB\u00a0| Carrer d\u2019Avenir, 24 | Tel. +34 932 008 513 |\u00a0info@cibonline.org\u00a0o\u00a0secretaria@cibonline.org TORREMOLINOS Comunidad Israelita de Torremolinos CIT\u00a0| Calle de Skal, 16-17 | Tel....","og_url":"https:\/\/www.shavei.org\/pt-pt\/espana\/","og_site_name":"Shavei Israel","twitter_card":"summary_large_image","twitter_misc":{"Est. reading time":"1 minute"},"schema":{"@context":"https:\/\/schema.org","@graph":[{"@type":"WebPage","@id":"https:\/\/www.shavei.org\/pt-pt\/espana\/","url":"https:\/\/www.shavei.org\/pt-pt\/espana\/","name":"Espana - Shavei Israel","isPartOf":{"@id":"https:\/\/www.shavei.org\/#website"},"datePublished":"2021-05-20T20:16:20+00:00","breadcrumb":{"@id":"https:\/\/www.shavei.org\/pt-pt\/espana\/#breadcrumb"},"inLanguage":"sp","potentialAction":[{"@type":"ReadAction","target":["https:\/\/www.shavei.org\/pt-pt\/espana\/"]}]},{"@type":"BreadcrumbList","@id":"https:\/\/www.shavei.org\/pt-pt\/espana\/#breadcrumb","itemListElement":[{"@type":"ListItem","position":1,"name":"Home","item":"https:\/\/www.shavei.org\/pt-pt\/"},{"@type":"ListItem","position":2,"name":"Espana"}]},{"@type":"WebSite","@id":"https:\/\/www.shavei.org\/#website","url":"https:\/\/www.shavei.org\/","name":"Shavei Israel","description":"One nation, many faces. We help them all return.","publisher":{"@id":"https:\/\/www.shavei.org\/#organization"},"potentialAction":[{"@type":"SearchAction","target":{"@type":"EntryPoint","urlTemplate":"https:\/\/www.shavei.org\/?s={search_term_string}"},"query-input":{"@type":"PropertyValueSpecification","valueRequired":true,"valueName":"search_term_string"}}],"inLanguage":"sp"},{"@type":"Organization","@id":"https:\/\/www.shavei.org\/#organization","name":"Shavei Israel","url":"https:\/\/www.shavei.org\/","logo":{"@type":"ImageObject","inLanguage":"sp","@id":"https:\/\/www.shavei.org\/#\/schema\/logo\/image\/","url":"https:\/\/www.shavei.org\/wp-content\/uploads\/2017\/10\/shavei-logo.jpg","contentUrl":"https:\/\/www.shavei.org\/wp-content\/uploads\/2017\/10\/shavei-logo.jpg","width":300,"height":285,"caption":"Shavei Israel"},"image":{"@id":"https:\/\/www.shavei.org\/#\/schema\/logo\/image\/"}}]}},"campaignId":"","_links":{"self":[{"href":"https:\/\/www.shavei.org\/pt-pt\/wp-json\/wp\/v2\/pages\/134662","targetHints":{"allow":["GET"]}}],"collection":[{"href":"https:\/\/www.shavei.org\/pt-pt\/wp-json\/wp\/v2\/pages"}],"about":[{"href":"https:\/\/www.shavei.org\/pt-pt\/wp-json\/wp\/v2\/types\/page"}],"author":[{"embeddable":true,"href":"https:\/\/www.shavei.org\/pt-pt\/wp-json\/wp\/v2\/users\/31"}],"replies":[{"embeddable":true,"href":"https:\/\/www.shavei.org\/pt-pt\/wp-json\/wp\/v2\/comments?post=134662"}],"version-history":[{"count":0,"href":"https:\/\/www.shavei.org\/pt-pt\/wp-json\/wp\/v2\/pages\/134662\/revisions"}],"wp:attachment":[{"href":"https:\/\/www.shavei.org\/pt-pt\/wp-json\/wp\/v2\/media?parent=134662"}],"curies":[{"name":"wp","href":"https:\/\/api.w.org\/{rel}","templated":true}]}}