{"id":134654,"date":"2021-05-20T22:16:20","date_gmt":"2021-05-20T20:16:20","guid":{"rendered":"https:\/\/www.shavei.org\/acerca-del-proceso\/"},"modified":"2021-05-20T22:16:20","modified_gmt":"2021-05-20T20:16:20","slug":"acerca-del-proceso","status":"publish","type":"page","link":"https:\/\/www.shavei.org\/pt-pt\/acerca-del-proceso\/","title":{"rendered":"Acerca del Proceso"},"content":{"rendered":"<div class=\"wpb-content-wrapper\"><p>[vc_row][vc_column][vc_column_text]<em>Quien desea prepararse para el proceso de conversi\u00f3n tiene varias posibilidades para elegir.<\/em><\/p>\n<p>Hay pa\u00edses en donde las\u00a0<strong>congregaciones jud\u00edas\u00a0<\/strong>cuentan con proceso de conversi\u00f3n\u00a0<strong>ya existente<\/strong>\u00a0por lo que debe contactar al\u00a0<strong>rabino local<\/strong>\u00a0y solicitar ser aceptado a dicho programa. Normalmente en\u00a0pa\u00edses con una gran comunidad jud\u00eda, tienen su propio\u00a0<strong>tribunal rab\u00ednico<\/strong>\u00a0autorizado.<\/p>\n<p>Sin embargo, existen pa\u00edses donde<strong>\u00a0no hay tribunales rab\u00ednicos<\/strong>\u00a0para conversi\u00f3n, aunque s\u00ed hay congregaciones jud\u00edas con un\u00a0<strong>programa v\u00e1lido de estudios<\/strong>\u00a0y, una vez que \u00e9ste es finalizado satisfactoriamente, se env\u00eda al solicitante a un tribunal en otro pa\u00eds.<\/p>\n<p>\u2014<\/p>\n<p>Quien se encuentra en un pa\u00eds, en el que\u00a0<strong>no existen<\/strong>\u00a0<strong>las posibilidades anteriormente mencionadas<\/strong>, o quien desea realizar la conversi\u00f3n mediante el\u00a0<em>Gran Rabinato de Israel<\/em>, tiene dos posibilidades:<\/p>\n<p><strong>1. Quien desee vivir en Israel luego de la conversi\u00f3n<\/strong>, debe ser parte de una\u00a0<em>comunidad jud\u00eda ortodoxa<\/em>, que tenga\u00a0<em>rabino<\/em>. El tiempo m\u00ednimo de esa relaci\u00f3n es\u00a0<strong>un a\u00f1o<\/strong>, luego del cual debe solicitar una\u00a0<strong>carta de recomendaci\u00f3n<\/strong>\u00a0del rabino, en la que debe constar: \u00a0el<strong>\u00a0tiempo<\/strong>\u00a0que lleve involucrado en la congregaci\u00f3n, en\u00a0<strong>qu\u00e9 actividades<\/strong>\u00a0participa y\u00a0<strong>qu\u00e9 mitzvot<\/strong>\u00a0cumple.\u00a0Dicha carta es presentada al\u00a0<strong>Comit\u00e9\u00a0de Excepciones<\/strong>\u00a0del\u00a0<strong>Ministerio de Interior<\/strong>\u00a0y al\u00a0<strong>Gran Rabinato de Israel<\/strong>, para que estos\u00a0<strong>aprueben<\/strong>\u00a0su caso y emitan un\u00a0<strong>Visado<\/strong>.<\/p>\n<p>Debe venir a Israel a una\u00a0<strong>primera entrevista<\/strong>\u00a0y esperar la\u00a0<strong>respuesta final<\/strong>\u00a0del comit\u00e9.<\/p>\n<p>En caso de que la\u00a0<strong>respuesta sea positiva<\/strong>, el postulante puede coemnzar el<strong>\u00a0curso de conversi\u00f3n\u00a0<\/strong>que tiene entre ocho meses y un a\u00f1o de duraci\u00f3n. En ese tiempo,<strong>\u00a0no dispone de permiso de trabajo<\/strong>\u00a0(el Visado no incluye esa posibilidad), as\u00ed que durante su estancia, debe contar con los\u00a0<strong>medios econ\u00f3micos suficientes<\/strong>\u00a0para su propia manutenci\u00f3n. Despu\u00e9s de este a\u00f1o de estudios, cuando\u00a0<strong>el candidato est\u00e9 listo<\/strong>, se presentar\u00e1 ante el<strong>\u00a0Tribunal Rab\u00ednico<\/strong>\u00a0y si todo sale bien se realiza la\u00a0<strong>conversi\u00f3n<\/strong>\u00a0y se recibe la\u00a0<strong>ciudadan\u00eda israel\u00ed<\/strong>.<\/p>\n<p>\u2014<\/p>\n<p><strong>2. Quien desea retornar a su pa\u00eds de origen despu\u00e9s de la conversi\u00f3n<\/strong>, entonces debe acercarse a una\u00a0<em>comunidad jud\u00eda ortodox<\/em>a en su localidad, la cual debe tener\u00a0<em>rabino<\/em>. Con \u00e9l<strong>\u00a0debe prepararse all\u00ed<\/strong>\u00a0para la conversi\u00f3n. Cuando el rabino considere que est\u00e1 listo, el mismo debe contactar al\u00a0<strong>Gran Rabinato de Israel<\/strong>\u00a0y pedirle fecha para su presencia ante el\u00a0<strong>Tribunal Rab\u00ednico<\/strong>.<\/p>\n<p>En su momento, el postulante\u00a0<strong>vendr\u00e1 a Israel<\/strong>\u00a0para asistir a la entrevista y veredicto ante el Tribunal. Si todo sale bien, se realiza la\u00a0<strong>conversi\u00f3n<\/strong>\u00a0y seguidamente\u00a0<strong>regresa a su pa\u00eds<\/strong>.<\/p>\n<p><strong>Luego de un a\u00f1o<\/strong>\u00a0de haber realizado la conversi\u00f3n en Israel y, cumpliendo con la condici\u00f3n de que el candidato<strong>\u00a0haya seguido siendo parte activa<\/strong>\u00a0de la comunidad jud\u00eda, puede entonces\u00a0<strong>emigrar a Israel<\/strong>\u00a0(hacer ali\u00e1).<\/p>\n<p>&nbsp;<\/p>\n<p>\u2014<\/p>\n<p><em><strong>Importante<\/strong>:<\/em><\/p>\n<p><strong>Antes de involucrarse<\/strong>\u00a0en un\u00a0<strong>proceso formal<\/strong>\u00a0en una determinada congregaci\u00f3n\/comunidad o con un tribunal rab\u00ednico determinado, es importante<strong>\u00a0definir los objetivos personales<\/strong>.<\/p>\n<p>Si desea\u00a0<strong>ser aceptado<\/strong>\u00a0en una\u00a0<strong>congregaci\u00f3n<\/strong>\u00a0determinada, entonces es recomendable verificar que la misma\u00a0<strong>acepta la conversi\u00f3n que va a realizar<\/strong>. Igualmente si desea hacer<strong>\u00a0ali\u00e1<\/strong>, es imprescindible corroborar que dicha conversi\u00f3n\u00a0<strong>otorga derecho<\/strong>\u00a0a la\u00a0<strong>ciudadan\u00eda israel\u00ed<\/strong>.<\/p>\n<p>Para poder realizar un proceso de\u00a0<strong>retorno<\/strong>\u00a0en lugar de conversi\u00f3n, es necesario disponer de\u00a0<strong>documentos<\/strong>\u00a0que\u00a0<strong>demuestren sin lugar a dudas<\/strong>\u00a0la ascendencia jud\u00eda por\u00a0<strong>l\u00ednea materna<\/strong>, no s\u00f3lo a\u00a0<strong>nivel geneal\u00f3gico<\/strong>\u00a0sino tambi\u00e9n a\u00a0<strong>nivel judaico<\/strong>.<\/p>\n<p>En el caso de los\u00a0<em>Bnei Anusim<\/em>\u00a0se trata de\u00a0<strong>documentos de la Inquisici\u00f3n Espa\u00f1ola<\/strong>\u00a0en los que se constate que sus\u00a0<strong>antepasados<\/strong>\u00a0han sido\u00a0<em>judaizantes<\/em>.<\/p>\n<p>Es importante recalcar que debido a la\u00a0<strong>lejan\u00eda en el tiempo<\/strong>\u00a0con la \u00e9poca de la Inquisici\u00f3n, realizar una<strong>\u00a0b\u00fasqueda<\/strong>\u00a0como \u00e9sta y obtener\u00a0<strong>resultados positivos<\/strong>\u00a0no siempre es f\u00e1cil o viable.<\/p>\n<p>Asimismo, los procesos de retorno actuales\u00a0<strong>no son aceptados<\/strong>\u00a0para realizar ali\u00e1.<\/p>\n<p>\u2014<\/p>\n<p><strong>Maj\u00f3n Miriam<\/strong><\/p>\n<p>Shavei Israel cuenta con un instituto de retorno y conversi\u00f3n para estudiantes de habla hispana, portugesa e italiana. Si desea estudiar en el mismo o recibir m\u00e1s informaci\u00f3n sobre este,\u00a0<a href=\"https:\/\/web.archive.org\/web\/20200201034627\/https:\/\/www.shavei.org\/es\/conversion-institute\/\" target=\"_blank\" rel=\"noopener\">ingrese aqu\u00ed<\/a>.<\/p>\n<p>\u2014<\/p>\n<p>Esperamos que esta informaci\u00f3n le sea de ayuda.<\/p>\n<p>Para cualquier consulta adicional, puede escribirnos a\u00a0<a href=\"https:\/\/web.archive.org\/web\/20200201034627\/mailto:spanish@shavei.org\" target=\"_blank\" rel=\"noopener\">spanish@shavei.org<\/a>[\/vc_column_text][\/vc_column][\/vc_row]<\/p>\n<\/div>","protected":false},"excerpt":{"rendered":"<p>[vc_row][vc_column][vc_column_text]Quien desea prepararse para el proceso de conversi\u00f3n tiene varias posibilidades para elegir. Hay pa\u00edses en donde las\u00a0congregaciones jud\u00edas\u00a0cuentan con proceso de conversi\u00f3n\u00a0ya existente\u00a0por lo que debe contactar al\u00a0rabino local\u00a0y solicitar ser aceptado a dicho programa. Normalmente en\u00a0pa\u00edses con una gran comunidad jud\u00eda, tienen su&#8230;<\/p>\n","protected":false},"author":31,"featured_media":0,"parent":0,"menu_order":0,"comment_status":"open","ping_status":"open","template":"","meta":{"give_campaign_id":0,"_exactmetrics_skip_tracking":false,"_exactmetrics_sitenote_active":false,"_exactmetrics_sitenote_note":"","_exactmetrics_sitenote_category":0,"ngg_post_thumbnail":0,"footnotes":""},"class_list":["post-134654","page","type-page","status-publish","hentry"],"yoast_head":"<!-- This site is optimized with the Yoast SEO plugin v27.1.1 - https:\/\/yoast.com\/product\/yoast-seo-wordpress\/ -->\n<title>Acerca del Proceso - Shavei Israel<\/title>\n<meta name=\"robots\" content=\"index, follow, max-snippet:-1, max-image-preview:large, max-video-preview:-1\" \/>\n<link rel=\"canonical\" href=\"https:\/\/www.shavei.org\/pt-pt\/acerca-del-proceso\/\" \/>\n<meta property=\"og:locale\" content=\"en_US\" \/>\n<meta property=\"og:type\" content=\"article\" \/>\n<meta property=\"og:title\" content=\"Acerca del Proceso - Shavei Israel\" \/>\n<meta property=\"og:description\" content=\"[vc_row][vc_column][vc_column_text]Quien desea prepararse para el proceso de conversi\u00f3n tiene varias posibilidades para elegir. Hay pa\u00edses en donde las\u00a0congregaciones jud\u00edas\u00a0cuentan con proceso de conversi\u00f3n\u00a0ya existente\u00a0por lo que debe contactar al\u00a0rabino local\u00a0y solicitar ser aceptado a dicho programa. Normalmente en\u00a0pa\u00edses con una gran comunidad jud\u00eda, tienen su...\" \/>\n<meta property=\"og:url\" content=\"https:\/\/www.shavei.org\/pt-pt\/acerca-del-proceso\/\" \/>\n<meta property=\"og:site_name\" content=\"Shavei Israel\" \/>\n<meta name=\"twitter:card\" content=\"summary_large_image\" \/>\n<meta name=\"twitter:label1\" content=\"Est. reading time\" \/>\n\t<meta name=\"twitter:data1\" content=\"4 minutes\" \/>\n<script type=\"application\/ld+json\" class=\"yoast-schema-graph\">{\"@context\":\"https:\/\/schema.org\",\"@graph\":[{\"@type\":\"WebPage\",\"@id\":\"https:\/\/www.shavei.org\/pt-pt\/acerca-del-proceso\/\",\"url\":\"https:\/\/www.shavei.org\/pt-pt\/acerca-del-proceso\/\",\"name\":\"Acerca del Proceso - Shavei Israel\",\"isPartOf\":{\"@id\":\"https:\/\/www.shavei.org\/#website\"},\"datePublished\":\"2021-05-20T20:16:20+00:00\",\"breadcrumb\":{\"@id\":\"https:\/\/www.shavei.org\/pt-pt\/acerca-del-proceso\/#breadcrumb\"},\"inLanguage\":\"sp\",\"potentialAction\":[{\"@type\":\"ReadAction\",\"target\":[\"https:\/\/www.shavei.org\/pt-pt\/acerca-del-proceso\/\"]}]},{\"@type\":\"BreadcrumbList\",\"@id\":\"https:\/\/www.shavei.org\/pt-pt\/acerca-del-proceso\/#breadcrumb\",\"itemListElement\":[{\"@type\":\"ListItem\",\"position\":1,\"name\":\"Home\",\"item\":\"https:\/\/www.shavei.org\/pt-pt\/\"},{\"@type\":\"ListItem\",\"position\":2,\"name\":\"Acerca del Proceso\"}]},{\"@type\":\"WebSite\",\"@id\":\"https:\/\/www.shavei.org\/#website\",\"url\":\"https:\/\/www.shavei.org\/\",\"name\":\"Shavei Israel\",\"description\":\"One nation, many faces. We help them all return.\",\"publisher\":{\"@id\":\"https:\/\/www.shavei.org\/#organization\"},\"potentialAction\":[{\"@type\":\"SearchAction\",\"target\":{\"@type\":\"EntryPoint\",\"urlTemplate\":\"https:\/\/www.shavei.org\/?s={search_term_string}\"},\"query-input\":{\"@type\":\"PropertyValueSpecification\",\"valueRequired\":true,\"valueName\":\"search_term_string\"}}],\"inLanguage\":\"sp\"},{\"@type\":\"Organization\",\"@id\":\"https:\/\/www.shavei.org\/#organization\",\"name\":\"Shavei Israel\",\"url\":\"https:\/\/www.shavei.org\/\",\"logo\":{\"@type\":\"ImageObject\",\"inLanguage\":\"sp\",\"@id\":\"https:\/\/www.shavei.org\/#\/schema\/logo\/image\/\",\"url\":\"https:\/\/www.shavei.org\/wp-content\/uploads\/2017\/10\/shavei-logo.jpg\",\"contentUrl\":\"https:\/\/www.shavei.org\/wp-content\/uploads\/2017\/10\/shavei-logo.jpg\",\"width\":300,\"height\":285,\"caption\":\"Shavei Israel\"},\"image\":{\"@id\":\"https:\/\/www.shavei.org\/#\/schema\/logo\/image\/\"}}]}<\/script>\n<!-- \/ Yoast SEO plugin. -->","yoast_head_json":{"title":"Acerca del Proceso - Shavei Israel","robots":{"index":"index","follow":"follow","max-snippet":"max-snippet:-1","max-image-preview":"max-image-preview:large","max-video-preview":"max-video-preview:-1"},"canonical":"https:\/\/www.shavei.org\/pt-pt\/acerca-del-proceso\/","og_locale":"en_US","og_type":"article","og_title":"Acerca del Proceso - Shavei Israel","og_description":"[vc_row][vc_column][vc_column_text]Quien desea prepararse para el proceso de conversi\u00f3n tiene varias posibilidades para elegir. Hay pa\u00edses en donde las\u00a0congregaciones jud\u00edas\u00a0cuentan con proceso de conversi\u00f3n\u00a0ya existente\u00a0por lo que debe contactar al\u00a0rabino local\u00a0y solicitar ser aceptado a dicho programa. Normalmente en\u00a0pa\u00edses con una gran comunidad jud\u00eda, tienen su...","og_url":"https:\/\/www.shavei.org\/pt-pt\/acerca-del-proceso\/","og_site_name":"Shavei Israel","twitter_card":"summary_large_image","twitter_misc":{"Est. reading time":"4 minutes"},"schema":{"@context":"https:\/\/schema.org","@graph":[{"@type":"WebPage","@id":"https:\/\/www.shavei.org\/pt-pt\/acerca-del-proceso\/","url":"https:\/\/www.shavei.org\/pt-pt\/acerca-del-proceso\/","name":"Acerca del Proceso - Shavei Israel","isPartOf":{"@id":"https:\/\/www.shavei.org\/#website"},"datePublished":"2021-05-20T20:16:20+00:00","breadcrumb":{"@id":"https:\/\/www.shavei.org\/pt-pt\/acerca-del-proceso\/#breadcrumb"},"inLanguage":"sp","potentialAction":[{"@type":"ReadAction","target":["https:\/\/www.shavei.org\/pt-pt\/acerca-del-proceso\/"]}]},{"@type":"BreadcrumbList","@id":"https:\/\/www.shavei.org\/pt-pt\/acerca-del-proceso\/#breadcrumb","itemListElement":[{"@type":"ListItem","position":1,"name":"Home","item":"https:\/\/www.shavei.org\/pt-pt\/"},{"@type":"ListItem","position":2,"name":"Acerca del Proceso"}]},{"@type":"WebSite","@id":"https:\/\/www.shavei.org\/#website","url":"https:\/\/www.shavei.org\/","name":"Shavei Israel","description":"One nation, many faces. We help them all return.","publisher":{"@id":"https:\/\/www.shavei.org\/#organization"},"potentialAction":[{"@type":"SearchAction","target":{"@type":"EntryPoint","urlTemplate":"https:\/\/www.shavei.org\/?s={search_term_string}"},"query-input":{"@type":"PropertyValueSpecification","valueRequired":true,"valueName":"search_term_string"}}],"inLanguage":"sp"},{"@type":"Organization","@id":"https:\/\/www.shavei.org\/#organization","name":"Shavei Israel","url":"https:\/\/www.shavei.org\/","logo":{"@type":"ImageObject","inLanguage":"sp","@id":"https:\/\/www.shavei.org\/#\/schema\/logo\/image\/","url":"https:\/\/www.shavei.org\/wp-content\/uploads\/2017\/10\/shavei-logo.jpg","contentUrl":"https:\/\/www.shavei.org\/wp-content\/uploads\/2017\/10\/shavei-logo.jpg","width":300,"height":285,"caption":"Shavei Israel"},"image":{"@id":"https:\/\/www.shavei.org\/#\/schema\/logo\/image\/"}}]}},"campaignId":"","_links":{"self":[{"href":"https:\/\/www.shavei.org\/pt-pt\/wp-json\/wp\/v2\/pages\/134654","targetHints":{"allow":["GET"]}}],"collection":[{"href":"https:\/\/www.shavei.org\/pt-pt\/wp-json\/wp\/v2\/pages"}],"about":[{"href":"https:\/\/www.shavei.org\/pt-pt\/wp-json\/wp\/v2\/types\/page"}],"author":[{"embeddable":true,"href":"https:\/\/www.shavei.org\/pt-pt\/wp-json\/wp\/v2\/users\/31"}],"replies":[{"embeddable":true,"href":"https:\/\/www.shavei.org\/pt-pt\/wp-json\/wp\/v2\/comments?post=134654"}],"version-history":[{"count":0,"href":"https:\/\/www.shavei.org\/pt-pt\/wp-json\/wp\/v2\/pages\/134654\/revisions"}],"wp:attachment":[{"href":"https:\/\/www.shavei.org\/pt-pt\/wp-json\/wp\/v2\/media?parent=134654"}],"curies":[{"name":"wp","href":"https:\/\/api.w.org\/{rel}","templated":true}]}}