{"id":134653,"date":"2021-05-20T22:16:20","date_gmt":"2021-05-20T20:16:20","guid":{"rendered":"https:\/\/www.shavei.org\/actividades\/"},"modified":"2021-05-20T22:16:20","modified_gmt":"2021-05-20T20:16:20","slug":"actividades","status":"publish","type":"page","link":"https:\/\/www.shavei.org\/pt-pt\/actividades\/","title":{"rendered":"Actividades"},"content":{"rendered":"<p>Desde la organizacion Shavei Israel, se organizan las siguientes actividades, de las que os pasaremos informacion puntual y que tendremos todos oportunidad de disfrutar.<\/p>\n<p>\u2022 Emisarios para Bnei Anusim: Shavei Israel cuenta con dos emisarios para Bnei Anusim, uno itinerante en Espa\u00f1a, el rabino Niss\u00e1n Ben Avraham (\u00e9l mismo descendiente de Bnei Anusim), el cual visita las ciudades de Palma de Mallorca, Barcelona, Sevilla y Valencia; y otro en Portugal, en la ciudad de Belmonte, el rabino Elisha Salas. El objetivo de los mismos, es establecer contacto con aquellos Bnei Anusim que se encuentran interesados en retornar al juda\u00edsmo, acompa\u00f1arlos y ayudarlos en el proceso de retorno y al mismo tiempo permitirles vivenciar el ciclo de vida jud\u00edo en forma comunitaria.<\/p>\n<p>\u2022 Publicaci\u00f3n de Boletines Informativos: uno de los medios de contacto que tiene Shavei Israel con los Bnei Anusim en todo el mundo, es el env\u00edo de un bolet\u00edn informativo bimensual, en el cual se publican distintos ensayos relacionados con temas judaicos, bnei anusim y las actividades de Shavei Israel para con los mismos. Este bolet\u00edn, est\u00e1 orientado para el p\u00fablico de habla hispana y de habla portuguesa, raz\u00f3n por la cual es publicado en ambos idiomas.<\/p>\n<p>\u2022 Publicaci\u00f3n de libros: una de los m\u00e9todos que Shavei Israel ofrece para recuperar la memoria perdida, es la publicaci\u00f3n de libros acerca de juda\u00edsmo, los cuales incluyen conceptos b\u00e1sicos de nuestra fe e identidad jud\u00eda. La mayor parte de los libros est\u00e1n estructurados en forma did\u00e1ctica, con textos y puntos de reflexi\u00f3n para que de esta forma el lector pueda autoevaluar el conocimiento adquirido. Los libros son de gran ayuda para todo aquel que est\u00e1 interesado en entrar en contacto con el juda\u00edsmo, sus tradiciones y creencias.<\/p>\n<p>\u2022 Paseo Anual en Israel: Shavei Israel realiza un programa anual para Bnei Anusim, en el cual los mismos recorren la Tierra de Israel durante una semana y media, reencontr\u00e1ndose as\u00ed con sus tradiciones y herencias. En adici\u00f3n a los paseos tur\u00edsticos, los cuales poseen una fuerte base hist\u00f3rica-religiosa, los Bnei Anusim participan en conferencias diarias relacionadas con la historia jud\u00eda, la situaci\u00f3n en Medio Oriente y en especial la ley jud\u00eda y sus tradiciones. Este viaje, ayuda a los participantes a fortalecer su identidad y a reencontrarse con la herencia perdida, desde ya, es una experiencia inolvidable.<\/p>\n<p>\u2022 Seminario Anual en la Pen\u00ednsula Ib\u00e9rica: desde hace cinco a\u00f1os, Shavei Israel organiza \u2013de forma anual\u2013 seminarios en la pen\u00ednsula ib\u00e9rica. El objetivo de los mismos es brindar un marco a todo aquel que desee reencontrarse y recobrar la tradici\u00f3n jud\u00eda, la cual sus antepasados lucharon por preservar, a\u00fan cuando esto pon\u00edan en peligro sus vidas. Durante estos programas, varias conferencias son brindadadas por parte de los directivos de Shavei Israel, el presidente Michael Freund y el rabino Eliahu Birnbaum, as\u00ed como por distintos Bnei Anusim, quienes entre otras cosas relatan sus emotivas historias. Asimismo, los seminarios son un marco para el estudio del juda\u00edsmo, sus leyes, tradiciones e historia. Los seminarios realizados, han tenido lugar en Palma de Mallorca, Barcelona, Madrid, Murcia, Belmonte y Oporto.<\/p>\n","protected":false},"excerpt":{"rendered":"<p>Desde la organizacion Shavei Israel, se organizan las siguientes actividades, de las que os pasaremos informacion puntual y que tendremos todos oportunidad de disfrutar. \u2022 Emisarios para Bnei Anusim: Shavei Israel cuenta con dos emisarios para Bnei Anusim, uno itinerante en Espa\u00f1a, el rabino Niss\u00e1n&#8230;<\/p>\n","protected":false},"author":31,"featured_media":0,"parent":0,"menu_order":0,"comment_status":"open","ping_status":"open","template":"","meta":{"give_campaign_id":0,"_exactmetrics_skip_tracking":false,"_exactmetrics_sitenote_active":false,"_exactmetrics_sitenote_note":"","_exactmetrics_sitenote_category":0,"ngg_post_thumbnail":0,"footnotes":""},"class_list":["post-134653","page","type-page","status-publish","hentry"],"yoast_head":"<!-- This site is optimized with the Yoast SEO plugin v27.1.1 - https:\/\/yoast.com\/product\/yoast-seo-wordpress\/ -->\n<title>Actividades - Shavei Israel<\/title>\n<meta name=\"robots\" content=\"index, follow, max-snippet:-1, max-image-preview:large, max-video-preview:-1\" \/>\n<link rel=\"canonical\" href=\"https:\/\/www.shavei.org\/pt-pt\/actividades\/\" \/>\n<meta property=\"og:locale\" content=\"en_US\" \/>\n<meta property=\"og:type\" content=\"article\" \/>\n<meta property=\"og:title\" content=\"Actividades - Shavei Israel\" \/>\n<meta property=\"og:description\" content=\"Desde la organizacion Shavei Israel, se organizan las siguientes actividades, de las que os pasaremos informacion puntual y que tendremos todos oportunidad de disfrutar. \u2022 Emisarios para Bnei Anusim: Shavei Israel cuenta con dos emisarios para Bnei Anusim, uno itinerante en Espa\u00f1a, el rabino Niss\u00e1n...\" \/>\n<meta property=\"og:url\" content=\"https:\/\/www.shavei.org\/pt-pt\/actividades\/\" \/>\n<meta property=\"og:site_name\" content=\"Shavei Israel\" \/>\n<meta name=\"twitter:card\" content=\"summary_large_image\" \/>\n<meta name=\"twitter:label1\" content=\"Est. reading time\" \/>\n\t<meta name=\"twitter:data1\" content=\"3 minutes\" \/>\n<script type=\"application\/ld+json\" class=\"yoast-schema-graph\">{\"@context\":\"https:\/\/schema.org\",\"@graph\":[{\"@type\":\"WebPage\",\"@id\":\"https:\/\/www.shavei.org\/pt-pt\/actividades\/\",\"url\":\"https:\/\/www.shavei.org\/pt-pt\/actividades\/\",\"name\":\"Actividades - Shavei Israel\",\"isPartOf\":{\"@id\":\"https:\/\/www.shavei.org\/#website\"},\"datePublished\":\"2021-05-20T20:16:20+00:00\",\"breadcrumb\":{\"@id\":\"https:\/\/www.shavei.org\/pt-pt\/actividades\/#breadcrumb\"},\"inLanguage\":\"sp\",\"potentialAction\":[{\"@type\":\"ReadAction\",\"target\":[\"https:\/\/www.shavei.org\/pt-pt\/actividades\/\"]}]},{\"@type\":\"BreadcrumbList\",\"@id\":\"https:\/\/www.shavei.org\/pt-pt\/actividades\/#breadcrumb\",\"itemListElement\":[{\"@type\":\"ListItem\",\"position\":1,\"name\":\"Home\",\"item\":\"https:\/\/www.shavei.org\/pt-pt\/\"},{\"@type\":\"ListItem\",\"position\":2,\"name\":\"Actividades\"}]},{\"@type\":\"WebSite\",\"@id\":\"https:\/\/www.shavei.org\/#website\",\"url\":\"https:\/\/www.shavei.org\/\",\"name\":\"Shavei Israel\",\"description\":\"One nation, many faces. We help them all return.\",\"publisher\":{\"@id\":\"https:\/\/www.shavei.org\/#organization\"},\"potentialAction\":[{\"@type\":\"SearchAction\",\"target\":{\"@type\":\"EntryPoint\",\"urlTemplate\":\"https:\/\/www.shavei.org\/?s={search_term_string}\"},\"query-input\":{\"@type\":\"PropertyValueSpecification\",\"valueRequired\":true,\"valueName\":\"search_term_string\"}}],\"inLanguage\":\"sp\"},{\"@type\":\"Organization\",\"@id\":\"https:\/\/www.shavei.org\/#organization\",\"name\":\"Shavei Israel\",\"url\":\"https:\/\/www.shavei.org\/\",\"logo\":{\"@type\":\"ImageObject\",\"inLanguage\":\"sp\",\"@id\":\"https:\/\/www.shavei.org\/#\/schema\/logo\/image\/\",\"url\":\"https:\/\/www.shavei.org\/wp-content\/uploads\/2017\/10\/shavei-logo.jpg\",\"contentUrl\":\"https:\/\/www.shavei.org\/wp-content\/uploads\/2017\/10\/shavei-logo.jpg\",\"width\":300,\"height\":285,\"caption\":\"Shavei Israel\"},\"image\":{\"@id\":\"https:\/\/www.shavei.org\/#\/schema\/logo\/image\/\"}}]}<\/script>\n<!-- \/ Yoast SEO plugin. -->","yoast_head_json":{"title":"Actividades - Shavei Israel","robots":{"index":"index","follow":"follow","max-snippet":"max-snippet:-1","max-image-preview":"max-image-preview:large","max-video-preview":"max-video-preview:-1"},"canonical":"https:\/\/www.shavei.org\/pt-pt\/actividades\/","og_locale":"en_US","og_type":"article","og_title":"Actividades - Shavei Israel","og_description":"Desde la organizacion Shavei Israel, se organizan las siguientes actividades, de las que os pasaremos informacion puntual y que tendremos todos oportunidad de disfrutar. \u2022 Emisarios para Bnei Anusim: Shavei Israel cuenta con dos emisarios para Bnei Anusim, uno itinerante en Espa\u00f1a, el rabino Niss\u00e1n...","og_url":"https:\/\/www.shavei.org\/pt-pt\/actividades\/","og_site_name":"Shavei Israel","twitter_card":"summary_large_image","twitter_misc":{"Est. reading time":"3 minutes"},"schema":{"@context":"https:\/\/schema.org","@graph":[{"@type":"WebPage","@id":"https:\/\/www.shavei.org\/pt-pt\/actividades\/","url":"https:\/\/www.shavei.org\/pt-pt\/actividades\/","name":"Actividades - Shavei Israel","isPartOf":{"@id":"https:\/\/www.shavei.org\/#website"},"datePublished":"2021-05-20T20:16:20+00:00","breadcrumb":{"@id":"https:\/\/www.shavei.org\/pt-pt\/actividades\/#breadcrumb"},"inLanguage":"sp","potentialAction":[{"@type":"ReadAction","target":["https:\/\/www.shavei.org\/pt-pt\/actividades\/"]}]},{"@type":"BreadcrumbList","@id":"https:\/\/www.shavei.org\/pt-pt\/actividades\/#breadcrumb","itemListElement":[{"@type":"ListItem","position":1,"name":"Home","item":"https:\/\/www.shavei.org\/pt-pt\/"},{"@type":"ListItem","position":2,"name":"Actividades"}]},{"@type":"WebSite","@id":"https:\/\/www.shavei.org\/#website","url":"https:\/\/www.shavei.org\/","name":"Shavei Israel","description":"One nation, many faces. We help them all return.","publisher":{"@id":"https:\/\/www.shavei.org\/#organization"},"potentialAction":[{"@type":"SearchAction","target":{"@type":"EntryPoint","urlTemplate":"https:\/\/www.shavei.org\/?s={search_term_string}"},"query-input":{"@type":"PropertyValueSpecification","valueRequired":true,"valueName":"search_term_string"}}],"inLanguage":"sp"},{"@type":"Organization","@id":"https:\/\/www.shavei.org\/#organization","name":"Shavei Israel","url":"https:\/\/www.shavei.org\/","logo":{"@type":"ImageObject","inLanguage":"sp","@id":"https:\/\/www.shavei.org\/#\/schema\/logo\/image\/","url":"https:\/\/www.shavei.org\/wp-content\/uploads\/2017\/10\/shavei-logo.jpg","contentUrl":"https:\/\/www.shavei.org\/wp-content\/uploads\/2017\/10\/shavei-logo.jpg","width":300,"height":285,"caption":"Shavei Israel"},"image":{"@id":"https:\/\/www.shavei.org\/#\/schema\/logo\/image\/"}}]}},"campaignId":"","_links":{"self":[{"href":"https:\/\/www.shavei.org\/pt-pt\/wp-json\/wp\/v2\/pages\/134653","targetHints":{"allow":["GET"]}}],"collection":[{"href":"https:\/\/www.shavei.org\/pt-pt\/wp-json\/wp\/v2\/pages"}],"about":[{"href":"https:\/\/www.shavei.org\/pt-pt\/wp-json\/wp\/v2\/types\/page"}],"author":[{"embeddable":true,"href":"https:\/\/www.shavei.org\/pt-pt\/wp-json\/wp\/v2\/users\/31"}],"replies":[{"embeddable":true,"href":"https:\/\/www.shavei.org\/pt-pt\/wp-json\/wp\/v2\/comments?post=134653"}],"version-history":[{"count":0,"href":"https:\/\/www.shavei.org\/pt-pt\/wp-json\/wp\/v2\/pages\/134653\/revisions"}],"wp:attachment":[{"href":"https:\/\/www.shavei.org\/pt-pt\/wp-json\/wp\/v2\/media?parent=134653"}],"curies":[{"name":"wp","href":"https:\/\/api.w.org\/{rel}","templated":true}]}}