{"id":134639,"date":"2021-05-20T22:16:09","date_gmt":"2021-05-20T20:16:09","guid":{"rendered":"https:\/\/www.shavei.org\/historia-de-los-anusim\/"},"modified":"2021-05-20T22:16:09","modified_gmt":"2021-05-20T20:16:09","slug":"historia-de-los-anusim","status":"publish","type":"page","link":"https:\/\/www.shavei.org\/pt-pt\/historia-de-los-anusim\/","title":{"rendered":"Historia de los Anusim"},"content":{"rendered":"<p><img decoding=\"async\" class=\"wp-image-9523 size-full aligncenter\" src=\"https:\/\/casa-anusim.shavei.org\/wp-content\/uploads\/2021\/04\/migrationsephardim.jpg\" alt=\"\" width=\"815\" height=\"562\" \/>Los bnei anusim (hijos de los forzados) fueron conocidos como cristianos nuevos, luego criptojud\u00edos y quiz\u00e1s paralelamente \u2013desde siempre\u2013 marranos. Seg\u00fan la Real Academia de la Lengua \u201cmarrano\u201d proviene del \u00e1rabe mujarr\u00e1m (mujarrano &gt; murrano &gt; marrano; que en \u00e1rabe tiene la acepci\u00f3n de maldito o prohibido). Esta palabra \u00e1rabe se convirti\u00f3, para los cristianos de la Espa\u00f1a musulmana, en sin\u00f3nimo de cerdo (obviamente, debido a la exclusi\u00f3n de este animal en la dieta c\u00e1rnica de \u00e1rabes e israelitas).<\/p>\n<p>Los primeros jud\u00edos secretos o escondidos (criptojud\u00edos) viv\u00edan en la pen\u00ednsula ib\u00e9rica en el siglo 14 de la era com\u00fan, despu\u00e9s de haber renunciado a su identidad cultural, nacional y espiritual\u2026 Bien haya sido por coerci\u00f3n o por supervivencia, p\u00fablicamente ten\u00edan que profesar la fe cat\u00f3lica romana aunque secretamente segu\u00edan practicando \u2013en lo posible\u2013 su juda\u00edsmo.<\/p>\n<p>En su mayor\u00eda, \u00e9sto sucedi\u00f3 despu\u00e9s que los reyes cat\u00f3licos finalizaron la \u201creconquista\u201d de la pen\u00ednsula, anexando a Castilla todos los territorios isl\u00e1micos. En este sentido, hay que recordar que tambi\u00e9n el pueblo \u00e1rabe fue expulsado de Espa\u00f1a u obligado a dejar sus costumbres y fe.<\/p>\n<p>En general, despu\u00e9s de estos tr\u00e1gicos episodios, cualquier persona diferente (a lo que la corona quer\u00eda imponer como modelo del nuevo habitante de la pen\u00ednsula) era menospreciada, mal vista, y ya para el siglo 14 EC hab\u00eda surgido una ola de intolerancia contra el pueblo jud\u00edo.<\/p>\n<p>La conversi\u00f3n de israelitas a la fe cristiana pronto se convirti\u00f3 en algo de dudosa efectividad, lo que result\u00f3 en varias oleadas de severa persecuci\u00f3n contra ellos, y en las que murieron miles de personas.<\/p>\n<p>La Inquisici\u00f3n Espa\u00f1ola fue instituida a finales del siglo 15 EC para as\u00ed exponer a los nuevos cristianos con una conversi\u00f3n no sincera. Asimismo, posteriormente, la expulsi\u00f3n del pueblo jud\u00edo de Espa\u00f1a en 1492 se debi\u00f3 en parte a las acusaciones de que los anusim estaban pecando al querer volver al juda\u00edsmo\u2026 o peor a\u00fan, de \u201cjudeizar\u201d a otras personas.<\/p>\n<p>Sefarad (la Espa\u00f1a y Portugal de hoy) ten\u00eda una poblaci\u00f3n israelita importante para finales del Medioevo, bajo dominio musulm\u00e1n. Ello, debido a la pol\u00edtica relativamente tolerante del Islam hacia el Pueblo \u201cdel Libro\u201d.<\/p>\n<p>Sin embargo no fue hasta despu\u00e9s de la reconquista espa\u00f1ola de las tierras musulmanas, a manos de los reyes cat\u00f3licos, cuando el antijuda\u00edsmo cristiano puso al pueblo hebreo bajo presi\u00f3n para tomar una identidad y fe ajenas.<\/p>\n<p>En el siglo 14 EC, ya hab\u00edan turbas de activistas cristianos atacando personas jud\u00edas en las principales ciudades de la pen\u00ednsula.<\/p>\n<p>De esta maneta miles de hebreos pasaron a ser m\u00e1rtires de su identidad cultural y su fe. Aunque fueron muchos m\u00e1s los que accedieron o fueron forzados a pasar por una pila bautismal, dando origen a los conversos, nuevos cristianos, criptojud\u00edos, marranos\u2026 todos t\u00e9rminos para lo que hoy llamanos bnei anusim.<\/p>\n<p>A partir de ese momento, comienza una larga historia de experiencias personales y familiares, conexiones, desconexiones con la esencia jud\u00eda. Tradiciones mantenidas en un origen olvidado, hasta que siglos despu\u00e9s\u2026 con la llegada de jud\u00edos desde el Norte de \u00c1frica y Am\u00e9rica Latina, empieza a formarse de nuevo una comunidad jud\u00eda en la pen\u00ednsula, desde donde sus antepasados hab\u00edan sido asesinados, expulsados o forzados a vivir otra vida.<\/p>\n<p>Ya con una comunidad visible y personas de referencia, empiezan a aflorar historias de la ni\u00f1ez, recuerdos de los abuelos y bisabuelos, o sencillamente, las almas se ven reconectadas inexplicablemente con personas hasta este momento desconocidas. Se despierta la curiosidad, personas se ven identificadas con otras, o revelan secretos familiares sobre el hasta ahora oculto origen jud\u00edo de la familia. Tambi\u00e9n ocurre lo mismo a trav\u00e9s del acceso a internet, historias similares, o lecturas en p\u00e1ginas web de contenido jud\u00edo.<\/p>\n<p>Hay necesidad de saber m\u00e1s. Y ah\u00ed es donde entra Beit Haanusim, como una herramienta y punto de encuentro, que facilite el acceso a las comunidades jud\u00edas, al estudio sistem\u00e1tico sobre la identidad perdida, y servir as\u00ed de ayuda a todas loa que sienten la necesidad de profundizar sobre los m\u00e1s de 500 a\u00f1os que han pasado desde la Inquisisi\u00f3n y la expulsi\u00f3n\u2026 y as\u00ed reconectar el presente, con el momento anterior a este tr\u00e1gico evento que dividi\u00f3 a un pueblo y marc\u00f3 una historia.<\/p>\n","protected":false},"excerpt":{"rendered":"<p>Los bnei anusim (hijos de los forzados) fueron conocidos como cristianos nuevos, luego criptojud\u00edos y quiz\u00e1s paralelamente \u2013desde siempre\u2013 marranos. Seg\u00fan la Real Academia de la Lengua \u201cmarrano\u201d proviene del \u00e1rabe mujarr\u00e1m (mujarrano &gt; murrano &gt; marrano; que en \u00e1rabe tiene la acepci\u00f3n de maldito&#8230;<\/p>\n","protected":false},"author":31,"featured_media":0,"parent":0,"menu_order":0,"comment_status":"open","ping_status":"open","template":"","meta":{"give_campaign_id":0,"_exactmetrics_skip_tracking":false,"_exactmetrics_sitenote_active":false,"_exactmetrics_sitenote_note":"","_exactmetrics_sitenote_category":0,"ngg_post_thumbnail":0,"footnotes":""},"class_list":["post-134639","page","type-page","status-publish","hentry"],"yoast_head":"<!-- This site is optimized with the Yoast SEO plugin v27.1.1 - https:\/\/yoast.com\/product\/yoast-seo-wordpress\/ -->\n<title>Historia de los Anusim - Shavei Israel<\/title>\n<meta name=\"robots\" content=\"index, follow, max-snippet:-1, max-image-preview:large, max-video-preview:-1\" \/>\n<link rel=\"canonical\" href=\"https:\/\/www.shavei.org\/pt-pt\/historia-de-los-anusim\/\" \/>\n<meta property=\"og:locale\" content=\"en_US\" \/>\n<meta property=\"og:type\" content=\"article\" \/>\n<meta property=\"og:title\" content=\"Historia de los Anusim - Shavei Israel\" \/>\n<meta property=\"og:description\" content=\"Los bnei anusim (hijos de los forzados) fueron conocidos como cristianos nuevos, luego criptojud\u00edos y quiz\u00e1s paralelamente \u2013desde siempre\u2013 marranos. Seg\u00fan la Real Academia de la Lengua \u201cmarrano\u201d proviene del \u00e1rabe mujarr\u00e1m (mujarrano &gt; murrano &gt; marrano; que en \u00e1rabe tiene la acepci\u00f3n de maldito...\" \/>\n<meta property=\"og:url\" content=\"https:\/\/www.shavei.org\/pt-pt\/historia-de-los-anusim\/\" \/>\n<meta property=\"og:site_name\" content=\"Shavei Israel\" \/>\n<meta property=\"og:image\" content=\"https:\/\/casa-anusim.shavei.org\/wp-content\/uploads\/2021\/04\/migrationsephardim.jpg\" \/>\n<meta name=\"twitter:card\" content=\"summary_large_image\" \/>\n<meta name=\"twitter:label1\" content=\"Est. reading time\" \/>\n\t<meta name=\"twitter:data1\" content=\"4 minutes\" \/>\n<script type=\"application\/ld+json\" class=\"yoast-schema-graph\">{\"@context\":\"https:\/\/schema.org\",\"@graph\":[{\"@type\":\"WebPage\",\"@id\":\"https:\/\/www.shavei.org\/pt-pt\/historia-de-los-anusim\/\",\"url\":\"https:\/\/www.shavei.org\/pt-pt\/historia-de-los-anusim\/\",\"name\":\"Historia de los Anusim - Shavei Israel\",\"isPartOf\":{\"@id\":\"https:\/\/www.shavei.org\/#website\"},\"primaryImageOfPage\":{\"@id\":\"https:\/\/www.shavei.org\/pt-pt\/historia-de-los-anusim\/#primaryimage\"},\"image\":{\"@id\":\"https:\/\/www.shavei.org\/pt-pt\/historia-de-los-anusim\/#primaryimage\"},\"thumbnailUrl\":\"https:\/\/casa-anusim.shavei.org\/wp-content\/uploads\/2021\/04\/migrationsephardim.jpg\",\"datePublished\":\"2021-05-20T20:16:09+00:00\",\"breadcrumb\":{\"@id\":\"https:\/\/www.shavei.org\/pt-pt\/historia-de-los-anusim\/#breadcrumb\"},\"inLanguage\":\"sp\",\"potentialAction\":[{\"@type\":\"ReadAction\",\"target\":[\"https:\/\/www.shavei.org\/pt-pt\/historia-de-los-anusim\/\"]}]},{\"@type\":\"ImageObject\",\"inLanguage\":\"sp\",\"@id\":\"https:\/\/www.shavei.org\/pt-pt\/historia-de-los-anusim\/#primaryimage\",\"url\":\"https:\/\/casa-anusim.shavei.org\/wp-content\/uploads\/2021\/04\/migrationsephardim.jpg\",\"contentUrl\":\"https:\/\/casa-anusim.shavei.org\/wp-content\/uploads\/2021\/04\/migrationsephardim.jpg\"},{\"@type\":\"BreadcrumbList\",\"@id\":\"https:\/\/www.shavei.org\/pt-pt\/historia-de-los-anusim\/#breadcrumb\",\"itemListElement\":[{\"@type\":\"ListItem\",\"position\":1,\"name\":\"Home\",\"item\":\"https:\/\/www.shavei.org\/pt-pt\/\"},{\"@type\":\"ListItem\",\"position\":2,\"name\":\"Historia de los Anusim\"}]},{\"@type\":\"WebSite\",\"@id\":\"https:\/\/www.shavei.org\/#website\",\"url\":\"https:\/\/www.shavei.org\/\",\"name\":\"Shavei Israel\",\"description\":\"One nation, many faces. We help them all return.\",\"publisher\":{\"@id\":\"https:\/\/www.shavei.org\/#organization\"},\"potentialAction\":[{\"@type\":\"SearchAction\",\"target\":{\"@type\":\"EntryPoint\",\"urlTemplate\":\"https:\/\/www.shavei.org\/?s={search_term_string}\"},\"query-input\":{\"@type\":\"PropertyValueSpecification\",\"valueRequired\":true,\"valueName\":\"search_term_string\"}}],\"inLanguage\":\"sp\"},{\"@type\":\"Organization\",\"@id\":\"https:\/\/www.shavei.org\/#organization\",\"name\":\"Shavei Israel\",\"url\":\"https:\/\/www.shavei.org\/\",\"logo\":{\"@type\":\"ImageObject\",\"inLanguage\":\"sp\",\"@id\":\"https:\/\/www.shavei.org\/#\/schema\/logo\/image\/\",\"url\":\"https:\/\/www.shavei.org\/wp-content\/uploads\/2017\/10\/shavei-logo.jpg\",\"contentUrl\":\"https:\/\/www.shavei.org\/wp-content\/uploads\/2017\/10\/shavei-logo.jpg\",\"width\":300,\"height\":285,\"caption\":\"Shavei Israel\"},\"image\":{\"@id\":\"https:\/\/www.shavei.org\/#\/schema\/logo\/image\/\"}}]}<\/script>\n<!-- \/ Yoast SEO plugin. -->","yoast_head_json":{"title":"Historia de los Anusim - Shavei Israel","robots":{"index":"index","follow":"follow","max-snippet":"max-snippet:-1","max-image-preview":"max-image-preview:large","max-video-preview":"max-video-preview:-1"},"canonical":"https:\/\/www.shavei.org\/pt-pt\/historia-de-los-anusim\/","og_locale":"en_US","og_type":"article","og_title":"Historia de los Anusim - Shavei Israel","og_description":"Los bnei anusim (hijos de los forzados) fueron conocidos como cristianos nuevos, luego criptojud\u00edos y quiz\u00e1s paralelamente \u2013desde siempre\u2013 marranos. Seg\u00fan la Real Academia de la Lengua \u201cmarrano\u201d proviene del \u00e1rabe mujarr\u00e1m (mujarrano &gt; murrano &gt; marrano; que en \u00e1rabe tiene la acepci\u00f3n de maldito...","og_url":"https:\/\/www.shavei.org\/pt-pt\/historia-de-los-anusim\/","og_site_name":"Shavei Israel","og_image":[{"url":"https:\/\/casa-anusim.shavei.org\/wp-content\/uploads\/2021\/04\/migrationsephardim.jpg","type":"","width":"","height":""}],"twitter_card":"summary_large_image","twitter_misc":{"Est. reading time":"4 minutes"},"schema":{"@context":"https:\/\/schema.org","@graph":[{"@type":"WebPage","@id":"https:\/\/www.shavei.org\/pt-pt\/historia-de-los-anusim\/","url":"https:\/\/www.shavei.org\/pt-pt\/historia-de-los-anusim\/","name":"Historia de los Anusim - Shavei Israel","isPartOf":{"@id":"https:\/\/www.shavei.org\/#website"},"primaryImageOfPage":{"@id":"https:\/\/www.shavei.org\/pt-pt\/historia-de-los-anusim\/#primaryimage"},"image":{"@id":"https:\/\/www.shavei.org\/pt-pt\/historia-de-los-anusim\/#primaryimage"},"thumbnailUrl":"https:\/\/casa-anusim.shavei.org\/wp-content\/uploads\/2021\/04\/migrationsephardim.jpg","datePublished":"2021-05-20T20:16:09+00:00","breadcrumb":{"@id":"https:\/\/www.shavei.org\/pt-pt\/historia-de-los-anusim\/#breadcrumb"},"inLanguage":"sp","potentialAction":[{"@type":"ReadAction","target":["https:\/\/www.shavei.org\/pt-pt\/historia-de-los-anusim\/"]}]},{"@type":"ImageObject","inLanguage":"sp","@id":"https:\/\/www.shavei.org\/pt-pt\/historia-de-los-anusim\/#primaryimage","url":"https:\/\/casa-anusim.shavei.org\/wp-content\/uploads\/2021\/04\/migrationsephardim.jpg","contentUrl":"https:\/\/casa-anusim.shavei.org\/wp-content\/uploads\/2021\/04\/migrationsephardim.jpg"},{"@type":"BreadcrumbList","@id":"https:\/\/www.shavei.org\/pt-pt\/historia-de-los-anusim\/#breadcrumb","itemListElement":[{"@type":"ListItem","position":1,"name":"Home","item":"https:\/\/www.shavei.org\/pt-pt\/"},{"@type":"ListItem","position":2,"name":"Historia de los Anusim"}]},{"@type":"WebSite","@id":"https:\/\/www.shavei.org\/#website","url":"https:\/\/www.shavei.org\/","name":"Shavei Israel","description":"One nation, many faces. We help them all return.","publisher":{"@id":"https:\/\/www.shavei.org\/#organization"},"potentialAction":[{"@type":"SearchAction","target":{"@type":"EntryPoint","urlTemplate":"https:\/\/www.shavei.org\/?s={search_term_string}"},"query-input":{"@type":"PropertyValueSpecification","valueRequired":true,"valueName":"search_term_string"}}],"inLanguage":"sp"},{"@type":"Organization","@id":"https:\/\/www.shavei.org\/#organization","name":"Shavei Israel","url":"https:\/\/www.shavei.org\/","logo":{"@type":"ImageObject","inLanguage":"sp","@id":"https:\/\/www.shavei.org\/#\/schema\/logo\/image\/","url":"https:\/\/www.shavei.org\/wp-content\/uploads\/2017\/10\/shavei-logo.jpg","contentUrl":"https:\/\/www.shavei.org\/wp-content\/uploads\/2017\/10\/shavei-logo.jpg","width":300,"height":285,"caption":"Shavei Israel"},"image":{"@id":"https:\/\/www.shavei.org\/#\/schema\/logo\/image\/"}}]}},"campaignId":"","_links":{"self":[{"href":"https:\/\/www.shavei.org\/pt-pt\/wp-json\/wp\/v2\/pages\/134639","targetHints":{"allow":["GET"]}}],"collection":[{"href":"https:\/\/www.shavei.org\/pt-pt\/wp-json\/wp\/v2\/pages"}],"about":[{"href":"https:\/\/www.shavei.org\/pt-pt\/wp-json\/wp\/v2\/types\/page"}],"author":[{"embeddable":true,"href":"https:\/\/www.shavei.org\/pt-pt\/wp-json\/wp\/v2\/users\/31"}],"replies":[{"embeddable":true,"href":"https:\/\/www.shavei.org\/pt-pt\/wp-json\/wp\/v2\/comments?post=134639"}],"version-history":[{"count":0,"href":"https:\/\/www.shavei.org\/pt-pt\/wp-json\/wp\/v2\/pages\/134639\/revisions"}],"wp:attachment":[{"href":"https:\/\/www.shavei.org\/pt-pt\/wp-json\/wp\/v2\/media?parent=134639"}],"curies":[{"name":"wp","href":"https:\/\/api.w.org\/{rel}","templated":true}]}}