{"id":134637,"date":"2021-05-20T22:16:09","date_gmt":"2021-05-20T20:16:09","guid":{"rendered":"https:\/\/www.shavei.org\/temarios\/"},"modified":"2021-05-20T22:16:09","modified_gmt":"2021-05-20T20:16:09","slug":"temarios","status":"publish","type":"page","link":"https:\/\/www.shavei.org\/pt-pt\/temarios\/","title":{"rendered":"Temarios"},"content":{"rendered":"<div class=\"wpb-content-wrapper\"><p>[vc_row][vc_column][vc_column_text]<\/p>\n<blockquote><p>Para aquellos que\u00a0<strong>apenas comienzan<\/strong>\u00a0el camino y para los que ya\u00a0<strong>han empezado<\/strong>\u00a0hace tiempo\u00a0<em>pero no tienen un programa definido del cual estudiar<\/em>, les presentamos una propuesta de\u00a0<strong>temas \u00fatiles<\/strong>\u00a0que les pueden servir como\u00a0<strong>gu\u00eda<\/strong>.<\/p>\n<p>El temario es s\u00f3lo un<strong>\u00a0resumen de temas relevantes<\/strong>\u00a0y cada\u00a0<em>tribunal rab\u00ednico<\/em>\u00a0puede hacer hincapi\u00e9 en\u00a0<strong>diferentes contenidos<\/strong>.<\/p>\n<p>Esperamos que pueda\u00a0<strong>servirle de ayuda<\/strong>\u00a0como idea general y, que de aqu\u00ed florezcan y crezcan en el\u00a0<strong>cumplimiento y el conocimiento de la Tor\u00e1<\/strong>, en el camino al retorno o a la conversi\u00f3n y sobre todo despu\u00e9s del mismo.<\/p><\/blockquote>\n<p><img decoding=\"async\" class=\"alignright\" src=\"https:\/\/web.archive.org\/web\/20200201034712im_\/https:\/\/i1.wp.com\/www.challahcrumbs.com\/images\/TenCommandments_white.jpg?resize=202%2C178\" alt=\"\" width=\"202\" height=\"178\" data-recalc-dims=\"1\" \/><strong>1. LOS DIEZ MANDAMIENTOS<\/strong><\/p>\n<p>Cu\u00e1les son, c\u00f3mo se subdividen, cu\u00e1l es la diferencia entre ellos y la Tor\u00e1, cu\u00e1l es la diferencia entre ellos y las 7 mitzvot de N\u00f3aj, cu\u00e1l es la diferencia entre la Tor\u00e1 oral y la Tor\u00e1 escrita.<\/p>\n<p><strong>2. LOS TRECE PRINCIPIOS DE LA FE<\/strong><\/p>\n<p>Cu\u00e1les son y qui\u00e9n los escribi\u00f3.<\/p>\n<p><strong>3. TANAJ<\/strong><\/p>\n<p>Cu\u00e1les son los libros y c\u00f3mo se subdividen. Conocimiento de las distintas porciones semanales. Cu\u00e1ndo se lee la Tor\u00e1, qu\u00e9 es la haftar\u00e1, qu\u00e9 es el maftir, cu\u00e1ntas personas suben a la Tor\u00e1 en cada oportunidad, etc.<\/p>\n<p><strong>4. SHABAT<\/strong><\/p>\n<p>Qu\u00e9 representa, cu\u00e1les son las mitzvot referentes a este sagrado d\u00eda, cu\u00e1ntas prohibiciones hay y cu\u00e1les son, de d\u00f3nde provienen, cu\u00e1les son los derivados de las prohibiciones, cu\u00e1ndo comienza y termina el Shabat, qu\u00e9 diferencia hay con un Yom Tov, c\u00f3mo se calienta comida en Shabat.<\/p>\n<p><strong><img decoding=\"async\" class=\"alignright\" src=\"https:\/\/web.archive.org\/web\/20200201034712im_\/https:\/\/i1.wp.com\/cache2.artprintimages.com\/lrg\/26\/2694\/HLTUD00Z.jpg?resize=280%2C210\" alt=\"\" width=\"280\" height=\"210\" data-recalc-dims=\"1\" \/>5. FESTIVIDADES<\/strong><\/p>\n<p>Cu\u00e1ndo caen en el calendario gregoriano, qu\u00e9 representan, qu\u00e9 preceptos especiales tiene cada una, cu\u00e1les son de la Tor\u00e1 y cu\u00e1les son de Rabinos, qu\u00e9 tefilot se hacen.<\/p>\n<p><strong>6. LOS AYUNOS<\/strong><\/p>\n<p>Cu\u00e1les hay, qu\u00e9 representa cada uno, cu\u00e1les son de la Tor\u00e1 y cu\u00e1les de rabinos, cu\u00e1les son completos y cu\u00e1les son medio ayuno.<\/p>\n<p><strong>7. LAS BENDICIONES<\/strong><\/p>\n<p>Cu\u00e1ndo las recitamos, cu\u00e1les son, qu\u00e9 cantidad m\u00ednima hay que comer para recitar la bendici\u00f3n de despu\u00e9s de las comidas, qu\u00e9 otras bendiciones hay aparte de la de los alimentos, qui\u00e9nes las decretaron.<\/p>\n<p><strong>8. ORDEN DEL D\u00cdA<\/strong><\/p>\n<p>Qu\u00e9 se hace al despertarse, cu\u00e1ntas plegarias diarias hay y c\u00f3mo est\u00e1n divididas, qu\u00e9 es un mini\u00e1n, qu\u00e9 representan el talit y los tefil\u00edn, qu\u00e9 es el Shem\u00e1 Israel, c\u00f3mo est\u00e1 dividido y cu\u00e1ndo es recitado. Qu\u00e9 es la Amid\u00e1, c\u00f3mo est\u00e1 dividida, cu\u00e1ntas bendiciones tiene, cu\u00e1ndo y c\u00f3mo es recitada; qu\u00e9 variaciones puede tener, qu\u00e9 es el kadish, qu\u00e9 se recita antes de dormir.<\/p>\n<p><strong>9. KASHRUT<\/strong><\/p>\n<p>De d\u00f3nde proviene el precepto, cu\u00e1les son las leyes b\u00e1sicas, que tipo de alimentos se puede consumir, cu\u00e1les son las leyes respecto a los utensillos.<\/p>\n<p><strong>10. MEZUZ\u00c1<\/strong><\/p>\n<p>Qu\u00e9 representa, d\u00f3nde figura el precepto, cu\u00e1ndo hay que fijarla.<\/p>\n<p><strong>11. MITZVOT RELACIONADAS CON EL CICLO DE VIDA del ni\u00f1o y el joven<\/strong><\/p>\n<p>Brit mil\u00e1, pidi\u00f3n haben, bar mitzv\u00e1. D\u00f3nde est\u00e1n escritas, cu\u00e1les son sus leyes, sobre qui\u00e9n recaen.<\/p>\n<p><strong><img decoding=\"async\" class=\"alignright\" src=\"https:\/\/web.archive.org\/web\/20200201034712im_\/https:\/\/t1.gstatic.com\/images?q=tbn:ANd9GcTjLz0SHqk14oDTPWZ94hMkx5fvdFIF5GnjZNNSGPAW3GTCaKFbcCm0cxmEkA\" alt=\"\" width=\"183\" height=\"276\" \/>12. LEYES MATRIMONIALES<\/strong><\/p>\n<p>Uniones prohibidas, leyes de la uni\u00f3n matrimonial, fundamentos en que se basa la pureza familiar y leyes de la misma.<\/p>\n<p><strong>13. DUELO<\/strong><\/p>\n<p>Reglas relativas al on\u00e9n, el entierro, la kri\u00e1, la shiv\u00e1. Reglas concernientes a la impureza del kohen, consolaci\u00f3n de enlutados, aniversario del fallecimiento, concepto del mundo venidero.<\/p>\n<p><strong>14. MITZVOT ESPEC\u00cdFICAS DE LA TIERRA DE ISRAEL<\/strong><\/p>\n<p>Cu\u00e1les son, d\u00f3nde figuran, cu\u00e1les son su objetivos, cu\u00e1les son sus leyes principales.<\/p>\n<p><strong>15. SIETE ESPECIES con las que fue bendecida la Tierra de Israel<\/strong><\/p>\n<p>Cu\u00e1les son, d\u00f3nde figuran.<\/p>\n<p><strong>16. J\u00c9SED<\/strong><\/p>\n<p>Qu\u00e9 actos de bondad y beneficiencia recalca la Tor\u00e1, d\u00f3nde est\u00e1n escritos y cu\u00e1les son sus leyes.<\/p>\n<p><strong>17. HISTORIA JUD\u00cdA<\/strong><\/p>\n<p>Qui\u00e9nes son los patriarcas y las matriarcas, cu\u00e1les son las doce tribus, cu\u00e1l es el orden de transmici\u00f3n de la Tor\u00e1 desde Mosh\u00e9 hasta hoy en d\u00eda. Cu\u00e1les y cu\u00e1ndo tuvieron lugar los distintos exilios, qui\u00e9nes fueron los primeros reyes de Israel.[\/vc_column_text][\/vc_column][\/vc_row]<\/p>\n<\/div>","protected":false},"excerpt":{"rendered":"<p>[vc_row][vc_column][vc_column_text] Para aquellos que\u00a0apenas comienzan\u00a0el camino y para los que ya\u00a0han empezado\u00a0hace tiempo\u00a0pero no tienen un programa definido del cual estudiar, les presentamos una propuesta de\u00a0temas \u00fatiles\u00a0que les pueden servir como\u00a0gu\u00eda. El temario es s\u00f3lo un\u00a0resumen de temas relevantes\u00a0y cada\u00a0tribunal rab\u00ednico\u00a0puede hacer hincapi\u00e9 en\u00a0diferentes contenidos&#8230;.<\/p>\n","protected":false},"author":31,"featured_media":0,"parent":0,"menu_order":0,"comment_status":"open","ping_status":"open","template":"","meta":{"give_campaign_id":0,"_exactmetrics_skip_tracking":false,"_exactmetrics_sitenote_active":false,"_exactmetrics_sitenote_note":"","_exactmetrics_sitenote_category":0,"ngg_post_thumbnail":0,"footnotes":""},"class_list":["post-134637","page","type-page","status-publish","hentry"],"yoast_head":"<!-- This site is optimized with the Yoast SEO plugin v27.1.1 - https:\/\/yoast.com\/product\/yoast-seo-wordpress\/ -->\n<title>Temarios - Shavei Israel<\/title>\n<meta name=\"robots\" content=\"index, follow, max-snippet:-1, max-image-preview:large, max-video-preview:-1\" \/>\n<link rel=\"canonical\" href=\"https:\/\/www.shavei.org\/pt-pt\/temarios\/\" \/>\n<meta property=\"og:locale\" content=\"en_US\" \/>\n<meta property=\"og:type\" content=\"article\" \/>\n<meta property=\"og:title\" content=\"Temarios - Shavei Israel\" \/>\n<meta property=\"og:description\" content=\"[vc_row][vc_column][vc_column_text] Para aquellos que\u00a0apenas comienzan\u00a0el camino y para los que ya\u00a0han empezado\u00a0hace tiempo\u00a0pero no tienen un programa definido del cual estudiar, les presentamos una propuesta de\u00a0temas \u00fatiles\u00a0que les pueden servir como\u00a0gu\u00eda. El temario es s\u00f3lo un\u00a0resumen de temas relevantes\u00a0y cada\u00a0tribunal rab\u00ednico\u00a0puede hacer hincapi\u00e9 en\u00a0diferentes contenidos....\" \/>\n<meta property=\"og:url\" content=\"https:\/\/www.shavei.org\/pt-pt\/temarios\/\" \/>\n<meta property=\"og:site_name\" content=\"Shavei Israel\" \/>\n<meta property=\"og:image\" content=\"https:\/\/web.archive.org\/web\/20200201034712im_\/https:\/\/i1.wp.com\/www.challahcrumbs.com\/images\/TenCommandments_white.jpg?resize=202%2C178\" \/>\n<meta name=\"twitter:card\" content=\"summary_large_image\" \/>\n<meta name=\"twitter:label1\" content=\"Est. reading time\" \/>\n\t<meta name=\"twitter:data1\" content=\"4 minutes\" \/>\n<script type=\"application\/ld+json\" class=\"yoast-schema-graph\">{\"@context\":\"https:\/\/schema.org\",\"@graph\":[{\"@type\":\"WebPage\",\"@id\":\"https:\/\/www.shavei.org\/pt-pt\/temarios\/\",\"url\":\"https:\/\/www.shavei.org\/pt-pt\/temarios\/\",\"name\":\"Temarios - Shavei Israel\",\"isPartOf\":{\"@id\":\"https:\/\/www.shavei.org\/#website\"},\"primaryImageOfPage\":{\"@id\":\"https:\/\/www.shavei.org\/pt-pt\/temarios\/#primaryimage\"},\"image\":{\"@id\":\"https:\/\/www.shavei.org\/pt-pt\/temarios\/#primaryimage\"},\"thumbnailUrl\":\"https:\/\/web.archive.org\/web\/20200201034712im_\/https:\/\/i1.wp.com\/www.challahcrumbs.com\/images\/TenCommandments_white.jpg?resize=202%2C178\",\"datePublished\":\"2021-05-20T20:16:09+00:00\",\"breadcrumb\":{\"@id\":\"https:\/\/www.shavei.org\/pt-pt\/temarios\/#breadcrumb\"},\"inLanguage\":\"sp\",\"potentialAction\":[{\"@type\":\"ReadAction\",\"target\":[\"https:\/\/www.shavei.org\/pt-pt\/temarios\/\"]}]},{\"@type\":\"ImageObject\",\"inLanguage\":\"sp\",\"@id\":\"https:\/\/www.shavei.org\/pt-pt\/temarios\/#primaryimage\",\"url\":\"https:\/\/web.archive.org\/web\/20200201034712im_\/https:\/\/i1.wp.com\/www.challahcrumbs.com\/images\/TenCommandments_white.jpg?resize=202%2C178\",\"contentUrl\":\"https:\/\/web.archive.org\/web\/20200201034712im_\/https:\/\/i1.wp.com\/www.challahcrumbs.com\/images\/TenCommandments_white.jpg?resize=202%2C178\"},{\"@type\":\"BreadcrumbList\",\"@id\":\"https:\/\/www.shavei.org\/pt-pt\/temarios\/#breadcrumb\",\"itemListElement\":[{\"@type\":\"ListItem\",\"position\":1,\"name\":\"Home\",\"item\":\"https:\/\/www.shavei.org\/pt-pt\/\"},{\"@type\":\"ListItem\",\"position\":2,\"name\":\"Temarios\"}]},{\"@type\":\"WebSite\",\"@id\":\"https:\/\/www.shavei.org\/#website\",\"url\":\"https:\/\/www.shavei.org\/\",\"name\":\"Shavei Israel\",\"description\":\"One nation, many faces. We help them all return.\",\"publisher\":{\"@id\":\"https:\/\/www.shavei.org\/#organization\"},\"potentialAction\":[{\"@type\":\"SearchAction\",\"target\":{\"@type\":\"EntryPoint\",\"urlTemplate\":\"https:\/\/www.shavei.org\/?s={search_term_string}\"},\"query-input\":{\"@type\":\"PropertyValueSpecification\",\"valueRequired\":true,\"valueName\":\"search_term_string\"}}],\"inLanguage\":\"sp\"},{\"@type\":\"Organization\",\"@id\":\"https:\/\/www.shavei.org\/#organization\",\"name\":\"Shavei Israel\",\"url\":\"https:\/\/www.shavei.org\/\",\"logo\":{\"@type\":\"ImageObject\",\"inLanguage\":\"sp\",\"@id\":\"https:\/\/www.shavei.org\/#\/schema\/logo\/image\/\",\"url\":\"https:\/\/www.shavei.org\/wp-content\/uploads\/2017\/10\/shavei-logo.jpg\",\"contentUrl\":\"https:\/\/www.shavei.org\/wp-content\/uploads\/2017\/10\/shavei-logo.jpg\",\"width\":300,\"height\":285,\"caption\":\"Shavei Israel\"},\"image\":{\"@id\":\"https:\/\/www.shavei.org\/#\/schema\/logo\/image\/\"}}]}<\/script>\n<!-- \/ Yoast SEO plugin. -->","yoast_head_json":{"title":"Temarios - Shavei Israel","robots":{"index":"index","follow":"follow","max-snippet":"max-snippet:-1","max-image-preview":"max-image-preview:large","max-video-preview":"max-video-preview:-1"},"canonical":"https:\/\/www.shavei.org\/pt-pt\/temarios\/","og_locale":"en_US","og_type":"article","og_title":"Temarios - Shavei Israel","og_description":"[vc_row][vc_column][vc_column_text] Para aquellos que\u00a0apenas comienzan\u00a0el camino y para los que ya\u00a0han empezado\u00a0hace tiempo\u00a0pero no tienen un programa definido del cual estudiar, les presentamos una propuesta de\u00a0temas \u00fatiles\u00a0que les pueden servir como\u00a0gu\u00eda. El temario es s\u00f3lo un\u00a0resumen de temas relevantes\u00a0y cada\u00a0tribunal rab\u00ednico\u00a0puede hacer hincapi\u00e9 en\u00a0diferentes contenidos....","og_url":"https:\/\/www.shavei.org\/pt-pt\/temarios\/","og_site_name":"Shavei Israel","og_image":[{"url":"https:\/\/web.archive.org\/web\/20200201034712im_\/https:\/\/i1.wp.com\/www.challahcrumbs.com\/images\/TenCommandments_white.jpg?resize=202%2C178","type":"","width":"","height":""}],"twitter_card":"summary_large_image","twitter_misc":{"Est. reading time":"4 minutes"},"schema":{"@context":"https:\/\/schema.org","@graph":[{"@type":"WebPage","@id":"https:\/\/www.shavei.org\/pt-pt\/temarios\/","url":"https:\/\/www.shavei.org\/pt-pt\/temarios\/","name":"Temarios - Shavei Israel","isPartOf":{"@id":"https:\/\/www.shavei.org\/#website"},"primaryImageOfPage":{"@id":"https:\/\/www.shavei.org\/pt-pt\/temarios\/#primaryimage"},"image":{"@id":"https:\/\/www.shavei.org\/pt-pt\/temarios\/#primaryimage"},"thumbnailUrl":"https:\/\/web.archive.org\/web\/20200201034712im_\/https:\/\/i1.wp.com\/www.challahcrumbs.com\/images\/TenCommandments_white.jpg?resize=202%2C178","datePublished":"2021-05-20T20:16:09+00:00","breadcrumb":{"@id":"https:\/\/www.shavei.org\/pt-pt\/temarios\/#breadcrumb"},"inLanguage":"sp","potentialAction":[{"@type":"ReadAction","target":["https:\/\/www.shavei.org\/pt-pt\/temarios\/"]}]},{"@type":"ImageObject","inLanguage":"sp","@id":"https:\/\/www.shavei.org\/pt-pt\/temarios\/#primaryimage","url":"https:\/\/web.archive.org\/web\/20200201034712im_\/https:\/\/i1.wp.com\/www.challahcrumbs.com\/images\/TenCommandments_white.jpg?resize=202%2C178","contentUrl":"https:\/\/web.archive.org\/web\/20200201034712im_\/https:\/\/i1.wp.com\/www.challahcrumbs.com\/images\/TenCommandments_white.jpg?resize=202%2C178"},{"@type":"BreadcrumbList","@id":"https:\/\/www.shavei.org\/pt-pt\/temarios\/#breadcrumb","itemListElement":[{"@type":"ListItem","position":1,"name":"Home","item":"https:\/\/www.shavei.org\/pt-pt\/"},{"@type":"ListItem","position":2,"name":"Temarios"}]},{"@type":"WebSite","@id":"https:\/\/www.shavei.org\/#website","url":"https:\/\/www.shavei.org\/","name":"Shavei Israel","description":"One nation, many faces. We help them all return.","publisher":{"@id":"https:\/\/www.shavei.org\/#organization"},"potentialAction":[{"@type":"SearchAction","target":{"@type":"EntryPoint","urlTemplate":"https:\/\/www.shavei.org\/?s={search_term_string}"},"query-input":{"@type":"PropertyValueSpecification","valueRequired":true,"valueName":"search_term_string"}}],"inLanguage":"sp"},{"@type":"Organization","@id":"https:\/\/www.shavei.org\/#organization","name":"Shavei Israel","url":"https:\/\/www.shavei.org\/","logo":{"@type":"ImageObject","inLanguage":"sp","@id":"https:\/\/www.shavei.org\/#\/schema\/logo\/image\/","url":"https:\/\/www.shavei.org\/wp-content\/uploads\/2017\/10\/shavei-logo.jpg","contentUrl":"https:\/\/www.shavei.org\/wp-content\/uploads\/2017\/10\/shavei-logo.jpg","width":300,"height":285,"caption":"Shavei Israel"},"image":{"@id":"https:\/\/www.shavei.org\/#\/schema\/logo\/image\/"}}]}},"campaignId":"","_links":{"self":[{"href":"https:\/\/www.shavei.org\/pt-pt\/wp-json\/wp\/v2\/pages\/134637","targetHints":{"allow":["GET"]}}],"collection":[{"href":"https:\/\/www.shavei.org\/pt-pt\/wp-json\/wp\/v2\/pages"}],"about":[{"href":"https:\/\/www.shavei.org\/pt-pt\/wp-json\/wp\/v2\/types\/page"}],"author":[{"embeddable":true,"href":"https:\/\/www.shavei.org\/pt-pt\/wp-json\/wp\/v2\/users\/31"}],"replies":[{"embeddable":true,"href":"https:\/\/www.shavei.org\/pt-pt\/wp-json\/wp\/v2\/comments?post=134637"}],"version-history":[{"count":0,"href":"https:\/\/www.shavei.org\/pt-pt\/wp-json\/wp\/v2\/pages\/134637\/revisions"}],"wp:attachment":[{"href":"https:\/\/www.shavei.org\/pt-pt\/wp-json\/wp\/v2\/media?parent=134637"}],"curies":[{"name":"wp","href":"https:\/\/api.w.org\/{rel}","templated":true}]}}