{"id":134633,"date":"2021-05-20T22:16:09","date_gmt":"2021-05-20T20:16:09","guid":{"rendered":"https:\/\/www.shavei.org\/cursos-de-hebreo-online\/"},"modified":"2021-05-20T22:16:09","modified_gmt":"2021-05-20T20:16:09","slug":"cursos-de-hebreo-online","status":"publish","type":"page","link":"https:\/\/www.shavei.org\/pt-pt\/cursos-de-hebreo-online\/","title":{"rendered":"Cursos de Hebreo Online"},"content":{"rendered":"<div class=\"wpb-content-wrapper\"><p>[vc_row][vc_column][vc_column_text]\u00a1Clases de hebreo para personas que se encuentran en proceso de retorno!<\/p>\n<p>Los invitamos a participar de este nuevo proyecto de Shavei Israel, en el que podr\u00e1n estudiar hebreo, pero desde la perspectiva de la tefil\u00e1, les ayudar\u00e1n a rezar, comprender lo que dicen, conectarse con la liturgia jud\u00eda.<\/p>\n<p>Toda la informaci\u00f3n en la siguiente publicidad. \u00a1Los esperamos![\/vc_column_text][vc_single_image image=&#8221;9576&#8243; img_size=&#8221;full&#8221;][\/vc_column][\/vc_row][vc_row][vc_column][vc_empty_space height=&#8221;100&#8243;][\/vc_column][\/vc_row]<\/p>\n<\/div>","protected":false},"excerpt":{"rendered":"<p>[vc_row][vc_column][vc_column_text]\u00a1Clases de hebreo para personas que se encuentran en proceso de retorno! Los invitamos a participar de este nuevo proyecto de Shavei Israel, en el que podr\u00e1n estudiar hebreo, pero desde la perspectiva de la tefil\u00e1, les ayudar\u00e1n a rezar, comprender lo que dicen, conectarse&#8230;<\/p>\n","protected":false},"author":31,"featured_media":0,"parent":0,"menu_order":0,"comment_status":"open","ping_status":"open","template":"","meta":{"give_campaign_id":0,"_exactmetrics_skip_tracking":false,"_exactmetrics_sitenote_active":false,"_exactmetrics_sitenote_note":"","_exactmetrics_sitenote_category":0,"ngg_post_thumbnail":0,"footnotes":""},"class_list":["post-134633","page","type-page","status-publish","hentry"],"yoast_head":"<!-- This site is optimized with the Yoast SEO plugin v27.1.1 - https:\/\/yoast.com\/product\/yoast-seo-wordpress\/ -->\n<title>Cursos de Hebreo Online - Shavei Israel<\/title>\n<meta name=\"robots\" content=\"index, follow, max-snippet:-1, max-image-preview:large, max-video-preview:-1\" \/>\n<link rel=\"canonical\" href=\"https:\/\/www.shavei.org\/pt-pt\/cursos-de-hebreo-online\/\" \/>\n<meta property=\"og:locale\" content=\"en_US\" \/>\n<meta property=\"og:type\" content=\"article\" \/>\n<meta property=\"og:title\" content=\"Cursos de Hebreo Online - Shavei Israel\" \/>\n<meta property=\"og:description\" content=\"[vc_row][vc_column][vc_column_text]\u00a1Clases de hebreo para personas que se encuentran en proceso de retorno! Los invitamos a participar de este nuevo proyecto de Shavei Israel, en el que podr\u00e1n estudiar hebreo, pero desde la perspectiva de la tefil\u00e1, les ayudar\u00e1n a rezar, comprender lo que dicen, conectarse...\" \/>\n<meta property=\"og:url\" content=\"https:\/\/www.shavei.org\/pt-pt\/cursos-de-hebreo-online\/\" \/>\n<meta property=\"og:site_name\" content=\"Shavei Israel\" \/>\n<meta name=\"twitter:card\" content=\"summary_large_image\" \/>\n<script type=\"application\/ld+json\" class=\"yoast-schema-graph\">{\"@context\":\"https:\/\/schema.org\",\"@graph\":[{\"@type\":\"WebPage\",\"@id\":\"https:\/\/www.shavei.org\/pt-pt\/cursos-de-hebreo-online\/\",\"url\":\"https:\/\/www.shavei.org\/pt-pt\/cursos-de-hebreo-online\/\",\"name\":\"Cursos de Hebreo Online - Shavei Israel\",\"isPartOf\":{\"@id\":\"https:\/\/www.shavei.org\/#website\"},\"datePublished\":\"2021-05-20T20:16:09+00:00\",\"breadcrumb\":{\"@id\":\"https:\/\/www.shavei.org\/pt-pt\/cursos-de-hebreo-online\/#breadcrumb\"},\"inLanguage\":\"sp\",\"potentialAction\":[{\"@type\":\"ReadAction\",\"target\":[\"https:\/\/www.shavei.org\/pt-pt\/cursos-de-hebreo-online\/\"]}]},{\"@type\":\"BreadcrumbList\",\"@id\":\"https:\/\/www.shavei.org\/pt-pt\/cursos-de-hebreo-online\/#breadcrumb\",\"itemListElement\":[{\"@type\":\"ListItem\",\"position\":1,\"name\":\"Home\",\"item\":\"https:\/\/www.shavei.org\/pt-pt\/\"},{\"@type\":\"ListItem\",\"position\":2,\"name\":\"Cursos de Hebreo Online\"}]},{\"@type\":\"WebSite\",\"@id\":\"https:\/\/www.shavei.org\/#website\",\"url\":\"https:\/\/www.shavei.org\/\",\"name\":\"Shavei Israel\",\"description\":\"One nation, many faces. We help them all return.\",\"publisher\":{\"@id\":\"https:\/\/www.shavei.org\/#organization\"},\"potentialAction\":[{\"@type\":\"SearchAction\",\"target\":{\"@type\":\"EntryPoint\",\"urlTemplate\":\"https:\/\/www.shavei.org\/?s={search_term_string}\"},\"query-input\":{\"@type\":\"PropertyValueSpecification\",\"valueRequired\":true,\"valueName\":\"search_term_string\"}}],\"inLanguage\":\"sp\"},{\"@type\":\"Organization\",\"@id\":\"https:\/\/www.shavei.org\/#organization\",\"name\":\"Shavei Israel\",\"url\":\"https:\/\/www.shavei.org\/\",\"logo\":{\"@type\":\"ImageObject\",\"inLanguage\":\"sp\",\"@id\":\"https:\/\/www.shavei.org\/#\/schema\/logo\/image\/\",\"url\":\"https:\/\/www.shavei.org\/wp-content\/uploads\/2017\/10\/shavei-logo.jpg\",\"contentUrl\":\"https:\/\/www.shavei.org\/wp-content\/uploads\/2017\/10\/shavei-logo.jpg\",\"width\":300,\"height\":285,\"caption\":\"Shavei Israel\"},\"image\":{\"@id\":\"https:\/\/www.shavei.org\/#\/schema\/logo\/image\/\"}}]}<\/script>\n<!-- \/ Yoast SEO plugin. -->","yoast_head_json":{"title":"Cursos de Hebreo Online - Shavei Israel","robots":{"index":"index","follow":"follow","max-snippet":"max-snippet:-1","max-image-preview":"max-image-preview:large","max-video-preview":"max-video-preview:-1"},"canonical":"https:\/\/www.shavei.org\/pt-pt\/cursos-de-hebreo-online\/","og_locale":"en_US","og_type":"article","og_title":"Cursos de Hebreo Online - Shavei Israel","og_description":"[vc_row][vc_column][vc_column_text]\u00a1Clases de hebreo para personas que se encuentran en proceso de retorno! Los invitamos a participar de este nuevo proyecto de Shavei Israel, en el que podr\u00e1n estudiar hebreo, pero desde la perspectiva de la tefil\u00e1, les ayudar\u00e1n a rezar, comprender lo que dicen, conectarse...","og_url":"https:\/\/www.shavei.org\/pt-pt\/cursos-de-hebreo-online\/","og_site_name":"Shavei Israel","twitter_card":"summary_large_image","schema":{"@context":"https:\/\/schema.org","@graph":[{"@type":"WebPage","@id":"https:\/\/www.shavei.org\/pt-pt\/cursos-de-hebreo-online\/","url":"https:\/\/www.shavei.org\/pt-pt\/cursos-de-hebreo-online\/","name":"Cursos de Hebreo Online - Shavei Israel","isPartOf":{"@id":"https:\/\/www.shavei.org\/#website"},"datePublished":"2021-05-20T20:16:09+00:00","breadcrumb":{"@id":"https:\/\/www.shavei.org\/pt-pt\/cursos-de-hebreo-online\/#breadcrumb"},"inLanguage":"sp","potentialAction":[{"@type":"ReadAction","target":["https:\/\/www.shavei.org\/pt-pt\/cursos-de-hebreo-online\/"]}]},{"@type":"BreadcrumbList","@id":"https:\/\/www.shavei.org\/pt-pt\/cursos-de-hebreo-online\/#breadcrumb","itemListElement":[{"@type":"ListItem","position":1,"name":"Home","item":"https:\/\/www.shavei.org\/pt-pt\/"},{"@type":"ListItem","position":2,"name":"Cursos de Hebreo Online"}]},{"@type":"WebSite","@id":"https:\/\/www.shavei.org\/#website","url":"https:\/\/www.shavei.org\/","name":"Shavei Israel","description":"One nation, many faces. We help them all return.","publisher":{"@id":"https:\/\/www.shavei.org\/#organization"},"potentialAction":[{"@type":"SearchAction","target":{"@type":"EntryPoint","urlTemplate":"https:\/\/www.shavei.org\/?s={search_term_string}"},"query-input":{"@type":"PropertyValueSpecification","valueRequired":true,"valueName":"search_term_string"}}],"inLanguage":"sp"},{"@type":"Organization","@id":"https:\/\/www.shavei.org\/#organization","name":"Shavei Israel","url":"https:\/\/www.shavei.org\/","logo":{"@type":"ImageObject","inLanguage":"sp","@id":"https:\/\/www.shavei.org\/#\/schema\/logo\/image\/","url":"https:\/\/www.shavei.org\/wp-content\/uploads\/2017\/10\/shavei-logo.jpg","contentUrl":"https:\/\/www.shavei.org\/wp-content\/uploads\/2017\/10\/shavei-logo.jpg","width":300,"height":285,"caption":"Shavei Israel"},"image":{"@id":"https:\/\/www.shavei.org\/#\/schema\/logo\/image\/"}}]}},"campaignId":"","_links":{"self":[{"href":"https:\/\/www.shavei.org\/pt-pt\/wp-json\/wp\/v2\/pages\/134633","targetHints":{"allow":["GET"]}}],"collection":[{"href":"https:\/\/www.shavei.org\/pt-pt\/wp-json\/wp\/v2\/pages"}],"about":[{"href":"https:\/\/www.shavei.org\/pt-pt\/wp-json\/wp\/v2\/types\/page"}],"author":[{"embeddable":true,"href":"https:\/\/www.shavei.org\/pt-pt\/wp-json\/wp\/v2\/users\/31"}],"replies":[{"embeddable":true,"href":"https:\/\/www.shavei.org\/pt-pt\/wp-json\/wp\/v2\/comments?post=134633"}],"version-history":[{"count":0,"href":"https:\/\/www.shavei.org\/pt-pt\/wp-json\/wp\/v2\/pages\/134633\/revisions"}],"wp:attachment":[{"href":"https:\/\/www.shavei.org\/pt-pt\/wp-json\/wp\/v2\/media?parent=134633"}],"curies":[{"name":"wp","href":"https:\/\/api.w.org\/{rel}","templated":true}]}}