{"id":188,"date":"2016-05-10T10:40:13","date_gmt":"2016-05-10T08:40:13","guid":{"rendered":"https:\/\/www.shavei.org\/product\/nuestro-pensamiento\/"},"modified":"2026-02-20T15:34:27","modified_gmt":"2026-02-20T13:34:27","slug":"nuestro-pensamiento","status":"publish","type":"product","link":"https:\/\/www.shavei.org\/pt-br\/product\/nuestro-pensamiento\/","title":{"rendered":"Nuestro Pensamiento"},"content":{"rendered":"<p>Autor: Rabino Alfredo Goldshmidt<br \/>\nEditor: Shavei Israel<br \/>\nTres discos compactos de audio<br \/>\nEn Espa\u00f1ol<\/p>\n","protected":false},"excerpt":{"rendered":"<p>El compendio <em>Nuestro Pensamiento<\/em> incluye 3 CDs audio en los cuales se presenta al p\u00fablico de habla hispana una completa introducci\u00f3n sobre el pensamiento jud\u00edo. En esta serie, Goldshmidt expone con su caracter\u00edstico tono ameno, did\u00e1ctico y a la vez interesante, las principales corrientes del pensamiento y la filosiof\u00eda jud\u00eda a trav\u00e9s de los tiempos haciendolo accesible y comprensible a todo p\u00fablico.<\/p>\n","protected":false},"featured_media":119850,"comment_status":"closed","ping_status":"closed","template":"","meta":{"give_campaign_id":0,"_exactmetrics_skip_tracking":false,"_exactmetrics_sitenote_active":false,"_exactmetrics_sitenote_note":"","_exactmetrics_sitenote_category":0,"ngg_post_thumbnail":0},"product_brand":[],"product_cat":[2208,2184,2183],"product_tag":[2295,2187,2189],"class_list":{"0":"post-188","1":"product","2":"type-product","3":"status-publish","4":"has-post-thumbnail","6":"product_cat-audio","7":"product_cat-espanol","8":"product_cat-idiomas","9":"product_tag-discos","10":"product_tag-espanol","11":"product_tag-pensamiento-judio","13":"first","14":"instock","15":"taxable","16":"shipping-taxable","17":"purchasable","18":"product-type-simple"},"yoast_head":"<!-- This site is optimized with the Yoast SEO plugin v27.1.1 - https:\/\/yoast.com\/product\/yoast-seo-wordpress\/ -->\n<title>Nuestro Pensamiento - Shavei Israel<\/title>\n<meta name=\"robots\" content=\"index, follow, max-snippet:-1, max-image-preview:large, max-video-preview:-1\" \/>\n<link rel=\"canonical\" href=\"https:\/\/www.shavei.org\/pt-br\/product\/nuestro-pensamiento\/\" \/>\n<meta property=\"og:locale\" content=\"pt_BR\" \/>\n<meta property=\"og:type\" content=\"article\" \/>\n<meta property=\"og:title\" content=\"Nuestro Pensamiento - Shavei Israel\" \/>\n<meta property=\"og:description\" content=\"El compendio Nuestro Pensamiento incluye 3 CDs audio en los cuales se presenta al p\u00fablico de habla hispana una completa introducci\u00f3n sobre el pensamiento jud\u00edo. En esta serie, Goldshmidt expone con su caracter\u00edstico tono ameno, did\u00e1ctico y a la vez interesante, las principales corrientes del pensamiento y la filosiof\u00eda jud\u00eda a trav\u00e9s de los tiempos haciendolo accesible y comprensible a todo p\u00fablico.\" \/>\n<meta property=\"og:url\" content=\"https:\/\/www.shavei.org\/product\/nuestro-pensamiento\/\" \/>\n<meta property=\"og:site_name\" content=\"Shavei Israel\" \/>\n<meta property=\"article:modified_time\" content=\"2026-02-20T13:34:27+00:00\" \/>\n<meta property=\"og:image\" content=\"https:\/\/www.shavei.org\/wp-content\/uploads\/2020\/12\/shavei-ES-audioCD-pensamiento1-cover-3.jpg\" \/>\n\t<meta property=\"og:image:width\" content=\"540\" \/>\n\t<meta property=\"og:image:height\" content=\"396\" \/>\n\t<meta property=\"og:image:type\" content=\"image\/jpeg\" \/>\n<meta name=\"twitter:card\" content=\"summary_large_image\" \/>\n<script type=\"application\/ld+json\" class=\"yoast-schema-graph\">{\"@context\":\"https:\/\/schema.org\",\"@graph\":[{\"@type\":\"WebPage\",\"@id\":\"https:\/\/www.shavei.org\/product\/nuestro-pensamiento\/\",\"url\":\"https:\/\/www.shavei.org\/product\/nuestro-pensamiento\/\",\"name\":\"Nuestro Pensamiento - Shavei Israel\",\"isPartOf\":{\"@id\":\"https:\/\/www.shavei.org\/#website\"},\"primaryImageOfPage\":{\"@id\":\"https:\/\/www.shavei.org\/product\/nuestro-pensamiento\/#primaryimage\"},\"image\":{\"@id\":\"https:\/\/www.shavei.org\/product\/nuestro-pensamiento\/#primaryimage\"},\"thumbnailUrl\":\"https:\/\/www.shavei.org\/wp-content\/uploads\/2020\/12\/shavei-ES-audioCD-pensamiento1-cover-3.jpg\",\"datePublished\":\"2016-05-10T08:40:13+00:00\",\"dateModified\":\"2026-02-20T13:34:27+00:00\",\"breadcrumb\":{\"@id\":\"https:\/\/www.shavei.org\/product\/nuestro-pensamiento\/#breadcrumb\"},\"inLanguage\":\"pt-BR\",\"potentialAction\":[{\"@type\":\"ReadAction\",\"target\":[\"https:\/\/www.shavei.org\/product\/nuestro-pensamiento\/\"]}]},{\"@type\":\"ImageObject\",\"inLanguage\":\"pt-BR\",\"@id\":\"https:\/\/www.shavei.org\/product\/nuestro-pensamiento\/#primaryimage\",\"url\":\"https:\/\/www.shavei.org\/wp-content\/uploads\/2020\/12\/shavei-ES-audioCD-pensamiento1-cover-3.jpg\",\"contentUrl\":\"https:\/\/www.shavei.org\/wp-content\/uploads\/2020\/12\/shavei-ES-audioCD-pensamiento1-cover-3.jpg\",\"width\":540,\"height\":396,\"caption\":\"Nuestro Pensamiento\"},{\"@type\":\"BreadcrumbList\",\"@id\":\"https:\/\/www.shavei.org\/product\/nuestro-pensamiento\/#breadcrumb\",\"itemListElement\":[{\"@type\":\"ListItem\",\"position\":1,\"name\":\"Home\",\"item\":\"https:\/\/www.shavei.org\/\"},{\"@type\":\"ListItem\",\"position\":2,\"name\":\"Shop\",\"item\":\"https:\/\/www.shavei.org\/shop\/\"},{\"@type\":\"ListItem\",\"position\":3,\"name\":\"Nuestro Pensamiento\"}]},{\"@type\":\"WebSite\",\"@id\":\"https:\/\/www.shavei.org\/#website\",\"url\":\"https:\/\/www.shavei.org\/\",\"name\":\"Shavei Israel\",\"description\":\"One nation, many faces. We help them all return.\",\"publisher\":{\"@id\":\"https:\/\/www.shavei.org\/#organization\"},\"potentialAction\":[{\"@type\":\"SearchAction\",\"target\":{\"@type\":\"EntryPoint\",\"urlTemplate\":\"https:\/\/www.shavei.org\/?s={search_term_string}\"},\"query-input\":{\"@type\":\"PropertyValueSpecification\",\"valueRequired\":true,\"valueName\":\"search_term_string\"}}],\"inLanguage\":\"pt-BR\"},{\"@type\":\"Organization\",\"@id\":\"https:\/\/www.shavei.org\/#organization\",\"name\":\"Shavei Israel\",\"url\":\"https:\/\/www.shavei.org\/\",\"logo\":{\"@type\":\"ImageObject\",\"inLanguage\":\"pt-BR\",\"@id\":\"https:\/\/www.shavei.org\/#\/schema\/logo\/image\/\",\"url\":\"https:\/\/www.shavei.org\/wp-content\/uploads\/2017\/10\/shavei-logo.jpg\",\"contentUrl\":\"https:\/\/www.shavei.org\/wp-content\/uploads\/2017\/10\/shavei-logo.jpg\",\"width\":300,\"height\":285,\"caption\":\"Shavei Israel\"},\"image\":{\"@id\":\"https:\/\/www.shavei.org\/#\/schema\/logo\/image\/\"}}]}<\/script>\n<!-- \/ Yoast SEO plugin. -->","yoast_head_json":{"title":"Nuestro Pensamiento - Shavei Israel","robots":{"index":"index","follow":"follow","max-snippet":"max-snippet:-1","max-image-preview":"max-image-preview:large","max-video-preview":"max-video-preview:-1"},"canonical":"https:\/\/www.shavei.org\/pt-br\/product\/nuestro-pensamiento\/","og_locale":"pt_BR","og_type":"article","og_title":"Nuestro Pensamiento - Shavei Israel","og_description":"El compendio Nuestro Pensamiento incluye 3 CDs audio en los cuales se presenta al p\u00fablico de habla hispana una completa introducci\u00f3n sobre el pensamiento jud\u00edo. En esta serie, Goldshmidt expone con su caracter\u00edstico tono ameno, did\u00e1ctico y a la vez interesante, las principales corrientes del pensamiento y la filosiof\u00eda jud\u00eda a trav\u00e9s de los tiempos haciendolo accesible y comprensible a todo p\u00fablico.","og_url":"https:\/\/www.shavei.org\/product\/nuestro-pensamiento\/","og_site_name":"Shavei Israel","article_modified_time":"2026-02-20T13:34:27+00:00","og_image":[{"width":540,"height":396,"url":"https:\/\/www.shavei.org\/wp-content\/uploads\/2020\/12\/shavei-ES-audioCD-pensamiento1-cover-3.jpg","type":"image\/jpeg"}],"twitter_card":"summary_large_image","schema":{"@context":"https:\/\/schema.org","@graph":[{"@type":"WebPage","@id":"https:\/\/www.shavei.org\/product\/nuestro-pensamiento\/","url":"https:\/\/www.shavei.org\/product\/nuestro-pensamiento\/","name":"Nuestro Pensamiento - Shavei Israel","isPartOf":{"@id":"https:\/\/www.shavei.org\/#website"},"primaryImageOfPage":{"@id":"https:\/\/www.shavei.org\/product\/nuestro-pensamiento\/#primaryimage"},"image":{"@id":"https:\/\/www.shavei.org\/product\/nuestro-pensamiento\/#primaryimage"},"thumbnailUrl":"https:\/\/www.shavei.org\/wp-content\/uploads\/2020\/12\/shavei-ES-audioCD-pensamiento1-cover-3.jpg","datePublished":"2016-05-10T08:40:13+00:00","dateModified":"2026-02-20T13:34:27+00:00","breadcrumb":{"@id":"https:\/\/www.shavei.org\/product\/nuestro-pensamiento\/#breadcrumb"},"inLanguage":"pt-BR","potentialAction":[{"@type":"ReadAction","target":["https:\/\/www.shavei.org\/product\/nuestro-pensamiento\/"]}]},{"@type":"ImageObject","inLanguage":"pt-BR","@id":"https:\/\/www.shavei.org\/product\/nuestro-pensamiento\/#primaryimage","url":"https:\/\/www.shavei.org\/wp-content\/uploads\/2020\/12\/shavei-ES-audioCD-pensamiento1-cover-3.jpg","contentUrl":"https:\/\/www.shavei.org\/wp-content\/uploads\/2020\/12\/shavei-ES-audioCD-pensamiento1-cover-3.jpg","width":540,"height":396,"caption":"Nuestro Pensamiento"},{"@type":"BreadcrumbList","@id":"https:\/\/www.shavei.org\/product\/nuestro-pensamiento\/#breadcrumb","itemListElement":[{"@type":"ListItem","position":1,"name":"Home","item":"https:\/\/www.shavei.org\/"},{"@type":"ListItem","position":2,"name":"Shop","item":"https:\/\/www.shavei.org\/shop\/"},{"@type":"ListItem","position":3,"name":"Nuestro Pensamiento"}]},{"@type":"WebSite","@id":"https:\/\/www.shavei.org\/#website","url":"https:\/\/www.shavei.org\/","name":"Shavei Israel","description":"One nation, many faces. We help them all return.","publisher":{"@id":"https:\/\/www.shavei.org\/#organization"},"potentialAction":[{"@type":"SearchAction","target":{"@type":"EntryPoint","urlTemplate":"https:\/\/www.shavei.org\/?s={search_term_string}"},"query-input":{"@type":"PropertyValueSpecification","valueRequired":true,"valueName":"search_term_string"}}],"inLanguage":"pt-BR"},{"@type":"Organization","@id":"https:\/\/www.shavei.org\/#organization","name":"Shavei Israel","url":"https:\/\/www.shavei.org\/","logo":{"@type":"ImageObject","inLanguage":"pt-BR","@id":"https:\/\/www.shavei.org\/#\/schema\/logo\/image\/","url":"https:\/\/www.shavei.org\/wp-content\/uploads\/2017\/10\/shavei-logo.jpg","contentUrl":"https:\/\/www.shavei.org\/wp-content\/uploads\/2017\/10\/shavei-logo.jpg","width":300,"height":285,"caption":"Shavei Israel"},"image":{"@id":"https:\/\/www.shavei.org\/#\/schema\/logo\/image\/"}}]}},"_links":{"self":[{"href":"https:\/\/www.shavei.org\/pt-br\/wp-json\/wp\/v2\/product\/188","targetHints":{"allow":["GET"]}}],"collection":[{"href":"https:\/\/www.shavei.org\/pt-br\/wp-json\/wp\/v2\/product"}],"about":[{"href":"https:\/\/www.shavei.org\/pt-br\/wp-json\/wp\/v2\/types\/product"}],"replies":[{"embeddable":true,"href":"https:\/\/www.shavei.org\/pt-br\/wp-json\/wp\/v2\/comments?post=188"}],"wp:featuredmedia":[{"embeddable":true,"href":"https:\/\/www.shavei.org\/pt-br\/wp-json\/wp\/v2\/media\/119850"}],"wp:attachment":[{"href":"https:\/\/www.shavei.org\/pt-br\/wp-json\/wp\/v2\/media?parent=188"}],"wp:term":[{"taxonomy":"product_brand","embeddable":true,"href":"https:\/\/www.shavei.org\/pt-br\/wp-json\/wp\/v2\/product_brand?post=188"},{"taxonomy":"product_cat","embeddable":true,"href":"https:\/\/www.shavei.org\/pt-br\/wp-json\/wp\/v2\/product_cat?post=188"},{"taxonomy":"product_tag","embeddable":true,"href":"https:\/\/www.shavei.org\/pt-br\/wp-json\/wp\/v2\/product_tag?post=188"}],"curies":[{"name":"wp","href":"https:\/\/api.w.org\/{rel}","templated":true}]}}