{"id":15622,"date":"2016-07-11T11:29:57","date_gmt":"2016-07-11T09:29:57","guid":{"rendered":"https:\/\/www.shavei.org\/product\/luces-de-januca-para-la-comunidad-judia-de-polonia-polaco\/"},"modified":"2021-05-09T12:22:44","modified_gmt":"2021-05-09T10:22:44","slug":"luces-de-januca-para-la-comunidad-judia-de-polonia-polaco","status":"publish","type":"product","link":"https:\/\/www.shavei.org\/pt-br\/product\/luces-de-januca-para-la-comunidad-judia-de-polonia-polaco\/","title":{"rendered":"Luces de j\u00e1nuca para la comunidad jud\u00eda de Polonia (polaco)"},"content":{"rendered":"","protected":false},"excerpt":{"rendered":"<p>Este libro sobre la festividad de J\u00e1nuca est\u00e1 dedicado para los jud\u00edos polacos y sus descendientes.<\/p>\n<p>El libro contiene art\u00edculos sobre la festividad, gu\u00eda para el encendido de velas, recetas y canciones alusivas.<\/p>\n<p><em><strong>Puede descargar este libro en forma virtual y gratuita\u00a0<a href=\"https:\/\/mailchi.mp\/fluttering-quail.flywheelsites.com\/przewodnik-chanukowy-dla-ydw-polskich\">aqu\u00ed<\/a><\/strong><\/em><\/p>\n<p><a href=\"https:\/\/www.shavei.org\/es\/about-us\/contact\/\">Cont\u00e1ctenos<\/a>\u00a0para compras por mayor y descuentos educativos. Las im\u00e1genes son un ejemplo y pueden no ser una reproducci\u00f3n exacta del producto que recibir\u00e1.<\/p>\n","protected":false},"featured_media":120426,"comment_status":"closed","ping_status":"closed","template":"","meta":{"give_campaign_id":0,"_exactmetrics_skip_tracking":false,"_exactmetrics_sitenote_active":false,"_exactmetrics_sitenote_note":"","_exactmetrics_sitenote_category":0,"ngg_post_thumbnail":0},"product_brand":[],"product_cat":[2406,2183,2185,2272],"product_tag":[2477,2274],"class_list":{"0":"post-15622","1":"product","2":"type-product","3":"status-publish","4":"has-post-thumbnail","6":"product_cat-guias-festividades-y-tradiciones","7":"product_cat-idiomas","8":"product_cat-libros","9":"product_cat-polaco","10":"product_tag-januca","11":"product_tag-polaco","12":"product_shipping_class-registered-mail-he","14":"first","15":"instock","16":"taxable","17":"shipping-taxable","18":"product-type-simple"},"yoast_head":"<!-- This site is optimized with the Yoast SEO plugin v27.1.1 - https:\/\/yoast.com\/product\/yoast-seo-wordpress\/ -->\n<title>Luces de j\u00e1nuca para la comunidad jud\u00eda de Polonia (polaco) - Shavei Israel<\/title>\n<meta name=\"robots\" content=\"index, follow, max-snippet:-1, max-image-preview:large, max-video-preview:-1\" \/>\n<link rel=\"canonical\" href=\"https:\/\/www.shavei.org\/pt-br\/product\/luces-de-januca-para-la-comunidad-judia-de-polonia-polaco\/\" \/>\n<meta property=\"og:locale\" content=\"pt_BR\" \/>\n<meta property=\"og:type\" content=\"article\" \/>\n<meta property=\"og:title\" content=\"Luces de j\u00e1nuca para la comunidad jud\u00eda de Polonia (polaco) - Shavei Israel\" \/>\n<meta property=\"og:description\" content=\"Este libro sobre la festividad de J\u00e1nuca est\u00e1 dedicado para los jud\u00edos polacos y sus descendientes.  El libro contiene art\u00edculos sobre la festividad, gu\u00eda para el encendido de velas, recetas y canciones alusivas.  Puede descargar este libro en forma virtual y gratuita\u00a0aqu\u00ed  Cont\u00e1ctenos\u00a0para compras por mayor y descuentos educativos. Las im\u00e1genes son un ejemplo y pueden no ser una reproducci\u00f3n exacta del producto que recibir\u00e1.\" \/>\n<meta property=\"og:url\" content=\"https:\/\/www.shavei.org\/pl\/product\/luces-de-januca-para-la-comunidad-judia-de-polonia-polaco\/\" \/>\n<meta property=\"og:site_name\" content=\"Shavei Israel\" \/>\n<meta property=\"article:modified_time\" content=\"2021-05-09T10:22:44+00:00\" \/>\n<meta property=\"og:image\" content=\"https:\/\/www.shavei.org\/wp-content\/uploads\/2020\/12\/polish-chanukah-book-2.jpeg\" \/>\n\t<meta property=\"og:image:width\" content=\"476\" \/>\n\t<meta property=\"og:image:height\" content=\"688\" \/>\n\t<meta property=\"og:image:type\" content=\"image\/jpeg\" \/>\n<meta name=\"twitter:card\" content=\"summary_large_image\" \/>\n<script type=\"application\/ld+json\" class=\"yoast-schema-graph\">{\"@context\":\"https:\/\/schema.org\",\"@graph\":[{\"@type\":\"WebPage\",\"@id\":\"https:\/\/www.shavei.org\/pl\/product\/luces-de-januca-para-la-comunidad-judia-de-polonia-polaco\/\",\"url\":\"https:\/\/www.shavei.org\/pl\/product\/luces-de-januca-para-la-comunidad-judia-de-polonia-polaco\/\",\"name\":\"Luces de j\u00e1nuca para la comunidad jud\u00eda de Polonia (polaco) - Shavei Israel\",\"isPartOf\":{\"@id\":\"https:\/\/www.shavei.org\/#website\"},\"primaryImageOfPage\":{\"@id\":\"https:\/\/www.shavei.org\/pl\/product\/luces-de-januca-para-la-comunidad-judia-de-polonia-polaco\/#primaryimage\"},\"image\":{\"@id\":\"https:\/\/www.shavei.org\/pl\/product\/luces-de-januca-para-la-comunidad-judia-de-polonia-polaco\/#primaryimage\"},\"thumbnailUrl\":\"https:\/\/www.shavei.org\/wp-content\/uploads\/2020\/12\/polish-chanukah-book-2.jpeg\",\"datePublished\":\"2016-07-11T09:29:57+00:00\",\"dateModified\":\"2021-05-09T10:22:44+00:00\",\"breadcrumb\":{\"@id\":\"https:\/\/www.shavei.org\/pl\/product\/luces-de-januca-para-la-comunidad-judia-de-polonia-polaco\/#breadcrumb\"},\"inLanguage\":\"pt-BR\",\"potentialAction\":[{\"@type\":\"ReadAction\",\"target\":[\"https:\/\/www.shavei.org\/pl\/product\/luces-de-januca-para-la-comunidad-judia-de-polonia-polaco\/\"]}]},{\"@type\":\"ImageObject\",\"inLanguage\":\"pt-BR\",\"@id\":\"https:\/\/www.shavei.org\/pl\/product\/luces-de-januca-para-la-comunidad-judia-de-polonia-polaco\/#primaryimage\",\"url\":\"https:\/\/www.shavei.org\/wp-content\/uploads\/2020\/12\/polish-chanukah-book-2.jpeg\",\"contentUrl\":\"https:\/\/www.shavei.org\/wp-content\/uploads\/2020\/12\/polish-chanukah-book-2.jpeg\",\"width\":476,\"height\":688,\"caption\":\"Luces de j\u00e1nuca para la comunidad jud\u00eda de Polonia (polaco)\"},{\"@type\":\"BreadcrumbList\",\"@id\":\"https:\/\/www.shavei.org\/pl\/product\/luces-de-januca-para-la-comunidad-judia-de-polonia-polaco\/#breadcrumb\",\"itemListElement\":[{\"@type\":\"ListItem\",\"position\":1,\"name\":\"Home\",\"item\":\"https:\/\/www.shavei.org\/\"},{\"@type\":\"ListItem\",\"position\":2,\"name\":\"Shop\",\"item\":\"https:\/\/www.shavei.org\/shop\/\"},{\"@type\":\"ListItem\",\"position\":3,\"name\":\"Luces de j\u00e1nuca para la comunidad jud\u00eda de Polonia (polaco)\"}]},{\"@type\":\"WebSite\",\"@id\":\"https:\/\/www.shavei.org\/#website\",\"url\":\"https:\/\/www.shavei.org\/\",\"name\":\"Shavei Israel\",\"description\":\"One nation, many faces. We help them all return.\",\"publisher\":{\"@id\":\"https:\/\/www.shavei.org\/#organization\"},\"potentialAction\":[{\"@type\":\"SearchAction\",\"target\":{\"@type\":\"EntryPoint\",\"urlTemplate\":\"https:\/\/www.shavei.org\/?s={search_term_string}\"},\"query-input\":{\"@type\":\"PropertyValueSpecification\",\"valueRequired\":true,\"valueName\":\"search_term_string\"}}],\"inLanguage\":\"pt-BR\"},{\"@type\":\"Organization\",\"@id\":\"https:\/\/www.shavei.org\/#organization\",\"name\":\"Shavei Israel\",\"url\":\"https:\/\/www.shavei.org\/\",\"logo\":{\"@type\":\"ImageObject\",\"inLanguage\":\"pt-BR\",\"@id\":\"https:\/\/www.shavei.org\/#\/schema\/logo\/image\/\",\"url\":\"https:\/\/www.shavei.org\/wp-content\/uploads\/2017\/10\/shavei-logo.jpg\",\"contentUrl\":\"https:\/\/www.shavei.org\/wp-content\/uploads\/2017\/10\/shavei-logo.jpg\",\"width\":300,\"height\":285,\"caption\":\"Shavei Israel\"},\"image\":{\"@id\":\"https:\/\/www.shavei.org\/#\/schema\/logo\/image\/\"}}]}<\/script>\n<!-- \/ Yoast SEO plugin. -->","yoast_head_json":{"title":"Luces de j\u00e1nuca para la comunidad jud\u00eda de Polonia (polaco) - Shavei Israel","robots":{"index":"index","follow":"follow","max-snippet":"max-snippet:-1","max-image-preview":"max-image-preview:large","max-video-preview":"max-video-preview:-1"},"canonical":"https:\/\/www.shavei.org\/pt-br\/product\/luces-de-januca-para-la-comunidad-judia-de-polonia-polaco\/","og_locale":"pt_BR","og_type":"article","og_title":"Luces de j\u00e1nuca para la comunidad jud\u00eda de Polonia (polaco) - Shavei Israel","og_description":"Este libro sobre la festividad de J\u00e1nuca est\u00e1 dedicado para los jud\u00edos polacos y sus descendientes.  El libro contiene art\u00edculos sobre la festividad, gu\u00eda para el encendido de velas, recetas y canciones alusivas.  Puede descargar este libro en forma virtual y gratuita\u00a0aqu\u00ed  Cont\u00e1ctenos\u00a0para compras por mayor y descuentos educativos. Las im\u00e1genes son un ejemplo y pueden no ser una reproducci\u00f3n exacta del producto que recibir\u00e1.","og_url":"https:\/\/www.shavei.org\/pl\/product\/luces-de-januca-para-la-comunidad-judia-de-polonia-polaco\/","og_site_name":"Shavei Israel","article_modified_time":"2021-05-09T10:22:44+00:00","og_image":[{"width":476,"height":688,"url":"https:\/\/www.shavei.org\/wp-content\/uploads\/2020\/12\/polish-chanukah-book-2.jpeg","type":"image\/jpeg"}],"twitter_card":"summary_large_image","schema":{"@context":"https:\/\/schema.org","@graph":[{"@type":"WebPage","@id":"https:\/\/www.shavei.org\/pl\/product\/luces-de-januca-para-la-comunidad-judia-de-polonia-polaco\/","url":"https:\/\/www.shavei.org\/pl\/product\/luces-de-januca-para-la-comunidad-judia-de-polonia-polaco\/","name":"Luces de j\u00e1nuca para la comunidad jud\u00eda de Polonia (polaco) - Shavei Israel","isPartOf":{"@id":"https:\/\/www.shavei.org\/#website"},"primaryImageOfPage":{"@id":"https:\/\/www.shavei.org\/pl\/product\/luces-de-januca-para-la-comunidad-judia-de-polonia-polaco\/#primaryimage"},"image":{"@id":"https:\/\/www.shavei.org\/pl\/product\/luces-de-januca-para-la-comunidad-judia-de-polonia-polaco\/#primaryimage"},"thumbnailUrl":"https:\/\/www.shavei.org\/wp-content\/uploads\/2020\/12\/polish-chanukah-book-2.jpeg","datePublished":"2016-07-11T09:29:57+00:00","dateModified":"2021-05-09T10:22:44+00:00","breadcrumb":{"@id":"https:\/\/www.shavei.org\/pl\/product\/luces-de-januca-para-la-comunidad-judia-de-polonia-polaco\/#breadcrumb"},"inLanguage":"pt-BR","potentialAction":[{"@type":"ReadAction","target":["https:\/\/www.shavei.org\/pl\/product\/luces-de-januca-para-la-comunidad-judia-de-polonia-polaco\/"]}]},{"@type":"ImageObject","inLanguage":"pt-BR","@id":"https:\/\/www.shavei.org\/pl\/product\/luces-de-januca-para-la-comunidad-judia-de-polonia-polaco\/#primaryimage","url":"https:\/\/www.shavei.org\/wp-content\/uploads\/2020\/12\/polish-chanukah-book-2.jpeg","contentUrl":"https:\/\/www.shavei.org\/wp-content\/uploads\/2020\/12\/polish-chanukah-book-2.jpeg","width":476,"height":688,"caption":"Luces de j\u00e1nuca para la comunidad jud\u00eda de Polonia (polaco)"},{"@type":"BreadcrumbList","@id":"https:\/\/www.shavei.org\/pl\/product\/luces-de-januca-para-la-comunidad-judia-de-polonia-polaco\/#breadcrumb","itemListElement":[{"@type":"ListItem","position":1,"name":"Home","item":"https:\/\/www.shavei.org\/"},{"@type":"ListItem","position":2,"name":"Shop","item":"https:\/\/www.shavei.org\/shop\/"},{"@type":"ListItem","position":3,"name":"Luces de j\u00e1nuca para la comunidad jud\u00eda de Polonia (polaco)"}]},{"@type":"WebSite","@id":"https:\/\/www.shavei.org\/#website","url":"https:\/\/www.shavei.org\/","name":"Shavei Israel","description":"One nation, many faces. We help them all return.","publisher":{"@id":"https:\/\/www.shavei.org\/#organization"},"potentialAction":[{"@type":"SearchAction","target":{"@type":"EntryPoint","urlTemplate":"https:\/\/www.shavei.org\/?s={search_term_string}"},"query-input":{"@type":"PropertyValueSpecification","valueRequired":true,"valueName":"search_term_string"}}],"inLanguage":"pt-BR"},{"@type":"Organization","@id":"https:\/\/www.shavei.org\/#organization","name":"Shavei Israel","url":"https:\/\/www.shavei.org\/","logo":{"@type":"ImageObject","inLanguage":"pt-BR","@id":"https:\/\/www.shavei.org\/#\/schema\/logo\/image\/","url":"https:\/\/www.shavei.org\/wp-content\/uploads\/2017\/10\/shavei-logo.jpg","contentUrl":"https:\/\/www.shavei.org\/wp-content\/uploads\/2017\/10\/shavei-logo.jpg","width":300,"height":285,"caption":"Shavei Israel"},"image":{"@id":"https:\/\/www.shavei.org\/#\/schema\/logo\/image\/"}}]}},"_links":{"self":[{"href":"https:\/\/www.shavei.org\/pt-br\/wp-json\/wp\/v2\/product\/15622","targetHints":{"allow":["GET"]}}],"collection":[{"href":"https:\/\/www.shavei.org\/pt-br\/wp-json\/wp\/v2\/product"}],"about":[{"href":"https:\/\/www.shavei.org\/pt-br\/wp-json\/wp\/v2\/types\/product"}],"replies":[{"embeddable":true,"href":"https:\/\/www.shavei.org\/pt-br\/wp-json\/wp\/v2\/comments?post=15622"}],"wp:featuredmedia":[{"embeddable":true,"href":"https:\/\/www.shavei.org\/pt-br\/wp-json\/wp\/v2\/media\/120426"}],"wp:attachment":[{"href":"https:\/\/www.shavei.org\/pt-br\/wp-json\/wp\/v2\/media?parent=15622"}],"wp:term":[{"taxonomy":"product_brand","embeddable":true,"href":"https:\/\/www.shavei.org\/pt-br\/wp-json\/wp\/v2\/product_brand?post=15622"},{"taxonomy":"product_cat","embeddable":true,"href":"https:\/\/www.shavei.org\/pt-br\/wp-json\/wp\/v2\/product_cat?post=15622"},{"taxonomy":"product_tag","embeddable":true,"href":"https:\/\/www.shavei.org\/pt-br\/wp-json\/wp\/v2\/product_tag?post=15622"}],"curies":[{"name":"wp","href":"https:\/\/api.w.org\/{rel}","templated":true}]}}