{"id":15620,"date":"2016-07-11T11:37:17","date_gmt":"2016-07-11T09:37:17","guid":{"rendered":"https:\/\/www.shavei.org\/product\/la-festividad-de-shavuot-para-la-comunidad-judia-en-polonia-polaco\/"},"modified":"2020-12-28T18:17:21","modified_gmt":"2020-12-28T16:17:21","slug":"la-festividad-de-shavuot-para-la-comunidad-judia-en-polonia-polaco","status":"publish","type":"product","link":"https:\/\/www.shavei.org\/pt-br\/product\/la-festividad-de-shavuot-para-la-comunidad-judia-en-polonia-polaco\/","title":{"rendered":"Gu\u00eda online &#8211; La festividad de Shavuot para la comunidad jud\u00eda en Polonia (Polaco)"},"content":{"rendered":"<p><br data-mce-bogus=\"1\"><\/p>\n","protected":false},"excerpt":{"rendered":"<p>La gu\u00eda de Shavuot es una excelente herramienta de preparaci\u00f3n para esta importante festividad jud\u00eda. La misma incluye art\u00edculos sobre la festividad y sus leyes, acompa\u00f1ados de deliciosas recetas y canciones alusivas.<\/p>\n<p><a data-mce-href=\"https:\/\/www.shavei.org\/guidebook-for-shavuot-festival\/\" href=\"https:\/\/www.shavei.org\/guidebook-for-shavuot-festival\/\">Puede descargarla gratuitamente aqu\u00ed<\/a><\/p>\n","protected":false},"featured_media":120410,"comment_status":"closed","ping_status":"closed","template":"","meta":{"give_campaign_id":0,"_exactmetrics_skip_tracking":false,"_exactmetrics_sitenote_active":false,"_exactmetrics_sitenote_note":"","_exactmetrics_sitenote_category":0,"ngg_post_thumbnail":0},"product_brand":[],"product_cat":[2562,2549,2550,2554],"product_tag":[2481,2274,2375],"class_list":{"0":"post-15620","1":"product","2":"type-product","3":"status-publish","4":"has-post-thumbnail","6":"product_cat-guias-festividades-y-tradiciones-pt-br","7":"product_cat-idiomas-pt-br","8":"product_cat-libros-pt-br","9":"product_cat-polaco-pt-br","10":"product_tag-pentecostes","11":"product_tag-polaco","12":"product_tag-shavuot","14":"first","15":"instock","16":"virtual","17":"taxable","18":"product-type-simple"},"yoast_head":"<!-- This site is optimized with the Yoast SEO plugin v27.1.1 - https:\/\/yoast.com\/product\/yoast-seo-wordpress\/ -->\n<title>Gu\u00eda online - La festividad de Shavuot para la comunidad jud\u00eda en Polonia (Polaco) - Shavei Israel<\/title>\n<meta name=\"robots\" content=\"index, follow, max-snippet:-1, max-image-preview:large, max-video-preview:-1\" \/>\n<link rel=\"canonical\" href=\"https:\/\/www.shavei.org\/pt-br\/produto\/la-festividad-de-shavuot-para-la-comunidad-judia-en-polonia-polaco\/\" \/>\n<meta property=\"og:locale\" content=\"pt_BR\" \/>\n<meta property=\"og:type\" content=\"article\" \/>\n<meta property=\"og:title\" content=\"Gu\u00eda online - La festividad de Shavuot para la comunidad jud\u00eda en Polonia (Polaco) - Shavei Israel\" \/>\n<meta property=\"og:description\" content=\"La gu\u00eda de Shavuot es una excelente herramienta de preparaci\u00f3n para esta importante festividad jud\u00eda. La misma incluye art\u00edculos sobre la festividad y sus leyes, acompa\u00f1ados de deliciosas recetas y canciones alusivas.Puede descargarla gratuitamente aqu\u00ed\" \/>\n<meta property=\"og:url\" content=\"https:\/\/www.shavei.org\/pt-br\/produto\/la-festividad-de-shavuot-para-la-comunidad-judia-en-polonia-polaco\/\" \/>\n<meta property=\"og:site_name\" content=\"Shavei Israel\" \/>\n<meta property=\"article:modified_time\" content=\"2020-12-28T16:17:21+00:00\" \/>\n<meta property=\"og:image\" content=\"https:\/\/www.shavei.org\/wp-content\/uploads\/2020\/12\/shavei-PL-harvest-time-3.jpg\" \/>\n\t<meta property=\"og:image:width\" content=\"540\" \/>\n\t<meta property=\"og:image:height\" content=\"396\" \/>\n\t<meta property=\"og:image:type\" content=\"image\/jpeg\" \/>\n<meta name=\"twitter:card\" content=\"summary_large_image\" \/>\n<script type=\"application\/ld+json\" class=\"yoast-schema-graph\">{\"@context\":\"https:\/\/schema.org\",\"@graph\":[{\"@type\":\"WebPage\",\"@id\":\"https:\/\/www.shavei.org\/pt-br\/produto\/la-festividad-de-shavuot-para-la-comunidad-judia-en-polonia-polaco\/\",\"url\":\"https:\/\/www.shavei.org\/pt-br\/produto\/la-festividad-de-shavuot-para-la-comunidad-judia-en-polonia-polaco\/\",\"name\":\"Gu\u00eda online - La festividad de Shavuot para la comunidad jud\u00eda en Polonia (Polaco) - Shavei Israel\",\"isPartOf\":{\"@id\":\"https:\/\/www.shavei.org\/#website\"},\"primaryImageOfPage\":{\"@id\":\"https:\/\/www.shavei.org\/pt-br\/produto\/la-festividad-de-shavuot-para-la-comunidad-judia-en-polonia-polaco\/#primaryimage\"},\"image\":{\"@id\":\"https:\/\/www.shavei.org\/pt-br\/produto\/la-festividad-de-shavuot-para-la-comunidad-judia-en-polonia-polaco\/#primaryimage\"},\"thumbnailUrl\":\"https:\/\/www.shavei.org\/wp-content\/uploads\/2020\/12\/shavei-PL-harvest-time-3.jpg\",\"datePublished\":\"2016-07-11T09:37:17+00:00\",\"dateModified\":\"2020-12-28T16:17:21+00:00\",\"breadcrumb\":{\"@id\":\"https:\/\/www.shavei.org\/pt-br\/produto\/la-festividad-de-shavuot-para-la-comunidad-judia-en-polonia-polaco\/#breadcrumb\"},\"inLanguage\":\"pt-BR\",\"potentialAction\":[{\"@type\":\"ReadAction\",\"target\":[\"https:\/\/www.shavei.org\/pt-br\/produto\/la-festividad-de-shavuot-para-la-comunidad-judia-en-polonia-polaco\/\"]}]},{\"@type\":\"ImageObject\",\"inLanguage\":\"pt-BR\",\"@id\":\"https:\/\/www.shavei.org\/pt-br\/produto\/la-festividad-de-shavuot-para-la-comunidad-judia-en-polonia-polaco\/#primaryimage\",\"url\":\"https:\/\/www.shavei.org\/wp-content\/uploads\/2020\/12\/shavei-PL-harvest-time-3.jpg\",\"contentUrl\":\"https:\/\/www.shavei.org\/wp-content\/uploads\/2020\/12\/shavei-PL-harvest-time-3.jpg\",\"width\":540,\"height\":396,\"caption\":\"Gu\u00eda online - La festividad de Shavuot para la comunidad jud\u00eda en Polonia (Polaco)\"},{\"@type\":\"BreadcrumbList\",\"@id\":\"https:\/\/www.shavei.org\/pt-br\/produto\/la-festividad-de-shavuot-para-la-comunidad-judia-en-polonia-polaco\/#breadcrumb\",\"itemListElement\":[{\"@type\":\"ListItem\",\"position\":1,\"name\":\"Home\",\"item\":\"https:\/\/www.shavei.org\/\"},{\"@type\":\"ListItem\",\"position\":2,\"name\":\"Shop\",\"item\":\"https:\/\/www.shavei.org\/shop\/\"},{\"@type\":\"ListItem\",\"position\":3,\"name\":\"Gu\u00eda online &#8211; La festividad de Shavuot para la comunidad jud\u00eda en Polonia (Polaco)\"}]},{\"@type\":\"WebSite\",\"@id\":\"https:\/\/www.shavei.org\/#website\",\"url\":\"https:\/\/www.shavei.org\/\",\"name\":\"Shavei Israel\",\"description\":\"One nation, many faces. We help them all return.\",\"publisher\":{\"@id\":\"https:\/\/www.shavei.org\/#organization\"},\"potentialAction\":[{\"@type\":\"SearchAction\",\"target\":{\"@type\":\"EntryPoint\",\"urlTemplate\":\"https:\/\/www.shavei.org\/?s={search_term_string}\"},\"query-input\":{\"@type\":\"PropertyValueSpecification\",\"valueRequired\":true,\"valueName\":\"search_term_string\"}}],\"inLanguage\":\"pt-BR\"},{\"@type\":\"Organization\",\"@id\":\"https:\/\/www.shavei.org\/#organization\",\"name\":\"Shavei Israel\",\"url\":\"https:\/\/www.shavei.org\/\",\"logo\":{\"@type\":\"ImageObject\",\"inLanguage\":\"pt-BR\",\"@id\":\"https:\/\/www.shavei.org\/#\/schema\/logo\/image\/\",\"url\":\"https:\/\/www.shavei.org\/wp-content\/uploads\/2017\/10\/shavei-logo.jpg\",\"contentUrl\":\"https:\/\/www.shavei.org\/wp-content\/uploads\/2017\/10\/shavei-logo.jpg\",\"width\":300,\"height\":285,\"caption\":\"Shavei Israel\"},\"image\":{\"@id\":\"https:\/\/www.shavei.org\/#\/schema\/logo\/image\/\"}}]}<\/script>\n<!-- \/ Yoast SEO plugin. -->","yoast_head_json":{"title":"Gu\u00eda online - La festividad de Shavuot para la comunidad jud\u00eda en Polonia (Polaco) - Shavei Israel","robots":{"index":"index","follow":"follow","max-snippet":"max-snippet:-1","max-image-preview":"max-image-preview:large","max-video-preview":"max-video-preview:-1"},"canonical":"https:\/\/www.shavei.org\/pt-br\/produto\/la-festividad-de-shavuot-para-la-comunidad-judia-en-polonia-polaco\/","og_locale":"pt_BR","og_type":"article","og_title":"Gu\u00eda online - La festividad de Shavuot para la comunidad jud\u00eda en Polonia (Polaco) - Shavei Israel","og_description":"La gu\u00eda de Shavuot es una excelente herramienta de preparaci\u00f3n para esta importante festividad jud\u00eda. La misma incluye art\u00edculos sobre la festividad y sus leyes, acompa\u00f1ados de deliciosas recetas y canciones alusivas.Puede descargarla gratuitamente aqu\u00ed","og_url":"https:\/\/www.shavei.org\/pt-br\/produto\/la-festividad-de-shavuot-para-la-comunidad-judia-en-polonia-polaco\/","og_site_name":"Shavei Israel","article_modified_time":"2020-12-28T16:17:21+00:00","og_image":[{"width":540,"height":396,"url":"https:\/\/www.shavei.org\/wp-content\/uploads\/2020\/12\/shavei-PL-harvest-time-3.jpg","type":"image\/jpeg"}],"twitter_card":"summary_large_image","schema":{"@context":"https:\/\/schema.org","@graph":[{"@type":"WebPage","@id":"https:\/\/www.shavei.org\/pt-br\/produto\/la-festividad-de-shavuot-para-la-comunidad-judia-en-polonia-polaco\/","url":"https:\/\/www.shavei.org\/pt-br\/produto\/la-festividad-de-shavuot-para-la-comunidad-judia-en-polonia-polaco\/","name":"Gu\u00eda online - La festividad de Shavuot para la comunidad jud\u00eda en Polonia (Polaco) - Shavei Israel","isPartOf":{"@id":"https:\/\/www.shavei.org\/#website"},"primaryImageOfPage":{"@id":"https:\/\/www.shavei.org\/pt-br\/produto\/la-festividad-de-shavuot-para-la-comunidad-judia-en-polonia-polaco\/#primaryimage"},"image":{"@id":"https:\/\/www.shavei.org\/pt-br\/produto\/la-festividad-de-shavuot-para-la-comunidad-judia-en-polonia-polaco\/#primaryimage"},"thumbnailUrl":"https:\/\/www.shavei.org\/wp-content\/uploads\/2020\/12\/shavei-PL-harvest-time-3.jpg","datePublished":"2016-07-11T09:37:17+00:00","dateModified":"2020-12-28T16:17:21+00:00","breadcrumb":{"@id":"https:\/\/www.shavei.org\/pt-br\/produto\/la-festividad-de-shavuot-para-la-comunidad-judia-en-polonia-polaco\/#breadcrumb"},"inLanguage":"pt-BR","potentialAction":[{"@type":"ReadAction","target":["https:\/\/www.shavei.org\/pt-br\/produto\/la-festividad-de-shavuot-para-la-comunidad-judia-en-polonia-polaco\/"]}]},{"@type":"ImageObject","inLanguage":"pt-BR","@id":"https:\/\/www.shavei.org\/pt-br\/produto\/la-festividad-de-shavuot-para-la-comunidad-judia-en-polonia-polaco\/#primaryimage","url":"https:\/\/www.shavei.org\/wp-content\/uploads\/2020\/12\/shavei-PL-harvest-time-3.jpg","contentUrl":"https:\/\/www.shavei.org\/wp-content\/uploads\/2020\/12\/shavei-PL-harvest-time-3.jpg","width":540,"height":396,"caption":"Gu\u00eda online - La festividad de Shavuot para la comunidad jud\u00eda en Polonia (Polaco)"},{"@type":"BreadcrumbList","@id":"https:\/\/www.shavei.org\/pt-br\/produto\/la-festividad-de-shavuot-para-la-comunidad-judia-en-polonia-polaco\/#breadcrumb","itemListElement":[{"@type":"ListItem","position":1,"name":"Home","item":"https:\/\/www.shavei.org\/"},{"@type":"ListItem","position":2,"name":"Shop","item":"https:\/\/www.shavei.org\/shop\/"},{"@type":"ListItem","position":3,"name":"Gu\u00eda online &#8211; La festividad de Shavuot para la comunidad jud\u00eda en Polonia (Polaco)"}]},{"@type":"WebSite","@id":"https:\/\/www.shavei.org\/#website","url":"https:\/\/www.shavei.org\/","name":"Shavei Israel","description":"One nation, many faces. We help them all return.","publisher":{"@id":"https:\/\/www.shavei.org\/#organization"},"potentialAction":[{"@type":"SearchAction","target":{"@type":"EntryPoint","urlTemplate":"https:\/\/www.shavei.org\/?s={search_term_string}"},"query-input":{"@type":"PropertyValueSpecification","valueRequired":true,"valueName":"search_term_string"}}],"inLanguage":"pt-BR"},{"@type":"Organization","@id":"https:\/\/www.shavei.org\/#organization","name":"Shavei Israel","url":"https:\/\/www.shavei.org\/","logo":{"@type":"ImageObject","inLanguage":"pt-BR","@id":"https:\/\/www.shavei.org\/#\/schema\/logo\/image\/","url":"https:\/\/www.shavei.org\/wp-content\/uploads\/2017\/10\/shavei-logo.jpg","contentUrl":"https:\/\/www.shavei.org\/wp-content\/uploads\/2017\/10\/shavei-logo.jpg","width":300,"height":285,"caption":"Shavei Israel"},"image":{"@id":"https:\/\/www.shavei.org\/#\/schema\/logo\/image\/"}}]}},"_links":{"self":[{"href":"https:\/\/www.shavei.org\/pt-br\/wp-json\/wp\/v2\/product\/15620","targetHints":{"allow":["GET"]}}],"collection":[{"href":"https:\/\/www.shavei.org\/pt-br\/wp-json\/wp\/v2\/product"}],"about":[{"href":"https:\/\/www.shavei.org\/pt-br\/wp-json\/wp\/v2\/types\/product"}],"replies":[{"embeddable":true,"href":"https:\/\/www.shavei.org\/pt-br\/wp-json\/wp\/v2\/comments?post=15620"}],"wp:featuredmedia":[{"embeddable":true,"href":"https:\/\/www.shavei.org\/pt-br\/wp-json\/wp\/v2\/media\/120410"}],"wp:attachment":[{"href":"https:\/\/www.shavei.org\/pt-br\/wp-json\/wp\/v2\/media?parent=15620"}],"wp:term":[{"taxonomy":"product_brand","embeddable":true,"href":"https:\/\/www.shavei.org\/pt-br\/wp-json\/wp\/v2\/product_brand?post=15620"},{"taxonomy":"product_cat","embeddable":true,"href":"https:\/\/www.shavei.org\/pt-br\/wp-json\/wp\/v2\/product_cat?post=15620"},{"taxonomy":"product_tag","embeddable":true,"href":"https:\/\/www.shavei.org\/pt-br\/wp-json\/wp\/v2\/product_tag?post=15620"}],"curies":[{"name":"wp","href":"https:\/\/api.w.org\/{rel}","templated":true}]}}