{"id":15616,"date":"2016-07-11T11:52:14","date_gmt":"2016-07-11T09:52:14","guid":{"rendered":"https:\/\/www.shavei.org\/product\/hagada-de-pesaj-portugues\/"},"modified":"2020-12-28T18:17:20","modified_gmt":"2020-12-28T16:17:20","slug":"hagada-de-pesaj-portugues","status":"publish","type":"product","link":"https:\/\/www.shavei.org\/pt-br\/product\/hagada-de-pesaj-portugues\/","title":{"rendered":"Hagad\u00e1 de Pesaj (Portugu\u00e9s)"},"content":{"rendered":"<p>Escrito por el Jaz\u00e1n David Salgado<br \/>\nDe acuerdo a la tradici\u00f3n marroqu\u00ed<br \/>\nPublicado por Shavei Israel, 2011<br \/>\n62 p\u00e1ginas \/ Tapa dura \/ color<br \/>\nColor \/ Ilustrado<\/p>\n<p><a href=\"https:\/\/www.shavei.org\/es\/about-us\/contact\/\">Cont\u00e1ctenos <\/a>para compras por mayor y descuentos educativos. Las im\u00e1genes son un ejemplo y pueden no ser una reproducci\u00f3n exacta del producto que recibir\u00e1.<\/p>\n","protected":false},"excerpt":{"rendered":"<p>La Hagad\u00e1 de Pesaj, libro mediante el cual lideramos la noche de esta festividad, fue producida\u00a0por el Rabino Mois\u00e9s Elmescany y el Jaz\u00e1n David Salgado. Incluye el texto hebreo tradicional, as\u00ed como la traducci\u00f3n al portugu\u00e9s y fon\u00e9tica de las oraciones. Esta hagad\u00e1 presenta el rito (nusaj) de comunidades brasileras y portuguesas de origen sefarad\u00ed de Marruecos.<\/p>\n","protected":false},"featured_media":119273,"comment_status":"closed","ping_status":"closed","template":"","meta":{"give_campaign_id":0,"_exactmetrics_skip_tracking":false,"_exactmetrics_sitenote_active":false,"_exactmetrics_sitenote_note":"","_exactmetrics_sitenote_category":0,"ngg_post_thumbnail":0},"product_brand":[],"product_cat":[2549,2550,2555,2553],"product_tag":[2263,2466,2264,2473,2266,2236],"class_list":{"0":"post-15616","1":"product","2":"type-product","3":"status-publish","4":"has-post-thumbnail","6":"product_cat-idiomas-pt-br","7":"product_cat-libros-pt-br","8":"product_cat-plegarias-de-festividades-pt-br","9":"product_cat-portugues-pt-br","10":"product_tag-africa-del-norte","11":"product_tag-festividad-de-peregrinacion","12":"product_tag-marruecos","13":"product_tag-pesaj","14":"product_tag-portugues","15":"product_tag-sephardic","17":"first","18":"instock","19":"featured","20":"taxable","21":"shipping-taxable","22":"purchasable","23":"product-type-simple"},"yoast_head":"<!-- This site is optimized with the Yoast SEO plugin v27.1.1 - https:\/\/yoast.com\/product\/yoast-seo-wordpress\/ -->\n<title>Hagad\u00e1 de Pesaj (Portugu\u00e9s) - Shavei Israel<\/title>\n<meta name=\"robots\" content=\"index, follow, max-snippet:-1, max-image-preview:large, max-video-preview:-1\" \/>\n<link rel=\"canonical\" href=\"https:\/\/www.shavei.org\/pt-br\/produto\/hagada-de-pesaj-portugues\/\" \/>\n<meta property=\"og:locale\" content=\"pt_BR\" \/>\n<meta property=\"og:type\" content=\"article\" \/>\n<meta property=\"og:title\" content=\"Hagad\u00e1 de Pesaj (Portugu\u00e9s) - Shavei Israel\" \/>\n<meta property=\"og:description\" content=\"La Hagad\u00e1 de Pesaj, libro mediante el cual lideramos la noche de esta festividad, fue producida\u00a0por el Rabino Mois\u00e9s Elmescany y el Jaz\u00e1n David Salgado. Incluye el texto hebreo tradicional, as\u00ed como la traducci\u00f3n al portugu\u00e9s y fon\u00e9tica de las oraciones. Esta hagad\u00e1 presenta el rito (nusaj) de comunidades brasileras y portuguesas de origen sefarad\u00ed de Marruecos.\" \/>\n<meta property=\"og:url\" content=\"https:\/\/www.shavei.org\/pt-br\/produto\/hagada-de-pesaj-portugues\/\" \/>\n<meta property=\"og:site_name\" content=\"Shavei Israel\" \/>\n<meta property=\"article:modified_time\" content=\"2020-12-28T16:17:20+00:00\" \/>\n<meta property=\"og:image\" content=\"https:\/\/www.shavei.org\/wp-content\/uploads\/2020\/12\/shavei-PT-hagada-pesach.jpg\" \/>\n\t<meta property=\"og:image:width\" content=\"1\" \/>\n\t<meta property=\"og:image:height\" content=\"1\" \/>\n\t<meta property=\"og:image:type\" content=\"image\/jpeg\" \/>\n<meta name=\"twitter:card\" content=\"summary_large_image\" \/>\n<script type=\"application\/ld+json\" class=\"yoast-schema-graph\">{\"@context\":\"https:\/\/schema.org\",\"@graph\":[{\"@type\":\"WebPage\",\"@id\":\"https:\/\/www.shavei.org\/pt-br\/produto\/hagada-de-pesaj-portugues\/\",\"url\":\"https:\/\/www.shavei.org\/pt-br\/produto\/hagada-de-pesaj-portugues\/\",\"name\":\"Hagad\u00e1 de Pesaj (Portugu\u00e9s) - Shavei Israel\",\"isPartOf\":{\"@id\":\"https:\/\/www.shavei.org\/#website\"},\"primaryImageOfPage\":{\"@id\":\"https:\/\/www.shavei.org\/pt-br\/produto\/hagada-de-pesaj-portugues\/#primaryimage\"},\"image\":{\"@id\":\"https:\/\/www.shavei.org\/pt-br\/produto\/hagada-de-pesaj-portugues\/#primaryimage\"},\"thumbnailUrl\":\"https:\/\/www.shavei.org\/wp-content\/uploads\/2020\/12\/shavei-PT-hagada-pesach.jpg\",\"datePublished\":\"2016-07-11T09:52:14+00:00\",\"dateModified\":\"2020-12-28T16:17:20+00:00\",\"breadcrumb\":{\"@id\":\"https:\/\/www.shavei.org\/pt-br\/produto\/hagada-de-pesaj-portugues\/#breadcrumb\"},\"inLanguage\":\"pt-BR\",\"potentialAction\":[{\"@type\":\"ReadAction\",\"target\":[\"https:\/\/www.shavei.org\/pt-br\/produto\/hagada-de-pesaj-portugues\/\"]}]},{\"@type\":\"ImageObject\",\"inLanguage\":\"pt-BR\",\"@id\":\"https:\/\/www.shavei.org\/pt-br\/produto\/hagada-de-pesaj-portugues\/#primaryimage\",\"url\":\"https:\/\/www.shavei.org\/wp-content\/uploads\/2020\/12\/shavei-PT-hagada-pesach.jpg\",\"contentUrl\":\"https:\/\/www.shavei.org\/wp-content\/uploads\/2020\/12\/shavei-PT-hagada-pesach.jpg\",\"caption\":\"Hagad\u00e1 de Pesaj (Portugu\u00e9s)\"},{\"@type\":\"BreadcrumbList\",\"@id\":\"https:\/\/www.shavei.org\/pt-br\/produto\/hagada-de-pesaj-portugues\/#breadcrumb\",\"itemListElement\":[{\"@type\":\"ListItem\",\"position\":1,\"name\":\"Home\",\"item\":\"https:\/\/www.shavei.org\/\"},{\"@type\":\"ListItem\",\"position\":2,\"name\":\"Shop\",\"item\":\"https:\/\/www.shavei.org\/shop\/\"},{\"@type\":\"ListItem\",\"position\":3,\"name\":\"Hagad\u00e1 de Pesaj (Portugu\u00e9s)\"}]},{\"@type\":\"WebSite\",\"@id\":\"https:\/\/www.shavei.org\/#website\",\"url\":\"https:\/\/www.shavei.org\/\",\"name\":\"Shavei Israel\",\"description\":\"One nation, many faces. We help them all return.\",\"publisher\":{\"@id\":\"https:\/\/www.shavei.org\/#organization\"},\"potentialAction\":[{\"@type\":\"SearchAction\",\"target\":{\"@type\":\"EntryPoint\",\"urlTemplate\":\"https:\/\/www.shavei.org\/?s={search_term_string}\"},\"query-input\":{\"@type\":\"PropertyValueSpecification\",\"valueRequired\":true,\"valueName\":\"search_term_string\"}}],\"inLanguage\":\"pt-BR\"},{\"@type\":\"Organization\",\"@id\":\"https:\/\/www.shavei.org\/#organization\",\"name\":\"Shavei Israel\",\"url\":\"https:\/\/www.shavei.org\/\",\"logo\":{\"@type\":\"ImageObject\",\"inLanguage\":\"pt-BR\",\"@id\":\"https:\/\/www.shavei.org\/#\/schema\/logo\/image\/\",\"url\":\"https:\/\/www.shavei.org\/wp-content\/uploads\/2017\/10\/shavei-logo.jpg\",\"contentUrl\":\"https:\/\/www.shavei.org\/wp-content\/uploads\/2017\/10\/shavei-logo.jpg\",\"width\":300,\"height\":285,\"caption\":\"Shavei Israel\"},\"image\":{\"@id\":\"https:\/\/www.shavei.org\/#\/schema\/logo\/image\/\"}}]}<\/script>\n<!-- \/ Yoast SEO plugin. -->","yoast_head_json":{"title":"Hagad\u00e1 de Pesaj (Portugu\u00e9s) - Shavei Israel","robots":{"index":"index","follow":"follow","max-snippet":"max-snippet:-1","max-image-preview":"max-image-preview:large","max-video-preview":"max-video-preview:-1"},"canonical":"https:\/\/www.shavei.org\/pt-br\/produto\/hagada-de-pesaj-portugues\/","og_locale":"pt_BR","og_type":"article","og_title":"Hagad\u00e1 de Pesaj (Portugu\u00e9s) - Shavei Israel","og_description":"La Hagad\u00e1 de Pesaj, libro mediante el cual lideramos la noche de esta festividad, fue producida\u00a0por el Rabino Mois\u00e9s Elmescany y el Jaz\u00e1n David Salgado. Incluye el texto hebreo tradicional, as\u00ed como la traducci\u00f3n al portugu\u00e9s y fon\u00e9tica de las oraciones. Esta hagad\u00e1 presenta el rito (nusaj) de comunidades brasileras y portuguesas de origen sefarad\u00ed de Marruecos.","og_url":"https:\/\/www.shavei.org\/pt-br\/produto\/hagada-de-pesaj-portugues\/","og_site_name":"Shavei Israel","article_modified_time":"2020-12-28T16:17:20+00:00","og_image":[{"url":"https:\/\/www.shavei.org\/wp-content\/uploads\/2020\/12\/shavei-PT-hagada-pesach.jpg","width":1,"height":1,"type":"image\/jpeg"}],"twitter_card":"summary_large_image","schema":{"@context":"https:\/\/schema.org","@graph":[{"@type":"WebPage","@id":"https:\/\/www.shavei.org\/pt-br\/produto\/hagada-de-pesaj-portugues\/","url":"https:\/\/www.shavei.org\/pt-br\/produto\/hagada-de-pesaj-portugues\/","name":"Hagad\u00e1 de Pesaj (Portugu\u00e9s) - Shavei Israel","isPartOf":{"@id":"https:\/\/www.shavei.org\/#website"},"primaryImageOfPage":{"@id":"https:\/\/www.shavei.org\/pt-br\/produto\/hagada-de-pesaj-portugues\/#primaryimage"},"image":{"@id":"https:\/\/www.shavei.org\/pt-br\/produto\/hagada-de-pesaj-portugues\/#primaryimage"},"thumbnailUrl":"https:\/\/www.shavei.org\/wp-content\/uploads\/2020\/12\/shavei-PT-hagada-pesach.jpg","datePublished":"2016-07-11T09:52:14+00:00","dateModified":"2020-12-28T16:17:20+00:00","breadcrumb":{"@id":"https:\/\/www.shavei.org\/pt-br\/produto\/hagada-de-pesaj-portugues\/#breadcrumb"},"inLanguage":"pt-BR","potentialAction":[{"@type":"ReadAction","target":["https:\/\/www.shavei.org\/pt-br\/produto\/hagada-de-pesaj-portugues\/"]}]},{"@type":"ImageObject","inLanguage":"pt-BR","@id":"https:\/\/www.shavei.org\/pt-br\/produto\/hagada-de-pesaj-portugues\/#primaryimage","url":"https:\/\/www.shavei.org\/wp-content\/uploads\/2020\/12\/shavei-PT-hagada-pesach.jpg","contentUrl":"https:\/\/www.shavei.org\/wp-content\/uploads\/2020\/12\/shavei-PT-hagada-pesach.jpg","caption":"Hagad\u00e1 de Pesaj (Portugu\u00e9s)"},{"@type":"BreadcrumbList","@id":"https:\/\/www.shavei.org\/pt-br\/produto\/hagada-de-pesaj-portugues\/#breadcrumb","itemListElement":[{"@type":"ListItem","position":1,"name":"Home","item":"https:\/\/www.shavei.org\/"},{"@type":"ListItem","position":2,"name":"Shop","item":"https:\/\/www.shavei.org\/shop\/"},{"@type":"ListItem","position":3,"name":"Hagad\u00e1 de Pesaj (Portugu\u00e9s)"}]},{"@type":"WebSite","@id":"https:\/\/www.shavei.org\/#website","url":"https:\/\/www.shavei.org\/","name":"Shavei Israel","description":"One nation, many faces. We help them all return.","publisher":{"@id":"https:\/\/www.shavei.org\/#organization"},"potentialAction":[{"@type":"SearchAction","target":{"@type":"EntryPoint","urlTemplate":"https:\/\/www.shavei.org\/?s={search_term_string}"},"query-input":{"@type":"PropertyValueSpecification","valueRequired":true,"valueName":"search_term_string"}}],"inLanguage":"pt-BR"},{"@type":"Organization","@id":"https:\/\/www.shavei.org\/#organization","name":"Shavei Israel","url":"https:\/\/www.shavei.org\/","logo":{"@type":"ImageObject","inLanguage":"pt-BR","@id":"https:\/\/www.shavei.org\/#\/schema\/logo\/image\/","url":"https:\/\/www.shavei.org\/wp-content\/uploads\/2017\/10\/shavei-logo.jpg","contentUrl":"https:\/\/www.shavei.org\/wp-content\/uploads\/2017\/10\/shavei-logo.jpg","width":300,"height":285,"caption":"Shavei Israel"},"image":{"@id":"https:\/\/www.shavei.org\/#\/schema\/logo\/image\/"}}]}},"_links":{"self":[{"href":"https:\/\/www.shavei.org\/pt-br\/wp-json\/wp\/v2\/product\/15616","targetHints":{"allow":["GET"]}}],"collection":[{"href":"https:\/\/www.shavei.org\/pt-br\/wp-json\/wp\/v2\/product"}],"about":[{"href":"https:\/\/www.shavei.org\/pt-br\/wp-json\/wp\/v2\/types\/product"}],"replies":[{"embeddable":true,"href":"https:\/\/www.shavei.org\/pt-br\/wp-json\/wp\/v2\/comments?post=15616"}],"wp:featuredmedia":[{"embeddable":true,"href":"https:\/\/www.shavei.org\/pt-br\/wp-json\/wp\/v2\/media\/119273"}],"wp:attachment":[{"href":"https:\/\/www.shavei.org\/pt-br\/wp-json\/wp\/v2\/media?parent=15616"}],"wp:term":[{"taxonomy":"product_brand","embeddable":true,"href":"https:\/\/www.shavei.org\/pt-br\/wp-json\/wp\/v2\/product_brand?post=15616"},{"taxonomy":"product_cat","embeddable":true,"href":"https:\/\/www.shavei.org\/pt-br\/wp-json\/wp\/v2\/product_cat?post=15616"},{"taxonomy":"product_tag","embeddable":true,"href":"https:\/\/www.shavei.org\/pt-br\/wp-json\/wp\/v2\/product_tag?post=15616"}],"curies":[{"name":"wp","href":"https:\/\/api.w.org\/{rel}","templated":true}]}}