{"id":15553,"date":"2016-07-11T11:54:18","date_gmt":"2016-07-11T09:54:18","guid":{"rendered":"https:\/\/www.shavei.org\/product\/voce-tem-raizes-judaicas-2\/"},"modified":"2021-05-09T12:16:47","modified_gmt":"2021-05-09T10:16:47","slug":"voce-tem-raizes-judaicas-2","status":"publish","type":"product","link":"https:\/\/www.shavei.org\/pt-br\/product\/voce-tem-raizes-judaicas-2\/","title":{"rendered":"Voc\u00ea tem ra\u00edzes judaicas? (portugu\u00e9s)"},"content":{"rendered":"<p>Escrito por el\u00a0Rabino Eliahu Birnbaum y Michael Freund<br \/>\nDise\u00f1o gr\u00e1fico por\u00a0Daniela Brandwain Silberman<br \/>\nPublcado por Shavei Israel, 2015<br \/>\n110 pages \/\u00a0Tapa blanda<\/p>\n","protected":false},"excerpt":{"rendered":"<p>Una gu\u00eda pr\u00e1ctica para explorar la posibilidad de\u00a0ra\u00edces jud\u00edas.\u00a0En \u00e9l encontrar\u00e1 herramientas pr\u00e1cticas y concretas que le faciliten la b\u00fasqueda y le permitan vivir una experiencia personal y significativa en este proceso que emprenden.<\/p>\n<p><strong><em>Puede tambi\u00e9n descargar este libro en forma virtual y gratuita <a href=\"https:\/\/www.shavei.org\/pt-br\/voce-tem-raizes-judaicas\/\">aqu\u00ed<\/a>.<\/em><\/strong><\/p>\n<p>Para la versi\u00f3n en espa\u00f1ol haga <a href=\"https:\/\/staging.shavei-v3.flywheelsites.com\/es\/producto\/tiene-usted-raices-judias\/\">click aqu\u00ed<\/a>, para la versi\u00f3n en italiano <a href=\"https:\/\/staging.shavei-v3.flywheelsites.com\/es\/producto\/tiene-usted-raices-judias-italiano\/\">aqu\u00ed<\/a>.<\/p>\n<p>Este libro est\u00e1 en Portugu\u00e9s\u00a0pero puede agregarlo a su carrito de compras desde la p\u00e1gina en espa\u00f1ol.\u00a0Haga click aqu\u00ed para leer la <strong><a href=\"https:\/\/staging.shavei-v3.flywheelsites.com\/es\/producto\/tiene-usted-raices-judias\/\">descripci\u00f3n del libro en espa\u00f1ol<\/a>.<\/strong><\/p>\n","protected":false},"featured_media":119017,"comment_status":"closed","ping_status":"closed","template":"","meta":{"give_campaign_id":0,"_exactmetrics_skip_tracking":false,"_exactmetrics_sitenote_active":false,"_exactmetrics_sitenote_note":"","_exactmetrics_sitenote_category":0,"ngg_post_thumbnail":0},"product_brand":[],"product_cat":[2407,2183,2185,2408,2262],"product_tag":[2409,2411,2270,2412,2410,2359,2381,2266,2236],"class_list":{"0":"post-15553","1":"product","2":"type-product","3":"status-publish","4":"has-post-thumbnail","6":"product_cat-genealogia","7":"product_cat-idiomas","8":"product_cat-libros","9":"product_cat-libros-virtuales","10":"product_cat-portugues","11":"product_tag-adn","12":"product_tag-america-latina","13":"product_tag-bnei-anusim","14":"product_tag-brasil","15":"product_tag-genealogia","16":"product_tag-marranos","17":"product_tag-portugal","18":"product_tag-portugues","19":"product_tag-sephardic","20":"product_shipping_class-registered-mail-he","22":"first","23":"instock","24":"taxable","25":"shipping-taxable","26":"purchasable","27":"product-type-simple"},"yoast_head":"<!-- This site is optimized with the Yoast SEO plugin v27.1.1 - https:\/\/yoast.com\/product\/yoast-seo-wordpress\/ -->\n<title>Voc\u00ea tem ra\u00edzes judaicas? (portugu\u00e9s) - Shavei Israel<\/title>\n<meta name=\"robots\" content=\"index, follow, max-snippet:-1, max-image-preview:large, max-video-preview:-1\" \/>\n<link rel=\"canonical\" href=\"https:\/\/www.shavei.org\/pt-br\/product\/voce-tem-raizes-judaicas-2\/\" \/>\n<meta property=\"og:locale\" content=\"pt_BR\" \/>\n<meta property=\"og:type\" content=\"article\" \/>\n<meta property=\"og:title\" content=\"Voc\u00ea tem ra\u00edzes judaicas? (portugu\u00e9s) - Shavei Israel\" \/>\n<meta property=\"og:description\" content=\"Una gu\u00eda pr\u00e1ctica para explorar la posibilidad de\u00a0ra\u00edces jud\u00edas.\u00a0En \u00e9l encontrar\u00e1 herramientas pr\u00e1cticas y concretas que le faciliten la b\u00fasqueda y le permitan vivir una experiencia personal y significativa en este proceso que emprenden.  Puede tambi\u00e9n descargar este libro en forma virtual y gratuita aqu\u00ed.  Para la versi\u00f3n en espa\u00f1ol haga click aqu\u00ed, para la versi\u00f3n en italiano aqu\u00ed.  Este libro est\u00e1 en Portugu\u00e9s\u00a0pero puede agregarlo a su carrito de compras desde la p\u00e1gina en espa\u00f1ol.\u00a0Haga click aqu\u00ed para leer la descripci\u00f3n del libro en espa\u00f1ol.\" \/>\n<meta property=\"og:url\" content=\"https:\/\/www.shavei.org\/es\/product\/voce-tem-raizes-judaicas-2\/\" \/>\n<meta property=\"og:site_name\" content=\"Shavei Israel\" \/>\n<meta property=\"article:modified_time\" content=\"2021-05-09T10:16:47+00:00\" \/>\n<meta property=\"og:image\" content=\"https:\/\/www.shavei.org\/wp-content\/uploads\/2020\/12\/shavei-PT-jewish-roots.jpg\" \/>\n\t<meta property=\"og:image:width\" content=\"1\" \/>\n\t<meta property=\"og:image:height\" content=\"1\" \/>\n\t<meta property=\"og:image:type\" content=\"image\/jpeg\" \/>\n<meta name=\"twitter:card\" content=\"summary_large_image\" \/>\n<script type=\"application\/ld+json\" class=\"yoast-schema-graph\">{\"@context\":\"https:\/\/schema.org\",\"@graph\":[{\"@type\":\"WebPage\",\"@id\":\"https:\/\/www.shavei.org\/es\/product\/voce-tem-raizes-judaicas-2\/\",\"url\":\"https:\/\/www.shavei.org\/es\/product\/voce-tem-raizes-judaicas-2\/\",\"name\":\"Voc\u00ea tem ra\u00edzes judaicas? (portugu\u00e9s) - Shavei Israel\",\"isPartOf\":{\"@id\":\"https:\/\/www.shavei.org\/#website\"},\"primaryImageOfPage\":{\"@id\":\"https:\/\/www.shavei.org\/es\/product\/voce-tem-raizes-judaicas-2\/#primaryimage\"},\"image\":{\"@id\":\"https:\/\/www.shavei.org\/es\/product\/voce-tem-raizes-judaicas-2\/#primaryimage\"},\"thumbnailUrl\":\"https:\/\/www.shavei.org\/wp-content\/uploads\/2020\/12\/shavei-PT-jewish-roots.jpg\",\"datePublished\":\"2016-07-11T09:54:18+00:00\",\"dateModified\":\"2021-05-09T10:16:47+00:00\",\"breadcrumb\":{\"@id\":\"https:\/\/www.shavei.org\/es\/product\/voce-tem-raizes-judaicas-2\/#breadcrumb\"},\"inLanguage\":\"pt-BR\",\"potentialAction\":[{\"@type\":\"ReadAction\",\"target\":[\"https:\/\/www.shavei.org\/es\/product\/voce-tem-raizes-judaicas-2\/\"]}]},{\"@type\":\"ImageObject\",\"inLanguage\":\"pt-BR\",\"@id\":\"https:\/\/www.shavei.org\/es\/product\/voce-tem-raizes-judaicas-2\/#primaryimage\",\"url\":\"https:\/\/www.shavei.org\/wp-content\/uploads\/2020\/12\/shavei-PT-jewish-roots.jpg\",\"contentUrl\":\"https:\/\/www.shavei.org\/wp-content\/uploads\/2020\/12\/shavei-PT-jewish-roots.jpg\",\"caption\":\"Voc\u00ea tem ra\u00edzes judaicas? (portugu\u00e9s)\"},{\"@type\":\"BreadcrumbList\",\"@id\":\"https:\/\/www.shavei.org\/es\/product\/voce-tem-raizes-judaicas-2\/#breadcrumb\",\"itemListElement\":[{\"@type\":\"ListItem\",\"position\":1,\"name\":\"Home\",\"item\":\"https:\/\/www.shavei.org\/\"},{\"@type\":\"ListItem\",\"position\":2,\"name\":\"Shop\",\"item\":\"https:\/\/www.shavei.org\/shop\/\"},{\"@type\":\"ListItem\",\"position\":3,\"name\":\"Voc\u00ea tem ra\u00edzes judaicas? (portugu\u00e9s)\"}]},{\"@type\":\"WebSite\",\"@id\":\"https:\/\/www.shavei.org\/#website\",\"url\":\"https:\/\/www.shavei.org\/\",\"name\":\"Shavei Israel\",\"description\":\"One nation, many faces. We help them all return.\",\"publisher\":{\"@id\":\"https:\/\/www.shavei.org\/#organization\"},\"potentialAction\":[{\"@type\":\"SearchAction\",\"target\":{\"@type\":\"EntryPoint\",\"urlTemplate\":\"https:\/\/www.shavei.org\/?s={search_term_string}\"},\"query-input\":{\"@type\":\"PropertyValueSpecification\",\"valueRequired\":true,\"valueName\":\"search_term_string\"}}],\"inLanguage\":\"pt-BR\"},{\"@type\":\"Organization\",\"@id\":\"https:\/\/www.shavei.org\/#organization\",\"name\":\"Shavei Israel\",\"url\":\"https:\/\/www.shavei.org\/\",\"logo\":{\"@type\":\"ImageObject\",\"inLanguage\":\"pt-BR\",\"@id\":\"https:\/\/www.shavei.org\/#\/schema\/logo\/image\/\",\"url\":\"https:\/\/www.shavei.org\/wp-content\/uploads\/2017\/10\/shavei-logo.jpg\",\"contentUrl\":\"https:\/\/www.shavei.org\/wp-content\/uploads\/2017\/10\/shavei-logo.jpg\",\"width\":300,\"height\":285,\"caption\":\"Shavei Israel\"},\"image\":{\"@id\":\"https:\/\/www.shavei.org\/#\/schema\/logo\/image\/\"}}]}<\/script>\n<!-- \/ Yoast SEO plugin. -->","yoast_head_json":{"title":"Voc\u00ea tem ra\u00edzes judaicas? (portugu\u00e9s) - Shavei Israel","robots":{"index":"index","follow":"follow","max-snippet":"max-snippet:-1","max-image-preview":"max-image-preview:large","max-video-preview":"max-video-preview:-1"},"canonical":"https:\/\/www.shavei.org\/pt-br\/product\/voce-tem-raizes-judaicas-2\/","og_locale":"pt_BR","og_type":"article","og_title":"Voc\u00ea tem ra\u00edzes judaicas? (portugu\u00e9s) - Shavei Israel","og_description":"Una gu\u00eda pr\u00e1ctica para explorar la posibilidad de\u00a0ra\u00edces jud\u00edas.\u00a0En \u00e9l encontrar\u00e1 herramientas pr\u00e1cticas y concretas que le faciliten la b\u00fasqueda y le permitan vivir una experiencia personal y significativa en este proceso que emprenden.  Puede tambi\u00e9n descargar este libro en forma virtual y gratuita aqu\u00ed.  Para la versi\u00f3n en espa\u00f1ol haga click aqu\u00ed, para la versi\u00f3n en italiano aqu\u00ed.  Este libro est\u00e1 en Portugu\u00e9s\u00a0pero puede agregarlo a su carrito de compras desde la p\u00e1gina en espa\u00f1ol.\u00a0Haga click aqu\u00ed para leer la descripci\u00f3n del libro en espa\u00f1ol.","og_url":"https:\/\/www.shavei.org\/es\/product\/voce-tem-raizes-judaicas-2\/","og_site_name":"Shavei Israel","article_modified_time":"2021-05-09T10:16:47+00:00","og_image":[{"url":"https:\/\/www.shavei.org\/wp-content\/uploads\/2020\/12\/shavei-PT-jewish-roots.jpg","width":1,"height":1,"type":"image\/jpeg"}],"twitter_card":"summary_large_image","schema":{"@context":"https:\/\/schema.org","@graph":[{"@type":"WebPage","@id":"https:\/\/www.shavei.org\/es\/product\/voce-tem-raizes-judaicas-2\/","url":"https:\/\/www.shavei.org\/es\/product\/voce-tem-raizes-judaicas-2\/","name":"Voc\u00ea tem ra\u00edzes judaicas? (portugu\u00e9s) - Shavei Israel","isPartOf":{"@id":"https:\/\/www.shavei.org\/#website"},"primaryImageOfPage":{"@id":"https:\/\/www.shavei.org\/es\/product\/voce-tem-raizes-judaicas-2\/#primaryimage"},"image":{"@id":"https:\/\/www.shavei.org\/es\/product\/voce-tem-raizes-judaicas-2\/#primaryimage"},"thumbnailUrl":"https:\/\/www.shavei.org\/wp-content\/uploads\/2020\/12\/shavei-PT-jewish-roots.jpg","datePublished":"2016-07-11T09:54:18+00:00","dateModified":"2021-05-09T10:16:47+00:00","breadcrumb":{"@id":"https:\/\/www.shavei.org\/es\/product\/voce-tem-raizes-judaicas-2\/#breadcrumb"},"inLanguage":"pt-BR","potentialAction":[{"@type":"ReadAction","target":["https:\/\/www.shavei.org\/es\/product\/voce-tem-raizes-judaicas-2\/"]}]},{"@type":"ImageObject","inLanguage":"pt-BR","@id":"https:\/\/www.shavei.org\/es\/product\/voce-tem-raizes-judaicas-2\/#primaryimage","url":"https:\/\/www.shavei.org\/wp-content\/uploads\/2020\/12\/shavei-PT-jewish-roots.jpg","contentUrl":"https:\/\/www.shavei.org\/wp-content\/uploads\/2020\/12\/shavei-PT-jewish-roots.jpg","caption":"Voc\u00ea tem ra\u00edzes judaicas? (portugu\u00e9s)"},{"@type":"BreadcrumbList","@id":"https:\/\/www.shavei.org\/es\/product\/voce-tem-raizes-judaicas-2\/#breadcrumb","itemListElement":[{"@type":"ListItem","position":1,"name":"Home","item":"https:\/\/www.shavei.org\/"},{"@type":"ListItem","position":2,"name":"Shop","item":"https:\/\/www.shavei.org\/shop\/"},{"@type":"ListItem","position":3,"name":"Voc\u00ea tem ra\u00edzes judaicas? (portugu\u00e9s)"}]},{"@type":"WebSite","@id":"https:\/\/www.shavei.org\/#website","url":"https:\/\/www.shavei.org\/","name":"Shavei Israel","description":"One nation, many faces. We help them all return.","publisher":{"@id":"https:\/\/www.shavei.org\/#organization"},"potentialAction":[{"@type":"SearchAction","target":{"@type":"EntryPoint","urlTemplate":"https:\/\/www.shavei.org\/?s={search_term_string}"},"query-input":{"@type":"PropertyValueSpecification","valueRequired":true,"valueName":"search_term_string"}}],"inLanguage":"pt-BR"},{"@type":"Organization","@id":"https:\/\/www.shavei.org\/#organization","name":"Shavei Israel","url":"https:\/\/www.shavei.org\/","logo":{"@type":"ImageObject","inLanguage":"pt-BR","@id":"https:\/\/www.shavei.org\/#\/schema\/logo\/image\/","url":"https:\/\/www.shavei.org\/wp-content\/uploads\/2017\/10\/shavei-logo.jpg","contentUrl":"https:\/\/www.shavei.org\/wp-content\/uploads\/2017\/10\/shavei-logo.jpg","width":300,"height":285,"caption":"Shavei Israel"},"image":{"@id":"https:\/\/www.shavei.org\/#\/schema\/logo\/image\/"}}]}},"_links":{"self":[{"href":"https:\/\/www.shavei.org\/pt-br\/wp-json\/wp\/v2\/product\/15553","targetHints":{"allow":["GET"]}}],"collection":[{"href":"https:\/\/www.shavei.org\/pt-br\/wp-json\/wp\/v2\/product"}],"about":[{"href":"https:\/\/www.shavei.org\/pt-br\/wp-json\/wp\/v2\/types\/product"}],"replies":[{"embeddable":true,"href":"https:\/\/www.shavei.org\/pt-br\/wp-json\/wp\/v2\/comments?post=15553"}],"wp:featuredmedia":[{"embeddable":true,"href":"https:\/\/www.shavei.org\/pt-br\/wp-json\/wp\/v2\/media\/119017"}],"wp:attachment":[{"href":"https:\/\/www.shavei.org\/pt-br\/wp-json\/wp\/v2\/media?parent=15553"}],"wp:term":[{"taxonomy":"product_brand","embeddable":true,"href":"https:\/\/www.shavei.org\/pt-br\/wp-json\/wp\/v2\/product_brand?post=15553"},{"taxonomy":"product_cat","embeddable":true,"href":"https:\/\/www.shavei.org\/pt-br\/wp-json\/wp\/v2\/product_cat?post=15553"},{"taxonomy":"product_tag","embeddable":true,"href":"https:\/\/www.shavei.org\/pt-br\/wp-json\/wp\/v2\/product_tag?post=15553"}],"curies":[{"name":"wp","href":"https:\/\/api.w.org\/{rel}","templated":true}]}}