{"id":15533,"date":"2016-07-11T10:20:46","date_gmt":"2016-07-11T08:20:46","guid":{"rendered":"https:\/\/www.shavei.org\/product\/bendiciones-de-los-alimentos-2\/"},"modified":"2024-11-20T09:22:34","modified_gmt":"2024-11-20T07:22:34","slug":"bendiciones-de-los-alimentos-2","status":"publish","type":"product","link":"https:\/\/www.shavei.org\/pt-br\/product\/bendiciones-de-los-alimentos-2\/","title":{"rendered":"Bendiciones de los Alimentos"},"content":{"rendered":"<p>Autor:\u00a0Rabino Eliahu Birnbaum<br \/>\nEditor:\u00a0Shavei Israel<br \/>\n32 p\u00e1ginas \/\u00a0De tapa blanda<br \/>\nEn espa\u00f1ol y fon\u00e9tica<\/p>\n","protected":false},"excerpt":{"rendered":"<p>Gu\u00eda pr\u00e1ctica de bendiciones en espa\u00f1ol con traducci\u00f3n y fon\u00e9tica que incluye las bendiciones de los alimentos previas a las comidas, Bircat Hanehen\u00edn, y las bendiciones posteriores, Beraj\u00e1 Ajaron\u00e1, Braja me\u00b4Ein Shalosh y Bircat Hamaz\u00f3n. Tama\u00f1o bolsillo.<\/p>\n","protected":false},"featured_media":120170,"comment_status":"closed","ping_status":"closed","template":"","meta":{"give_campaign_id":0,"_exactmetrics_skip_tracking":false,"_exactmetrics_sitenote_active":false,"_exactmetrics_sitenote_note":"","_exactmetrics_sitenote_category":0,"ngg_post_thumbnail":0},"product_brand":[],"product_cat":[2280,2184,2183,2185],"product_tag":[2281,2289,2402,2187],"class_list":{"0":"post-15533","1":"product","2":"type-product","3":"status-publish","4":"has-post-thumbnail","6":"product_cat-canciones-y-bendiciones","7":"product_cat-espanol","8":"product_cat-idiomas","9":"product_cat-libros","10":"product_tag-bendiciones","11":"product_tag-comida","12":"product_tag-comidas","13":"product_tag-espanol","14":"product_shipping_class-registered-mail-he","16":"first","17":"instock","18":"taxable","19":"shipping-taxable","20":"purchasable","21":"product-type-simple"},"yoast_head":"<!-- This site is optimized with the Yoast SEO plugin v27.1.1 - https:\/\/yoast.com\/product\/yoast-seo-wordpress\/ -->\n<title>Bendiciones de los Alimentos - Shavei Israel<\/title>\n<meta name=\"robots\" content=\"index, follow, max-snippet:-1, max-image-preview:large, max-video-preview:-1\" \/>\n<link rel=\"canonical\" href=\"https:\/\/www.shavei.org\/pt-br\/product\/bendiciones-de-los-alimentos-2\/\" \/>\n<meta property=\"og:locale\" content=\"pt_BR\" \/>\n<meta property=\"og:type\" content=\"article\" \/>\n<meta property=\"og:title\" content=\"Bendiciones de los Alimentos - Shavei Israel\" \/>\n<meta property=\"og:description\" content=\"Gu\u00eda pr\u00e1ctica de bendiciones en espa\u00f1ol con traducci\u00f3n y fon\u00e9tica que incluye las bendiciones de los alimentos previas a las comidas, Bircat Hanehen\u00edn, y las bendiciones posteriores, Beraj\u00e1 Ajaron\u00e1, Braja me\u00b4Ein Shalosh y Bircat Hamaz\u00f3n. Tama\u00f1o bolsillo.\" \/>\n<meta property=\"og:url\" content=\"https:\/\/www.shavei.org\/product\/bendiciones-de-los-alimentos-2\/\" \/>\n<meta property=\"og:site_name\" content=\"Shavei Israel\" \/>\n<meta property=\"article:modified_time\" content=\"2024-11-20T07:22:34+00:00\" \/>\n<meta property=\"og:image\" content=\"https:\/\/www.shavei.org\/wp-content\/uploads\/2020\/12\/shavei-ES-benediciones-alimentos-3.jpg\" \/>\n\t<meta property=\"og:image:width\" content=\"540\" \/>\n\t<meta property=\"og:image:height\" content=\"396\" \/>\n\t<meta property=\"og:image:type\" content=\"image\/jpeg\" \/>\n<meta name=\"twitter:card\" content=\"summary_large_image\" \/>\n<script type=\"application\/ld+json\" class=\"yoast-schema-graph\">{\"@context\":\"https:\/\/schema.org\",\"@graph\":[{\"@type\":\"WebPage\",\"@id\":\"https:\/\/www.shavei.org\/product\/bendiciones-de-los-alimentos-2\/\",\"url\":\"https:\/\/www.shavei.org\/product\/bendiciones-de-los-alimentos-2\/\",\"name\":\"Bendiciones de los Alimentos - Shavei Israel\",\"isPartOf\":{\"@id\":\"https:\/\/www.shavei.org\/#website\"},\"primaryImageOfPage\":{\"@id\":\"https:\/\/www.shavei.org\/product\/bendiciones-de-los-alimentos-2\/#primaryimage\"},\"image\":{\"@id\":\"https:\/\/www.shavei.org\/product\/bendiciones-de-los-alimentos-2\/#primaryimage\"},\"thumbnailUrl\":\"https:\/\/www.shavei.org\/wp-content\/uploads\/2020\/12\/shavei-ES-benediciones-alimentos-3.jpg\",\"datePublished\":\"2016-07-11T08:20:46+00:00\",\"dateModified\":\"2024-11-20T07:22:34+00:00\",\"breadcrumb\":{\"@id\":\"https:\/\/www.shavei.org\/product\/bendiciones-de-los-alimentos-2\/#breadcrumb\"},\"inLanguage\":\"pt-BR\",\"potentialAction\":[{\"@type\":\"ReadAction\",\"target\":[\"https:\/\/www.shavei.org\/product\/bendiciones-de-los-alimentos-2\/\"]}]},{\"@type\":\"ImageObject\",\"inLanguage\":\"pt-BR\",\"@id\":\"https:\/\/www.shavei.org\/product\/bendiciones-de-los-alimentos-2\/#primaryimage\",\"url\":\"https:\/\/www.shavei.org\/wp-content\/uploads\/2020\/12\/shavei-ES-benediciones-alimentos-3.jpg\",\"contentUrl\":\"https:\/\/www.shavei.org\/wp-content\/uploads\/2020\/12\/shavei-ES-benediciones-alimentos-3.jpg\",\"width\":540,\"height\":396,\"caption\":\"Bendiciones de los Alimentos\"},{\"@type\":\"BreadcrumbList\",\"@id\":\"https:\/\/www.shavei.org\/product\/bendiciones-de-los-alimentos-2\/#breadcrumb\",\"itemListElement\":[{\"@type\":\"ListItem\",\"position\":1,\"name\":\"Home\",\"item\":\"https:\/\/www.shavei.org\/\"},{\"@type\":\"ListItem\",\"position\":2,\"name\":\"Shop\",\"item\":\"https:\/\/www.shavei.org\/shop\/\"},{\"@type\":\"ListItem\",\"position\":3,\"name\":\"Bendiciones de los Alimentos\"}]},{\"@type\":\"WebSite\",\"@id\":\"https:\/\/www.shavei.org\/#website\",\"url\":\"https:\/\/www.shavei.org\/\",\"name\":\"Shavei Israel\",\"description\":\"One nation, many faces. We help them all return.\",\"publisher\":{\"@id\":\"https:\/\/www.shavei.org\/#organization\"},\"potentialAction\":[{\"@type\":\"SearchAction\",\"target\":{\"@type\":\"EntryPoint\",\"urlTemplate\":\"https:\/\/www.shavei.org\/?s={search_term_string}\"},\"query-input\":{\"@type\":\"PropertyValueSpecification\",\"valueRequired\":true,\"valueName\":\"search_term_string\"}}],\"inLanguage\":\"pt-BR\"},{\"@type\":\"Organization\",\"@id\":\"https:\/\/www.shavei.org\/#organization\",\"name\":\"Shavei Israel\",\"url\":\"https:\/\/www.shavei.org\/\",\"logo\":{\"@type\":\"ImageObject\",\"inLanguage\":\"pt-BR\",\"@id\":\"https:\/\/www.shavei.org\/#\/schema\/logo\/image\/\",\"url\":\"https:\/\/www.shavei.org\/wp-content\/uploads\/2017\/10\/shavei-logo.jpg\",\"contentUrl\":\"https:\/\/www.shavei.org\/wp-content\/uploads\/2017\/10\/shavei-logo.jpg\",\"width\":300,\"height\":285,\"caption\":\"Shavei Israel\"},\"image\":{\"@id\":\"https:\/\/www.shavei.org\/#\/schema\/logo\/image\/\"}}]}<\/script>\n<!-- \/ Yoast SEO plugin. -->","yoast_head_json":{"title":"Bendiciones de los Alimentos - Shavei Israel","robots":{"index":"index","follow":"follow","max-snippet":"max-snippet:-1","max-image-preview":"max-image-preview:large","max-video-preview":"max-video-preview:-1"},"canonical":"https:\/\/www.shavei.org\/pt-br\/product\/bendiciones-de-los-alimentos-2\/","og_locale":"pt_BR","og_type":"article","og_title":"Bendiciones de los Alimentos - Shavei Israel","og_description":"Gu\u00eda pr\u00e1ctica de bendiciones en espa\u00f1ol con traducci\u00f3n y fon\u00e9tica que incluye las bendiciones de los alimentos previas a las comidas, Bircat Hanehen\u00edn, y las bendiciones posteriores, Beraj\u00e1 Ajaron\u00e1, Braja me\u00b4Ein Shalosh y Bircat Hamaz\u00f3n. Tama\u00f1o bolsillo.","og_url":"https:\/\/www.shavei.org\/product\/bendiciones-de-los-alimentos-2\/","og_site_name":"Shavei Israel","article_modified_time":"2024-11-20T07:22:34+00:00","og_image":[{"width":540,"height":396,"url":"https:\/\/www.shavei.org\/wp-content\/uploads\/2020\/12\/shavei-ES-benediciones-alimentos-3.jpg","type":"image\/jpeg"}],"twitter_card":"summary_large_image","schema":{"@context":"https:\/\/schema.org","@graph":[{"@type":"WebPage","@id":"https:\/\/www.shavei.org\/product\/bendiciones-de-los-alimentos-2\/","url":"https:\/\/www.shavei.org\/product\/bendiciones-de-los-alimentos-2\/","name":"Bendiciones de los Alimentos - Shavei Israel","isPartOf":{"@id":"https:\/\/www.shavei.org\/#website"},"primaryImageOfPage":{"@id":"https:\/\/www.shavei.org\/product\/bendiciones-de-los-alimentos-2\/#primaryimage"},"image":{"@id":"https:\/\/www.shavei.org\/product\/bendiciones-de-los-alimentos-2\/#primaryimage"},"thumbnailUrl":"https:\/\/www.shavei.org\/wp-content\/uploads\/2020\/12\/shavei-ES-benediciones-alimentos-3.jpg","datePublished":"2016-07-11T08:20:46+00:00","dateModified":"2024-11-20T07:22:34+00:00","breadcrumb":{"@id":"https:\/\/www.shavei.org\/product\/bendiciones-de-los-alimentos-2\/#breadcrumb"},"inLanguage":"pt-BR","potentialAction":[{"@type":"ReadAction","target":["https:\/\/www.shavei.org\/product\/bendiciones-de-los-alimentos-2\/"]}]},{"@type":"ImageObject","inLanguage":"pt-BR","@id":"https:\/\/www.shavei.org\/product\/bendiciones-de-los-alimentos-2\/#primaryimage","url":"https:\/\/www.shavei.org\/wp-content\/uploads\/2020\/12\/shavei-ES-benediciones-alimentos-3.jpg","contentUrl":"https:\/\/www.shavei.org\/wp-content\/uploads\/2020\/12\/shavei-ES-benediciones-alimentos-3.jpg","width":540,"height":396,"caption":"Bendiciones de los Alimentos"},{"@type":"BreadcrumbList","@id":"https:\/\/www.shavei.org\/product\/bendiciones-de-los-alimentos-2\/#breadcrumb","itemListElement":[{"@type":"ListItem","position":1,"name":"Home","item":"https:\/\/www.shavei.org\/"},{"@type":"ListItem","position":2,"name":"Shop","item":"https:\/\/www.shavei.org\/shop\/"},{"@type":"ListItem","position":3,"name":"Bendiciones de los Alimentos"}]},{"@type":"WebSite","@id":"https:\/\/www.shavei.org\/#website","url":"https:\/\/www.shavei.org\/","name":"Shavei Israel","description":"One nation, many faces. We help them all return.","publisher":{"@id":"https:\/\/www.shavei.org\/#organization"},"potentialAction":[{"@type":"SearchAction","target":{"@type":"EntryPoint","urlTemplate":"https:\/\/www.shavei.org\/?s={search_term_string}"},"query-input":{"@type":"PropertyValueSpecification","valueRequired":true,"valueName":"search_term_string"}}],"inLanguage":"pt-BR"},{"@type":"Organization","@id":"https:\/\/www.shavei.org\/#organization","name":"Shavei Israel","url":"https:\/\/www.shavei.org\/","logo":{"@type":"ImageObject","inLanguage":"pt-BR","@id":"https:\/\/www.shavei.org\/#\/schema\/logo\/image\/","url":"https:\/\/www.shavei.org\/wp-content\/uploads\/2017\/10\/shavei-logo.jpg","contentUrl":"https:\/\/www.shavei.org\/wp-content\/uploads\/2017\/10\/shavei-logo.jpg","width":300,"height":285,"caption":"Shavei Israel"},"image":{"@id":"https:\/\/www.shavei.org\/#\/schema\/logo\/image\/"}}]}},"_links":{"self":[{"href":"https:\/\/www.shavei.org\/pt-br\/wp-json\/wp\/v2\/product\/15533","targetHints":{"allow":["GET"]}}],"collection":[{"href":"https:\/\/www.shavei.org\/pt-br\/wp-json\/wp\/v2\/product"}],"about":[{"href":"https:\/\/www.shavei.org\/pt-br\/wp-json\/wp\/v2\/types\/product"}],"replies":[{"embeddable":true,"href":"https:\/\/www.shavei.org\/pt-br\/wp-json\/wp\/v2\/comments?post=15533"}],"wp:featuredmedia":[{"embeddable":true,"href":"https:\/\/www.shavei.org\/pt-br\/wp-json\/wp\/v2\/media\/120170"}],"wp:attachment":[{"href":"https:\/\/www.shavei.org\/pt-br\/wp-json\/wp\/v2\/media?parent=15533"}],"wp:term":[{"taxonomy":"product_brand","embeddable":true,"href":"https:\/\/www.shavei.org\/pt-br\/wp-json\/wp\/v2\/product_brand?post=15533"},{"taxonomy":"product_cat","embeddable":true,"href":"https:\/\/www.shavei.org\/pt-br\/wp-json\/wp\/v2\/product_cat?post=15533"},{"taxonomy":"product_tag","embeddable":true,"href":"https:\/\/www.shavei.org\/pt-br\/wp-json\/wp\/v2\/product_tag?post=15533"}],"curies":[{"name":"wp","href":"https:\/\/api.w.org\/{rel}","templated":true}]}}