{"id":170714,"date":"2023-05-09T23:07:59","date_gmt":"2023-05-09T21:07:59","guid":{"rendered":"https:\/\/www.shavei.org\/?page_id=170714"},"modified":"2023-06-01T16:20:05","modified_gmt":"2023-06-01T14:20:05","slug":"bnei-menashe-emergency-relief-fund","status":"publish","type":"page","link":"https:\/\/www.shavei.org\/pt-br\/bnei-menashe-emergency-relief-fund\/","title":{"rendered":"Bnei Menashe Emergency Relief Fund"},"content":{"rendered":"<div class=\"wpb-content-wrapper\"><p>[vc_row css_animation=&#8221;&#8221; row_type=&#8221;row&#8221; use_row_as_full_screen_section=&#8221;no&#8221; type=&#8221;full_width&#8221; angled_section=&#8221;no&#8221; text_align=&#8221;left&#8221; background_image_as_pattern=&#8221;without_pattern&#8221;][vc_column][vc_column_text]<\/p>\n<h3 style=\"text-align: center;\">Fundo de ajuda de emerg\u00eancia para Bnei Menashe<\/h3>\n<p>[\/vc_column_text][\/vc_column][\/vc_row][vc_row css_animation=&#8221;&#8221; row_type=&#8221;row&#8221; use_row_as_full_screen_section=&#8221;no&#8221; type=&#8221;full_width&#8221; angled_section=&#8221;no&#8221; text_align=&#8221;left&#8221; background_image_as_pattern=&#8221;without_pattern&#8221; css=&#8221;.vc_custom_1683298552513{margin-top: 30px !important;}&#8221; z_index=&#8221;&#8221;][vc_column][vc_column_text]Estamos profundamente preocupados com a viol\u00eancia \u00e9tnica em Manipur, na \u00cdndia. V\u00e1rios judeus Bnei Menashe foram mortos e feridos, e pelo menos 2 sinagogas Bnei Menashe, uma mikve e um rolo de Tor\u00e1 foram queimados. Al\u00e9m disso, mais de 150 fam\u00edlias Bnei Menashe est\u00e3o agora sem teto, porque as suas casas foram incendiadas, for\u00e7ando as fam\u00edlias &#8211; incluindo mulheres gr\u00e1vidas e beb\u00e9s &#8211; a fugir para salvar a vida.<\/p>\n<p>Ajud\u00e1mo-los com os custos de transporte de Kangpokpi para Dimapur- Shillong \u2013 Aizawl, de Churachandpur para Aizawl, e alguns para Guwahati e outras cidades da \u00cdndia.<\/p>\n<p>Temos o nosso centro Beit Shalom onde estamos a alojar v\u00e1rias fam\u00edlias, enquanto a maioria das pessoas est\u00e1 a ficar temporariamente em casa de familiares e amigos. Neste momento, planeamos construir um alojamento para todas as fam\u00edlias e estamos a distribuir alimentos, vestu\u00e1rio e rem\u00e9dios.<\/p>\n<p>At\u00e9 agora foram distribu\u00eddos 4000 kg de arroz, 300 kg de lentilhas, 300 litros de \u00f3leo alimentar, 800 kg de a\u00e7\u00facar; 50kg de sal; 350 kg de leite em p\u00f3; 100 pacotes de leite em p\u00f3 para beb\u00e9s; 300 kg de legumes e medicamento para primeiros socorros \u2013 50.000 r\u00fapias indianas. Tamb\u00e9m roupa e fraldas.<\/p>\n<p>Vamos continuar a enviar ajuda \u00e0s fam\u00edlias afetadas. Por favor, junte-se a n\u00f3s para socorrer estes judeus Bnei Menashe neste momento t\u00e3o dif\u00edcil, que continuam em grande risco. Os nossos irm\u00e3os e irm\u00e3s na \u00cdndia precisam da nossa ajuda![\/vc_column_text][\/vc_column][\/vc_row][vc_row css_animation=&#8221;&#8221; row_type=&#8221;row&#8221; use_row_as_full_screen_section=&#8221;no&#8221; type=&#8221;full_width&#8221; angled_section=&#8221;no&#8221; text_align=&#8221;left&#8221; background_image_as_pattern=&#8221;without_pattern&#8221; css=&#8221;.vc_custom_1678629796042{margin-top: 25px !important;margin-bottom: 25px !important;}&#8221; z_index=&#8221;&#8221;][vc_column][vc_column_text]<\/p>\n<h2 style=\"text-align: center;\">FA\u00c7A A DIFEREN\u00c7A!<\/h2>\n<p>[\/vc_column_text][vc_column_text]\t<div id=\"give-form-170724-wrap\" class=\"give-form-wrap give-display-reveal\">\n\t\t\t\t\t<form id=\"give-form-170724-1\" class=\"give-form give-form-170724 give-form-type-multi\" action=\"https:\/\/www.shavei.org\/pt-br\/wp-json\/wp\/v2\/pages\/170714\/?payment-mode=paypal&form-id=170724\" data-id=\"170724-1\" data-currency_symbol=\"&#36;\" data-currency_code=\"USD\" data-currency_position=\"before\" data-thousands_separator=\",\" data-decimal_separator=\".\" data-number_decimals=\"2\" data-publishable-key=\"pk_live_SMtnnvlq4TpJelMdklNha8iD\" data-account=\"acct_1GT1XSIgvr1FvsuR\" method=\"post\">\n\t\t\t\t<!-- The following field is for robots only, invisible to humans: -->\n\t\t\t\t<span class=\"give-hidden\" style=\"display: none !important;\">\n\t\t\t\t\t<label for=\"give-form-honeypot-170724\"><\/label>\n\t\t\t\t\t<input id=\"give-form-honeypot-170724\" type=\"text\" name=\"give-honeypot\"\n\t\t\t\t\t\t   class=\"give-honeypot give-hidden\"\/>\n\t\t\t\t<\/span>\n\n\t\t\t\t\t<input type=\"hidden\" name=\"give-form-id-prefix\" value=\"170724-1\"\/>\n\t<input type=\"hidden\" name=\"give-form-id\" value=\"170724\"\/>\n\t<input type=\"hidden\" name=\"give-form-title\" value=\"Bnei Menashe Emergency Relief Fund - Portuguese\"\/>\n\t<input type=\"hidden\" name=\"give-current-url\" value=\"https:\/\/www.shavei.org\/pt-br\/wp-json\/wp\/v2\/pages\/170714\/\"\/>\n\t<input type=\"hidden\" name=\"give-form-url\" value=\"https:\/\/www.shavei.org\/pt-br\/wp-json\/wp\/v2\/pages\/170714\/\"\/>\n\t\t\t<input type=\"hidden\" name=\"give-form-minimum\"\n\t\t\t   value=\"5.00\"\/>\n\t\t<input type=\"hidden\" name=\"give-form-maximum\"\n\t\t\t   value=\"999999.99\"\/>\n\t\t<input type=\"hidden\"  name=\"give-form-hash\" value=\"39415eb624\" data-time=\"1775926223\" data-nonce-life=\"86400\" data-donor-session=\"0\"\/><input type=\"hidden\" name=\"give-price-id\" value=\"3\"\/>\t<input type=\"hidden\" name=\"give-recurring-logged-in-only\"\n\t\t   class=\"give-recurring-logged-in-only\"\n\t\t   value=\"\"\/>\n\n\t<input type=\"hidden\" name=\"give-logged-in-only\"\n\t\t   class=\"give-logged-in-only\"\n\t\t   value=\"1\"\/>\n<input\n\t\t\t\t\ttype=\"hidden\"\n\t\t\t\t\tname=\"give_recurring_donation_details\"\n\t\t\t\t\tclass=\"give_recurring_donation_details\"\n\t\t\t\t\tid=\"give_recurring_donation_details\"\n\t\t\t\t\tvalue=\"{&quot;is_recurring&quot;:false}\"\n                \/>\t\t<div class=\"give-total-wrap\">\n\t\t\t<div class=\"give-donation-amount form-row-wide\">\n\t\t\t\t<span class=\"give-currency-symbol give-currency-position-before\">&#036;<\/span>\t\t\t\t<label class=\"give-hidden\" for=\"give-amount\">Quantia da doa\u00e7\u00e3o:<\/label>\n\t\t\t\t<input class=\"give-text-input give-amount-top\" id=\"give-amount\" name=\"give-amount\" type=\"text\" inputmode=\"decimal\"\n\t\t\t\t\t   placeholder=\"\" value=\"100.00\" autocomplete=\"off\">\n\t\t\t\t\t\t\t<\/div>\n\t\t<\/div>\n\t\t<ul id=\"give-donation-level-button-wrap\" class=\"give-donation-levels-wrap give-list-inline\"><li><button type=\"button\" data-price-id=\"0\" class=\"give-donation-level-btn give-btn give-btn-level-0 \" value=\"18.00\" data-default=\"0\">&#036;18.00<\/button><\/li><li><button type=\"button\" data-price-id=\"1\" class=\"give-donation-level-btn give-btn give-btn-level-1  give-recurring-level\" value=\"36.00\" data-default=\"0\">&#036;36.00<\/button><\/li><li><button type=\"button\" data-price-id=\"2\" class=\"give-donation-level-btn give-btn give-btn-level-2  give-recurring-level\" value=\"54.00\" data-default=\"0\">&#036;54.00<\/button><\/li><li><button type=\"button\" data-price-id=\"3\" class=\"give-donation-level-btn give-btn give-btn-level-3 give-default-level give-recurring-level\" value=\"100.00\" data-default=\"1\">&#036;100.00<\/button><\/li><li><button type=\"button\" data-price-id=\"5\" class=\"give-donation-level-btn give-btn give-btn-level-5  give-recurring-level\" value=\"360.00\" data-default=\"0\">&#036;360.00<\/button><\/li><li><button type=\"button\" data-price-id=\"6\" class=\"give-donation-level-btn give-btn give-btn-level-6  give-recurring-level\" value=\"1,000.00\" data-default=\"0\">&#036;1,000.00<\/button><\/li><li><button type=\"button\" data-price-id=\"custom\" class=\"give-donation-level-btn give-btn give-btn-level-custom\" value=\"custom\">Outra quantidade<\/button><\/li><\/ul><button type=\"button\" class=\"give-btn give-btn-reveal\">FA\u00c7A J\u00c1 O SEU DONATIVO<\/button><input id=\"give-stripe-payment-method-170724-1\" type=\"hidden\" name=\"give_stripe_payment_method\" value=\"\">\n\t<fieldset id=\"give-payment-mode-select\">\n\t\t\t\t<legend\n\t\t\tclass=\"give-payment-mode-label\">Selecione o m\u00e9todo de pagamento\t\t\t<span class=\"give-loading-text\"><span\n\t\t\t\t\tclass=\"give-loading-animation\"><\/span>\n\t\t\t<\/span>\n\t\t<\/legend>\n\n\t\t<div id=\"give-payment-mode-wrap\">\n\t\t\t\t\t\t<ul id=\"give-gateway-radio-list\">\n\t\t\t\t\t\t\t\t\t\t<li class=\"give-gateway-option-selected\">\n\t\t\t\t\t\t\t<input type=\"radio\" name=\"payment-mode\" class=\"give-gateway\"\n\t\t\t\t\t\t\t\t   id=\"give-gateway-paypal-170724-1\"\n\t\t\t\t\t\t\t\t   value=\"paypal\" checked='checked'>\n\t\t\t\t\t\t\t<label for=\"give-gateway-paypal-170724-1\"\n\t\t\t\t\t\t\t\t   class=\"give-gateway-option\"\n\t\t\t\t\t\t\t\t   id=\"give-gateway-option-paypal\"> PayPal<\/label>\n\t\t\t\t\t\t<\/li>\n\t\t\t\t\t\t\t\t\t\t\t\t<li>\n\t\t\t\t\t\t\t<input type=\"radio\" name=\"payment-mode\" class=\"give-gateway\"\n\t\t\t\t\t\t\t\t   id=\"give-gateway-stripe-170724-1\"\n\t\t\t\t\t\t\t\t   value=\"stripe\">\n\t\t\t\t\t\t\t<label for=\"give-gateway-stripe-170724-1\"\n\t\t\t\t\t\t\t\t   class=\"give-gateway-option\"\n\t\t\t\t\t\t\t\t   id=\"give-gateway-option-stripe\"> Stripe - cart\u00e3o de cr\u00e9dito<\/label>\n\t\t\t\t\t\t<\/li>\n\t\t\t\t\t\t\t\t\t<\/ul>\n\t\t\t\t\t<\/div>\n\t\t\t<\/fieldset>\n\n\t\n\t<div id=\"give_purchase_form_wrap\">\n\n\t\t\t<fieldset id=\"give_checkout_user_info\" class=\"\">\n\t\t<legend>\n\t\t\tInforma\u00e7\u00e3o pessoal\t\t<\/legend>\n\n\t\t\n        <p id=\"give-first-name-wrap\" class=\"form-row form-row-first form-row-responsive\">\n            <label class=\"give-label\" for=\"give-first\">\n                Nome                                    <span class=\"give-required-indicator\">*<\/span>\n                                <span class=\"give-tooltip hint--top hint--medium hint--bounce\" aria-label=\"O nome \u00e9 usado para personalizar seu registro de doa\u00e7\u00e3o.\" rel=\"tooltip\"><i class=\"give-icon give-icon-question\"><\/i><\/span>            <\/label>\n            <input\n                class=\"give-input required\"\n                type=\"text\"\n                name=\"give_first\"\n                autocomplete=\"given-name\"\n                placeholder=\"Nome\"\n                id=\"give-first\"\n                value=\"\"\n                 required aria-required=\"true\"             \/>\n        <\/p>\n\n        <p id=\"give-last-name-wrap\" class=\"form-row form-row-last form-row-responsive\">\n            <label class=\"give-label\" for=\"give-last\">\n                \u00daltimo nome                                <span class=\"give-tooltip hint--top hint--medium hint--bounce\" aria-label=\"O sobrenome \u00e9 usado para personalizar seu registro de doa\u00e7\u00e3o.\" rel=\"tooltip\"><i class=\"give-icon give-icon-question\"><\/i><\/span>            <\/label>\n\n            <input\n                class=\"give-input\"\n                type=\"text\"\n                name=\"give_last\"\n                autocomplete=\"family-name\"\n                id=\"give-last\"\n                placeholder=\"\u00daltimo nome\"\n                value=\"\"\n                            \/>\n        <\/p>\n\n        \n                <p id=\"give-email-wrap\" class=\"form-row form-row-wide\">\n            <label class=\"give-label\" for=\"give-email\">\n                Endere\u00e7o de e-mail                                    <span class=\"give-required-indicator\">*<\/span>\n                                    <span class=\"give-tooltip hint--top hint--medium hint--bounce\" aria-label=\"Enviaremos o recibo de doa\u00e7\u00e3o para este endere\u00e7o.\" rel=\"tooltip\"><i class=\"give-icon give-icon-question\"><\/i><\/span>            <\/label>\n            <input\n                class=\"give-input required\"\n                type=\"email\"\n                name=\"give_email\"\n                autocomplete=\"email\"\n                placeholder=\"Endere\u00e7o de e-mail\"\n                id=\"give-email\"\n                value=\"\"\n                 required aria-required=\"true\"             \/>\n\n        <\/p>\n\n        \n\t\t\t\t\t<\/fieldset>\n\t<div id=\"give-stripe-payment-errors-170724-1\"><\/div><div id=\"give-square-payment-errors-170724-1\"><\/div>\t<fieldset id=\"give_purchase_submit\" class=\"give-donation-submit\">\n\t\t\t\t<div style=\"margin-top: 1rem;\" id=\"give-recaptcha-element\" class=\"g-recaptcha\" data-sitekey=\"6LfUAQkjAAAAAOPyAlH5_wTKzTgFC5EfFa9PFndI\"><\/div>\n\t\t\t<p id=\"give-final-total-wrap\" class=\"form-wrap \">\n\t\t\t\t<span class=\"give-donation-total-label\">\n\t\t\tTotal da doa\u00e7\u00e3o:\t\t<\/span>\n\t\t<span class=\"give-final-total-amount\"\n\t\t\t  data-total=\"100.00\">\n\t\t\t&#36;100.00\t\t<\/span>\n\t\t\t<\/p>\n\t\t<input type=\"hidden\" name=\"give_action\" value=\"purchase\"\/>\n\t<input type=\"hidden\" name=\"give-gateway\" value=\"paypal\"\/>\n\t\t<div class=\"give-submit-button-wrap give-clearfix\">\n\t\t<input type=\"submit\" class=\"give-submit give-btn\" id=\"give-purchase-button\" name=\"give-purchase\"\n\t\t\t   value=\"FA\u00c7A J\u00c1 O SEU DONATIVO\" data-before-validation-label=\"FA\u00c7A J\u00c1 O SEU DONATIVO\"\/>\n\t\t<span class=\"give-loading-animation\"><\/span>\n\t<\/div>\n\t\t<\/fieldset>\n\t\n\t<\/div>\n\n\t<input type=\"text\" name=\"fSpL8\" value=\"\" style=\"display: none !important;\" \/>\t\t\t<\/form>\n\n\t\t\t\n\t<\/div><!--end #give-form-170724-->\n\t[\/vc_column_text][vc_column_text]<\/p>\n<h4>Donativos pelo correio<\/h4>\n<p><em>Nos EUA, \u00e9 poss\u00edvel enviar donativos dedut\u00edveis de impostos para:<\/em><\/p>\n<p>Better Future For Israel Inc.<br \/>\n492-C Cedar Lane #114<br \/>\nTeaneck, NJ 07666<br \/>\nUSA<\/p>\n<p>* Por favor inclua Shavei Israel na nota.<\/p>\n<div class=\"separator transparent center \">&nbsp;<\/div>\n<p><strong>Better Future for Israel is an IRS 501(c)(3) tax-exempt organization.<\/strong><br \/>\n<strong>EIN# 46-3732857<\/strong><\/p>\n<div class=\"separator transparent center \">&nbsp;<\/div>\n<div class=\"separator transparent center \">&nbsp;<\/div>\n<p><em>Em Israel, \u00e9 poss\u00edvel enviar donativos a:<\/em><br \/>\nShavei Israel<br \/>\nAm Veolamo 3<br \/>\nJerusalem 9546303<\/p>\n<p>&nbsp;<\/p>\n<p>Para fazer um donativo por transfer\u00eancia banc\u00e1ria ou para qualquer quest\u00e3o favor ;<a href=\"https:\/\/www.shavei.org\/about-us\/contact\/\">contactar <\/a>.[\/vc_column_text][\/vc_column][\/vc_row]<\/p>\n<\/div>","protected":false},"excerpt":{"rendered":"<p>[vc_row css_animation=&#8221;&#8221; row_type=&#8221;row&#8221; use_row_as_full_screen_section=&#8221;no&#8221; type=&#8221;full_width&#8221; angled_section=&#8221;no&#8221; text_align=&#8221;left&#8221; background_image_as_pattern=&#8221;without_pattern&#8221;][vc_column][vc_column_text] Fundo de ajuda de emerg\u00eancia para Bnei Menashe [\/vc_column_text][\/vc_column][\/vc_row][vc_row css_animation=&#8221;&#8221; row_type=&#8221;row&#8221; use_row_as_full_screen_section=&#8221;no&#8221; type=&#8221;full_width&#8221; angled_section=&#8221;no&#8221; text_align=&#8221;left&#8221; background_image_as_pattern=&#8221;without_pattern&#8221; css=&#8221;.vc_custom_1683298552513{margin-top: 30px !important;}&#8221; z_index=&#8221;&#8221;][vc_column][vc_column_text]Estamos profundamente preocupados com a viol\u00eancia \u00e9tnica em Manipur, na \u00cdndia. V\u00e1rios judeus Bnei Menashe foram mortos e&#8230;<\/p>\n","protected":false},"author":31,"featured_media":171198,"parent":0,"menu_order":0,"comment_status":"open","ping_status":"open","template":"","meta":{"give_campaign_id":0,"_exactmetrics_skip_tracking":false,"_exactmetrics_sitenote_active":false,"_exactmetrics_sitenote_note":"","_exactmetrics_sitenote_category":0,"ngg_post_thumbnail":0,"footnotes":""},"class_list":["post-170714","page","type-page","status-publish","has-post-thumbnail","hentry"],"yoast_head":"<!-- This site is optimized with the Yoast SEO plugin v27.1.1 - https:\/\/yoast.com\/product\/yoast-seo-wordpress\/ -->\n<title>Bnei Menashe Emergency Relief Fund - Shavei Israel<\/title>\n<meta name=\"robots\" content=\"index, follow, max-snippet:-1, max-image-preview:large, max-video-preview:-1\" \/>\n<link rel=\"canonical\" href=\"https:\/\/www.shavei.org\/pt-br\/bnei-menashe-emergency-relief-fund\/\" \/>\n<meta property=\"og:locale\" content=\"pt_BR\" \/>\n<meta property=\"og:type\" content=\"article\" \/>\n<meta property=\"og:title\" content=\"Bnei Menashe Emergency Relief Fund - Shavei Israel\" \/>\n<meta property=\"og:description\" content=\"[vc_row css_animation=&#8221;&#8221; row_type=&#8221;row&#8221; use_row_as_full_screen_section=&#8221;no&#8221; type=&#8221;full_width&#8221; angled_section=&#8221;no&#8221; text_align=&#8221;left&#8221; background_image_as_pattern=&#8221;without_pattern&#8221;][vc_column][vc_column_text] Fundo de ajuda de emerg\u00eancia para Bnei Menashe [\/vc_column_text][\/vc_column][\/vc_row][vc_row css_animation=&#8221;&#8221; row_type=&#8221;row&#8221; use_row_as_full_screen_section=&#8221;no&#8221; type=&#8221;full_width&#8221; angled_section=&#8221;no&#8221; text_align=&#8221;left&#8221; background_image_as_pattern=&#8221;without_pattern&#8221; css=&#8221;.vc_custom_1683298552513{margin-top: 30px !important;}&#8221; z_index=&#8221;&#8221;][vc_column][vc_column_text]Estamos profundamente preocupados com a viol\u00eancia \u00e9tnica em Manipur, na \u00cdndia. V\u00e1rios judeus Bnei Menashe foram mortos e...\" \/>\n<meta property=\"og:url\" content=\"https:\/\/www.shavei.org\/pt-br\/bnei-menashe-emergency-relief-fund\/\" \/>\n<meta property=\"og:site_name\" content=\"Shavei Israel\" \/>\n<meta property=\"article:modified_time\" content=\"2023-06-01T14:20:05+00:00\" \/>\n<meta property=\"og:image\" content=\"https:\/\/www.shavei.org\/wp-content\/uploads\/2023\/05\/relief-center.jpg\" \/>\n\t<meta property=\"og:image:width\" content=\"1600\" \/>\n\t<meta property=\"og:image:height\" content=\"900\" \/>\n\t<meta property=\"og:image:type\" content=\"image\/jpeg\" \/>\n<meta name=\"twitter:card\" content=\"summary_large_image\" \/>\n<meta name=\"twitter:label1\" content=\"Est. tempo de leitura\" \/>\n\t<meta name=\"twitter:data1\" content=\"2 minutos\" \/>\n<script type=\"application\/ld+json\" class=\"yoast-schema-graph\">{\"@context\":\"https:\/\/schema.org\",\"@graph\":[{\"@type\":\"WebPage\",\"@id\":\"https:\/\/www.shavei.org\/pt-br\/bnei-menashe-emergency-relief-fund\/\",\"url\":\"https:\/\/www.shavei.org\/pt-br\/bnei-menashe-emergency-relief-fund\/\",\"name\":\"Bnei Menashe Emergency Relief Fund - Shavei Israel\",\"isPartOf\":{\"@id\":\"https:\/\/www.shavei.org\/#website\"},\"primaryImageOfPage\":{\"@id\":\"https:\/\/www.shavei.org\/pt-br\/bnei-menashe-emergency-relief-fund\/#primaryimage\"},\"image\":{\"@id\":\"https:\/\/www.shavei.org\/pt-br\/bnei-menashe-emergency-relief-fund\/#primaryimage\"},\"thumbnailUrl\":\"https:\/\/www.shavei.org\/wp-content\/uploads\/2023\/05\/relief-center.jpg\",\"datePublished\":\"2023-05-09T21:07:59+00:00\",\"dateModified\":\"2023-06-01T14:20:05+00:00\",\"breadcrumb\":{\"@id\":\"https:\/\/www.shavei.org\/pt-br\/bnei-menashe-emergency-relief-fund\/#breadcrumb\"},\"inLanguage\":\"pt-BR\",\"potentialAction\":[{\"@type\":\"ReadAction\",\"target\":[\"https:\/\/www.shavei.org\/pt-br\/bnei-menashe-emergency-relief-fund\/\"]}]},{\"@type\":\"ImageObject\",\"inLanguage\":\"pt-BR\",\"@id\":\"https:\/\/www.shavei.org\/pt-br\/bnei-menashe-emergency-relief-fund\/#primaryimage\",\"url\":\"https:\/\/www.shavei.org\/wp-content\/uploads\/2023\/05\/relief-center.jpg\",\"contentUrl\":\"https:\/\/www.shavei.org\/wp-content\/uploads\/2023\/05\/relief-center.jpg\",\"width\":1600,\"height\":900},{\"@type\":\"BreadcrumbList\",\"@id\":\"https:\/\/www.shavei.org\/pt-br\/bnei-menashe-emergency-relief-fund\/#breadcrumb\",\"itemListElement\":[{\"@type\":\"ListItem\",\"position\":1,\"name\":\"Home\",\"item\":\"https:\/\/www.shavei.org\/\"},{\"@type\":\"ListItem\",\"position\":2,\"name\":\"Bnei Menashe Emergency Relief Fund\"}]},{\"@type\":\"WebSite\",\"@id\":\"https:\/\/www.shavei.org\/#website\",\"url\":\"https:\/\/www.shavei.org\/\",\"name\":\"Shavei Israel\",\"description\":\"One nation, many faces. We help them all return.\",\"publisher\":{\"@id\":\"https:\/\/www.shavei.org\/#organization\"},\"potentialAction\":[{\"@type\":\"SearchAction\",\"target\":{\"@type\":\"EntryPoint\",\"urlTemplate\":\"https:\/\/www.shavei.org\/?s={search_term_string}\"},\"query-input\":{\"@type\":\"PropertyValueSpecification\",\"valueRequired\":true,\"valueName\":\"search_term_string\"}}],\"inLanguage\":\"pt-BR\"},{\"@type\":\"Organization\",\"@id\":\"https:\/\/www.shavei.org\/#organization\",\"name\":\"Shavei Israel\",\"url\":\"https:\/\/www.shavei.org\/\",\"logo\":{\"@type\":\"ImageObject\",\"inLanguage\":\"pt-BR\",\"@id\":\"https:\/\/www.shavei.org\/#\/schema\/logo\/image\/\",\"url\":\"https:\/\/www.shavei.org\/wp-content\/uploads\/2017\/10\/shavei-logo.jpg\",\"contentUrl\":\"https:\/\/www.shavei.org\/wp-content\/uploads\/2017\/10\/shavei-logo.jpg\",\"width\":300,\"height\":285,\"caption\":\"Shavei Israel\"},\"image\":{\"@id\":\"https:\/\/www.shavei.org\/#\/schema\/logo\/image\/\"}}]}<\/script>\n<!-- \/ Yoast SEO plugin. -->","yoast_head_json":{"title":"Bnei Menashe Emergency Relief Fund - Shavei Israel","robots":{"index":"index","follow":"follow","max-snippet":"max-snippet:-1","max-image-preview":"max-image-preview:large","max-video-preview":"max-video-preview:-1"},"canonical":"https:\/\/www.shavei.org\/pt-br\/bnei-menashe-emergency-relief-fund\/","og_locale":"pt_BR","og_type":"article","og_title":"Bnei Menashe Emergency Relief Fund - Shavei Israel","og_description":"[vc_row css_animation=&#8221;&#8221; row_type=&#8221;row&#8221; use_row_as_full_screen_section=&#8221;no&#8221; type=&#8221;full_width&#8221; angled_section=&#8221;no&#8221; text_align=&#8221;left&#8221; background_image_as_pattern=&#8221;without_pattern&#8221;][vc_column][vc_column_text] Fundo de ajuda de emerg\u00eancia para Bnei Menashe [\/vc_column_text][\/vc_column][\/vc_row][vc_row css_animation=&#8221;&#8221; row_type=&#8221;row&#8221; use_row_as_full_screen_section=&#8221;no&#8221; type=&#8221;full_width&#8221; angled_section=&#8221;no&#8221; text_align=&#8221;left&#8221; background_image_as_pattern=&#8221;without_pattern&#8221; css=&#8221;.vc_custom_1683298552513{margin-top: 30px !important;}&#8221; z_index=&#8221;&#8221;][vc_column][vc_column_text]Estamos profundamente preocupados com a viol\u00eancia \u00e9tnica em Manipur, na \u00cdndia. V\u00e1rios judeus Bnei Menashe foram mortos e...","og_url":"https:\/\/www.shavei.org\/pt-br\/bnei-menashe-emergency-relief-fund\/","og_site_name":"Shavei Israel","article_modified_time":"2023-06-01T14:20:05+00:00","og_image":[{"width":1600,"height":900,"url":"https:\/\/www.shavei.org\/wp-content\/uploads\/2023\/05\/relief-center.jpg","type":"image\/jpeg"}],"twitter_card":"summary_large_image","twitter_misc":{"Est. tempo de leitura":"2 minutos"},"schema":{"@context":"https:\/\/schema.org","@graph":[{"@type":"WebPage","@id":"https:\/\/www.shavei.org\/pt-br\/bnei-menashe-emergency-relief-fund\/","url":"https:\/\/www.shavei.org\/pt-br\/bnei-menashe-emergency-relief-fund\/","name":"Bnei Menashe Emergency Relief Fund - Shavei Israel","isPartOf":{"@id":"https:\/\/www.shavei.org\/#website"},"primaryImageOfPage":{"@id":"https:\/\/www.shavei.org\/pt-br\/bnei-menashe-emergency-relief-fund\/#primaryimage"},"image":{"@id":"https:\/\/www.shavei.org\/pt-br\/bnei-menashe-emergency-relief-fund\/#primaryimage"},"thumbnailUrl":"https:\/\/www.shavei.org\/wp-content\/uploads\/2023\/05\/relief-center.jpg","datePublished":"2023-05-09T21:07:59+00:00","dateModified":"2023-06-01T14:20:05+00:00","breadcrumb":{"@id":"https:\/\/www.shavei.org\/pt-br\/bnei-menashe-emergency-relief-fund\/#breadcrumb"},"inLanguage":"pt-BR","potentialAction":[{"@type":"ReadAction","target":["https:\/\/www.shavei.org\/pt-br\/bnei-menashe-emergency-relief-fund\/"]}]},{"@type":"ImageObject","inLanguage":"pt-BR","@id":"https:\/\/www.shavei.org\/pt-br\/bnei-menashe-emergency-relief-fund\/#primaryimage","url":"https:\/\/www.shavei.org\/wp-content\/uploads\/2023\/05\/relief-center.jpg","contentUrl":"https:\/\/www.shavei.org\/wp-content\/uploads\/2023\/05\/relief-center.jpg","width":1600,"height":900},{"@type":"BreadcrumbList","@id":"https:\/\/www.shavei.org\/pt-br\/bnei-menashe-emergency-relief-fund\/#breadcrumb","itemListElement":[{"@type":"ListItem","position":1,"name":"Home","item":"https:\/\/www.shavei.org\/"},{"@type":"ListItem","position":2,"name":"Bnei Menashe Emergency Relief Fund"}]},{"@type":"WebSite","@id":"https:\/\/www.shavei.org\/#website","url":"https:\/\/www.shavei.org\/","name":"Shavei Israel","description":"One nation, many faces. We help them all return.","publisher":{"@id":"https:\/\/www.shavei.org\/#organization"},"potentialAction":[{"@type":"SearchAction","target":{"@type":"EntryPoint","urlTemplate":"https:\/\/www.shavei.org\/?s={search_term_string}"},"query-input":{"@type":"PropertyValueSpecification","valueRequired":true,"valueName":"search_term_string"}}],"inLanguage":"pt-BR"},{"@type":"Organization","@id":"https:\/\/www.shavei.org\/#organization","name":"Shavei Israel","url":"https:\/\/www.shavei.org\/","logo":{"@type":"ImageObject","inLanguage":"pt-BR","@id":"https:\/\/www.shavei.org\/#\/schema\/logo\/image\/","url":"https:\/\/www.shavei.org\/wp-content\/uploads\/2017\/10\/shavei-logo.jpg","contentUrl":"https:\/\/www.shavei.org\/wp-content\/uploads\/2017\/10\/shavei-logo.jpg","width":300,"height":285,"caption":"Shavei Israel"},"image":{"@id":"https:\/\/www.shavei.org\/#\/schema\/logo\/image\/"}}]}},"campaignId":"","_links":{"self":[{"href":"https:\/\/www.shavei.org\/pt-br\/wp-json\/wp\/v2\/pages\/170714","targetHints":{"allow":["GET"]}}],"collection":[{"href":"https:\/\/www.shavei.org\/pt-br\/wp-json\/wp\/v2\/pages"}],"about":[{"href":"https:\/\/www.shavei.org\/pt-br\/wp-json\/wp\/v2\/types\/page"}],"author":[{"embeddable":true,"href":"https:\/\/www.shavei.org\/pt-br\/wp-json\/wp\/v2\/users\/31"}],"replies":[{"embeddable":true,"href":"https:\/\/www.shavei.org\/pt-br\/wp-json\/wp\/v2\/comments?post=170714"}],"version-history":[{"count":8,"href":"https:\/\/www.shavei.org\/pt-br\/wp-json\/wp\/v2\/pages\/170714\/revisions"}],"predecessor-version":[{"id":171601,"href":"https:\/\/www.shavei.org\/pt-br\/wp-json\/wp\/v2\/pages\/170714\/revisions\/171601"}],"wp:featuredmedia":[{"embeddable":true,"href":"https:\/\/www.shavei.org\/pt-br\/wp-json\/wp\/v2\/media\/171198"}],"wp:attachment":[{"href":"https:\/\/www.shavei.org\/pt-br\/wp-json\/wp\/v2\/media?parent=170714"}],"curies":[{"name":"wp","href":"https:\/\/api.w.org\/{rel}","templated":true}]}}