{"id":138409,"date":"2021-05-27T16:45:54","date_gmt":"2021-05-27T14:45:54","guid":{"rendered":"https:\/\/www.shavei.org\/machon-miriam-2\/"},"modified":"2021-05-27T16:45:54","modified_gmt":"2021-05-27T14:45:54","slug":"machon-miriam-2","status":"publish","type":"page","link":"https:\/\/www.shavei.org\/pt-br\/machon-miriam-2\/","title":{"rendered":"Machon Miriam"},"content":{"rendered":"<p>Machon Miriam \u00e9 um Instituto de Convers\u00e3o e Retorno de l\u00edngua espanhola, portuguesa e italiana em Israel, dirigido pelo Rabbanit Renana Birnbaum. Uma grande parte de nossos alunos s\u00e3o descendentes de Anousim, cujos antepassados \u200b\u200bforam for\u00e7ados a se converter ao cristianismo durante a \u00e9poca da Inquisi\u00e7\u00e3o. Eles s\u00e3o provenientes de v\u00e1rios pa\u00edses, que v\u00e3o desde Espanha e Portugal ao Peru, Argentina e Brasil. Para muitos deles, passar por um retorno formal ao juda\u00edsmo marca o fechamento de um c\u00edrculo hist\u00f3rico, o endireitamento da grave injusti\u00e7a que foi feita aos seus antepassados \u200b\u200bna Pen\u00ednsula Ib\u00e9rica.<\/p>\n<p>Estudantes em Machon Miriam passam um ano estudando intensamente textos judeus, aprendendo sobre a hist\u00f3ria judaica e experimentando o ciclo completo do calend\u00e1rio judaico. O processo de retorno muitas vezes pode ser dif\u00edcil, tocando em quest\u00f5es profundas e altamente pessoais, como hist\u00f3ria, identidade e comunidade. Ent\u00e3o, fazemos o nosso melhor para garantir que o meio ambiente seja t\u00e3o aconchegante quanto compreensivo.<br \/>\nOs alunos recebem diferentes tipos de suporte, desde o in\u00edcio do processo. O ulpan ajuda-os a tornarem-se aclimatados na sociedade israelense e a encontrar uma fam\u00edlia de escolta e uma comunidade judia apropriada perto da casa do estudante.<\/p>\n<p>O programa \u00e9 aprovado pelo Rabinato Chefe de Israel e est\u00e1 sob a supervis\u00e3o dos minist\u00e9rios relevantes do governo. Todos os nossos graduados v\u00e3o antes de Jerusal\u00e9m Beit Din (tribunal rab\u00ednico) sob os ausp\u00edcios do Rabinato Chefe, onde eles passam por uma convers\u00e3o formal ou retornam ao juda\u00edsmo. Desde que o instituto come\u00e7ou a trabalhar, h\u00e1 8 anos, mais de 700 estudantes completaram o programa e lan\u00e7aram o seu lote com o povo de Israel. Existe uma tremenda demanda por essas classes, e esperamos expandir o programa nos pr\u00f3ximos anos.<br \/>\nMachon Miriam \u00e9 nomeado ap\u00f3s o falecido Dr. Miriam Freund-Rosenthal de mem\u00f3ria aben\u00e7oada, que serviu como Presidente Nacional de Hadassah e acreditou fortemente em alcan\u00e7ar e ajudar os judeus onde quer que estejam. Foi gra\u00e7as, em parte, a sua inspira\u00e7\u00e3o que Michael Freund, seu neto, fundou Shavei Israel.<\/p>\n<p>O povo judeu tem uma responsabilidade moral, hist\u00f3rica e religiosa para chegar ao Anousim e ajud\u00e1-los com seu retorno. Seus ancestrais foram cruelmente arrancados de n\u00f3s contra sua vontade, mas eles conseguiram preservar a centelha da identidade judaica ao longo dos s\u00e9culos, muitas vezes com grande risco pessoal para si e suas fam\u00edlias. O m\u00ednimo que podemos fazer agora \u00e9 reconhecer seu hero\u00edsmo e dedica\u00e7\u00e3o, e estender a m\u00e3o para aqueles que desejam voltar para casa ao povo judeu.<\/p>\n<p>&nbsp;<\/p>\n<p>OS ESTUDOS<br \/>\nAs aulas ocorrem duas vezes por semana &#8211; um total de 8 horas semanalmente e o curso dura cerca de um ano.<\/p>\n<p>Os diferentes temas incluem: Halach\u00e1 (lei judaica) e tradi\u00e7\u00e3o, hist\u00f3ria judaica, emun\u00e1 (f\u00e9), pensamento judeu, literatura hebraica e atualidade.<br \/>\nREQUISITOS DE ADMISS\u00c3O<br \/>\nSendo um cidad\u00e3o israelense<br \/>\nSer um turista que ajudou mais de um ano a uma comunidade judaica e possui conhecimentos b\u00e1sicos sobre o juda\u00edsmo. Neste caso, Shavei Israel ajuda o candidato a aprovar o comit\u00ea especial do Minist\u00e9rio do Interior e do Rabinato. A decis\u00e3o final do comit\u00ea especial n\u00e3o depende de Shavei Israel.<br \/>\nCONTATE-NOS<br \/>\nPara mais informa\u00e7\u00f5es sobre Machon Miriam, escreva para spanish@shavei.org ou ligue para 02-6256230 em Israel.<\/p>\n","protected":false},"excerpt":{"rendered":"<p>Machon Miriam \u00e9 um Instituto de Convers\u00e3o e Retorno de l\u00edngua espanhola, portuguesa e italiana em Israel, dirigido pelo Rabbanit Renana Birnbaum. Uma grande parte de nossos alunos s\u00e3o descendentes de Anousim, cujos antepassados \u200b\u200bforam for\u00e7ados a se converter ao cristianismo durante a \u00e9poca da&#8230;<\/p>\n","protected":false},"author":31,"featured_media":0,"parent":0,"menu_order":0,"comment_status":"open","ping_status":"open","template":"","meta":{"give_campaign_id":0,"_exactmetrics_skip_tracking":false,"_exactmetrics_sitenote_active":false,"_exactmetrics_sitenote_note":"","_exactmetrics_sitenote_category":0,"ngg_post_thumbnail":0,"footnotes":""},"class_list":["post-138409","page","type-page","status-publish","hentry"],"yoast_head":"<!-- This site is optimized with the Yoast SEO plugin v27.1.1 - https:\/\/yoast.com\/product\/yoast-seo-wordpress\/ -->\n<title>Machon Miriam - Shavei Israel<\/title>\n<meta name=\"robots\" content=\"index, follow, max-snippet:-1, max-image-preview:large, max-video-preview:-1\" \/>\n<link rel=\"canonical\" href=\"https:\/\/www.shavei.org\/pt-br\/machon-miriam-2\/\" \/>\n<meta property=\"og:locale\" content=\"pt_BR\" \/>\n<meta property=\"og:type\" content=\"article\" \/>\n<meta property=\"og:title\" content=\"Machon Miriam - Shavei Israel\" \/>\n<meta property=\"og:description\" content=\"Machon Miriam \u00e9 um Instituto de Convers\u00e3o e Retorno de l\u00edngua espanhola, portuguesa e italiana em Israel, dirigido pelo Rabbanit Renana Birnbaum. Uma grande parte de nossos alunos s\u00e3o descendentes de Anousim, cujos antepassados \u200b\u200bforam for\u00e7ados a se converter ao cristianismo durante a \u00e9poca da...\" \/>\n<meta property=\"og:url\" content=\"https:\/\/www.shavei.org\/pt-br\/machon-miriam-2\/\" \/>\n<meta property=\"og:site_name\" content=\"Shavei Israel\" \/>\n<meta name=\"twitter:card\" content=\"summary_large_image\" \/>\n<meta name=\"twitter:label1\" content=\"Est. tempo de leitura\" \/>\n\t<meta name=\"twitter:data1\" content=\"3 minutos\" \/>\n<script type=\"application\/ld+json\" class=\"yoast-schema-graph\">{\"@context\":\"https:\/\/schema.org\",\"@graph\":[{\"@type\":\"WebPage\",\"@id\":\"https:\/\/www.shavei.org\/pt-br\/machon-miriam-2\/\",\"url\":\"https:\/\/www.shavei.org\/pt-br\/machon-miriam-2\/\",\"name\":\"Machon Miriam - Shavei Israel\",\"isPartOf\":{\"@id\":\"https:\/\/www.shavei.org\/#website\"},\"datePublished\":\"2021-05-27T14:45:54+00:00\",\"breadcrumb\":{\"@id\":\"https:\/\/www.shavei.org\/pt-br\/machon-miriam-2\/#breadcrumb\"},\"inLanguage\":\"pt-BR\",\"potentialAction\":[{\"@type\":\"ReadAction\",\"target\":[\"https:\/\/www.shavei.org\/pt-br\/machon-miriam-2\/\"]}]},{\"@type\":\"BreadcrumbList\",\"@id\":\"https:\/\/www.shavei.org\/pt-br\/machon-miriam-2\/#breadcrumb\",\"itemListElement\":[{\"@type\":\"ListItem\",\"position\":1,\"name\":\"Home\",\"item\":\"https:\/\/www.shavei.org\/\"},{\"@type\":\"ListItem\",\"position\":2,\"name\":\"Machon Miriam\"}]},{\"@type\":\"WebSite\",\"@id\":\"https:\/\/www.shavei.org\/#website\",\"url\":\"https:\/\/www.shavei.org\/\",\"name\":\"Shavei Israel\",\"description\":\"One nation, many faces. We help them all return.\",\"publisher\":{\"@id\":\"https:\/\/www.shavei.org\/#organization\"},\"potentialAction\":[{\"@type\":\"SearchAction\",\"target\":{\"@type\":\"EntryPoint\",\"urlTemplate\":\"https:\/\/www.shavei.org\/?s={search_term_string}\"},\"query-input\":{\"@type\":\"PropertyValueSpecification\",\"valueRequired\":true,\"valueName\":\"search_term_string\"}}],\"inLanguage\":\"pt-BR\"},{\"@type\":\"Organization\",\"@id\":\"https:\/\/www.shavei.org\/#organization\",\"name\":\"Shavei Israel\",\"url\":\"https:\/\/www.shavei.org\/\",\"logo\":{\"@type\":\"ImageObject\",\"inLanguage\":\"pt-BR\",\"@id\":\"https:\/\/www.shavei.org\/#\/schema\/logo\/image\/\",\"url\":\"https:\/\/www.shavei.org\/wp-content\/uploads\/2017\/10\/shavei-logo.jpg\",\"contentUrl\":\"https:\/\/www.shavei.org\/wp-content\/uploads\/2017\/10\/shavei-logo.jpg\",\"width\":300,\"height\":285,\"caption\":\"Shavei Israel\"},\"image\":{\"@id\":\"https:\/\/www.shavei.org\/#\/schema\/logo\/image\/\"}}]}<\/script>\n<!-- \/ Yoast SEO plugin. -->","yoast_head_json":{"title":"Machon Miriam - Shavei Israel","robots":{"index":"index","follow":"follow","max-snippet":"max-snippet:-1","max-image-preview":"max-image-preview:large","max-video-preview":"max-video-preview:-1"},"canonical":"https:\/\/www.shavei.org\/pt-br\/machon-miriam-2\/","og_locale":"pt_BR","og_type":"article","og_title":"Machon Miriam - Shavei Israel","og_description":"Machon Miriam \u00e9 um Instituto de Convers\u00e3o e Retorno de l\u00edngua espanhola, portuguesa e italiana em Israel, dirigido pelo Rabbanit Renana Birnbaum. Uma grande parte de nossos alunos s\u00e3o descendentes de Anousim, cujos antepassados \u200b\u200bforam for\u00e7ados a se converter ao cristianismo durante a \u00e9poca da...","og_url":"https:\/\/www.shavei.org\/pt-br\/machon-miriam-2\/","og_site_name":"Shavei Israel","twitter_card":"summary_large_image","twitter_misc":{"Est. tempo de leitura":"3 minutos"},"schema":{"@context":"https:\/\/schema.org","@graph":[{"@type":"WebPage","@id":"https:\/\/www.shavei.org\/pt-br\/machon-miriam-2\/","url":"https:\/\/www.shavei.org\/pt-br\/machon-miriam-2\/","name":"Machon Miriam - Shavei Israel","isPartOf":{"@id":"https:\/\/www.shavei.org\/#website"},"datePublished":"2021-05-27T14:45:54+00:00","breadcrumb":{"@id":"https:\/\/www.shavei.org\/pt-br\/machon-miriam-2\/#breadcrumb"},"inLanguage":"pt-BR","potentialAction":[{"@type":"ReadAction","target":["https:\/\/www.shavei.org\/pt-br\/machon-miriam-2\/"]}]},{"@type":"BreadcrumbList","@id":"https:\/\/www.shavei.org\/pt-br\/machon-miriam-2\/#breadcrumb","itemListElement":[{"@type":"ListItem","position":1,"name":"Home","item":"https:\/\/www.shavei.org\/"},{"@type":"ListItem","position":2,"name":"Machon Miriam"}]},{"@type":"WebSite","@id":"https:\/\/www.shavei.org\/#website","url":"https:\/\/www.shavei.org\/","name":"Shavei Israel","description":"One nation, many faces. We help them all return.","publisher":{"@id":"https:\/\/www.shavei.org\/#organization"},"potentialAction":[{"@type":"SearchAction","target":{"@type":"EntryPoint","urlTemplate":"https:\/\/www.shavei.org\/?s={search_term_string}"},"query-input":{"@type":"PropertyValueSpecification","valueRequired":true,"valueName":"search_term_string"}}],"inLanguage":"pt-BR"},{"@type":"Organization","@id":"https:\/\/www.shavei.org\/#organization","name":"Shavei Israel","url":"https:\/\/www.shavei.org\/","logo":{"@type":"ImageObject","inLanguage":"pt-BR","@id":"https:\/\/www.shavei.org\/#\/schema\/logo\/image\/","url":"https:\/\/www.shavei.org\/wp-content\/uploads\/2017\/10\/shavei-logo.jpg","contentUrl":"https:\/\/www.shavei.org\/wp-content\/uploads\/2017\/10\/shavei-logo.jpg","width":300,"height":285,"caption":"Shavei Israel"},"image":{"@id":"https:\/\/www.shavei.org\/#\/schema\/logo\/image\/"}}]}},"campaignId":"","_links":{"self":[{"href":"https:\/\/www.shavei.org\/pt-br\/wp-json\/wp\/v2\/pages\/138409","targetHints":{"allow":["GET"]}}],"collection":[{"href":"https:\/\/www.shavei.org\/pt-br\/wp-json\/wp\/v2\/pages"}],"about":[{"href":"https:\/\/www.shavei.org\/pt-br\/wp-json\/wp\/v2\/types\/page"}],"author":[{"embeddable":true,"href":"https:\/\/www.shavei.org\/pt-br\/wp-json\/wp\/v2\/users\/31"}],"replies":[{"embeddable":true,"href":"https:\/\/www.shavei.org\/pt-br\/wp-json\/wp\/v2\/comments?post=138409"}],"version-history":[{"count":0,"href":"https:\/\/www.shavei.org\/pt-br\/wp-json\/wp\/v2\/pages\/138409\/revisions"}],"wp:attachment":[{"href":"https:\/\/www.shavei.org\/pt-br\/wp-json\/wp\/v2\/media?parent=138409"}],"curies":[{"name":"wp","href":"https:\/\/api.w.org\/{rel}","templated":true}]}}