{"id":138401,"date":"2021-05-27T16:45:01","date_gmt":"2021-05-27T14:45:01","guid":{"rendered":"https:\/\/www.shavei.org\/ajude-a-comunidade-bnei-menashe-a-estabelecer-sua-casa-em-israel\/"},"modified":"2021-05-27T16:45:01","modified_gmt":"2021-05-27T14:45:01","slug":"ajude-a-comunidade-bnei-menashe-a-estabelecer-sua-casa-em-israel","status":"publish","type":"page","link":"https:\/\/www.shavei.org\/pt-br\/ajude-a-comunidade-bnei-menashe-a-estabelecer-sua-casa-em-israel\/","title":{"rendered":"Ajude a comunidade Bnei Menashe a estabelecer sua casa em Israel"},"content":{"rendered":"<p><iframe loading=\"lazy\" title=\"Bnei Menashe Operation 2017\" width=\"1060\" height=\"596\" src=\"https:\/\/www.youtube.com\/embed\/D42sHSxizM8?feature=oembed\" frameborder=\"0\" allow=\"accelerometer; autoplay; clipboard-write; encrypted-media; gyroscope; picture-in-picture\" allowfullscreen><\/iframe><\/p>\n<p style=\"text-align: center;\"><strong>APOIE ESTA CAUSA E FA\u00c7A A DIFEREN\u00c7A<\/strong><\/p>\n<p style=\"text-align: center;\"><a href=\"https:\/\/casadosanussim.shavei.org\/ajudem-nos\/\" target=\"_blank\" rel=\"noopener\"><img decoding=\"async\" class=\"aligncenter wp-image-29036 size-full\" src=\"https:\/\/casadosanussim.shavei.org\/wp-content\/uploads\/2017\/06\/\u05dc\u05db\u05d9\u05d3\u05d4.jpg\" alt=\"%d7%9c%d7%9b%d7%99%d7%93%d7%94\" width=\"349\" height=\"86\" \/><\/a><\/p>\n<p>&nbsp;<\/p>\n<p><strong>Em fevereiro de 2017 a Shavei Israel trouxe 102 Bnei Menashe, em Ali\u00e1, de Mizoram &#8211; \u00cdndia. Eles deixaram praticamente tudo o que tinham e tudo o que conheciam para vir para casa.<\/strong><\/p>\n<p><strong>Vamos ajud\u00e1-los a come\u00e7ar com o p\u00e9 direito.<\/strong><br \/>\n______________________<\/p>\n<p>Menos de um m\u00eas depois de seu 50\u00ba anivers\u00e1rio, Lyon Fanai, um dos 102 Bnei Menashe, realizou um sonho que possu\u00eda j\u00e1 h\u00e1 mais tempo do que podia lembrar. Depois de uma \u00e1rdua jornada, atrav\u00e9s de v\u00e1rios fusos hor\u00e1rios e abrangendo mais de dois mil\u00eanios, Fanai, sua bela fam\u00edlia e o resto dos <em>olim<\/em> realizaram este sonho: chegaram com seguran\u00e7a e alegria em Israel.<\/p>\n<p>Menachem Menashe, que fez Ali\u00e1 em 2006, reuniu-se finalmente com sua irm\u00e3 e seu marido junto com seus seis sobrinhos e sobrinhas, que n\u00e3o via h\u00e1 mais de uma d\u00e9cada.<\/p>\n<p>Um jovem chamado Ariel estava radiante de alegria ao ver sua noiva, que chegou com sua fam\u00edlia. N\u00e3o se olharam nos olhos, uns dos outros, por mais de sete anos. Agora, finalmente, podem iniciar uma fam\u00edlia judaica juntos aqui no estado judaico.<\/p>\n<p><img decoding=\"async\" class=\"aligncenter size-full wp-image-51016\" src=\"https:\/\/www.shavei.org\/wp-content\/uploads\/2017\/05\/32753998633_6545c8393d_k-1-1.jpg\" alt=\"\" width=\"2048\" height=\"1228\" srcset=\"https:\/\/www.shavei.org\/wp-content\/uploads\/2017\/05\/32753998633_6545c8393d_k-1-1.jpg 2048w, https:\/\/www.shavei.org\/wp-content\/uploads\/2017\/05\/32753998633_6545c8393d_k-1-1-300x180.jpg 300w, https:\/\/www.shavei.org\/wp-content\/uploads\/2017\/05\/32753998633_6545c8393d_k-1-1-1024x614.jpg 1024w, https:\/\/www.shavei.org\/wp-content\/uploads\/2017\/05\/32753998633_6545c8393d_k-1-1-700x420.jpg 700w\" sizes=\"(max-width: 2048px) 100vw, 2048px\" \/><\/p>\n<h2><a href=\"https:\/\/www.shavei.org\/es\/support-us\/\"><span style=\"color: #0000ff;\">DOE AGORA<\/span><\/a><br \/>\n____________<\/h2>\n<p>Os Bnei Menashe s\u00e3o descendentes da tribo de Menashe, uma das dez tribos perdidas, exiladas da Terra de Israel h\u00e1 mais de 2.700 anos pelo imp\u00e9rio ass\u00edrio. Apesar de terem sido exclu\u00eddos do resto do povo judeu por tanto tempo, os Bnei Menashe continuaram a preservar os caminhos de seus antepassados, observando o <em>Shabat<\/em>, mantendo a alimenta\u00e7\u00e3o <em>Kosher<\/em>, aderindo \u00e0s leis da pureza da fam\u00edlia e, sem d\u00favida, discutindo muito entre si. Mas nunca se esqueceram de onde vieram, nem renunciaram \u00e0 sua determina\u00e7\u00e3o de voltar.<\/p>\n<p>Lyon Fanai, que estudou ci\u00eancias pol\u00edticas e design gr\u00e1fico em uma universidade indiana, foi um empres\u00e1rio bem-sucedido que abriu uma empresa independente de editora\u00e7\u00e3o eletr\u00f4nica e um escrit\u00f3rio de design t\u00eaxtil assistido por computador em sua cidade natal, Aizawl, a capital luxuriante e montanhosa de Mizoram. Com o tempo come\u00e7ou a ficar muito dif\u00edcil observar o Shabat e as festas judaicas, como o fazia em seu trabalho anterior.<\/p>\n<p>Quando questionado por um rep\u00f3rter da raz\u00e3o de sua Ali\u00e1, Fanai respondeu com sem nenhum tra\u00e7o de cinismo: &#8220;\u00c9 uma <em>Mitsv\u00e1<\/em>. \u00c9 obriga\u00e7\u00e3o de cada judeu viver em Israel, ent\u00e3o vou cumprir com a minha obriga\u00e7\u00e3o. &#8221;<\/p>\n<p>Os Bnei Menashe s\u00e3o sionistas comprometidos e judeus observadores. Trabalham duro, orgulhosamente sustentando-se a si mesmos e a suas fam\u00edlias. Os mais jovens servem o ex\u00e9rcito de Israel e as mulheres participam do servi\u00e7o nacional. Fortalecem nosso povo, quantitativamente e qualitativamente, espiritualmente e demograficamente. <strong>Agora, precisamos fortalec\u00ea-los e apoi\u00e1-los.<\/strong><\/p>\n<p>A Shavei Israel possibilitou seus v\u00f4os, sua hospedagem, alimenta\u00e7\u00e3o e aulas de hebraico, a partir do momento em que chegaram no nosso centro de absor\u00e7\u00e3o Kfar Chasidim. Continuaremos a garantir a sua educa\u00e7\u00e3o hebraica e vamos criar programas extracurriculares para seus filhos, para assim garantir que suas integra\u00e7\u00f5es na vida israelense sejam suaves e bem sucedidas. Realizamos programas de treinamento de trabalho e colocamos os Bnei Menashe &#8211; homens e mulheres &#8211; em posi\u00e7\u00f5es significativas e bem pagas. Agora estamos prestes a instalar estes 102 Bnei Menashe em suas novas casas no Alto Nazar\u00e9, na Galil\u00e9ia. Fundos foram levantados para cobrir todos os custos at\u00e9 agora. <strong>Precisamos apenas de mais US$ 36.000 para mobiliar as casas<\/strong> dos Bnei Menashe com o b\u00e1sico para suas fam\u00edlias.<\/p>\n<p style=\"text-align: center;\"><strong>Por favor, doe generosamente. J\u00e1 possibilitamos que voltem a casa, agora \u00e9 hora de ajuda-los com sua casa.<\/strong><\/p>\n<p><img decoding=\"async\" class=\"aligncenter size-full wp-image-51024\" src=\"https:\/\/www.shavei.org\/wp-content\/uploads\/2017\/05\/IMG_3497-e1494797675804-1.jpg\" alt=\"\" width=\"600\" height=\"425\" srcset=\"https:\/\/www.shavei.org\/wp-content\/uploads\/2017\/05\/IMG_3497-e1494797675804-1.jpg 600w, https:\/\/www.shavei.org\/wp-content\/uploads\/2017\/05\/IMG_3497-e1494797675804-1-300x213.jpg 300w\" sizes=\"(max-width: 600px) 100vw, 600px\" \/><\/p>\n<h1 style=\"text-align: center;\">Apoie esta causa e fa\u00e7a a\u00a0diferen\u00e7a<\/h1>\n<p style=\"text-align: center;\"><a href=\"https:\/\/casadosanussim.shavei.org\/ajudem-nos\/\" target=\"_blank\" rel=\"noopener\"><img decoding=\"async\" class=\"aligncenter wp-image-29036 size-full\" src=\"https:\/\/casadosanussim.shavei.org\/wp-content\/uploads\/2017\/06\/\u05dc\u05db\u05d9\u05d3\u05d4.jpg\" alt=\"%d7%9c%d7%9b%d7%99%d7%93%d7%94\" width=\"349\" height=\"86\" \/><\/a><\/p>\n<p>&nbsp;<\/p>\n","protected":false},"excerpt":{"rendered":"<p>APOIE ESTA CAUSA E FA\u00c7A A DIFEREN\u00c7A &nbsp; Em fevereiro de 2017 a Shavei Israel trouxe 102 Bnei Menashe, em Ali\u00e1, de Mizoram &#8211; \u00cdndia. Eles deixaram praticamente tudo o que tinham e tudo o que conheciam para vir para casa. Vamos ajud\u00e1-los a come\u00e7ar&#8230;<\/p>\n","protected":false},"author":31,"featured_media":0,"parent":0,"menu_order":0,"comment_status":"open","ping_status":"open","template":"","meta":{"give_campaign_id":0,"_exactmetrics_skip_tracking":false,"_exactmetrics_sitenote_active":false,"_exactmetrics_sitenote_note":"","_exactmetrics_sitenote_category":0,"ngg_post_thumbnail":0,"footnotes":""},"class_list":["post-138401","page","type-page","status-publish","hentry"],"yoast_head":"<!-- This site is optimized with the Yoast SEO plugin v27.1.1 - https:\/\/yoast.com\/product\/yoast-seo-wordpress\/ -->\n<title>Ajude a comunidade Bnei Menashe a estabelecer sua casa em Israel - Shavei Israel<\/title>\n<meta name=\"robots\" content=\"index, follow, max-snippet:-1, max-image-preview:large, max-video-preview:-1\" \/>\n<link rel=\"canonical\" href=\"https:\/\/www.shavei.org\/pt-br\/ajude-a-comunidade-bnei-menashe-a-estabelecer-sua-casa-em-israel\/\" \/>\n<meta property=\"og:locale\" content=\"pt_BR\" \/>\n<meta property=\"og:type\" content=\"article\" \/>\n<meta property=\"og:title\" content=\"Ajude a comunidade Bnei Menashe a estabelecer sua casa em Israel - Shavei Israel\" \/>\n<meta property=\"og:description\" content=\"APOIE ESTA CAUSA E FA\u00c7A A DIFEREN\u00c7A &nbsp; Em fevereiro de 2017 a Shavei Israel trouxe 102 Bnei Menashe, em Ali\u00e1, de Mizoram &#8211; \u00cdndia. Eles deixaram praticamente tudo o que tinham e tudo o que conheciam para vir para casa. Vamos ajud\u00e1-los a come\u00e7ar...\" \/>\n<meta property=\"og:url\" content=\"https:\/\/www.shavei.org\/pt-br\/ajude-a-comunidade-bnei-menashe-a-estabelecer-sua-casa-em-israel\/\" \/>\n<meta property=\"og:site_name\" content=\"Shavei Israel\" \/>\n<meta property=\"og:image\" content=\"https:\/\/casadosanussim.shavei.org\/wp-content\/uploads\/2017\/06\/\u05dc\u05db\u05d9\u05d3\u05d4.jpg\" \/>\n<meta name=\"twitter:card\" content=\"summary_large_image\" \/>\n<meta name=\"twitter:label1\" content=\"Est. tempo de leitura\" \/>\n\t<meta name=\"twitter:data1\" content=\"3 minutos\" \/>\n<script type=\"application\/ld+json\" class=\"yoast-schema-graph\">{\"@context\":\"https:\/\/schema.org\",\"@graph\":[{\"@type\":\"WebPage\",\"@id\":\"https:\/\/www.shavei.org\/pt-br\/ajude-a-comunidade-bnei-menashe-a-estabelecer-sua-casa-em-israel\/\",\"url\":\"https:\/\/www.shavei.org\/pt-br\/ajude-a-comunidade-bnei-menashe-a-estabelecer-sua-casa-em-israel\/\",\"name\":\"Ajude a comunidade Bnei Menashe a estabelecer sua casa em Israel - Shavei Israel\",\"isPartOf\":{\"@id\":\"https:\/\/www.shavei.org\/#website\"},\"primaryImageOfPage\":{\"@id\":\"https:\/\/www.shavei.org\/pt-br\/ajude-a-comunidade-bnei-menashe-a-estabelecer-sua-casa-em-israel\/#primaryimage\"},\"image\":{\"@id\":\"https:\/\/www.shavei.org\/pt-br\/ajude-a-comunidade-bnei-menashe-a-estabelecer-sua-casa-em-israel\/#primaryimage\"},\"thumbnailUrl\":\"https:\/\/www.shavei.org\/wp-content\/uploads\/2017\/05\/32753998633_6545c8393d_k-1-1.jpg\",\"datePublished\":\"2021-05-27T14:45:01+00:00\",\"breadcrumb\":{\"@id\":\"https:\/\/www.shavei.org\/pt-br\/ajude-a-comunidade-bnei-menashe-a-estabelecer-sua-casa-em-israel\/#breadcrumb\"},\"inLanguage\":\"pt-BR\",\"potentialAction\":[{\"@type\":\"ReadAction\",\"target\":[\"https:\/\/www.shavei.org\/pt-br\/ajude-a-comunidade-bnei-menashe-a-estabelecer-sua-casa-em-israel\/\"]}]},{\"@type\":\"ImageObject\",\"inLanguage\":\"pt-BR\",\"@id\":\"https:\/\/www.shavei.org\/pt-br\/ajude-a-comunidade-bnei-menashe-a-estabelecer-sua-casa-em-israel\/#primaryimage\",\"url\":\"https:\/\/www.shavei.org\/wp-content\/uploads\/2017\/05\/32753998633_6545c8393d_k-1-1.jpg\",\"contentUrl\":\"https:\/\/www.shavei.org\/wp-content\/uploads\/2017\/05\/32753998633_6545c8393d_k-1-1.jpg\"},{\"@type\":\"BreadcrumbList\",\"@id\":\"https:\/\/www.shavei.org\/pt-br\/ajude-a-comunidade-bnei-menashe-a-estabelecer-sua-casa-em-israel\/#breadcrumb\",\"itemListElement\":[{\"@type\":\"ListItem\",\"position\":1,\"name\":\"Home\",\"item\":\"https:\/\/www.shavei.org\/\"},{\"@type\":\"ListItem\",\"position\":2,\"name\":\"Ajude a comunidade Bnei Menashe a estabelecer sua casa em Israel\"}]},{\"@type\":\"WebSite\",\"@id\":\"https:\/\/www.shavei.org\/#website\",\"url\":\"https:\/\/www.shavei.org\/\",\"name\":\"Shavei Israel\",\"description\":\"One nation, many faces. We help them all return.\",\"publisher\":{\"@id\":\"https:\/\/www.shavei.org\/#organization\"},\"potentialAction\":[{\"@type\":\"SearchAction\",\"target\":{\"@type\":\"EntryPoint\",\"urlTemplate\":\"https:\/\/www.shavei.org\/?s={search_term_string}\"},\"query-input\":{\"@type\":\"PropertyValueSpecification\",\"valueRequired\":true,\"valueName\":\"search_term_string\"}}],\"inLanguage\":\"pt-BR\"},{\"@type\":\"Organization\",\"@id\":\"https:\/\/www.shavei.org\/#organization\",\"name\":\"Shavei Israel\",\"url\":\"https:\/\/www.shavei.org\/\",\"logo\":{\"@type\":\"ImageObject\",\"inLanguage\":\"pt-BR\",\"@id\":\"https:\/\/www.shavei.org\/#\/schema\/logo\/image\/\",\"url\":\"https:\/\/www.shavei.org\/wp-content\/uploads\/2017\/10\/shavei-logo.jpg\",\"contentUrl\":\"https:\/\/www.shavei.org\/wp-content\/uploads\/2017\/10\/shavei-logo.jpg\",\"width\":300,\"height\":285,\"caption\":\"Shavei Israel\"},\"image\":{\"@id\":\"https:\/\/www.shavei.org\/#\/schema\/logo\/image\/\"}}]}<\/script>\n<!-- \/ Yoast SEO plugin. -->","yoast_head_json":{"title":"Ajude a comunidade Bnei Menashe a estabelecer sua casa em Israel - Shavei Israel","robots":{"index":"index","follow":"follow","max-snippet":"max-snippet:-1","max-image-preview":"max-image-preview:large","max-video-preview":"max-video-preview:-1"},"canonical":"https:\/\/www.shavei.org\/pt-br\/ajude-a-comunidade-bnei-menashe-a-estabelecer-sua-casa-em-israel\/","og_locale":"pt_BR","og_type":"article","og_title":"Ajude a comunidade Bnei Menashe a estabelecer sua casa em Israel - Shavei Israel","og_description":"APOIE ESTA CAUSA E FA\u00c7A A DIFEREN\u00c7A &nbsp; Em fevereiro de 2017 a Shavei Israel trouxe 102 Bnei Menashe, em Ali\u00e1, de Mizoram &#8211; \u00cdndia. Eles deixaram praticamente tudo o que tinham e tudo o que conheciam para vir para casa. Vamos ajud\u00e1-los a come\u00e7ar...","og_url":"https:\/\/www.shavei.org\/pt-br\/ajude-a-comunidade-bnei-menashe-a-estabelecer-sua-casa-em-israel\/","og_site_name":"Shavei Israel","og_image":[{"url":"https:\/\/casadosanussim.shavei.org\/wp-content\/uploads\/2017\/06\/\u05dc\u05db\u05d9\u05d3\u05d4.jpg","type":"","width":"","height":""}],"twitter_card":"summary_large_image","twitter_misc":{"Est. tempo de leitura":"3 minutos"},"schema":{"@context":"https:\/\/schema.org","@graph":[{"@type":"WebPage","@id":"https:\/\/www.shavei.org\/pt-br\/ajude-a-comunidade-bnei-menashe-a-estabelecer-sua-casa-em-israel\/","url":"https:\/\/www.shavei.org\/pt-br\/ajude-a-comunidade-bnei-menashe-a-estabelecer-sua-casa-em-israel\/","name":"Ajude a comunidade Bnei Menashe a estabelecer sua casa em Israel - Shavei Israel","isPartOf":{"@id":"https:\/\/www.shavei.org\/#website"},"primaryImageOfPage":{"@id":"https:\/\/www.shavei.org\/pt-br\/ajude-a-comunidade-bnei-menashe-a-estabelecer-sua-casa-em-israel\/#primaryimage"},"image":{"@id":"https:\/\/www.shavei.org\/pt-br\/ajude-a-comunidade-bnei-menashe-a-estabelecer-sua-casa-em-israel\/#primaryimage"},"thumbnailUrl":"https:\/\/www.shavei.org\/wp-content\/uploads\/2017\/05\/32753998633_6545c8393d_k-1-1.jpg","datePublished":"2021-05-27T14:45:01+00:00","breadcrumb":{"@id":"https:\/\/www.shavei.org\/pt-br\/ajude-a-comunidade-bnei-menashe-a-estabelecer-sua-casa-em-israel\/#breadcrumb"},"inLanguage":"pt-BR","potentialAction":[{"@type":"ReadAction","target":["https:\/\/www.shavei.org\/pt-br\/ajude-a-comunidade-bnei-menashe-a-estabelecer-sua-casa-em-israel\/"]}]},{"@type":"ImageObject","inLanguage":"pt-BR","@id":"https:\/\/www.shavei.org\/pt-br\/ajude-a-comunidade-bnei-menashe-a-estabelecer-sua-casa-em-israel\/#primaryimage","url":"https:\/\/www.shavei.org\/wp-content\/uploads\/2017\/05\/32753998633_6545c8393d_k-1-1.jpg","contentUrl":"https:\/\/www.shavei.org\/wp-content\/uploads\/2017\/05\/32753998633_6545c8393d_k-1-1.jpg"},{"@type":"BreadcrumbList","@id":"https:\/\/www.shavei.org\/pt-br\/ajude-a-comunidade-bnei-menashe-a-estabelecer-sua-casa-em-israel\/#breadcrumb","itemListElement":[{"@type":"ListItem","position":1,"name":"Home","item":"https:\/\/www.shavei.org\/"},{"@type":"ListItem","position":2,"name":"Ajude a comunidade Bnei Menashe a estabelecer sua casa em Israel"}]},{"@type":"WebSite","@id":"https:\/\/www.shavei.org\/#website","url":"https:\/\/www.shavei.org\/","name":"Shavei Israel","description":"One nation, many faces. We help them all return.","publisher":{"@id":"https:\/\/www.shavei.org\/#organization"},"potentialAction":[{"@type":"SearchAction","target":{"@type":"EntryPoint","urlTemplate":"https:\/\/www.shavei.org\/?s={search_term_string}"},"query-input":{"@type":"PropertyValueSpecification","valueRequired":true,"valueName":"search_term_string"}}],"inLanguage":"pt-BR"},{"@type":"Organization","@id":"https:\/\/www.shavei.org\/#organization","name":"Shavei Israel","url":"https:\/\/www.shavei.org\/","logo":{"@type":"ImageObject","inLanguage":"pt-BR","@id":"https:\/\/www.shavei.org\/#\/schema\/logo\/image\/","url":"https:\/\/www.shavei.org\/wp-content\/uploads\/2017\/10\/shavei-logo.jpg","contentUrl":"https:\/\/www.shavei.org\/wp-content\/uploads\/2017\/10\/shavei-logo.jpg","width":300,"height":285,"caption":"Shavei Israel"},"image":{"@id":"https:\/\/www.shavei.org\/#\/schema\/logo\/image\/"}}]}},"campaignId":"","_links":{"self":[{"href":"https:\/\/www.shavei.org\/pt-br\/wp-json\/wp\/v2\/pages\/138401","targetHints":{"allow":["GET"]}}],"collection":[{"href":"https:\/\/www.shavei.org\/pt-br\/wp-json\/wp\/v2\/pages"}],"about":[{"href":"https:\/\/www.shavei.org\/pt-br\/wp-json\/wp\/v2\/types\/page"}],"author":[{"embeddable":true,"href":"https:\/\/www.shavei.org\/pt-br\/wp-json\/wp\/v2\/users\/31"}],"replies":[{"embeddable":true,"href":"https:\/\/www.shavei.org\/pt-br\/wp-json\/wp\/v2\/comments?post=138401"}],"version-history":[{"count":0,"href":"https:\/\/www.shavei.org\/pt-br\/wp-json\/wp\/v2\/pages\/138401\/revisions"}],"wp:attachment":[{"href":"https:\/\/www.shavei.org\/pt-br\/wp-json\/wp\/v2\/media?parent=138401"}],"curies":[{"name":"wp","href":"https:\/\/api.w.org\/{rel}","templated":true}]}}