{"id":138400,"date":"2021-05-27T16:45:01","date_gmt":"2021-05-27T14:45:01","guid":{"rendered":"https:\/\/www.shavei.org\/nossos-emissarios\/"},"modified":"2021-05-27T16:45:01","modified_gmt":"2021-05-27T14:45:01","slug":"nossos-emissarios","status":"publish","type":"page","link":"https:\/\/www.shavei.org\/pt-br\/nossos-emissarios\/","title":{"rendered":"Nossos Emiss\u00e1rios"},"content":{"rendered":"<p><em>A Shavei Israel dedica-se\u00a0a localizar as tribos perdidas de Israel, os Anussim (Marranos) e outros descendentes de &#8220;judeus perdidos&#8221;. A organiza\u00e7\u00e3o tamb\u00e9m fornece assist\u00eancia concreta a indiv\u00edduos e comunidades que desejam retornar ao povo judeu, de maneira sincera. Isto inclui o financiamento de l\u00edderes espirituais e educadores que trabalhem\u00a0nestas comunidades, auxiliando no processo de retorno ao cora\u00e7\u00e3o judeu.<\/em><\/p>\n<p><em>A Shavei Israel \u00e9 representada por\u00a0emiss\u00e1rios em comunidades que demonstram um desejo sincero em\u00a0fortalecer sua consci\u00eancia judaica. Hoje, a Shavei Israel possui representa\u00e7\u00f5es rab\u00ednicas em Espanha, Portugal e Pol\u00f4nia, assim\u00a0como educadores na \u00cdndia. Al\u00e9m disso, conhecemos\u00a0a necessidade de enviar mais emiss\u00e1rios para\u00a0estes pa\u00edses, assim como, para outros pa\u00edses da Am\u00e9rica Latina.<\/em><\/p>\n<p><em>Os emiss\u00e1rios da Shavei Israel ensinam juda\u00edsmo e hebraico, conduzem\u00a0as ora\u00e7\u00f5es no Shabat e nas festividades, preparam boletins semanais para a comunidade, desenvolvem programas para as crian\u00e7as e jovens e oferecem orienta\u00e7\u00e3o espiritual individual. Os emiss\u00e1rios da Shavei Israel est\u00e3o em contato com os membros da comunidade e aqueles que est\u00e3o fora dos quadros comunit\u00e1rios por\u00e9m que expressam interesse em buscar\u00a0suas conex\u00f5es com o juda\u00edsmo e com o povo judeu.<\/em><\/p>\n<p>&nbsp;<\/p>\n<p><strong><img decoding=\"async\" class=\" wp-image-27774 alignleft\" src=\"https:\/\/casadosanussim.shavei.org\/wp-content\/uploads\/2016\/09\/rabbi-elisha-salas_a.jpg\" alt=\"rabbi-elisha-salas_a\" width=\"170\" height=\"170\" \/>Rabino Elisha Salas<\/strong><br \/>\n<em>Emiss\u00e1rio da Shavei Israel em Portugal e Espanha<\/em><br \/>\nO Rabino Elisha Salas atua\u00a0como o rabino-chefe da cidade de Belmonte, Portugual e como rabino itinerante das pequenas cidades do Norte de Portugal. O Rabino Salas nasceu no Chile e recebeu sua ordena\u00e7\u00e3o rab\u00ednica no Beit Hamidrash HaSefarad\u00ed da Cidade Velha de Jerusal\u00e9m. Da mesma forma, o\u00a0rabino possui ordena\u00e7\u00e3o como <em>&#8216;shochet&#8217;<\/em> (abate ritual), <em>&#8216;more&#8217;<\/em> (professor do juda\u00edsmo) e &#8216;<em>mashgiach kashrut&#8217;<\/em> (monitoramento de alimentos de acordo com a lei judaica). O Rabino Salas fez Ali\u00e1 para Israel em 1999 e vive em Jerusal\u00e9m. Tamb\u00e9m estudou contabilidade e administra\u00e7\u00e3o na Universidade de Santiago, Chile. <span style=\"text-decoration: underline;\"><strong><a href=\"mailto:portugal@shavei.org\">Contate\u00a0o Rabino Elisha Salas.<\/a><\/strong><\/span><\/p>\n<p><strong><img decoding=\"async\" class=\" wp-image-27780 alignleft\" src=\"https:\/\/casadosanussim.shavei.org\/wp-content\/uploads\/2016\/09\/rabbi-avi-baumel-Me-sizedx100w-1.jpg\" alt=\"rabbi-avi-baumel-me-sizedx100w\" width=\"151\" height=\"227\" \/>Rabino Avi Baumol<\/strong><br \/>\n<em>Emiss\u00e1rio da Shavei Israel em Crac\u00f3via, Pol\u00f4nia<\/em><br \/>\nEm Crac\u00f3via, Pol\u00f4nia, atua\u00a0como rabino da comunidade judaica local e auxilia tamb\u00e9m \u00e0\u00a0comunidade local de &#8220;judeus escondidos&#8221;. O Rabino Avi Baumol nasceu em Nova York, recebeu sua ordena\u00e7\u00e3o rab\u00ednica da Yeshiva Universidade, da onde tamb\u00e9m possui\u00a0um BA em Economia al\u00e9m de um\u00a0mestrado em hist\u00f3ria judaica medieval Bernard Revel Graduate School. Tornou-se rabino da congrega\u00e7\u00e3o Shaare Tzedek em Vancouver, Canad\u00e1, nos anos 1998-2003. Durante esta \u00faltima posi\u00e7\u00e3o\u00a0tamb\u00e9m atuou no Beit Din e no programa de convers\u00e3o local. Em Israel ensinou em\u00a0yeshivot e semin\u00e1rios, realizou a cerim\u00f4nia de casamento\u00a0de diversos casais n\u00e3o religiosos, como representante da Itim, e continuou trabalhando como rabino em Efrat, onde vive com sua fam\u00edlia. Al\u00e9m disso, escreveu um livro sobre o <em>Tehilim,<\/em>\u00a0entitulado &#8220;The Poetry of Prayer&#8221; (&#8220;a poesia da ora\u00e7\u00e3o&#8221;). <span style=\"text-decoration: underline;\"><strong><a href=\"mailto:krakow@shavei.org\">Contate\u00a0o Rabino Avi Baumol.<\/a><\/strong><\/span><\/p>\n<p><img decoding=\"async\" class=\" wp-image-27778 alignleft\" src=\"https:\/\/casadosanussim.shavei.org\/wp-content\/uploads\/2016\/09\/small.jpg\" alt=\"small\" width=\"154\" height=\"153\" \/><strong>Rabino Yehoshua Ellis<\/strong><br \/>\n<em>Emiss\u00e1rio da Shavei Israel em Katowice, Pol\u00f4nia<\/em><br \/>\nAtua\u00a0como rabino-chefe de Katowice e auxilia a comunidade local de &#8220;judeus escondidos&#8221;. No passado, atuou\u00a0como volunt\u00e1rio na comunidade de Vars\u00f3via. O Rabino Ellis nasceu no\u00a0Kansas (Estados Unidos) e estudou em v\u00e1rias yeshivot em Jerusal\u00e9m. Recebeu sua ordena\u00e7\u00e3o rab\u00ednica do Sephardi Shehebar Center e tamb\u00e9m possui ordena\u00e7\u00e3o\u00a0de <em>&#8216;shochet&#8217;<\/em>. <span style=\"text-decoration: underline;\"><strong><a href=\"mailto:katowice@shavei.org\">Contate o Rabino Yehoshua Ellis.<\/a><\/strong><\/span><\/p>\n<p><strong><img decoding=\"async\" class=\"size-full wp-image-27772 alignleft\" src=\"https:\/\/casadosanussim.shavei.org\/wp-content\/uploads\/2016\/09\/page2-img10.jpg\" alt=\"page2-img10\" width=\"146\" height=\"190\" \/>Rabino Avraham Israel Latapiat<\/strong><br \/>\n<em>Emiss\u00e1rio da Shavei Israel no Chile<\/em><br \/>\nNascido no Chile, possui\u00a0um Ph.D. em matem\u00e1tica pela Universidade da Pensilv\u00e2nia. No passado, atuou como professor da Universidade Central da Venezuela. \u00c9\u00a0um membro da American Mathematical Society e tem publicado artigos sobre\u00a0astrof\u00edsica, inclusive\u00a0atrav\u00e9s do Centro de Astrof\u00edsica da NASA e do Centro Harvard-Smithsonian de Astrof\u00edsica. Passou ent\u00e3o da matem\u00e1tica para a Mishn\u00e1, e recebeu sua ordena\u00e7\u00e3o rab\u00ednica na Yeshiva Pirchei Shoshanim em Israel. Estabeleceu-se no Kollel Haor HaKodesh em Caracas, Venezuela, antes de retornar ao Chile, onde agora vive com sua esposa. \u00c9\u00a0um membro ativo do Kollel Chazon Ish, diretor de projetos da ag\u00eancia de certifica\u00e7\u00e3o <em>Kosher Ta&#8217;am<\/em> e presidente da CEDIH, uma organiza\u00e7\u00e3o cujo objetivo \u00e9 &#8220;levar o homem ao estudo da Tor\u00e1&#8221;. <span style=\"text-decoration: underline;\"><strong><a href=\"mailto:chile@shavei.org\">Contate\u00a0o Rabino Avraham Israel Latapiat.<\/a><\/strong><\/span><\/p>\n<p><strong><img decoding=\"async\" class=\" wp-image-27781 alignleft\" src=\"https:\/\/casadosanussim.shavei.org\/wp-content\/uploads\/2016\/09\/david.jpg\" alt=\"david\" width=\"167\" height=\"193\" \/>Rabino Dawid Szychowski<\/strong><br \/>\n<em>Emiss\u00e1rio da Shavei Israel em Lodz, Pol\u00f4nia<\/em><br \/>\nO Rabino Dawid atua\u00a0como rabino de Lodz e auxilia os &#8220;judeus escondidos&#8221; da \u00e1rea. \u00c9 tamb\u00e9m rabino-chefe de pequenas comunidades ao redor. Nascido na Pol\u00f4nia,\u00a0\u00e9\u00a0bacharel em filosofia. Por um longo tempo, foi\u00a0estudante do Rabino Boaz Pash, que serviu como emiss\u00e1rio da Shavei Israel em Crac\u00f3via por sete anos. Dawid fez Ali\u00e1 e viveu em Israel durante seis anos quando recebeu sua ordena\u00e7\u00e3o rab\u00ednica do Rabino Peretz do\u00a0Beit Hamidrash Hasefarad\u00ed e do Rabino Riskin no centro Ohr Torah Stone,\u00a0em Efrat. <span style=\"text-decoration: underline;\"><strong><a href=\"mailto:poland@shavei.org\">Contate\u00a0o Rabino Dawid Szychowski.<\/a><\/strong><\/span><\/p>\n<p><strong><img decoding=\"async\" class=\"size-medium wp-image-27776 alignleft\" src=\"https:\/\/casadosanussim.shavei.org\/wp-content\/uploads\/2016\/09\/r-pinhas1-201x300.jpg\" alt=\"r-pinhas1\" width=\"201\" height=\"300\" \/>Rabino Pinchas P. Punturello<\/strong><br \/>\n<em>Emiss\u00e1rio da Shavei Israel na It\u00e1lia<\/em><br \/>\nO Rabino Pinchas \u00e9 emiss\u00e1rio da Shavei Israel para os Anussim no sul da It\u00e1lia. Nasceu em N\u00e1poles, It\u00e1lia, em 1977 e serviu como rabino-chefe de N\u00e1poles entre 2003 e 2010. Estudou na Yeshivat Hamivtar em Efrat e recebeu sua ordena\u00e7\u00e3o rab\u00ednica do Rabino Shlomo Riskin. Academicamente, possui\u00a0um mestrado em Ci\u00eancia Pol\u00edtica pela Universidade de N\u00e1poles. Sua tese, entitulada &#8220;Chana Arendt: uma mulher judia entre a assimila\u00e7\u00e3o e o sionismo&#8221;, foi publicado em 2012. O Rabino Pinchas \u00e9 por si s\u00f3 um tradutor e jornalista freelance, com\u00a0uma vasta experi\u00eancia em v\u00e1rias \u00e1reas de ensino. <span style=\"text-decoration: underline;\"><strong><a href=\"mailto:italia@shavei.org\">Contate o\u00a0Rabino Pinchas P. Punturello.<\/a><\/strong><\/span><\/p>\n<p><strong><img decoding=\"async\" class=\" wp-image-27777 alignleft\" src=\"https:\/\/casadosanussim.shavei.org\/wp-content\/uploads\/2016\/09\/shimon-yehoshua-solo-resize100.jpg\" alt=\"shimon-yehoshua-solo-resize100\" width=\"164\" height=\"198\" \/>Rabino Shimon M. Yehoshua<\/strong><br \/>\n<em>Emiss\u00e1rio da\u00a0Shavei Israel na Col\u00f4mbia<\/em><br \/>\nAtua\u00a0na Col\u00f4mbia, aonde auxilia as comunidades Bnei Anussim e tamb\u00e9m interessados no processo de convers\u00e3o. O Rabino Shimon nasceu na Argentina e recebeu sua ordena\u00e7\u00e3o rab\u00ednica do Beit Hamidrash Hasefarad\u00ed em Jerusal\u00e9m. \u00c9 formado pelo Instituto Amiel, que prepara rabinos para atuarem em comunidades da di\u00e1spora. Atuou\u00a0como rabino da cidade de Pattaya, na Tail\u00e2ndia, e foi coordenador geral do movimento Bnei Akiva para programas da Am\u00e9rica Latina. Ensinou na Yeshiva Torah beTzi\u00f3n e na Midrash\u00e1 Lindenbaum al\u00e9m de trabalhar como <em>Mashgiach Kashrut<\/em> na Argentina. <span style=\"text-decoration: underline;\"><strong><a href=\"mailto:colombia@shavei.org\">Contate\u00a0o Rabino Shimon M. Yehoshua.<\/a><\/strong><\/span><\/p>\n<p><strong><img decoding=\"async\" class=\" wp-image-27779 alignleft\" src=\"https:\/\/casadosanussim.shavei.org\/wp-content\/uploads\/2016\/09\/yitzchak-aboud-la-foto.jpg\" alt=\"yitzchak-aboud-la-foto\" width=\"134\" height=\"178\" \/>Rabino Yitzhak Aboud<\/strong><br \/>\n<em>Emiss\u00e1rio da Shavei Israel em El Salvador<\/em><br \/>\nAtua\u00a0como rabino itinerante da Shavei Israel nas comunidades judaicas\u00a0emergentes e de Bnei Anussim de\u00a0El Salvador. O Rabino Aboud nasceu em Israel e recebeu sua ordena\u00e7\u00e3o rab\u00ednica do Rabino Peretz e, em seguida, do Rabino Ovadia Yosef. No passado,\u00a0foi diretor da unidade de Ramot\u00a0do movimento juvenil <em>Ezra<\/em>. Ap\u00f3s seu casamento, se mudou para o M\u00e9xico aonde atuou como rabino da Comunidade Judaica Har Sinai e como professor do projeto Arachim. Escreveu livros com interpreta\u00e7\u00f5es do <em>Mesilat Yesharim<\/em>, al\u00e9m de outros sobre a vida dos Tana\u00edtas e Amora\u00edtas. Atualmente dirige uma institui\u00e7\u00e3o chamada <em>&#8220;Chaim beChesed&#8221;<\/em> fornecendo, gratuitamente, equipamentos m\u00e9dicos a pacientes com dificuldades financeiras. <span style=\"text-decoration: underline;\"><strong><a href=\"mailto:elsalvador@shavei.org\">Contate\u00a0o Rabino Yitzchak Aboud.<\/a><\/strong><\/span><\/p>\n","protected":false},"excerpt":{"rendered":"<p>A Shavei Israel dedica-se\u00a0a localizar as tribos perdidas de Israel, os Anussim (Marranos) e outros descendentes de &#8220;judeus perdidos&#8221;. A organiza\u00e7\u00e3o tamb\u00e9m fornece assist\u00eancia concreta a indiv\u00edduos e comunidades que desejam retornar ao povo judeu, de maneira sincera. Isto inclui o financiamento de l\u00edderes espirituais&#8230;<\/p>\n","protected":false},"author":31,"featured_media":0,"parent":0,"menu_order":0,"comment_status":"open","ping_status":"open","template":"","meta":{"give_campaign_id":0,"_exactmetrics_skip_tracking":false,"_exactmetrics_sitenote_active":false,"_exactmetrics_sitenote_note":"","_exactmetrics_sitenote_category":0,"ngg_post_thumbnail":0,"footnotes":""},"class_list":["post-138400","page","type-page","status-publish","hentry"],"yoast_head":"<!-- This site is optimized with the Yoast SEO plugin v27.1.1 - https:\/\/yoast.com\/product\/yoast-seo-wordpress\/ -->\n<title>Nossos Emiss\u00e1rios - Shavei Israel<\/title>\n<meta name=\"robots\" content=\"index, follow, max-snippet:-1, max-image-preview:large, max-video-preview:-1\" \/>\n<link rel=\"canonical\" href=\"https:\/\/www.shavei.org\/pt-br\/nossos-emissarios\/\" \/>\n<meta property=\"og:locale\" content=\"pt_BR\" \/>\n<meta property=\"og:type\" content=\"article\" \/>\n<meta property=\"og:title\" content=\"Nossos Emiss\u00e1rios - Shavei Israel\" \/>\n<meta property=\"og:description\" content=\"A Shavei Israel dedica-se\u00a0a localizar as tribos perdidas de Israel, os Anussim (Marranos) e outros descendentes de &#8220;judeus perdidos&#8221;. A organiza\u00e7\u00e3o tamb\u00e9m fornece assist\u00eancia concreta a indiv\u00edduos e comunidades que desejam retornar ao povo judeu, de maneira sincera. Isto inclui o financiamento de l\u00edderes espirituais...\" \/>\n<meta property=\"og:url\" content=\"https:\/\/www.shavei.org\/pt-br\/nossos-emissarios\/\" \/>\n<meta property=\"og:site_name\" content=\"Shavei Israel\" \/>\n<meta property=\"og:image\" content=\"https:\/\/casadosanussim.shavei.org\/wp-content\/uploads\/2016\/09\/rabbi-elisha-salas_a.jpg\" \/>\n<meta name=\"twitter:card\" content=\"summary_large_image\" \/>\n<meta name=\"twitter:label1\" content=\"Est. tempo de leitura\" \/>\n\t<meta name=\"twitter:data1\" content=\"6 minutos\" \/>\n<script type=\"application\/ld+json\" class=\"yoast-schema-graph\">{\"@context\":\"https:\/\/schema.org\",\"@graph\":[{\"@type\":\"WebPage\",\"@id\":\"https:\/\/www.shavei.org\/pt-br\/nossos-emissarios\/\",\"url\":\"https:\/\/www.shavei.org\/pt-br\/nossos-emissarios\/\",\"name\":\"Nossos Emiss\u00e1rios - Shavei Israel\",\"isPartOf\":{\"@id\":\"https:\/\/www.shavei.org\/#website\"},\"primaryImageOfPage\":{\"@id\":\"https:\/\/www.shavei.org\/pt-br\/nossos-emissarios\/#primaryimage\"},\"image\":{\"@id\":\"https:\/\/www.shavei.org\/pt-br\/nossos-emissarios\/#primaryimage\"},\"thumbnailUrl\":\"https:\/\/casadosanussim.shavei.org\/wp-content\/uploads\/2016\/09\/rabbi-elisha-salas_a.jpg\",\"datePublished\":\"2021-05-27T14:45:01+00:00\",\"breadcrumb\":{\"@id\":\"https:\/\/www.shavei.org\/pt-br\/nossos-emissarios\/#breadcrumb\"},\"inLanguage\":\"pt-BR\",\"potentialAction\":[{\"@type\":\"ReadAction\",\"target\":[\"https:\/\/www.shavei.org\/pt-br\/nossos-emissarios\/\"]}]},{\"@type\":\"ImageObject\",\"inLanguage\":\"pt-BR\",\"@id\":\"https:\/\/www.shavei.org\/pt-br\/nossos-emissarios\/#primaryimage\",\"url\":\"https:\/\/casadosanussim.shavei.org\/wp-content\/uploads\/2016\/09\/rabbi-elisha-salas_a.jpg\",\"contentUrl\":\"https:\/\/casadosanussim.shavei.org\/wp-content\/uploads\/2016\/09\/rabbi-elisha-salas_a.jpg\"},{\"@type\":\"BreadcrumbList\",\"@id\":\"https:\/\/www.shavei.org\/pt-br\/nossos-emissarios\/#breadcrumb\",\"itemListElement\":[{\"@type\":\"ListItem\",\"position\":1,\"name\":\"Home\",\"item\":\"https:\/\/www.shavei.org\/\"},{\"@type\":\"ListItem\",\"position\":2,\"name\":\"Nossos Emiss\u00e1rios\"}]},{\"@type\":\"WebSite\",\"@id\":\"https:\/\/www.shavei.org\/#website\",\"url\":\"https:\/\/www.shavei.org\/\",\"name\":\"Shavei Israel\",\"description\":\"One nation, many faces. We help them all return.\",\"publisher\":{\"@id\":\"https:\/\/www.shavei.org\/#organization\"},\"potentialAction\":[{\"@type\":\"SearchAction\",\"target\":{\"@type\":\"EntryPoint\",\"urlTemplate\":\"https:\/\/www.shavei.org\/?s={search_term_string}\"},\"query-input\":{\"@type\":\"PropertyValueSpecification\",\"valueRequired\":true,\"valueName\":\"search_term_string\"}}],\"inLanguage\":\"pt-BR\"},{\"@type\":\"Organization\",\"@id\":\"https:\/\/www.shavei.org\/#organization\",\"name\":\"Shavei Israel\",\"url\":\"https:\/\/www.shavei.org\/\",\"logo\":{\"@type\":\"ImageObject\",\"inLanguage\":\"pt-BR\",\"@id\":\"https:\/\/www.shavei.org\/#\/schema\/logo\/image\/\",\"url\":\"https:\/\/www.shavei.org\/wp-content\/uploads\/2017\/10\/shavei-logo.jpg\",\"contentUrl\":\"https:\/\/www.shavei.org\/wp-content\/uploads\/2017\/10\/shavei-logo.jpg\",\"width\":300,\"height\":285,\"caption\":\"Shavei Israel\"},\"image\":{\"@id\":\"https:\/\/www.shavei.org\/#\/schema\/logo\/image\/\"}}]}<\/script>\n<!-- \/ Yoast SEO plugin. -->","yoast_head_json":{"title":"Nossos Emiss\u00e1rios - Shavei Israel","robots":{"index":"index","follow":"follow","max-snippet":"max-snippet:-1","max-image-preview":"max-image-preview:large","max-video-preview":"max-video-preview:-1"},"canonical":"https:\/\/www.shavei.org\/pt-br\/nossos-emissarios\/","og_locale":"pt_BR","og_type":"article","og_title":"Nossos Emiss\u00e1rios - Shavei Israel","og_description":"A Shavei Israel dedica-se\u00a0a localizar as tribos perdidas de Israel, os Anussim (Marranos) e outros descendentes de &#8220;judeus perdidos&#8221;. A organiza\u00e7\u00e3o tamb\u00e9m fornece assist\u00eancia concreta a indiv\u00edduos e comunidades que desejam retornar ao povo judeu, de maneira sincera. Isto inclui o financiamento de l\u00edderes espirituais...","og_url":"https:\/\/www.shavei.org\/pt-br\/nossos-emissarios\/","og_site_name":"Shavei Israel","og_image":[{"url":"https:\/\/casadosanussim.shavei.org\/wp-content\/uploads\/2016\/09\/rabbi-elisha-salas_a.jpg","type":"","width":"","height":""}],"twitter_card":"summary_large_image","twitter_misc":{"Est. tempo de leitura":"6 minutos"},"schema":{"@context":"https:\/\/schema.org","@graph":[{"@type":"WebPage","@id":"https:\/\/www.shavei.org\/pt-br\/nossos-emissarios\/","url":"https:\/\/www.shavei.org\/pt-br\/nossos-emissarios\/","name":"Nossos Emiss\u00e1rios - Shavei Israel","isPartOf":{"@id":"https:\/\/www.shavei.org\/#website"},"primaryImageOfPage":{"@id":"https:\/\/www.shavei.org\/pt-br\/nossos-emissarios\/#primaryimage"},"image":{"@id":"https:\/\/www.shavei.org\/pt-br\/nossos-emissarios\/#primaryimage"},"thumbnailUrl":"https:\/\/casadosanussim.shavei.org\/wp-content\/uploads\/2016\/09\/rabbi-elisha-salas_a.jpg","datePublished":"2021-05-27T14:45:01+00:00","breadcrumb":{"@id":"https:\/\/www.shavei.org\/pt-br\/nossos-emissarios\/#breadcrumb"},"inLanguage":"pt-BR","potentialAction":[{"@type":"ReadAction","target":["https:\/\/www.shavei.org\/pt-br\/nossos-emissarios\/"]}]},{"@type":"ImageObject","inLanguage":"pt-BR","@id":"https:\/\/www.shavei.org\/pt-br\/nossos-emissarios\/#primaryimage","url":"https:\/\/casadosanussim.shavei.org\/wp-content\/uploads\/2016\/09\/rabbi-elisha-salas_a.jpg","contentUrl":"https:\/\/casadosanussim.shavei.org\/wp-content\/uploads\/2016\/09\/rabbi-elisha-salas_a.jpg"},{"@type":"BreadcrumbList","@id":"https:\/\/www.shavei.org\/pt-br\/nossos-emissarios\/#breadcrumb","itemListElement":[{"@type":"ListItem","position":1,"name":"Home","item":"https:\/\/www.shavei.org\/"},{"@type":"ListItem","position":2,"name":"Nossos Emiss\u00e1rios"}]},{"@type":"WebSite","@id":"https:\/\/www.shavei.org\/#website","url":"https:\/\/www.shavei.org\/","name":"Shavei Israel","description":"One nation, many faces. We help them all return.","publisher":{"@id":"https:\/\/www.shavei.org\/#organization"},"potentialAction":[{"@type":"SearchAction","target":{"@type":"EntryPoint","urlTemplate":"https:\/\/www.shavei.org\/?s={search_term_string}"},"query-input":{"@type":"PropertyValueSpecification","valueRequired":true,"valueName":"search_term_string"}}],"inLanguage":"pt-BR"},{"@type":"Organization","@id":"https:\/\/www.shavei.org\/#organization","name":"Shavei Israel","url":"https:\/\/www.shavei.org\/","logo":{"@type":"ImageObject","inLanguage":"pt-BR","@id":"https:\/\/www.shavei.org\/#\/schema\/logo\/image\/","url":"https:\/\/www.shavei.org\/wp-content\/uploads\/2017\/10\/shavei-logo.jpg","contentUrl":"https:\/\/www.shavei.org\/wp-content\/uploads\/2017\/10\/shavei-logo.jpg","width":300,"height":285,"caption":"Shavei Israel"},"image":{"@id":"https:\/\/www.shavei.org\/#\/schema\/logo\/image\/"}}]}},"campaignId":"","_links":{"self":[{"href":"https:\/\/www.shavei.org\/pt-br\/wp-json\/wp\/v2\/pages\/138400","targetHints":{"allow":["GET"]}}],"collection":[{"href":"https:\/\/www.shavei.org\/pt-br\/wp-json\/wp\/v2\/pages"}],"about":[{"href":"https:\/\/www.shavei.org\/pt-br\/wp-json\/wp\/v2\/types\/page"}],"author":[{"embeddable":true,"href":"https:\/\/www.shavei.org\/pt-br\/wp-json\/wp\/v2\/users\/31"}],"replies":[{"embeddable":true,"href":"https:\/\/www.shavei.org\/pt-br\/wp-json\/wp\/v2\/comments?post=138400"}],"version-history":[{"count":0,"href":"https:\/\/www.shavei.org\/pt-br\/wp-json\/wp\/v2\/pages\/138400\/revisions"}],"wp:attachment":[{"href":"https:\/\/www.shavei.org\/pt-br\/wp-json\/wp\/v2\/media?parent=138400"}],"curies":[{"name":"wp","href":"https:\/\/api.w.org\/{rel}","templated":true}]}}