{"id":138398,"date":"2021-05-27T16:45:01","date_gmt":"2021-05-27T14:45:01","guid":{"rendered":"https:\/\/www.shavei.org\/nossa-equipe\/"},"modified":"2021-05-27T16:45:01","modified_gmt":"2021-05-27T14:45:01","slug":"nossa-equipe","status":"publish","type":"page","link":"https:\/\/www.shavei.org\/pt-br\/nossa-equipe\/","title":{"rendered":"Nossa Equipe"},"content":{"rendered":"<p><img decoding=\"async\" class=\"size-full wp-image-27695 alignleft\" src=\"https:\/\/casadosanussim.shavei.org\/wp-content\/uploads\/2016\/09\/michael.jpg\" alt=\"michael\" width=\"135\" height=\"159\" \/><strong>Michael Freund<\/strong><br \/>\n<em><strong>Diretor e fundador da Shavei Israel<\/strong><\/em><br \/>\nPossui\u00a0duas colunas fixas no Jerusalem Post, o jornal em Ingl\u00eas mais popular e distribu\u00eddo em Israel. Durante o governo do primeiro-ministro Binyamin Netanyahu, Freund foi Vice-Diretor de Comunica\u00e7\u00e3o e Planejamento de Pol\u00edticas. Nativo de Nova Iorque, possui um M.B.A. da Universidade de Columbia e um B.A. da Woodrow Wilson Escola de Rela\u00e7\u00f5es\u00a0P\u00fablicas e Internacionais da Universidade de Princeton. <strong><a href=\"mailto:michael@shavei.org\">Contate Michael Freund.<\/a><\/strong><\/p>\n<p><strong><img decoding=\"async\" class=\"wp-image-27691 alignleft\" src=\"https:\/\/casadosanussim.shavei.org\/wp-content\/uploads\/2016\/09\/edithatar21.jpg\" alt=\"OLYMPUS DIGITAL CAMERA\" width=\"111\" height=\"147\" \/>Edith Blaustein<\/strong><br \/>\n<em><strong>Vice-Diretora Geral, respons\u00e1vel pela\u00a0administra\u00e7\u00e3o<\/strong><\/em><br \/>\nEla dirigiu o Centro de Estudos judaicos\u00a0do Departamento de Continuidade da Ag\u00eancia Judaica. Foi Diretora Geral do Instituto Yavne de Montevid\u00e9u. Autora de programas educacionais sobre Voluntariado e Bibliodrama. Atuou como Diretora Geral do Vaad Hajinuj do Chile. Autora de artigos sobre o juda\u00edsmo e do livro <em>&#8220;Palavras para o cora\u00e7\u00e3o&#8221;.<\/em>\u00a0Fez Ali\u00e1 no in\u00edcio de 2008. Possui um Mestrado em Educa\u00e7\u00e3o, com especializa\u00e7\u00e3o em Administra\u00e7\u00e3o de Empresas sem fins lucrativos. Professora de Hist\u00f3ria e Coach Ontol\u00f3gica.\u00a0Estudou no Uruguai, Argentina, Israel e Chile. <strong><a href=\"mailto:edith@shavei.org\">Contate<strong>\u00a0Edith Blaustein<\/strong>.<\/a><\/strong><\/p>\n<p><img decoding=\"async\" class=\" wp-image-27690 alignleft\" src=\"https:\/\/casadosanussim.shavei.org\/wp-content\/uploads\/2016\/09\/Birnbaum.jpg\" alt=\"birnbaum\" width=\"129\" height=\"173\" \/><strong>Rabino Eliahu Birnbaum<\/strong><br \/>\n<strong><em>Rabino e Diretor-Educacional da Shavei Israel<\/em><\/strong><br \/>\nDesde 1998 tem sido o diretor do Instituto Amiel (programa de prepara\u00e7\u00e3o de\u00a0rabinos e l\u00edderes espirituais para o trabalho nas comunidades da di\u00e1spora). \u00c9\u00a0tamb\u00e9m um juiz na Corte Rab\u00ednica de convers\u00e3o. Publicou v\u00e1rios livros e artigos sobre temas judaicos. Entre 1985 e 1990, trabalhou com a Organiza\u00e7\u00e3o Sionista Mundial na Am\u00e9rica Central, dando palestras sobre o sionismo e o juda\u00edsmo. Foi diretor de publica\u00e7\u00f5es em espanhol do Departamento de Educa\u00e7\u00e3o Religiosa Judaica. Foi\u00a0rabino-chefe do Uruguai entre 1992-1997. Nascido no Uruguai, fez Ali\u00e1 em 1972. Estudou na Yeshiva Har Tzion e completou seus estudos rab\u00ednicos em 1982. Possui um mestrado em\u00a0Pensamento Judaico na Universidade Hebraica de Jerusal\u00e9m e um Ph.D. em Filosofia Judaica pela\u00a0Bar Ilan University. <strong><a href=\"mailto:rav@shavei.org\">Contate o\u00a0Rabino Birnbaum.<\/a><\/strong><\/p>\n<p><img decoding=\"async\" class=\" wp-image-27689 alignleft\" src=\"https:\/\/casadosanussim.shavei.org\/wp-content\/uploads\/2016\/09\/Avitzedek.jpg\" alt=\"avitzedek\" width=\"129\" height=\"178\" \/><strong>Rabino Chanoch Avizedek<\/strong><br \/>\n<em><strong>Diretor do Departamento de Bnei Menashe e do Departamento de Absor\u00e7\u00e3o e\u00a0Ali\u00e1<\/strong><\/em><br \/>\nFoi enviado pela Shavei Israel ao nordeste da \u00cdndia, onde est\u00e1 localizada a\u00a0comunidade Bnei Menashe. Ao longo dos anos tem trabalhado em diferentes \u00e1reas educacionais, seja educa\u00e7\u00e3o formal quanto\u00a0informal. Supervisionou\u00a0a Midrasha Toranit do Ex\u00e9rcito de Israel, organizou\u00a0projetos de aproxima\u00e7\u00e3o judaica atrav\u00e9s\u00a0do\u00a0ex\u00e9rcito e de movimentos de assentamentos, atrav\u00e9s da\u00a0organiza\u00e7\u00e3o &#8220;El Ami&#8221;. Serviu como emiss\u00e1rio do\u00a0&#8220;Nohar e Halutz&#8221; e do Departamento de Educa\u00e7\u00e3o Religiosa da di\u00e1spora para a Am\u00e9rica do Sul, trabalhando no desenvolvimento de projetos de educa\u00e7\u00e3o, como a Yeshiva musical chamada de <em>&#8220;Kinor David&#8221;<\/em>. Em paralelo ao\u00a0seu trabalho na\u00a0Shavei Israel, dedica-se\u00a0\u00e0 agricultura e estuda psicologia. <strong><a href=\"mailto:janoj@shavei.org\">Contate o Rabino Chanoch Avitzedek.<\/a><\/strong><\/p>\n<p><img decoding=\"async\" class=\" wp-image-27694 alignleft\" src=\"https:\/\/casadosanussim.shavei.org\/wp-content\/uploads\/2016\/09\/LBD-pic-199x300-199x300.jpg\" alt=\"lbd-pic-199x300\" width=\"123\" height=\"186\" \/><strong>Laura Ben-David<\/strong><br \/>\n<em><strong>Diretora de Marketing e\u00a0M\u00eddia Social<\/strong><\/em><br \/>\nLaura \u00e9 uma consultora de marketing, escritora e fot\u00f3grafa. Nascida em Nova York, fez ali\u00e1 de Boca Raton, Florida, em 2002. Antes de se juntar \u00e0 Shavei Israel, Laura gerenciou os\u00a0meios de comunica\u00e7\u00e3o social do <em>Nefesh B&#8217;Nefesh<\/em>. Laura \u00e9 autora do livro <em>&#8220;Moving Up&#8221;<\/em>, que descreve o processo de Ali\u00e1. Al\u00e9m disso, publicou v\u00e1rios artigos sobre Israel, Ali\u00e1 e m\u00eddias sociais &#8211; e, por vezes, todos os tr\u00eas temas juntos. <strong><a href=\"mailto:laura@shavei.org\">Contate\u00a0Laura Ben-David.<\/a><\/strong><\/p>\n<p><img decoding=\"async\" class=\" wp-image-27699 alignleft\" src=\"https:\/\/casadosanussim.shavei.org\/wp-content\/uploads\/2016\/09\/tzivia111.jpg\" alt=\"tzivia111\" width=\"119\" height=\"161\" \/><strong>Tzivia Kusminsky<\/strong><br \/>\n<em><strong>Diretora do Departamento de Bnei Anussim e Judeus Eescondidos da Pol\u00f4nia<\/strong><\/em><br \/>\nNa Argentina, trabalhou como educadora informal em uma comunidade de crian\u00e7as judias necessitadas e tamb\u00e9m atuou como professora de crian\u00e7as judias que n\u00e3o haviam recebido uma\u00a0educa\u00e7\u00e3o judaica. Nascida na Argentina, fez Ali\u00e1 em 5762 (2002). Tem uma M.A. em Administra\u00e7\u00e3o P\u00fablica pela\u00a0Universidade de Tel Aviv e um B.A. em\u00a0Ci\u00eancias Pol\u00edticas e Hist\u00f3ria pela Universidade Hebraica de Jerusal\u00e9m. <strong><a href=\"mailto:tzivia@shavei.org\">Contate Tzivia Kusminsky.<\/a><\/strong><\/p>\n<p><strong><img decoding=\"async\" class=\" wp-image-27693 alignleft\" src=\"https:\/\/casadosanussim.shavei.org\/wp-content\/uploads\/2016\/09\/esther-surikova-resize100.jpg\" alt=\"esther-surikova-resize100\" width=\"120\" height=\"158\" \/>Esther Surikova<\/strong><br \/>\n<strong><em>Diretora do Departamento de R\u00fassia e Europa Oriental<\/em><\/strong><br \/>\nAntes de fazer Ali\u00e1, em 2012, trabalhou no escrit\u00f3rio do rabino-chefe de Moscou, o Rabino Pinchas Goldschmidt. Tamb\u00e9m atuou como advogada em um escrit\u00f3rio particular, como especialista em rela\u00e7\u00f5es p\u00fablicas no\u00a0ORT CIS e como coordenadora de projetos na <em>Ner LeElef<\/em> Jerusal\u00e9m. Esther \u00e9 bacharel em direito internacional pela Universidade Estatal de Moscou no \u00e2mbito do Minist\u00e9rio das Rela\u00e7\u00f5es Exteriores da R\u00fassia, e bacharelada em Ci\u00eancia Pol\u00edticas na Universidade Aberta de Israel. Publicou v\u00e1rios trabalhos de pesquisa dedicados a quest\u00f5es legais, pol\u00edtica internacional, tradi\u00e7\u00e3o judaica, o conflito no Oriente M\u00e9dio e o estatuto jur\u00eddico dos meios de comunica\u00e7\u00e3o em diferentes pa\u00edses. <strong><a href=\"mailto:esther@shavei.org\">Contate\u00a0Esther Surikova.<\/a><\/strong><\/p>\n<p><img decoding=\"async\" class=\" wp-image-27696 alignleft\" src=\"https:\/\/casadosanussim.shavei.org\/wp-content\/uploads\/2016\/09\/Rabbanit-reni1.jpg\" alt=\"rabbanit-reni1\" width=\"121\" height=\"173\" \/><strong>Rabanit Renana Birnbaum<\/strong><br \/>\n<em><strong>Diretora do Machon Miriam<\/strong><\/em><br \/>\nDirige o programa de capacita\u00e7\u00e3o de\u00a0<em>Rabaniot<\/em>\u00a0para o trabalho nas comunidades da di\u00e1spora, e ajdua\u00a0o marido, o Rabino Eliahu Birnbaum, no trabalho com\u00a0a comunidade judaica no Uruguai. Ensinou literatura em institutos de forma\u00e7\u00e3o de professores em Israel e ministrou cursos universit\u00e1rios no Uruguai. Trabalhou como\u00a0professora e coordenadora\u00a0em escolas prim\u00e1rias e jardins de inf\u00e2ncia, al\u00e9m de palestrar para adultos. Renana \u00e9 israelense de\u00a0s\u00e9tima gera\u00e7\u00e3o e tem um primeiro grau acad\u00e9mico em Literatura e um mestrado em filosofia judaica.<\/p>\n<p><img decoding=\"async\" class=\" wp-image-27688 alignleft\" src=\"https:\/\/casadosanussim.shavei.org\/wp-content\/uploads\/2016\/09\/avi-nueva1.jpg\" alt=\"avi-nueva1\" width=\"115\" height=\"158\" \/><strong>Avi Mizrahi<\/strong><br \/>\n<em><strong>Diretor\u00a0do projeto da Shavei Israel\u00a0para integra\u00e7\u00e3o da comunidade Bnei Menashe\u00a0em Israel<\/strong><\/em><br \/>\nFoi emiss\u00e1rio de assuntos de Ali\u00e1 na Eti\u00f3pia e na Turquia. Dirigiu a Opera\u00e7\u00e3o Moshe em Israel, e a Opera\u00e7\u00e3o Shlomo na Eti\u00f3pia. A Ag\u00eancia Judaica lhe confiou v\u00e1rios projetos de\u00a0Ali\u00e1 e integra\u00e7\u00e3o dos Bnei Menashe que concretizam\u00a0sua Ali\u00e1 atrav\u00e9s\u00a0da Lei do Retorno. \u00c9 assistente social especializado em Ali\u00e1\u00a0e integra\u00e7\u00e3o de judeus de regi\u00f5es desfavorecidas, como Eti\u00f3pia, Ir\u00e3, S\u00edria, e a comunidade Bnei Menashe. <strong><a href=\"mailto:avim@shavei.org\">Contate\u00a0Avi Mizrahi.<\/a><\/strong><\/p>\n<p><img decoding=\"async\" class=\"wp-image-27700 alignleft\" src=\"https:\/\/casadosanussim.shavei.org\/wp-content\/uploads\/2016\/09\/tzvi11.jpg\" alt=\"OLYMPUS DIGITAL CAMERA\" width=\"119\" height=\"156\" \/><\/p>\n<p><strong>Tzvi Khaute<\/strong><br \/>\n<em><strong>Coordenador do Departamento de Bnei Menashe<\/strong><\/em><br \/>\nNascido no nordeste da \u00cdndia, fez Ali\u00e1 em 5760 (2000), junto com o resto da comunidade de Bnei Menashe que chegou a Israel naquele ano. Serviu como emiss\u00e1rio da Shavei Israel em Manipur, onde foi respons\u00e1vel pela cria\u00e7\u00e3o do centro local da organiza\u00e7\u00e3o. Na \u00cdndia, trabalhou por quatro anos como professor de economia em uma escola secund\u00e1ria, e ap\u00f3s sua Ali\u00e1, estudou na Yeshivat Machon Meir. Tem um B.A. em economia pela Universidade de Delhi, na \u00cdndia, e\u00a0um outro B.A. em Pensamento Judaico do Instituto Herzog em Gush Etzion. <strong><a href=\"mailto:tzvi@shavei.org\">Contate Tzvi Khaute.<\/a><\/strong><\/p>\n<p><img decoding=\"async\" class=\"wp-image-27698 alignleft\" src=\"https:\/\/casadosanussim.shavei.org\/wp-content\/uploads\/2016\/09\/shlomo-sherwoodx300-214x300.jpg\" alt=\"OLYMPUS DIGITAL CAMERA\" width=\"126\" height=\"176\" \/><\/p>\n<p><strong>Shlomo Sherwood<\/strong><br \/>\n<em><strong>Diretor do Centro de convers\u00e3o e absor\u00e7\u00e3o dos Bnei Menashe<\/strong><\/em><br \/>\nNasceu em Israel. Estudou economia e administra\u00e7\u00e3o de empresas e formou-se em gest\u00e3o de sistemas. Trabalhou como volunt\u00e1rio com as fam\u00edlias da Eti\u00f3pia. No passado, trabalhou com hot\u00e9is, empresas de catering, servi\u00e7os p\u00fablicos municipais, latic\u00ednios e foi vice-diretor de uma das maiores empresas de supermercados. <strong><a href=\"mailto:shlomo@shavei.org\">Contate Shlomo Sherwood.<\/a><\/strong><\/p>\n<p><strong><img decoding=\"async\" class=\" wp-image-27701 alignleft\" src=\"https:\/\/casadosanussim.shavei.org\/wp-content\/uploads\/2016\/09\/velvel-tchernin-DSC_0194-resize100.jpg\" alt=\"velvel-tchernin-dsc_0194-resize100\" width=\"122\" height=\"162\" \/>Velvel Tchernin<\/strong><br \/>\n<em><strong>Coordenador do departamento de\u00a0Subbotniks<\/strong><\/em><br \/>\nNascido em Moscou em 1958, fez Ali\u00e1 em 1990. Possui\u00a0um mestrado em Hist\u00f3ria pela Universidade de Lomonosov de Moscou e um doutorado em Literatura Judaica pela Universidade Bar Ilan. Estudou no Beit Hamidrash Machon Hartman. Autor de v\u00e1rios artigos cient\u00edficos no campo da etnografia e da sociologia em Israel. Entre outras \u00e1reas, investiga a quest\u00e3o dos\u00a0judeus\u00a0Subbotnik. No passado, serviu como emiss\u00e1rio da Ag\u00eancia Judaica na R\u00fassia, Bielorr\u00fassia e pa\u00edses b\u00e1lticos e foi o vice-presidente do Congresso Judaico Russo. Atualmente, \u00e9 professor na Universidade de Ariel e vive em Kfar Eldad em Gush Etzion.<\/p>\n<p><img decoding=\"async\" class=\" wp-image-27692 alignleft\" src=\"https:\/\/casadosanussim.shavei.org\/wp-content\/uploads\/2016\/09\/eran1-200x300.jpg\" alt=\"eran1\" width=\"136\" height=\"204\" \/><strong>Eran Barzilay<\/strong><br \/>\n<strong><em>Coordenador do Departamento\u00a0Kaifeng<\/em><\/strong><br \/>\nNasceu e cresceu em Israel. Tem um B.A em administra\u00e7\u00e3o de empresas na \u00c1sia Oriental e da Universidade Hebraica de Jerusal\u00e9m. Formou-se em estudos de l\u00edngua chinesa na Universidade de Kaifeng na China. Trabalha na Shavei Israel desde 2011 e coordena as atividades da organiza\u00e7\u00e3o para os descendentes da comunidade judaica de Kaifeng. \u00c9\u00a0respons\u00e1vel por aquels que fazem\u00a0Ali\u00e1 e lida com o processo de convers\u00e3o e absor\u00e7\u00e3o em Israel. <strong><a href=\"mailto:office@shavei.org\">Contate Eran Barzilay<\/a>.<\/strong><\/p>\n<p><img decoding=\"async\" class=\" wp-image-27697 alignleft\" src=\"https:\/\/casadosanussim.shavei.org\/wp-content\/uploads\/2016\/09\/rachel-kachlon-my-photo-232x300-232x300.jpg\" alt=\"rachel-kachlon-my-photo-232x300\" width=\"140\" height=\"182\" \/><strong>Rachel Kachlon<\/strong><br \/>\n<em><strong>Secret\u00e1ria<\/strong><\/em><br \/>\nNascida em Netanya, estudou\u00a0medicina alternativa na Faculdade Binah. No passado, trabalhou como diretora do centro de atendimento ao cliente de uma empresa de prest\u00edgio e liderou um projeto para ensinar Ingl\u00eas em escolas prim\u00e1rias e secund\u00e1rias. Atualmente \u00e9 volunt\u00e1ria no trabalho\u00a0com pessoas cegas. <strong><a href=\"mailto:office@shavei.org\">Contate\u00a0Rachel Kachlon.<\/a><\/strong><\/p>\n","protected":false},"excerpt":{"rendered":"<p>Michael Freund Diretor e fundador da Shavei Israel Possui\u00a0duas colunas fixas no Jerusalem Post, o jornal em Ingl\u00eas mais popular e distribu\u00eddo em Israel. Durante o governo do primeiro-ministro Binyamin Netanyahu, Freund foi Vice-Diretor de Comunica\u00e7\u00e3o e Planejamento de Pol\u00edticas. Nativo de Nova Iorque, possui&#8230;<\/p>\n","protected":false},"author":31,"featured_media":0,"parent":0,"menu_order":0,"comment_status":"open","ping_status":"open","template":"","meta":{"give_campaign_id":0,"_exactmetrics_skip_tracking":false,"_exactmetrics_sitenote_active":false,"_exactmetrics_sitenote_note":"","_exactmetrics_sitenote_category":0,"ngg_post_thumbnail":0,"footnotes":""},"class_list":["post-138398","page","type-page","status-publish","hentry"],"yoast_head":"<!-- This site is optimized with the Yoast SEO plugin v27.1.1 - https:\/\/yoast.com\/product\/yoast-seo-wordpress\/ -->\n<title>Nossa Equipe - Shavei Israel<\/title>\n<meta name=\"robots\" content=\"index, follow, max-snippet:-1, max-image-preview:large, max-video-preview:-1\" \/>\n<link rel=\"canonical\" href=\"https:\/\/www.shavei.org\/pt-br\/nossa-equipe\/\" \/>\n<meta property=\"og:locale\" content=\"pt_BR\" \/>\n<meta property=\"og:type\" content=\"article\" \/>\n<meta property=\"og:title\" content=\"Nossa Equipe - Shavei Israel\" \/>\n<meta property=\"og:description\" content=\"Michael Freund Diretor e fundador da Shavei Israel Possui\u00a0duas colunas fixas no Jerusalem Post, o jornal em Ingl\u00eas mais popular e distribu\u00eddo em Israel. Durante o governo do primeiro-ministro Binyamin Netanyahu, Freund foi Vice-Diretor de Comunica\u00e7\u00e3o e Planejamento de Pol\u00edticas. Nativo de Nova Iorque, possui...\" \/>\n<meta property=\"og:url\" content=\"https:\/\/www.shavei.org\/pt-br\/nossa-equipe\/\" \/>\n<meta property=\"og:site_name\" content=\"Shavei Israel\" \/>\n<meta property=\"og:image\" content=\"https:\/\/casadosanussim.shavei.org\/wp-content\/uploads\/2016\/09\/michael.jpg\" \/>\n<meta name=\"twitter:card\" content=\"summary_large_image\" \/>\n<meta name=\"twitter:label1\" content=\"Est. tempo de leitura\" \/>\n\t<meta name=\"twitter:data1\" content=\"7 minutos\" \/>\n<script type=\"application\/ld+json\" class=\"yoast-schema-graph\">{\"@context\":\"https:\/\/schema.org\",\"@graph\":[{\"@type\":\"WebPage\",\"@id\":\"https:\/\/www.shavei.org\/pt-br\/nossa-equipe\/\",\"url\":\"https:\/\/www.shavei.org\/pt-br\/nossa-equipe\/\",\"name\":\"Nossa Equipe - Shavei Israel\",\"isPartOf\":{\"@id\":\"https:\/\/www.shavei.org\/#website\"},\"primaryImageOfPage\":{\"@id\":\"https:\/\/www.shavei.org\/pt-br\/nossa-equipe\/#primaryimage\"},\"image\":{\"@id\":\"https:\/\/www.shavei.org\/pt-br\/nossa-equipe\/#primaryimage\"},\"thumbnailUrl\":\"https:\/\/casadosanussim.shavei.org\/wp-content\/uploads\/2016\/09\/michael.jpg\",\"datePublished\":\"2021-05-27T14:45:01+00:00\",\"breadcrumb\":{\"@id\":\"https:\/\/www.shavei.org\/pt-br\/nossa-equipe\/#breadcrumb\"},\"inLanguage\":\"pt-BR\",\"potentialAction\":[{\"@type\":\"ReadAction\",\"target\":[\"https:\/\/www.shavei.org\/pt-br\/nossa-equipe\/\"]}]},{\"@type\":\"ImageObject\",\"inLanguage\":\"pt-BR\",\"@id\":\"https:\/\/www.shavei.org\/pt-br\/nossa-equipe\/#primaryimage\",\"url\":\"https:\/\/casadosanussim.shavei.org\/wp-content\/uploads\/2016\/09\/michael.jpg\",\"contentUrl\":\"https:\/\/casadosanussim.shavei.org\/wp-content\/uploads\/2016\/09\/michael.jpg\"},{\"@type\":\"BreadcrumbList\",\"@id\":\"https:\/\/www.shavei.org\/pt-br\/nossa-equipe\/#breadcrumb\",\"itemListElement\":[{\"@type\":\"ListItem\",\"position\":1,\"name\":\"Home\",\"item\":\"https:\/\/www.shavei.org\/\"},{\"@type\":\"ListItem\",\"position\":2,\"name\":\"Nossa Equipe\"}]},{\"@type\":\"WebSite\",\"@id\":\"https:\/\/www.shavei.org\/#website\",\"url\":\"https:\/\/www.shavei.org\/\",\"name\":\"Shavei Israel\",\"description\":\"One nation, many faces. We help them all return.\",\"publisher\":{\"@id\":\"https:\/\/www.shavei.org\/#organization\"},\"potentialAction\":[{\"@type\":\"SearchAction\",\"target\":{\"@type\":\"EntryPoint\",\"urlTemplate\":\"https:\/\/www.shavei.org\/?s={search_term_string}\"},\"query-input\":{\"@type\":\"PropertyValueSpecification\",\"valueRequired\":true,\"valueName\":\"search_term_string\"}}],\"inLanguage\":\"pt-BR\"},{\"@type\":\"Organization\",\"@id\":\"https:\/\/www.shavei.org\/#organization\",\"name\":\"Shavei Israel\",\"url\":\"https:\/\/www.shavei.org\/\",\"logo\":{\"@type\":\"ImageObject\",\"inLanguage\":\"pt-BR\",\"@id\":\"https:\/\/www.shavei.org\/#\/schema\/logo\/image\/\",\"url\":\"https:\/\/www.shavei.org\/wp-content\/uploads\/2017\/10\/shavei-logo.jpg\",\"contentUrl\":\"https:\/\/www.shavei.org\/wp-content\/uploads\/2017\/10\/shavei-logo.jpg\",\"width\":300,\"height\":285,\"caption\":\"Shavei Israel\"},\"image\":{\"@id\":\"https:\/\/www.shavei.org\/#\/schema\/logo\/image\/\"}}]}<\/script>\n<!-- \/ Yoast SEO plugin. -->","yoast_head_json":{"title":"Nossa Equipe - Shavei Israel","robots":{"index":"index","follow":"follow","max-snippet":"max-snippet:-1","max-image-preview":"max-image-preview:large","max-video-preview":"max-video-preview:-1"},"canonical":"https:\/\/www.shavei.org\/pt-br\/nossa-equipe\/","og_locale":"pt_BR","og_type":"article","og_title":"Nossa Equipe - Shavei Israel","og_description":"Michael Freund Diretor e fundador da Shavei Israel Possui\u00a0duas colunas fixas no Jerusalem Post, o jornal em Ingl\u00eas mais popular e distribu\u00eddo em Israel. Durante o governo do primeiro-ministro Binyamin Netanyahu, Freund foi Vice-Diretor de Comunica\u00e7\u00e3o e Planejamento de Pol\u00edticas. Nativo de Nova Iorque, possui...","og_url":"https:\/\/www.shavei.org\/pt-br\/nossa-equipe\/","og_site_name":"Shavei Israel","og_image":[{"url":"https:\/\/casadosanussim.shavei.org\/wp-content\/uploads\/2016\/09\/michael.jpg","type":"","width":"","height":""}],"twitter_card":"summary_large_image","twitter_misc":{"Est. tempo de leitura":"7 minutos"},"schema":{"@context":"https:\/\/schema.org","@graph":[{"@type":"WebPage","@id":"https:\/\/www.shavei.org\/pt-br\/nossa-equipe\/","url":"https:\/\/www.shavei.org\/pt-br\/nossa-equipe\/","name":"Nossa Equipe - Shavei Israel","isPartOf":{"@id":"https:\/\/www.shavei.org\/#website"},"primaryImageOfPage":{"@id":"https:\/\/www.shavei.org\/pt-br\/nossa-equipe\/#primaryimage"},"image":{"@id":"https:\/\/www.shavei.org\/pt-br\/nossa-equipe\/#primaryimage"},"thumbnailUrl":"https:\/\/casadosanussim.shavei.org\/wp-content\/uploads\/2016\/09\/michael.jpg","datePublished":"2021-05-27T14:45:01+00:00","breadcrumb":{"@id":"https:\/\/www.shavei.org\/pt-br\/nossa-equipe\/#breadcrumb"},"inLanguage":"pt-BR","potentialAction":[{"@type":"ReadAction","target":["https:\/\/www.shavei.org\/pt-br\/nossa-equipe\/"]}]},{"@type":"ImageObject","inLanguage":"pt-BR","@id":"https:\/\/www.shavei.org\/pt-br\/nossa-equipe\/#primaryimage","url":"https:\/\/casadosanussim.shavei.org\/wp-content\/uploads\/2016\/09\/michael.jpg","contentUrl":"https:\/\/casadosanussim.shavei.org\/wp-content\/uploads\/2016\/09\/michael.jpg"},{"@type":"BreadcrumbList","@id":"https:\/\/www.shavei.org\/pt-br\/nossa-equipe\/#breadcrumb","itemListElement":[{"@type":"ListItem","position":1,"name":"Home","item":"https:\/\/www.shavei.org\/"},{"@type":"ListItem","position":2,"name":"Nossa Equipe"}]},{"@type":"WebSite","@id":"https:\/\/www.shavei.org\/#website","url":"https:\/\/www.shavei.org\/","name":"Shavei Israel","description":"One nation, many faces. We help them all return.","publisher":{"@id":"https:\/\/www.shavei.org\/#organization"},"potentialAction":[{"@type":"SearchAction","target":{"@type":"EntryPoint","urlTemplate":"https:\/\/www.shavei.org\/?s={search_term_string}"},"query-input":{"@type":"PropertyValueSpecification","valueRequired":true,"valueName":"search_term_string"}}],"inLanguage":"pt-BR"},{"@type":"Organization","@id":"https:\/\/www.shavei.org\/#organization","name":"Shavei Israel","url":"https:\/\/www.shavei.org\/","logo":{"@type":"ImageObject","inLanguage":"pt-BR","@id":"https:\/\/www.shavei.org\/#\/schema\/logo\/image\/","url":"https:\/\/www.shavei.org\/wp-content\/uploads\/2017\/10\/shavei-logo.jpg","contentUrl":"https:\/\/www.shavei.org\/wp-content\/uploads\/2017\/10\/shavei-logo.jpg","width":300,"height":285,"caption":"Shavei Israel"},"image":{"@id":"https:\/\/www.shavei.org\/#\/schema\/logo\/image\/"}}]}},"campaignId":"","_links":{"self":[{"href":"https:\/\/www.shavei.org\/pt-br\/wp-json\/wp\/v2\/pages\/138398","targetHints":{"allow":["GET"]}}],"collection":[{"href":"https:\/\/www.shavei.org\/pt-br\/wp-json\/wp\/v2\/pages"}],"about":[{"href":"https:\/\/www.shavei.org\/pt-br\/wp-json\/wp\/v2\/types\/page"}],"author":[{"embeddable":true,"href":"https:\/\/www.shavei.org\/pt-br\/wp-json\/wp\/v2\/users\/31"}],"replies":[{"embeddable":true,"href":"https:\/\/www.shavei.org\/pt-br\/wp-json\/wp\/v2\/comments?post=138398"}],"version-history":[{"count":0,"href":"https:\/\/www.shavei.org\/pt-br\/wp-json\/wp\/v2\/pages\/138398\/revisions"}],"wp:attachment":[{"href":"https:\/\/www.shavei.org\/pt-br\/wp-json\/wp\/v2\/media?parent=138398"}],"curies":[{"name":"wp","href":"https:\/\/api.w.org\/{rel}","templated":true}]}}