{"id":138397,"date":"2021-05-27T16:45:01","date_gmt":"2021-05-27T14:45:01","guid":{"rendered":"https:\/\/www.shavei.org\/nossas-atividades\/"},"modified":"2021-05-27T16:45:01","modified_gmt":"2021-05-27T14:45:01","slug":"nossas-atividades","status":"publish","type":"page","link":"https:\/\/www.shavei.org\/pt-br\/nossas-atividades\/","title":{"rendered":"Nossas Atividades"},"content":{"rendered":"<p style=\"text-align: center;\"><strong>EMISS\u00c1RIOS<\/strong><br \/>\nA Shavei Israel patrocina o envio de rabinos e professores enviando para que trabalhem com as mais diversas comunidades de &#8220;judeus perdidos&#8221;. Atualmente a Shavei Israel possui emiss\u00e1rios em: Espanha, Portugal, Pol\u00f4nia, R\u00fassia e \u00cdndia.<br \/>\n<a href=\"https:\/\/casadosanussim.shavei.org\/quem-somos\/nossos-emissarios\/\"><span style=\"text-decoration: underline;\">Clique aqui e conhe\u00e7a nossos emiss\u00e1rios<\/span><\/a><\/p>\n<p style=\"text-align: center;\"><strong>MACHON MIRIAM<\/strong><br \/>\nA Shavei Israel oferece v\u00e1rias op\u00e7\u00f5es de ensino para aqueles que desejam realizar o processo formal de convers\u00e3o ao juda\u00edsmo, incluindo o Instituto Machon Miriam de convers\u00e3o e retorno, em espanhol, localizado na cidade de Jerusal\u00e9m. Anualmente, dezenas de &#8220;criptojudeus&#8221;, espanh\u00f3is e portugueses, passam pelo Machon Miriam, antes de completar a convers\u00e3o formal nao juda\u00edsmo atrav\u00e9s do Rabinato Chefe de Israel.<br \/>\n<a href=\"https:\/\/casadosanussim.shavei.org\/retorno-e-conversao\/machon-miriam\/\"><span style=\"text-decoration: underline;\">Mais informa\u00e7\u00f5es sobre o Machon Miriam<\/span><\/a><\/p>\n<p style=\"text-align: center;\"><strong>BEIT MIRIAM<\/strong><br \/>\nA Shavei Israel criou um clube cultural e social para a comunidade Bnei Menashe, localizado perto de Jerusal\u00e9m. A Shavei Israel oferece v\u00e1rios cursos no local, tais como computa\u00e7\u00e3o, Ingl\u00eas, hebraico e juda\u00edsmo. Durante as f\u00e9rias escolares o centro oferece acampamento para as crian\u00e7as e durante todo o ano, atividades especiais para adolescentes.<\/p>\n<p style=\"text-align: center;\"><strong>PUBLICA\u00c7\u00d5ES<\/strong><br \/>\nA Shavei Israel publica boletins, revistas e livros em espanhol, polon\u00eas, hebraico, i\u00eddiche, Mizo, Kuki, Ingl\u00eas e Portugu\u00eas.<br \/>\n<a href=\"https:\/\/shop.shavei.org\/es\/categoria-producto\/idiomas\/portugues\"><span style=\"text-decoration: underline;\">Visite nossa livraria virtual<\/span><\/a><\/p>\n<p style=\"text-align: center;\"><strong>SEMIN\u00c1RIOS<\/strong><br \/>\nA Shavei Israel organiza uma s\u00e9rie de semin\u00e1rios locais para ajudar os judeus perdidos que desejem regressar ao juda\u00edsmo. Estes acontecem na Espanha, Portugal, Pol\u00f4nia e \u00cdndia.<\/p>\n<p style=\"text-align: center;\"><strong>COMUNIDADES VIRTUAIS<\/strong><br \/>\nA Shavei Israel criou comunidades virtuais, para que os interessados \u200b\u200bem retornar ao povo judeu possam encontrar materiais educativos, boletins, aulas on-line no YouTube e Facebook, assim como videoconfer\u00eancias com rabinos, acad\u00eamicos e historiadores.<\/p>\n<p style=\"text-align: center;\"><strong>ALI\u00c1<\/strong><br \/>\nA Shavei Israel estende a m\u00e3o para aqueles que desejem\u00a0expressar sua f\u00e9 com o povo judeu atrav\u00e9s da <em>Ali\u00e1 <\/em>para Israel. A Shavei Israel permanece em contato com os novos imigrantes, oferecendo assist\u00eancia espiritual e material, tais como empr\u00e9stimos, ajuda financeira, aconselhamento de carreira e diversas atividades em grupo.<\/p>\n<p style=\"text-align: center;\"><strong>Confira mais sobre as atividades da Shavei Israel para os Bnei Anussim,<span style=\"text-decoration: underline;\"> <a href=\"https:\/\/casadosanussim.shavei.org\/acerca-de\/atividades-2\/\">clicando aqui<\/a>.<\/span><\/strong><\/p>\n<p style=\"text-align: center;\"><strong>Confira mais sobre as atividades da Shavei Israel em outras comunidades,<span style=\"text-decoration: underline;\"> <a href=\"https:\/\/casadosanussim.shavei.org\/category\/bnei-anussim\/retorno-de-outras-comunidades\/\">clicando aqui.<\/a><\/span><\/strong><\/p>\n<p style=\"text-align: left;\">&#8212;<\/p>\n<p style=\"text-align: center;\">\n<p style=\"text-align: center;\"><strong>CONECTE-SE CONOSCO<\/strong><\/p>\n<p style=\"text-align: center;\">Saiba mais sobre a Shavei Israel <span style=\"text-decoration: underline;\"><strong><a href=\"https:\/\/www.shavei.org\/es\/\">atrav\u00e9s do site<\/a><\/strong><\/span> e participe, tamb\u00e9m, de nossas redes sociais:<\/p>\n<p style=\"text-align: center;\"><a href=\"https:\/\/twitter.com\/ShaveiPortugues\"><img decoding=\"async\" class=\"wp-image-27293 alignleft\" src=\"https:\/\/casadosanussim.shavei.org\/wp-content\/uploads\/2016\/07\/unnamed-2-Copy-150x150.png\" alt=\"unnamed (2) - Copy\" width=\"133\" height=\"133\" \/><\/a><a href=\"https:\/\/www.facebook.com\/shaveiisraelportugues\/\" target=\"_blank\" rel=\"noopener\"><img decoding=\"async\" class=\"wp-image-27292 alignleft\" src=\"https:\/\/casadosanussim.shavei.org\/wp-content\/uploads\/2016\/07\/unnamed-1-Copy-150x150.png\" alt=\"unnamed (1) - Copy\" width=\"128\" height=\"128\" \/><\/a><a href=\"https:\/\/www.youtube.com\/user\/ShaveiIsrael#g\/c\/1792625C2FFF3E70\"><img decoding=\"async\" class=\"alignnone wp-image-27294 size-thumbnail alignleft\" src=\"https:\/\/casadosanussim.shavei.org\/wp-content\/uploads\/2016\/07\/yt_1200-vfl4C3T0K-Copy-150x150.png\" alt=\"yt_1200-vfl4C3T0K - Copy\" width=\"150\" height=\"150\" \/><\/a><a href=\"https:\/\/www.flickr.com\/photos\/shaveiisrael\/\"><img decoding=\"async\" class=\"wp-image-27291 alignnone\" src=\"https:\/\/casadosanussim.shavei.org\/wp-content\/uploads\/2016\/07\/download-Copy-150x150.png\" alt=\"download - Copy\" width=\"143\" height=\"143\" \/><\/a><\/p>\n","protected":false},"excerpt":{"rendered":"<p>EMISS\u00c1RIOS A Shavei Israel patrocina o envio de rabinos e professores enviando para que trabalhem com as mais diversas comunidades de &#8220;judeus perdidos&#8221;. Atualmente a Shavei Israel possui emiss\u00e1rios em: Espanha, Portugal, Pol\u00f4nia, R\u00fassia e \u00cdndia. Clique aqui e conhe\u00e7a nossos emiss\u00e1rios MACHON MIRIAM A&#8230;<\/p>\n","protected":false},"author":31,"featured_media":0,"parent":0,"menu_order":0,"comment_status":"open","ping_status":"open","template":"","meta":{"give_campaign_id":0,"_exactmetrics_skip_tracking":false,"_exactmetrics_sitenote_active":false,"_exactmetrics_sitenote_note":"","_exactmetrics_sitenote_category":0,"ngg_post_thumbnail":0,"footnotes":""},"class_list":["post-138397","page","type-page","status-publish","hentry"],"yoast_head":"<!-- This site is optimized with the Yoast SEO plugin v27.1.1 - https:\/\/yoast.com\/product\/yoast-seo-wordpress\/ -->\n<title>Nossas Atividades - Shavei Israel<\/title>\n<meta name=\"robots\" content=\"index, follow, max-snippet:-1, max-image-preview:large, max-video-preview:-1\" \/>\n<link rel=\"canonical\" href=\"https:\/\/www.shavei.org\/pt-br\/nossas-atividades\/\" \/>\n<meta property=\"og:locale\" content=\"pt_BR\" \/>\n<meta property=\"og:type\" content=\"article\" \/>\n<meta property=\"og:title\" content=\"Nossas Atividades - Shavei Israel\" \/>\n<meta property=\"og:description\" content=\"EMISS\u00c1RIOS A Shavei Israel patrocina o envio de rabinos e professores enviando para que trabalhem com as mais diversas comunidades de &#8220;judeus perdidos&#8221;. Atualmente a Shavei Israel possui emiss\u00e1rios em: Espanha, Portugal, Pol\u00f4nia, R\u00fassia e \u00cdndia. Clique aqui e conhe\u00e7a nossos emiss\u00e1rios MACHON MIRIAM A...\" \/>\n<meta property=\"og:url\" content=\"https:\/\/www.shavei.org\/pt-br\/nossas-atividades\/\" \/>\n<meta property=\"og:site_name\" content=\"Shavei Israel\" \/>\n<meta property=\"og:image\" content=\"https:\/\/casadosanussim.shavei.org\/wp-content\/uploads\/2016\/07\/unnamed-2-Copy-150x150.png\" \/>\n<meta name=\"twitter:card\" content=\"summary_large_image\" \/>\n<meta name=\"twitter:label1\" content=\"Est. tempo de leitura\" \/>\n\t<meta name=\"twitter:data1\" content=\"2 minutos\" \/>\n<script type=\"application\/ld+json\" class=\"yoast-schema-graph\">{\"@context\":\"https:\/\/schema.org\",\"@graph\":[{\"@type\":\"WebPage\",\"@id\":\"https:\/\/www.shavei.org\/pt-br\/nossas-atividades\/\",\"url\":\"https:\/\/www.shavei.org\/pt-br\/nossas-atividades\/\",\"name\":\"Nossas Atividades - Shavei Israel\",\"isPartOf\":{\"@id\":\"https:\/\/www.shavei.org\/#website\"},\"primaryImageOfPage\":{\"@id\":\"https:\/\/www.shavei.org\/pt-br\/nossas-atividades\/#primaryimage\"},\"image\":{\"@id\":\"https:\/\/www.shavei.org\/pt-br\/nossas-atividades\/#primaryimage\"},\"thumbnailUrl\":\"https:\/\/casadosanussim.shavei.org\/wp-content\/uploads\/2016\/07\/unnamed-2-Copy-150x150.png\",\"datePublished\":\"2021-05-27T14:45:01+00:00\",\"breadcrumb\":{\"@id\":\"https:\/\/www.shavei.org\/pt-br\/nossas-atividades\/#breadcrumb\"},\"inLanguage\":\"pt-BR\",\"potentialAction\":[{\"@type\":\"ReadAction\",\"target\":[\"https:\/\/www.shavei.org\/pt-br\/nossas-atividades\/\"]}]},{\"@type\":\"ImageObject\",\"inLanguage\":\"pt-BR\",\"@id\":\"https:\/\/www.shavei.org\/pt-br\/nossas-atividades\/#primaryimage\",\"url\":\"https:\/\/casadosanussim.shavei.org\/wp-content\/uploads\/2016\/07\/unnamed-2-Copy-150x150.png\",\"contentUrl\":\"https:\/\/casadosanussim.shavei.org\/wp-content\/uploads\/2016\/07\/unnamed-2-Copy-150x150.png\"},{\"@type\":\"BreadcrumbList\",\"@id\":\"https:\/\/www.shavei.org\/pt-br\/nossas-atividades\/#breadcrumb\",\"itemListElement\":[{\"@type\":\"ListItem\",\"position\":1,\"name\":\"Home\",\"item\":\"https:\/\/www.shavei.org\/\"},{\"@type\":\"ListItem\",\"position\":2,\"name\":\"Nossas Atividades\"}]},{\"@type\":\"WebSite\",\"@id\":\"https:\/\/www.shavei.org\/#website\",\"url\":\"https:\/\/www.shavei.org\/\",\"name\":\"Shavei Israel\",\"description\":\"One nation, many faces. We help them all return.\",\"publisher\":{\"@id\":\"https:\/\/www.shavei.org\/#organization\"},\"potentialAction\":[{\"@type\":\"SearchAction\",\"target\":{\"@type\":\"EntryPoint\",\"urlTemplate\":\"https:\/\/www.shavei.org\/?s={search_term_string}\"},\"query-input\":{\"@type\":\"PropertyValueSpecification\",\"valueRequired\":true,\"valueName\":\"search_term_string\"}}],\"inLanguage\":\"pt-BR\"},{\"@type\":\"Organization\",\"@id\":\"https:\/\/www.shavei.org\/#organization\",\"name\":\"Shavei Israel\",\"url\":\"https:\/\/www.shavei.org\/\",\"logo\":{\"@type\":\"ImageObject\",\"inLanguage\":\"pt-BR\",\"@id\":\"https:\/\/www.shavei.org\/#\/schema\/logo\/image\/\",\"url\":\"https:\/\/www.shavei.org\/wp-content\/uploads\/2017\/10\/shavei-logo.jpg\",\"contentUrl\":\"https:\/\/www.shavei.org\/wp-content\/uploads\/2017\/10\/shavei-logo.jpg\",\"width\":300,\"height\":285,\"caption\":\"Shavei Israel\"},\"image\":{\"@id\":\"https:\/\/www.shavei.org\/#\/schema\/logo\/image\/\"}}]}<\/script>\n<!-- \/ Yoast SEO plugin. -->","yoast_head_json":{"title":"Nossas Atividades - Shavei Israel","robots":{"index":"index","follow":"follow","max-snippet":"max-snippet:-1","max-image-preview":"max-image-preview:large","max-video-preview":"max-video-preview:-1"},"canonical":"https:\/\/www.shavei.org\/pt-br\/nossas-atividades\/","og_locale":"pt_BR","og_type":"article","og_title":"Nossas Atividades - Shavei Israel","og_description":"EMISS\u00c1RIOS A Shavei Israel patrocina o envio de rabinos e professores enviando para que trabalhem com as mais diversas comunidades de &#8220;judeus perdidos&#8221;. Atualmente a Shavei Israel possui emiss\u00e1rios em: Espanha, Portugal, Pol\u00f4nia, R\u00fassia e \u00cdndia. Clique aqui e conhe\u00e7a nossos emiss\u00e1rios MACHON MIRIAM A...","og_url":"https:\/\/www.shavei.org\/pt-br\/nossas-atividades\/","og_site_name":"Shavei Israel","og_image":[{"url":"https:\/\/casadosanussim.shavei.org\/wp-content\/uploads\/2016\/07\/unnamed-2-Copy-150x150.png","type":"","width":"","height":""}],"twitter_card":"summary_large_image","twitter_misc":{"Est. tempo de leitura":"2 minutos"},"schema":{"@context":"https:\/\/schema.org","@graph":[{"@type":"WebPage","@id":"https:\/\/www.shavei.org\/pt-br\/nossas-atividades\/","url":"https:\/\/www.shavei.org\/pt-br\/nossas-atividades\/","name":"Nossas Atividades - Shavei Israel","isPartOf":{"@id":"https:\/\/www.shavei.org\/#website"},"primaryImageOfPage":{"@id":"https:\/\/www.shavei.org\/pt-br\/nossas-atividades\/#primaryimage"},"image":{"@id":"https:\/\/www.shavei.org\/pt-br\/nossas-atividades\/#primaryimage"},"thumbnailUrl":"https:\/\/casadosanussim.shavei.org\/wp-content\/uploads\/2016\/07\/unnamed-2-Copy-150x150.png","datePublished":"2021-05-27T14:45:01+00:00","breadcrumb":{"@id":"https:\/\/www.shavei.org\/pt-br\/nossas-atividades\/#breadcrumb"},"inLanguage":"pt-BR","potentialAction":[{"@type":"ReadAction","target":["https:\/\/www.shavei.org\/pt-br\/nossas-atividades\/"]}]},{"@type":"ImageObject","inLanguage":"pt-BR","@id":"https:\/\/www.shavei.org\/pt-br\/nossas-atividades\/#primaryimage","url":"https:\/\/casadosanussim.shavei.org\/wp-content\/uploads\/2016\/07\/unnamed-2-Copy-150x150.png","contentUrl":"https:\/\/casadosanussim.shavei.org\/wp-content\/uploads\/2016\/07\/unnamed-2-Copy-150x150.png"},{"@type":"BreadcrumbList","@id":"https:\/\/www.shavei.org\/pt-br\/nossas-atividades\/#breadcrumb","itemListElement":[{"@type":"ListItem","position":1,"name":"Home","item":"https:\/\/www.shavei.org\/"},{"@type":"ListItem","position":2,"name":"Nossas Atividades"}]},{"@type":"WebSite","@id":"https:\/\/www.shavei.org\/#website","url":"https:\/\/www.shavei.org\/","name":"Shavei Israel","description":"One nation, many faces. We help them all return.","publisher":{"@id":"https:\/\/www.shavei.org\/#organization"},"potentialAction":[{"@type":"SearchAction","target":{"@type":"EntryPoint","urlTemplate":"https:\/\/www.shavei.org\/?s={search_term_string}"},"query-input":{"@type":"PropertyValueSpecification","valueRequired":true,"valueName":"search_term_string"}}],"inLanguage":"pt-BR"},{"@type":"Organization","@id":"https:\/\/www.shavei.org\/#organization","name":"Shavei Israel","url":"https:\/\/www.shavei.org\/","logo":{"@type":"ImageObject","inLanguage":"pt-BR","@id":"https:\/\/www.shavei.org\/#\/schema\/logo\/image\/","url":"https:\/\/www.shavei.org\/wp-content\/uploads\/2017\/10\/shavei-logo.jpg","contentUrl":"https:\/\/www.shavei.org\/wp-content\/uploads\/2017\/10\/shavei-logo.jpg","width":300,"height":285,"caption":"Shavei Israel"},"image":{"@id":"https:\/\/www.shavei.org\/#\/schema\/logo\/image\/"}}]}},"campaignId":"","_links":{"self":[{"href":"https:\/\/www.shavei.org\/pt-br\/wp-json\/wp\/v2\/pages\/138397","targetHints":{"allow":["GET"]}}],"collection":[{"href":"https:\/\/www.shavei.org\/pt-br\/wp-json\/wp\/v2\/pages"}],"about":[{"href":"https:\/\/www.shavei.org\/pt-br\/wp-json\/wp\/v2\/types\/page"}],"author":[{"embeddable":true,"href":"https:\/\/www.shavei.org\/pt-br\/wp-json\/wp\/v2\/users\/31"}],"replies":[{"embeddable":true,"href":"https:\/\/www.shavei.org\/pt-br\/wp-json\/wp\/v2\/comments?post=138397"}],"version-history":[{"count":0,"href":"https:\/\/www.shavei.org\/pt-br\/wp-json\/wp\/v2\/pages\/138397\/revisions"}],"wp:attachment":[{"href":"https:\/\/www.shavei.org\/pt-br\/wp-json\/wp\/v2\/media?parent=138397"}],"curies":[{"name":"wp","href":"https:\/\/api.w.org\/{rel}","templated":true}]}}