{"id":138395,"date":"2021-05-27T16:45:01","date_gmt":"2021-05-27T14:45:01","guid":{"rendered":"https:\/\/www.shavei.org\/ajudem-nos\/"},"modified":"2021-05-27T16:45:01","modified_gmt":"2021-05-27T14:45:01","slug":"ajudem-nos","status":"publish","type":"page","link":"https:\/\/www.shavei.org\/pt-br\/ajudem-nos\/","title":{"rendered":"Ajudem-nos"},"content":{"rendered":"<p><strong>Como voc\u00ea pode ajudar<\/strong><\/p>\n<p>A Shavei Israel auxilia\u00a0os judeus\u00a0&#8220;perdidos&#8221; e &#8220;escondidos&#8221; ao redor\u00a0do mundo. Desde a Pol\u00f4nia ao\u00a0Peru, de Barcelona ao Brasil, a Shavei Israel tem como objetivo ajudar os\u00a0descendentes de judeus a se reconectarem com o Povo\u00a0e o Estado de Israel.<\/p>\n<p>Precisamos de sua ajuda para continuar com esta nossa miss\u00e3o. Voc\u00ea pode fazer uma grande diferen\u00e7a doando para nossa institui\u00e7\u00e3o.<\/p>\n<form action=\"https:\/\/www.paypal.com\/cgi-bin\/webscr\" method=\"post\" target=\"_top\">\n<input type=\"hidden\" name=\"cmd\" value=\"_s-xclick\"><br \/>\n<input type=\"hidden\" name=\"hosted_button_id\" value=\"UWQR7CNSPPJBU\"><br \/>\n<input type=\"image\" src=\"https:\/\/www.paypalobjects.com\/pt_BR\/BR\/i\/btn\/btn_donateCC_LG.gif\" border=\"0\" name=\"submit\" alt=\"PayPal - A maneira f\u00e1cil e segura de enviar pagamentos online!\"><br \/>\n<img decoding=\"async\" alt=\"\" border=\"0\" src=\"https:\/\/www.paypalobjects.com\/en_US\/i\/scr\/pixel.gif\" width=\"1\" height=\"1\"><br \/>\n<\/form>\n<div><strong>Para doar por transfer\u00eancia banc\u00e1ria ou enviar uma doa\u00e7\u00e3o pelo correio, entre em contato conosco atrav\u00e9s do e-mail<em> <a href=\"mailto:spanish@shavei.org\" target=\"_blank\" rel=\"noopener\">spanish@shavei.org<\/a><\/em>.<\/strong><\/div>\n","protected":false},"excerpt":{"rendered":"<p>Como voc\u00ea pode ajudar A Shavei Israel auxilia\u00a0os judeus\u00a0&#8220;perdidos&#8221; e &#8220;escondidos&#8221; ao redor\u00a0do mundo. Desde a Pol\u00f4nia ao\u00a0Peru, de Barcelona ao Brasil, a Shavei Israel tem como objetivo ajudar os\u00a0descendentes de judeus a se reconectarem com o Povo\u00a0e o Estado de Israel. Precisamos de sua&#8230;<\/p>\n","protected":false},"author":31,"featured_media":0,"parent":0,"menu_order":0,"comment_status":"open","ping_status":"open","template":"","meta":{"give_campaign_id":0,"_exactmetrics_skip_tracking":false,"_exactmetrics_sitenote_active":false,"_exactmetrics_sitenote_note":"","_exactmetrics_sitenote_category":0,"ngg_post_thumbnail":0,"footnotes":""},"class_list":["post-138395","page","type-page","status-publish","hentry"],"yoast_head":"<!-- This site is optimized with the Yoast SEO plugin v27.1.1 - https:\/\/yoast.com\/product\/yoast-seo-wordpress\/ -->\n<title>Ajudem-nos - Shavei Israel<\/title>\n<meta name=\"robots\" content=\"index, follow, max-snippet:-1, max-image-preview:large, max-video-preview:-1\" \/>\n<link rel=\"canonical\" href=\"https:\/\/www.shavei.org\/pt-br\/ajudem-nos\/\" \/>\n<meta property=\"og:locale\" content=\"pt_BR\" \/>\n<meta property=\"og:type\" content=\"article\" \/>\n<meta property=\"og:title\" content=\"Ajudem-nos - Shavei Israel\" \/>\n<meta property=\"og:description\" content=\"Como voc\u00ea pode ajudar A Shavei Israel auxilia\u00a0os judeus\u00a0&#8220;perdidos&#8221; e &#8220;escondidos&#8221; ao redor\u00a0do mundo. Desde a Pol\u00f4nia ao\u00a0Peru, de Barcelona ao Brasil, a Shavei Israel tem como objetivo ajudar os\u00a0descendentes de judeus a se reconectarem com o Povo\u00a0e o Estado de Israel. Precisamos de sua...\" \/>\n<meta property=\"og:url\" content=\"https:\/\/www.shavei.org\/pt-br\/ajudem-nos\/\" \/>\n<meta property=\"og:site_name\" content=\"Shavei Israel\" \/>\n<meta property=\"og:image\" content=\"https:\/\/www.paypalobjects.com\/en_US\/i\/scr\/pixel.gif\" \/>\n<meta name=\"twitter:card\" content=\"summary_large_image\" \/>\n<script type=\"application\/ld+json\" class=\"yoast-schema-graph\">{\"@context\":\"https:\/\/schema.org\",\"@graph\":[{\"@type\":\"WebPage\",\"@id\":\"https:\/\/www.shavei.org\/pt-br\/ajudem-nos\/\",\"url\":\"https:\/\/www.shavei.org\/pt-br\/ajudem-nos\/\",\"name\":\"Ajudem-nos - Shavei Israel\",\"isPartOf\":{\"@id\":\"https:\/\/www.shavei.org\/#website\"},\"primaryImageOfPage\":{\"@id\":\"https:\/\/www.shavei.org\/pt-br\/ajudem-nos\/#primaryimage\"},\"image\":{\"@id\":\"https:\/\/www.shavei.org\/pt-br\/ajudem-nos\/#primaryimage\"},\"thumbnailUrl\":\"https:\/\/www.paypalobjects.com\/en_US\/i\/scr\/pixel.gif\",\"datePublished\":\"2021-05-27T14:45:01+00:00\",\"breadcrumb\":{\"@id\":\"https:\/\/www.shavei.org\/pt-br\/ajudem-nos\/#breadcrumb\"},\"inLanguage\":\"pt-BR\",\"potentialAction\":[{\"@type\":\"ReadAction\",\"target\":[\"https:\/\/www.shavei.org\/pt-br\/ajudem-nos\/\"]}]},{\"@type\":\"ImageObject\",\"inLanguage\":\"pt-BR\",\"@id\":\"https:\/\/www.shavei.org\/pt-br\/ajudem-nos\/#primaryimage\",\"url\":\"https:\/\/www.paypalobjects.com\/en_US\/i\/scr\/pixel.gif\",\"contentUrl\":\"https:\/\/www.paypalobjects.com\/en_US\/i\/scr\/pixel.gif\"},{\"@type\":\"BreadcrumbList\",\"@id\":\"https:\/\/www.shavei.org\/pt-br\/ajudem-nos\/#breadcrumb\",\"itemListElement\":[{\"@type\":\"ListItem\",\"position\":1,\"name\":\"Home\",\"item\":\"https:\/\/www.shavei.org\/\"},{\"@type\":\"ListItem\",\"position\":2,\"name\":\"Ajudem-nos\"}]},{\"@type\":\"WebSite\",\"@id\":\"https:\/\/www.shavei.org\/#website\",\"url\":\"https:\/\/www.shavei.org\/\",\"name\":\"Shavei Israel\",\"description\":\"One nation, many faces. We help them all return.\",\"publisher\":{\"@id\":\"https:\/\/www.shavei.org\/#organization\"},\"potentialAction\":[{\"@type\":\"SearchAction\",\"target\":{\"@type\":\"EntryPoint\",\"urlTemplate\":\"https:\/\/www.shavei.org\/?s={search_term_string}\"},\"query-input\":{\"@type\":\"PropertyValueSpecification\",\"valueRequired\":true,\"valueName\":\"search_term_string\"}}],\"inLanguage\":\"pt-BR\"},{\"@type\":\"Organization\",\"@id\":\"https:\/\/www.shavei.org\/#organization\",\"name\":\"Shavei Israel\",\"url\":\"https:\/\/www.shavei.org\/\",\"logo\":{\"@type\":\"ImageObject\",\"inLanguage\":\"pt-BR\",\"@id\":\"https:\/\/www.shavei.org\/#\/schema\/logo\/image\/\",\"url\":\"https:\/\/www.shavei.org\/wp-content\/uploads\/2017\/10\/shavei-logo.jpg\",\"contentUrl\":\"https:\/\/www.shavei.org\/wp-content\/uploads\/2017\/10\/shavei-logo.jpg\",\"width\":300,\"height\":285,\"caption\":\"Shavei Israel\"},\"image\":{\"@id\":\"https:\/\/www.shavei.org\/#\/schema\/logo\/image\/\"}}]}<\/script>\n<!-- \/ Yoast SEO plugin. -->","yoast_head_json":{"title":"Ajudem-nos - Shavei Israel","robots":{"index":"index","follow":"follow","max-snippet":"max-snippet:-1","max-image-preview":"max-image-preview:large","max-video-preview":"max-video-preview:-1"},"canonical":"https:\/\/www.shavei.org\/pt-br\/ajudem-nos\/","og_locale":"pt_BR","og_type":"article","og_title":"Ajudem-nos - Shavei Israel","og_description":"Como voc\u00ea pode ajudar A Shavei Israel auxilia\u00a0os judeus\u00a0&#8220;perdidos&#8221; e &#8220;escondidos&#8221; ao redor\u00a0do mundo. Desde a Pol\u00f4nia ao\u00a0Peru, de Barcelona ao Brasil, a Shavei Israel tem como objetivo ajudar os\u00a0descendentes de judeus a se reconectarem com o Povo\u00a0e o Estado de Israel. Precisamos de sua...","og_url":"https:\/\/www.shavei.org\/pt-br\/ajudem-nos\/","og_site_name":"Shavei Israel","og_image":[{"url":"https:\/\/www.paypalobjects.com\/en_US\/i\/scr\/pixel.gif","type":"","width":"","height":""}],"twitter_card":"summary_large_image","schema":{"@context":"https:\/\/schema.org","@graph":[{"@type":"WebPage","@id":"https:\/\/www.shavei.org\/pt-br\/ajudem-nos\/","url":"https:\/\/www.shavei.org\/pt-br\/ajudem-nos\/","name":"Ajudem-nos - Shavei Israel","isPartOf":{"@id":"https:\/\/www.shavei.org\/#website"},"primaryImageOfPage":{"@id":"https:\/\/www.shavei.org\/pt-br\/ajudem-nos\/#primaryimage"},"image":{"@id":"https:\/\/www.shavei.org\/pt-br\/ajudem-nos\/#primaryimage"},"thumbnailUrl":"https:\/\/www.paypalobjects.com\/en_US\/i\/scr\/pixel.gif","datePublished":"2021-05-27T14:45:01+00:00","breadcrumb":{"@id":"https:\/\/www.shavei.org\/pt-br\/ajudem-nos\/#breadcrumb"},"inLanguage":"pt-BR","potentialAction":[{"@type":"ReadAction","target":["https:\/\/www.shavei.org\/pt-br\/ajudem-nos\/"]}]},{"@type":"ImageObject","inLanguage":"pt-BR","@id":"https:\/\/www.shavei.org\/pt-br\/ajudem-nos\/#primaryimage","url":"https:\/\/www.paypalobjects.com\/en_US\/i\/scr\/pixel.gif","contentUrl":"https:\/\/www.paypalobjects.com\/en_US\/i\/scr\/pixel.gif"},{"@type":"BreadcrumbList","@id":"https:\/\/www.shavei.org\/pt-br\/ajudem-nos\/#breadcrumb","itemListElement":[{"@type":"ListItem","position":1,"name":"Home","item":"https:\/\/www.shavei.org\/"},{"@type":"ListItem","position":2,"name":"Ajudem-nos"}]},{"@type":"WebSite","@id":"https:\/\/www.shavei.org\/#website","url":"https:\/\/www.shavei.org\/","name":"Shavei Israel","description":"One nation, many faces. We help them all return.","publisher":{"@id":"https:\/\/www.shavei.org\/#organization"},"potentialAction":[{"@type":"SearchAction","target":{"@type":"EntryPoint","urlTemplate":"https:\/\/www.shavei.org\/?s={search_term_string}"},"query-input":{"@type":"PropertyValueSpecification","valueRequired":true,"valueName":"search_term_string"}}],"inLanguage":"pt-BR"},{"@type":"Organization","@id":"https:\/\/www.shavei.org\/#organization","name":"Shavei Israel","url":"https:\/\/www.shavei.org\/","logo":{"@type":"ImageObject","inLanguage":"pt-BR","@id":"https:\/\/www.shavei.org\/#\/schema\/logo\/image\/","url":"https:\/\/www.shavei.org\/wp-content\/uploads\/2017\/10\/shavei-logo.jpg","contentUrl":"https:\/\/www.shavei.org\/wp-content\/uploads\/2017\/10\/shavei-logo.jpg","width":300,"height":285,"caption":"Shavei Israel"},"image":{"@id":"https:\/\/www.shavei.org\/#\/schema\/logo\/image\/"}}]}},"campaignId":"","_links":{"self":[{"href":"https:\/\/www.shavei.org\/pt-br\/wp-json\/wp\/v2\/pages\/138395","targetHints":{"allow":["GET"]}}],"collection":[{"href":"https:\/\/www.shavei.org\/pt-br\/wp-json\/wp\/v2\/pages"}],"about":[{"href":"https:\/\/www.shavei.org\/pt-br\/wp-json\/wp\/v2\/types\/page"}],"author":[{"embeddable":true,"href":"https:\/\/www.shavei.org\/pt-br\/wp-json\/wp\/v2\/users\/31"}],"replies":[{"embeddable":true,"href":"https:\/\/www.shavei.org\/pt-br\/wp-json\/wp\/v2\/comments?post=138395"}],"version-history":[{"count":0,"href":"https:\/\/www.shavei.org\/pt-br\/wp-json\/wp\/v2\/pages\/138395\/revisions"}],"wp:attachment":[{"href":"https:\/\/www.shavei.org\/pt-br\/wp-json\/wp\/v2\/media?parent=138395"}],"curies":[{"name":"wp","href":"https:\/\/api.w.org\/{rel}","templated":true}]}}