{"id":138394,"date":"2021-05-27T16:45:01","date_gmt":"2021-05-27T14:45:01","guid":{"rendered":"https:\/\/www.shavei.org\/quem-somos\/"},"modified":"2021-05-27T16:45:01","modified_gmt":"2021-05-27T14:45:01","slug":"quem-somos","status":"publish","type":"page","link":"https:\/\/www.shavei.org\/pt-br\/quem-somos\/","title":{"rendered":"Quem Somos"},"content":{"rendered":"<p style=\"text-align: center;\"><img decoding=\"async\" class=\"alignnone wp-image-27286\" src=\"https:\/\/casadosanussim.shavei.org\/wp-content\/uploads\/2016\/07\/photo-300x300.jpg\" alt=\"photo\" width=\"184\" height=\"184\" \/><\/p>\n<p style=\"text-align: center;\"><strong>A Shavei Israel Abre as Portas<\/strong><\/p>\n<p style=\"text-align: center;\">a toda e qualquer pessoa que tenha decidido que o\u00a0juda\u00edsmo e retornar ao povo judeu s\u00e3o dois conceitos centrais em\u00a0seu destino e identidade. Apoiamos\u00a0os judeus &#8220;perdidos&#8221; e &#8220;escondidos&#8221; que se encontram\u00a0ao redor do mundo. Da Pol\u00f4nia ao\u00a0Peru, e de Barcelona ao Brasil, a <em>Shavei Israel<\/em> tem como objetivo ajudar os\u00a0descendentes do povo\u00a0judeu a se reconectar com o juda\u00edsmo e\u00a0o Estado de Israel.<\/p>\n<p style=\"text-align: center;\">A Shavei Israel foi fundada h\u00e1 10 anos por Michael Freund. Foi em\u00a0um dia quando Freund atuava\u00a0como Diretor de Comunica\u00e7\u00f5es do, ent\u00e3o, vice-primeiro-ministro do Estado de Israel Benjamin Netanyahu (atual primeiro-ministro), em 1997, que uma carta chegou pelo correio. Era de um grupo do nordeste da \u00cdndia, que se autodenominava, Bnei Menashe.<\/p>\n<p style=\"text-align: center;\">Na carta, afirmavam ser descendentes da tribo de Menashe, uma das 10 tribos perdidas de Israel, e estavam tentando voltar a Terra Prometida. Esta carta fez com que Freund empreendesse\u00a0uma miss\u00e3o que visava descobrir tudo o poss\u00edvel sobre as tribos perdidas de Israel. Durante esta miss\u00e3o, descobriu que ao redor de todo o\u00a0mundo, existem &#8220;judeus perdidos&#8221; que sonham em\u00a0retornar \u00e0s suas ra\u00edzes judaicas.<\/p>\n<p style=\"text-align: center;\"><span style=\"text-decoration: underline;\">H\u00e1 muito trabalho a ser feito<\/span>. Por favor, seja nosso parceiro nesta extraordin\u00e1ria miss\u00e3o.<\/p>\n<p style=\"text-align: center;\"><img decoding=\"async\" class=\"alignnone wp-image-27281\" src=\"https:\/\/casadosanussim.shavei.org\/wp-content\/uploads\/2016\/07\/Capture555-300x289.jpg\" alt=\"Capture555\" width=\"177\" height=\"171\" \/><\/p>\n<p style=\"text-align: center;\">Shavei Israel est\u00e1\u00a0ativa em mais de nove pa\u00edses e trabalha para reconectar diferentes comunidades com suas\u00a0heran\u00e7a judaica. Estas comunidades est\u00e3o dispersas entre:<\/p>\n<ul>\n<li style=\"text-align: left;\"><strong>ESPANHA, PORTUGAL E AM\u00c9RICA LATINA:<\/strong>\u00a0Bnei Anussim (ou marranos) cujos antepassados\u00a0foram obrigados a converter-se durante a\u00a0Inquisi\u00e7\u00e3o espanhola, h\u00e1 500 anos.<\/li>\n<li style=\"text-align: left;\"><strong>\u00cdNDIA:<\/strong>\u00a0Os descendentes de uma das\u00a0dez tribos perdidas de Israel,\u00a0os Bnei Menash\u00e9.<\/li>\n<li style=\"text-align: left;\"><strong>POL\u00d4NIA:<\/strong>\u00a0Os judeus escondidos desde a \u00e9poca\u00a0da Sho\u00e1 (holocausto).<\/li>\n<li style=\"text-align: left;\"><strong>R\u00daSSIA:<\/strong>\u00a0Judeus Subotniks cujos antepassados\u00a0adotaram o juda\u00edsmo h\u00e1 dois s\u00e9culos atr\u00e1s.<\/li>\n<li style=\"text-align: left;\"><strong>CHINA:<\/strong> Os judeus de Kaifeng.<\/li>\n<li style=\"text-align: left;\"><strong>BRASIL:<\/strong> Os judeus da Amaz\u00f4nia.<\/li>\n<li style=\"text-align: left;\"><strong>PERU:<\/strong> Os judeus Inca.<\/li>\n<li style=\"text-align: left;\"><strong>IT\u00c1LIA:<\/strong>\u00a0Os judeus de San Nicandro e os Bnei Anussim\u00a0da Sic\u00edlia e do sul da It\u00e1lia.<\/li>\n<\/ul>\n<p>&nbsp;<\/p>\n<p><img decoding=\"async\" class=\"size-full wp-image-27287 aligncenter\" src=\"https:\/\/casadosanussim.shavei.org\/wp-content\/uploads\/2016\/07\/download.jpg\" alt=\"download\" width=\"160\" height=\"160\" \/><\/p>\n<p>&nbsp;<\/p>\n<p style=\"text-align: center;\"><strong>Desde a sua cria\u00e7\u00e3o, a Shavei Israel&#8230;<\/strong><\/p>\n<p style=\"text-align: left;\">&#8230; tem ajudado a mais de 2.000 Bnei Anussim da Espanha e de Portugal e 1.000 judeus escondidos da Pol\u00f4nia, a se reconectarem com suas heran\u00e7as judaicas.<\/p>\n<p style=\"text-align: left;\">&#8230; trouxe mais de 3.000 Bnei Menashe (filhos de Menash\u00e9) a Israel. No entanto, existem outros 7.200 Bnei Menashe esperando pelo\u00a0seu caminho de volta, da \u00cdndia\u00a0\u00e0 Terra Prometida.<\/p>\n<p style=\"text-align: left;\">&#8230; continua a ajudar os &#8220;judeus perdidos&#8221; a recuperar suas heran\u00e7as e identidades, atrav\u00e9s de um\u00a0esp\u00edrito de toler\u00e2ncia e compreens\u00e3o.<\/p>\n<p style=\"text-align: left;\">&#8230; n\u00e3o se ocupa de\u00a0proselitismo ou promover atividades mission\u00e1rias, mas sim, responde a express\u00f5es individuais\u00a0de desejo em\u00a0retornar ao juda\u00edsmo.<\/p>\n<p style=\"text-align: left;\">&#8212;<\/p>\n<p style=\"text-align: left;\"><img decoding=\"async\" class=\" wp-image-27288 aligncenter\" src=\"https:\/\/casadosanussim.shavei.org\/wp-content\/uploads\/2016\/07\/images.jpg\" alt=\"images\" width=\"213\" height=\"135\" \/><\/p>\n<p style=\"text-align: center;\"><strong>Acreditamos que o povo judeu \u00e9 uma fam\u00edlia cujos la\u00e7os nunca\u00a0desaparecem completamente. Nossa miss\u00e3o \u00e9 fortalecer a estes la\u00e7os, onde quer que tenham sido enfraquecidos, seja por raz\u00f5es hist\u00f3ricas, geogr\u00e1ficas ou sociais.<\/strong><\/p>\n<p style=\"text-align: left;\">&#8212;<\/p>\n<p style=\"text-align: center;\"><a href=\"https:\/\/eepurl.com\/bFH3XD\"><img decoding=\"async\" class=\"wp-image-27289 aligncenter\" src=\"https:\/\/casadosanussim.shavei.org\/wp-content\/uploads\/2016\/07\/Newsletter-logo-300x276.jpg\" alt=\"Newsletter-logo\" width=\"219\" height=\"201\" \/><\/a><\/p>\n<p style=\"text-align: center;\"><strong>CADASTRE-SE PARA RECEBER NOSSO BOLETIM INFORMATIVO SEMANAL<\/strong><\/p>\n<p style=\"text-align: center;\">e\u00a0receba\u00a0informa\u00e7\u00f5es sobre juda\u00edsmo e atividades da Shavei Israel.<br \/>\nRespeitamos sua privacidade e n\u00e3o toleramos &#8220;<em>spam&#8217;s<\/em>&#8220;.<\/p>\n<p style=\"text-align: center;\"><span style=\"text-decoration: underline;\"><strong><a href=\"https:\/\/eepurl.com\/bFH3XD\">CLIQUE AQUI PARA CADASTRAR-SE!<\/a><\/strong><\/span><\/p>\n<p style=\"text-align: left;\">&#8212;<\/p>\n<p style=\"text-align: center;\"><img decoding=\"async\" class=\"alignnone wp-image-27290\" src=\"https:\/\/casadosanussim.shavei.org\/wp-content\/uploads\/2016\/07\/images.png\" alt=\"images\" width=\"151\" height=\"159\" \/><\/p>\n<p style=\"text-align: center;\"><strong>CONECTE-SE CONOSCO<\/strong><\/p>\n<p style=\"text-align: center;\">Saiba mais sobre a Shavei Israel <span style=\"text-decoration: underline;\"><strong><a href=\"https:\/\/www.shavei.org\/es\/\">atrav\u00e9s do site<\/a><\/strong><\/span> e participe, tamb\u00e9m, de nossas redes sociais:<\/p>\n<p style=\"text-align: center;\"><a href=\"https:\/\/twitter.com\/ShaveiPortugues\"><img decoding=\"async\" class=\"wp-image-27293  alignleft\" src=\"https:\/\/casadosanussim.shavei.org\/wp-content\/uploads\/2016\/07\/unnamed-2-Copy-150x150.png\" alt=\"unnamed (2) - Copy\" width=\"133\" height=\"133\" \/><\/a><a href=\"https:\/\/www.facebook.com\/shaveiisraelportugues\/\" target=\"_blank\" rel=\"noopener\"><img decoding=\"async\" class=\"wp-image-27292  alignleft\" src=\"https:\/\/casadosanussim.shavei.org\/wp-content\/uploads\/2016\/07\/unnamed-1-Copy-150x150.png\" alt=\"unnamed (1) - Copy\" width=\"128\" height=\"128\" \/><\/a><a href=\"https:\/\/www.youtube.com\/user\/ShaveiIsrael#g\/c\/1792625C2FFF3E70\"><img decoding=\"async\" class=\"alignnone wp-image-27294 size-thumbnail alignleft\" src=\"https:\/\/casadosanussim.shavei.org\/wp-content\/uploads\/2016\/07\/yt_1200-vfl4C3T0K-Copy-150x150.png\" alt=\"yt_1200-vfl4C3T0K - Copy\" width=\"150\" height=\"150\" \/><\/a><a href=\"https:\/\/www.flickr.com\/photos\/shaveiisrael\/\"><img decoding=\"async\" class=\"wp-image-27291  alignnone\" src=\"https:\/\/casadosanussim.shavei.org\/wp-content\/uploads\/2016\/07\/download-Copy-150x150.png\" alt=\"download - Copy\" width=\"143\" height=\"143\" \/><\/a><\/p>\n","protected":false},"excerpt":{"rendered":"<p>A Shavei Israel Abre as Portas a toda e qualquer pessoa que tenha decidido que o\u00a0juda\u00edsmo e retornar ao povo judeu s\u00e3o dois conceitos centrais em\u00a0seu destino e identidade. Apoiamos\u00a0os judeus &#8220;perdidos&#8221; e &#8220;escondidos&#8221; que se encontram\u00a0ao redor do mundo. Da Pol\u00f4nia ao\u00a0Peru, e de&#8230;<\/p>\n","protected":false},"author":31,"featured_media":0,"parent":0,"menu_order":0,"comment_status":"open","ping_status":"open","template":"","meta":{"give_campaign_id":0,"_exactmetrics_skip_tracking":false,"_exactmetrics_sitenote_active":false,"_exactmetrics_sitenote_note":"","_exactmetrics_sitenote_category":0,"ngg_post_thumbnail":0,"footnotes":""},"class_list":["post-138394","page","type-page","status-publish","hentry"],"yoast_head":"<!-- This site is optimized with the Yoast SEO plugin v27.1.1 - https:\/\/yoast.com\/product\/yoast-seo-wordpress\/ -->\n<title>Quem Somos - Shavei Israel<\/title>\n<meta name=\"robots\" content=\"index, follow, max-snippet:-1, max-image-preview:large, max-video-preview:-1\" \/>\n<link rel=\"canonical\" href=\"https:\/\/www.shavei.org\/pt-br\/quem-somos\/\" \/>\n<meta property=\"og:locale\" content=\"pt_BR\" \/>\n<meta property=\"og:type\" content=\"article\" \/>\n<meta property=\"og:title\" content=\"Quem Somos - Shavei Israel\" \/>\n<meta property=\"og:description\" content=\"A Shavei Israel Abre as Portas a toda e qualquer pessoa que tenha decidido que o\u00a0juda\u00edsmo e retornar ao povo judeu s\u00e3o dois conceitos centrais em\u00a0seu destino e identidade. Apoiamos\u00a0os judeus &#8220;perdidos&#8221; e &#8220;escondidos&#8221; que se encontram\u00a0ao redor do mundo. Da Pol\u00f4nia ao\u00a0Peru, e de...\" \/>\n<meta property=\"og:url\" content=\"https:\/\/www.shavei.org\/pt-br\/quem-somos\/\" \/>\n<meta property=\"og:site_name\" content=\"Shavei Israel\" \/>\n<meta property=\"og:image\" content=\"https:\/\/casadosanussim.shavei.org\/wp-content\/uploads\/2016\/07\/photo-300x300.jpg\" \/>\n<meta name=\"twitter:card\" content=\"summary_large_image\" \/>\n<meta name=\"twitter:label1\" content=\"Est. tempo de leitura\" \/>\n\t<meta name=\"twitter:data1\" content=\"3 minutos\" \/>\n<script type=\"application\/ld+json\" class=\"yoast-schema-graph\">{\"@context\":\"https:\/\/schema.org\",\"@graph\":[{\"@type\":\"WebPage\",\"@id\":\"https:\/\/www.shavei.org\/pt-br\/quem-somos\/\",\"url\":\"https:\/\/www.shavei.org\/pt-br\/quem-somos\/\",\"name\":\"Quem Somos - Shavei Israel\",\"isPartOf\":{\"@id\":\"https:\/\/www.shavei.org\/#website\"},\"primaryImageOfPage\":{\"@id\":\"https:\/\/www.shavei.org\/pt-br\/quem-somos\/#primaryimage\"},\"image\":{\"@id\":\"https:\/\/www.shavei.org\/pt-br\/quem-somos\/#primaryimage\"},\"thumbnailUrl\":\"https:\/\/casadosanussim.shavei.org\/wp-content\/uploads\/2016\/07\/photo-300x300.jpg\",\"datePublished\":\"2021-05-27T14:45:01+00:00\",\"breadcrumb\":{\"@id\":\"https:\/\/www.shavei.org\/pt-br\/quem-somos\/#breadcrumb\"},\"inLanguage\":\"pt-BR\",\"potentialAction\":[{\"@type\":\"ReadAction\",\"target\":[\"https:\/\/www.shavei.org\/pt-br\/quem-somos\/\"]}]},{\"@type\":\"ImageObject\",\"inLanguage\":\"pt-BR\",\"@id\":\"https:\/\/www.shavei.org\/pt-br\/quem-somos\/#primaryimage\",\"url\":\"https:\/\/casadosanussim.shavei.org\/wp-content\/uploads\/2016\/07\/photo-300x300.jpg\",\"contentUrl\":\"https:\/\/casadosanussim.shavei.org\/wp-content\/uploads\/2016\/07\/photo-300x300.jpg\"},{\"@type\":\"BreadcrumbList\",\"@id\":\"https:\/\/www.shavei.org\/pt-br\/quem-somos\/#breadcrumb\",\"itemListElement\":[{\"@type\":\"ListItem\",\"position\":1,\"name\":\"Home\",\"item\":\"https:\/\/www.shavei.org\/\"},{\"@type\":\"ListItem\",\"position\":2,\"name\":\"Quem Somos\"}]},{\"@type\":\"WebSite\",\"@id\":\"https:\/\/www.shavei.org\/#website\",\"url\":\"https:\/\/www.shavei.org\/\",\"name\":\"Shavei Israel\",\"description\":\"One nation, many faces. We help them all return.\",\"publisher\":{\"@id\":\"https:\/\/www.shavei.org\/#organization\"},\"potentialAction\":[{\"@type\":\"SearchAction\",\"target\":{\"@type\":\"EntryPoint\",\"urlTemplate\":\"https:\/\/www.shavei.org\/?s={search_term_string}\"},\"query-input\":{\"@type\":\"PropertyValueSpecification\",\"valueRequired\":true,\"valueName\":\"search_term_string\"}}],\"inLanguage\":\"pt-BR\"},{\"@type\":\"Organization\",\"@id\":\"https:\/\/www.shavei.org\/#organization\",\"name\":\"Shavei Israel\",\"url\":\"https:\/\/www.shavei.org\/\",\"logo\":{\"@type\":\"ImageObject\",\"inLanguage\":\"pt-BR\",\"@id\":\"https:\/\/www.shavei.org\/#\/schema\/logo\/image\/\",\"url\":\"https:\/\/www.shavei.org\/wp-content\/uploads\/2017\/10\/shavei-logo.jpg\",\"contentUrl\":\"https:\/\/www.shavei.org\/wp-content\/uploads\/2017\/10\/shavei-logo.jpg\",\"width\":300,\"height\":285,\"caption\":\"Shavei Israel\"},\"image\":{\"@id\":\"https:\/\/www.shavei.org\/#\/schema\/logo\/image\/\"}}]}<\/script>\n<!-- \/ Yoast SEO plugin. -->","yoast_head_json":{"title":"Quem Somos - Shavei Israel","robots":{"index":"index","follow":"follow","max-snippet":"max-snippet:-1","max-image-preview":"max-image-preview:large","max-video-preview":"max-video-preview:-1"},"canonical":"https:\/\/www.shavei.org\/pt-br\/quem-somos\/","og_locale":"pt_BR","og_type":"article","og_title":"Quem Somos - Shavei Israel","og_description":"A Shavei Israel Abre as Portas a toda e qualquer pessoa que tenha decidido que o\u00a0juda\u00edsmo e retornar ao povo judeu s\u00e3o dois conceitos centrais em\u00a0seu destino e identidade. Apoiamos\u00a0os judeus &#8220;perdidos&#8221; e &#8220;escondidos&#8221; que se encontram\u00a0ao redor do mundo. Da Pol\u00f4nia ao\u00a0Peru, e de...","og_url":"https:\/\/www.shavei.org\/pt-br\/quem-somos\/","og_site_name":"Shavei Israel","og_image":[{"url":"https:\/\/casadosanussim.shavei.org\/wp-content\/uploads\/2016\/07\/photo-300x300.jpg","type":"","width":"","height":""}],"twitter_card":"summary_large_image","twitter_misc":{"Est. tempo de leitura":"3 minutos"},"schema":{"@context":"https:\/\/schema.org","@graph":[{"@type":"WebPage","@id":"https:\/\/www.shavei.org\/pt-br\/quem-somos\/","url":"https:\/\/www.shavei.org\/pt-br\/quem-somos\/","name":"Quem Somos - Shavei Israel","isPartOf":{"@id":"https:\/\/www.shavei.org\/#website"},"primaryImageOfPage":{"@id":"https:\/\/www.shavei.org\/pt-br\/quem-somos\/#primaryimage"},"image":{"@id":"https:\/\/www.shavei.org\/pt-br\/quem-somos\/#primaryimage"},"thumbnailUrl":"https:\/\/casadosanussim.shavei.org\/wp-content\/uploads\/2016\/07\/photo-300x300.jpg","datePublished":"2021-05-27T14:45:01+00:00","breadcrumb":{"@id":"https:\/\/www.shavei.org\/pt-br\/quem-somos\/#breadcrumb"},"inLanguage":"pt-BR","potentialAction":[{"@type":"ReadAction","target":["https:\/\/www.shavei.org\/pt-br\/quem-somos\/"]}]},{"@type":"ImageObject","inLanguage":"pt-BR","@id":"https:\/\/www.shavei.org\/pt-br\/quem-somos\/#primaryimage","url":"https:\/\/casadosanussim.shavei.org\/wp-content\/uploads\/2016\/07\/photo-300x300.jpg","contentUrl":"https:\/\/casadosanussim.shavei.org\/wp-content\/uploads\/2016\/07\/photo-300x300.jpg"},{"@type":"BreadcrumbList","@id":"https:\/\/www.shavei.org\/pt-br\/quem-somos\/#breadcrumb","itemListElement":[{"@type":"ListItem","position":1,"name":"Home","item":"https:\/\/www.shavei.org\/"},{"@type":"ListItem","position":2,"name":"Quem Somos"}]},{"@type":"WebSite","@id":"https:\/\/www.shavei.org\/#website","url":"https:\/\/www.shavei.org\/","name":"Shavei Israel","description":"One nation, many faces. We help them all return.","publisher":{"@id":"https:\/\/www.shavei.org\/#organization"},"potentialAction":[{"@type":"SearchAction","target":{"@type":"EntryPoint","urlTemplate":"https:\/\/www.shavei.org\/?s={search_term_string}"},"query-input":{"@type":"PropertyValueSpecification","valueRequired":true,"valueName":"search_term_string"}}],"inLanguage":"pt-BR"},{"@type":"Organization","@id":"https:\/\/www.shavei.org\/#organization","name":"Shavei Israel","url":"https:\/\/www.shavei.org\/","logo":{"@type":"ImageObject","inLanguage":"pt-BR","@id":"https:\/\/www.shavei.org\/#\/schema\/logo\/image\/","url":"https:\/\/www.shavei.org\/wp-content\/uploads\/2017\/10\/shavei-logo.jpg","contentUrl":"https:\/\/www.shavei.org\/wp-content\/uploads\/2017\/10\/shavei-logo.jpg","width":300,"height":285,"caption":"Shavei Israel"},"image":{"@id":"https:\/\/www.shavei.org\/#\/schema\/logo\/image\/"}}]}},"campaignId":"","_links":{"self":[{"href":"https:\/\/www.shavei.org\/pt-br\/wp-json\/wp\/v2\/pages\/138394","targetHints":{"allow":["GET"]}}],"collection":[{"href":"https:\/\/www.shavei.org\/pt-br\/wp-json\/wp\/v2\/pages"}],"about":[{"href":"https:\/\/www.shavei.org\/pt-br\/wp-json\/wp\/v2\/types\/page"}],"author":[{"embeddable":true,"href":"https:\/\/www.shavei.org\/pt-br\/wp-json\/wp\/v2\/users\/31"}],"replies":[{"embeddable":true,"href":"https:\/\/www.shavei.org\/pt-br\/wp-json\/wp\/v2\/comments?post=138394"}],"version-history":[{"count":0,"href":"https:\/\/www.shavei.org\/pt-br\/wp-json\/wp\/v2\/pages\/138394\/revisions"}],"wp:attachment":[{"href":"https:\/\/www.shavei.org\/pt-br\/wp-json\/wp\/v2\/media?parent=138394"}],"curies":[{"name":"wp","href":"https:\/\/api.w.org\/{rel}","templated":true}]}}