{"id":138393,"date":"2021-05-27T16:45:01","date_gmt":"2021-05-27T14:45:01","guid":{"rendered":"https:\/\/www.shavei.org\/plataforma-online\/"},"modified":"2021-05-27T16:45:01","modified_gmt":"2021-05-27T14:45:01","slug":"plataforma-online","status":"publish","type":"page","link":"https:\/\/www.shavei.org\/pt-br\/plataforma-online\/","title":{"rendered":"Plataforma Online"},"content":{"rendered":"<p><img decoding=\"async\" class=\"size-medium wp-image-27186 aligncenter\" src=\"https:\/\/casadosanussim.shavei.org\/wp-content\/uploads\/2016\/06\/Media4176-300x186.png\" alt=\"Media4176\" width=\"300\" height=\"186\" \/><\/p>\n<p>&nbsp;<\/p>\n<p>A nova plataforma online utilizada pela Shavei Israel para realizar as aulas e shiurim online e ao vivo \u00e9 o &#8220;GoToMeeting&#8221;.<\/p>\n<p>A cada nova aula ser\u00e1 divulgado um link no <a href=\"https:\/\/www.facebook.com\/shaveiisraelportugues\/\">facebook da Shavei Israel em Portugu\u00eas<\/a>\u00a0no qual a aula ser\u00e1 transmitida ao vivo, no hor\u00e1rio que ser\u00e1 indicado.<\/p>\n<p>As grava\u00e7\u00f5es da aula ser\u00e3o adicionadas ao\u00a0blog da Shavei Israel, na op\u00e7\u00e3o <a href=\"https:\/\/casadosanussim.shavei.org\/category\/sua-classe-virtual\/shiurim-gravados\/shiurim\/\">Shiurim Gravados<\/a>.<\/p>\n<p>Esperamos que desfrutem a plataforma, as aulas e os ensinamentos!<\/p>\n","protected":false},"excerpt":{"rendered":"<p>&nbsp; A nova plataforma online utilizada pela Shavei Israel para realizar as aulas e shiurim online e ao vivo \u00e9 o &#8220;GoToMeeting&#8221;. A cada nova aula ser\u00e1 divulgado um link no facebook da Shavei Israel em Portugu\u00eas\u00a0no qual a aula ser\u00e1 transmitida ao vivo, no&#8230;<\/p>\n","protected":false},"author":31,"featured_media":0,"parent":0,"menu_order":0,"comment_status":"open","ping_status":"open","template":"","meta":{"give_campaign_id":0,"_exactmetrics_skip_tracking":false,"_exactmetrics_sitenote_active":false,"_exactmetrics_sitenote_note":"","_exactmetrics_sitenote_category":0,"ngg_post_thumbnail":0,"footnotes":""},"class_list":["post-138393","page","type-page","status-publish","hentry"],"yoast_head":"<!-- This site is optimized with the Yoast SEO plugin v27.1.1 - https:\/\/yoast.com\/product\/yoast-seo-wordpress\/ -->\n<title>Plataforma Online - Shavei Israel<\/title>\n<meta name=\"robots\" content=\"index, follow, max-snippet:-1, max-image-preview:large, max-video-preview:-1\" \/>\n<link rel=\"canonical\" href=\"https:\/\/www.shavei.org\/pt-br\/plataforma-online\/\" \/>\n<meta property=\"og:locale\" content=\"pt_BR\" \/>\n<meta property=\"og:type\" content=\"article\" \/>\n<meta property=\"og:title\" content=\"Plataforma Online - Shavei Israel\" \/>\n<meta property=\"og:description\" content=\"&nbsp; A nova plataforma online utilizada pela Shavei Israel para realizar as aulas e shiurim online e ao vivo \u00e9 o &#8220;GoToMeeting&#8221;. A cada nova aula ser\u00e1 divulgado um link no facebook da Shavei Israel em Portugu\u00eas\u00a0no qual a aula ser\u00e1 transmitida ao vivo, no...\" \/>\n<meta property=\"og:url\" content=\"https:\/\/www.shavei.org\/pt-br\/plataforma-online\/\" \/>\n<meta property=\"og:site_name\" content=\"Shavei Israel\" \/>\n<meta property=\"og:image\" content=\"https:\/\/casadosanussim.shavei.org\/wp-content\/uploads\/2016\/06\/Media4176-300x186.png\" \/>\n<meta name=\"twitter:card\" content=\"summary_large_image\" \/>\n<script type=\"application\/ld+json\" class=\"yoast-schema-graph\">{\"@context\":\"https:\/\/schema.org\",\"@graph\":[{\"@type\":\"WebPage\",\"@id\":\"https:\/\/www.shavei.org\/pt-br\/plataforma-online\/\",\"url\":\"https:\/\/www.shavei.org\/pt-br\/plataforma-online\/\",\"name\":\"Plataforma Online - Shavei Israel\",\"isPartOf\":{\"@id\":\"https:\/\/www.shavei.org\/#website\"},\"primaryImageOfPage\":{\"@id\":\"https:\/\/www.shavei.org\/pt-br\/plataforma-online\/#primaryimage\"},\"image\":{\"@id\":\"https:\/\/www.shavei.org\/pt-br\/plataforma-online\/#primaryimage\"},\"thumbnailUrl\":\"https:\/\/casadosanussim.shavei.org\/wp-content\/uploads\/2016\/06\/Media4176-300x186.png\",\"datePublished\":\"2021-05-27T14:45:01+00:00\",\"breadcrumb\":{\"@id\":\"https:\/\/www.shavei.org\/pt-br\/plataforma-online\/#breadcrumb\"},\"inLanguage\":\"pt-BR\",\"potentialAction\":[{\"@type\":\"ReadAction\",\"target\":[\"https:\/\/www.shavei.org\/pt-br\/plataforma-online\/\"]}]},{\"@type\":\"ImageObject\",\"inLanguage\":\"pt-BR\",\"@id\":\"https:\/\/www.shavei.org\/pt-br\/plataforma-online\/#primaryimage\",\"url\":\"https:\/\/casadosanussim.shavei.org\/wp-content\/uploads\/2016\/06\/Media4176-300x186.png\",\"contentUrl\":\"https:\/\/casadosanussim.shavei.org\/wp-content\/uploads\/2016\/06\/Media4176-300x186.png\"},{\"@type\":\"BreadcrumbList\",\"@id\":\"https:\/\/www.shavei.org\/pt-br\/plataforma-online\/#breadcrumb\",\"itemListElement\":[{\"@type\":\"ListItem\",\"position\":1,\"name\":\"Home\",\"item\":\"https:\/\/www.shavei.org\/\"},{\"@type\":\"ListItem\",\"position\":2,\"name\":\"Plataforma Online\"}]},{\"@type\":\"WebSite\",\"@id\":\"https:\/\/www.shavei.org\/#website\",\"url\":\"https:\/\/www.shavei.org\/\",\"name\":\"Shavei Israel\",\"description\":\"One nation, many faces. We help them all return.\",\"publisher\":{\"@id\":\"https:\/\/www.shavei.org\/#organization\"},\"potentialAction\":[{\"@type\":\"SearchAction\",\"target\":{\"@type\":\"EntryPoint\",\"urlTemplate\":\"https:\/\/www.shavei.org\/?s={search_term_string}\"},\"query-input\":{\"@type\":\"PropertyValueSpecification\",\"valueRequired\":true,\"valueName\":\"search_term_string\"}}],\"inLanguage\":\"pt-BR\"},{\"@type\":\"Organization\",\"@id\":\"https:\/\/www.shavei.org\/#organization\",\"name\":\"Shavei Israel\",\"url\":\"https:\/\/www.shavei.org\/\",\"logo\":{\"@type\":\"ImageObject\",\"inLanguage\":\"pt-BR\",\"@id\":\"https:\/\/www.shavei.org\/#\/schema\/logo\/image\/\",\"url\":\"https:\/\/www.shavei.org\/wp-content\/uploads\/2017\/10\/shavei-logo.jpg\",\"contentUrl\":\"https:\/\/www.shavei.org\/wp-content\/uploads\/2017\/10\/shavei-logo.jpg\",\"width\":300,\"height\":285,\"caption\":\"Shavei Israel\"},\"image\":{\"@id\":\"https:\/\/www.shavei.org\/#\/schema\/logo\/image\/\"}}]}<\/script>\n<!-- \/ Yoast SEO plugin. -->","yoast_head_json":{"title":"Plataforma Online - Shavei Israel","robots":{"index":"index","follow":"follow","max-snippet":"max-snippet:-1","max-image-preview":"max-image-preview:large","max-video-preview":"max-video-preview:-1"},"canonical":"https:\/\/www.shavei.org\/pt-br\/plataforma-online\/","og_locale":"pt_BR","og_type":"article","og_title":"Plataforma Online - Shavei Israel","og_description":"&nbsp; A nova plataforma online utilizada pela Shavei Israel para realizar as aulas e shiurim online e ao vivo \u00e9 o &#8220;GoToMeeting&#8221;. A cada nova aula ser\u00e1 divulgado um link no facebook da Shavei Israel em Portugu\u00eas\u00a0no qual a aula ser\u00e1 transmitida ao vivo, no...","og_url":"https:\/\/www.shavei.org\/pt-br\/plataforma-online\/","og_site_name":"Shavei Israel","og_image":[{"url":"https:\/\/casadosanussim.shavei.org\/wp-content\/uploads\/2016\/06\/Media4176-300x186.png","type":"","width":"","height":""}],"twitter_card":"summary_large_image","schema":{"@context":"https:\/\/schema.org","@graph":[{"@type":"WebPage","@id":"https:\/\/www.shavei.org\/pt-br\/plataforma-online\/","url":"https:\/\/www.shavei.org\/pt-br\/plataforma-online\/","name":"Plataforma Online - Shavei Israel","isPartOf":{"@id":"https:\/\/www.shavei.org\/#website"},"primaryImageOfPage":{"@id":"https:\/\/www.shavei.org\/pt-br\/plataforma-online\/#primaryimage"},"image":{"@id":"https:\/\/www.shavei.org\/pt-br\/plataforma-online\/#primaryimage"},"thumbnailUrl":"https:\/\/casadosanussim.shavei.org\/wp-content\/uploads\/2016\/06\/Media4176-300x186.png","datePublished":"2021-05-27T14:45:01+00:00","breadcrumb":{"@id":"https:\/\/www.shavei.org\/pt-br\/plataforma-online\/#breadcrumb"},"inLanguage":"pt-BR","potentialAction":[{"@type":"ReadAction","target":["https:\/\/www.shavei.org\/pt-br\/plataforma-online\/"]}]},{"@type":"ImageObject","inLanguage":"pt-BR","@id":"https:\/\/www.shavei.org\/pt-br\/plataforma-online\/#primaryimage","url":"https:\/\/casadosanussim.shavei.org\/wp-content\/uploads\/2016\/06\/Media4176-300x186.png","contentUrl":"https:\/\/casadosanussim.shavei.org\/wp-content\/uploads\/2016\/06\/Media4176-300x186.png"},{"@type":"BreadcrumbList","@id":"https:\/\/www.shavei.org\/pt-br\/plataforma-online\/#breadcrumb","itemListElement":[{"@type":"ListItem","position":1,"name":"Home","item":"https:\/\/www.shavei.org\/"},{"@type":"ListItem","position":2,"name":"Plataforma Online"}]},{"@type":"WebSite","@id":"https:\/\/www.shavei.org\/#website","url":"https:\/\/www.shavei.org\/","name":"Shavei Israel","description":"One nation, many faces. We help them all return.","publisher":{"@id":"https:\/\/www.shavei.org\/#organization"},"potentialAction":[{"@type":"SearchAction","target":{"@type":"EntryPoint","urlTemplate":"https:\/\/www.shavei.org\/?s={search_term_string}"},"query-input":{"@type":"PropertyValueSpecification","valueRequired":true,"valueName":"search_term_string"}}],"inLanguage":"pt-BR"},{"@type":"Organization","@id":"https:\/\/www.shavei.org\/#organization","name":"Shavei Israel","url":"https:\/\/www.shavei.org\/","logo":{"@type":"ImageObject","inLanguage":"pt-BR","@id":"https:\/\/www.shavei.org\/#\/schema\/logo\/image\/","url":"https:\/\/www.shavei.org\/wp-content\/uploads\/2017\/10\/shavei-logo.jpg","contentUrl":"https:\/\/www.shavei.org\/wp-content\/uploads\/2017\/10\/shavei-logo.jpg","width":300,"height":285,"caption":"Shavei Israel"},"image":{"@id":"https:\/\/www.shavei.org\/#\/schema\/logo\/image\/"}}]}},"campaignId":"","_links":{"self":[{"href":"https:\/\/www.shavei.org\/pt-br\/wp-json\/wp\/v2\/pages\/138393","targetHints":{"allow":["GET"]}}],"collection":[{"href":"https:\/\/www.shavei.org\/pt-br\/wp-json\/wp\/v2\/pages"}],"about":[{"href":"https:\/\/www.shavei.org\/pt-br\/wp-json\/wp\/v2\/types\/page"}],"author":[{"embeddable":true,"href":"https:\/\/www.shavei.org\/pt-br\/wp-json\/wp\/v2\/users\/31"}],"replies":[{"embeddable":true,"href":"https:\/\/www.shavei.org\/pt-br\/wp-json\/wp\/v2\/comments?post=138393"}],"version-history":[{"count":0,"href":"https:\/\/www.shavei.org\/pt-br\/wp-json\/wp\/v2\/pages\/138393\/revisions"}],"wp:attachment":[{"href":"https:\/\/www.shavei.org\/pt-br\/wp-json\/wp\/v2\/media?parent=138393"}],"curies":[{"name":"wp","href":"https:\/\/api.w.org\/{rel}","templated":true}]}}