{"id":138384,"date":"2021-05-27T16:44:38","date_gmt":"2021-05-27T14:44:38","guid":{"rendered":"https:\/\/www.shavei.org\/temario\/"},"modified":"2021-05-27T16:44:38","modified_gmt":"2021-05-27T14:44:38","slug":"temario","status":"publish","type":"page","link":"https:\/\/www.shavei.org\/pt-br\/temario\/","title":{"rendered":"Tem\u00e1rio"},"content":{"rendered":"<p>Para todos aqueles que est\u00e3o <strong>apenas come\u00e7ando<\/strong> sua jornada, e para aqueles que <strong>j\u00e1 come\u00e7aram<\/strong> h\u00e1 algum tempo mas <em>ainda n\u00e3o possuem nenhum programa de estudo<\/em>, apresentamos aqui uma proposta de <strong>temas judaico \u00fateis<\/strong> que lhes podem servir como um <strong>guia<\/strong> inicial.<\/p>\n<p>Este tem\u00e1rio \u00e9 apenas um <strong>resumo de t\u00f3picos relevantes<\/strong> e cada <em>tribunal rab\u00ednico<\/em> pode preferir enfatizar tais temas de <strong>diferentes maneiras<\/strong>.<\/p>\n<p>Esperamos que possa <strong>ajudar<\/strong> de uma maneira geral, e que, a partir disso, possam prosperar e crescer no <strong>cumprimento e conhecimento da Tor\u00e1<\/strong>, no caminho para o regresso ou para a convers\u00e3o e, especialmente, depois disso.<\/p>\n<p>&nbsp;<\/p>\n<ol>\n<li><strong> OS DEZ MANDAMENTOS<\/strong><\/li>\n<\/ol>\n<p>Quais s\u00e3o, como est\u00e3o divididos, qual a diferen\u00e7a entre estes e o restante da Tor\u00e1, qual a diferen\u00e7a entre estes e as sete Mitzvot de No\u00e9, qual a diferen\u00e7a entre a Tor\u00e1 Oral e a Tor\u00e1 Escrita.<\/p>\n<ol start=\"2\">\n<li><strong> OS TREZE PRINC\u00cdPIOS DE F\u00c9<\/strong><\/li>\n<\/ol>\n<p>Quais s\u00e3o e quem os escreveu.<\/p>\n<ol start=\"3\">\n<li><strong> TANACH<\/strong><\/li>\n<\/ol>\n<p>Quais s\u00e3o os livros e como est\u00e3o divididos. Conhecimento das diferentes por\u00e7\u00f5es semanais. Quando se l\u00ea a Tor\u00e1, o que \u00e9 a Haftar\u00e1, o que \u00e9 Maftir, quantas pessoas sobem na Tor\u00e1 em cada ocasi\u00e3o, e etc.<\/p>\n<ol start=\"4\">\n<li><strong> SHABAT<\/strong><\/li>\n<\/ol>\n<p>O que representa, quais s\u00e3o as Mitzvot referentes a este dia sagrado, quantas proibi\u00e7\u00f5es existem neste dia e quais s\u00e3o, de onde se aprendem, quais s\u00e3o os derivados destas proibi\u00e7\u00f5es, quando come\u00e7a e quando termina o Shabat, quais s\u00e3o as diferen\u00e7as com o Yom Tov, como se esquenta alimentos no Shabat.<\/p>\n<ol start=\"5\">\n<li><strong> FESTIVIDADES<\/strong><\/li>\n<\/ol>\n<p>Quando acontecem no calend\u00e1rio gregoriano, o que representam, quais preceitos especiais existe em cada festa, quais est\u00e3o escritas na Tor\u00e1 e quais s\u00e3o rab\u00ednicas, que Tefilot s\u00e3o feitas.<\/p>\n<ol start=\"6\">\n<li><strong> O<\/strong><strong>S JEJU<\/strong><strong>NS<\/strong><\/li>\n<\/ol>\n<p>Quais s\u00e3o, o que representa cada um, quais est\u00e3o escritos na Tor\u00e1 e quais s\u00e3o rab\u00ednicos, quais s\u00e3o completos e que s\u00e3o \u201cmeio-jejuns\u201d.<\/p>\n<ol start=\"7\">\n<li><strong> AS B\u00caN\u00c7\u00c3OS<\/strong><\/li>\n<\/ol>\n<p>Quando recitamos, quais s\u00e3o, a quantidade m\u00ednima que deve-se comer para recitar a b\u00ean\u00e7\u00e3o ap\u00f3s as refei\u00e7\u00f5es, que outras b\u00ean\u00e7\u00e3os existem al\u00e9m das feitas na comida, quem decretou as b\u00ean\u00e7\u00e3os.<\/p>\n<ol start=\"8\">\n<li><strong>ORDEM DO DIA<\/strong><\/li>\n<\/ol>\n<p>O que se faz ao acordar, quantas s\u00e3o as rezas di\u00e1rias e como est\u00e3o divididas, o que \u00e9 um Minyan, o que representam o Talit e o Tefilin, o que \u00e9 o Shema Israel, como est\u00e1 dividido e quando \u00e9 recitado. O que \u00e9 a Amid\u00e1, como est\u00e1 dividida, quantas b\u00ean\u00e7\u00e3os engloba, quando e como \u00e9 recitado, quais varia\u00e7\u00f5es pode ter, o que \u00e9 o Kadish, o que se recita antes de dormir.<\/p>\n<ol start=\"9\">\n<li><strong>KASHRUT<\/strong><\/li>\n<\/ol>\n<p>Em que se baseia este preceito, quais s\u00e3o as leis b\u00e1sicas, quais s\u00e3o as comidas permitidas, quais s\u00e3o as leis sobre os utens\u00edlios.<\/p>\n<ol start=\"10\">\n<li><strong>MEZUZ\u00c1<\/strong><\/li>\n<\/ol>\n<p>O que representa, aonde est\u00e1 escrito este preceito, aonde esta deve ser colocada.<\/p>\n<ol start=\"11\">\n<li><strong>MITZVOT RELACIONADAS AO CICLO DE VIDA da crian\u00e7a e <\/strong><strong>do jove<\/strong><strong>m<\/strong><\/li>\n<\/ol>\n<p>Brit Mil\u00e1, Pidion HaBen, Bar Mitzv\u00e1. Onde est\u00e3o escritos, quais s\u00e3o suas respectivas leis, a quem se referem.<\/p>\n<ol start=\"12\">\n<li><strong> LEI<\/strong><strong>S DE CASAMENTO<\/strong><\/li>\n<\/ol>\n<p>Uni\u00f5es proibidas, leis de casamento, fundamentos da pureza da fam\u00edlia e suas leis.<\/p>\n<ol start=\"13\">\n<li><strong>LUTO<\/strong><\/li>\n<\/ol>\n<p>Regras relativas ao Onen, o enterro, a Keri\u00e1, a Shiv\u00e1. Regras relativas \u00e0 impureza do sacerdote, a consola\u00e7\u00e3o aos enlutados, anivers\u00e1rio de morte, o conceito do mundo vindouro.<\/p>\n<ol start=\"14\">\n<li><strong> MITZVOT ESPEC\u00cdFIC<\/strong><strong>AS PARA A TERRA DE ISRAEL<\/strong><\/li>\n<\/ol>\n<p>Quais s\u00e3o, onde figuram, quais s\u00e3o seus objetivos, quais s\u00e3o suas principais leis.<\/p>\n<ol start=\"15\">\n<li><strong>SETE ESP\u00c9CIES com as quais <\/strong><strong>a Terra de Israel foi aben\u00e7oad<\/strong><strong>a<\/strong><\/li>\n<\/ol>\n<p>Quais s\u00e3o, onde figuram.<\/p>\n<ol start=\"16\">\n<li><strong> CHESED<\/strong><\/li>\n<\/ol>\n<p>Quais atos de bondade e de caridade a Tor\u00e1 enfatiza, onde est\u00e3o escritas e quais s\u00e3o as leis respectivas.<\/p>\n<ol start=\"17\">\n<li><strong> H<\/strong><strong>IST\u00d3RIA JUDAICA<\/strong><\/li>\n<\/ol>\n<p>Quem s\u00e3o os patriarcas e as matriarcas, quais s\u00e3o as doze tribos, qual a ordem em que a Tor\u00e1 foi transmitida de Moshe at\u00e9 hoje. Quais e aonde aconteceram os ex\u00edlios do povo, quem foram os primeiros reis de Israel.<\/p>\n","protected":false},"excerpt":{"rendered":"<p>Para todos aqueles que est\u00e3o apenas come\u00e7ando sua jornada, e para aqueles que j\u00e1 come\u00e7aram h\u00e1 algum tempo mas ainda n\u00e3o possuem nenhum programa de estudo, apresentamos aqui uma proposta de temas judaico \u00fateis que lhes podem servir como um guia inicial. Este tem\u00e1rio \u00e9&#8230;<\/p>\n","protected":false},"author":31,"featured_media":0,"parent":0,"menu_order":0,"comment_status":"open","ping_status":"open","template":"","meta":{"give_campaign_id":0,"_exactmetrics_skip_tracking":false,"_exactmetrics_sitenote_active":false,"_exactmetrics_sitenote_note":"","_exactmetrics_sitenote_category":0,"ngg_post_thumbnail":0,"footnotes":""},"class_list":["post-138384","page","type-page","status-publish","hentry"],"yoast_head":"<!-- This site is optimized with the Yoast SEO plugin v27.1.1 - https:\/\/yoast.com\/product\/yoast-seo-wordpress\/ -->\n<title>Tem\u00e1rio - Shavei Israel<\/title>\n<meta name=\"robots\" content=\"index, follow, max-snippet:-1, max-image-preview:large, max-video-preview:-1\" \/>\n<link rel=\"canonical\" href=\"https:\/\/www.shavei.org\/pt-br\/temario\/\" \/>\n<meta property=\"og:locale\" content=\"pt_BR\" \/>\n<meta property=\"og:type\" content=\"article\" \/>\n<meta property=\"og:title\" content=\"Tem\u00e1rio - Shavei Israel\" \/>\n<meta property=\"og:description\" content=\"Para todos aqueles que est\u00e3o apenas come\u00e7ando sua jornada, e para aqueles que j\u00e1 come\u00e7aram h\u00e1 algum tempo mas ainda n\u00e3o possuem nenhum programa de estudo, apresentamos aqui uma proposta de temas judaico \u00fateis que lhes podem servir como um guia inicial. Este tem\u00e1rio \u00e9...\" \/>\n<meta property=\"og:url\" content=\"https:\/\/www.shavei.org\/pt-br\/temario\/\" \/>\n<meta property=\"og:site_name\" content=\"Shavei Israel\" \/>\n<meta name=\"twitter:card\" content=\"summary_large_image\" \/>\n<meta name=\"twitter:label1\" content=\"Est. tempo de leitura\" \/>\n\t<meta name=\"twitter:data1\" content=\"3 minutos\" \/>\n<script type=\"application\/ld+json\" class=\"yoast-schema-graph\">{\"@context\":\"https:\/\/schema.org\",\"@graph\":[{\"@type\":\"WebPage\",\"@id\":\"https:\/\/www.shavei.org\/pt-br\/temario\/\",\"url\":\"https:\/\/www.shavei.org\/pt-br\/temario\/\",\"name\":\"Tem\u00e1rio - Shavei Israel\",\"isPartOf\":{\"@id\":\"https:\/\/www.shavei.org\/#website\"},\"datePublished\":\"2021-05-27T14:44:38+00:00\",\"breadcrumb\":{\"@id\":\"https:\/\/www.shavei.org\/pt-br\/temario\/#breadcrumb\"},\"inLanguage\":\"pt-BR\",\"potentialAction\":[{\"@type\":\"ReadAction\",\"target\":[\"https:\/\/www.shavei.org\/pt-br\/temario\/\"]}]},{\"@type\":\"BreadcrumbList\",\"@id\":\"https:\/\/www.shavei.org\/pt-br\/temario\/#breadcrumb\",\"itemListElement\":[{\"@type\":\"ListItem\",\"position\":1,\"name\":\"Home\",\"item\":\"https:\/\/www.shavei.org\/\"},{\"@type\":\"ListItem\",\"position\":2,\"name\":\"Tem\u00e1rio\"}]},{\"@type\":\"WebSite\",\"@id\":\"https:\/\/www.shavei.org\/#website\",\"url\":\"https:\/\/www.shavei.org\/\",\"name\":\"Shavei Israel\",\"description\":\"One nation, many faces. We help them all return.\",\"publisher\":{\"@id\":\"https:\/\/www.shavei.org\/#organization\"},\"potentialAction\":[{\"@type\":\"SearchAction\",\"target\":{\"@type\":\"EntryPoint\",\"urlTemplate\":\"https:\/\/www.shavei.org\/?s={search_term_string}\"},\"query-input\":{\"@type\":\"PropertyValueSpecification\",\"valueRequired\":true,\"valueName\":\"search_term_string\"}}],\"inLanguage\":\"pt-BR\"},{\"@type\":\"Organization\",\"@id\":\"https:\/\/www.shavei.org\/#organization\",\"name\":\"Shavei Israel\",\"url\":\"https:\/\/www.shavei.org\/\",\"logo\":{\"@type\":\"ImageObject\",\"inLanguage\":\"pt-BR\",\"@id\":\"https:\/\/www.shavei.org\/#\/schema\/logo\/image\/\",\"url\":\"https:\/\/www.shavei.org\/wp-content\/uploads\/2017\/10\/shavei-logo.jpg\",\"contentUrl\":\"https:\/\/www.shavei.org\/wp-content\/uploads\/2017\/10\/shavei-logo.jpg\",\"width\":300,\"height\":285,\"caption\":\"Shavei Israel\"},\"image\":{\"@id\":\"https:\/\/www.shavei.org\/#\/schema\/logo\/image\/\"}}]}<\/script>\n<!-- \/ Yoast SEO plugin. -->","yoast_head_json":{"title":"Tem\u00e1rio - Shavei Israel","robots":{"index":"index","follow":"follow","max-snippet":"max-snippet:-1","max-image-preview":"max-image-preview:large","max-video-preview":"max-video-preview:-1"},"canonical":"https:\/\/www.shavei.org\/pt-br\/temario\/","og_locale":"pt_BR","og_type":"article","og_title":"Tem\u00e1rio - Shavei Israel","og_description":"Para todos aqueles que est\u00e3o apenas come\u00e7ando sua jornada, e para aqueles que j\u00e1 come\u00e7aram h\u00e1 algum tempo mas ainda n\u00e3o possuem nenhum programa de estudo, apresentamos aqui uma proposta de temas judaico \u00fateis que lhes podem servir como um guia inicial. Este tem\u00e1rio \u00e9...","og_url":"https:\/\/www.shavei.org\/pt-br\/temario\/","og_site_name":"Shavei Israel","twitter_card":"summary_large_image","twitter_misc":{"Est. tempo de leitura":"3 minutos"},"schema":{"@context":"https:\/\/schema.org","@graph":[{"@type":"WebPage","@id":"https:\/\/www.shavei.org\/pt-br\/temario\/","url":"https:\/\/www.shavei.org\/pt-br\/temario\/","name":"Tem\u00e1rio - Shavei Israel","isPartOf":{"@id":"https:\/\/www.shavei.org\/#website"},"datePublished":"2021-05-27T14:44:38+00:00","breadcrumb":{"@id":"https:\/\/www.shavei.org\/pt-br\/temario\/#breadcrumb"},"inLanguage":"pt-BR","potentialAction":[{"@type":"ReadAction","target":["https:\/\/www.shavei.org\/pt-br\/temario\/"]}]},{"@type":"BreadcrumbList","@id":"https:\/\/www.shavei.org\/pt-br\/temario\/#breadcrumb","itemListElement":[{"@type":"ListItem","position":1,"name":"Home","item":"https:\/\/www.shavei.org\/"},{"@type":"ListItem","position":2,"name":"Tem\u00e1rio"}]},{"@type":"WebSite","@id":"https:\/\/www.shavei.org\/#website","url":"https:\/\/www.shavei.org\/","name":"Shavei Israel","description":"One nation, many faces. We help them all return.","publisher":{"@id":"https:\/\/www.shavei.org\/#organization"},"potentialAction":[{"@type":"SearchAction","target":{"@type":"EntryPoint","urlTemplate":"https:\/\/www.shavei.org\/?s={search_term_string}"},"query-input":{"@type":"PropertyValueSpecification","valueRequired":true,"valueName":"search_term_string"}}],"inLanguage":"pt-BR"},{"@type":"Organization","@id":"https:\/\/www.shavei.org\/#organization","name":"Shavei Israel","url":"https:\/\/www.shavei.org\/","logo":{"@type":"ImageObject","inLanguage":"pt-BR","@id":"https:\/\/www.shavei.org\/#\/schema\/logo\/image\/","url":"https:\/\/www.shavei.org\/wp-content\/uploads\/2017\/10\/shavei-logo.jpg","contentUrl":"https:\/\/www.shavei.org\/wp-content\/uploads\/2017\/10\/shavei-logo.jpg","width":300,"height":285,"caption":"Shavei Israel"},"image":{"@id":"https:\/\/www.shavei.org\/#\/schema\/logo\/image\/"}}]}},"campaignId":"","_links":{"self":[{"href":"https:\/\/www.shavei.org\/pt-br\/wp-json\/wp\/v2\/pages\/138384","targetHints":{"allow":["GET"]}}],"collection":[{"href":"https:\/\/www.shavei.org\/pt-br\/wp-json\/wp\/v2\/pages"}],"about":[{"href":"https:\/\/www.shavei.org\/pt-br\/wp-json\/wp\/v2\/types\/page"}],"author":[{"embeddable":true,"href":"https:\/\/www.shavei.org\/pt-br\/wp-json\/wp\/v2\/users\/31"}],"replies":[{"embeddable":true,"href":"https:\/\/www.shavei.org\/pt-br\/wp-json\/wp\/v2\/comments?post=138384"}],"version-history":[{"count":0,"href":"https:\/\/www.shavei.org\/pt-br\/wp-json\/wp\/v2\/pages\/138384\/revisions"}],"wp:attachment":[{"href":"https:\/\/www.shavei.org\/pt-br\/wp-json\/wp\/v2\/media?parent=138384"}],"curies":[{"name":"wp","href":"https:\/\/api.w.org\/{rel}","templated":true}]}}