{"id":138383,"date":"2021-05-27T16:44:38","date_gmt":"2021-05-27T14:44:38","guid":{"rendered":"https:\/\/www.shavei.org\/sobre-o-processo\/"},"modified":"2021-05-27T16:44:38","modified_gmt":"2021-05-27T14:44:38","slug":"sobre-o-processo","status":"publish","type":"page","link":"https:\/\/www.shavei.org\/pt-br\/sobre-o-processo\/","title":{"rendered":"Sobre o Processo"},"content":{"rendered":"<p><strong><em>Quem deseja se preparar para o processo de convers\u00e3o, dever\u00e1 escolher uma, dentre as\u00a0op\u00e7\u00f5es apresentadas a seguir:<\/em><\/strong><\/p>\n<p>Existem pa\u00edses nos quais as <strong>congrega\u00e7\u00f5es judaicas<\/strong> j\u00e1 possuem um processo de convers\u00e3o, de modo que o interessado deve contactar o <strong>rabino local<\/strong> e solicitar ser aceito nesse programa. Normalmente, os pa\u00edses com uma grande comunidade judaica <strong>j\u00e1 possuem seu pr\u00f3prio tribunal<\/strong> rab\u00ednico autorizado.<\/p>\n<p>No entanto, existem pa\u00edses em que os <strong>tribunais rab\u00ednicos de convers\u00e3o s\u00e3o inexistentes. Nestes casos deve haver<\/strong>, ao menos, uma congrega\u00e7\u00e3o judaica que ofere\u00e7a um <strong>programa de estudos v\u00e1lido<\/strong> e, ao concluir este programa com \u00eaxito, o interessado \u00e9 enviado a um tribunal rab\u00ednico em outro pa\u00eds.<\/p>\n<p>Quem se encontra em um pa\u00eds onde <strong>n\u00e3o existem as possibilidades acima mencionadas<\/strong>, ou, caso queiram se converter diretamente pelo Rabinato Chefe de Israel, podem escolher entre duas possibilidades:<\/p>\n<ol>\n<li><strong>Quem deseja viver em Israel logo ap\u00f3s a convers\u00e3o<\/strong>, deve pertencer a uma <em>comunidade judaica ortodoxa<\/em>, que possua um <em>rabino<\/em>. O tempo m\u00ednimo que esta rela\u00e7\u00e3o deve durar \u00e9 de <strong>um ano<\/strong>, ap\u00f3s o qual eles devem solicitar uma <strong>carta de recomenda\u00e7\u00e3o <\/strong>do rabino, que deve conter: <strong>quanto tempo<\/strong> pertenceu a esta congrega\u00e7\u00e3o, com <strong>quais atividades<\/strong> esteve envolvido e <strong>quais Mitzvot <\/strong>cumpre. Esta carta \u00e9 apresentada ao <strong>Departamento de Exce\u00e7\u00f5es<\/strong> do <strong>Minist\u00e9rio do Interior <\/strong>e<strong> ao Rabinato Chefe de Israel<\/strong>, aonde aguardar\u00e1 a <strong>aprova\u00e7\u00e3o<\/strong> de ambas as institui\u00e7\u00f5es, para desta maneira aprovarem seu <strong>visto<\/strong>.<\/li>\n<\/ol>\n<p>A princ\u00edpio, a pessoa deve viajar a Israel para uma <strong>primeira entrevista\u00a0<\/strong>e espera a <strong>resposta final<\/strong> do Conselho.<\/p>\n<p><strong>Se a resposta for positiva<\/strong>, o requerente pode fazer um <strong>curso<\/strong> de um ano. Neste tempo, <strong>n\u00e3o se esta autorizado a trabalhar<\/strong> (o visto n\u00e3o inclui essa possibilidade), e, portanto a pessoa deve possuir <strong>fundos suficientes<\/strong> para seu pr\u00f3prio sustento. Ap\u00f3s este ano de estudo, quando o <strong>candidato est\u00e1 pronto<\/strong>, ele deve comparecer perante a <strong>Corte Rab\u00ednica<\/strong> e, se tudo correr bem, a convers\u00e3o \u00e9 celebrada e este recebe sua cidadania israelense.<\/p>\n<ol start=\"2\">\n<li><strong>Quem deseja retornar ao seu pa\u00eds de origem ap\u00f3s a convers\u00e3o<\/strong>, deve se aproximar de uma <em>comunidade judaica ortodoxa<\/em> em sua regi\u00e3o, que possua um <em>rabino<\/em>. Com este, a pessoa <strong>deve se preparar<\/strong> para a convers\u00e3o. Quando o rabino sinta que j\u00e1 est\u00e1 pronto, o rabino \u00e9 quem deve entrar em contato com o<strong> Rabinato Chefe de Israel <\/strong>e marcar uma data para se apresentar ao <strong>Tribunal Rab\u00ednico<\/strong>.<\/li>\n<\/ol>\n<p>Neste momento, o requerente <strong>dever\u00e1 viajar para Israel <\/strong>para assim, poder participar de sua entrevista e assistir o veredicto do Tribunal. Se tudo correr bem, a <strong>convers\u00e3o<\/strong> \u00e9 feita e, em seguida, este pode <strong>retornar para casa<\/strong>.<\/p>\n<p><strong>Um ano <\/strong>ap\u00f3s ter completado a convers\u00e3o em Israel e, cumprindo com a condi\u00e7\u00e3o de que o candidato continua <strong>participando ativamente da comunidade judaica<\/strong>, pode-se emigrar para Israel (Ali\u00e1).<\/p>\n<p><strong>Antes de se envolver<\/strong> em um <strong>processo formal<\/strong> de alguma congrega\u00e7\u00e3o\/comunidade em particular, ou com algum tribunal rab\u00ednico espec\u00edfico, \u00e9 importante <strong>definir as metas pessoais<\/strong>.<\/p>\n<p>Se voc\u00ea quiser <strong>ser aceito<\/strong> em uma <strong>congrega\u00e7\u00e3o<\/strong> em especial, \u00e9 aconselh\u00e1vel verificar se esta, <strong>aceita a convers\u00e3o a ser realizada<\/strong>. Al\u00e9m disso, caso voc\u00ea queira fazer<strong> Ali\u00e1<\/strong> para Israel, \u00e9 essencial verificar que tal convers\u00e3o <strong>permite o direito a cidadania israelense<\/strong>.<\/p>\n<p>Para poder realizar um processo de <strong>retorno<\/strong> ao inv\u00e9s do processo de convers\u00e3o, \u00e9 necess\u00e1rio apresentar <strong>documentos<\/strong> <strong>que comprovem, indubitavelmente<\/strong>, a descend\u00eancia judaica pelo <strong>lado materno<\/strong>, n\u00e3o somente <strong>genealogicamente<\/strong>, como tamb\u00e9m a <strong>n\u00edvel judaico<\/strong>.<\/p>\n<p>No caso dos <em>Bnei Anussim<\/em> s\u00e3o necess\u00e1rios os <strong>documentos da Inquisi\u00e7\u00e3o Espanhola<\/strong> que atestem que seus <strong>antepassados<\/strong> eram <em>judaizantes<\/em>.<\/p>\n<p>\u00c9 importante ressaltar que devido a <strong>dist\u00e2ncia<\/strong>, cada vez maior, com a \u00e9poca da Inquisi\u00e7\u00e3o, realizar uma <strong>pesquisa<\/strong> como esta, e obter <strong>resultados positivos<\/strong>, nem sempre \u00e9 f\u00e1cil ou mesmo poss\u00edvel.<\/p>\n<p>De qualquer modo, os\u00a0processos atuais de retorno\u00a0<strong>n\u00e3o s\u00e3o aceitos<\/strong> para fazer <em>Ali\u00e1<\/em>.<\/p>\n<p>&#8212;<\/p>\n<p><strong>Machon Miriam<\/strong><\/p>\n<p>A Shavei Israel possui\u00a0um instituto de convers\u00e3o e retorno para estudantes de lingua portuguesa, espanhola e italiana. Caso tenha interesse em\u00a0estudar no instituto\u00a0ou\u00a0para obter mais informa\u00e7\u00f5es sobre o Machon Miriam, <a href=\"https:\/\/casadosanussim.shavei.org\/retorno-e-conversao\/machon-miriam\/\">clique aqui<\/a>.<\/p>\n<p>&#8212;<\/p>\n<p>Esperamos que estas informa\u00e7\u00f5es lhe sejam \u00fateis!<\/p>\n<p>Para qualquer consulta adicional, por favor contate a: <a href=\"mailto:spanish@shavei.org\" target=\"_blank\" rel=\"noopener\">spanish@shavei.org<\/a> .<\/p>\n","protected":false},"excerpt":{"rendered":"<p>Quem deseja se preparar para o processo de convers\u00e3o, dever\u00e1 escolher uma, dentre as\u00a0op\u00e7\u00f5es apresentadas a seguir: Existem pa\u00edses nos quais as congrega\u00e7\u00f5es judaicas j\u00e1 possuem um processo de convers\u00e3o, de modo que o interessado deve contactar o rabino local e solicitar ser aceito nesse&#8230;<\/p>\n","protected":false},"author":31,"featured_media":0,"parent":0,"menu_order":0,"comment_status":"open","ping_status":"open","template":"","meta":{"give_campaign_id":0,"_exactmetrics_skip_tracking":false,"_exactmetrics_sitenote_active":false,"_exactmetrics_sitenote_note":"","_exactmetrics_sitenote_category":0,"ngg_post_thumbnail":0,"footnotes":""},"class_list":["post-138383","page","type-page","status-publish","hentry"],"yoast_head":"<!-- This site is optimized with the Yoast SEO plugin v27.1.1 - https:\/\/yoast.com\/product\/yoast-seo-wordpress\/ -->\n<title>Sobre o Processo - Shavei Israel<\/title>\n<meta name=\"robots\" content=\"index, follow, max-snippet:-1, max-image-preview:large, max-video-preview:-1\" \/>\n<link rel=\"canonical\" href=\"https:\/\/www.shavei.org\/pt-br\/sobre-o-processo\/\" \/>\n<meta property=\"og:locale\" content=\"pt_BR\" \/>\n<meta property=\"og:type\" content=\"article\" \/>\n<meta property=\"og:title\" content=\"Sobre o Processo - Shavei Israel\" \/>\n<meta property=\"og:description\" content=\"Quem deseja se preparar para o processo de convers\u00e3o, dever\u00e1 escolher uma, dentre as\u00a0op\u00e7\u00f5es apresentadas a seguir: Existem pa\u00edses nos quais as congrega\u00e7\u00f5es judaicas j\u00e1 possuem um processo de convers\u00e3o, de modo que o interessado deve contactar o rabino local e solicitar ser aceito nesse...\" \/>\n<meta property=\"og:url\" content=\"https:\/\/www.shavei.org\/pt-br\/sobre-o-processo\/\" \/>\n<meta property=\"og:site_name\" content=\"Shavei Israel\" \/>\n<meta name=\"twitter:card\" content=\"summary_large_image\" \/>\n<meta name=\"twitter:label1\" content=\"Est. tempo de leitura\" \/>\n\t<meta name=\"twitter:data1\" content=\"4 minutos\" \/>\n<script type=\"application\/ld+json\" class=\"yoast-schema-graph\">{\"@context\":\"https:\/\/schema.org\",\"@graph\":[{\"@type\":\"WebPage\",\"@id\":\"https:\/\/www.shavei.org\/pt-br\/sobre-o-processo\/\",\"url\":\"https:\/\/www.shavei.org\/pt-br\/sobre-o-processo\/\",\"name\":\"Sobre o Processo - Shavei Israel\",\"isPartOf\":{\"@id\":\"https:\/\/www.shavei.org\/#website\"},\"datePublished\":\"2021-05-27T14:44:38+00:00\",\"breadcrumb\":{\"@id\":\"https:\/\/www.shavei.org\/pt-br\/sobre-o-processo\/#breadcrumb\"},\"inLanguage\":\"pt-BR\",\"potentialAction\":[{\"@type\":\"ReadAction\",\"target\":[\"https:\/\/www.shavei.org\/pt-br\/sobre-o-processo\/\"]}]},{\"@type\":\"BreadcrumbList\",\"@id\":\"https:\/\/www.shavei.org\/pt-br\/sobre-o-processo\/#breadcrumb\",\"itemListElement\":[{\"@type\":\"ListItem\",\"position\":1,\"name\":\"Home\",\"item\":\"https:\/\/www.shavei.org\/\"},{\"@type\":\"ListItem\",\"position\":2,\"name\":\"Sobre o Processo\"}]},{\"@type\":\"WebSite\",\"@id\":\"https:\/\/www.shavei.org\/#website\",\"url\":\"https:\/\/www.shavei.org\/\",\"name\":\"Shavei Israel\",\"description\":\"One nation, many faces. We help them all return.\",\"publisher\":{\"@id\":\"https:\/\/www.shavei.org\/#organization\"},\"potentialAction\":[{\"@type\":\"SearchAction\",\"target\":{\"@type\":\"EntryPoint\",\"urlTemplate\":\"https:\/\/www.shavei.org\/?s={search_term_string}\"},\"query-input\":{\"@type\":\"PropertyValueSpecification\",\"valueRequired\":true,\"valueName\":\"search_term_string\"}}],\"inLanguage\":\"pt-BR\"},{\"@type\":\"Organization\",\"@id\":\"https:\/\/www.shavei.org\/#organization\",\"name\":\"Shavei Israel\",\"url\":\"https:\/\/www.shavei.org\/\",\"logo\":{\"@type\":\"ImageObject\",\"inLanguage\":\"pt-BR\",\"@id\":\"https:\/\/www.shavei.org\/#\/schema\/logo\/image\/\",\"url\":\"https:\/\/www.shavei.org\/wp-content\/uploads\/2017\/10\/shavei-logo.jpg\",\"contentUrl\":\"https:\/\/www.shavei.org\/wp-content\/uploads\/2017\/10\/shavei-logo.jpg\",\"width\":300,\"height\":285,\"caption\":\"Shavei Israel\"},\"image\":{\"@id\":\"https:\/\/www.shavei.org\/#\/schema\/logo\/image\/\"}}]}<\/script>\n<!-- \/ Yoast SEO plugin. -->","yoast_head_json":{"title":"Sobre o Processo - Shavei Israel","robots":{"index":"index","follow":"follow","max-snippet":"max-snippet:-1","max-image-preview":"max-image-preview:large","max-video-preview":"max-video-preview:-1"},"canonical":"https:\/\/www.shavei.org\/pt-br\/sobre-o-processo\/","og_locale":"pt_BR","og_type":"article","og_title":"Sobre o Processo - Shavei Israel","og_description":"Quem deseja se preparar para o processo de convers\u00e3o, dever\u00e1 escolher uma, dentre as\u00a0op\u00e7\u00f5es apresentadas a seguir: Existem pa\u00edses nos quais as congrega\u00e7\u00f5es judaicas j\u00e1 possuem um processo de convers\u00e3o, de modo que o interessado deve contactar o rabino local e solicitar ser aceito nesse...","og_url":"https:\/\/www.shavei.org\/pt-br\/sobre-o-processo\/","og_site_name":"Shavei Israel","twitter_card":"summary_large_image","twitter_misc":{"Est. tempo de leitura":"4 minutos"},"schema":{"@context":"https:\/\/schema.org","@graph":[{"@type":"WebPage","@id":"https:\/\/www.shavei.org\/pt-br\/sobre-o-processo\/","url":"https:\/\/www.shavei.org\/pt-br\/sobre-o-processo\/","name":"Sobre o Processo - Shavei Israel","isPartOf":{"@id":"https:\/\/www.shavei.org\/#website"},"datePublished":"2021-05-27T14:44:38+00:00","breadcrumb":{"@id":"https:\/\/www.shavei.org\/pt-br\/sobre-o-processo\/#breadcrumb"},"inLanguage":"pt-BR","potentialAction":[{"@type":"ReadAction","target":["https:\/\/www.shavei.org\/pt-br\/sobre-o-processo\/"]}]},{"@type":"BreadcrumbList","@id":"https:\/\/www.shavei.org\/pt-br\/sobre-o-processo\/#breadcrumb","itemListElement":[{"@type":"ListItem","position":1,"name":"Home","item":"https:\/\/www.shavei.org\/"},{"@type":"ListItem","position":2,"name":"Sobre o Processo"}]},{"@type":"WebSite","@id":"https:\/\/www.shavei.org\/#website","url":"https:\/\/www.shavei.org\/","name":"Shavei Israel","description":"One nation, many faces. We help them all return.","publisher":{"@id":"https:\/\/www.shavei.org\/#organization"},"potentialAction":[{"@type":"SearchAction","target":{"@type":"EntryPoint","urlTemplate":"https:\/\/www.shavei.org\/?s={search_term_string}"},"query-input":{"@type":"PropertyValueSpecification","valueRequired":true,"valueName":"search_term_string"}}],"inLanguage":"pt-BR"},{"@type":"Organization","@id":"https:\/\/www.shavei.org\/#organization","name":"Shavei Israel","url":"https:\/\/www.shavei.org\/","logo":{"@type":"ImageObject","inLanguage":"pt-BR","@id":"https:\/\/www.shavei.org\/#\/schema\/logo\/image\/","url":"https:\/\/www.shavei.org\/wp-content\/uploads\/2017\/10\/shavei-logo.jpg","contentUrl":"https:\/\/www.shavei.org\/wp-content\/uploads\/2017\/10\/shavei-logo.jpg","width":300,"height":285,"caption":"Shavei Israel"},"image":{"@id":"https:\/\/www.shavei.org\/#\/schema\/logo\/image\/"}}]}},"campaignId":"","_links":{"self":[{"href":"https:\/\/www.shavei.org\/pt-br\/wp-json\/wp\/v2\/pages\/138383","targetHints":{"allow":["GET"]}}],"collection":[{"href":"https:\/\/www.shavei.org\/pt-br\/wp-json\/wp\/v2\/pages"}],"about":[{"href":"https:\/\/www.shavei.org\/pt-br\/wp-json\/wp\/v2\/types\/page"}],"author":[{"embeddable":true,"href":"https:\/\/www.shavei.org\/pt-br\/wp-json\/wp\/v2\/users\/31"}],"replies":[{"embeddable":true,"href":"https:\/\/www.shavei.org\/pt-br\/wp-json\/wp\/v2\/comments?post=138383"}],"version-history":[{"count":0,"href":"https:\/\/www.shavei.org\/pt-br\/wp-json\/wp\/v2\/pages\/138383\/revisions"}],"wp:attachment":[{"href":"https:\/\/www.shavei.org\/pt-br\/wp-json\/wp\/v2\/media?parent=138383"}],"curies":[{"name":"wp","href":"https:\/\/api.w.org\/{rel}","templated":true}]}}