{"id":138382,"date":"2021-05-27T16:44:38","date_gmt":"2021-05-27T14:44:38","guid":{"rendered":"https:\/\/www.shavei.org\/livros\/"},"modified":"2021-05-27T16:44:38","modified_gmt":"2021-05-27T14:44:38","slug":"livros","status":"publish","type":"page","link":"https:\/\/www.shavei.org\/pt-br\/livros\/","title":{"rendered":"Livros"},"content":{"rendered":"<p>Segue abaixo uma lista de <strong>livros sugeridos<\/strong> sobre temas essenciais no juda\u00edsmo, que acreditamos serem importantes no <strong>processo de estudo<\/strong> e podem servir como um <strong>bom guia<\/strong>, al\u00e9m de serem bastante <strong>esclarecedores<\/strong>.<\/p>\n<p>Lembramos tamb\u00e9m que voc\u00ea pode encontrar <strong>livros b\u00e1sicos<\/strong> sobre juda\u00edsmo na <strong>loja on-line<\/strong> da Shavei Israel. Clique <u>aqui<\/u> para acessar nosso interessante <strong>acervo pr\u00f3prio<\/strong>.<\/p>\n<p><strong>\u00a0<\/strong><\/p>\n<p><strong>Lista de livros recomendados:<\/strong><\/p>\n<ol>\n<li><strong>Tanach<\/strong> \u2013 (O Velho Testamento)<\/li>\n<\/ol>\n<ol start=\"2\">\n<li><strong>Sidur e Machzor<\/strong> (Livros de reza)<\/li>\n<\/ol>\n<ol start=\"3\">\n<li><strong>Shulchan Aruch ou Kitzur Shulchan Aruch<\/strong> &#8211; Rabino Yosef Caro<\/li>\n<\/ol>\n<ol start=\"4\">\n<li><strong>Hagad\u00e1 de Pessach<\/strong><\/li>\n<\/ol>\n<ol start=\"5\">\n<li><strong>Sefer HaMitzvot HaKatzar<\/strong> &#8211; \u201cO Livro Conciso das Mitzvot\u201d &#8211; Rambam<\/li>\n<\/ol>\n<ol start=\"6\">\n<li><strong>Chafetz Chaim<\/strong> (Leis de Lashon Har\u00e1) &#8211; Rabino Israel Meir Hacohen<\/li>\n<\/ol>\n<ol start=\"7\">\n<li><strong>O Caminho dos Justos<\/strong> (Mesilat Yesharim) &#8211; Rabi Moshe Chaim Luzzato<\/li>\n<\/ol>\n<ol start=\"8\">\n<li><strong>As \u00c1guas do Eden<\/strong> \u2013 Aryeh Kaplan<\/li>\n<\/ol>\n<ol start=\"9\">\n<li><strong>O Pequeno Midrash Diz<\/strong><\/li>\n<\/ol>\n<ol start=\"10\">\n<li><strong>Conselhos Extraordin\u00e1rios<\/strong> (Pele Ioetz) \u2013 Eliezer Papo<\/li>\n<\/ol>\n<ol start=\"11\">\n<li><strong>Uma Carta para as Gera\u00e7\u00f5es<\/strong> (Igueret HaRamban) &#8211; Rabino Moshe ben Nachman<\/li>\n<\/ol>\n<ol start=\"12\">\n<li><strong>Os Deveres do Cora\u00e7\u00e3o<\/strong> (Chovot Halevavot) &#8211; Rabino Ibn Pakuda<\/li>\n<\/ol>\n<ol start=\"13\">\n<li><strong>Casher na Pr\u00e1tica<\/strong> \u2013 Rabino Ezra Dayan<\/li>\n<\/ol>\n<ol start=\"14\">\n<li><strong>Shabat Dia de Eternidade<\/strong> \u2013 Aryeh Kaplan<\/li>\n<\/ol>\n<ol start=\"15\">\n<li><strong>Alternativas Judaicas no Amor, Namoro e Casamento<\/strong> &#8211; Pinchas Stolper<\/li>\n<\/ol>\n<ol start=\"16\">\n<li><strong>O Mais Completo Guia sobre Juda\u00edsmo<\/strong> &#8211; Benjamin Blech<\/li>\n<\/ol>\n<p><strong>Os livros podem ser adquiridos online, nos seguintes endere\u00e7os:<\/strong><\/p>\n<p>https:\/\/www.shavei.org\/shop<\/p>\n<p>https:\/\/www.sefer.com.br\/<\/p>\n<p><em>A Shavei Israel n\u00e3o se responsabiliza pelo conte\u00fado dos livros e dos websites sugeridos. Apenas fornecemos um servi\u00e7o de informa\u00e7\u00e3o para todos aqueles interessados.<\/em><\/p>\n","protected":false},"excerpt":{"rendered":"<p>Segue abaixo uma lista de livros sugeridos sobre temas essenciais no juda\u00edsmo, que acreditamos serem importantes no processo de estudo e podem servir como um bom guia, al\u00e9m de serem bastante esclarecedores. Lembramos tamb\u00e9m que voc\u00ea pode encontrar livros b\u00e1sicos sobre juda\u00edsmo na loja on-line&#8230;<\/p>\n","protected":false},"author":31,"featured_media":0,"parent":0,"menu_order":0,"comment_status":"open","ping_status":"open","template":"","meta":{"give_campaign_id":0,"_exactmetrics_skip_tracking":false,"_exactmetrics_sitenote_active":false,"_exactmetrics_sitenote_note":"","_exactmetrics_sitenote_category":0,"ngg_post_thumbnail":0,"footnotes":""},"class_list":["post-138382","page","type-page","status-publish","hentry"],"yoast_head":"<!-- This site is optimized with the Yoast SEO plugin v27.1.1 - https:\/\/yoast.com\/product\/yoast-seo-wordpress\/ -->\n<title>Livros - Shavei Israel<\/title>\n<meta name=\"robots\" content=\"index, follow, max-snippet:-1, max-image-preview:large, max-video-preview:-1\" \/>\n<link rel=\"canonical\" href=\"https:\/\/www.shavei.org\/pt-br\/livros\/\" \/>\n<meta property=\"og:locale\" content=\"pt_BR\" \/>\n<meta property=\"og:type\" content=\"article\" \/>\n<meta property=\"og:title\" content=\"Livros - Shavei Israel\" \/>\n<meta property=\"og:description\" content=\"Segue abaixo uma lista de livros sugeridos sobre temas essenciais no juda\u00edsmo, que acreditamos serem importantes no processo de estudo e podem servir como um bom guia, al\u00e9m de serem bastante esclarecedores. Lembramos tamb\u00e9m que voc\u00ea pode encontrar livros b\u00e1sicos sobre juda\u00edsmo na loja on-line...\" \/>\n<meta property=\"og:url\" content=\"https:\/\/www.shavei.org\/pt-br\/livros\/\" \/>\n<meta property=\"og:site_name\" content=\"Shavei Israel\" \/>\n<meta name=\"twitter:card\" content=\"summary_large_image\" \/>\n<meta name=\"twitter:label1\" content=\"Est. tempo de leitura\" \/>\n\t<meta name=\"twitter:data1\" content=\"1 minuto\" \/>\n<script type=\"application\/ld+json\" class=\"yoast-schema-graph\">{\"@context\":\"https:\/\/schema.org\",\"@graph\":[{\"@type\":\"WebPage\",\"@id\":\"https:\/\/www.shavei.org\/pt-br\/livros\/\",\"url\":\"https:\/\/www.shavei.org\/pt-br\/livros\/\",\"name\":\"Livros - Shavei Israel\",\"isPartOf\":{\"@id\":\"https:\/\/www.shavei.org\/#website\"},\"datePublished\":\"2021-05-27T14:44:38+00:00\",\"breadcrumb\":{\"@id\":\"https:\/\/www.shavei.org\/pt-br\/livros\/#breadcrumb\"},\"inLanguage\":\"pt-BR\",\"potentialAction\":[{\"@type\":\"ReadAction\",\"target\":[\"https:\/\/www.shavei.org\/pt-br\/livros\/\"]}]},{\"@type\":\"BreadcrumbList\",\"@id\":\"https:\/\/www.shavei.org\/pt-br\/livros\/#breadcrumb\",\"itemListElement\":[{\"@type\":\"ListItem\",\"position\":1,\"name\":\"Home\",\"item\":\"https:\/\/www.shavei.org\/\"},{\"@type\":\"ListItem\",\"position\":2,\"name\":\"Livros\"}]},{\"@type\":\"WebSite\",\"@id\":\"https:\/\/www.shavei.org\/#website\",\"url\":\"https:\/\/www.shavei.org\/\",\"name\":\"Shavei Israel\",\"description\":\"One nation, many faces. We help them all return.\",\"publisher\":{\"@id\":\"https:\/\/www.shavei.org\/#organization\"},\"potentialAction\":[{\"@type\":\"SearchAction\",\"target\":{\"@type\":\"EntryPoint\",\"urlTemplate\":\"https:\/\/www.shavei.org\/?s={search_term_string}\"},\"query-input\":{\"@type\":\"PropertyValueSpecification\",\"valueRequired\":true,\"valueName\":\"search_term_string\"}}],\"inLanguage\":\"pt-BR\"},{\"@type\":\"Organization\",\"@id\":\"https:\/\/www.shavei.org\/#organization\",\"name\":\"Shavei Israel\",\"url\":\"https:\/\/www.shavei.org\/\",\"logo\":{\"@type\":\"ImageObject\",\"inLanguage\":\"pt-BR\",\"@id\":\"https:\/\/www.shavei.org\/#\/schema\/logo\/image\/\",\"url\":\"https:\/\/www.shavei.org\/wp-content\/uploads\/2017\/10\/shavei-logo.jpg\",\"contentUrl\":\"https:\/\/www.shavei.org\/wp-content\/uploads\/2017\/10\/shavei-logo.jpg\",\"width\":300,\"height\":285,\"caption\":\"Shavei Israel\"},\"image\":{\"@id\":\"https:\/\/www.shavei.org\/#\/schema\/logo\/image\/\"}}]}<\/script>\n<!-- \/ Yoast SEO plugin. -->","yoast_head_json":{"title":"Livros - Shavei Israel","robots":{"index":"index","follow":"follow","max-snippet":"max-snippet:-1","max-image-preview":"max-image-preview:large","max-video-preview":"max-video-preview:-1"},"canonical":"https:\/\/www.shavei.org\/pt-br\/livros\/","og_locale":"pt_BR","og_type":"article","og_title":"Livros - Shavei Israel","og_description":"Segue abaixo uma lista de livros sugeridos sobre temas essenciais no juda\u00edsmo, que acreditamos serem importantes no processo de estudo e podem servir como um bom guia, al\u00e9m de serem bastante esclarecedores. Lembramos tamb\u00e9m que voc\u00ea pode encontrar livros b\u00e1sicos sobre juda\u00edsmo na loja on-line...","og_url":"https:\/\/www.shavei.org\/pt-br\/livros\/","og_site_name":"Shavei Israel","twitter_card":"summary_large_image","twitter_misc":{"Est. tempo de leitura":"1 minuto"},"schema":{"@context":"https:\/\/schema.org","@graph":[{"@type":"WebPage","@id":"https:\/\/www.shavei.org\/pt-br\/livros\/","url":"https:\/\/www.shavei.org\/pt-br\/livros\/","name":"Livros - Shavei Israel","isPartOf":{"@id":"https:\/\/www.shavei.org\/#website"},"datePublished":"2021-05-27T14:44:38+00:00","breadcrumb":{"@id":"https:\/\/www.shavei.org\/pt-br\/livros\/#breadcrumb"},"inLanguage":"pt-BR","potentialAction":[{"@type":"ReadAction","target":["https:\/\/www.shavei.org\/pt-br\/livros\/"]}]},{"@type":"BreadcrumbList","@id":"https:\/\/www.shavei.org\/pt-br\/livros\/#breadcrumb","itemListElement":[{"@type":"ListItem","position":1,"name":"Home","item":"https:\/\/www.shavei.org\/"},{"@type":"ListItem","position":2,"name":"Livros"}]},{"@type":"WebSite","@id":"https:\/\/www.shavei.org\/#website","url":"https:\/\/www.shavei.org\/","name":"Shavei Israel","description":"One nation, many faces. We help them all return.","publisher":{"@id":"https:\/\/www.shavei.org\/#organization"},"potentialAction":[{"@type":"SearchAction","target":{"@type":"EntryPoint","urlTemplate":"https:\/\/www.shavei.org\/?s={search_term_string}"},"query-input":{"@type":"PropertyValueSpecification","valueRequired":true,"valueName":"search_term_string"}}],"inLanguage":"pt-BR"},{"@type":"Organization","@id":"https:\/\/www.shavei.org\/#organization","name":"Shavei Israel","url":"https:\/\/www.shavei.org\/","logo":{"@type":"ImageObject","inLanguage":"pt-BR","@id":"https:\/\/www.shavei.org\/#\/schema\/logo\/image\/","url":"https:\/\/www.shavei.org\/wp-content\/uploads\/2017\/10\/shavei-logo.jpg","contentUrl":"https:\/\/www.shavei.org\/wp-content\/uploads\/2017\/10\/shavei-logo.jpg","width":300,"height":285,"caption":"Shavei Israel"},"image":{"@id":"https:\/\/www.shavei.org\/#\/schema\/logo\/image\/"}}]}},"campaignId":"","_links":{"self":[{"href":"https:\/\/www.shavei.org\/pt-br\/wp-json\/wp\/v2\/pages\/138382","targetHints":{"allow":["GET"]}}],"collection":[{"href":"https:\/\/www.shavei.org\/pt-br\/wp-json\/wp\/v2\/pages"}],"about":[{"href":"https:\/\/www.shavei.org\/pt-br\/wp-json\/wp\/v2\/types\/page"}],"author":[{"embeddable":true,"href":"https:\/\/www.shavei.org\/pt-br\/wp-json\/wp\/v2\/users\/31"}],"replies":[{"embeddable":true,"href":"https:\/\/www.shavei.org\/pt-br\/wp-json\/wp\/v2\/comments?post=138382"}],"version-history":[{"count":0,"href":"https:\/\/www.shavei.org\/pt-br\/wp-json\/wp\/v2\/pages\/138382\/revisions"}],"wp:attachment":[{"href":"https:\/\/www.shavei.org\/pt-br\/wp-json\/wp\/v2\/media?parent=138382"}],"curies":[{"name":"wp","href":"https:\/\/api.w.org\/{rel}","templated":true}]}}