{"id":138380,"date":"2021-05-27T16:44:38","date_gmt":"2021-05-27T14:44:38","guid":{"rendered":"https:\/\/www.shavei.org\/brasil\/"},"modified":"2021-05-27T16:44:38","modified_gmt":"2021-05-27T14:44:38","slug":"brasil","status":"publish","type":"page","link":"https:\/\/www.shavei.org\/pt-br\/brasil\/","title":{"rendered":"Brasil"},"content":{"rendered":"<p>&nbsp;<\/p>\n<p><strong>Bel\u00e9m<\/strong><\/p>\n<ul>\n<li><u>Chabad Lubavitch<\/u> | Serzedelo Correa, 276 | Tel. +55 91 3241 2250 | Contato <u>aqui<\/u>.<\/li>\n<li><strong>Shaar HaShamayim<\/strong> | Alcipreste Manuel Rua Theodoro, 842<\/li>\n<\/ul>\n<p>&nbsp;<\/p>\n<p><strong>Belo Horizonte<\/strong><\/p>\n<ul>\n<li><u>Chabad Lubavitch<\/u> | Rua Timbiras, 501 | Tel +55 31 3273 7772 | Chabad.bhz@terra.com.br<\/li>\n<\/ul>\n<p>&nbsp;<\/p>\n<p><strong>Bras\u00edlia<\/strong><\/p>\n<ul>\n<li><u>Associa\u00e7\u00e3o Cultural Israelita de Bras\u00edlia<\/u> | Entrequadras Norte, 305-306, Lote A | Tel. +55 61 273 8255\/2984 | acibdf@gmail.com<\/li>\n<li><u>Chabad Lubavitch<\/u> | Contato <u>aqui<\/u><\/li>\n<\/ul>\n<p>&nbsp;<\/p>\n<p><strong>Manaus<\/strong><\/p>\n<ul>\n<li><strong>Comit\u00ea Israelita do Amazonas<\/strong> | Tel +55 92 234 9558<\/li>\n<li><u>Chabad Lubavitch<\/u> | Av Rio Purus 9 QD36 (641) Vieiralves | Tel +55 92 3088 3302 | Contato <u>aqui<\/u><\/li>\n<\/ul>\n<p>&nbsp;<\/p>\n<p><strong>Porto Alegre<\/strong><\/p>\n<ul>\n<li><u>Chabad Lubavitch<\/u> | Rua Felipe Camar\u00e3o, 748-102 | Tel. +55 7078 maio 1330 | Contato <u>aqui<\/u><\/li>\n<\/ul>\n<p>&nbsp;<\/p>\n<p><strong>Recife<\/strong><\/p>\n<ul>\n<li><u>Chabad Lubavitch<\/u> | Rua Jorge Couceiro da Costa Eiras, 603 | Tel. +55 81 3327 9222 | Contato <u>aqui<\/u><\/li>\n<\/ul>\n<p>&nbsp;<\/p>\n<p><strong>Rio de Janeiro<\/strong><\/p>\n<ul>\n<li><strong>Agudat Israel<\/strong> | Rua Nascimento Silva, 109. Ipanema | Tel +55 22 94 3138.<\/li>\n<li><strong>Ahavat Shalom<\/strong> | Rua Juvenal Galeno, 29. Olaria | Tel +55 25 60 5424.<\/li>\n<li><u>Associa\u00e7\u00e3o Beneficente Israelita Uni\u00e3o<\/u> | Rua Santa Alexandrina, 464. Rio Comprido | Tel +55 22 73 7626, -2502 e -5522 | Contato <u><a href=\"https:\/\/www.uniaolar.com.br\/contato.htm\">aqui<\/a><\/u><\/li>\n<\/ul>\n<ul>\n<li><strong>Beit Aaron<\/strong> | Rua Gago Coutinho, 48. Laranjeiras, Botafogo | Tel +55 22 25 3507.<\/li>\n<li><strong>Beth El<\/strong> | Rua Barata Ribeiro, 489 | Tel-+55 25 48 5545 | bethel.sinagoga@ig.com.br<\/li>\n<li><strong>Beit Yehuda Meir<\/strong> | Rua Luc\u00eddio Lago, 326. Meier.<\/li>\n<li><strong>Ben Yehuda Monte Sinai<\/strong> | Rua S\u00e3o Francisco Xavier, 104. Tijuca | Tel +55 22 84 9812<\/li>\n<li><strong>Binyan Olam<\/strong> | Rua Lacerda Coutinho, 53 | Tel +55 22 55 2764.<\/li>\n<li><strong>Centro Israelita Niter\u00f3i<\/strong> | Rua Visc. Uruguai, 255 Niteroi | Tel. +55 26 20 8598<\/li>\n<li><strong>Fam\u00edlia Safra<\/strong> | +55 25 69 3958 Tel | Rua Afonso Pena, 171 Tijuca.<\/li>\n<li><strong>Grande Templo Israelita do Rio de Janeiro<\/strong> | Rua Tenente Possolo, 8. Tijuca | Tel +55 22 32 3656.<\/li>\n<li><strong>Kehilat Yaacov<\/strong> | Rua Cap. Alvares da Silva, 15. Copacabana | Tel +55 22 55 0191\/3922-36.<\/li>\n<li><strong>Lar da Velhice Israelita Religiosa<\/strong> | Av Gerem\u00e1rio Dantas, 278. Jacarepagu\u00e1 | Tel. +55 33 92 5703\/1230 -92.<\/li>\n<li><strong>Maimonides<\/strong> | Rua Barata Ribeiro, 489 | Tel. +55 25 48 3413<\/li>\n<li><strong>Moriah<\/strong> | Rua Pompeu Loureiro, 48 | Tel. 55 2235 3110<\/li>\n<li><strong>Sinagoga Israelita Brasileira<\/strong> | Av Aureliano Coutinho, 48. Petr\u00f3polis | Tel +55 24 2242 6707<\/li>\n<li><strong>Sociedade Israelita Sinagoga Beirutense<\/strong> | Rua Carvalho Alvim, 467. Tijuca | Tel +55 25 82 6106\/6107\/8898.<\/li>\n<li><strong>Sinagoga Shalom<\/strong> | Av Oliveira Botelho, 112. Teres\u00f3polis | Tel +55 24 2642 6919<\/li>\n<li><strong>Sociedade Uni\u00e3o Israelita de Campos<\/strong> | Rua Cons\u00ba. Otaviano, 84-404. Campos | Tel. +55 24 2722 1727<\/li>\n<li><strong>Templo Sidon<\/strong> | Rua Conde de Bonfim, 521. Tijuca | Tel +55 22 68 3392.<\/li>\n<li><strong>Uni\u00e3o Beneficente Magen David<\/strong> | Rua Visc. Cabo Frio, 29. Tijuca | Tel. +55 22 58 6172<\/li>\n<li><strong>Uni\u00e3o Israelita Shel Gemilut Hassadim<\/strong> | Rua Rodrigo de Brito, 37. Botafogo | Tel +55 25 41 7449 \/ 7391 |Sinagoga.shel@openlink.com.br<\/li>\n<\/ul>\n<p>&nbsp;<\/p>\n<p><strong>S\u00e3o Paulo<\/strong><\/p>\n<ul>\n<li><u>Chabad Lubavitch<\/u> | Existem 18 centros do Chabad na cidade. Sugerimos que, para encontrar o centro mais pr\u00f3ximo de voc\u00ea, busque atrav\u00e9s dos seguintes links: pr\u00f3ximo a \u00e1rea de <u>Santo Andr\u00e9<\/u> ou pr\u00f3ximo a \u00e1rea de <u>S\u00e3o Paulo<\/u>.<\/li>\n<\/ul>\n","protected":false},"excerpt":{"rendered":"<p>&nbsp; Bel\u00e9m Chabad Lubavitch | Serzedelo Correa, 276 | Tel. +55 91 3241 2250 | Contato aqui. Shaar HaShamayim | Alcipreste Manuel Rua Theodoro, 842 &nbsp; Belo Horizonte Chabad Lubavitch | Rua Timbiras, 501 | Tel +55 31 3273 7772 | Chabad.bhz@terra.com.br &nbsp; Bras\u00edlia Associa\u00e7\u00e3o&#8230;<\/p>\n","protected":false},"author":31,"featured_media":0,"parent":0,"menu_order":0,"comment_status":"open","ping_status":"open","template":"","meta":{"give_campaign_id":0,"_exactmetrics_skip_tracking":false,"_exactmetrics_sitenote_active":false,"_exactmetrics_sitenote_note":"","_exactmetrics_sitenote_category":0,"ngg_post_thumbnail":0,"footnotes":""},"class_list":["post-138380","page","type-page","status-publish","hentry"],"yoast_head":"<!-- This site is optimized with the Yoast SEO plugin v27.1.1 - https:\/\/yoast.com\/product\/yoast-seo-wordpress\/ -->\n<title>Brasil - Shavei Israel<\/title>\n<meta name=\"robots\" content=\"index, follow, max-snippet:-1, max-image-preview:large, max-video-preview:-1\" \/>\n<link rel=\"canonical\" href=\"https:\/\/www.shavei.org\/pt-br\/brasil\/\" \/>\n<meta property=\"og:locale\" content=\"pt_BR\" \/>\n<meta property=\"og:type\" content=\"article\" \/>\n<meta property=\"og:title\" content=\"Brasil - Shavei Israel\" \/>\n<meta property=\"og:description\" content=\"&nbsp; Bel\u00e9m Chabad Lubavitch | Serzedelo Correa, 276 | Tel. +55 91 3241 2250 | Contato aqui. Shaar HaShamayim | Alcipreste Manuel Rua Theodoro, 842 &nbsp; Belo Horizonte Chabad Lubavitch | Rua Timbiras, 501 | Tel +55 31 3273 7772 | Chabad.bhz@terra.com.br &nbsp; Bras\u00edlia Associa\u00e7\u00e3o...\" \/>\n<meta property=\"og:url\" content=\"https:\/\/www.shavei.org\/pt-br\/brasil\/\" \/>\n<meta property=\"og:site_name\" content=\"Shavei Israel\" \/>\n<meta name=\"twitter:card\" content=\"summary_large_image\" \/>\n<meta name=\"twitter:label1\" content=\"Est. tempo de leitura\" \/>\n\t<meta name=\"twitter:data1\" content=\"2 minutos\" \/>\n<script type=\"application\/ld+json\" class=\"yoast-schema-graph\">{\"@context\":\"https:\/\/schema.org\",\"@graph\":[{\"@type\":\"WebPage\",\"@id\":\"https:\/\/www.shavei.org\/pt-br\/brasil\/\",\"url\":\"https:\/\/www.shavei.org\/pt-br\/brasil\/\",\"name\":\"Brasil - Shavei Israel\",\"isPartOf\":{\"@id\":\"https:\/\/www.shavei.org\/#website\"},\"datePublished\":\"2021-05-27T14:44:38+00:00\",\"breadcrumb\":{\"@id\":\"https:\/\/www.shavei.org\/pt-br\/brasil\/#breadcrumb\"},\"inLanguage\":\"pt-BR\",\"potentialAction\":[{\"@type\":\"ReadAction\",\"target\":[\"https:\/\/www.shavei.org\/pt-br\/brasil\/\"]}]},{\"@type\":\"BreadcrumbList\",\"@id\":\"https:\/\/www.shavei.org\/pt-br\/brasil\/#breadcrumb\",\"itemListElement\":[{\"@type\":\"ListItem\",\"position\":1,\"name\":\"Home\",\"item\":\"https:\/\/www.shavei.org\/\"},{\"@type\":\"ListItem\",\"position\":2,\"name\":\"Brasil\"}]},{\"@type\":\"WebSite\",\"@id\":\"https:\/\/www.shavei.org\/#website\",\"url\":\"https:\/\/www.shavei.org\/\",\"name\":\"Shavei Israel\",\"description\":\"One nation, many faces. We help them all return.\",\"publisher\":{\"@id\":\"https:\/\/www.shavei.org\/#organization\"},\"potentialAction\":[{\"@type\":\"SearchAction\",\"target\":{\"@type\":\"EntryPoint\",\"urlTemplate\":\"https:\/\/www.shavei.org\/?s={search_term_string}\"},\"query-input\":{\"@type\":\"PropertyValueSpecification\",\"valueRequired\":true,\"valueName\":\"search_term_string\"}}],\"inLanguage\":\"pt-BR\"},{\"@type\":\"Organization\",\"@id\":\"https:\/\/www.shavei.org\/#organization\",\"name\":\"Shavei Israel\",\"url\":\"https:\/\/www.shavei.org\/\",\"logo\":{\"@type\":\"ImageObject\",\"inLanguage\":\"pt-BR\",\"@id\":\"https:\/\/www.shavei.org\/#\/schema\/logo\/image\/\",\"url\":\"https:\/\/www.shavei.org\/wp-content\/uploads\/2017\/10\/shavei-logo.jpg\",\"contentUrl\":\"https:\/\/www.shavei.org\/wp-content\/uploads\/2017\/10\/shavei-logo.jpg\",\"width\":300,\"height\":285,\"caption\":\"Shavei Israel\"},\"image\":{\"@id\":\"https:\/\/www.shavei.org\/#\/schema\/logo\/image\/\"}}]}<\/script>\n<!-- \/ Yoast SEO plugin. -->","yoast_head_json":{"title":"Brasil - Shavei Israel","robots":{"index":"index","follow":"follow","max-snippet":"max-snippet:-1","max-image-preview":"max-image-preview:large","max-video-preview":"max-video-preview:-1"},"canonical":"https:\/\/www.shavei.org\/pt-br\/brasil\/","og_locale":"pt_BR","og_type":"article","og_title":"Brasil - Shavei Israel","og_description":"&nbsp; Bel\u00e9m Chabad Lubavitch | Serzedelo Correa, 276 | Tel. +55 91 3241 2250 | Contato aqui. Shaar HaShamayim | Alcipreste Manuel Rua Theodoro, 842 &nbsp; Belo Horizonte Chabad Lubavitch | Rua Timbiras, 501 | Tel +55 31 3273 7772 | Chabad.bhz@terra.com.br &nbsp; Bras\u00edlia Associa\u00e7\u00e3o...","og_url":"https:\/\/www.shavei.org\/pt-br\/brasil\/","og_site_name":"Shavei Israel","twitter_card":"summary_large_image","twitter_misc":{"Est. tempo de leitura":"2 minutos"},"schema":{"@context":"https:\/\/schema.org","@graph":[{"@type":"WebPage","@id":"https:\/\/www.shavei.org\/pt-br\/brasil\/","url":"https:\/\/www.shavei.org\/pt-br\/brasil\/","name":"Brasil - Shavei Israel","isPartOf":{"@id":"https:\/\/www.shavei.org\/#website"},"datePublished":"2021-05-27T14:44:38+00:00","breadcrumb":{"@id":"https:\/\/www.shavei.org\/pt-br\/brasil\/#breadcrumb"},"inLanguage":"pt-BR","potentialAction":[{"@type":"ReadAction","target":["https:\/\/www.shavei.org\/pt-br\/brasil\/"]}]},{"@type":"BreadcrumbList","@id":"https:\/\/www.shavei.org\/pt-br\/brasil\/#breadcrumb","itemListElement":[{"@type":"ListItem","position":1,"name":"Home","item":"https:\/\/www.shavei.org\/"},{"@type":"ListItem","position":2,"name":"Brasil"}]},{"@type":"WebSite","@id":"https:\/\/www.shavei.org\/#website","url":"https:\/\/www.shavei.org\/","name":"Shavei Israel","description":"One nation, many faces. We help them all return.","publisher":{"@id":"https:\/\/www.shavei.org\/#organization"},"potentialAction":[{"@type":"SearchAction","target":{"@type":"EntryPoint","urlTemplate":"https:\/\/www.shavei.org\/?s={search_term_string}"},"query-input":{"@type":"PropertyValueSpecification","valueRequired":true,"valueName":"search_term_string"}}],"inLanguage":"pt-BR"},{"@type":"Organization","@id":"https:\/\/www.shavei.org\/#organization","name":"Shavei Israel","url":"https:\/\/www.shavei.org\/","logo":{"@type":"ImageObject","inLanguage":"pt-BR","@id":"https:\/\/www.shavei.org\/#\/schema\/logo\/image\/","url":"https:\/\/www.shavei.org\/wp-content\/uploads\/2017\/10\/shavei-logo.jpg","contentUrl":"https:\/\/www.shavei.org\/wp-content\/uploads\/2017\/10\/shavei-logo.jpg","width":300,"height":285,"caption":"Shavei Israel"},"image":{"@id":"https:\/\/www.shavei.org\/#\/schema\/logo\/image\/"}}]}},"campaignId":"","_links":{"self":[{"href":"https:\/\/www.shavei.org\/pt-br\/wp-json\/wp\/v2\/pages\/138380","targetHints":{"allow":["GET"]}}],"collection":[{"href":"https:\/\/www.shavei.org\/pt-br\/wp-json\/wp\/v2\/pages"}],"about":[{"href":"https:\/\/www.shavei.org\/pt-br\/wp-json\/wp\/v2\/types\/page"}],"author":[{"embeddable":true,"href":"https:\/\/www.shavei.org\/pt-br\/wp-json\/wp\/v2\/users\/31"}],"replies":[{"embeddable":true,"href":"https:\/\/www.shavei.org\/pt-br\/wp-json\/wp\/v2\/comments?post=138380"}],"version-history":[{"count":0,"href":"https:\/\/www.shavei.org\/pt-br\/wp-json\/wp\/v2\/pages\/138380\/revisions"}],"wp:attachment":[{"href":"https:\/\/www.shavei.org\/pt-br\/wp-json\/wp\/v2\/media?parent=138380"}],"curies":[{"name":"wp","href":"https:\/\/api.w.org\/{rel}","templated":true}]}}