{"id":138373,"date":"2021-05-27T16:44:38","date_gmt":"2021-05-27T14:44:38","guid":{"rendered":"https:\/\/www.shavei.org\/a-historia-dos-anussim\/"},"modified":"2021-05-27T16:44:38","modified_gmt":"2021-05-27T14:44:38","slug":"a-historia-dos-anussim","status":"publish","type":"page","link":"https:\/\/www.shavei.org\/pt-br\/a-historia-dos-anussim\/","title":{"rendered":"A Hist\u00f3ria dos Anussim"},"content":{"rendered":"<p style=\"text-align:left;\"><strong><em>Migra\u00e7\u00f5es e estabelecimento do povo judeu expulso da Espanha<\/em><\/strong><\/p>\n<p>Os <strong><em>Bnei Anussim<\/em><\/strong> (filhos dos for\u00e7ados), originalmente, eram conhecidos como <strong>crist\u00e3os-novos<\/strong>, em seguida, como <strong>Criptojudeus<\/strong> e possivelmente em paralelo \u2013 mas desde sempre \u2013 como <strong>marranos<\/strong>. De acordo com a <em>Academia Real da Linguagem<\/em> \u201cmarrano\u201d prov\u00e9m do \u00e1rabe <strong><em>\u201cmujarr\u00e1m\u201d<\/em><\/strong> (mujarrano &gt; murrano &gt; marrano; que em \u00e1rabe significa <em>amaldi\u00e7oado<\/em> ou <em>proibido<\/em>). Esta palavra \u00e1rabe tornou-se para os crist\u00e3os na Espanha mu\u00e7ulmana, sin\u00f4nimo de \u201cporco\u201d (obviamente, devido a exclus\u00e3o deste animal da dieta alimentar dos \u00e1rabes e judeus).<\/p>\n<p>Os primeiros judeus secretos ou ocultos (criptojudeus), viveram na Pen\u00ednsula Ib\u00e9rica no s\u00e9culo 14 da Era Comum, ap\u00f3s terem sido obrigados a renunciar sua identidade cultural, nacional e espiritual. Seja por coer\u00e7\u00e3o ou seja por sobreviv\u00eancia, estes tiveram que professar publicamente o catolicismo romano, mas, secretamente, continuaram a praticar, sempre que poss\u00edvel, seu juda\u00edsmo.<\/p>\n<p>Isto aconteceu, em grande parte, ap\u00f3s os Reis Cat\u00f3licos completarem a &#8220;reconquista&#8221; da pen\u00ednsula, anexando Castela e todos os territ\u00f3rios isl\u00e2micos. Neste sentido, devemos lembrar que o povo \u00e1rabe tamb\u00e9m foi expulso da Espanha ou, for\u00e7ado a abandonar seus costumes e f\u00e9.<\/p>\n<p>Ap\u00f3s estes tr\u00e1gicos acontecimentos, qualquer pessoa diferente (do modelo que a coroa queria impor como sendo o ideal para o \u201cnovo habitante da pen\u00ednsula\u201d) era menosprezada, mal vista, e j\u00e1 no s\u00e9culo 14 (EC) uma onda de intoler\u00e2ncia contra povo judeu, se espalhava.<\/p>\n<p>A convers\u00e3o destes judeus ao cristianismo logo gerou d\u00favidas quanto a sua \u201cefic\u00e1cia\u201d, isto resultou em diversas ondas de severas persegui\u00e7\u00f5es contra estes, nas quais, milhares de pessoas morreram.<\/p>\n<p>A Inquisi\u00e7\u00e3o espanhola foi inaugurada no final do s\u00e9culo 15 (EC), para, desta maneira, expor as convers\u00f5es \u201cn\u00e3o sinceras\u201d dos crist\u00e3os-novos. Com isso, posteriormente, aconteceu a expuls\u00e3o dos judeus da Espanha, em 1492, resultado, em parte, das alega\u00e7\u00f5es de que os Anussim estavam pecando por querer retornar ao juda\u00edsmo, ou, ainda pior, por &#8220;judaizar&#8221; outras pessoas.<\/p>\n<p>Sefarad (a Espanha e Portugal de hoje) hospedou uma grande popula\u00e7\u00e3o judaica at\u00e9 o final da Idade M\u00e9dia, quando ainda estava sob o dom\u00ednio mu\u00e7ulmano. Isso, devido \u00e0 pol\u00edtica relativamente tolerante do Isl\u00e3 com o povo \u201cdo Livro\u201d.<\/p>\n<p>No entanto, foi somente ap\u00f3s a conquista das terras mu\u00e7ulmanas pelos reis cat\u00f3licos, que o antijuda\u00edsmo crist\u00e3o come\u00e7ou a pressionar o povo hebreu a adotar uma identidade alheia e uma f\u00e9 \u00e1dvena.<\/p>\n<p>No s\u00e9culo 14 (EC), j\u00e1 haviam multid\u00f5es de ativistas crist\u00e3os que atacavam o povo judeu nas principais cidades da pen\u00ednsula.<\/p>\n<p>Desta maneira, milhares de judeus se tornaram m\u00e1rtires de sua identidade cultural e de sua f\u00e9. Mesmo que, a maioria, no final das contas, tenha concordado, ou sido for\u00e7ado a concordar, a passar por uma pia baptismal e converter-se, dando origem aos crist\u00e3os-novos, criptojudeus, marranos&#8230; ou qualquer um destes termos nos quais utilizamos hoje para nos referir aos <em>Bnei Anussim<\/em>.<\/p>\n<p>A partir deste momento, \u00e9 dado o in\u00edcio a uma longa hist\u00f3ria de experi\u00eancias pessoais e familiares, conex\u00f5es e desconex\u00f5es com a ess\u00eancia judaica. Tradi\u00e7\u00f5es que foram mantidas num local esquecido at\u00e9 que, s\u00e9culos depois, com a chegada dos judeus da \u00c1frica do Norte e da Am\u00e9rica Latina, come\u00e7a a se formar, novamente, uma comunidade judaica na pen\u00ednsula. Na mesma pen\u00ednsula aonde seus antepassados tinham sido mortos, deportados ou for\u00e7ados a viver uma outra vida.<\/p>\n<p>Hoje, com uma comunidade vis\u00edvel e pessoas de refer\u00eancia, come\u00e7am a florescer hist\u00f3rias de inf\u00e2ncia, mem\u00f3rias das av\u00f3s e bisav\u00f3s, ou ,simplesmente, almas que v\u00e3o se reconectando, inexplicavelmente, com pessoas que, at\u00e9 o momento, eram desconhecidas. Se desperta a curiosidade, as pessoas v\u00e3o se identificando com outras ou v\u00e3o surgindo revela\u00e7\u00f5es de segredos familiares sobre um passado judaico na fam\u00edlia, at\u00e9 ent\u00e3o escondido. O mesmo acontece com o acesso \u00e0 internet, atrav\u00e9s de hist\u00f3rias semelhantes ou leituras de conte\u00fado judaico nos mais diversos sites.<\/p>\n<p>Existe uma necessidade de saber mais. E, \u00e9 a\u00ed que entra o Beit Haanusim como sendo uma ferramenta que funciona como um \u201cponto de encontro\u201d, que facilita o acesso \u00e0s comunidades judaicas, o estudo sistem\u00e1tico sobre a identidade perdida, e, assim, servir de aux\u00edlio a todos aqueles que sentem a necessidade de se aprofundar nos mais de 500 anos que se passaram desde a Inquisi\u00e7\u00e3o e a expuls\u00e3o. E, desta maneira, reconectar o presente com o momento que antecedeu este evento tr\u00e1gico, dividindo, assim, um povo, e, marcando uma hist\u00f3ria.<\/p>\n","protected":false},"excerpt":{"rendered":"<p>Migra\u00e7\u00f5es e estabelecimento do povo judeu expulso da Espanha Os Bnei Anussim (filhos dos for\u00e7ados), originalmente, eram conhecidos como crist\u00e3os-novos, em seguida, como Criptojudeus e possivelmente em paralelo \u2013 mas desde sempre \u2013 como marranos. De acordo com a Academia Real da Linguagem \u201cmarrano\u201d prov\u00e9m&#8230;<\/p>\n","protected":false},"author":31,"featured_media":0,"parent":0,"menu_order":0,"comment_status":"open","ping_status":"open","template":"","meta":{"give_campaign_id":0,"_exactmetrics_skip_tracking":false,"_exactmetrics_sitenote_active":false,"_exactmetrics_sitenote_note":"","_exactmetrics_sitenote_category":0,"ngg_post_thumbnail":0,"footnotes":""},"class_list":["post-138373","page","type-page","status-publish","hentry"],"yoast_head":"<!-- This site is optimized with the Yoast SEO plugin v27.1.1 - https:\/\/yoast.com\/product\/yoast-seo-wordpress\/ -->\n<title>A Hist\u00f3ria dos Anussim - Shavei Israel<\/title>\n<meta name=\"robots\" content=\"index, follow, max-snippet:-1, max-image-preview:large, max-video-preview:-1\" \/>\n<link rel=\"canonical\" href=\"https:\/\/www.shavei.org\/pt-br\/a-historia-dos-anussim\/\" \/>\n<meta property=\"og:locale\" content=\"pt_BR\" \/>\n<meta property=\"og:type\" content=\"article\" \/>\n<meta property=\"og:title\" content=\"A Hist\u00f3ria dos Anussim - Shavei Israel\" \/>\n<meta property=\"og:description\" content=\"Migra\u00e7\u00f5es e estabelecimento do povo judeu expulso da Espanha Os Bnei Anussim (filhos dos for\u00e7ados), originalmente, eram conhecidos como crist\u00e3os-novos, em seguida, como Criptojudeus e possivelmente em paralelo \u2013 mas desde sempre \u2013 como marranos. De acordo com a Academia Real da Linguagem \u201cmarrano\u201d prov\u00e9m...\" \/>\n<meta property=\"og:url\" content=\"https:\/\/www.shavei.org\/pt-br\/a-historia-dos-anussim\/\" \/>\n<meta property=\"og:site_name\" content=\"Shavei Israel\" \/>\n<meta name=\"twitter:card\" content=\"summary_large_image\" \/>\n<meta name=\"twitter:label1\" content=\"Est. tempo de leitura\" \/>\n\t<meta name=\"twitter:data1\" content=\"4 minutos\" \/>\n<script type=\"application\/ld+json\" class=\"yoast-schema-graph\">{\"@context\":\"https:\/\/schema.org\",\"@graph\":[{\"@type\":\"WebPage\",\"@id\":\"https:\/\/www.shavei.org\/pt-br\/a-historia-dos-anussim\/\",\"url\":\"https:\/\/www.shavei.org\/pt-br\/a-historia-dos-anussim\/\",\"name\":\"A Hist\u00f3ria dos Anussim - Shavei Israel\",\"isPartOf\":{\"@id\":\"https:\/\/www.shavei.org\/#website\"},\"datePublished\":\"2021-05-27T14:44:38+00:00\",\"breadcrumb\":{\"@id\":\"https:\/\/www.shavei.org\/pt-br\/a-historia-dos-anussim\/#breadcrumb\"},\"inLanguage\":\"pt-BR\",\"potentialAction\":[{\"@type\":\"ReadAction\",\"target\":[\"https:\/\/www.shavei.org\/pt-br\/a-historia-dos-anussim\/\"]}]},{\"@type\":\"BreadcrumbList\",\"@id\":\"https:\/\/www.shavei.org\/pt-br\/a-historia-dos-anussim\/#breadcrumb\",\"itemListElement\":[{\"@type\":\"ListItem\",\"position\":1,\"name\":\"Home\",\"item\":\"https:\/\/www.shavei.org\/\"},{\"@type\":\"ListItem\",\"position\":2,\"name\":\"A Hist\u00f3ria dos Anussim\"}]},{\"@type\":\"WebSite\",\"@id\":\"https:\/\/www.shavei.org\/#website\",\"url\":\"https:\/\/www.shavei.org\/\",\"name\":\"Shavei Israel\",\"description\":\"One nation, many faces. We help them all return.\",\"publisher\":{\"@id\":\"https:\/\/www.shavei.org\/#organization\"},\"potentialAction\":[{\"@type\":\"SearchAction\",\"target\":{\"@type\":\"EntryPoint\",\"urlTemplate\":\"https:\/\/www.shavei.org\/?s={search_term_string}\"},\"query-input\":{\"@type\":\"PropertyValueSpecification\",\"valueRequired\":true,\"valueName\":\"search_term_string\"}}],\"inLanguage\":\"pt-BR\"},{\"@type\":\"Organization\",\"@id\":\"https:\/\/www.shavei.org\/#organization\",\"name\":\"Shavei Israel\",\"url\":\"https:\/\/www.shavei.org\/\",\"logo\":{\"@type\":\"ImageObject\",\"inLanguage\":\"pt-BR\",\"@id\":\"https:\/\/www.shavei.org\/#\/schema\/logo\/image\/\",\"url\":\"https:\/\/www.shavei.org\/wp-content\/uploads\/2017\/10\/shavei-logo.jpg\",\"contentUrl\":\"https:\/\/www.shavei.org\/wp-content\/uploads\/2017\/10\/shavei-logo.jpg\",\"width\":300,\"height\":285,\"caption\":\"Shavei Israel\"},\"image\":{\"@id\":\"https:\/\/www.shavei.org\/#\/schema\/logo\/image\/\"}}]}<\/script>\n<!-- \/ Yoast SEO plugin. -->","yoast_head_json":{"title":"A Hist\u00f3ria dos Anussim - Shavei Israel","robots":{"index":"index","follow":"follow","max-snippet":"max-snippet:-1","max-image-preview":"max-image-preview:large","max-video-preview":"max-video-preview:-1"},"canonical":"https:\/\/www.shavei.org\/pt-br\/a-historia-dos-anussim\/","og_locale":"pt_BR","og_type":"article","og_title":"A Hist\u00f3ria dos Anussim - Shavei Israel","og_description":"Migra\u00e7\u00f5es e estabelecimento do povo judeu expulso da Espanha Os Bnei Anussim (filhos dos for\u00e7ados), originalmente, eram conhecidos como crist\u00e3os-novos, em seguida, como Criptojudeus e possivelmente em paralelo \u2013 mas desde sempre \u2013 como marranos. De acordo com a Academia Real da Linguagem \u201cmarrano\u201d prov\u00e9m...","og_url":"https:\/\/www.shavei.org\/pt-br\/a-historia-dos-anussim\/","og_site_name":"Shavei Israel","twitter_card":"summary_large_image","twitter_misc":{"Est. tempo de leitura":"4 minutos"},"schema":{"@context":"https:\/\/schema.org","@graph":[{"@type":"WebPage","@id":"https:\/\/www.shavei.org\/pt-br\/a-historia-dos-anussim\/","url":"https:\/\/www.shavei.org\/pt-br\/a-historia-dos-anussim\/","name":"A Hist\u00f3ria dos Anussim - Shavei Israel","isPartOf":{"@id":"https:\/\/www.shavei.org\/#website"},"datePublished":"2021-05-27T14:44:38+00:00","breadcrumb":{"@id":"https:\/\/www.shavei.org\/pt-br\/a-historia-dos-anussim\/#breadcrumb"},"inLanguage":"pt-BR","potentialAction":[{"@type":"ReadAction","target":["https:\/\/www.shavei.org\/pt-br\/a-historia-dos-anussim\/"]}]},{"@type":"BreadcrumbList","@id":"https:\/\/www.shavei.org\/pt-br\/a-historia-dos-anussim\/#breadcrumb","itemListElement":[{"@type":"ListItem","position":1,"name":"Home","item":"https:\/\/www.shavei.org\/"},{"@type":"ListItem","position":2,"name":"A Hist\u00f3ria dos Anussim"}]},{"@type":"WebSite","@id":"https:\/\/www.shavei.org\/#website","url":"https:\/\/www.shavei.org\/","name":"Shavei Israel","description":"One nation, many faces. We help them all return.","publisher":{"@id":"https:\/\/www.shavei.org\/#organization"},"potentialAction":[{"@type":"SearchAction","target":{"@type":"EntryPoint","urlTemplate":"https:\/\/www.shavei.org\/?s={search_term_string}"},"query-input":{"@type":"PropertyValueSpecification","valueRequired":true,"valueName":"search_term_string"}}],"inLanguage":"pt-BR"},{"@type":"Organization","@id":"https:\/\/www.shavei.org\/#organization","name":"Shavei Israel","url":"https:\/\/www.shavei.org\/","logo":{"@type":"ImageObject","inLanguage":"pt-BR","@id":"https:\/\/www.shavei.org\/#\/schema\/logo\/image\/","url":"https:\/\/www.shavei.org\/wp-content\/uploads\/2017\/10\/shavei-logo.jpg","contentUrl":"https:\/\/www.shavei.org\/wp-content\/uploads\/2017\/10\/shavei-logo.jpg","width":300,"height":285,"caption":"Shavei Israel"},"image":{"@id":"https:\/\/www.shavei.org\/#\/schema\/logo\/image\/"}}]}},"campaignId":"","_links":{"self":[{"href":"https:\/\/www.shavei.org\/pt-br\/wp-json\/wp\/v2\/pages\/138373","targetHints":{"allow":["GET"]}}],"collection":[{"href":"https:\/\/www.shavei.org\/pt-br\/wp-json\/wp\/v2\/pages"}],"about":[{"href":"https:\/\/www.shavei.org\/pt-br\/wp-json\/wp\/v2\/types\/page"}],"author":[{"embeddable":true,"href":"https:\/\/www.shavei.org\/pt-br\/wp-json\/wp\/v2\/users\/31"}],"replies":[{"embeddable":true,"href":"https:\/\/www.shavei.org\/pt-br\/wp-json\/wp\/v2\/comments?post=138373"}],"version-history":[{"count":0,"href":"https:\/\/www.shavei.org\/pt-br\/wp-json\/wp\/v2\/pages\/138373\/revisions"}],"wp:attachment":[{"href":"https:\/\/www.shavei.org\/pt-br\/wp-json\/wp\/v2\/media?parent=138373"}],"curies":[{"name":"wp","href":"https:\/\/api.w.org\/{rel}","templated":true}]}}