{"id":138370,"date":"2021-05-27T16:44:38","date_gmt":"2021-05-27T14:44:38","guid":{"rendered":"https:\/\/www.shavei.org\/retorno\/"},"modified":"2021-05-27T16:44:38","modified_gmt":"2021-05-27T14:44:38","slug":"retorno","status":"publish","type":"page","link":"https:\/\/www.shavei.org\/pt-br\/retorno\/","title":{"rendered":"Retorno"},"content":{"rendered":"<p style=\"text-align: center;\"><strong><em>Retorno (teshuv\u00e1)<\/em><\/strong><em> \u00e9 o processo para todos aqueles dos quais seus ancestrais eram judeus e por opress\u00e3o, ou escolha, tiveram que se afastar do povo judeu. <\/em><\/p>\n<p style=\"text-align: center;\"><strong><em>Convers\u00e3o (guiur)<\/em><\/strong><em>, refere-se a todos aqueles que mesmo sem possuir nenhuma ra\u00edz judaica, desejam fazer parte do Povo de Israel.<\/em><\/p>\n<p>Esta se\u00e7\u00e3o apresenta os seguintes t\u00f3picos:<\/p>\n<ul>\n<li><a href=\"https:\/\/casadosanussim.com\/retorno-e-conversao\/sobre-o-processo\/\">Sobre o Processo<\/a><\/li>\n<li><a href=\"https:\/\/casadosanussim.shavei.org\/retorno-e-conversao\/pesquisa-genealogica-e-nos-arquivos-da-inquisicao\/\">Pesquisa Geneal\u00f3gica e nos Arquivos da Inquisi\u00e7\u00e3o<\/a><\/li>\n<li><a href=\"https:\/\/casadosanussim.com\/retorno-e-conversao\/lista-de-comunidades-judaicas\/\">Lista de Comunidades Judaicas<\/a><\/li>\n<li><a href=\"https:\/\/casadosanussim.com\/retorno-e-conversao\/livros\/\">Livros<\/a><\/li>\n<li><a href=\"https:\/\/casadosanussim.com\/retorno-e-conversao\/temario\/\">Tem\u00e1rio<\/a><\/li>\n<\/ul>\n","protected":false},"excerpt":{"rendered":"<p>Retorno (teshuv\u00e1) \u00e9 o processo para todos aqueles dos quais seus ancestrais eram judeus e por opress\u00e3o, ou escolha, tiveram que se afastar do povo judeu. Convers\u00e3o (guiur), refere-se a todos aqueles que mesmo sem possuir nenhuma ra\u00edz judaica, desejam fazer parte do Povo de&#8230;<\/p>\n","protected":false},"author":31,"featured_media":0,"parent":0,"menu_order":0,"comment_status":"open","ping_status":"open","template":"","meta":{"give_campaign_id":0,"_exactmetrics_skip_tracking":false,"_exactmetrics_sitenote_active":false,"_exactmetrics_sitenote_note":"","_exactmetrics_sitenote_category":0,"ngg_post_thumbnail":0,"footnotes":""},"class_list":["post-138370","page","type-page","status-publish","hentry"],"yoast_head":"<!-- This site is optimized with the Yoast SEO plugin v27.1.1 - https:\/\/yoast.com\/product\/yoast-seo-wordpress\/ -->\n<title>Retorno - Shavei Israel<\/title>\n<meta name=\"robots\" content=\"index, follow, max-snippet:-1, max-image-preview:large, max-video-preview:-1\" \/>\n<link rel=\"canonical\" href=\"https:\/\/www.shavei.org\/pt-br\/retorno\/\" \/>\n<meta property=\"og:locale\" content=\"pt_BR\" \/>\n<meta property=\"og:type\" content=\"article\" \/>\n<meta property=\"og:title\" content=\"Retorno - Shavei Israel\" \/>\n<meta property=\"og:description\" content=\"Retorno (teshuv\u00e1) \u00e9 o processo para todos aqueles dos quais seus ancestrais eram judeus e por opress\u00e3o, ou escolha, tiveram que se afastar do povo judeu. Convers\u00e3o (guiur), refere-se a todos aqueles que mesmo sem possuir nenhuma ra\u00edz judaica, desejam fazer parte do Povo de...\" \/>\n<meta property=\"og:url\" content=\"https:\/\/www.shavei.org\/pt-br\/retorno\/\" \/>\n<meta property=\"og:site_name\" content=\"Shavei Israel\" \/>\n<meta name=\"twitter:card\" content=\"summary_large_image\" \/>\n<script type=\"application\/ld+json\" class=\"yoast-schema-graph\">{\"@context\":\"https:\/\/schema.org\",\"@graph\":[{\"@type\":\"WebPage\",\"@id\":\"https:\/\/www.shavei.org\/pt-br\/retorno\/\",\"url\":\"https:\/\/www.shavei.org\/pt-br\/retorno\/\",\"name\":\"Retorno - Shavei Israel\",\"isPartOf\":{\"@id\":\"https:\/\/www.shavei.org\/#website\"},\"datePublished\":\"2021-05-27T14:44:38+00:00\",\"breadcrumb\":{\"@id\":\"https:\/\/www.shavei.org\/pt-br\/retorno\/#breadcrumb\"},\"inLanguage\":\"pt-BR\",\"potentialAction\":[{\"@type\":\"ReadAction\",\"target\":[\"https:\/\/www.shavei.org\/pt-br\/retorno\/\"]}]},{\"@type\":\"BreadcrumbList\",\"@id\":\"https:\/\/www.shavei.org\/pt-br\/retorno\/#breadcrumb\",\"itemListElement\":[{\"@type\":\"ListItem\",\"position\":1,\"name\":\"Home\",\"item\":\"https:\/\/www.shavei.org\/\"},{\"@type\":\"ListItem\",\"position\":2,\"name\":\"Retorno\"}]},{\"@type\":\"WebSite\",\"@id\":\"https:\/\/www.shavei.org\/#website\",\"url\":\"https:\/\/www.shavei.org\/\",\"name\":\"Shavei Israel\",\"description\":\"One nation, many faces. We help them all return.\",\"publisher\":{\"@id\":\"https:\/\/www.shavei.org\/#organization\"},\"potentialAction\":[{\"@type\":\"SearchAction\",\"target\":{\"@type\":\"EntryPoint\",\"urlTemplate\":\"https:\/\/www.shavei.org\/?s={search_term_string}\"},\"query-input\":{\"@type\":\"PropertyValueSpecification\",\"valueRequired\":true,\"valueName\":\"search_term_string\"}}],\"inLanguage\":\"pt-BR\"},{\"@type\":\"Organization\",\"@id\":\"https:\/\/www.shavei.org\/#organization\",\"name\":\"Shavei Israel\",\"url\":\"https:\/\/www.shavei.org\/\",\"logo\":{\"@type\":\"ImageObject\",\"inLanguage\":\"pt-BR\",\"@id\":\"https:\/\/www.shavei.org\/#\/schema\/logo\/image\/\",\"url\":\"https:\/\/www.shavei.org\/wp-content\/uploads\/2017\/10\/shavei-logo.jpg\",\"contentUrl\":\"https:\/\/www.shavei.org\/wp-content\/uploads\/2017\/10\/shavei-logo.jpg\",\"width\":300,\"height\":285,\"caption\":\"Shavei Israel\"},\"image\":{\"@id\":\"https:\/\/www.shavei.org\/#\/schema\/logo\/image\/\"}}]}<\/script>\n<!-- \/ Yoast SEO plugin. -->","yoast_head_json":{"title":"Retorno - Shavei Israel","robots":{"index":"index","follow":"follow","max-snippet":"max-snippet:-1","max-image-preview":"max-image-preview:large","max-video-preview":"max-video-preview:-1"},"canonical":"https:\/\/www.shavei.org\/pt-br\/retorno\/","og_locale":"pt_BR","og_type":"article","og_title":"Retorno - Shavei Israel","og_description":"Retorno (teshuv\u00e1) \u00e9 o processo para todos aqueles dos quais seus ancestrais eram judeus e por opress\u00e3o, ou escolha, tiveram que se afastar do povo judeu. Convers\u00e3o (guiur), refere-se a todos aqueles que mesmo sem possuir nenhuma ra\u00edz judaica, desejam fazer parte do Povo de...","og_url":"https:\/\/www.shavei.org\/pt-br\/retorno\/","og_site_name":"Shavei Israel","twitter_card":"summary_large_image","schema":{"@context":"https:\/\/schema.org","@graph":[{"@type":"WebPage","@id":"https:\/\/www.shavei.org\/pt-br\/retorno\/","url":"https:\/\/www.shavei.org\/pt-br\/retorno\/","name":"Retorno - Shavei Israel","isPartOf":{"@id":"https:\/\/www.shavei.org\/#website"},"datePublished":"2021-05-27T14:44:38+00:00","breadcrumb":{"@id":"https:\/\/www.shavei.org\/pt-br\/retorno\/#breadcrumb"},"inLanguage":"pt-BR","potentialAction":[{"@type":"ReadAction","target":["https:\/\/www.shavei.org\/pt-br\/retorno\/"]}]},{"@type":"BreadcrumbList","@id":"https:\/\/www.shavei.org\/pt-br\/retorno\/#breadcrumb","itemListElement":[{"@type":"ListItem","position":1,"name":"Home","item":"https:\/\/www.shavei.org\/"},{"@type":"ListItem","position":2,"name":"Retorno"}]},{"@type":"WebSite","@id":"https:\/\/www.shavei.org\/#website","url":"https:\/\/www.shavei.org\/","name":"Shavei Israel","description":"One nation, many faces. We help them all return.","publisher":{"@id":"https:\/\/www.shavei.org\/#organization"},"potentialAction":[{"@type":"SearchAction","target":{"@type":"EntryPoint","urlTemplate":"https:\/\/www.shavei.org\/?s={search_term_string}"},"query-input":{"@type":"PropertyValueSpecification","valueRequired":true,"valueName":"search_term_string"}}],"inLanguage":"pt-BR"},{"@type":"Organization","@id":"https:\/\/www.shavei.org\/#organization","name":"Shavei Israel","url":"https:\/\/www.shavei.org\/","logo":{"@type":"ImageObject","inLanguage":"pt-BR","@id":"https:\/\/www.shavei.org\/#\/schema\/logo\/image\/","url":"https:\/\/www.shavei.org\/wp-content\/uploads\/2017\/10\/shavei-logo.jpg","contentUrl":"https:\/\/www.shavei.org\/wp-content\/uploads\/2017\/10\/shavei-logo.jpg","width":300,"height":285,"caption":"Shavei Israel"},"image":{"@id":"https:\/\/www.shavei.org\/#\/schema\/logo\/image\/"}}]}},"campaignId":"","_links":{"self":[{"href":"https:\/\/www.shavei.org\/pt-br\/wp-json\/wp\/v2\/pages\/138370","targetHints":{"allow":["GET"]}}],"collection":[{"href":"https:\/\/www.shavei.org\/pt-br\/wp-json\/wp\/v2\/pages"}],"about":[{"href":"https:\/\/www.shavei.org\/pt-br\/wp-json\/wp\/v2\/types\/page"}],"author":[{"embeddable":true,"href":"https:\/\/www.shavei.org\/pt-br\/wp-json\/wp\/v2\/users\/31"}],"replies":[{"embeddable":true,"href":"https:\/\/www.shavei.org\/pt-br\/wp-json\/wp\/v2\/comments?post=138370"}],"version-history":[{"count":0,"href":"https:\/\/www.shavei.org\/pt-br\/wp-json\/wp\/v2\/pages\/138370\/revisions"}],"wp:attachment":[{"href":"https:\/\/www.shavei.org\/pt-br\/wp-json\/wp\/v2\/media?parent=138370"}],"curies":[{"name":"wp","href":"https:\/\/api.w.org\/{rel}","templated":true}]}}