{"id":138369,"date":"2021-05-27T16:44:38","date_gmt":"2021-05-27T14:44:38","guid":{"rendered":"https:\/\/www.shavei.org\/judaismo\/"},"modified":"2021-05-27T16:44:38","modified_gmt":"2021-05-27T14:44:38","slug":"judaismo","status":"publish","type":"page","link":"https:\/\/www.shavei.org\/pt-br\/judaismo\/","title":{"rendered":"Juda\u00edsmo"},"content":{"rendered":"<p><em>Este simples conceito envolve a <strong>tradi\u00e7\u00e3o<\/strong>, a <strong>cultura<\/strong>, a <strong>filosofia <\/strong>e a <strong>f\u00e9<\/strong> do povo de Israel. Desta maneira, todo nosso website \u00e9 sobre o juda\u00edsmo. No entanto, com este nome, <strong>categorizamos<\/strong> e <strong>arquivamos<\/strong> para voc\u00ea, uma grande quantidade de conte\u00fado, dos quais esperamos que apreciem e aproveitem.<\/em><\/p>\n<p>Esta se\u00e7\u00e3o apresenta os seguintes t\u00f3picos:<\/p>\n<ul>\n<li><a href=\"https:\/\/casadosanussim.shavei.org\/category\/judaismo\/judaismo-judaismo\/\">Artigos sobre Judaismo<\/a><\/li>\n<li><a href=\"https:\/\/casadosanussim.com\/judaismo\/calendario-judaico\/\">Calend\u00e1rio Judaico<\/a><\/li>\n<li><a href=\"https:\/\/casadosanussim.shavei.org\/category\/judaismo\/historia-do-povo-judeu\/\">Hist\u00f3ria do Povo Judeu<\/a><\/li>\n<li><a href=\"https:\/\/casadosanussim.shavei.org\/category\/judaismo\/estado-de-israel\/\">Estado de Israel<\/a><\/li>\n<li><a href=\"https:\/\/casadosanussim.com\/category\/judaismo\/porcao-semanal-da-tora-parashat-hashavua\/\">Por\u00e7\u00e3o Semanal da Tor\u00e1 (Parashat Hashavua)<\/a><\/li>\n<li><a href=\"https:\/\/casadosanussim.shavei.org\/category\/judaismo\/sessao-perguntas\/\">Sess\u00e3o perguntas<\/a><\/li>\n<li><a href=\"https:\/\/casadosanussim.shavei.org\/category\/judaismo\/musica-e-arte\/\">M\u00fasica e Arte<\/a><\/li>\n<li><a href=\"https:\/\/casadosanussim.shavei.org\/category\/judaismo\/gastronomia\/\">Gastronomia<\/a><\/li>\n<\/ul>\n","protected":false},"excerpt":{"rendered":"<p>Este simples conceito envolve a tradi\u00e7\u00e3o, a cultura, a filosofia e a f\u00e9 do povo de Israel. Desta maneira, todo nosso website \u00e9 sobre o juda\u00edsmo. No entanto, com este nome, categorizamos e arquivamos para voc\u00ea, uma grande quantidade de conte\u00fado, dos quais esperamos que&#8230;<\/p>\n","protected":false},"author":31,"featured_media":0,"parent":0,"menu_order":0,"comment_status":"open","ping_status":"open","template":"","meta":{"give_campaign_id":0,"_exactmetrics_skip_tracking":false,"_exactmetrics_sitenote_active":false,"_exactmetrics_sitenote_note":"","_exactmetrics_sitenote_category":0,"ngg_post_thumbnail":0,"footnotes":""},"class_list":["post-138369","page","type-page","status-publish","hentry"],"yoast_head":"<!-- This site is optimized with the Yoast SEO plugin v27.1.1 - https:\/\/yoast.com\/product\/yoast-seo-wordpress\/ -->\n<title>Juda\u00edsmo - Shavei Israel<\/title>\n<meta name=\"robots\" content=\"index, follow, max-snippet:-1, max-image-preview:large, max-video-preview:-1\" \/>\n<link rel=\"canonical\" href=\"https:\/\/www.shavei.org\/pt-br\/judaismo\/\" \/>\n<meta property=\"og:locale\" content=\"pt_BR\" \/>\n<meta property=\"og:type\" content=\"article\" \/>\n<meta property=\"og:title\" content=\"Juda\u00edsmo - Shavei Israel\" \/>\n<meta property=\"og:description\" content=\"Este simples conceito envolve a tradi\u00e7\u00e3o, a cultura, a filosofia e a f\u00e9 do povo de Israel. Desta maneira, todo nosso website \u00e9 sobre o juda\u00edsmo. No entanto, com este nome, categorizamos e arquivamos para voc\u00ea, uma grande quantidade de conte\u00fado, dos quais esperamos que...\" \/>\n<meta property=\"og:url\" content=\"https:\/\/www.shavei.org\/pt-br\/judaismo\/\" \/>\n<meta property=\"og:site_name\" content=\"Shavei Israel\" \/>\n<meta name=\"twitter:card\" content=\"summary_large_image\" \/>\n<script type=\"application\/ld+json\" class=\"yoast-schema-graph\">{\"@context\":\"https:\/\/schema.org\",\"@graph\":[{\"@type\":\"WebPage\",\"@id\":\"https:\/\/www.shavei.org\/pt-br\/judaismo\/\",\"url\":\"https:\/\/www.shavei.org\/pt-br\/judaismo\/\",\"name\":\"Juda\u00edsmo - Shavei Israel\",\"isPartOf\":{\"@id\":\"https:\/\/www.shavei.org\/#website\"},\"datePublished\":\"2021-05-27T14:44:38+00:00\",\"breadcrumb\":{\"@id\":\"https:\/\/www.shavei.org\/pt-br\/judaismo\/#breadcrumb\"},\"inLanguage\":\"pt-BR\",\"potentialAction\":[{\"@type\":\"ReadAction\",\"target\":[\"https:\/\/www.shavei.org\/pt-br\/judaismo\/\"]}]},{\"@type\":\"BreadcrumbList\",\"@id\":\"https:\/\/www.shavei.org\/pt-br\/judaismo\/#breadcrumb\",\"itemListElement\":[{\"@type\":\"ListItem\",\"position\":1,\"name\":\"Home\",\"item\":\"https:\/\/www.shavei.org\/\"},{\"@type\":\"ListItem\",\"position\":2,\"name\":\"Juda\u00edsmo\"}]},{\"@type\":\"WebSite\",\"@id\":\"https:\/\/www.shavei.org\/#website\",\"url\":\"https:\/\/www.shavei.org\/\",\"name\":\"Shavei Israel\",\"description\":\"One nation, many faces. We help them all return.\",\"publisher\":{\"@id\":\"https:\/\/www.shavei.org\/#organization\"},\"potentialAction\":[{\"@type\":\"SearchAction\",\"target\":{\"@type\":\"EntryPoint\",\"urlTemplate\":\"https:\/\/www.shavei.org\/?s={search_term_string}\"},\"query-input\":{\"@type\":\"PropertyValueSpecification\",\"valueRequired\":true,\"valueName\":\"search_term_string\"}}],\"inLanguage\":\"pt-BR\"},{\"@type\":\"Organization\",\"@id\":\"https:\/\/www.shavei.org\/#organization\",\"name\":\"Shavei Israel\",\"url\":\"https:\/\/www.shavei.org\/\",\"logo\":{\"@type\":\"ImageObject\",\"inLanguage\":\"pt-BR\",\"@id\":\"https:\/\/www.shavei.org\/#\/schema\/logo\/image\/\",\"url\":\"https:\/\/www.shavei.org\/wp-content\/uploads\/2017\/10\/shavei-logo.jpg\",\"contentUrl\":\"https:\/\/www.shavei.org\/wp-content\/uploads\/2017\/10\/shavei-logo.jpg\",\"width\":300,\"height\":285,\"caption\":\"Shavei Israel\"},\"image\":{\"@id\":\"https:\/\/www.shavei.org\/#\/schema\/logo\/image\/\"}}]}<\/script>\n<!-- \/ Yoast SEO plugin. -->","yoast_head_json":{"title":"Juda\u00edsmo - Shavei Israel","robots":{"index":"index","follow":"follow","max-snippet":"max-snippet:-1","max-image-preview":"max-image-preview:large","max-video-preview":"max-video-preview:-1"},"canonical":"https:\/\/www.shavei.org\/pt-br\/judaismo\/","og_locale":"pt_BR","og_type":"article","og_title":"Juda\u00edsmo - Shavei Israel","og_description":"Este simples conceito envolve a tradi\u00e7\u00e3o, a cultura, a filosofia e a f\u00e9 do povo de Israel. Desta maneira, todo nosso website \u00e9 sobre o juda\u00edsmo. No entanto, com este nome, categorizamos e arquivamos para voc\u00ea, uma grande quantidade de conte\u00fado, dos quais esperamos que...","og_url":"https:\/\/www.shavei.org\/pt-br\/judaismo\/","og_site_name":"Shavei Israel","twitter_card":"summary_large_image","schema":{"@context":"https:\/\/schema.org","@graph":[{"@type":"WebPage","@id":"https:\/\/www.shavei.org\/pt-br\/judaismo\/","url":"https:\/\/www.shavei.org\/pt-br\/judaismo\/","name":"Juda\u00edsmo - Shavei Israel","isPartOf":{"@id":"https:\/\/www.shavei.org\/#website"},"datePublished":"2021-05-27T14:44:38+00:00","breadcrumb":{"@id":"https:\/\/www.shavei.org\/pt-br\/judaismo\/#breadcrumb"},"inLanguage":"pt-BR","potentialAction":[{"@type":"ReadAction","target":["https:\/\/www.shavei.org\/pt-br\/judaismo\/"]}]},{"@type":"BreadcrumbList","@id":"https:\/\/www.shavei.org\/pt-br\/judaismo\/#breadcrumb","itemListElement":[{"@type":"ListItem","position":1,"name":"Home","item":"https:\/\/www.shavei.org\/"},{"@type":"ListItem","position":2,"name":"Juda\u00edsmo"}]},{"@type":"WebSite","@id":"https:\/\/www.shavei.org\/#website","url":"https:\/\/www.shavei.org\/","name":"Shavei Israel","description":"One nation, many faces. We help them all return.","publisher":{"@id":"https:\/\/www.shavei.org\/#organization"},"potentialAction":[{"@type":"SearchAction","target":{"@type":"EntryPoint","urlTemplate":"https:\/\/www.shavei.org\/?s={search_term_string}"},"query-input":{"@type":"PropertyValueSpecification","valueRequired":true,"valueName":"search_term_string"}}],"inLanguage":"pt-BR"},{"@type":"Organization","@id":"https:\/\/www.shavei.org\/#organization","name":"Shavei Israel","url":"https:\/\/www.shavei.org\/","logo":{"@type":"ImageObject","inLanguage":"pt-BR","@id":"https:\/\/www.shavei.org\/#\/schema\/logo\/image\/","url":"https:\/\/www.shavei.org\/wp-content\/uploads\/2017\/10\/shavei-logo.jpg","contentUrl":"https:\/\/www.shavei.org\/wp-content\/uploads\/2017\/10\/shavei-logo.jpg","width":300,"height":285,"caption":"Shavei Israel"},"image":{"@id":"https:\/\/www.shavei.org\/#\/schema\/logo\/image\/"}}]}},"campaignId":"","_links":{"self":[{"href":"https:\/\/www.shavei.org\/pt-br\/wp-json\/wp\/v2\/pages\/138369","targetHints":{"allow":["GET"]}}],"collection":[{"href":"https:\/\/www.shavei.org\/pt-br\/wp-json\/wp\/v2\/pages"}],"about":[{"href":"https:\/\/www.shavei.org\/pt-br\/wp-json\/wp\/v2\/types\/page"}],"author":[{"embeddable":true,"href":"https:\/\/www.shavei.org\/pt-br\/wp-json\/wp\/v2\/users\/31"}],"replies":[{"embeddable":true,"href":"https:\/\/www.shavei.org\/pt-br\/wp-json\/wp\/v2\/comments?post=138369"}],"version-history":[{"count":0,"href":"https:\/\/www.shavei.org\/pt-br\/wp-json\/wp\/v2\/pages\/138369\/revisions"}],"wp:attachment":[{"href":"https:\/\/www.shavei.org\/pt-br\/wp-json\/wp\/v2\/media?parent=138369"}],"curies":[{"name":"wp","href":"https:\/\/api.w.org\/{rel}","templated":true}]}}