{"id":184,"date":"2016-05-10T11:18:25","date_gmt":"2016-05-10T09:18:25","guid":{"rendered":"https:\/\/www.shavei.org\/product\/la-tora-no-esta-en-el-cielo\/"},"modified":"2023-07-14T00:39:03","modified_gmt":"2023-07-13T22:39:03","slug":"la-tora-no-esta-en-el-cielo","status":"publish","type":"product","link":"https:\/\/www.shavei.org\/pl\/product\/la-tora-no-esta-en-el-cielo\/","title":{"rendered":"La Tor\u00e1 no est\u00e1 en el Cielo"},"content":{"rendered":"<p>Autor: Rabino Eliahu Birnbaum<br \/>\nEditor: Amishav Organization, 2003<br \/>\n172 p\u00e1ginas \/\u00a0De tapa dura \/ A todo color<br \/>\nEn Espa\u00f1ol<\/p>\n","protected":false},"excerpt":{"rendered":"<p>La Tor\u00e1 nos brinda, a trav\u00e9s de sus historias y personajes, ejemplos vivos de c\u00f3mo resolver todo tipo de situaciones en nuestra vida cotidiana. El jud\u00edo que vive en el camino de la Tor\u00e1 es libre y activo, es responsable, y sobre todo, es profundamente moral. Este libro del Rabino Eliahu Birnbaum nos ense\u00f1a la Tor\u00e1 tal como \u00e9sta se ofrece a los hombres: un c\u00f3digo contempor\u00e1neo, en un lenguaje que podemos tomar, disfrutar y comprender. No en el cielo sino bajo \u00e9ste, guiando al pueblo jud\u00edo en cada generaci\u00f3n.<\/p>\n","protected":false},"featured_media":119802,"comment_status":"closed","ping_status":"closed","template":"","meta":{"give_campaign_id":0,"_exactmetrics_skip_tracking":false,"_exactmetrics_sitenote_active":false,"_exactmetrics_sitenote_note":"","_exactmetrics_sitenote_category":0,"ngg_post_thumbnail":0},"product_brand":[],"product_cat":[2184,2183,2185,2186],"product_tag":[2187,2198,2203,2204],"class_list":{"0":"post-184","1":"product","2":"type-product","3":"status-publish","4":"has-post-thumbnail","6":"product_cat-espanol","7":"product_cat-idiomas","8":"product_cat-libros","9":"product_cat-tora","10":"product_tag-espanol","11":"product_tag-parashat-hashavua","12":"product_tag-porcion-semanal","13":"product_tag-tora","14":"product_shipping_class-registered-mail-he","16":"first","17":"instock","18":"taxable","19":"shipping-taxable","20":"purchasable","21":"product-type-simple"},"yoast_head":"<!-- This site is optimized with the Yoast SEO plugin v27.1.1 - https:\/\/yoast.com\/product\/yoast-seo-wordpress\/ -->\n<title>La Tor\u00e1 no est\u00e1 en el Cielo - Shavei Israel<\/title>\n<meta name=\"robots\" content=\"index, follow, max-snippet:-1, max-image-preview:large, max-video-preview:-1\" \/>\n<link rel=\"canonical\" href=\"https:\/\/www.shavei.org\/pl\/product\/la-tora-no-esta-en-el-cielo\/\" \/>\n<meta property=\"og:locale\" content=\"pl_PL\" \/>\n<meta property=\"og:type\" content=\"article\" \/>\n<meta property=\"og:title\" content=\"La Tor\u00e1 no est\u00e1 en el Cielo - Shavei Israel\" \/>\n<meta property=\"og:description\" content=\"La Tor\u00e1 nos brinda, a trav\u00e9s de sus historias y personajes, ejemplos vivos de c\u00f3mo resolver todo tipo de situaciones en nuestra vida cotidiana. El jud\u00edo que vive en el camino de la Tor\u00e1 es libre y activo, es responsable, y sobre todo, es profundamente moral. Este libro del Rabino Eliahu Birnbaum nos ense\u00f1a la Tor\u00e1 tal como \u00e9sta se ofrece a los hombres: un c\u00f3digo contempor\u00e1neo, en un lenguaje que podemos tomar, disfrutar y comprender. No en el cielo sino bajo \u00e9ste, guiando al pueblo jud\u00edo en cada generaci\u00f3n.\" \/>\n<meta property=\"og:url\" content=\"https:\/\/www.shavei.org\/he\/product\/la-tora-no-esta-en-el-cielo\/\" \/>\n<meta property=\"og:site_name\" content=\"Shavei Israel\" \/>\n<meta property=\"article:modified_time\" content=\"2023-07-13T22:39:03+00:00\" \/>\n<meta property=\"og:image\" content=\"https:\/\/www.shavei.org\/wp-content\/uploads\/2020\/12\/shavei-ES-tora-cielo-3.jpg\" \/>\n\t<meta property=\"og:image:width\" content=\"540\" \/>\n\t<meta property=\"og:image:height\" content=\"396\" \/>\n\t<meta property=\"og:image:type\" content=\"image\/jpeg\" \/>\n<meta name=\"twitter:card\" content=\"summary_large_image\" \/>\n<script type=\"application\/ld+json\" class=\"yoast-schema-graph\">{\"@context\":\"https:\/\/schema.org\",\"@graph\":[{\"@type\":\"WebPage\",\"@id\":\"https:\/\/www.shavei.org\/he\/product\/la-tora-no-esta-en-el-cielo\/\",\"url\":\"https:\/\/www.shavei.org\/he\/product\/la-tora-no-esta-en-el-cielo\/\",\"name\":\"La Tor\u00e1 no est\u00e1 en el Cielo - Shavei Israel\",\"isPartOf\":{\"@id\":\"https:\/\/www.shavei.org\/#website\"},\"primaryImageOfPage\":{\"@id\":\"https:\/\/www.shavei.org\/he\/product\/la-tora-no-esta-en-el-cielo\/#primaryimage\"},\"image\":{\"@id\":\"https:\/\/www.shavei.org\/he\/product\/la-tora-no-esta-en-el-cielo\/#primaryimage\"},\"thumbnailUrl\":\"https:\/\/www.shavei.org\/wp-content\/uploads\/2020\/12\/shavei-ES-tora-cielo-3.jpg\",\"datePublished\":\"2016-05-10T09:18:25+00:00\",\"dateModified\":\"2023-07-13T22:39:03+00:00\",\"breadcrumb\":{\"@id\":\"https:\/\/www.shavei.org\/he\/product\/la-tora-no-esta-en-el-cielo\/#breadcrumb\"},\"inLanguage\":\"pl-PL\",\"potentialAction\":[{\"@type\":\"ReadAction\",\"target\":[\"https:\/\/www.shavei.org\/he\/product\/la-tora-no-esta-en-el-cielo\/\"]}]},{\"@type\":\"ImageObject\",\"inLanguage\":\"pl-PL\",\"@id\":\"https:\/\/www.shavei.org\/he\/product\/la-tora-no-esta-en-el-cielo\/#primaryimage\",\"url\":\"https:\/\/www.shavei.org\/wp-content\/uploads\/2020\/12\/shavei-ES-tora-cielo-3.jpg\",\"contentUrl\":\"https:\/\/www.shavei.org\/wp-content\/uploads\/2020\/12\/shavei-ES-tora-cielo-3.jpg\",\"width\":540,\"height\":396,\"caption\":\"La Tor\u00e1 no est\u00e1 en el Cielo\"},{\"@type\":\"BreadcrumbList\",\"@id\":\"https:\/\/www.shavei.org\/he\/product\/la-tora-no-esta-en-el-cielo\/#breadcrumb\",\"itemListElement\":[{\"@type\":\"ListItem\",\"position\":1,\"name\":\"Home\",\"item\":\"https:\/\/www.shavei.org\/\"},{\"@type\":\"ListItem\",\"position\":2,\"name\":\"Shop\",\"item\":\"https:\/\/www.shavei.org\/shop\/\"},{\"@type\":\"ListItem\",\"position\":3,\"name\":\"La Tor\u00e1 no est\u00e1 en el Cielo\"}]},{\"@type\":\"WebSite\",\"@id\":\"https:\/\/www.shavei.org\/#website\",\"url\":\"https:\/\/www.shavei.org\/\",\"name\":\"Shavei Israel\",\"description\":\"One nation, many faces. We help them all return.\",\"publisher\":{\"@id\":\"https:\/\/www.shavei.org\/#organization\"},\"potentialAction\":[{\"@type\":\"SearchAction\",\"target\":{\"@type\":\"EntryPoint\",\"urlTemplate\":\"https:\/\/www.shavei.org\/?s={search_term_string}\"},\"query-input\":{\"@type\":\"PropertyValueSpecification\",\"valueRequired\":true,\"valueName\":\"search_term_string\"}}],\"inLanguage\":\"pl-PL\"},{\"@type\":\"Organization\",\"@id\":\"https:\/\/www.shavei.org\/#organization\",\"name\":\"Shavei Israel\",\"url\":\"https:\/\/www.shavei.org\/\",\"logo\":{\"@type\":\"ImageObject\",\"inLanguage\":\"pl-PL\",\"@id\":\"https:\/\/www.shavei.org\/#\/schema\/logo\/image\/\",\"url\":\"https:\/\/www.shavei.org\/wp-content\/uploads\/2017\/10\/shavei-logo.jpg\",\"contentUrl\":\"https:\/\/www.shavei.org\/wp-content\/uploads\/2017\/10\/shavei-logo.jpg\",\"width\":300,\"height\":285,\"caption\":\"Shavei Israel\"},\"image\":{\"@id\":\"https:\/\/www.shavei.org\/#\/schema\/logo\/image\/\"}}]}<\/script>\n<!-- \/ Yoast SEO plugin. -->","yoast_head_json":{"title":"La Tor\u00e1 no est\u00e1 en el Cielo - Shavei Israel","robots":{"index":"index","follow":"follow","max-snippet":"max-snippet:-1","max-image-preview":"max-image-preview:large","max-video-preview":"max-video-preview:-1"},"canonical":"https:\/\/www.shavei.org\/pl\/product\/la-tora-no-esta-en-el-cielo\/","og_locale":"pl_PL","og_type":"article","og_title":"La Tor\u00e1 no est\u00e1 en el Cielo - Shavei Israel","og_description":"La Tor\u00e1 nos brinda, a trav\u00e9s de sus historias y personajes, ejemplos vivos de c\u00f3mo resolver todo tipo de situaciones en nuestra vida cotidiana. El jud\u00edo que vive en el camino de la Tor\u00e1 es libre y activo, es responsable, y sobre todo, es profundamente moral. Este libro del Rabino Eliahu Birnbaum nos ense\u00f1a la Tor\u00e1 tal como \u00e9sta se ofrece a los hombres: un c\u00f3digo contempor\u00e1neo, en un lenguaje que podemos tomar, disfrutar y comprender. No en el cielo sino bajo \u00e9ste, guiando al pueblo jud\u00edo en cada generaci\u00f3n.","og_url":"https:\/\/www.shavei.org\/he\/product\/la-tora-no-esta-en-el-cielo\/","og_site_name":"Shavei Israel","article_modified_time":"2023-07-13T22:39:03+00:00","og_image":[{"width":540,"height":396,"url":"https:\/\/www.shavei.org\/wp-content\/uploads\/2020\/12\/shavei-ES-tora-cielo-3.jpg","type":"image\/jpeg"}],"twitter_card":"summary_large_image","schema":{"@context":"https:\/\/schema.org","@graph":[{"@type":"WebPage","@id":"https:\/\/www.shavei.org\/he\/product\/la-tora-no-esta-en-el-cielo\/","url":"https:\/\/www.shavei.org\/he\/product\/la-tora-no-esta-en-el-cielo\/","name":"La Tor\u00e1 no est\u00e1 en el Cielo - Shavei Israel","isPartOf":{"@id":"https:\/\/www.shavei.org\/#website"},"primaryImageOfPage":{"@id":"https:\/\/www.shavei.org\/he\/product\/la-tora-no-esta-en-el-cielo\/#primaryimage"},"image":{"@id":"https:\/\/www.shavei.org\/he\/product\/la-tora-no-esta-en-el-cielo\/#primaryimage"},"thumbnailUrl":"https:\/\/www.shavei.org\/wp-content\/uploads\/2020\/12\/shavei-ES-tora-cielo-3.jpg","datePublished":"2016-05-10T09:18:25+00:00","dateModified":"2023-07-13T22:39:03+00:00","breadcrumb":{"@id":"https:\/\/www.shavei.org\/he\/product\/la-tora-no-esta-en-el-cielo\/#breadcrumb"},"inLanguage":"pl-PL","potentialAction":[{"@type":"ReadAction","target":["https:\/\/www.shavei.org\/he\/product\/la-tora-no-esta-en-el-cielo\/"]}]},{"@type":"ImageObject","inLanguage":"pl-PL","@id":"https:\/\/www.shavei.org\/he\/product\/la-tora-no-esta-en-el-cielo\/#primaryimage","url":"https:\/\/www.shavei.org\/wp-content\/uploads\/2020\/12\/shavei-ES-tora-cielo-3.jpg","contentUrl":"https:\/\/www.shavei.org\/wp-content\/uploads\/2020\/12\/shavei-ES-tora-cielo-3.jpg","width":540,"height":396,"caption":"La Tor\u00e1 no est\u00e1 en el Cielo"},{"@type":"BreadcrumbList","@id":"https:\/\/www.shavei.org\/he\/product\/la-tora-no-esta-en-el-cielo\/#breadcrumb","itemListElement":[{"@type":"ListItem","position":1,"name":"Home","item":"https:\/\/www.shavei.org\/"},{"@type":"ListItem","position":2,"name":"Shop","item":"https:\/\/www.shavei.org\/shop\/"},{"@type":"ListItem","position":3,"name":"La Tor\u00e1 no est\u00e1 en el Cielo"}]},{"@type":"WebSite","@id":"https:\/\/www.shavei.org\/#website","url":"https:\/\/www.shavei.org\/","name":"Shavei Israel","description":"One nation, many faces. We help them all return.","publisher":{"@id":"https:\/\/www.shavei.org\/#organization"},"potentialAction":[{"@type":"SearchAction","target":{"@type":"EntryPoint","urlTemplate":"https:\/\/www.shavei.org\/?s={search_term_string}"},"query-input":{"@type":"PropertyValueSpecification","valueRequired":true,"valueName":"search_term_string"}}],"inLanguage":"pl-PL"},{"@type":"Organization","@id":"https:\/\/www.shavei.org\/#organization","name":"Shavei Israel","url":"https:\/\/www.shavei.org\/","logo":{"@type":"ImageObject","inLanguage":"pl-PL","@id":"https:\/\/www.shavei.org\/#\/schema\/logo\/image\/","url":"https:\/\/www.shavei.org\/wp-content\/uploads\/2017\/10\/shavei-logo.jpg","contentUrl":"https:\/\/www.shavei.org\/wp-content\/uploads\/2017\/10\/shavei-logo.jpg","width":300,"height":285,"caption":"Shavei Israel"},"image":{"@id":"https:\/\/www.shavei.org\/#\/schema\/logo\/image\/"}}]}},"_links":{"self":[{"href":"https:\/\/www.shavei.org\/pl\/wp-json\/wp\/v2\/product\/184","targetHints":{"allow":["GET"]}}],"collection":[{"href":"https:\/\/www.shavei.org\/pl\/wp-json\/wp\/v2\/product"}],"about":[{"href":"https:\/\/www.shavei.org\/pl\/wp-json\/wp\/v2\/types\/product"}],"replies":[{"embeddable":true,"href":"https:\/\/www.shavei.org\/pl\/wp-json\/wp\/v2\/comments?post=184"}],"wp:featuredmedia":[{"embeddable":true,"href":"https:\/\/www.shavei.org\/pl\/wp-json\/wp\/v2\/media\/119802"}],"wp:attachment":[{"href":"https:\/\/www.shavei.org\/pl\/wp-json\/wp\/v2\/media?parent=184"}],"wp:term":[{"taxonomy":"product_brand","embeddable":true,"href":"https:\/\/www.shavei.org\/pl\/wp-json\/wp\/v2\/product_brand?post=184"},{"taxonomy":"product_cat","embeddable":true,"href":"https:\/\/www.shavei.org\/pl\/wp-json\/wp\/v2\/product_cat?post=184"},{"taxonomy":"product_tag","embeddable":true,"href":"https:\/\/www.shavei.org\/pl\/wp-json\/wp\/v2\/product_tag?post=184"}],"curies":[{"name":"wp","href":"https:\/\/api.w.org\/{rel}","templated":true}]}}