{"id":178,"date":"2016-05-10T10:43:58","date_gmt":"2016-05-10T08:43:58","guid":{"rendered":"https:\/\/www.shavei.org\/product\/el-casamiento-judio\/"},"modified":"2021-05-09T12:36:59","modified_gmt":"2021-05-09T10:36:59","slug":"el-casamiento-judio","status":"publish","type":"product","link":"https:\/\/www.shavei.org\/pl\/product\/el-casamiento-judio\/","title":{"rendered":"El Casamiento Jud\u00edo"},"content":{"rendered":"<p>Autor: Rabino Eliahu Birnbaum<br \/>\nEditor:\u00a0Shavei Israel<br \/>\n12 p\u00e1ginas \/\u00a0De tapa blanda<\/p>\n","protected":false},"excerpt":{"rendered":"<p>Pr\u00e1ctica gu\u00eda de bolsillo que incluye explicaciones sobre los conceptos b\u00e1sicos del matrimonio jud\u00edo: la Ketuv\u00e1, la Jup\u00e1, la copa de bendici\u00f3n, el anillo y Sheva Berajot (siete bendiciones). Incluye tambi\u00e9n la plegar\u00eda para el novio y la novia en el d\u00eda de su boda.<\/p>\n","protected":false},"featured_media":119770,"comment_status":"closed","ping_status":"closed","template":"","meta":{"give_campaign_id":0,"_exactmetrics_skip_tracking":false,"_exactmetrics_sitenote_active":false,"_exactmetrics_sitenote_note":"","_exactmetrics_sitenote_category":0,"ngg_post_thumbnail":0},"product_brand":[],"product_cat":[2276,2184,2183,2185],"product_tag":[2281,2283,2187,2265],"class_list":{"0":"post-178","1":"product","2":"type-product","3":"status-publish","4":"has-post-thumbnail","6":"product_cat-ciclo-de-vida-judio","7":"product_cat-espanol","8":"product_cat-idiomas","9":"product_cat-libros","10":"product_tag-bendiciones","11":"product_tag-casamiento","12":"product_tag-espanol","13":"product_tag-plegarias","14":"product_shipping_class-registered-mail-he","16":"first","17":"instock","18":"taxable","19":"shipping-taxable","20":"purchasable","21":"product-type-simple"},"yoast_head":"<!-- This site is optimized with the Yoast SEO plugin v27.1.1 - https:\/\/yoast.com\/product\/yoast-seo-wordpress\/ -->\n<title>El Casamiento Jud\u00edo - Shavei Israel<\/title>\n<meta name=\"robots\" content=\"index, follow, max-snippet:-1, max-image-preview:large, max-video-preview:-1\" \/>\n<link rel=\"canonical\" href=\"https:\/\/www.shavei.org\/pl\/product\/el-casamiento-judio\/\" \/>\n<meta property=\"og:locale\" content=\"pl_PL\" \/>\n<meta property=\"og:type\" content=\"article\" \/>\n<meta property=\"og:title\" content=\"El Casamiento Jud\u00edo - Shavei Israel\" \/>\n<meta property=\"og:description\" content=\"Pr\u00e1ctica gu\u00eda de bolsillo que incluye explicaciones sobre los conceptos b\u00e1sicos del matrimonio jud\u00edo: la Ketuv\u00e1, la Jup\u00e1, la copa de bendici\u00f3n, el anillo y Sheva Berajot (siete bendiciones). Incluye tambi\u00e9n la plegar\u00eda para el novio y la novia en el d\u00eda de su boda.\" \/>\n<meta property=\"og:url\" content=\"https:\/\/www.shavei.org\/es\/product\/el-casamiento-judio\/\" \/>\n<meta property=\"og:site_name\" content=\"Shavei Israel\" \/>\n<meta property=\"article:modified_time\" content=\"2021-05-09T10:36:59+00:00\" \/>\n<meta property=\"og:image\" content=\"https:\/\/www.shavei.org\/wp-content\/uploads\/2020\/12\/shavei-ES-casamiento-judio-3.jpg\" \/>\n\t<meta property=\"og:image:width\" content=\"540\" \/>\n\t<meta property=\"og:image:height\" content=\"396\" \/>\n\t<meta property=\"og:image:type\" content=\"image\/jpeg\" \/>\n<meta name=\"twitter:card\" content=\"summary_large_image\" \/>\n<script type=\"application\/ld+json\" class=\"yoast-schema-graph\">{\"@context\":\"https:\/\/schema.org\",\"@graph\":[{\"@type\":\"WebPage\",\"@id\":\"https:\/\/www.shavei.org\/es\/product\/el-casamiento-judio\/\",\"url\":\"https:\/\/www.shavei.org\/es\/product\/el-casamiento-judio\/\",\"name\":\"El Casamiento Jud\u00edo - Shavei Israel\",\"isPartOf\":{\"@id\":\"https:\/\/www.shavei.org\/#website\"},\"primaryImageOfPage\":{\"@id\":\"https:\/\/www.shavei.org\/es\/product\/el-casamiento-judio\/#primaryimage\"},\"image\":{\"@id\":\"https:\/\/www.shavei.org\/es\/product\/el-casamiento-judio\/#primaryimage\"},\"thumbnailUrl\":\"https:\/\/www.shavei.org\/wp-content\/uploads\/2020\/12\/shavei-ES-casamiento-judio-3.jpg\",\"datePublished\":\"2016-05-10T08:43:58+00:00\",\"dateModified\":\"2021-05-09T10:36:59+00:00\",\"breadcrumb\":{\"@id\":\"https:\/\/www.shavei.org\/es\/product\/el-casamiento-judio\/#breadcrumb\"},\"inLanguage\":\"pl-PL\",\"potentialAction\":[{\"@type\":\"ReadAction\",\"target\":[\"https:\/\/www.shavei.org\/es\/product\/el-casamiento-judio\/\"]}]},{\"@type\":\"ImageObject\",\"inLanguage\":\"pl-PL\",\"@id\":\"https:\/\/www.shavei.org\/es\/product\/el-casamiento-judio\/#primaryimage\",\"url\":\"https:\/\/www.shavei.org\/wp-content\/uploads\/2020\/12\/shavei-ES-casamiento-judio-3.jpg\",\"contentUrl\":\"https:\/\/www.shavei.org\/wp-content\/uploads\/2020\/12\/shavei-ES-casamiento-judio-3.jpg\",\"width\":540,\"height\":396,\"caption\":\"El Casamiento Jud\u00edo\"},{\"@type\":\"BreadcrumbList\",\"@id\":\"https:\/\/www.shavei.org\/es\/product\/el-casamiento-judio\/#breadcrumb\",\"itemListElement\":[{\"@type\":\"ListItem\",\"position\":1,\"name\":\"Home\",\"item\":\"https:\/\/www.shavei.org\/\"},{\"@type\":\"ListItem\",\"position\":2,\"name\":\"Shop\",\"item\":\"https:\/\/www.shavei.org\/shop\/\"},{\"@type\":\"ListItem\",\"position\":3,\"name\":\"El Casamiento Jud\u00edo\"}]},{\"@type\":\"WebSite\",\"@id\":\"https:\/\/www.shavei.org\/#website\",\"url\":\"https:\/\/www.shavei.org\/\",\"name\":\"Shavei Israel\",\"description\":\"One nation, many faces. We help them all return.\",\"publisher\":{\"@id\":\"https:\/\/www.shavei.org\/#organization\"},\"potentialAction\":[{\"@type\":\"SearchAction\",\"target\":{\"@type\":\"EntryPoint\",\"urlTemplate\":\"https:\/\/www.shavei.org\/?s={search_term_string}\"},\"query-input\":{\"@type\":\"PropertyValueSpecification\",\"valueRequired\":true,\"valueName\":\"search_term_string\"}}],\"inLanguage\":\"pl-PL\"},{\"@type\":\"Organization\",\"@id\":\"https:\/\/www.shavei.org\/#organization\",\"name\":\"Shavei Israel\",\"url\":\"https:\/\/www.shavei.org\/\",\"logo\":{\"@type\":\"ImageObject\",\"inLanguage\":\"pl-PL\",\"@id\":\"https:\/\/www.shavei.org\/#\/schema\/logo\/image\/\",\"url\":\"https:\/\/www.shavei.org\/wp-content\/uploads\/2017\/10\/shavei-logo.jpg\",\"contentUrl\":\"https:\/\/www.shavei.org\/wp-content\/uploads\/2017\/10\/shavei-logo.jpg\",\"width\":300,\"height\":285,\"caption\":\"Shavei Israel\"},\"image\":{\"@id\":\"https:\/\/www.shavei.org\/#\/schema\/logo\/image\/\"}}]}<\/script>\n<!-- \/ Yoast SEO plugin. -->","yoast_head_json":{"title":"El Casamiento Jud\u00edo - Shavei Israel","robots":{"index":"index","follow":"follow","max-snippet":"max-snippet:-1","max-image-preview":"max-image-preview:large","max-video-preview":"max-video-preview:-1"},"canonical":"https:\/\/www.shavei.org\/pl\/product\/el-casamiento-judio\/","og_locale":"pl_PL","og_type":"article","og_title":"El Casamiento Jud\u00edo - Shavei Israel","og_description":"Pr\u00e1ctica gu\u00eda de bolsillo que incluye explicaciones sobre los conceptos b\u00e1sicos del matrimonio jud\u00edo: la Ketuv\u00e1, la Jup\u00e1, la copa de bendici\u00f3n, el anillo y Sheva Berajot (siete bendiciones). Incluye tambi\u00e9n la plegar\u00eda para el novio y la novia en el d\u00eda de su boda.","og_url":"https:\/\/www.shavei.org\/es\/product\/el-casamiento-judio\/","og_site_name":"Shavei Israel","article_modified_time":"2021-05-09T10:36:59+00:00","og_image":[{"width":540,"height":396,"url":"https:\/\/www.shavei.org\/wp-content\/uploads\/2020\/12\/shavei-ES-casamiento-judio-3.jpg","type":"image\/jpeg"}],"twitter_card":"summary_large_image","schema":{"@context":"https:\/\/schema.org","@graph":[{"@type":"WebPage","@id":"https:\/\/www.shavei.org\/es\/product\/el-casamiento-judio\/","url":"https:\/\/www.shavei.org\/es\/product\/el-casamiento-judio\/","name":"El Casamiento Jud\u00edo - Shavei Israel","isPartOf":{"@id":"https:\/\/www.shavei.org\/#website"},"primaryImageOfPage":{"@id":"https:\/\/www.shavei.org\/es\/product\/el-casamiento-judio\/#primaryimage"},"image":{"@id":"https:\/\/www.shavei.org\/es\/product\/el-casamiento-judio\/#primaryimage"},"thumbnailUrl":"https:\/\/www.shavei.org\/wp-content\/uploads\/2020\/12\/shavei-ES-casamiento-judio-3.jpg","datePublished":"2016-05-10T08:43:58+00:00","dateModified":"2021-05-09T10:36:59+00:00","breadcrumb":{"@id":"https:\/\/www.shavei.org\/es\/product\/el-casamiento-judio\/#breadcrumb"},"inLanguage":"pl-PL","potentialAction":[{"@type":"ReadAction","target":["https:\/\/www.shavei.org\/es\/product\/el-casamiento-judio\/"]}]},{"@type":"ImageObject","inLanguage":"pl-PL","@id":"https:\/\/www.shavei.org\/es\/product\/el-casamiento-judio\/#primaryimage","url":"https:\/\/www.shavei.org\/wp-content\/uploads\/2020\/12\/shavei-ES-casamiento-judio-3.jpg","contentUrl":"https:\/\/www.shavei.org\/wp-content\/uploads\/2020\/12\/shavei-ES-casamiento-judio-3.jpg","width":540,"height":396,"caption":"El Casamiento Jud\u00edo"},{"@type":"BreadcrumbList","@id":"https:\/\/www.shavei.org\/es\/product\/el-casamiento-judio\/#breadcrumb","itemListElement":[{"@type":"ListItem","position":1,"name":"Home","item":"https:\/\/www.shavei.org\/"},{"@type":"ListItem","position":2,"name":"Shop","item":"https:\/\/www.shavei.org\/shop\/"},{"@type":"ListItem","position":3,"name":"El Casamiento Jud\u00edo"}]},{"@type":"WebSite","@id":"https:\/\/www.shavei.org\/#website","url":"https:\/\/www.shavei.org\/","name":"Shavei Israel","description":"One nation, many faces. We help them all return.","publisher":{"@id":"https:\/\/www.shavei.org\/#organization"},"potentialAction":[{"@type":"SearchAction","target":{"@type":"EntryPoint","urlTemplate":"https:\/\/www.shavei.org\/?s={search_term_string}"},"query-input":{"@type":"PropertyValueSpecification","valueRequired":true,"valueName":"search_term_string"}}],"inLanguage":"pl-PL"},{"@type":"Organization","@id":"https:\/\/www.shavei.org\/#organization","name":"Shavei Israel","url":"https:\/\/www.shavei.org\/","logo":{"@type":"ImageObject","inLanguage":"pl-PL","@id":"https:\/\/www.shavei.org\/#\/schema\/logo\/image\/","url":"https:\/\/www.shavei.org\/wp-content\/uploads\/2017\/10\/shavei-logo.jpg","contentUrl":"https:\/\/www.shavei.org\/wp-content\/uploads\/2017\/10\/shavei-logo.jpg","width":300,"height":285,"caption":"Shavei Israel"},"image":{"@id":"https:\/\/www.shavei.org\/#\/schema\/logo\/image\/"}}]}},"_links":{"self":[{"href":"https:\/\/www.shavei.org\/pl\/wp-json\/wp\/v2\/product\/178","targetHints":{"allow":["GET"]}}],"collection":[{"href":"https:\/\/www.shavei.org\/pl\/wp-json\/wp\/v2\/product"}],"about":[{"href":"https:\/\/www.shavei.org\/pl\/wp-json\/wp\/v2\/types\/product"}],"replies":[{"embeddable":true,"href":"https:\/\/www.shavei.org\/pl\/wp-json\/wp\/v2\/comments?post=178"}],"wp:featuredmedia":[{"embeddable":true,"href":"https:\/\/www.shavei.org\/pl\/wp-json\/wp\/v2\/media\/119770"}],"wp:attachment":[{"href":"https:\/\/www.shavei.org\/pl\/wp-json\/wp\/v2\/media?parent=178"}],"wp:term":[{"taxonomy":"product_brand","embeddable":true,"href":"https:\/\/www.shavei.org\/pl\/wp-json\/wp\/v2\/product_brand?post=178"},{"taxonomy":"product_cat","embeddable":true,"href":"https:\/\/www.shavei.org\/pl\/wp-json\/wp\/v2\/product_cat?post=178"},{"taxonomy":"product_tag","embeddable":true,"href":"https:\/\/www.shavei.org\/pl\/wp-json\/wp\/v2\/product_tag?post=178"}],"curies":[{"name":"wp","href":"https:\/\/api.w.org\/{rel}","templated":true}]}}