{"id":15632,"date":"2016-07-11T10:18:44","date_gmt":"2016-07-11T08:18:44","guid":{"rendered":"https:\/\/www.shavei.org\/product\/zmiron-bnei-menashe\/"},"modified":"2021-05-09T12:27:42","modified_gmt":"2021-05-09T10:27:42","slug":"zmiron-bnei-menashe","status":"publish","type":"product","link":"https:\/\/www.shavei.org\/it\/product\/zmiron-bnei-menashe\/","title":{"rendered":"Zmir\u00f3n Bnei Menash\u00e9 (Mizo y Kuki)"},"content":{"rendered":"<p>Publicado por Shavei Israel, 2008<br \/>\n276 p\u00e1ginas \/\u00a0tapa blanda<\/p>\n","protected":false},"excerpt":{"rendered":"<p>Este libro de canciones de Shabat fue creado para el uso de la comunidad de Bnei Menash\u00e9 &#8211; jud\u00edos del noreste de la India que aseguran ser descendientes de una de las diez tribus perdidas. Una gu\u00eda de bolsillo indispensable para la casa jud\u00eda, el zemir\u00f3n incluye bendiciones, plegarias y canciones, todo transliterado.<\/p>\n<p>Para adquirir el libro en <a href=\"https:\/\/staging.shavei-v3.flywheelsites.com\/es\/producto\/birkon-shavei-israel-espanol\/\">Espa\u00f1ol <\/a>haga click aqu\u00ed, para el libro en <a href=\"https:\/\/staging.shavei-v3.flywheelsites.com\/es\/producto\/birkon-shavei-israel-italiano\/\">Italiano <\/a>aqu\u00ed.<\/p>\n<p><a href=\"https:\/\/www.shavei.org\/es\/about-us\/contact\/\">Cont\u00e1ctenos<\/a> para compras por mayor y descuentos educativos. Las im\u00e1genes son un ejemplo y pueden no ser una reproducci\u00f3n exacta del producto que recibir\u00e1.<\/p>\n","protected":false},"featured_media":120506,"comment_status":"closed","ping_status":"closed","template":"","meta":{"give_campaign_id":0,"_exactmetrics_skip_tracking":false,"_exactmetrics_sitenote_active":false,"_exactmetrics_sitenote_note":"","_exactmetrics_sitenote_category":0,"ngg_post_thumbnail":0},"product_brand":[],"product_cat":[2280,2183,2185,2296],"product_tag":[2281,2211,2282,2213,2214],"class_list":{"0":"post-15632","1":"product","2":"type-product","3":"status-publish","4":"has-post-thumbnail","6":"product_cat-canciones-y-bendiciones","7":"product_cat-idiomas","8":"product_cat-libros","9":"product_cat-mizo-y-kuki","10":"product_tag-bendiciones","11":"product_tag-bnei-menashe","12":"product_tag-canciones","13":"product_tag-kuki","14":"product_tag-mizo","15":"product_shipping_class-registered-mail-he","17":"first","18":"instock","19":"taxable","20":"shipping-taxable","21":"purchasable","22":"product-type-simple"},"yoast_head":"<!-- This site is optimized with the Yoast SEO plugin v27.1.1 - https:\/\/yoast.com\/product\/yoast-seo-wordpress\/ -->\n<title>Zmir\u00f3n Bnei Menash\u00e9 (Mizo y Kuki) - Shavei Israel<\/title>\n<meta name=\"robots\" content=\"index, follow, max-snippet:-1, max-image-preview:large, max-video-preview:-1\" \/>\n<link rel=\"canonical\" href=\"https:\/\/www.shavei.org\/it\/product\/zmiron-bnei-menashe\/\" \/>\n<meta property=\"og:locale\" content=\"it_IT\" \/>\n<meta property=\"og:type\" content=\"article\" \/>\n<meta property=\"og:title\" content=\"Zmir\u00f3n Bnei Menash\u00e9 (Mizo y Kuki) - Shavei Israel\" \/>\n<meta property=\"og:description\" content=\"Este libro de canciones de Shabat fue creado para el uso de la comunidad de Bnei Menash\u00e9 - jud\u00edos del noreste de la India que aseguran ser descendientes de una de las diez tribus perdidas. Una gu\u00eda de bolsillo indispensable para la casa jud\u00eda, el zemir\u00f3n incluye bendiciones, plegarias y canciones, todo transliterado.  Para adquirir el libro en Espa\u00f1ol haga click aqu\u00ed, para el libro en Italiano aqu\u00ed.  Cont\u00e1ctenos para compras por mayor y descuentos educativos. Las im\u00e1genes son un ejemplo y pueden no ser una reproducci\u00f3n exacta del producto que recibir\u00e1.\" \/>\n<meta property=\"og:url\" content=\"https:\/\/www.shavei.org\/it\/product\/zmiron-bnei-menashe\/\" \/>\n<meta property=\"og:site_name\" content=\"Shavei Israel\" \/>\n<meta property=\"article:modified_time\" content=\"2021-05-09T10:27:42+00:00\" \/>\n<meta property=\"og:image\" content=\"https:\/\/www.shavei.org\/wp-content\/uploads\/2020\/12\/shavei-BM-zmiron-kuki-mizo-3.jpg\" \/>\n\t<meta property=\"og:image:width\" content=\"540\" \/>\n\t<meta property=\"og:image:height\" content=\"396\" \/>\n\t<meta property=\"og:image:type\" content=\"image\/jpeg\" \/>\n<meta name=\"twitter:card\" content=\"summary_large_image\" \/>\n<script type=\"application\/ld+json\" class=\"yoast-schema-graph\">{\"@context\":\"https:\/\/schema.org\",\"@graph\":[{\"@type\":\"WebPage\",\"@id\":\"https:\/\/www.shavei.org\/it\/product\/zmiron-bnei-menashe\/\",\"url\":\"https:\/\/www.shavei.org\/it\/product\/zmiron-bnei-menashe\/\",\"name\":\"Zmir\u00f3n Bnei Menash\u00e9 (Mizo y Kuki) - Shavei Israel\",\"isPartOf\":{\"@id\":\"https:\/\/www.shavei.org\/#website\"},\"primaryImageOfPage\":{\"@id\":\"https:\/\/www.shavei.org\/it\/product\/zmiron-bnei-menashe\/#primaryimage\"},\"image\":{\"@id\":\"https:\/\/www.shavei.org\/it\/product\/zmiron-bnei-menashe\/#primaryimage\"},\"thumbnailUrl\":\"https:\/\/www.shavei.org\/wp-content\/uploads\/2020\/12\/shavei-BM-zmiron-kuki-mizo-3.jpg\",\"datePublished\":\"2016-07-11T08:18:44+00:00\",\"dateModified\":\"2021-05-09T10:27:42+00:00\",\"breadcrumb\":{\"@id\":\"https:\/\/www.shavei.org\/it\/product\/zmiron-bnei-menashe\/#breadcrumb\"},\"inLanguage\":\"it-IT\",\"potentialAction\":[{\"@type\":\"ReadAction\",\"target\":[\"https:\/\/www.shavei.org\/it\/product\/zmiron-bnei-menashe\/\"]}]},{\"@type\":\"ImageObject\",\"inLanguage\":\"it-IT\",\"@id\":\"https:\/\/www.shavei.org\/it\/product\/zmiron-bnei-menashe\/#primaryimage\",\"url\":\"https:\/\/www.shavei.org\/wp-content\/uploads\/2020\/12\/shavei-BM-zmiron-kuki-mizo-3.jpg\",\"contentUrl\":\"https:\/\/www.shavei.org\/wp-content\/uploads\/2020\/12\/shavei-BM-zmiron-kuki-mizo-3.jpg\",\"width\":540,\"height\":396,\"caption\":\"Zmir\u00f3n Bnei Menash\u00e9 (Mizo y Kuki)\"},{\"@type\":\"BreadcrumbList\",\"@id\":\"https:\/\/www.shavei.org\/it\/product\/zmiron-bnei-menashe\/#breadcrumb\",\"itemListElement\":[{\"@type\":\"ListItem\",\"position\":1,\"name\":\"Home\",\"item\":\"https:\/\/www.shavei.org\/\"},{\"@type\":\"ListItem\",\"position\":2,\"name\":\"Shop\",\"item\":\"https:\/\/www.shavei.org\/shop\/\"},{\"@type\":\"ListItem\",\"position\":3,\"name\":\"Zmir\u00f3n Bnei Menash\u00e9 (Mizo y Kuki)\"}]},{\"@type\":\"WebSite\",\"@id\":\"https:\/\/www.shavei.org\/#website\",\"url\":\"https:\/\/www.shavei.org\/\",\"name\":\"Shavei Israel\",\"description\":\"One nation, many faces. We help them all return.\",\"publisher\":{\"@id\":\"https:\/\/www.shavei.org\/#organization\"},\"potentialAction\":[{\"@type\":\"SearchAction\",\"target\":{\"@type\":\"EntryPoint\",\"urlTemplate\":\"https:\/\/www.shavei.org\/?s={search_term_string}\"},\"query-input\":{\"@type\":\"PropertyValueSpecification\",\"valueRequired\":true,\"valueName\":\"search_term_string\"}}],\"inLanguage\":\"it-IT\"},{\"@type\":\"Organization\",\"@id\":\"https:\/\/www.shavei.org\/#organization\",\"name\":\"Shavei Israel\",\"url\":\"https:\/\/www.shavei.org\/\",\"logo\":{\"@type\":\"ImageObject\",\"inLanguage\":\"it-IT\",\"@id\":\"https:\/\/www.shavei.org\/#\/schema\/logo\/image\/\",\"url\":\"https:\/\/www.shavei.org\/wp-content\/uploads\/2017\/10\/shavei-logo.jpg\",\"contentUrl\":\"https:\/\/www.shavei.org\/wp-content\/uploads\/2017\/10\/shavei-logo.jpg\",\"width\":300,\"height\":285,\"caption\":\"Shavei Israel\"},\"image\":{\"@id\":\"https:\/\/www.shavei.org\/#\/schema\/logo\/image\/\"}}]}<\/script>\n<!-- \/ Yoast SEO plugin. -->","yoast_head_json":{"title":"Zmir\u00f3n Bnei Menash\u00e9 (Mizo y Kuki) - Shavei Israel","robots":{"index":"index","follow":"follow","max-snippet":"max-snippet:-1","max-image-preview":"max-image-preview:large","max-video-preview":"max-video-preview:-1"},"canonical":"https:\/\/www.shavei.org\/it\/product\/zmiron-bnei-menashe\/","og_locale":"it_IT","og_type":"article","og_title":"Zmir\u00f3n Bnei Menash\u00e9 (Mizo y Kuki) - Shavei Israel","og_description":"Este libro de canciones de Shabat fue creado para el uso de la comunidad de Bnei Menash\u00e9 - jud\u00edos del noreste de la India que aseguran ser descendientes de una de las diez tribus perdidas. Una gu\u00eda de bolsillo indispensable para la casa jud\u00eda, el zemir\u00f3n incluye bendiciones, plegarias y canciones, todo transliterado.  Para adquirir el libro en Espa\u00f1ol haga click aqu\u00ed, para el libro en Italiano aqu\u00ed.  Cont\u00e1ctenos para compras por mayor y descuentos educativos. Las im\u00e1genes son un ejemplo y pueden no ser una reproducci\u00f3n exacta del producto que recibir\u00e1.","og_url":"https:\/\/www.shavei.org\/it\/product\/zmiron-bnei-menashe\/","og_site_name":"Shavei Israel","article_modified_time":"2021-05-09T10:27:42+00:00","og_image":[{"width":540,"height":396,"url":"https:\/\/www.shavei.org\/wp-content\/uploads\/2020\/12\/shavei-BM-zmiron-kuki-mizo-3.jpg","type":"image\/jpeg"}],"twitter_card":"summary_large_image","schema":{"@context":"https:\/\/schema.org","@graph":[{"@type":"WebPage","@id":"https:\/\/www.shavei.org\/it\/product\/zmiron-bnei-menashe\/","url":"https:\/\/www.shavei.org\/it\/product\/zmiron-bnei-menashe\/","name":"Zmir\u00f3n Bnei Menash\u00e9 (Mizo y Kuki) - Shavei Israel","isPartOf":{"@id":"https:\/\/www.shavei.org\/#website"},"primaryImageOfPage":{"@id":"https:\/\/www.shavei.org\/it\/product\/zmiron-bnei-menashe\/#primaryimage"},"image":{"@id":"https:\/\/www.shavei.org\/it\/product\/zmiron-bnei-menashe\/#primaryimage"},"thumbnailUrl":"https:\/\/www.shavei.org\/wp-content\/uploads\/2020\/12\/shavei-BM-zmiron-kuki-mizo-3.jpg","datePublished":"2016-07-11T08:18:44+00:00","dateModified":"2021-05-09T10:27:42+00:00","breadcrumb":{"@id":"https:\/\/www.shavei.org\/it\/product\/zmiron-bnei-menashe\/#breadcrumb"},"inLanguage":"it-IT","potentialAction":[{"@type":"ReadAction","target":["https:\/\/www.shavei.org\/it\/product\/zmiron-bnei-menashe\/"]}]},{"@type":"ImageObject","inLanguage":"it-IT","@id":"https:\/\/www.shavei.org\/it\/product\/zmiron-bnei-menashe\/#primaryimage","url":"https:\/\/www.shavei.org\/wp-content\/uploads\/2020\/12\/shavei-BM-zmiron-kuki-mizo-3.jpg","contentUrl":"https:\/\/www.shavei.org\/wp-content\/uploads\/2020\/12\/shavei-BM-zmiron-kuki-mizo-3.jpg","width":540,"height":396,"caption":"Zmir\u00f3n Bnei Menash\u00e9 (Mizo y Kuki)"},{"@type":"BreadcrumbList","@id":"https:\/\/www.shavei.org\/it\/product\/zmiron-bnei-menashe\/#breadcrumb","itemListElement":[{"@type":"ListItem","position":1,"name":"Home","item":"https:\/\/www.shavei.org\/"},{"@type":"ListItem","position":2,"name":"Shop","item":"https:\/\/www.shavei.org\/shop\/"},{"@type":"ListItem","position":3,"name":"Zmir\u00f3n Bnei Menash\u00e9 (Mizo y Kuki)"}]},{"@type":"WebSite","@id":"https:\/\/www.shavei.org\/#website","url":"https:\/\/www.shavei.org\/","name":"Shavei Israel","description":"One nation, many faces. We help them all return.","publisher":{"@id":"https:\/\/www.shavei.org\/#organization"},"potentialAction":[{"@type":"SearchAction","target":{"@type":"EntryPoint","urlTemplate":"https:\/\/www.shavei.org\/?s={search_term_string}"},"query-input":{"@type":"PropertyValueSpecification","valueRequired":true,"valueName":"search_term_string"}}],"inLanguage":"it-IT"},{"@type":"Organization","@id":"https:\/\/www.shavei.org\/#organization","name":"Shavei Israel","url":"https:\/\/www.shavei.org\/","logo":{"@type":"ImageObject","inLanguage":"it-IT","@id":"https:\/\/www.shavei.org\/#\/schema\/logo\/image\/","url":"https:\/\/www.shavei.org\/wp-content\/uploads\/2017\/10\/shavei-logo.jpg","contentUrl":"https:\/\/www.shavei.org\/wp-content\/uploads\/2017\/10\/shavei-logo.jpg","width":300,"height":285,"caption":"Shavei Israel"},"image":{"@id":"https:\/\/www.shavei.org\/#\/schema\/logo\/image\/"}}]}},"_links":{"self":[{"href":"https:\/\/www.shavei.org\/it\/wp-json\/wp\/v2\/product\/15632","targetHints":{"allow":["GET"]}}],"collection":[{"href":"https:\/\/www.shavei.org\/it\/wp-json\/wp\/v2\/product"}],"about":[{"href":"https:\/\/www.shavei.org\/it\/wp-json\/wp\/v2\/types\/product"}],"replies":[{"embeddable":true,"href":"https:\/\/www.shavei.org\/it\/wp-json\/wp\/v2\/comments?post=15632"}],"wp:featuredmedia":[{"embeddable":true,"href":"https:\/\/www.shavei.org\/it\/wp-json\/wp\/v2\/media\/120506"}],"wp:attachment":[{"href":"https:\/\/www.shavei.org\/it\/wp-json\/wp\/v2\/media?parent=15632"}],"wp:term":[{"taxonomy":"product_brand","embeddable":true,"href":"https:\/\/www.shavei.org\/it\/wp-json\/wp\/v2\/product_brand?post=15632"},{"taxonomy":"product_cat","embeddable":true,"href":"https:\/\/www.shavei.org\/it\/wp-json\/wp\/v2\/product_cat?post=15632"},{"taxonomy":"product_tag","embeddable":true,"href":"https:\/\/www.shavei.org\/it\/wp-json\/wp\/v2\/product_tag?post=15632"}],"curies":[{"name":"wp","href":"https:\/\/api.w.org\/{rel}","templated":true}]}}