{"id":189,"date":"2016-05-10T11:25:45","date_gmt":"2016-05-10T09:25:45","guid":{"rendered":"https:\/\/www.shavei.org\/product\/mi-sidur\/"},"modified":"2022-10-25T12:28:34","modified_gmt":"2022-10-25T10:28:34","slug":"mi-sidur","status":"publish","type":"product","link":"https:\/\/www.shavei.org\/he\/product\/mi-sidur\/","title":{"rendered":"Mi Sidur"},"content":{"rendered":"<p>Autor:\u00a0Rabino Eliahu Birnbaum<br \/>\nEditor: Shavei Israel, 2005<br \/>\n78 p\u00e1ginas \/\u00a0De tapa blanda<br \/>\nA todo color \/ Ilustrada<br \/>\nEn Espa\u00f1ol y Hebreo<\/p>\n","protected":false},"excerpt":{"rendered":"<p>Un ni\u00f1o jud\u00edo desarrolla su fe en la emoci\u00f3n de la plegaria, de los rituales cotidianos\u00a0mediante los cuales\u00a0aprende a relacionarse con el Creador. Este Sidur recoge las principales oraciones y bendiciones que un ni\u00f1o jud\u00edo debe conocer y practicar, y las ofrece con fotos, explicaciones, traducci\u00f3n y fon\u00e9tica: una caricia y una orientaci\u00f3n imprescindible para el alma del ni\u00f1o jud\u00edo.<\/p>\n","protected":false},"featured_media":118417,"comment_status":"closed","ping_status":"closed","template":"","meta":{"give_campaign_id":0,"_exactmetrics_skip_tracking":false,"_exactmetrics_sitenote_active":false,"_exactmetrics_sitenote_note":"","_exactmetrics_sitenote_category":0,"ngg_post_thumbnail":0},"product_brand":[],"product_cat":[2184,2183,2185,2286],"product_tag":[2281,2282,2187,2265,2267,2268],"class_list":{"0":"post-189","1":"product","2":"type-product","3":"status-publish","4":"has-post-thumbnail","6":"product_cat-espanol","7":"product_cat-idiomas","8":"product_cat-libros","9":"product_cat-ninos","10":"product_tag-bendiciones","11":"product_tag-canciones","12":"product_tag-espanol","13":"product_tag-plegarias","14":"product_tag-shabat","15":"product_tag-sidur","16":"product_shipping_class-registered-mail-he","18":"first","19":"instock","20":"taxable","21":"shipping-taxable","22":"purchasable","23":"product-type-simple"},"yoast_head":"<!-- This site is optimized with the Yoast SEO plugin v27.1.1 - https:\/\/yoast.com\/product\/yoast-seo-wordpress\/ -->\n<title>Mi Sidur - Shavei Israel<\/title>\n<meta name=\"robots\" content=\"index, follow, max-snippet:-1, max-image-preview:large, max-video-preview:-1\" \/>\n<link rel=\"canonical\" href=\"https:\/\/www.shavei.org\/he\/product\/mi-sidur\/\" \/>\n<meta property=\"og:locale\" content=\"he_IL\" \/>\n<meta property=\"og:type\" content=\"article\" \/>\n<meta property=\"og:title\" content=\"Mi Sidur - Shavei Israel\" \/>\n<meta property=\"og:description\" content=\"Un ni\u00f1o jud\u00edo desarrolla su fe en la emoci\u00f3n de la plegaria, de los rituales cotidianos\u00a0mediante los cuales\u00a0aprende a relacionarse con el Creador. Este Sidur recoge las principales oraciones y bendiciones que un ni\u00f1o jud\u00edo debe conocer y practicar, y las ofrece con fotos, explicaciones, traducci\u00f3n y fon\u00e9tica: una caricia y una orientaci\u00f3n imprescindible para el alma del ni\u00f1o jud\u00edo.\" \/>\n<meta property=\"og:url\" content=\"https:\/\/www.shavei.org\/ru\/product\/mi-sidur\/\" \/>\n<meta property=\"og:site_name\" content=\"Shavei Israel\" \/>\n<meta property=\"article:modified_time\" content=\"2022-10-25T10:28:34+00:00\" \/>\n<meta property=\"og:image\" content=\"https:\/\/www.shavei.org\/wp-content\/uploads\/2020\/12\/shavei-ES-mi-sidur-cover.jpg\" \/>\n\t<meta property=\"og:image:width\" content=\"540\" \/>\n\t<meta property=\"og:image:height\" content=\"396\" \/>\n\t<meta property=\"og:image:type\" content=\"image\/jpeg\" \/>\n<meta name=\"twitter:card\" content=\"summary_large_image\" \/>\n<script type=\"application\/ld+json\" class=\"yoast-schema-graph\">{\"@context\":\"https:\/\/schema.org\",\"@graph\":[{\"@type\":\"WebPage\",\"@id\":\"https:\/\/www.shavei.org\/ru\/product\/mi-sidur\/\",\"url\":\"https:\/\/www.shavei.org\/ru\/product\/mi-sidur\/\",\"name\":\"Mi Sidur - Shavei Israel\",\"isPartOf\":{\"@id\":\"https:\/\/www.shavei.org\/#website\"},\"primaryImageOfPage\":{\"@id\":\"https:\/\/www.shavei.org\/ru\/product\/mi-sidur\/#primaryimage\"},\"image\":{\"@id\":\"https:\/\/www.shavei.org\/ru\/product\/mi-sidur\/#primaryimage\"},\"thumbnailUrl\":\"https:\/\/www.shavei.org\/wp-content\/uploads\/2020\/12\/shavei-ES-mi-sidur-cover.jpg\",\"datePublished\":\"2016-05-10T09:25:45+00:00\",\"dateModified\":\"2022-10-25T10:28:34+00:00\",\"breadcrumb\":{\"@id\":\"https:\/\/www.shavei.org\/ru\/product\/mi-sidur\/#breadcrumb\"},\"inLanguage\":\"he-IL\",\"potentialAction\":[{\"@type\":\"ReadAction\",\"target\":[\"https:\/\/www.shavei.org\/ru\/product\/mi-sidur\/\"]}]},{\"@type\":\"ImageObject\",\"inLanguage\":\"he-IL\",\"@id\":\"https:\/\/www.shavei.org\/ru\/product\/mi-sidur\/#primaryimage\",\"url\":\"https:\/\/www.shavei.org\/wp-content\/uploads\/2020\/12\/shavei-ES-mi-sidur-cover.jpg\",\"contentUrl\":\"https:\/\/www.shavei.org\/wp-content\/uploads\/2020\/12\/shavei-ES-mi-sidur-cover.jpg\",\"width\":540,\"height\":396,\"caption\":\"Mi Sidur\"},{\"@type\":\"BreadcrumbList\",\"@id\":\"https:\/\/www.shavei.org\/ru\/product\/mi-sidur\/#breadcrumb\",\"itemListElement\":[{\"@type\":\"ListItem\",\"position\":1,\"name\":\"Home\",\"item\":\"https:\/\/www.shavei.org\/he\/\"},{\"@type\":\"ListItem\",\"position\":2,\"name\":\"Shop\",\"item\":\"https:\/\/www.shavei.org\/shop\/\"},{\"@type\":\"ListItem\",\"position\":3,\"name\":\"Mi Sidur\"}]},{\"@type\":\"WebSite\",\"@id\":\"https:\/\/www.shavei.org\/#website\",\"url\":\"https:\/\/www.shavei.org\/\",\"name\":\"Shavei Israel\",\"description\":\"One nation, many faces. We help them all return.\",\"publisher\":{\"@id\":\"https:\/\/www.shavei.org\/#organization\"},\"potentialAction\":[{\"@type\":\"SearchAction\",\"target\":{\"@type\":\"EntryPoint\",\"urlTemplate\":\"https:\/\/www.shavei.org\/?s={search_term_string}\"},\"query-input\":{\"@type\":\"PropertyValueSpecification\",\"valueRequired\":true,\"valueName\":\"search_term_string\"}}],\"inLanguage\":\"he-IL\"},{\"@type\":\"Organization\",\"@id\":\"https:\/\/www.shavei.org\/#organization\",\"name\":\"Shavei Israel\",\"url\":\"https:\/\/www.shavei.org\/\",\"logo\":{\"@type\":\"ImageObject\",\"inLanguage\":\"he-IL\",\"@id\":\"https:\/\/www.shavei.org\/#\/schema\/logo\/image\/\",\"url\":\"https:\/\/www.shavei.org\/wp-content\/uploads\/2017\/10\/shavei-logo.jpg\",\"contentUrl\":\"https:\/\/www.shavei.org\/wp-content\/uploads\/2017\/10\/shavei-logo.jpg\",\"width\":300,\"height\":285,\"caption\":\"Shavei Israel\"},\"image\":{\"@id\":\"https:\/\/www.shavei.org\/#\/schema\/logo\/image\/\"}}]}<\/script>\n<!-- \/ Yoast SEO plugin. -->","yoast_head_json":{"title":"Mi Sidur - Shavei Israel","robots":{"index":"index","follow":"follow","max-snippet":"max-snippet:-1","max-image-preview":"max-image-preview:large","max-video-preview":"max-video-preview:-1"},"canonical":"https:\/\/www.shavei.org\/he\/product\/mi-sidur\/","og_locale":"he_IL","og_type":"article","og_title":"Mi Sidur - Shavei Israel","og_description":"Un ni\u00f1o jud\u00edo desarrolla su fe en la emoci\u00f3n de la plegaria, de los rituales cotidianos\u00a0mediante los cuales\u00a0aprende a relacionarse con el Creador. Este Sidur recoge las principales oraciones y bendiciones que un ni\u00f1o jud\u00edo debe conocer y practicar, y las ofrece con fotos, explicaciones, traducci\u00f3n y fon\u00e9tica: una caricia y una orientaci\u00f3n imprescindible para el alma del ni\u00f1o jud\u00edo.","og_url":"https:\/\/www.shavei.org\/ru\/product\/mi-sidur\/","og_site_name":"Shavei Israel","article_modified_time":"2022-10-25T10:28:34+00:00","og_image":[{"width":540,"height":396,"url":"https:\/\/www.shavei.org\/wp-content\/uploads\/2020\/12\/shavei-ES-mi-sidur-cover.jpg","type":"image\/jpeg"}],"twitter_card":"summary_large_image","schema":{"@context":"https:\/\/schema.org","@graph":[{"@type":"WebPage","@id":"https:\/\/www.shavei.org\/ru\/product\/mi-sidur\/","url":"https:\/\/www.shavei.org\/ru\/product\/mi-sidur\/","name":"Mi Sidur - Shavei Israel","isPartOf":{"@id":"https:\/\/www.shavei.org\/#website"},"primaryImageOfPage":{"@id":"https:\/\/www.shavei.org\/ru\/product\/mi-sidur\/#primaryimage"},"image":{"@id":"https:\/\/www.shavei.org\/ru\/product\/mi-sidur\/#primaryimage"},"thumbnailUrl":"https:\/\/www.shavei.org\/wp-content\/uploads\/2020\/12\/shavei-ES-mi-sidur-cover.jpg","datePublished":"2016-05-10T09:25:45+00:00","dateModified":"2022-10-25T10:28:34+00:00","breadcrumb":{"@id":"https:\/\/www.shavei.org\/ru\/product\/mi-sidur\/#breadcrumb"},"inLanguage":"he-IL","potentialAction":[{"@type":"ReadAction","target":["https:\/\/www.shavei.org\/ru\/product\/mi-sidur\/"]}]},{"@type":"ImageObject","inLanguage":"he-IL","@id":"https:\/\/www.shavei.org\/ru\/product\/mi-sidur\/#primaryimage","url":"https:\/\/www.shavei.org\/wp-content\/uploads\/2020\/12\/shavei-ES-mi-sidur-cover.jpg","contentUrl":"https:\/\/www.shavei.org\/wp-content\/uploads\/2020\/12\/shavei-ES-mi-sidur-cover.jpg","width":540,"height":396,"caption":"Mi Sidur"},{"@type":"BreadcrumbList","@id":"https:\/\/www.shavei.org\/ru\/product\/mi-sidur\/#breadcrumb","itemListElement":[{"@type":"ListItem","position":1,"name":"Home","item":"https:\/\/www.shavei.org\/he\/"},{"@type":"ListItem","position":2,"name":"Shop","item":"https:\/\/www.shavei.org\/shop\/"},{"@type":"ListItem","position":3,"name":"Mi Sidur"}]},{"@type":"WebSite","@id":"https:\/\/www.shavei.org\/#website","url":"https:\/\/www.shavei.org\/","name":"Shavei Israel","description":"One nation, many faces. We help them all return.","publisher":{"@id":"https:\/\/www.shavei.org\/#organization"},"potentialAction":[{"@type":"SearchAction","target":{"@type":"EntryPoint","urlTemplate":"https:\/\/www.shavei.org\/?s={search_term_string}"},"query-input":{"@type":"PropertyValueSpecification","valueRequired":true,"valueName":"search_term_string"}}],"inLanguage":"he-IL"},{"@type":"Organization","@id":"https:\/\/www.shavei.org\/#organization","name":"Shavei Israel","url":"https:\/\/www.shavei.org\/","logo":{"@type":"ImageObject","inLanguage":"he-IL","@id":"https:\/\/www.shavei.org\/#\/schema\/logo\/image\/","url":"https:\/\/www.shavei.org\/wp-content\/uploads\/2017\/10\/shavei-logo.jpg","contentUrl":"https:\/\/www.shavei.org\/wp-content\/uploads\/2017\/10\/shavei-logo.jpg","width":300,"height":285,"caption":"Shavei Israel"},"image":{"@id":"https:\/\/www.shavei.org\/#\/schema\/logo\/image\/"}}]}},"_links":{"self":[{"href":"https:\/\/www.shavei.org\/he\/wp-json\/wp\/v2\/product\/189","targetHints":{"allow":["GET"]}}],"collection":[{"href":"https:\/\/www.shavei.org\/he\/wp-json\/wp\/v2\/product"}],"about":[{"href":"https:\/\/www.shavei.org\/he\/wp-json\/wp\/v2\/types\/product"}],"replies":[{"embeddable":true,"href":"https:\/\/www.shavei.org\/he\/wp-json\/wp\/v2\/comments?post=189"}],"wp:featuredmedia":[{"embeddable":true,"href":"https:\/\/www.shavei.org\/he\/wp-json\/wp\/v2\/media\/118417"}],"wp:attachment":[{"href":"https:\/\/www.shavei.org\/he\/wp-json\/wp\/v2\/media?parent=189"}],"wp:term":[{"taxonomy":"product_brand","embeddable":true,"href":"https:\/\/www.shavei.org\/he\/wp-json\/wp\/v2\/product_brand?post=189"},{"taxonomy":"product_cat","embeddable":true,"href":"https:\/\/www.shavei.org\/he\/wp-json\/wp\/v2\/product_cat?post=189"},{"taxonomy":"product_tag","embeddable":true,"href":"https:\/\/www.shavei.org\/he\/wp-json\/wp\/v2\/product_tag?post=189"}],"curies":[{"name":"wp","href":"https:\/\/api.w.org\/{rel}","templated":true}]}}