{"id":185,"date":"2016-05-10T11:22:00","date_gmt":"2016-05-10T09:22:00","guid":{"rendered":"https:\/\/www.shavei.org\/product\/que-es-la-fe\/"},"modified":"2023-07-14T00:39:03","modified_gmt":"2023-07-13T22:39:03","slug":"que-es-la-fe","status":"publish","type":"product","link":"https:\/\/www.shavei.org\/he\/product\/que-es-la-fe\/","title":{"rendered":"\u00bfQu\u00e9 es la Fe?"},"content":{"rendered":"<p>Autor:\u00a0Rabino Eliahu Birnbaum<br \/>\nDise\u00f1ador grafico: Daniela Brandwain<br \/>\nEditor:\u00a0Shavei Israel, 2005<br \/>\n74 p\u00e1ginas \/\u00a0De tapa blanda \/ A todo color<br \/>\nEn Espa\u00f1ol<\/p>\n","protected":false},"excerpt":{"rendered":"<p>Uno de los principales desaf\u00edos del hombre moderno es encontrar respuestas relevantes que le permitan llevar una vida basada en la fe. <em>\u00bfQu\u00e9 es la fe?<\/em> presenta una amplia y variada antolog\u00eda de textos de todos los tiempos que invitan al lector a reflexionar sobre el concepto de la fe jud\u00eda.<\/p>\n","protected":false},"featured_media":118329,"comment_status":"closed","ping_status":"closed","template":"","meta":{"give_campaign_id":0,"_exactmetrics_skip_tracking":false,"_exactmetrics_sitenote_active":false,"_exactmetrics_sitenote_note":"","_exactmetrics_sitenote_category":0,"ngg_post_thumbnail":0},"product_brand":[],"product_cat":[2184,2183,2185],"product_tag":[2187,2293,2189],"class_list":{"0":"post-185","1":"product","2":"type-product","3":"status-publish","4":"has-post-thumbnail","6":"product_cat-espanol","7":"product_cat-idiomas","8":"product_cat-libros","9":"product_tag-espanol","10":"product_tag-fe","11":"product_tag-pensamiento-judio","12":"product_shipping_class-registered-mail-he","14":"first","15":"instock","16":"taxable","17":"shipping-taxable","18":"purchasable","19":"product-type-simple"},"yoast_head":"<!-- This site is optimized with the Yoast SEO plugin v27.1.1 - https:\/\/yoast.com\/product\/yoast-seo-wordpress\/ -->\n<title>\u00bfQu\u00e9 es la Fe? - Shavei Israel<\/title>\n<meta name=\"robots\" content=\"index, follow, max-snippet:-1, max-image-preview:large, max-video-preview:-1\" \/>\n<link rel=\"canonical\" href=\"https:\/\/www.shavei.org\/he\/product\/que-es-la-fe\/\" \/>\n<meta property=\"og:locale\" content=\"he_IL\" \/>\n<meta property=\"og:type\" content=\"article\" \/>\n<meta property=\"og:title\" content=\"\u00bfQu\u00e9 es la Fe? - Shavei Israel\" \/>\n<meta property=\"og:description\" content=\"Uno de los principales desaf\u00edos del hombre moderno es encontrar respuestas relevantes que le permitan llevar una vida basada en la fe. \u00bfQu\u00e9 es la fe? presenta una amplia y variada antolog\u00eda de textos de todos los tiempos que invitan al lector a reflexionar sobre el concepto de la fe jud\u00eda.\" \/>\n<meta property=\"og:url\" content=\"https:\/\/www.shavei.org\/pt-br\/product\/que-es-la-fe\/\" \/>\n<meta property=\"og:site_name\" content=\"Shavei Israel\" \/>\n<meta property=\"article:modified_time\" content=\"2023-07-13T22:39:03+00:00\" \/>\n<meta property=\"og:image\" content=\"https:\/\/www.shavei.org\/wp-content\/uploads\/2020\/12\/shavei-ES-que-es-la-fe.jpg\" \/>\n\t<meta property=\"og:image:width\" content=\"540\" \/>\n\t<meta property=\"og:image:height\" content=\"396\" \/>\n\t<meta property=\"og:image:type\" content=\"image\/jpeg\" \/>\n<meta name=\"twitter:card\" content=\"summary_large_image\" \/>\n<script type=\"application\/ld+json\" class=\"yoast-schema-graph\">{\"@context\":\"https:\/\/schema.org\",\"@graph\":[{\"@type\":\"WebPage\",\"@id\":\"https:\/\/www.shavei.org\/pt-br\/product\/que-es-la-fe\/\",\"url\":\"https:\/\/www.shavei.org\/pt-br\/product\/que-es-la-fe\/\",\"name\":\"\u00bfQu\u00e9 es la Fe? - Shavei Israel\",\"isPartOf\":{\"@id\":\"https:\/\/www.shavei.org\/#website\"},\"primaryImageOfPage\":{\"@id\":\"https:\/\/www.shavei.org\/pt-br\/product\/que-es-la-fe\/#primaryimage\"},\"image\":{\"@id\":\"https:\/\/www.shavei.org\/pt-br\/product\/que-es-la-fe\/#primaryimage\"},\"thumbnailUrl\":\"https:\/\/www.shavei.org\/wp-content\/uploads\/2020\/12\/shavei-ES-que-es-la-fe.jpg\",\"datePublished\":\"2016-05-10T09:22:00+00:00\",\"dateModified\":\"2023-07-13T22:39:03+00:00\",\"breadcrumb\":{\"@id\":\"https:\/\/www.shavei.org\/pt-br\/product\/que-es-la-fe\/#breadcrumb\"},\"inLanguage\":\"he-IL\",\"potentialAction\":[{\"@type\":\"ReadAction\",\"target\":[\"https:\/\/www.shavei.org\/pt-br\/product\/que-es-la-fe\/\"]}]},{\"@type\":\"ImageObject\",\"inLanguage\":\"he-IL\",\"@id\":\"https:\/\/www.shavei.org\/pt-br\/product\/que-es-la-fe\/#primaryimage\",\"url\":\"https:\/\/www.shavei.org\/wp-content\/uploads\/2020\/12\/shavei-ES-que-es-la-fe.jpg\",\"contentUrl\":\"https:\/\/www.shavei.org\/wp-content\/uploads\/2020\/12\/shavei-ES-que-es-la-fe.jpg\",\"width\":540,\"height\":396,\"caption\":\"\u00bfQu\u00e9 es la Fe?\"},{\"@type\":\"BreadcrumbList\",\"@id\":\"https:\/\/www.shavei.org\/pt-br\/product\/que-es-la-fe\/#breadcrumb\",\"itemListElement\":[{\"@type\":\"ListItem\",\"position\":1,\"name\":\"Home\",\"item\":\"https:\/\/www.shavei.org\/he\/\"},{\"@type\":\"ListItem\",\"position\":2,\"name\":\"Shop\",\"item\":\"https:\/\/www.shavei.org\/shop\/\"},{\"@type\":\"ListItem\",\"position\":3,\"name\":\"\u00bfQu\u00e9 es la Fe?\"}]},{\"@type\":\"WebSite\",\"@id\":\"https:\/\/www.shavei.org\/#website\",\"url\":\"https:\/\/www.shavei.org\/\",\"name\":\"Shavei Israel\",\"description\":\"One nation, many faces. We help them all return.\",\"publisher\":{\"@id\":\"https:\/\/www.shavei.org\/#organization\"},\"potentialAction\":[{\"@type\":\"SearchAction\",\"target\":{\"@type\":\"EntryPoint\",\"urlTemplate\":\"https:\/\/www.shavei.org\/?s={search_term_string}\"},\"query-input\":{\"@type\":\"PropertyValueSpecification\",\"valueRequired\":true,\"valueName\":\"search_term_string\"}}],\"inLanguage\":\"he-IL\"},{\"@type\":\"Organization\",\"@id\":\"https:\/\/www.shavei.org\/#organization\",\"name\":\"Shavei Israel\",\"url\":\"https:\/\/www.shavei.org\/\",\"logo\":{\"@type\":\"ImageObject\",\"inLanguage\":\"he-IL\",\"@id\":\"https:\/\/www.shavei.org\/#\/schema\/logo\/image\/\",\"url\":\"https:\/\/www.shavei.org\/wp-content\/uploads\/2017\/10\/shavei-logo.jpg\",\"contentUrl\":\"https:\/\/www.shavei.org\/wp-content\/uploads\/2017\/10\/shavei-logo.jpg\",\"width\":300,\"height\":285,\"caption\":\"Shavei Israel\"},\"image\":{\"@id\":\"https:\/\/www.shavei.org\/#\/schema\/logo\/image\/\"}}]}<\/script>\n<!-- \/ Yoast SEO plugin. -->","yoast_head_json":{"title":"\u00bfQu\u00e9 es la Fe? - Shavei Israel","robots":{"index":"index","follow":"follow","max-snippet":"max-snippet:-1","max-image-preview":"max-image-preview:large","max-video-preview":"max-video-preview:-1"},"canonical":"https:\/\/www.shavei.org\/he\/product\/que-es-la-fe\/","og_locale":"he_IL","og_type":"article","og_title":"\u00bfQu\u00e9 es la Fe? - Shavei Israel","og_description":"Uno de los principales desaf\u00edos del hombre moderno es encontrar respuestas relevantes que le permitan llevar una vida basada en la fe. \u00bfQu\u00e9 es la fe? presenta una amplia y variada antolog\u00eda de textos de todos los tiempos que invitan al lector a reflexionar sobre el concepto de la fe jud\u00eda.","og_url":"https:\/\/www.shavei.org\/pt-br\/product\/que-es-la-fe\/","og_site_name":"Shavei Israel","article_modified_time":"2023-07-13T22:39:03+00:00","og_image":[{"width":540,"height":396,"url":"https:\/\/www.shavei.org\/wp-content\/uploads\/2020\/12\/shavei-ES-que-es-la-fe.jpg","type":"image\/jpeg"}],"twitter_card":"summary_large_image","schema":{"@context":"https:\/\/schema.org","@graph":[{"@type":"WebPage","@id":"https:\/\/www.shavei.org\/pt-br\/product\/que-es-la-fe\/","url":"https:\/\/www.shavei.org\/pt-br\/product\/que-es-la-fe\/","name":"\u00bfQu\u00e9 es la Fe? - Shavei Israel","isPartOf":{"@id":"https:\/\/www.shavei.org\/#website"},"primaryImageOfPage":{"@id":"https:\/\/www.shavei.org\/pt-br\/product\/que-es-la-fe\/#primaryimage"},"image":{"@id":"https:\/\/www.shavei.org\/pt-br\/product\/que-es-la-fe\/#primaryimage"},"thumbnailUrl":"https:\/\/www.shavei.org\/wp-content\/uploads\/2020\/12\/shavei-ES-que-es-la-fe.jpg","datePublished":"2016-05-10T09:22:00+00:00","dateModified":"2023-07-13T22:39:03+00:00","breadcrumb":{"@id":"https:\/\/www.shavei.org\/pt-br\/product\/que-es-la-fe\/#breadcrumb"},"inLanguage":"he-IL","potentialAction":[{"@type":"ReadAction","target":["https:\/\/www.shavei.org\/pt-br\/product\/que-es-la-fe\/"]}]},{"@type":"ImageObject","inLanguage":"he-IL","@id":"https:\/\/www.shavei.org\/pt-br\/product\/que-es-la-fe\/#primaryimage","url":"https:\/\/www.shavei.org\/wp-content\/uploads\/2020\/12\/shavei-ES-que-es-la-fe.jpg","contentUrl":"https:\/\/www.shavei.org\/wp-content\/uploads\/2020\/12\/shavei-ES-que-es-la-fe.jpg","width":540,"height":396,"caption":"\u00bfQu\u00e9 es la Fe?"},{"@type":"BreadcrumbList","@id":"https:\/\/www.shavei.org\/pt-br\/product\/que-es-la-fe\/#breadcrumb","itemListElement":[{"@type":"ListItem","position":1,"name":"Home","item":"https:\/\/www.shavei.org\/he\/"},{"@type":"ListItem","position":2,"name":"Shop","item":"https:\/\/www.shavei.org\/shop\/"},{"@type":"ListItem","position":3,"name":"\u00bfQu\u00e9 es la Fe?"}]},{"@type":"WebSite","@id":"https:\/\/www.shavei.org\/#website","url":"https:\/\/www.shavei.org\/","name":"Shavei Israel","description":"One nation, many faces. We help them all return.","publisher":{"@id":"https:\/\/www.shavei.org\/#organization"},"potentialAction":[{"@type":"SearchAction","target":{"@type":"EntryPoint","urlTemplate":"https:\/\/www.shavei.org\/?s={search_term_string}"},"query-input":{"@type":"PropertyValueSpecification","valueRequired":true,"valueName":"search_term_string"}}],"inLanguage":"he-IL"},{"@type":"Organization","@id":"https:\/\/www.shavei.org\/#organization","name":"Shavei Israel","url":"https:\/\/www.shavei.org\/","logo":{"@type":"ImageObject","inLanguage":"he-IL","@id":"https:\/\/www.shavei.org\/#\/schema\/logo\/image\/","url":"https:\/\/www.shavei.org\/wp-content\/uploads\/2017\/10\/shavei-logo.jpg","contentUrl":"https:\/\/www.shavei.org\/wp-content\/uploads\/2017\/10\/shavei-logo.jpg","width":300,"height":285,"caption":"Shavei Israel"},"image":{"@id":"https:\/\/www.shavei.org\/#\/schema\/logo\/image\/"}}]}},"_links":{"self":[{"href":"https:\/\/www.shavei.org\/he\/wp-json\/wp\/v2\/product\/185","targetHints":{"allow":["GET"]}}],"collection":[{"href":"https:\/\/www.shavei.org\/he\/wp-json\/wp\/v2\/product"}],"about":[{"href":"https:\/\/www.shavei.org\/he\/wp-json\/wp\/v2\/types\/product"}],"replies":[{"embeddable":true,"href":"https:\/\/www.shavei.org\/he\/wp-json\/wp\/v2\/comments?post=185"}],"wp:featuredmedia":[{"embeddable":true,"href":"https:\/\/www.shavei.org\/he\/wp-json\/wp\/v2\/media\/118329"}],"wp:attachment":[{"href":"https:\/\/www.shavei.org\/he\/wp-json\/wp\/v2\/media?parent=185"}],"wp:term":[{"taxonomy":"product_brand","embeddable":true,"href":"https:\/\/www.shavei.org\/he\/wp-json\/wp\/v2\/product_brand?post=185"},{"taxonomy":"product_cat","embeddable":true,"href":"https:\/\/www.shavei.org\/he\/wp-json\/wp\/v2\/product_cat?post=185"},{"taxonomy":"product_tag","embeddable":true,"href":"https:\/\/www.shavei.org\/he\/wp-json\/wp\/v2\/product_tag?post=185"}],"curies":[{"name":"wp","href":"https:\/\/api.w.org\/{rel}","templated":true}]}}