{"id":175,"date":"2016-05-05T13:28:02","date_gmt":"2016-05-05T11:28:02","guid":{"rendered":"https:\/\/www.shavei.org\/product\/memoria-eterna-polaco\/"},"modified":"2021-05-09T12:43:43","modified_gmt":"2021-05-09T10:43:43","slug":"memoria-eterna-polaco","status":"publish","type":"product","link":"https:\/\/www.shavei.org\/he\/product\/memoria-eterna-polaco\/","title":{"rendered":"Memoria Eterna (Polaco)"},"content":{"rendered":"<p>Autor:\u00a0Rabino Boaz Pash<br \/>\nEditor:\u00a0Shavei Israel &#038; Austeria, 2009<br \/>\n136 p\u00e1ginas \/\u00a0De tapa blanda<br \/>\nEn polaco, hebreo, traducci\u00f3n en fon\u00e9tica<\/p>\n","protected":false},"excerpt":{"rendered":"<p><em>Zijr\u00f3n Netzaj<\/em> es la primera gu\u00eda de duelo en polaco que es publicada. La gu\u00eda fue editada por el Rabino Boaz Pash, enviado de Shavei Israel en la ciudad de Cracovia, Polonia, e incluye todas las normas respecto a la recordaci\u00f3n del difunto, los rezos que deben realizarse en la tumba de un familiar, explicaciones acerca de c\u00f3mo rezar en la tumba de un Tzadik (justo), normas respecto al cementerio y todo lo que est\u00e1 relacionado con preservar la memoria del difunto. La gu\u00eda incluye todos los textos en hebreo, con traducci\u00f3n al polaco, mientras que las partes que son dichas por el p\u00fablico, cuentan tambi\u00e9n con una traducci\u00f3n en fon\u00e9tica.<\/p>\n","protected":false},"featured_media":119754,"comment_status":"closed","ping_status":"closed","template":"","meta":{"give_campaign_id":0,"_exactmetrics_skip_tracking":false,"_exactmetrics_sitenote_active":false,"_exactmetrics_sitenote_note":"","_exactmetrics_sitenote_category":0,"ngg_post_thumbnail":0},"product_brand":[],"product_cat":[2276,2183,2185,2272],"product_tag":[2277,2278,2225,2279,2265,2274],"class_list":{"0":"post-175","1":"product","2":"type-product","3":"status-publish","4":"has-post-thumbnail","6":"product_cat-ciclo-de-vida-judio","7":"product_cat-idiomas","8":"product_cat-libros","9":"product_cat-polaco","10":"product_tag-cementerio","11":"product_tag-duelo","12":"product_tag-memorial","13":"product_tag-muerte","14":"product_tag-plegarias","15":"product_tag-polaco","17":"first","18":"instock","19":"taxable","20":"shipping-taxable","21":"purchasable","22":"product-type-simple"},"yoast_head":"<!-- This site is optimized with the Yoast SEO plugin v27.1.1 - https:\/\/yoast.com\/product\/yoast-seo-wordpress\/ -->\n<title>Memoria Eterna (Polaco) - Shavei Israel<\/title>\n<meta name=\"robots\" content=\"index, follow, max-snippet:-1, max-image-preview:large, max-video-preview:-1\" \/>\n<link rel=\"canonical\" href=\"https:\/\/www.shavei.org\/he\/product\/memoria-eterna-polaco\/\" \/>\n<meta property=\"og:locale\" content=\"he_IL\" \/>\n<meta property=\"og:type\" content=\"article\" \/>\n<meta property=\"og:title\" content=\"Memoria Eterna (Polaco) - Shavei Israel\" \/>\n<meta property=\"og:description\" content=\"Zijr\u00f3n Netzaj es la primera gu\u00eda de duelo en polaco que es publicada. La gu\u00eda fue editada por el Rabino Boaz Pash, enviado de Shavei Israel en la ciudad de Cracovia, Polonia, e incluye todas las normas respecto a la recordaci\u00f3n del difunto, los rezos que deben realizarse en la tumba de un familiar, explicaciones acerca de c\u00f3mo rezar en la tumba de un Tzadik (justo), normas respecto al cementerio y todo lo que est\u00e1 relacionado con preservar la memoria del difunto. La gu\u00eda incluye todos los textos en hebreo, con traducci\u00f3n al polaco, mientras que las partes que son dichas por el p\u00fablico, cuentan tambi\u00e9n con una traducci\u00f3n en fon\u00e9tica.\" \/>\n<meta property=\"og:url\" content=\"https:\/\/www.shavei.org\/pt-br\/product\/memoria-eterna-polaco\/\" \/>\n<meta property=\"og:site_name\" content=\"Shavei Israel\" \/>\n<meta property=\"article:modified_time\" content=\"2021-05-09T10:43:43+00:00\" \/>\n<meta property=\"og:image\" content=\"https:\/\/www.shavei.org\/wp-content\/uploads\/2020\/12\/shavei-PL-zichron-netzach-3.jpg\" \/>\n\t<meta property=\"og:image:width\" content=\"540\" \/>\n\t<meta property=\"og:image:height\" content=\"396\" \/>\n\t<meta property=\"og:image:type\" content=\"image\/jpeg\" \/>\n<meta name=\"twitter:card\" content=\"summary_large_image\" \/>\n<script type=\"application\/ld+json\" class=\"yoast-schema-graph\">{\"@context\":\"https:\/\/schema.org\",\"@graph\":[{\"@type\":\"WebPage\",\"@id\":\"https:\/\/www.shavei.org\/pt-br\/product\/memoria-eterna-polaco\/\",\"url\":\"https:\/\/www.shavei.org\/pt-br\/product\/memoria-eterna-polaco\/\",\"name\":\"Memoria Eterna (Polaco) - Shavei Israel\",\"isPartOf\":{\"@id\":\"https:\/\/www.shavei.org\/#website\"},\"primaryImageOfPage\":{\"@id\":\"https:\/\/www.shavei.org\/pt-br\/product\/memoria-eterna-polaco\/#primaryimage\"},\"image\":{\"@id\":\"https:\/\/www.shavei.org\/pt-br\/product\/memoria-eterna-polaco\/#primaryimage\"},\"thumbnailUrl\":\"https:\/\/www.shavei.org\/wp-content\/uploads\/2020\/12\/shavei-PL-zichron-netzach-3.jpg\",\"datePublished\":\"2016-05-05T11:28:02+00:00\",\"dateModified\":\"2021-05-09T10:43:43+00:00\",\"breadcrumb\":{\"@id\":\"https:\/\/www.shavei.org\/pt-br\/product\/memoria-eterna-polaco\/#breadcrumb\"},\"inLanguage\":\"he-IL\",\"potentialAction\":[{\"@type\":\"ReadAction\",\"target\":[\"https:\/\/www.shavei.org\/pt-br\/product\/memoria-eterna-polaco\/\"]}]},{\"@type\":\"ImageObject\",\"inLanguage\":\"he-IL\",\"@id\":\"https:\/\/www.shavei.org\/pt-br\/product\/memoria-eterna-polaco\/#primaryimage\",\"url\":\"https:\/\/www.shavei.org\/wp-content\/uploads\/2020\/12\/shavei-PL-zichron-netzach-3.jpg\",\"contentUrl\":\"https:\/\/www.shavei.org\/wp-content\/uploads\/2020\/12\/shavei-PL-zichron-netzach-3.jpg\",\"width\":540,\"height\":396,\"caption\":\"Memoria Eterna (Polaco)\"},{\"@type\":\"BreadcrumbList\",\"@id\":\"https:\/\/www.shavei.org\/pt-br\/product\/memoria-eterna-polaco\/#breadcrumb\",\"itemListElement\":[{\"@type\":\"ListItem\",\"position\":1,\"name\":\"Home\",\"item\":\"https:\/\/www.shavei.org\/he\/\"},{\"@type\":\"ListItem\",\"position\":2,\"name\":\"Shop\",\"item\":\"https:\/\/www.shavei.org\/shop\/\"},{\"@type\":\"ListItem\",\"position\":3,\"name\":\"Memoria Eterna (Polaco)\"}]},{\"@type\":\"WebSite\",\"@id\":\"https:\/\/www.shavei.org\/#website\",\"url\":\"https:\/\/www.shavei.org\/\",\"name\":\"Shavei Israel\",\"description\":\"One nation, many faces. We help them all return.\",\"publisher\":{\"@id\":\"https:\/\/www.shavei.org\/#organization\"},\"potentialAction\":[{\"@type\":\"SearchAction\",\"target\":{\"@type\":\"EntryPoint\",\"urlTemplate\":\"https:\/\/www.shavei.org\/?s={search_term_string}\"},\"query-input\":{\"@type\":\"PropertyValueSpecification\",\"valueRequired\":true,\"valueName\":\"search_term_string\"}}],\"inLanguage\":\"he-IL\"},{\"@type\":\"Organization\",\"@id\":\"https:\/\/www.shavei.org\/#organization\",\"name\":\"Shavei Israel\",\"url\":\"https:\/\/www.shavei.org\/\",\"logo\":{\"@type\":\"ImageObject\",\"inLanguage\":\"he-IL\",\"@id\":\"https:\/\/www.shavei.org\/#\/schema\/logo\/image\/\",\"url\":\"https:\/\/www.shavei.org\/wp-content\/uploads\/2017\/10\/shavei-logo.jpg\",\"contentUrl\":\"https:\/\/www.shavei.org\/wp-content\/uploads\/2017\/10\/shavei-logo.jpg\",\"width\":300,\"height\":285,\"caption\":\"Shavei Israel\"},\"image\":{\"@id\":\"https:\/\/www.shavei.org\/#\/schema\/logo\/image\/\"}}]}<\/script>\n<!-- \/ Yoast SEO plugin. -->","yoast_head_json":{"title":"Memoria Eterna (Polaco) - Shavei Israel","robots":{"index":"index","follow":"follow","max-snippet":"max-snippet:-1","max-image-preview":"max-image-preview:large","max-video-preview":"max-video-preview:-1"},"canonical":"https:\/\/www.shavei.org\/he\/product\/memoria-eterna-polaco\/","og_locale":"he_IL","og_type":"article","og_title":"Memoria Eterna (Polaco) - Shavei Israel","og_description":"Zijr\u00f3n Netzaj es la primera gu\u00eda de duelo en polaco que es publicada. La gu\u00eda fue editada por el Rabino Boaz Pash, enviado de Shavei Israel en la ciudad de Cracovia, Polonia, e incluye todas las normas respecto a la recordaci\u00f3n del difunto, los rezos que deben realizarse en la tumba de un familiar, explicaciones acerca de c\u00f3mo rezar en la tumba de un Tzadik (justo), normas respecto al cementerio y todo lo que est\u00e1 relacionado con preservar la memoria del difunto. La gu\u00eda incluye todos los textos en hebreo, con traducci\u00f3n al polaco, mientras que las partes que son dichas por el p\u00fablico, cuentan tambi\u00e9n con una traducci\u00f3n en fon\u00e9tica.","og_url":"https:\/\/www.shavei.org\/pt-br\/product\/memoria-eterna-polaco\/","og_site_name":"Shavei Israel","article_modified_time":"2021-05-09T10:43:43+00:00","og_image":[{"width":540,"height":396,"url":"https:\/\/www.shavei.org\/wp-content\/uploads\/2020\/12\/shavei-PL-zichron-netzach-3.jpg","type":"image\/jpeg"}],"twitter_card":"summary_large_image","schema":{"@context":"https:\/\/schema.org","@graph":[{"@type":"WebPage","@id":"https:\/\/www.shavei.org\/pt-br\/product\/memoria-eterna-polaco\/","url":"https:\/\/www.shavei.org\/pt-br\/product\/memoria-eterna-polaco\/","name":"Memoria Eterna (Polaco) - Shavei Israel","isPartOf":{"@id":"https:\/\/www.shavei.org\/#website"},"primaryImageOfPage":{"@id":"https:\/\/www.shavei.org\/pt-br\/product\/memoria-eterna-polaco\/#primaryimage"},"image":{"@id":"https:\/\/www.shavei.org\/pt-br\/product\/memoria-eterna-polaco\/#primaryimage"},"thumbnailUrl":"https:\/\/www.shavei.org\/wp-content\/uploads\/2020\/12\/shavei-PL-zichron-netzach-3.jpg","datePublished":"2016-05-05T11:28:02+00:00","dateModified":"2021-05-09T10:43:43+00:00","breadcrumb":{"@id":"https:\/\/www.shavei.org\/pt-br\/product\/memoria-eterna-polaco\/#breadcrumb"},"inLanguage":"he-IL","potentialAction":[{"@type":"ReadAction","target":["https:\/\/www.shavei.org\/pt-br\/product\/memoria-eterna-polaco\/"]}]},{"@type":"ImageObject","inLanguage":"he-IL","@id":"https:\/\/www.shavei.org\/pt-br\/product\/memoria-eterna-polaco\/#primaryimage","url":"https:\/\/www.shavei.org\/wp-content\/uploads\/2020\/12\/shavei-PL-zichron-netzach-3.jpg","contentUrl":"https:\/\/www.shavei.org\/wp-content\/uploads\/2020\/12\/shavei-PL-zichron-netzach-3.jpg","width":540,"height":396,"caption":"Memoria Eterna (Polaco)"},{"@type":"BreadcrumbList","@id":"https:\/\/www.shavei.org\/pt-br\/product\/memoria-eterna-polaco\/#breadcrumb","itemListElement":[{"@type":"ListItem","position":1,"name":"Home","item":"https:\/\/www.shavei.org\/he\/"},{"@type":"ListItem","position":2,"name":"Shop","item":"https:\/\/www.shavei.org\/shop\/"},{"@type":"ListItem","position":3,"name":"Memoria Eterna (Polaco)"}]},{"@type":"WebSite","@id":"https:\/\/www.shavei.org\/#website","url":"https:\/\/www.shavei.org\/","name":"Shavei Israel","description":"One nation, many faces. We help them all return.","publisher":{"@id":"https:\/\/www.shavei.org\/#organization"},"potentialAction":[{"@type":"SearchAction","target":{"@type":"EntryPoint","urlTemplate":"https:\/\/www.shavei.org\/?s={search_term_string}"},"query-input":{"@type":"PropertyValueSpecification","valueRequired":true,"valueName":"search_term_string"}}],"inLanguage":"he-IL"},{"@type":"Organization","@id":"https:\/\/www.shavei.org\/#organization","name":"Shavei Israel","url":"https:\/\/www.shavei.org\/","logo":{"@type":"ImageObject","inLanguage":"he-IL","@id":"https:\/\/www.shavei.org\/#\/schema\/logo\/image\/","url":"https:\/\/www.shavei.org\/wp-content\/uploads\/2017\/10\/shavei-logo.jpg","contentUrl":"https:\/\/www.shavei.org\/wp-content\/uploads\/2017\/10\/shavei-logo.jpg","width":300,"height":285,"caption":"Shavei Israel"},"image":{"@id":"https:\/\/www.shavei.org\/#\/schema\/logo\/image\/"}}]}},"_links":{"self":[{"href":"https:\/\/www.shavei.org\/he\/wp-json\/wp\/v2\/product\/175","targetHints":{"allow":["GET"]}}],"collection":[{"href":"https:\/\/www.shavei.org\/he\/wp-json\/wp\/v2\/product"}],"about":[{"href":"https:\/\/www.shavei.org\/he\/wp-json\/wp\/v2\/types\/product"}],"replies":[{"embeddable":true,"href":"https:\/\/www.shavei.org\/he\/wp-json\/wp\/v2\/comments?post=175"}],"wp:featuredmedia":[{"embeddable":true,"href":"https:\/\/www.shavei.org\/he\/wp-json\/wp\/v2\/media\/119754"}],"wp:attachment":[{"href":"https:\/\/www.shavei.org\/he\/wp-json\/wp\/v2\/media?parent=175"}],"wp:term":[{"taxonomy":"product_brand","embeddable":true,"href":"https:\/\/www.shavei.org\/he\/wp-json\/wp\/v2\/product_brand?post=175"},{"taxonomy":"product_cat","embeddable":true,"href":"https:\/\/www.shavei.org\/he\/wp-json\/wp\/v2\/product_cat?post=175"},{"taxonomy":"product_tag","embeddable":true,"href":"https:\/\/www.shavei.org\/he\/wp-json\/wp\/v2\/product_tag?post=175"}],"curies":[{"name":"wp","href":"https:\/\/api.w.org\/{rel}","templated":true}]}}