{"id":15551,"date":"2016-07-11T11:06:28","date_gmt":"2016-07-11T09:06:28","guid":{"rendered":"https:\/\/www.shavei.org\/product\/tiene-usted-raices-judias-2\/"},"modified":"2024-08-16T03:10:30","modified_gmt":"2024-08-16T01:10:30","slug":"tiene-usted-raices-judias-2","status":"publish","type":"product","link":"https:\/\/www.shavei.org\/he\/product\/tiene-usted-raices-judias-2\/","title":{"rendered":"\u00bfTiene Usted Ra\u00edces Jud\u00edas?"},"content":{"rendered":"<p>Escrito por el Rabino Eliahu Birnbaum y Michael Freund<br \/>\nDise\u00f1o gr\u00e1fico por\u00a0Daniela Brandwain Silberman<br \/>\nPublicado por\u00a0Shavei Israel, 2015<br \/>\n110 p\u00e1ginas \/\u00a0tapa blanda<\/p>\n","protected":false},"excerpt":{"rendered":"<p>Una gu\u00eda pr\u00e1ctica para explorar la posibilidad de\u00a0ra\u00edces jud\u00edas.\u00a0En \u00e9l encontrar\u00e1 herramientas pr\u00e1cticas y concretas que le faciliten la b\u00fasqueda y le permitan vivir una experiencia personal y significativa en este proceso que emprenden.<\/p>\n<p><em><strong>Puede descargar este libro en forma virtual y gratuita a<a href=\"https:\/\/www.shavei.org\/es\/roots-ebook\/\">qu\u00ed<\/a>.<\/strong><\/em><\/p>\n<p><em><strong>Shavei Israel tambi\u00e9n lo ha publicado en portugu\u00e9s, <a href=\"https:\/\/www.shavei.org\/pt-br\/product\/tiene-usted-raices-judias-2\/\">puede adquirirlo aqu\u00ed<\/a>\u00a0y en italiano <a href=\"https:\/\/www.shavei.org\/it\/product\/tiene-usted-raices-judias-2\/\">aqu\u00ed<\/a>.<\/strong><\/em><\/p>\n<p>&nbsp;<\/p>\n<p>Este libro est\u00e1 en espa\u00f1ol, Shavei Israel tambi\u00e9n lo ha publicado en portugu\u00e9s, <a href=\"https:\/\/www.shavei.org\/pt-br\/product\/tiene-usted-raices-judias-2\/\">puede <strong>adquirirlo aqu\u00ed<\/strong><\/a><strong>.<\/strong><\/p>\n<p>&nbsp;<\/p>\n<p><a href=\"https:\/\/www.shavei.org\/es\/about-us\/contact\/\">Cont\u00e1ctenos<\/a> para compras por mayor y descuentos educativos. Las im\u00e1genes son un ejemplo y pueden no ser una reproducci\u00f3n exacta del producto que recibir\u00e1.<\/p>\n<p>&nbsp;<\/p>\n","protected":false},"featured_media":120194,"comment_status":"closed","ping_status":"closed","template":"","meta":{"give_campaign_id":0,"_exactmetrics_skip_tracking":false,"_exactmetrics_sitenote_active":false,"_exactmetrics_sitenote_note":"","_exactmetrics_sitenote_category":0,"ngg_post_thumbnail":0},"product_brand":[],"product_cat":[2184,2407,2183,2185,2408,2175],"product_tag":[2409,2270,2284,2187,2410,2359,2236],"class_list":{"0":"post-15551","1":"product","2":"type-product","3":"status-publish","4":"has-post-thumbnail","6":"product_cat-espanol","7":"product_cat-genealogia","8":"product_cat-idiomas","9":"product_cat-libros","10":"product_cat-libros-virtuales","11":"product_cat-uncategorized","12":"product_tag-adn","13":"product_tag-bnei-anusim","14":"product_tag-espana","15":"product_tag-espanol","16":"product_tag-genealogia","17":"product_tag-marranos","18":"product_tag-sephardic","20":"first","21":"instock","22":"taxable","23":"shipping-taxable","24":"purchasable","25":"product-type-simple"},"yoast_head":"<!-- This site is optimized with the Yoast SEO plugin v27.1.1 - https:\/\/yoast.com\/product\/yoast-seo-wordpress\/ -->\n<title>\u00bfTiene Usted Ra\u00edces Jud\u00edas? - Shavei Israel<\/title>\n<meta name=\"robots\" content=\"index, follow, max-snippet:-1, max-image-preview:large, max-video-preview:-1\" \/>\n<link rel=\"canonical\" href=\"https:\/\/www.shavei.org\/he\/product\/tiene-usted-raices-judias-2\/\" \/>\n<meta property=\"og:locale\" content=\"he_IL\" \/>\n<meta property=\"og:type\" content=\"article\" \/>\n<meta property=\"og:title\" content=\"\u00bfTiene Usted Ra\u00edces Jud\u00edas? - Shavei Israel\" \/>\n<meta property=\"og:description\" content=\"Una gu\u00eda pr\u00e1ctica para explorar la posibilidad de\u00a0ra\u00edces jud\u00edas.\u00a0En \u00e9l encontrar\u00e1 herramientas pr\u00e1cticas y concretas que le faciliten la b\u00fasqueda y le permitan vivir una experiencia personal y significativa en este proceso que emprenden.  Puede descargar este libro en forma virtual y gratuita aqu\u00ed.  Shavei Israel tambi\u00e9n lo ha publicado en portugu\u00e9s, puede adquirirlo aqu\u00ed\u00a0y en italiano aqu\u00ed.  &nbsp;  Este libro est\u00e1 en espa\u00f1ol, Shavei Israel tambi\u00e9n lo ha publicado en portugu\u00e9s, puede adquirirlo aqu\u00ed.  &nbsp;  Cont\u00e1ctenos para compras por mayor y descuentos educativos. Las im\u00e1genes son un ejemplo y pueden no ser una reproducci\u00f3n exacta del producto que recibir\u00e1.  &nbsp;\" \/>\n<meta property=\"og:url\" content=\"https:\/\/www.shavei.org\/product\/tiene-usted-raices-judias-2\/\" \/>\n<meta property=\"og:site_name\" content=\"Shavei Israel\" \/>\n<meta property=\"article:modified_time\" content=\"2024-08-16T01:10:30+00:00\" \/>\n<meta property=\"og:image\" content=\"https:\/\/www.shavei.org\/wp-content\/uploads\/2020\/12\/shavei-ES-tiene-raices-judias-2.jpg\" \/>\n\t<meta property=\"og:image:width\" content=\"540\" \/>\n\t<meta property=\"og:image:height\" content=\"396\" \/>\n\t<meta property=\"og:image:type\" content=\"image\/jpeg\" \/>\n<meta name=\"twitter:card\" content=\"summary_large_image\" \/>\n<script type=\"application\/ld+json\" class=\"yoast-schema-graph\">{\"@context\":\"https:\/\/schema.org\",\"@graph\":[{\"@type\":\"WebPage\",\"@id\":\"https:\/\/www.shavei.org\/product\/tiene-usted-raices-judias-2\/\",\"url\":\"https:\/\/www.shavei.org\/product\/tiene-usted-raices-judias-2\/\",\"name\":\"\u00bfTiene Usted Ra\u00edces Jud\u00edas? - Shavei Israel\",\"isPartOf\":{\"@id\":\"https:\/\/www.shavei.org\/#website\"},\"primaryImageOfPage\":{\"@id\":\"https:\/\/www.shavei.org\/product\/tiene-usted-raices-judias-2\/#primaryimage\"},\"image\":{\"@id\":\"https:\/\/www.shavei.org\/product\/tiene-usted-raices-judias-2\/#primaryimage\"},\"thumbnailUrl\":\"https:\/\/www.shavei.org\/wp-content\/uploads\/2020\/12\/shavei-ES-tiene-raices-judias-2.jpg\",\"datePublished\":\"2016-07-11T09:06:28+00:00\",\"dateModified\":\"2024-08-16T01:10:30+00:00\",\"breadcrumb\":{\"@id\":\"https:\/\/www.shavei.org\/product\/tiene-usted-raices-judias-2\/#breadcrumb\"},\"inLanguage\":\"he-IL\",\"potentialAction\":[{\"@type\":\"ReadAction\",\"target\":[\"https:\/\/www.shavei.org\/product\/tiene-usted-raices-judias-2\/\"]}]},{\"@type\":\"ImageObject\",\"inLanguage\":\"he-IL\",\"@id\":\"https:\/\/www.shavei.org\/product\/tiene-usted-raices-judias-2\/#primaryimage\",\"url\":\"https:\/\/www.shavei.org\/wp-content\/uploads\/2020\/12\/shavei-ES-tiene-raices-judias-2.jpg\",\"contentUrl\":\"https:\/\/www.shavei.org\/wp-content\/uploads\/2020\/12\/shavei-ES-tiene-raices-judias-2.jpg\",\"width\":540,\"height\":396,\"caption\":\"\u00bfTiene Usted Ra\u00edces Jud\u00edas?\"},{\"@type\":\"BreadcrumbList\",\"@id\":\"https:\/\/www.shavei.org\/product\/tiene-usted-raices-judias-2\/#breadcrumb\",\"itemListElement\":[{\"@type\":\"ListItem\",\"position\":1,\"name\":\"Home\",\"item\":\"https:\/\/www.shavei.org\/he\/\"},{\"@type\":\"ListItem\",\"position\":2,\"name\":\"Shop\",\"item\":\"https:\/\/www.shavei.org\/shop\/\"},{\"@type\":\"ListItem\",\"position\":3,\"name\":\"\u00bfTiene Usted Ra\u00edces Jud\u00edas?\"}]},{\"@type\":\"WebSite\",\"@id\":\"https:\/\/www.shavei.org\/#website\",\"url\":\"https:\/\/www.shavei.org\/\",\"name\":\"Shavei Israel\",\"description\":\"One nation, many faces. We help them all return.\",\"publisher\":{\"@id\":\"https:\/\/www.shavei.org\/#organization\"},\"potentialAction\":[{\"@type\":\"SearchAction\",\"target\":{\"@type\":\"EntryPoint\",\"urlTemplate\":\"https:\/\/www.shavei.org\/?s={search_term_string}\"},\"query-input\":{\"@type\":\"PropertyValueSpecification\",\"valueRequired\":true,\"valueName\":\"search_term_string\"}}],\"inLanguage\":\"he-IL\"},{\"@type\":\"Organization\",\"@id\":\"https:\/\/www.shavei.org\/#organization\",\"name\":\"Shavei Israel\",\"url\":\"https:\/\/www.shavei.org\/\",\"logo\":{\"@type\":\"ImageObject\",\"inLanguage\":\"he-IL\",\"@id\":\"https:\/\/www.shavei.org\/#\/schema\/logo\/image\/\",\"url\":\"https:\/\/www.shavei.org\/wp-content\/uploads\/2017\/10\/shavei-logo.jpg\",\"contentUrl\":\"https:\/\/www.shavei.org\/wp-content\/uploads\/2017\/10\/shavei-logo.jpg\",\"width\":300,\"height\":285,\"caption\":\"Shavei Israel\"},\"image\":{\"@id\":\"https:\/\/www.shavei.org\/#\/schema\/logo\/image\/\"}}]}<\/script>\n<!-- \/ Yoast SEO plugin. -->","yoast_head_json":{"title":"\u00bfTiene Usted Ra\u00edces Jud\u00edas? - Shavei Israel","robots":{"index":"index","follow":"follow","max-snippet":"max-snippet:-1","max-image-preview":"max-image-preview:large","max-video-preview":"max-video-preview:-1"},"canonical":"https:\/\/www.shavei.org\/he\/product\/tiene-usted-raices-judias-2\/","og_locale":"he_IL","og_type":"article","og_title":"\u00bfTiene Usted Ra\u00edces Jud\u00edas? - Shavei Israel","og_description":"Una gu\u00eda pr\u00e1ctica para explorar la posibilidad de\u00a0ra\u00edces jud\u00edas.\u00a0En \u00e9l encontrar\u00e1 herramientas pr\u00e1cticas y concretas que le faciliten la b\u00fasqueda y le permitan vivir una experiencia personal y significativa en este proceso que emprenden.  Puede descargar este libro en forma virtual y gratuita aqu\u00ed.  Shavei Israel tambi\u00e9n lo ha publicado en portugu\u00e9s, puede adquirirlo aqu\u00ed\u00a0y en italiano aqu\u00ed.  &nbsp;  Este libro est\u00e1 en espa\u00f1ol, Shavei Israel tambi\u00e9n lo ha publicado en portugu\u00e9s, puede adquirirlo aqu\u00ed.  &nbsp;  Cont\u00e1ctenos para compras por mayor y descuentos educativos. Las im\u00e1genes son un ejemplo y pueden no ser una reproducci\u00f3n exacta del producto que recibir\u00e1.  &nbsp;","og_url":"https:\/\/www.shavei.org\/product\/tiene-usted-raices-judias-2\/","og_site_name":"Shavei Israel","article_modified_time":"2024-08-16T01:10:30+00:00","og_image":[{"width":540,"height":396,"url":"https:\/\/www.shavei.org\/wp-content\/uploads\/2020\/12\/shavei-ES-tiene-raices-judias-2.jpg","type":"image\/jpeg"}],"twitter_card":"summary_large_image","schema":{"@context":"https:\/\/schema.org","@graph":[{"@type":"WebPage","@id":"https:\/\/www.shavei.org\/product\/tiene-usted-raices-judias-2\/","url":"https:\/\/www.shavei.org\/product\/tiene-usted-raices-judias-2\/","name":"\u00bfTiene Usted Ra\u00edces Jud\u00edas? - Shavei Israel","isPartOf":{"@id":"https:\/\/www.shavei.org\/#website"},"primaryImageOfPage":{"@id":"https:\/\/www.shavei.org\/product\/tiene-usted-raices-judias-2\/#primaryimage"},"image":{"@id":"https:\/\/www.shavei.org\/product\/tiene-usted-raices-judias-2\/#primaryimage"},"thumbnailUrl":"https:\/\/www.shavei.org\/wp-content\/uploads\/2020\/12\/shavei-ES-tiene-raices-judias-2.jpg","datePublished":"2016-07-11T09:06:28+00:00","dateModified":"2024-08-16T01:10:30+00:00","breadcrumb":{"@id":"https:\/\/www.shavei.org\/product\/tiene-usted-raices-judias-2\/#breadcrumb"},"inLanguage":"he-IL","potentialAction":[{"@type":"ReadAction","target":["https:\/\/www.shavei.org\/product\/tiene-usted-raices-judias-2\/"]}]},{"@type":"ImageObject","inLanguage":"he-IL","@id":"https:\/\/www.shavei.org\/product\/tiene-usted-raices-judias-2\/#primaryimage","url":"https:\/\/www.shavei.org\/wp-content\/uploads\/2020\/12\/shavei-ES-tiene-raices-judias-2.jpg","contentUrl":"https:\/\/www.shavei.org\/wp-content\/uploads\/2020\/12\/shavei-ES-tiene-raices-judias-2.jpg","width":540,"height":396,"caption":"\u00bfTiene Usted Ra\u00edces Jud\u00edas?"},{"@type":"BreadcrumbList","@id":"https:\/\/www.shavei.org\/product\/tiene-usted-raices-judias-2\/#breadcrumb","itemListElement":[{"@type":"ListItem","position":1,"name":"Home","item":"https:\/\/www.shavei.org\/he\/"},{"@type":"ListItem","position":2,"name":"Shop","item":"https:\/\/www.shavei.org\/shop\/"},{"@type":"ListItem","position":3,"name":"\u00bfTiene Usted Ra\u00edces Jud\u00edas?"}]},{"@type":"WebSite","@id":"https:\/\/www.shavei.org\/#website","url":"https:\/\/www.shavei.org\/","name":"Shavei Israel","description":"One nation, many faces. We help them all return.","publisher":{"@id":"https:\/\/www.shavei.org\/#organization"},"potentialAction":[{"@type":"SearchAction","target":{"@type":"EntryPoint","urlTemplate":"https:\/\/www.shavei.org\/?s={search_term_string}"},"query-input":{"@type":"PropertyValueSpecification","valueRequired":true,"valueName":"search_term_string"}}],"inLanguage":"he-IL"},{"@type":"Organization","@id":"https:\/\/www.shavei.org\/#organization","name":"Shavei Israel","url":"https:\/\/www.shavei.org\/","logo":{"@type":"ImageObject","inLanguage":"he-IL","@id":"https:\/\/www.shavei.org\/#\/schema\/logo\/image\/","url":"https:\/\/www.shavei.org\/wp-content\/uploads\/2017\/10\/shavei-logo.jpg","contentUrl":"https:\/\/www.shavei.org\/wp-content\/uploads\/2017\/10\/shavei-logo.jpg","width":300,"height":285,"caption":"Shavei Israel"},"image":{"@id":"https:\/\/www.shavei.org\/#\/schema\/logo\/image\/"}}]}},"_links":{"self":[{"href":"https:\/\/www.shavei.org\/he\/wp-json\/wp\/v2\/product\/15551","targetHints":{"allow":["GET"]}}],"collection":[{"href":"https:\/\/www.shavei.org\/he\/wp-json\/wp\/v2\/product"}],"about":[{"href":"https:\/\/www.shavei.org\/he\/wp-json\/wp\/v2\/types\/product"}],"replies":[{"embeddable":true,"href":"https:\/\/www.shavei.org\/he\/wp-json\/wp\/v2\/comments?post=15551"}],"wp:featuredmedia":[{"embeddable":true,"href":"https:\/\/www.shavei.org\/he\/wp-json\/wp\/v2\/media\/120194"}],"wp:attachment":[{"href":"https:\/\/www.shavei.org\/he\/wp-json\/wp\/v2\/media?parent=15551"}],"wp:term":[{"taxonomy":"product_brand","embeddable":true,"href":"https:\/\/www.shavei.org\/he\/wp-json\/wp\/v2\/product_brand?post=15551"},{"taxonomy":"product_cat","embeddable":true,"href":"https:\/\/www.shavei.org\/he\/wp-json\/wp\/v2\/product_cat?post=15551"},{"taxonomy":"product_tag","embeddable":true,"href":"https:\/\/www.shavei.org\/he\/wp-json\/wp\/v2\/product_tag?post=15551"}],"curies":[{"name":"wp","href":"https:\/\/api.w.org\/{rel}","templated":true}]}}