{"id":16520,"date":"2017-05-07T11:28:54","date_gmt":"2017-05-07T09:28:54","guid":{"rendered":"https:\/\/www.shavei.org\/product\/una-gota-en-el-oceano\/"},"modified":"2021-05-09T12:03:33","modified_gmt":"2021-05-09T10:03:33","slug":"una-gota-en-el-oceano","status":"publish","type":"product","link":"https:\/\/www.shavei.org\/es\/product\/una-gota-en-el-oceano\/","title":{"rendered":"Una gota en el oc\u00e9ano: una d\u00f3sis diaria de Eretz Israel (Ingl\u00e9s)"},"content":{"rendered":"","protected":false},"excerpt":{"rendered":"<p>Un nuevo libro co-escrito por el presidente de Shavei Israel Michael Freund y el Rabino Mosh\u00e9 Lichtman.<br \/>\nCon el creciente n\u00famero de programas de estudio diarios que existen, lo que faltaba era un programa de estudio diario centrado en Eretz Israel, uno que pudiera ser utilizado por maestros y estudiantes, rabinos y laicos, para mejorar su propio aprecio por la Tierra Santa de nuestra naci\u00f3n. As\u00ed fue creado \u201cUna gota en el oc\u00e9ano: una dosis diaria de Eretz Israel\u201d.<br \/>\nUn volumen inspirador, le dar\u00e1 al lector valiosos conocimientos y estimular\u00e1 la discusi\u00f3n sobre el lugar al que verdaderamente pertenece un jud\u00edo que se esfuerza por servir a D-ios.<\/p>\n","protected":false},"featured_media":120690,"comment_status":"open","ping_status":"closed","template":"","meta":{"give_campaign_id":0,"_exactmetrics_skip_tracking":false,"_exactmetrics_sitenote_active":false,"_exactmetrics_sitenote_note":"","_exactmetrics_sitenote_category":0,"ngg_post_thumbnail":0},"product_brand":[],"product_cat":[2183,2483,2185,2186],"product_tag":[2524,2525,2526,2537,2538,2204],"class_list":{"0":"post-16520","1":"product","2":"type-product","3":"status-publish","4":"has-post-thumbnail","6":"product_cat-idiomas","7":"product_cat-ingles","8":"product_cat-libros","9":"product_cat-tora","10":"product_tag-eretz-yisrael","11":"product_tag-israel","12":"product_tag-michael-freund","13":"product_tag-rabino-moshe-lichtman","14":"product_tag-sionismo","15":"product_tag-tora","16":"product_shipping_class-registered-mail-he","18":"first","19":"instock","20":"featured","21":"taxable","22":"shipping-taxable","23":"purchasable","24":"product-type-simple"},"yoast_head":"<!-- This site is optimized with the Yoast SEO plugin v27.1.1 - https:\/\/yoast.com\/product\/yoast-seo-wordpress\/ -->\n<title>Una gota en el oc\u00e9ano: una d\u00f3sis diaria de Eretz Israel (Ingl\u00e9s) - Shavei Israel<\/title>\n<meta name=\"robots\" content=\"index, follow, max-snippet:-1, max-image-preview:large, max-video-preview:-1\" \/>\n<link rel=\"canonical\" href=\"https:\/\/www.shavei.org\/es\/product\/una-gota-en-el-oceano\/\" \/>\n<meta property=\"og:locale\" content=\"es_ES\" \/>\n<meta property=\"og:type\" content=\"article\" \/>\n<meta property=\"og:title\" content=\"Una gota en el oc\u00e9ano: una d\u00f3sis diaria de Eretz Israel (Ingl\u00e9s) - Shavei Israel\" \/>\n<meta property=\"og:description\" content=\"Un nuevo libro co-escrito por el presidente de Shavei Israel Michael Freund y el Rabino Mosh\u00e9 Lichtman. Con el creciente n\u00famero de programas de estudio diarios que existen, lo que faltaba era un programa de estudio diario centrado en Eretz Israel, uno que pudiera ser utilizado por maestros y estudiantes, rabinos y laicos, para mejorar su propio aprecio por la Tierra Santa de nuestra naci\u00f3n. As\u00ed fue creado \u201cUna gota en el oc\u00e9ano: una dosis diaria de Eretz Israel\u201d. Un volumen inspirador, le dar\u00e1 al lector valiosos conocimientos y estimular\u00e1 la discusi\u00f3n sobre el lugar al que verdaderamente pertenece un jud\u00edo que se esfuerza por servir a D-ios.\" \/>\n<meta property=\"og:url\" content=\"https:\/\/www.shavei.org\/he\/product\/una-gota-en-el-oceano\/\" \/>\n<meta property=\"og:site_name\" content=\"Shavei Israel\" \/>\n<meta property=\"article:modified_time\" content=\"2021-05-09T10:03:33+00:00\" \/>\n<meta property=\"og:image\" content=\"https:\/\/www.shavei.org\/wp-content\/uploads\/2020\/12\/michaels-book6-3-scaled.jpg\" \/>\n\t<meta property=\"og:image:width\" content=\"2560\" \/>\n\t<meta property=\"og:image:height\" content=\"2523\" \/>\n\t<meta property=\"og:image:type\" content=\"image\/jpeg\" \/>\n<meta name=\"twitter:card\" content=\"summary_large_image\" \/>\n<script type=\"application\/ld+json\" class=\"yoast-schema-graph\">{\"@context\":\"https:\/\/schema.org\",\"@graph\":[{\"@type\":\"WebPage\",\"@id\":\"https:\/\/www.shavei.org\/he\/product\/una-gota-en-el-oceano\/\",\"url\":\"https:\/\/www.shavei.org\/he\/product\/una-gota-en-el-oceano\/\",\"name\":\"Una gota en el oc\u00e9ano: una d\u00f3sis diaria de Eretz Israel (Ingl\u00e9s) - Shavei Israel\",\"isPartOf\":{\"@id\":\"https:\/\/www.shavei.org\/#website\"},\"primaryImageOfPage\":{\"@id\":\"https:\/\/www.shavei.org\/he\/product\/una-gota-en-el-oceano\/#primaryimage\"},\"image\":{\"@id\":\"https:\/\/www.shavei.org\/he\/product\/una-gota-en-el-oceano\/#primaryimage\"},\"thumbnailUrl\":\"https:\/\/www.shavei.org\/wp-content\/uploads\/2020\/12\/michaels-book6-3-scaled.jpg\",\"datePublished\":\"2017-05-07T09:28:54+00:00\",\"dateModified\":\"2021-05-09T10:03:33+00:00\",\"breadcrumb\":{\"@id\":\"https:\/\/www.shavei.org\/he\/product\/una-gota-en-el-oceano\/#breadcrumb\"},\"inLanguage\":\"es\",\"potentialAction\":[{\"@type\":\"ReadAction\",\"target\":[\"https:\/\/www.shavei.org\/he\/product\/una-gota-en-el-oceano\/\"]}]},{\"@type\":\"ImageObject\",\"inLanguage\":\"es\",\"@id\":\"https:\/\/www.shavei.org\/he\/product\/una-gota-en-el-oceano\/#primaryimage\",\"url\":\"https:\/\/www.shavei.org\/wp-content\/uploads\/2020\/12\/michaels-book6-3-scaled.jpg\",\"contentUrl\":\"https:\/\/www.shavei.org\/wp-content\/uploads\/2020\/12\/michaels-book6-3-scaled.jpg\",\"width\":2560,\"height\":2523,\"caption\":\"Una gota en el oc\u00e9ano: una d\u00f3sis diaria de Eretz Israel (Ingl\u00e9s)\"},{\"@type\":\"BreadcrumbList\",\"@id\":\"https:\/\/www.shavei.org\/he\/product\/una-gota-en-el-oceano\/#breadcrumb\",\"itemListElement\":[{\"@type\":\"ListItem\",\"position\":1,\"name\":\"Home\",\"item\":\"https:\/\/www.shavei.org\/es\/\"},{\"@type\":\"ListItem\",\"position\":2,\"name\":\"Shop\",\"item\":\"https:\/\/www.shavei.org\/shop\/\"},{\"@type\":\"ListItem\",\"position\":3,\"name\":\"Una gota en el oc\u00e9ano: una d\u00f3sis diaria de Eretz Israel (Ingl\u00e9s)\"}]},{\"@type\":\"WebSite\",\"@id\":\"https:\/\/www.shavei.org\/#website\",\"url\":\"https:\/\/www.shavei.org\/\",\"name\":\"Shavei Israel\",\"description\":\"One nation, many faces. We help them all return.\",\"publisher\":{\"@id\":\"https:\/\/www.shavei.org\/#organization\"},\"potentialAction\":[{\"@type\":\"SearchAction\",\"target\":{\"@type\":\"EntryPoint\",\"urlTemplate\":\"https:\/\/www.shavei.org\/?s={search_term_string}\"},\"query-input\":{\"@type\":\"PropertyValueSpecification\",\"valueRequired\":true,\"valueName\":\"search_term_string\"}}],\"inLanguage\":\"es\"},{\"@type\":\"Organization\",\"@id\":\"https:\/\/www.shavei.org\/#organization\",\"name\":\"Shavei Israel\",\"url\":\"https:\/\/www.shavei.org\/\",\"logo\":{\"@type\":\"ImageObject\",\"inLanguage\":\"es\",\"@id\":\"https:\/\/www.shavei.org\/#\/schema\/logo\/image\/\",\"url\":\"https:\/\/www.shavei.org\/wp-content\/uploads\/2017\/10\/shavei-logo.jpg\",\"contentUrl\":\"https:\/\/www.shavei.org\/wp-content\/uploads\/2017\/10\/shavei-logo.jpg\",\"width\":300,\"height\":285,\"caption\":\"Shavei Israel\"},\"image\":{\"@id\":\"https:\/\/www.shavei.org\/#\/schema\/logo\/image\/\"}}]}<\/script>\n<!-- \/ Yoast SEO plugin. -->","yoast_head_json":{"title":"Una gota en el oc\u00e9ano: una d\u00f3sis diaria de Eretz Israel (Ingl\u00e9s) - Shavei Israel","robots":{"index":"index","follow":"follow","max-snippet":"max-snippet:-1","max-image-preview":"max-image-preview:large","max-video-preview":"max-video-preview:-1"},"canonical":"https:\/\/www.shavei.org\/es\/product\/una-gota-en-el-oceano\/","og_locale":"es_ES","og_type":"article","og_title":"Una gota en el oc\u00e9ano: una d\u00f3sis diaria de Eretz Israel (Ingl\u00e9s) - Shavei Israel","og_description":"Un nuevo libro co-escrito por el presidente de Shavei Israel Michael Freund y el Rabino Mosh\u00e9 Lichtman. Con el creciente n\u00famero de programas de estudio diarios que existen, lo que faltaba era un programa de estudio diario centrado en Eretz Israel, uno que pudiera ser utilizado por maestros y estudiantes, rabinos y laicos, para mejorar su propio aprecio por la Tierra Santa de nuestra naci\u00f3n. As\u00ed fue creado \u201cUna gota en el oc\u00e9ano: una dosis diaria de Eretz Israel\u201d. Un volumen inspirador, le dar\u00e1 al lector valiosos conocimientos y estimular\u00e1 la discusi\u00f3n sobre el lugar al que verdaderamente pertenece un jud\u00edo que se esfuerza por servir a D-ios.","og_url":"https:\/\/www.shavei.org\/he\/product\/una-gota-en-el-oceano\/","og_site_name":"Shavei Israel","article_modified_time":"2021-05-09T10:03:33+00:00","og_image":[{"width":2560,"height":2523,"url":"https:\/\/www.shavei.org\/wp-content\/uploads\/2020\/12\/michaels-book6-3-scaled.jpg","type":"image\/jpeg"}],"twitter_card":"summary_large_image","schema":{"@context":"https:\/\/schema.org","@graph":[{"@type":"WebPage","@id":"https:\/\/www.shavei.org\/he\/product\/una-gota-en-el-oceano\/","url":"https:\/\/www.shavei.org\/he\/product\/una-gota-en-el-oceano\/","name":"Una gota en el oc\u00e9ano: una d\u00f3sis diaria de Eretz Israel (Ingl\u00e9s) - Shavei Israel","isPartOf":{"@id":"https:\/\/www.shavei.org\/#website"},"primaryImageOfPage":{"@id":"https:\/\/www.shavei.org\/he\/product\/una-gota-en-el-oceano\/#primaryimage"},"image":{"@id":"https:\/\/www.shavei.org\/he\/product\/una-gota-en-el-oceano\/#primaryimage"},"thumbnailUrl":"https:\/\/www.shavei.org\/wp-content\/uploads\/2020\/12\/michaels-book6-3-scaled.jpg","datePublished":"2017-05-07T09:28:54+00:00","dateModified":"2021-05-09T10:03:33+00:00","breadcrumb":{"@id":"https:\/\/www.shavei.org\/he\/product\/una-gota-en-el-oceano\/#breadcrumb"},"inLanguage":"es","potentialAction":[{"@type":"ReadAction","target":["https:\/\/www.shavei.org\/he\/product\/una-gota-en-el-oceano\/"]}]},{"@type":"ImageObject","inLanguage":"es","@id":"https:\/\/www.shavei.org\/he\/product\/una-gota-en-el-oceano\/#primaryimage","url":"https:\/\/www.shavei.org\/wp-content\/uploads\/2020\/12\/michaels-book6-3-scaled.jpg","contentUrl":"https:\/\/www.shavei.org\/wp-content\/uploads\/2020\/12\/michaels-book6-3-scaled.jpg","width":2560,"height":2523,"caption":"Una gota en el oc\u00e9ano: una d\u00f3sis diaria de Eretz Israel (Ingl\u00e9s)"},{"@type":"BreadcrumbList","@id":"https:\/\/www.shavei.org\/he\/product\/una-gota-en-el-oceano\/#breadcrumb","itemListElement":[{"@type":"ListItem","position":1,"name":"Home","item":"https:\/\/www.shavei.org\/es\/"},{"@type":"ListItem","position":2,"name":"Shop","item":"https:\/\/www.shavei.org\/shop\/"},{"@type":"ListItem","position":3,"name":"Una gota en el oc\u00e9ano: una d\u00f3sis diaria de Eretz Israel (Ingl\u00e9s)"}]},{"@type":"WebSite","@id":"https:\/\/www.shavei.org\/#website","url":"https:\/\/www.shavei.org\/","name":"Shavei Israel","description":"One nation, many faces. We help them all return.","publisher":{"@id":"https:\/\/www.shavei.org\/#organization"},"potentialAction":[{"@type":"SearchAction","target":{"@type":"EntryPoint","urlTemplate":"https:\/\/www.shavei.org\/?s={search_term_string}"},"query-input":{"@type":"PropertyValueSpecification","valueRequired":true,"valueName":"search_term_string"}}],"inLanguage":"es"},{"@type":"Organization","@id":"https:\/\/www.shavei.org\/#organization","name":"Shavei Israel","url":"https:\/\/www.shavei.org\/","logo":{"@type":"ImageObject","inLanguage":"es","@id":"https:\/\/www.shavei.org\/#\/schema\/logo\/image\/","url":"https:\/\/www.shavei.org\/wp-content\/uploads\/2017\/10\/shavei-logo.jpg","contentUrl":"https:\/\/www.shavei.org\/wp-content\/uploads\/2017\/10\/shavei-logo.jpg","width":300,"height":285,"caption":"Shavei Israel"},"image":{"@id":"https:\/\/www.shavei.org\/#\/schema\/logo\/image\/"}}]}},"_links":{"self":[{"href":"https:\/\/www.shavei.org\/es\/wp-json\/wp\/v2\/product\/16520","targetHints":{"allow":["GET"]}}],"collection":[{"href":"https:\/\/www.shavei.org\/es\/wp-json\/wp\/v2\/product"}],"about":[{"href":"https:\/\/www.shavei.org\/es\/wp-json\/wp\/v2\/types\/product"}],"replies":[{"embeddable":true,"href":"https:\/\/www.shavei.org\/es\/wp-json\/wp\/v2\/comments?post=16520"}],"wp:featuredmedia":[{"embeddable":true,"href":"https:\/\/www.shavei.org\/es\/wp-json\/wp\/v2\/media\/120690"}],"wp:attachment":[{"href":"https:\/\/www.shavei.org\/es\/wp-json\/wp\/v2\/media?parent=16520"}],"wp:term":[{"taxonomy":"product_brand","embeddable":true,"href":"https:\/\/www.shavei.org\/es\/wp-json\/wp\/v2\/product_brand?post=16520"},{"taxonomy":"product_cat","embeddable":true,"href":"https:\/\/www.shavei.org\/es\/wp-json\/wp\/v2\/product_cat?post=16520"},{"taxonomy":"product_tag","embeddable":true,"href":"https:\/\/www.shavei.org\/es\/wp-json\/wp\/v2\/product_tag?post=16520"}],"curies":[{"name":"wp","href":"https:\/\/api.w.org\/{rel}","templated":true}]}}