{"id":15835,"date":"2017-02-12T10:48:29","date_gmt":"2017-02-12T08:48:29","guid":{"rendered":"https:\/\/www.shavei.org\/product\/tiene-usted-raices-judias-italiano\/"},"modified":"2026-01-28T21:00:52","modified_gmt":"2026-01-28T19:00:52","slug":"tiene-usted-raices-judias-italiano","status":"publish","type":"product","link":"https:\/\/www.shavei.org\/es\/product\/tiene-usted-raices-judias-italiano\/","title":{"rendered":"\u00bfTiene usted ra\u00edces jud\u00edas? (Italiano)"},"content":{"rendered":"<p>Escrito por el Rabino Eliahu Birnbaum y Michael Freund<br \/>\nDise\u00f1o Gr\u00e1fico por Daniela Brandwain Silberman<br \/>\nPublicado por Shavei Israel, 2017<br \/>\n100 p\u00e1ginas<\/p>\n","protected":false},"excerpt":{"rendered":"<p>Lea este libro y descubra si tiene ra\u00edces jud\u00edas en su historia familiar. En \u00e9l encontrar\u00e1 herramientas pr\u00e1cticas para facilitar la busqueda y permitirle tener una experiencia significativa durante este fascinante proceso personal.<\/p>\n<p>Este libro est\u00e1 en Italiano y puede <a href=\"https:\/\/www.shavei.org\/hai-radici-ebraiche-2\/\">descargarlo gratuitamente aqu\u00ed<\/a><\/p>\n<p>Para el libro en espa\u00f1ol haga <a href=\"https:\/\/staging.shavei-v3.flywheelsites.com\/product\/jewish-roots-spanish\/\">click aqu\u00ed<\/a> y para el libro en portugal haga <a href=\"https:\/\/staging.shavei-v3.flywheelsites.com\/es\/producto\/voce-tem-raizes-judaicas\/\">click aqu\u00ed<\/a><\/p>\n","protected":false},"featured_media":119609,"comment_status":"open","ping_status":"closed","template":"","meta":{"give_campaign_id":0,"_exactmetrics_skip_tracking":false,"_exactmetrics_sitenote_active":false,"_exactmetrics_sitenote_note":"","_exactmetrics_sitenote_category":0,"ngg_post_thumbnail":0},"product_brand":[],"product_cat":[2407,2183,2489,2185,2408],"product_tag":[2409,2523,2270,2410,2492],"class_list":{"0":"post-15835","1":"product","2":"type-product","3":"status-publish","4":"has-post-thumbnail","6":"product_cat-genealogia","7":"product_cat-idiomas","8":"product_cat-italiano","9":"product_cat-libros","10":"product_cat-libros-virtuales","11":"product_tag-adn","12":"product_tag-apellidos","13":"product_tag-bnei-anusim","14":"product_tag-genealogia","15":"product_tag-italiano","16":"product_shipping_class-registered-mail-he","18":"first","19":"instock","20":"taxable","21":"shipping-taxable","22":"purchasable","23":"product-type-simple"},"yoast_head":"<!-- This site is optimized with the Yoast SEO plugin v27.1.1 - https:\/\/yoast.com\/product\/yoast-seo-wordpress\/ -->\n<title>\u00bfTiene usted ra\u00edces jud\u00edas? (Italiano) - Shavei Israel<\/title>\n<meta name=\"robots\" content=\"index, follow, max-snippet:-1, max-image-preview:large, max-video-preview:-1\" \/>\n<link rel=\"canonical\" href=\"https:\/\/www.shavei.org\/es\/product\/tiene-usted-raices-judias-italiano\/\" \/>\n<meta property=\"og:locale\" content=\"es_ES\" \/>\n<meta property=\"og:type\" content=\"article\" \/>\n<meta property=\"og:title\" content=\"\u00bfTiene usted ra\u00edces jud\u00edas? (Italiano) - Shavei Israel\" \/>\n<meta property=\"og:description\" content=\"Lea este libro y descubra si tiene ra\u00edces jud\u00edas en su historia familiar. En \u00e9l encontrar\u00e1 herramientas pr\u00e1cticas para facilitar la busqueda y permitirle tener una experiencia significativa durante este fascinante proceso personal.  Este libro est\u00e1 en Italiano y puede descargarlo gratuitamente aqu\u00ed  Para el libro en espa\u00f1ol haga click aqu\u00ed y para el libro en portugal haga click aqu\u00ed\" \/>\n<meta property=\"og:url\" content=\"https:\/\/www.shavei.org\/es\/product\/tiene-usted-raices-judias-italiano\/\" \/>\n<meta property=\"og:site_name\" content=\"Shavei Israel\" \/>\n<meta property=\"article:modified_time\" content=\"2026-01-28T19:00:52+00:00\" \/>\n<meta property=\"og:image\" content=\"https:\/\/www.shavei.org\/wp-content\/uploads\/2020\/12\/shavei-IT-jewish-roots.jpg\" \/>\n\t<meta property=\"og:image:width\" content=\"1\" \/>\n\t<meta property=\"og:image:height\" content=\"1\" \/>\n\t<meta property=\"og:image:type\" content=\"image\/jpeg\" \/>\n<meta name=\"twitter:card\" content=\"summary_large_image\" \/>\n<script type=\"application\/ld+json\" class=\"yoast-schema-graph\">{\"@context\":\"https:\/\/schema.org\",\"@graph\":[{\"@type\":\"WebPage\",\"@id\":\"https:\/\/www.shavei.org\/es\/product\/tiene-usted-raices-judias-italiano\/\",\"url\":\"https:\/\/www.shavei.org\/es\/product\/tiene-usted-raices-judias-italiano\/\",\"name\":\"\u00bfTiene usted ra\u00edces jud\u00edas? (Italiano) - Shavei Israel\",\"isPartOf\":{\"@id\":\"https:\/\/www.shavei.org\/#website\"},\"primaryImageOfPage\":{\"@id\":\"https:\/\/www.shavei.org\/es\/product\/tiene-usted-raices-judias-italiano\/#primaryimage\"},\"image\":{\"@id\":\"https:\/\/www.shavei.org\/es\/product\/tiene-usted-raices-judias-italiano\/#primaryimage\"},\"thumbnailUrl\":\"https:\/\/www.shavei.org\/wp-content\/uploads\/2020\/12\/shavei-IT-jewish-roots.jpg\",\"datePublished\":\"2017-02-12T08:48:29+00:00\",\"dateModified\":\"2026-01-28T19:00:52+00:00\",\"breadcrumb\":{\"@id\":\"https:\/\/www.shavei.org\/es\/product\/tiene-usted-raices-judias-italiano\/#breadcrumb\"},\"inLanguage\":\"es\",\"potentialAction\":[{\"@type\":\"ReadAction\",\"target\":[\"https:\/\/www.shavei.org\/es\/product\/tiene-usted-raices-judias-italiano\/\"]}]},{\"@type\":\"ImageObject\",\"inLanguage\":\"es\",\"@id\":\"https:\/\/www.shavei.org\/es\/product\/tiene-usted-raices-judias-italiano\/#primaryimage\",\"url\":\"https:\/\/www.shavei.org\/wp-content\/uploads\/2020\/12\/shavei-IT-jewish-roots.jpg\",\"contentUrl\":\"https:\/\/www.shavei.org\/wp-content\/uploads\/2020\/12\/shavei-IT-jewish-roots.jpg\",\"caption\":\"\u00bfTiene usted ra\u00edces jud\u00edas? (Italiano)\"},{\"@type\":\"BreadcrumbList\",\"@id\":\"https:\/\/www.shavei.org\/es\/product\/tiene-usted-raices-judias-italiano\/#breadcrumb\",\"itemListElement\":[{\"@type\":\"ListItem\",\"position\":1,\"name\":\"Home\",\"item\":\"https:\/\/www.shavei.org\/es\/\"},{\"@type\":\"ListItem\",\"position\":2,\"name\":\"Shop\",\"item\":\"https:\/\/www.shavei.org\/shop\/\"},{\"@type\":\"ListItem\",\"position\":3,\"name\":\"\u00bfTiene usted ra\u00edces jud\u00edas? (Italiano)\"}]},{\"@type\":\"WebSite\",\"@id\":\"https:\/\/www.shavei.org\/#website\",\"url\":\"https:\/\/www.shavei.org\/\",\"name\":\"Shavei Israel\",\"description\":\"One nation, many faces. We help them all return.\",\"publisher\":{\"@id\":\"https:\/\/www.shavei.org\/#organization\"},\"potentialAction\":[{\"@type\":\"SearchAction\",\"target\":{\"@type\":\"EntryPoint\",\"urlTemplate\":\"https:\/\/www.shavei.org\/?s={search_term_string}\"},\"query-input\":{\"@type\":\"PropertyValueSpecification\",\"valueRequired\":true,\"valueName\":\"search_term_string\"}}],\"inLanguage\":\"es\"},{\"@type\":\"Organization\",\"@id\":\"https:\/\/www.shavei.org\/#organization\",\"name\":\"Shavei Israel\",\"url\":\"https:\/\/www.shavei.org\/\",\"logo\":{\"@type\":\"ImageObject\",\"inLanguage\":\"es\",\"@id\":\"https:\/\/www.shavei.org\/#\/schema\/logo\/image\/\",\"url\":\"https:\/\/www.shavei.org\/wp-content\/uploads\/2017\/10\/shavei-logo.jpg\",\"contentUrl\":\"https:\/\/www.shavei.org\/wp-content\/uploads\/2017\/10\/shavei-logo.jpg\",\"width\":300,\"height\":285,\"caption\":\"Shavei Israel\"},\"image\":{\"@id\":\"https:\/\/www.shavei.org\/#\/schema\/logo\/image\/\"}}]}<\/script>\n<!-- \/ Yoast SEO plugin. -->","yoast_head_json":{"title":"\u00bfTiene usted ra\u00edces jud\u00edas? (Italiano) - Shavei Israel","robots":{"index":"index","follow":"follow","max-snippet":"max-snippet:-1","max-image-preview":"max-image-preview:large","max-video-preview":"max-video-preview:-1"},"canonical":"https:\/\/www.shavei.org\/es\/product\/tiene-usted-raices-judias-italiano\/","og_locale":"es_ES","og_type":"article","og_title":"\u00bfTiene usted ra\u00edces jud\u00edas? (Italiano) - Shavei Israel","og_description":"Lea este libro y descubra si tiene ra\u00edces jud\u00edas en su historia familiar. En \u00e9l encontrar\u00e1 herramientas pr\u00e1cticas para facilitar la busqueda y permitirle tener una experiencia significativa durante este fascinante proceso personal.  Este libro est\u00e1 en Italiano y puede descargarlo gratuitamente aqu\u00ed  Para el libro en espa\u00f1ol haga click aqu\u00ed y para el libro en portugal haga click aqu\u00ed","og_url":"https:\/\/www.shavei.org\/es\/product\/tiene-usted-raices-judias-italiano\/","og_site_name":"Shavei Israel","article_modified_time":"2026-01-28T19:00:52+00:00","og_image":[{"url":"https:\/\/www.shavei.org\/wp-content\/uploads\/2020\/12\/shavei-IT-jewish-roots.jpg","width":1,"height":1,"type":"image\/jpeg"}],"twitter_card":"summary_large_image","schema":{"@context":"https:\/\/schema.org","@graph":[{"@type":"WebPage","@id":"https:\/\/www.shavei.org\/es\/product\/tiene-usted-raices-judias-italiano\/","url":"https:\/\/www.shavei.org\/es\/product\/tiene-usted-raices-judias-italiano\/","name":"\u00bfTiene usted ra\u00edces jud\u00edas? (Italiano) - Shavei Israel","isPartOf":{"@id":"https:\/\/www.shavei.org\/#website"},"primaryImageOfPage":{"@id":"https:\/\/www.shavei.org\/es\/product\/tiene-usted-raices-judias-italiano\/#primaryimage"},"image":{"@id":"https:\/\/www.shavei.org\/es\/product\/tiene-usted-raices-judias-italiano\/#primaryimage"},"thumbnailUrl":"https:\/\/www.shavei.org\/wp-content\/uploads\/2020\/12\/shavei-IT-jewish-roots.jpg","datePublished":"2017-02-12T08:48:29+00:00","dateModified":"2026-01-28T19:00:52+00:00","breadcrumb":{"@id":"https:\/\/www.shavei.org\/es\/product\/tiene-usted-raices-judias-italiano\/#breadcrumb"},"inLanguage":"es","potentialAction":[{"@type":"ReadAction","target":["https:\/\/www.shavei.org\/es\/product\/tiene-usted-raices-judias-italiano\/"]}]},{"@type":"ImageObject","inLanguage":"es","@id":"https:\/\/www.shavei.org\/es\/product\/tiene-usted-raices-judias-italiano\/#primaryimage","url":"https:\/\/www.shavei.org\/wp-content\/uploads\/2020\/12\/shavei-IT-jewish-roots.jpg","contentUrl":"https:\/\/www.shavei.org\/wp-content\/uploads\/2020\/12\/shavei-IT-jewish-roots.jpg","caption":"\u00bfTiene usted ra\u00edces jud\u00edas? (Italiano)"},{"@type":"BreadcrumbList","@id":"https:\/\/www.shavei.org\/es\/product\/tiene-usted-raices-judias-italiano\/#breadcrumb","itemListElement":[{"@type":"ListItem","position":1,"name":"Home","item":"https:\/\/www.shavei.org\/es\/"},{"@type":"ListItem","position":2,"name":"Shop","item":"https:\/\/www.shavei.org\/shop\/"},{"@type":"ListItem","position":3,"name":"\u00bfTiene usted ra\u00edces jud\u00edas? (Italiano)"}]},{"@type":"WebSite","@id":"https:\/\/www.shavei.org\/#website","url":"https:\/\/www.shavei.org\/","name":"Shavei Israel","description":"One nation, many faces. We help them all return.","publisher":{"@id":"https:\/\/www.shavei.org\/#organization"},"potentialAction":[{"@type":"SearchAction","target":{"@type":"EntryPoint","urlTemplate":"https:\/\/www.shavei.org\/?s={search_term_string}"},"query-input":{"@type":"PropertyValueSpecification","valueRequired":true,"valueName":"search_term_string"}}],"inLanguage":"es"},{"@type":"Organization","@id":"https:\/\/www.shavei.org\/#organization","name":"Shavei Israel","url":"https:\/\/www.shavei.org\/","logo":{"@type":"ImageObject","inLanguage":"es","@id":"https:\/\/www.shavei.org\/#\/schema\/logo\/image\/","url":"https:\/\/www.shavei.org\/wp-content\/uploads\/2017\/10\/shavei-logo.jpg","contentUrl":"https:\/\/www.shavei.org\/wp-content\/uploads\/2017\/10\/shavei-logo.jpg","width":300,"height":285,"caption":"Shavei Israel"},"image":{"@id":"https:\/\/www.shavei.org\/#\/schema\/logo\/image\/"}}]}},"_links":{"self":[{"href":"https:\/\/www.shavei.org\/es\/wp-json\/wp\/v2\/product\/15835","targetHints":{"allow":["GET"]}}],"collection":[{"href":"https:\/\/www.shavei.org\/es\/wp-json\/wp\/v2\/product"}],"about":[{"href":"https:\/\/www.shavei.org\/es\/wp-json\/wp\/v2\/types\/product"}],"replies":[{"embeddable":true,"href":"https:\/\/www.shavei.org\/es\/wp-json\/wp\/v2\/comments?post=15835"}],"wp:featuredmedia":[{"embeddable":true,"href":"https:\/\/www.shavei.org\/es\/wp-json\/wp\/v2\/media\/119609"}],"wp:attachment":[{"href":"https:\/\/www.shavei.org\/es\/wp-json\/wp\/v2\/media?parent=15835"}],"wp:term":[{"taxonomy":"product_brand","embeddable":true,"href":"https:\/\/www.shavei.org\/es\/wp-json\/wp\/v2\/product_brand?post=15835"},{"taxonomy":"product_cat","embeddable":true,"href":"https:\/\/www.shavei.org\/es\/wp-json\/wp\/v2\/product_cat?post=15835"},{"taxonomy":"product_tag","embeddable":true,"href":"https:\/\/www.shavei.org\/es\/wp-json\/wp\/v2\/product_tag?post=15835"}],"curies":[{"name":"wp","href":"https:\/\/api.w.org\/{rel}","templated":true}]}}