{"id":15645,"date":"2016-07-10T23:19:24","date_gmt":"2016-07-10T21:19:24","guid":{"rendered":"https:\/\/www.shavei.org\/product\/majzor-ner-rosh-hashana-portugues\/"},"modified":"2024-10-13T08:23:10","modified_gmt":"2024-10-13T06:23:10","slug":"majzor-ner-rosh-hashana-portugues","status":"publish","type":"product","link":"https:\/\/www.shavei.org\/es\/product\/majzor-ner-rosh-hashana-portugues\/","title":{"rendered":"Majzor Ner Rosh Hashan\u00e1 (Portugu\u00e9s)"},"content":{"rendered":"<p>Escrito por el Rabino Mois\u00e9s Elmescany y el jaz\u00e1n\u00a0David Salgado.<br \/>\nSefarad\u00ed.<br \/>\nPublicado por\u00a0Shavei Israel &amp; Amazonia Judaica<br \/>\nSegunda edici\u00f3n, 2015<br \/>\n274 pages \/\u00a0Tapa dura<\/p>\n","protected":false},"excerpt":{"rendered":"<p>El majzor \u201cNer Rosh Hashan\u00e1\u201d es un libro de oraciones preparado y editado por el Rabino Mois\u00e9s Elmescany y el Jaz\u00e1n David Salgado. Incluye el texto hebreo tradicional de los servicios de Rosh Hashan\u00e1, as\u00ed como la traducci\u00f3n al portugu\u00e9s y fon\u00e9tica de las oraciones. Este sidur presenta el rito (nusaj) de comunidades brasileras y portuguesas de origen sefarad\u00ed de Marruecos.<\/p>\n","protected":false},"featured_media":120546,"comment_status":"closed","ping_status":"closed","template":"","meta":{"give_campaign_id":0,"_exactmetrics_skip_tracking":false,"_exactmetrics_sitenote_active":false,"_exactmetrics_sitenote_note":"","_exactmetrics_sitenote_category":0,"ngg_post_thumbnail":0},"product_brand":[],"product_cat":[2183,2185,2299,2262],"product_tag":[2263,2300,2468,2270,2480,2264,2265,2266,2333,2236],"class_list":{"0":"post-15645","1":"product","2":"type-product","3":"status-publish","4":"has-post-thumbnail","6":"product_cat-idiomas","7":"product_cat-libros","8":"product_cat-plegarias-de-festividades","9":"product_cat-portugues","10":"product_tag-africa-del-norte","11":"product_tag-altas-festividades","12":"product_tag-ano-nuevo","13":"product_tag-bnei-anusim","14":"product_tag-majzor","15":"product_tag-marruecos","16":"product_tag-plegarias","17":"product_tag-portugues","18":"product_tag-rosh-hashana","19":"product_tag-sephardic","20":"product_shipping_class-registered-mail-he","22":"first","23":"instock","24":"featured","25":"taxable","26":"shipping-taxable","27":"purchasable","28":"product-type-simple"},"yoast_head":"<!-- This site is optimized with the Yoast SEO plugin v27.1.1 - https:\/\/yoast.com\/product\/yoast-seo-wordpress\/ -->\n<title>Majzor Ner Rosh Hashan\u00e1 (Portugu\u00e9s) - Shavei Israel<\/title>\n<meta name=\"robots\" content=\"index, follow, max-snippet:-1, max-image-preview:large, max-video-preview:-1\" \/>\n<link rel=\"canonical\" href=\"https:\/\/www.shavei.org\/es\/product\/majzor-ner-rosh-hashana-portugues\/\" \/>\n<meta property=\"og:locale\" content=\"es_ES\" \/>\n<meta property=\"og:type\" content=\"article\" \/>\n<meta property=\"og:title\" content=\"Majzor Ner Rosh Hashan\u00e1 (Portugu\u00e9s) - Shavei Israel\" \/>\n<meta property=\"og:description\" content=\"El majzor \u201cNer Rosh Hashan\u00e1\u201d es un libro de oraciones preparado y editado por el Rabino Mois\u00e9s Elmescany y el Jaz\u00e1n David Salgado. Incluye el texto hebreo tradicional de los servicios de Rosh Hashan\u00e1, as\u00ed como la traducci\u00f3n al portugu\u00e9s y fon\u00e9tica de las oraciones. Este sidur presenta el rito (nusaj) de comunidades brasileras y portuguesas de origen sefarad\u00ed de Marruecos.\" \/>\n<meta property=\"og:url\" content=\"https:\/\/www.shavei.org\/es\/product\/majzor-ner-rosh-hashana-portugues\/\" \/>\n<meta property=\"og:site_name\" content=\"Shavei Israel\" \/>\n<meta property=\"article:modified_time\" content=\"2024-10-13T06:23:10+00:00\" \/>\n<meta property=\"og:image\" content=\"https:\/\/www.shavei.org\/wp-content\/uploads\/2020\/12\/shavei-PT-machzor-rosh-hosh-2.jpg\" \/>\n\t<meta property=\"og:image:width\" content=\"540\" \/>\n\t<meta property=\"og:image:height\" content=\"396\" \/>\n\t<meta property=\"og:image:type\" content=\"image\/jpeg\" \/>\n<meta name=\"twitter:card\" content=\"summary_large_image\" \/>\n<script type=\"application\/ld+json\" class=\"yoast-schema-graph\">{\"@context\":\"https:\/\/schema.org\",\"@graph\":[{\"@type\":\"WebPage\",\"@id\":\"https:\/\/www.shavei.org\/es\/product\/majzor-ner-rosh-hashana-portugues\/\",\"url\":\"https:\/\/www.shavei.org\/es\/product\/majzor-ner-rosh-hashana-portugues\/\",\"name\":\"Majzor Ner Rosh Hashan\u00e1 (Portugu\u00e9s) - Shavei Israel\",\"isPartOf\":{\"@id\":\"https:\/\/www.shavei.org\/#website\"},\"primaryImageOfPage\":{\"@id\":\"https:\/\/www.shavei.org\/es\/product\/majzor-ner-rosh-hashana-portugues\/#primaryimage\"},\"image\":{\"@id\":\"https:\/\/www.shavei.org\/es\/product\/majzor-ner-rosh-hashana-portugues\/#primaryimage\"},\"thumbnailUrl\":\"https:\/\/www.shavei.org\/wp-content\/uploads\/2020\/12\/shavei-PT-machzor-rosh-hosh-2.jpg\",\"datePublished\":\"2016-07-10T21:19:24+00:00\",\"dateModified\":\"2024-10-13T06:23:10+00:00\",\"breadcrumb\":{\"@id\":\"https:\/\/www.shavei.org\/es\/product\/majzor-ner-rosh-hashana-portugues\/#breadcrumb\"},\"inLanguage\":\"es\",\"potentialAction\":[{\"@type\":\"ReadAction\",\"target\":[\"https:\/\/www.shavei.org\/es\/product\/majzor-ner-rosh-hashana-portugues\/\"]}]},{\"@type\":\"ImageObject\",\"inLanguage\":\"es\",\"@id\":\"https:\/\/www.shavei.org\/es\/product\/majzor-ner-rosh-hashana-portugues\/#primaryimage\",\"url\":\"https:\/\/www.shavei.org\/wp-content\/uploads\/2020\/12\/shavei-PT-machzor-rosh-hosh-2.jpg\",\"contentUrl\":\"https:\/\/www.shavei.org\/wp-content\/uploads\/2020\/12\/shavei-PT-machzor-rosh-hosh-2.jpg\",\"width\":540,\"height\":396,\"caption\":\"Majzor Ner Rosh Hashan\u00e1 (Portugu\u00e9s)\"},{\"@type\":\"BreadcrumbList\",\"@id\":\"https:\/\/www.shavei.org\/es\/product\/majzor-ner-rosh-hashana-portugues\/#breadcrumb\",\"itemListElement\":[{\"@type\":\"ListItem\",\"position\":1,\"name\":\"Home\",\"item\":\"https:\/\/www.shavei.org\/es\/\"},{\"@type\":\"ListItem\",\"position\":2,\"name\":\"Shop\",\"item\":\"https:\/\/www.shavei.org\/shop\/\"},{\"@type\":\"ListItem\",\"position\":3,\"name\":\"Majzor Ner Rosh Hashan\u00e1 (Portugu\u00e9s)\"}]},{\"@type\":\"WebSite\",\"@id\":\"https:\/\/www.shavei.org\/#website\",\"url\":\"https:\/\/www.shavei.org\/\",\"name\":\"Shavei Israel\",\"description\":\"One nation, many faces. We help them all return.\",\"publisher\":{\"@id\":\"https:\/\/www.shavei.org\/#organization\"},\"potentialAction\":[{\"@type\":\"SearchAction\",\"target\":{\"@type\":\"EntryPoint\",\"urlTemplate\":\"https:\/\/www.shavei.org\/?s={search_term_string}\"},\"query-input\":{\"@type\":\"PropertyValueSpecification\",\"valueRequired\":true,\"valueName\":\"search_term_string\"}}],\"inLanguage\":\"es\"},{\"@type\":\"Organization\",\"@id\":\"https:\/\/www.shavei.org\/#organization\",\"name\":\"Shavei Israel\",\"url\":\"https:\/\/www.shavei.org\/\",\"logo\":{\"@type\":\"ImageObject\",\"inLanguage\":\"es\",\"@id\":\"https:\/\/www.shavei.org\/#\/schema\/logo\/image\/\",\"url\":\"https:\/\/www.shavei.org\/wp-content\/uploads\/2017\/10\/shavei-logo.jpg\",\"contentUrl\":\"https:\/\/www.shavei.org\/wp-content\/uploads\/2017\/10\/shavei-logo.jpg\",\"width\":300,\"height\":285,\"caption\":\"Shavei Israel\"},\"image\":{\"@id\":\"https:\/\/www.shavei.org\/#\/schema\/logo\/image\/\"}}]}<\/script>\n<!-- \/ Yoast SEO plugin. -->","yoast_head_json":{"title":"Majzor Ner Rosh Hashan\u00e1 (Portugu\u00e9s) - Shavei Israel","robots":{"index":"index","follow":"follow","max-snippet":"max-snippet:-1","max-image-preview":"max-image-preview:large","max-video-preview":"max-video-preview:-1"},"canonical":"https:\/\/www.shavei.org\/es\/product\/majzor-ner-rosh-hashana-portugues\/","og_locale":"es_ES","og_type":"article","og_title":"Majzor Ner Rosh Hashan\u00e1 (Portugu\u00e9s) - Shavei Israel","og_description":"El majzor \u201cNer Rosh Hashan\u00e1\u201d es un libro de oraciones preparado y editado por el Rabino Mois\u00e9s Elmescany y el Jaz\u00e1n David Salgado. Incluye el texto hebreo tradicional de los servicios de Rosh Hashan\u00e1, as\u00ed como la traducci\u00f3n al portugu\u00e9s y fon\u00e9tica de las oraciones. Este sidur presenta el rito (nusaj) de comunidades brasileras y portuguesas de origen sefarad\u00ed de Marruecos.","og_url":"https:\/\/www.shavei.org\/es\/product\/majzor-ner-rosh-hashana-portugues\/","og_site_name":"Shavei Israel","article_modified_time":"2024-10-13T06:23:10+00:00","og_image":[{"width":540,"height":396,"url":"https:\/\/www.shavei.org\/wp-content\/uploads\/2020\/12\/shavei-PT-machzor-rosh-hosh-2.jpg","type":"image\/jpeg"}],"twitter_card":"summary_large_image","schema":{"@context":"https:\/\/schema.org","@graph":[{"@type":"WebPage","@id":"https:\/\/www.shavei.org\/es\/product\/majzor-ner-rosh-hashana-portugues\/","url":"https:\/\/www.shavei.org\/es\/product\/majzor-ner-rosh-hashana-portugues\/","name":"Majzor Ner Rosh Hashan\u00e1 (Portugu\u00e9s) - Shavei Israel","isPartOf":{"@id":"https:\/\/www.shavei.org\/#website"},"primaryImageOfPage":{"@id":"https:\/\/www.shavei.org\/es\/product\/majzor-ner-rosh-hashana-portugues\/#primaryimage"},"image":{"@id":"https:\/\/www.shavei.org\/es\/product\/majzor-ner-rosh-hashana-portugues\/#primaryimage"},"thumbnailUrl":"https:\/\/www.shavei.org\/wp-content\/uploads\/2020\/12\/shavei-PT-machzor-rosh-hosh-2.jpg","datePublished":"2016-07-10T21:19:24+00:00","dateModified":"2024-10-13T06:23:10+00:00","breadcrumb":{"@id":"https:\/\/www.shavei.org\/es\/product\/majzor-ner-rosh-hashana-portugues\/#breadcrumb"},"inLanguage":"es","potentialAction":[{"@type":"ReadAction","target":["https:\/\/www.shavei.org\/es\/product\/majzor-ner-rosh-hashana-portugues\/"]}]},{"@type":"ImageObject","inLanguage":"es","@id":"https:\/\/www.shavei.org\/es\/product\/majzor-ner-rosh-hashana-portugues\/#primaryimage","url":"https:\/\/www.shavei.org\/wp-content\/uploads\/2020\/12\/shavei-PT-machzor-rosh-hosh-2.jpg","contentUrl":"https:\/\/www.shavei.org\/wp-content\/uploads\/2020\/12\/shavei-PT-machzor-rosh-hosh-2.jpg","width":540,"height":396,"caption":"Majzor Ner Rosh Hashan\u00e1 (Portugu\u00e9s)"},{"@type":"BreadcrumbList","@id":"https:\/\/www.shavei.org\/es\/product\/majzor-ner-rosh-hashana-portugues\/#breadcrumb","itemListElement":[{"@type":"ListItem","position":1,"name":"Home","item":"https:\/\/www.shavei.org\/es\/"},{"@type":"ListItem","position":2,"name":"Shop","item":"https:\/\/www.shavei.org\/shop\/"},{"@type":"ListItem","position":3,"name":"Majzor Ner Rosh Hashan\u00e1 (Portugu\u00e9s)"}]},{"@type":"WebSite","@id":"https:\/\/www.shavei.org\/#website","url":"https:\/\/www.shavei.org\/","name":"Shavei Israel","description":"One nation, many faces. We help them all return.","publisher":{"@id":"https:\/\/www.shavei.org\/#organization"},"potentialAction":[{"@type":"SearchAction","target":{"@type":"EntryPoint","urlTemplate":"https:\/\/www.shavei.org\/?s={search_term_string}"},"query-input":{"@type":"PropertyValueSpecification","valueRequired":true,"valueName":"search_term_string"}}],"inLanguage":"es"},{"@type":"Organization","@id":"https:\/\/www.shavei.org\/#organization","name":"Shavei Israel","url":"https:\/\/www.shavei.org\/","logo":{"@type":"ImageObject","inLanguage":"es","@id":"https:\/\/www.shavei.org\/#\/schema\/logo\/image\/","url":"https:\/\/www.shavei.org\/wp-content\/uploads\/2017\/10\/shavei-logo.jpg","contentUrl":"https:\/\/www.shavei.org\/wp-content\/uploads\/2017\/10\/shavei-logo.jpg","width":300,"height":285,"caption":"Shavei Israel"},"image":{"@id":"https:\/\/www.shavei.org\/#\/schema\/logo\/image\/"}}]}},"_links":{"self":[{"href":"https:\/\/www.shavei.org\/es\/wp-json\/wp\/v2\/product\/15645","targetHints":{"allow":["GET"]}}],"collection":[{"href":"https:\/\/www.shavei.org\/es\/wp-json\/wp\/v2\/product"}],"about":[{"href":"https:\/\/www.shavei.org\/es\/wp-json\/wp\/v2\/types\/product"}],"replies":[{"embeddable":true,"href":"https:\/\/www.shavei.org\/es\/wp-json\/wp\/v2\/comments?post=15645"}],"wp:featuredmedia":[{"embeddable":true,"href":"https:\/\/www.shavei.org\/es\/wp-json\/wp\/v2\/media\/120546"}],"wp:attachment":[{"href":"https:\/\/www.shavei.org\/es\/wp-json\/wp\/v2\/media?parent=15645"}],"wp:term":[{"taxonomy":"product_brand","embeddable":true,"href":"https:\/\/www.shavei.org\/es\/wp-json\/wp\/v2\/product_brand?post=15645"},{"taxonomy":"product_cat","embeddable":true,"href":"https:\/\/www.shavei.org\/es\/wp-json\/wp\/v2\/product_cat?post=15645"},{"taxonomy":"product_tag","embeddable":true,"href":"https:\/\/www.shavei.org\/es\/wp-json\/wp\/v2\/product_tag?post=15645"}],"curies":[{"name":"wp","href":"https:\/\/api.w.org\/{rel}","templated":true}]}}