{"id":15635,"date":"2016-07-11T10:13:14","date_gmt":"2016-07-11T08:13:14","guid":{"rendered":"https:\/\/www.shavei.org\/product\/sidur-sefaradi-para-bnei-menashe-mizo-y-kuki\/"},"modified":"2026-02-11T22:29:03","modified_gmt":"2026-02-11T20:29:03","slug":"sidur-sefaradi-para-bnei-menashe-mizo-y-kuki","status":"publish","type":"product","link":"https:\/\/www.shavei.org\/es\/product\/sidur-sefaradi-para-bnei-menashe-mizo-y-kuki\/","title":{"rendered":"Sidur sefarad\u00ed para Bnei Menash\u00e9 (Mizo o Kuki)"},"content":{"rendered":"<p>Escrito por Tzvi Khaute<br \/>\nPublicado por Shavei Israel, 2011<br \/>\n392 p\u00e1ginas\/ Tapa dura<\/p>\n<p><a href=\"https:\/\/www.shavei.org\/es\/about-us\/contact\/\">Cont\u00e1ctenos<\/a> para compras por mayor y descuentos educativos. Las im\u00e1genes son un ejemplo y pueden no ser una reproducci\u00f3n exacta del producto que recibir\u00e1.<\/p>\n","protected":false},"excerpt":{"rendered":"<p>Sidur de acuerdo al rito sefarad\u00ed con hebreo y fon\u00e9tica, comentarios en mizo o kuki, destinado a la Tribu de Menash\u00e9, descendientes de una de las diez tribus perdidas que est\u00e1n retornando al juda\u00edsmo. Al comprar el sidur por favor se\u00f1alar el idioma de preferencia.<\/p>\n","protected":false},"featured_media":119433,"comment_status":"closed","ping_status":"closed","template":"","meta":{"give_campaign_id":0,"_exactmetrics_skip_tracking":false,"_exactmetrics_sitenote_active":false,"_exactmetrics_sitenote_note":"","_exactmetrics_sitenote_category":0,"ngg_post_thumbnail":0},"product_brand":[],"product_cat":[2183,2185,2296,2261],"product_tag":[2211,2213,2214,2265,2495,2268],"class_list":{"0":"post-15635","1":"product","2":"type-product","3":"status-publish","4":"has-post-thumbnail","6":"product_cat-idiomas","7":"product_cat-libros","8":"product_cat-mizo-y-kuki","9":"product_cat-plegarias","10":"product_tag-bnei-menashe","11":"product_tag-kuki","12":"product_tag-mizo","13":"product_tag-plegarias","14":"product_tag-sefaradi","15":"product_tag-sidur","16":"product_shipping_class-registered-mail-he","18":"first","19":"instock","20":"taxable","21":"shipping-taxable","22":"purchasable","23":"product-type-simple"},"yoast_head":"<!-- This site is optimized with the Yoast SEO plugin v27.1.1 - https:\/\/yoast.com\/product\/yoast-seo-wordpress\/ -->\n<title>Sidur sefarad\u00ed para Bnei Menash\u00e9 (Mizo o Kuki) - Shavei Israel<\/title>\n<meta name=\"robots\" content=\"index, follow, max-snippet:-1, max-image-preview:large, max-video-preview:-1\" \/>\n<link rel=\"canonical\" href=\"https:\/\/www.shavei.org\/es\/product\/sidur-sefaradi-para-bnei-menashe-mizo-y-kuki\/\" \/>\n<meta property=\"og:locale\" content=\"es_ES\" \/>\n<meta property=\"og:type\" content=\"article\" \/>\n<meta property=\"og:title\" content=\"Sidur sefarad\u00ed para Bnei Menash\u00e9 (Mizo o Kuki) - Shavei Israel\" \/>\n<meta property=\"og:description\" content=\"Sidur de acuerdo al rito sefarad\u00ed con hebreo y fon\u00e9tica, comentarios en mizo o kuki, destinado a la Tribu de Menash\u00e9, descendientes de una de las diez tribus perdidas que est\u00e1n retornando al juda\u00edsmo. Al comprar el sidur por favor se\u00f1alar el idioma de preferencia.\" \/>\n<meta property=\"og:url\" content=\"https:\/\/www.shavei.org\/ru\/product\/sidur-sefaradi-para-bnei-menashe-mizo-y-kuki\/\" \/>\n<meta property=\"og:site_name\" content=\"Shavei Israel\" \/>\n<meta property=\"article:modified_time\" content=\"2026-02-11T20:29:03+00:00\" \/>\n<meta property=\"og:image\" content=\"https:\/\/www.shavei.org\/wp-content\/uploads\/2020\/12\/shavei-BM-siddur-kuki-mizo.jpg\" \/>\n\t<meta property=\"og:image:width\" content=\"1\" \/>\n\t<meta property=\"og:image:height\" content=\"1\" \/>\n\t<meta property=\"og:image:type\" content=\"image\/jpeg\" \/>\n<meta name=\"twitter:card\" content=\"summary_large_image\" \/>\n<script type=\"application\/ld+json\" class=\"yoast-schema-graph\">{\"@context\":\"https:\/\/schema.org\",\"@graph\":[{\"@type\":\"WebPage\",\"@id\":\"https:\/\/www.shavei.org\/ru\/product\/sidur-sefaradi-para-bnei-menashe-mizo-y-kuki\/\",\"url\":\"https:\/\/www.shavei.org\/ru\/product\/sidur-sefaradi-para-bnei-menashe-mizo-y-kuki\/\",\"name\":\"Sidur sefarad\u00ed para Bnei Menash\u00e9 (Mizo o Kuki) - Shavei Israel\",\"isPartOf\":{\"@id\":\"https:\/\/www.shavei.org\/#website\"},\"primaryImageOfPage\":{\"@id\":\"https:\/\/www.shavei.org\/ru\/product\/sidur-sefaradi-para-bnei-menashe-mizo-y-kuki\/#primaryimage\"},\"image\":{\"@id\":\"https:\/\/www.shavei.org\/ru\/product\/sidur-sefaradi-para-bnei-menashe-mizo-y-kuki\/#primaryimage\"},\"thumbnailUrl\":\"https:\/\/www.shavei.org\/wp-content\/uploads\/2020\/12\/shavei-BM-siddur-kuki-mizo.jpg\",\"datePublished\":\"2016-07-11T08:13:14+00:00\",\"dateModified\":\"2026-02-11T20:29:03+00:00\",\"breadcrumb\":{\"@id\":\"https:\/\/www.shavei.org\/ru\/product\/sidur-sefaradi-para-bnei-menashe-mizo-y-kuki\/#breadcrumb\"},\"inLanguage\":\"es\",\"potentialAction\":[{\"@type\":\"ReadAction\",\"target\":[\"https:\/\/www.shavei.org\/ru\/product\/sidur-sefaradi-para-bnei-menashe-mizo-y-kuki\/\"]}]},{\"@type\":\"ImageObject\",\"inLanguage\":\"es\",\"@id\":\"https:\/\/www.shavei.org\/ru\/product\/sidur-sefaradi-para-bnei-menashe-mizo-y-kuki\/#primaryimage\",\"url\":\"https:\/\/www.shavei.org\/wp-content\/uploads\/2020\/12\/shavei-BM-siddur-kuki-mizo.jpg\",\"contentUrl\":\"https:\/\/www.shavei.org\/wp-content\/uploads\/2020\/12\/shavei-BM-siddur-kuki-mizo.jpg\",\"caption\":\"Sidur sefarad\u00ed para Bnei Menash\u00e9 (Mizo o Kuki)\"},{\"@type\":\"BreadcrumbList\",\"@id\":\"https:\/\/www.shavei.org\/ru\/product\/sidur-sefaradi-para-bnei-menashe-mizo-y-kuki\/#breadcrumb\",\"itemListElement\":[{\"@type\":\"ListItem\",\"position\":1,\"name\":\"Home\",\"item\":\"https:\/\/www.shavei.org\/es\/\"},{\"@type\":\"ListItem\",\"position\":2,\"name\":\"Shop\",\"item\":\"https:\/\/www.shavei.org\/shop\/\"},{\"@type\":\"ListItem\",\"position\":3,\"name\":\"Sidur sefarad\u00ed para Bnei Menash\u00e9 (Mizo o Kuki)\"}]},{\"@type\":\"WebSite\",\"@id\":\"https:\/\/www.shavei.org\/#website\",\"url\":\"https:\/\/www.shavei.org\/\",\"name\":\"Shavei Israel\",\"description\":\"One nation, many faces. We help them all return.\",\"publisher\":{\"@id\":\"https:\/\/www.shavei.org\/#organization\"},\"potentialAction\":[{\"@type\":\"SearchAction\",\"target\":{\"@type\":\"EntryPoint\",\"urlTemplate\":\"https:\/\/www.shavei.org\/?s={search_term_string}\"},\"query-input\":{\"@type\":\"PropertyValueSpecification\",\"valueRequired\":true,\"valueName\":\"search_term_string\"}}],\"inLanguage\":\"es\"},{\"@type\":\"Organization\",\"@id\":\"https:\/\/www.shavei.org\/#organization\",\"name\":\"Shavei Israel\",\"url\":\"https:\/\/www.shavei.org\/\",\"logo\":{\"@type\":\"ImageObject\",\"inLanguage\":\"es\",\"@id\":\"https:\/\/www.shavei.org\/#\/schema\/logo\/image\/\",\"url\":\"https:\/\/www.shavei.org\/wp-content\/uploads\/2017\/10\/shavei-logo.jpg\",\"contentUrl\":\"https:\/\/www.shavei.org\/wp-content\/uploads\/2017\/10\/shavei-logo.jpg\",\"width\":300,\"height\":285,\"caption\":\"Shavei Israel\"},\"image\":{\"@id\":\"https:\/\/www.shavei.org\/#\/schema\/logo\/image\/\"}}]}<\/script>\n<!-- \/ Yoast SEO plugin. -->","yoast_head_json":{"title":"Sidur sefarad\u00ed para Bnei Menash\u00e9 (Mizo o Kuki) - Shavei Israel","robots":{"index":"index","follow":"follow","max-snippet":"max-snippet:-1","max-image-preview":"max-image-preview:large","max-video-preview":"max-video-preview:-1"},"canonical":"https:\/\/www.shavei.org\/es\/product\/sidur-sefaradi-para-bnei-menashe-mizo-y-kuki\/","og_locale":"es_ES","og_type":"article","og_title":"Sidur sefarad\u00ed para Bnei Menash\u00e9 (Mizo o Kuki) - Shavei Israel","og_description":"Sidur de acuerdo al rito sefarad\u00ed con hebreo y fon\u00e9tica, comentarios en mizo o kuki, destinado a la Tribu de Menash\u00e9, descendientes de una de las diez tribus perdidas que est\u00e1n retornando al juda\u00edsmo. Al comprar el sidur por favor se\u00f1alar el idioma de preferencia.","og_url":"https:\/\/www.shavei.org\/ru\/product\/sidur-sefaradi-para-bnei-menashe-mizo-y-kuki\/","og_site_name":"Shavei Israel","article_modified_time":"2026-02-11T20:29:03+00:00","og_image":[{"url":"https:\/\/www.shavei.org\/wp-content\/uploads\/2020\/12\/shavei-BM-siddur-kuki-mizo.jpg","width":1,"height":1,"type":"image\/jpeg"}],"twitter_card":"summary_large_image","schema":{"@context":"https:\/\/schema.org","@graph":[{"@type":"WebPage","@id":"https:\/\/www.shavei.org\/ru\/product\/sidur-sefaradi-para-bnei-menashe-mizo-y-kuki\/","url":"https:\/\/www.shavei.org\/ru\/product\/sidur-sefaradi-para-bnei-menashe-mizo-y-kuki\/","name":"Sidur sefarad\u00ed para Bnei Menash\u00e9 (Mizo o Kuki) - Shavei Israel","isPartOf":{"@id":"https:\/\/www.shavei.org\/#website"},"primaryImageOfPage":{"@id":"https:\/\/www.shavei.org\/ru\/product\/sidur-sefaradi-para-bnei-menashe-mizo-y-kuki\/#primaryimage"},"image":{"@id":"https:\/\/www.shavei.org\/ru\/product\/sidur-sefaradi-para-bnei-menashe-mizo-y-kuki\/#primaryimage"},"thumbnailUrl":"https:\/\/www.shavei.org\/wp-content\/uploads\/2020\/12\/shavei-BM-siddur-kuki-mizo.jpg","datePublished":"2016-07-11T08:13:14+00:00","dateModified":"2026-02-11T20:29:03+00:00","breadcrumb":{"@id":"https:\/\/www.shavei.org\/ru\/product\/sidur-sefaradi-para-bnei-menashe-mizo-y-kuki\/#breadcrumb"},"inLanguage":"es","potentialAction":[{"@type":"ReadAction","target":["https:\/\/www.shavei.org\/ru\/product\/sidur-sefaradi-para-bnei-menashe-mizo-y-kuki\/"]}]},{"@type":"ImageObject","inLanguage":"es","@id":"https:\/\/www.shavei.org\/ru\/product\/sidur-sefaradi-para-bnei-menashe-mizo-y-kuki\/#primaryimage","url":"https:\/\/www.shavei.org\/wp-content\/uploads\/2020\/12\/shavei-BM-siddur-kuki-mizo.jpg","contentUrl":"https:\/\/www.shavei.org\/wp-content\/uploads\/2020\/12\/shavei-BM-siddur-kuki-mizo.jpg","caption":"Sidur sefarad\u00ed para Bnei Menash\u00e9 (Mizo o Kuki)"},{"@type":"BreadcrumbList","@id":"https:\/\/www.shavei.org\/ru\/product\/sidur-sefaradi-para-bnei-menashe-mizo-y-kuki\/#breadcrumb","itemListElement":[{"@type":"ListItem","position":1,"name":"Home","item":"https:\/\/www.shavei.org\/es\/"},{"@type":"ListItem","position":2,"name":"Shop","item":"https:\/\/www.shavei.org\/shop\/"},{"@type":"ListItem","position":3,"name":"Sidur sefarad\u00ed para Bnei Menash\u00e9 (Mizo o Kuki)"}]},{"@type":"WebSite","@id":"https:\/\/www.shavei.org\/#website","url":"https:\/\/www.shavei.org\/","name":"Shavei Israel","description":"One nation, many faces. We help them all return.","publisher":{"@id":"https:\/\/www.shavei.org\/#organization"},"potentialAction":[{"@type":"SearchAction","target":{"@type":"EntryPoint","urlTemplate":"https:\/\/www.shavei.org\/?s={search_term_string}"},"query-input":{"@type":"PropertyValueSpecification","valueRequired":true,"valueName":"search_term_string"}}],"inLanguage":"es"},{"@type":"Organization","@id":"https:\/\/www.shavei.org\/#organization","name":"Shavei Israel","url":"https:\/\/www.shavei.org\/","logo":{"@type":"ImageObject","inLanguage":"es","@id":"https:\/\/www.shavei.org\/#\/schema\/logo\/image\/","url":"https:\/\/www.shavei.org\/wp-content\/uploads\/2017\/10\/shavei-logo.jpg","contentUrl":"https:\/\/www.shavei.org\/wp-content\/uploads\/2017\/10\/shavei-logo.jpg","width":300,"height":285,"caption":"Shavei Israel"},"image":{"@id":"https:\/\/www.shavei.org\/#\/schema\/logo\/image\/"}}]}},"_links":{"self":[{"href":"https:\/\/www.shavei.org\/es\/wp-json\/wp\/v2\/product\/15635","targetHints":{"allow":["GET"]}}],"collection":[{"href":"https:\/\/www.shavei.org\/es\/wp-json\/wp\/v2\/product"}],"about":[{"href":"https:\/\/www.shavei.org\/es\/wp-json\/wp\/v2\/types\/product"}],"replies":[{"embeddable":true,"href":"https:\/\/www.shavei.org\/es\/wp-json\/wp\/v2\/comments?post=15635"}],"wp:featuredmedia":[{"embeddable":true,"href":"https:\/\/www.shavei.org\/es\/wp-json\/wp\/v2\/media\/119433"}],"wp:attachment":[{"href":"https:\/\/www.shavei.org\/es\/wp-json\/wp\/v2\/media?parent=15635"}],"wp:term":[{"taxonomy":"product_brand","embeddable":true,"href":"https:\/\/www.shavei.org\/es\/wp-json\/wp\/v2\/product_brand?post=15635"},{"taxonomy":"product_cat","embeddable":true,"href":"https:\/\/www.shavei.org\/es\/wp-json\/wp\/v2\/product_cat?post=15635"},{"taxonomy":"product_tag","embeddable":true,"href":"https:\/\/www.shavei.org\/es\/wp-json\/wp\/v2\/product_tag?post=15635"}],"curies":[{"name":"wp","href":"https:\/\/api.w.org\/{rel}","templated":true}]}}