{"id":15629,"date":"2016-07-11T11:09:31","date_gmt":"2016-07-11T09:09:31","guid":{"rendered":"https:\/\/www.shavei.org\/product\/birkon-shavei-israel-italiano\/"},"modified":"2021-05-09T12:24:02","modified_gmt":"2021-05-09T10:24:02","slug":"birkon-shavei-israel-italiano","status":"publish","type":"product","link":"https:\/\/www.shavei.org\/es\/product\/birkon-shavei-israel-italiano\/","title":{"rendered":"Birk\u00f3n Shavei Israel (italiano)"},"content":{"rendered":"<p>Escrito por\u00a0Aliza Moreno Goldshmidt<\/p>\n<p>Dise\u00f1o gr\u00e1fico por\u00a0Daniela Brandwain<\/p>\n<p>Publicado por\u00a0Shavei Israel, 2014<\/p>\n<p>130 pages \/ Tapa blanda \/ color\u00a0\/ ilustrado<\/p>\n<p>&nbsp;<\/p>\n","protected":false},"excerpt":{"rendered":"<p>Libro de bolsillo indispensable en todo hogar jud\u00edo. El <em>Birk\u00f3n Shavei Israel<\/em> incluye tanto oraciones para la mesa de Shabat en hebreo, fon\u00e9tica e italiano, as\u00ed como una amplia selecci\u00f3n de melod\u00edas de shabat, canciones israel\u00edes y romances ladinos. <strong>El Birk\u00f3n Shavei Israel tambi\u00e9n se encuentra <a href=\"https:\/\/staging.shavei-v3.flywheelsites.com\/es\/producto\/birkon-shavei-israel-espanol\/\">disponible en Espa\u00f1ol\/Hebreo<\/a>\u00a0<\/strong>y en <strong><a href=\"https:\/\/staging.shavei-v3.flywheelsites.com\/es\/producto\/zmiron-bnei-menashe\/\">Mizo\/Kuki<\/a><\/strong>.<\/p>\n","protected":false},"featured_media":120482,"comment_status":"closed","ping_status":"closed","template":"","meta":{"give_campaign_id":0,"_exactmetrics_skip_tracking":false,"_exactmetrics_sitenote_active":false,"_exactmetrics_sitenote_note":"","_exactmetrics_sitenote_category":0,"ngg_post_thumbnail":0},"product_brand":[],"product_cat":[2280,2183,2489,2185],"product_tag":[2281,2270,2282,2490,2491,2492,2219,2364,2267],"class_list":{"0":"post-15629","1":"product","2":"type-product","3":"status-publish","4":"has-post-thumbnail","6":"product_cat-canciones-y-bendiciones","7":"product_cat-idiomas","8":"product_cat-italiano","9":"product_cat-libros","10":"product_tag-bendiciones","11":"product_tag-bnei-anusim","12":"product_tag-canciones","13":"product_tag-fonetica","14":"product_tag-ilustrado","15":"product_tag-italiano","16":"product_tag-ladino","17":"product_tag-san-nicandro","18":"product_tag-shabat","19":"product_shipping_class-registered-mail-he","21":"first","22":"instock","23":"taxable","24":"shipping-taxable","25":"purchasable","26":"product-type-simple"},"yoast_head":"<!-- This site is optimized with the Yoast SEO plugin v27.1.1 - https:\/\/yoast.com\/product\/yoast-seo-wordpress\/ -->\n<title>Birk\u00f3n Shavei Israel (italiano) - Shavei Israel<\/title>\n<meta name=\"robots\" content=\"index, follow, max-snippet:-1, max-image-preview:large, max-video-preview:-1\" \/>\n<link rel=\"canonical\" href=\"https:\/\/www.shavei.org\/es\/product\/birkon-shavei-israel-italiano\/\" \/>\n<meta property=\"og:locale\" content=\"es_ES\" \/>\n<meta property=\"og:type\" content=\"article\" \/>\n<meta property=\"og:title\" content=\"Birk\u00f3n Shavei Israel (italiano) - Shavei Israel\" \/>\n<meta property=\"og:description\" content=\"Libro de bolsillo indispensable en todo hogar jud\u00edo. El Birk\u00f3n Shavei Israel incluye tanto oraciones para la mesa de Shabat en hebreo, fon\u00e9tica e italiano, as\u00ed como una amplia selecci\u00f3n de melod\u00edas de shabat, canciones israel\u00edes y romances ladinos. El Birk\u00f3n Shavei Israel tambi\u00e9n se encuentra disponible en Espa\u00f1ol\/Hebreo\u00a0y en Mizo\/Kuki.\" \/>\n<meta property=\"og:url\" content=\"https:\/\/www.shavei.org\/it\/product\/birkon-shavei-israel-italiano\/\" \/>\n<meta property=\"og:site_name\" content=\"Shavei Israel\" \/>\n<meta property=\"article:modified_time\" content=\"2021-05-09T10:24:02+00:00\" \/>\n<meta property=\"og:image\" content=\"https:\/\/www.shavei.org\/wp-content\/uploads\/2020\/12\/shavei-IT-birkon-4.jpg\" \/>\n\t<meta property=\"og:image:width\" content=\"540\" \/>\n\t<meta property=\"og:image:height\" content=\"396\" \/>\n\t<meta property=\"og:image:type\" content=\"image\/jpeg\" \/>\n<meta name=\"twitter:card\" content=\"summary_large_image\" \/>\n<script type=\"application\/ld+json\" class=\"yoast-schema-graph\">{\"@context\":\"https:\/\/schema.org\",\"@graph\":[{\"@type\":\"WebPage\",\"@id\":\"https:\/\/www.shavei.org\/it\/product\/birkon-shavei-israel-italiano\/\",\"url\":\"https:\/\/www.shavei.org\/it\/product\/birkon-shavei-israel-italiano\/\",\"name\":\"Birk\u00f3n Shavei Israel (italiano) - Shavei Israel\",\"isPartOf\":{\"@id\":\"https:\/\/www.shavei.org\/#website\"},\"primaryImageOfPage\":{\"@id\":\"https:\/\/www.shavei.org\/it\/product\/birkon-shavei-israel-italiano\/#primaryimage\"},\"image\":{\"@id\":\"https:\/\/www.shavei.org\/it\/product\/birkon-shavei-israel-italiano\/#primaryimage\"},\"thumbnailUrl\":\"https:\/\/www.shavei.org\/wp-content\/uploads\/2020\/12\/shavei-IT-birkon-4.jpg\",\"datePublished\":\"2016-07-11T09:09:31+00:00\",\"dateModified\":\"2021-05-09T10:24:02+00:00\",\"breadcrumb\":{\"@id\":\"https:\/\/www.shavei.org\/it\/product\/birkon-shavei-israel-italiano\/#breadcrumb\"},\"inLanguage\":\"es\",\"potentialAction\":[{\"@type\":\"ReadAction\",\"target\":[\"https:\/\/www.shavei.org\/it\/product\/birkon-shavei-israel-italiano\/\"]}]},{\"@type\":\"ImageObject\",\"inLanguage\":\"es\",\"@id\":\"https:\/\/www.shavei.org\/it\/product\/birkon-shavei-israel-italiano\/#primaryimage\",\"url\":\"https:\/\/www.shavei.org\/wp-content\/uploads\/2020\/12\/shavei-IT-birkon-4.jpg\",\"contentUrl\":\"https:\/\/www.shavei.org\/wp-content\/uploads\/2020\/12\/shavei-IT-birkon-4.jpg\",\"width\":540,\"height\":396,\"caption\":\"Birk\u00f3n Shavei Israel (italiano)\"},{\"@type\":\"BreadcrumbList\",\"@id\":\"https:\/\/www.shavei.org\/it\/product\/birkon-shavei-israel-italiano\/#breadcrumb\",\"itemListElement\":[{\"@type\":\"ListItem\",\"position\":1,\"name\":\"Home\",\"item\":\"https:\/\/www.shavei.org\/es\/\"},{\"@type\":\"ListItem\",\"position\":2,\"name\":\"Shop\",\"item\":\"https:\/\/www.shavei.org\/shop\/\"},{\"@type\":\"ListItem\",\"position\":3,\"name\":\"Birk\u00f3n Shavei Israel (italiano)\"}]},{\"@type\":\"WebSite\",\"@id\":\"https:\/\/www.shavei.org\/#website\",\"url\":\"https:\/\/www.shavei.org\/\",\"name\":\"Shavei Israel\",\"description\":\"One nation, many faces. We help them all return.\",\"publisher\":{\"@id\":\"https:\/\/www.shavei.org\/#organization\"},\"potentialAction\":[{\"@type\":\"SearchAction\",\"target\":{\"@type\":\"EntryPoint\",\"urlTemplate\":\"https:\/\/www.shavei.org\/?s={search_term_string}\"},\"query-input\":{\"@type\":\"PropertyValueSpecification\",\"valueRequired\":true,\"valueName\":\"search_term_string\"}}],\"inLanguage\":\"es\"},{\"@type\":\"Organization\",\"@id\":\"https:\/\/www.shavei.org\/#organization\",\"name\":\"Shavei Israel\",\"url\":\"https:\/\/www.shavei.org\/\",\"logo\":{\"@type\":\"ImageObject\",\"inLanguage\":\"es\",\"@id\":\"https:\/\/www.shavei.org\/#\/schema\/logo\/image\/\",\"url\":\"https:\/\/www.shavei.org\/wp-content\/uploads\/2017\/10\/shavei-logo.jpg\",\"contentUrl\":\"https:\/\/www.shavei.org\/wp-content\/uploads\/2017\/10\/shavei-logo.jpg\",\"width\":300,\"height\":285,\"caption\":\"Shavei Israel\"},\"image\":{\"@id\":\"https:\/\/www.shavei.org\/#\/schema\/logo\/image\/\"}}]}<\/script>\n<!-- \/ Yoast SEO plugin. -->","yoast_head_json":{"title":"Birk\u00f3n Shavei Israel (italiano) - Shavei Israel","robots":{"index":"index","follow":"follow","max-snippet":"max-snippet:-1","max-image-preview":"max-image-preview:large","max-video-preview":"max-video-preview:-1"},"canonical":"https:\/\/www.shavei.org\/es\/product\/birkon-shavei-israel-italiano\/","og_locale":"es_ES","og_type":"article","og_title":"Birk\u00f3n Shavei Israel (italiano) - Shavei Israel","og_description":"Libro de bolsillo indispensable en todo hogar jud\u00edo. El Birk\u00f3n Shavei Israel incluye tanto oraciones para la mesa de Shabat en hebreo, fon\u00e9tica e italiano, as\u00ed como una amplia selecci\u00f3n de melod\u00edas de shabat, canciones israel\u00edes y romances ladinos. El Birk\u00f3n Shavei Israel tambi\u00e9n se encuentra disponible en Espa\u00f1ol\/Hebreo\u00a0y en Mizo\/Kuki.","og_url":"https:\/\/www.shavei.org\/it\/product\/birkon-shavei-israel-italiano\/","og_site_name":"Shavei Israel","article_modified_time":"2021-05-09T10:24:02+00:00","og_image":[{"width":540,"height":396,"url":"https:\/\/www.shavei.org\/wp-content\/uploads\/2020\/12\/shavei-IT-birkon-4.jpg","type":"image\/jpeg"}],"twitter_card":"summary_large_image","schema":{"@context":"https:\/\/schema.org","@graph":[{"@type":"WebPage","@id":"https:\/\/www.shavei.org\/it\/product\/birkon-shavei-israel-italiano\/","url":"https:\/\/www.shavei.org\/it\/product\/birkon-shavei-israel-italiano\/","name":"Birk\u00f3n Shavei Israel (italiano) - Shavei Israel","isPartOf":{"@id":"https:\/\/www.shavei.org\/#website"},"primaryImageOfPage":{"@id":"https:\/\/www.shavei.org\/it\/product\/birkon-shavei-israel-italiano\/#primaryimage"},"image":{"@id":"https:\/\/www.shavei.org\/it\/product\/birkon-shavei-israel-italiano\/#primaryimage"},"thumbnailUrl":"https:\/\/www.shavei.org\/wp-content\/uploads\/2020\/12\/shavei-IT-birkon-4.jpg","datePublished":"2016-07-11T09:09:31+00:00","dateModified":"2021-05-09T10:24:02+00:00","breadcrumb":{"@id":"https:\/\/www.shavei.org\/it\/product\/birkon-shavei-israel-italiano\/#breadcrumb"},"inLanguage":"es","potentialAction":[{"@type":"ReadAction","target":["https:\/\/www.shavei.org\/it\/product\/birkon-shavei-israel-italiano\/"]}]},{"@type":"ImageObject","inLanguage":"es","@id":"https:\/\/www.shavei.org\/it\/product\/birkon-shavei-israel-italiano\/#primaryimage","url":"https:\/\/www.shavei.org\/wp-content\/uploads\/2020\/12\/shavei-IT-birkon-4.jpg","contentUrl":"https:\/\/www.shavei.org\/wp-content\/uploads\/2020\/12\/shavei-IT-birkon-4.jpg","width":540,"height":396,"caption":"Birk\u00f3n Shavei Israel (italiano)"},{"@type":"BreadcrumbList","@id":"https:\/\/www.shavei.org\/it\/product\/birkon-shavei-israel-italiano\/#breadcrumb","itemListElement":[{"@type":"ListItem","position":1,"name":"Home","item":"https:\/\/www.shavei.org\/es\/"},{"@type":"ListItem","position":2,"name":"Shop","item":"https:\/\/www.shavei.org\/shop\/"},{"@type":"ListItem","position":3,"name":"Birk\u00f3n Shavei Israel (italiano)"}]},{"@type":"WebSite","@id":"https:\/\/www.shavei.org\/#website","url":"https:\/\/www.shavei.org\/","name":"Shavei Israel","description":"One nation, many faces. We help them all return.","publisher":{"@id":"https:\/\/www.shavei.org\/#organization"},"potentialAction":[{"@type":"SearchAction","target":{"@type":"EntryPoint","urlTemplate":"https:\/\/www.shavei.org\/?s={search_term_string}"},"query-input":{"@type":"PropertyValueSpecification","valueRequired":true,"valueName":"search_term_string"}}],"inLanguage":"es"},{"@type":"Organization","@id":"https:\/\/www.shavei.org\/#organization","name":"Shavei Israel","url":"https:\/\/www.shavei.org\/","logo":{"@type":"ImageObject","inLanguage":"es","@id":"https:\/\/www.shavei.org\/#\/schema\/logo\/image\/","url":"https:\/\/www.shavei.org\/wp-content\/uploads\/2017\/10\/shavei-logo.jpg","contentUrl":"https:\/\/www.shavei.org\/wp-content\/uploads\/2017\/10\/shavei-logo.jpg","width":300,"height":285,"caption":"Shavei Israel"},"image":{"@id":"https:\/\/www.shavei.org\/#\/schema\/logo\/image\/"}}]}},"_links":{"self":[{"href":"https:\/\/www.shavei.org\/es\/wp-json\/wp\/v2\/product\/15629","targetHints":{"allow":["GET"]}}],"collection":[{"href":"https:\/\/www.shavei.org\/es\/wp-json\/wp\/v2\/product"}],"about":[{"href":"https:\/\/www.shavei.org\/es\/wp-json\/wp\/v2\/types\/product"}],"replies":[{"embeddable":true,"href":"https:\/\/www.shavei.org\/es\/wp-json\/wp\/v2\/comments?post=15629"}],"wp:featuredmedia":[{"embeddable":true,"href":"https:\/\/www.shavei.org\/es\/wp-json\/wp\/v2\/media\/120482"}],"wp:attachment":[{"href":"https:\/\/www.shavei.org\/es\/wp-json\/wp\/v2\/media?parent=15629"}],"wp:term":[{"taxonomy":"product_brand","embeddable":true,"href":"https:\/\/www.shavei.org\/es\/wp-json\/wp\/v2\/product_brand?post=15629"},{"taxonomy":"product_cat","embeddable":true,"href":"https:\/\/www.shavei.org\/es\/wp-json\/wp\/v2\/product_cat?post=15629"},{"taxonomy":"product_tag","embeddable":true,"href":"https:\/\/www.shavei.org\/es\/wp-json\/wp\/v2\/product_tag?post=15629"}],"curies":[{"name":"wp","href":"https:\/\/api.w.org\/{rel}","templated":true}]}}