{"id":99211,"date":"2019-09-22T13:52:52","date_gmt":"2019-09-22T11:52:52","guid":{"rendered":"https:\/\/www.shavei.org\/?page_id=99211"},"modified":"2021-07-15T15:31:10","modified_gmt":"2021-07-15T13:31:10","slug":"campana-de-arroz","status":"publish","type":"page","link":"https:\/\/www.shavei.org\/es\/campana-de-arroz\/","title":{"rendered":"CAMPA\u00d1A DE ARROZ"},"content":{"rendered":"<h4 style=\"background: rgba(255,255,255,0.5); padding: 16px;\"><img decoding=\"async\" class=\"alignnone wp-image-139910 size-large\" src=\"https:\/\/www.shavei.org\/wp-content\/uploads\/2021\/07\/Rice-campaign-1-1024x576.jpg\" alt=\"\" width=\"1024\" height=\"576\" srcset=\"https:\/\/www.shavei.org\/wp-content\/uploads\/2021\/07\/Rice-campaign-1-1024x576.jpg 1024w, https:\/\/www.shavei.org\/wp-content\/uploads\/2021\/07\/Rice-campaign-1-300x169.jpg 300w, https:\/\/www.shavei.org\/wp-content\/uploads\/2021\/07\/Rice-campaign-1-1536x864.jpg 1536w, https:\/\/www.shavei.org\/wp-content\/uploads\/2021\/07\/Rice-campaign-1-700x394.jpg 700w, https:\/\/www.shavei.org\/wp-content\/uploads\/2021\/07\/Rice-campaign-1-539x303.jpg 539w, https:\/\/www.shavei.org\/wp-content\/uploads\/2021\/07\/Rice-campaign-1-540x304.jpg 540w, https:\/\/www.shavei.org\/wp-content\/uploads\/2021\/07\/Rice-campaign-1-64x36.jpg 64w, https:\/\/www.shavei.org\/wp-content\/uploads\/2021\/07\/Rice-campaign-1-107x60.jpg 107w, https:\/\/www.shavei.org\/wp-content\/uploads\/2021\/07\/Rice-campaign-1-160x90.jpg 160w, https:\/\/www.shavei.org\/wp-content\/uploads\/2021\/07\/Rice-campaign-1.jpg 1600w\" sizes=\"(max-width: 1024px) 100vw, 1024px\" \/><\/h4>\n<h3 style=\"text-align: center;\">EN ESTOS TIEMPOS DIF\u00cdCILES TENEMOS LA OPORTUNIDAD DE AYUDAR A BNEI MENASHE CON SU NECESIDAD M\u00c1S B\u00c1SICA.<\/h3>\n<h6 style=\"background: rgba(255, 255, 255, 0.5); padding: 16px; text-align: center;\">El arroz es el alimento b\u00e1sico de la dieta en la India. Una familia t\u00edpica come alrededor de un kilogramo de arroz al d\u00eda. Por solo $54, puede proporcionar a una familia de Bnei Menashe una bolsa de arroz de 100 kg, suficiente para m\u00e1s de 3 meses.<\/h6>\n<h6 style=\"background: rgba(255, 255, 255, 0.5); padding: 16px; text-align: center;\">Nuestro objetivo es proporcionar a 100 familias Bnei Menashe, en Manipur y Mizoram, la comida b\u00e1sica que necesitan para ayudarlos en estos tiempos dif\u00edciles.<\/h6>\n\t<div id=\"give-form-139894-wrap\" class=\"give-form-wrap give-display-onpage\">\n\t\t<div id=\"give-form-content-139894\" class=\"give-form-content-wrap give_pre_form-content\"><\/div>\t\t\t<form id=\"give-form-139894-1\" class=\"give-form give-form-139894 give-form-type-multi\" action=\"https:\/\/www.shavei.org\/es\/wp-json\/wp\/v2\/pages\/99211\/?payment-mode=paypal&form-id=139894\" data-id=\"139894-1\" data-currency_symbol=\"&#36;\" data-currency_code=\"USD\" data-currency_position=\"before\" data-thousands_separator=\",\" data-decimal_separator=\".\" data-number_decimals=\"2\" data-publishable-key=\"pk_live_SMtnnvlq4TpJelMdklNha8iD\" data-account=\"acct_1GT1XSIgvr1FvsuR\" method=\"post\">\n\t\t\t\t<!-- The following field is for robots only, invisible to humans: -->\n\t\t\t\t<span class=\"give-hidden\" style=\"display: none !important;\">\n\t\t\t\t\t<label for=\"give-form-honeypot-139894\"><\/label>\n\t\t\t\t\t<input id=\"give-form-honeypot-139894\" type=\"text\" name=\"give-honeypot\"\n\t\t\t\t\t\t   class=\"give-honeypot give-hidden\"\/>\n\t\t\t\t<\/span>\n\n\t\t\t\t\t<input type=\"hidden\" name=\"give-form-id-prefix\" value=\"139894-1\"\/>\n\t<input type=\"hidden\" name=\"give-form-id\" value=\"139894\"\/>\n\t<input type=\"hidden\" name=\"give-form-title\" value=\"Rice campaign\"\/>\n\t<input type=\"hidden\" name=\"give-current-url\" value=\"https:\/\/www.shavei.org\/es\/wp-json\/wp\/v2\/pages\/99211\/\"\/>\n\t<input type=\"hidden\" name=\"give-form-url\" value=\"https:\/\/www.shavei.org\/es\/wp-json\/wp\/v2\/pages\/99211\/\"\/>\n\t\t\t<input type=\"hidden\" name=\"give-form-minimum\"\n\t\t\t   value=\"100.00\"\/>\n\t\t<input type=\"hidden\" name=\"give-form-maximum\"\n\t\t\t   value=\"999999.99\"\/>\n\t\t<input type=\"hidden\"  name=\"give-form-hash\" value=\"255e779067\" data-time=\"1776235426\" data-nonce-life=\"86400\" data-donor-session=\"0\"\/><input type=\"hidden\" name=\"give-price-id\" value=\"3\"\/>\t<input type=\"hidden\" name=\"give-recurring-logged-in-only\"\n\t\t   class=\"give-recurring-logged-in-only\"\n\t\t   value=\"\"\/>\n\n\t<input type=\"hidden\" name=\"give-logged-in-only\"\n\t\t   class=\"give-logged-in-only\"\n\t\t   value=\"1\"\/>\n<input\n\t\t\t\t\ttype=\"hidden\"\n\t\t\t\t\tname=\"give_recurring_donation_details\"\n\t\t\t\t\tclass=\"give_recurring_donation_details\"\n\t\t\t\t\tid=\"give_recurring_donation_details\"\n\t\t\t\t\tvalue=\"{&quot;is_recurring&quot;:false}\"\n                \/>\t\t<div class=\"give-total-wrap\">\n\t\t\t<div class=\"give-donation-amount form-row-wide\">\n\t\t\t\t<span class=\"give-currency-symbol give-currency-position-before\">&#036;<\/span>\t\t\t\t<label class=\"give-hidden\" for=\"give-amount\">Cantidad a donar:<\/label>\n\t\t\t\t<input class=\"give-text-input give-amount-top\" id=\"give-amount\" name=\"give-amount\" type=\"text\" inputmode=\"decimal\"\n\t\t\t\t\t   placeholder=\"\" value=\"54.00\" autocomplete=\"off\">\n\t\t\t\t\t\t\t<\/div>\n\t\t<\/div>\n\t\t<ul id=\"give-donation-level-button-wrap\" class=\"give-donation-levels-wrap give-list-inline\"><li><button type=\"button\" data-price-id=\"0\" class=\"give-donation-level-btn give-btn give-btn-level-0 \" value=\"10.00\" data-default=\"0\">&#036;10.00<\/button><\/li><li><button type=\"button\" data-price-id=\"1\" class=\"give-donation-level-btn give-btn give-btn-level-1 \" value=\"18.00\" data-default=\"0\">&#036;18.00<\/button><\/li><li><button type=\"button\" data-price-id=\"2\" class=\"give-donation-level-btn give-btn give-btn-level-2 \" value=\"36.00\" data-default=\"0\">&#036;36.00<\/button><\/li><li><button type=\"button\" data-price-id=\"3\" class=\"give-donation-level-btn give-btn give-btn-level-3 give-default-level\" value=\"54.00\" data-default=\"1\">&#036;54.00<\/button><\/li><li><button type=\"button\" data-price-id=\"4\" class=\"give-donation-level-btn give-btn give-btn-level-4 \" value=\"72.00\" data-default=\"0\">&#036;72.00<\/button><\/li><li><button type=\"button\" data-price-id=\"5\" class=\"give-donation-level-btn give-btn give-btn-level-5 \" value=\"108.00\" data-default=\"0\">&#036;108.00<\/button><\/li><li><button type=\"button\" data-price-id=\"custom\" class=\"give-donation-level-btn give-btn give-btn-level-custom\" value=\"custom\">Custom Amount<\/button><\/li><\/ul><input id=\"give-stripe-payment-method-139894-1\" type=\"hidden\" name=\"give_stripe_payment_method\" value=\"\">\n\t<fieldset id=\"give-payment-mode-select\">\n\t\t\t\t<legend\n\t\t\tclass=\"give-payment-mode-label\">Seleccionar el m\u00e9todo de pago\t\t\t<span class=\"give-loading-text\"><span\n\t\t\t\t\tclass=\"give-loading-animation\"><\/span>\n\t\t\t<\/span>\n\t\t<\/legend>\n\n\t\t<div id=\"give-payment-mode-wrap\">\n\t\t\t\t\t\t<ul id=\"give-gateway-radio-list\">\n\t\t\t\t\t\t\t\t\t\t<li class=\"give-gateway-option-selected\">\n\t\t\t\t\t\t\t<input type=\"radio\" name=\"payment-mode\" class=\"give-gateway\"\n\t\t\t\t\t\t\t\t   id=\"give-gateway-paypal-139894-1\"\n\t\t\t\t\t\t\t\t   value=\"paypal\" checked='checked'>\n\t\t\t\t\t\t\t<label for=\"give-gateway-paypal-139894-1\"\n\t\t\t\t\t\t\t\t   class=\"give-gateway-option\"\n\t\t\t\t\t\t\t\t   id=\"give-gateway-option-paypal\"> PayPal<\/label>\n\t\t\t\t\t\t<\/li>\n\t\t\t\t\t\t\t\t\t\t\t\t<li>\n\t\t\t\t\t\t\t<input type=\"radio\" name=\"payment-mode\" class=\"give-gateway\"\n\t\t\t\t\t\t\t\t   id=\"give-gateway-stripe-139894-1\"\n\t\t\t\t\t\t\t\t   value=\"stripe\">\n\t\t\t\t\t\t\t<label for=\"give-gateway-stripe-139894-1\"\n\t\t\t\t\t\t\t\t   class=\"give-gateway-option\"\n\t\t\t\t\t\t\t\t   id=\"give-gateway-option-stripe\"> Stripe: tarjeta de cr\u00e9dito<\/label>\n\t\t\t\t\t\t<\/li>\n\t\t\t\t\t\t\t\t\t<\/ul>\n\t\t\t\t\t<\/div>\n\t\t\t<\/fieldset>\n\n\t\n\t<div id=\"give_purchase_form_wrap\">\n\n\t\t\t<fieldset id=\"give_checkout_user_info\" class=\"\">\n\t\t<legend>\n\t\t\tInformaci\u00f3n personal\t\t<\/legend>\n\n\t\t\n        <p id=\"give-first-name-wrap\" class=\"form-row form-row-first form-row-responsive\">\n            <label class=\"give-label\" for=\"give-first\">\n                Nombre                                    <span class=\"give-required-indicator\">*<\/span>\n                                <span class=\"give-tooltip hint--top hint--medium hint--bounce\" aria-label=\"El nombre se usa para personalizar tu registro de donaci\u00f3n.\" rel=\"tooltip\"><i class=\"give-icon give-icon-question\"><\/i><\/span>            <\/label>\n            <input\n                class=\"give-input required\"\n                type=\"text\"\n                name=\"give_first\"\n                autocomplete=\"given-name\"\n                placeholder=\"Nombre\"\n                id=\"give-first\"\n                value=\"\"\n                 required aria-required=\"true\"             \/>\n        <\/p>\n\n        <p id=\"give-last-name-wrap\" class=\"form-row form-row-last form-row-responsive\">\n            <label class=\"give-label\" for=\"give-last\">\n                Apellidos                                <span class=\"give-tooltip hint--top hint--medium hint--bounce\" aria-label=\"Los apellidos se usan para personalizar tu registro de donaci\u00f3n.\" rel=\"tooltip\"><i class=\"give-icon give-icon-question\"><\/i><\/span>            <\/label>\n\n            <input\n                class=\"give-input\"\n                type=\"text\"\n                name=\"give_last\"\n                autocomplete=\"family-name\"\n                id=\"give-last\"\n                placeholder=\"Apellidos\"\n                value=\"\"\n                            \/>\n        <\/p>\n\n        \n                <p id=\"give-email-wrap\" class=\"form-row form-row-wide\">\n            <label class=\"give-label\" for=\"give-email\">\n                Direcci\u00f3n de correo electr\u00f3nico                                    <span class=\"give-required-indicator\">*<\/span>\n                                    <span class=\"give-tooltip hint--top hint--medium hint--bounce\" aria-label=\"Enviaremos el recibo de la donaci\u00f3n a esta direcci\u00f3n.\" rel=\"tooltip\"><i class=\"give-icon give-icon-question\"><\/i><\/span>            <\/label>\n            <input\n                class=\"give-input required\"\n                type=\"email\"\n                name=\"give_email\"\n                autocomplete=\"email\"\n                placeholder=\"Direcci\u00f3n de correo electr\u00f3nico\"\n                id=\"give-email\"\n                value=\"\"\n                 required aria-required=\"true\"             \/>\n\n        <\/p>\n\n        \n\t\t\t\t\t<\/fieldset>\n\t<div id=\"give-stripe-payment-errors-139894-1\"><\/div><div id=\"give-square-payment-errors-139894-1\"><\/div>\t<fieldset id=\"give_purchase_submit\" class=\"give-donation-submit\">\n\t\t\t\t<div style=\"margin-top: 1rem;\" id=\"give-recaptcha-element\" class=\"g-recaptcha\" data-sitekey=\"6LfUAQkjAAAAAOPyAlH5_wTKzTgFC5EfFa9PFndI\"><\/div>\n\t\t\t<p id=\"give-final-total-wrap\" class=\"form-wrap \">\n\t\t\t\t<span class=\"give-donation-total-label\">\n\t\t\tTotal de la donaci\u00f3n:\t\t<\/span>\n\t\t<span class=\"give-final-total-amount\"\n\t\t\t  data-total=\"54.00\">\n\t\t\t&#36;54.00\t\t<\/span>\n\t\t\t<\/p>\n\t\t<input type=\"hidden\" name=\"give_action\" value=\"purchase\"\/>\n\t<input type=\"hidden\" name=\"give-gateway\" value=\"paypal\"\/>\n\t\t<div class=\"give-submit-button-wrap give-clearfix\">\n\t\t<input type=\"submit\" class=\"give-submit give-btn\" id=\"give-purchase-button\" name=\"give-purchase\"\n\t\t\t   value=\"Send Your Gift\" data-before-validation-label=\"Send Your Gift\"\/>\n\t\t<span class=\"give-loading-animation\"><\/span>\n\t<\/div>\n\t\t<\/fieldset>\n\t\n\t<\/div>\n\n\t<input type=\"text\" name=\"fSpL8\" value=\"\" style=\"display: none !important;\" \/>\t\t\t<\/form>\n\n\t\t\t\n\t<\/div><!--end #give-form-139894-->\n\t\n<h4 style=\"background: rgba(255,255,255,0.5); padding: 16px;\"><b>Donaciones por correo<\/b><\/h4>\n<p><i><span lang=\"ES-MX\">En los EE. UU., Las donaciones deducibles de impuestos se pueden enviar a:<\/span><\/i><br \/>\nAmerican Friends of Shavei Israel<br \/>\nc\/o Balfour, Inc.<br \/>\n1 Rockefeller Plaza, Suite 1430<br \/>\nNew York, NY 10020<br \/>\nUSA<br \/>\n[vc_separator type=\u00bbtransparent\u00bb position=\u00bbcenter\u00bb up=\u00bb2&#8243; down=\u00bb0&#8243;]<br \/>\n<b><span lang=\"ES-MX\">American Friends of Shavei Israeles una organizaci\u00f3n exenta de impuestos 501 (c) (3) del IRS.<\/span><\/b><br \/>\n<strong>EIN# 20-1919394<\/strong><br \/>\n[vc_separator type=\u00bbtransparent\u00bb position=\u00bbcenter\u00bb up=\u00bb2&#8243; down=\u00bb0&#8243;]<br \/>\n<b><span lang=\"ES-MX\">En Israel, las donaciones pueden enviarse a:<\/span><\/b><br \/>\nShavei Israel<br \/>\nAm Veolamo 3<br \/>\nJerusalem 9546303<br \/>\n[vc_separator type=\u00bbtransparent\u00bb position=\u00bbcenter\u00bb up=\u00bb20&#8243; down=\u00bb0&#8243;]<br \/>\nPara donar mediante transferencia bancaria o para otras consultas,<span lang=\"ES-MX\">&nbsp;<\/span><b><a href=\"mailto:office@shavei.org\" target=\"_blank\" rel=\"noopener\"><span lang=\"ES-MX\">comun\u00edquese con nosotros<\/span><\/a><\/b><b><span lang=\"ES-MX\">.<\/span><\/b><\/p>\n<p>&nbsp;<\/p>\n<p>&nbsp;<\/p>\n","protected":false},"excerpt":{"rendered":"<p>EN ESTOS TIEMPOS DIF\u00cdCILES TENEMOS LA OPORTUNIDAD DE AYUDAR A BNEI MENASHE CON SU NECESIDAD M\u00c1S B\u00c1SICA. El arroz es el alimento b\u00e1sico de la dieta en la India. Una familia t\u00edpica come alrededor de un kilogramo de arroz al d\u00eda. Por solo $54, puede&#8230;<\/p>\n","protected":false},"author":7,"featured_media":139921,"parent":0,"menu_order":0,"comment_status":"closed","ping_status":"closed","template":"","meta":{"give_campaign_id":0,"_exactmetrics_skip_tracking":false,"_exactmetrics_sitenote_active":false,"_exactmetrics_sitenote_note":"","_exactmetrics_sitenote_category":0,"ngg_post_thumbnail":0,"footnotes":""},"class_list":["post-99211","page","type-page","status-publish","has-post-thumbnail","hentry"],"yoast_head":"<!-- This site is optimized with the Yoast SEO plugin v27.1.1 - https:\/\/yoast.com\/product\/yoast-seo-wordpress\/ -->\n<title>Done Ahora<\/title>\n<meta name=\"description\" content=\"Una naci\u00f3n, muchas caras. Shavei Israel los ayuda a todos a regresar. Ay\u00fadanos a ayudarlos a reconectarse con Israel y el pueblo jud\u00edo. Por favor, da generosamente.\" \/>\n<meta name=\"robots\" content=\"index, follow, max-snippet:-1, max-image-preview:large, max-video-preview:-1\" \/>\n<link rel=\"canonical\" href=\"https:\/\/www.shavei.org\/es\/campana-de-arroz\/\" \/>\n<meta property=\"og:locale\" content=\"es_ES\" \/>\n<meta property=\"og:type\" content=\"article\" \/>\n<meta property=\"og:title\" content=\"Done Ahora\" \/>\n<meta property=\"og:description\" content=\"Una naci\u00f3n, muchas caras. Shavei Israel los ayuda a todos a regresar. Ay\u00fadanos a ayudarlos a reconectarse con Israel y el pueblo jud\u00edo. Por favor, da generosamente.\" \/>\n<meta property=\"og:url\" content=\"https:\/\/www.shavei.org\/es\/campana-de-arroz\/\" \/>\n<meta property=\"og:site_name\" content=\"Shavei Israel\" \/>\n<meta property=\"article:modified_time\" content=\"2021-07-15T13:31:10+00:00\" \/>\n<meta property=\"og:image\" content=\"https:\/\/www.shavei.org\/wp-content\/uploads\/2021\/07\/Rice-campaign-1-1.jpg\" \/>\n\t<meta property=\"og:image:width\" content=\"1600\" \/>\n\t<meta property=\"og:image:height\" content=\"900\" \/>\n\t<meta property=\"og:image:type\" content=\"image\/jpeg\" \/>\n<meta name=\"twitter:card\" content=\"summary_large_image\" \/>\n<meta name=\"twitter:label1\" content=\"Tiempo de lectura\" \/>\n\t<meta name=\"twitter:data1\" content=\"2 minutos\" \/>\n<script type=\"application\/ld+json\" class=\"yoast-schema-graph\">{\"@context\":\"https:\/\/schema.org\",\"@graph\":[{\"@type\":\"WebPage\",\"@id\":\"https:\/\/www.shavei.org\/es\/campana-de-arroz\/\",\"url\":\"https:\/\/www.shavei.org\/es\/campana-de-arroz\/\",\"name\":\"Done Ahora\",\"isPartOf\":{\"@id\":\"https:\/\/www.shavei.org\/#website\"},\"primaryImageOfPage\":{\"@id\":\"https:\/\/www.shavei.org\/es\/campana-de-arroz\/#primaryimage\"},\"image\":{\"@id\":\"https:\/\/www.shavei.org\/es\/campana-de-arroz\/#primaryimage\"},\"thumbnailUrl\":\"https:\/\/www.shavei.org\/wp-content\/uploads\/2021\/07\/Rice-campaign-1-1.jpg\",\"datePublished\":\"2019-09-22T11:52:52+00:00\",\"dateModified\":\"2021-07-15T13:31:10+00:00\",\"description\":\"Una naci\u00f3n, muchas caras. Shavei Israel los ayuda a todos a regresar. Ay\u00fadanos a ayudarlos a reconectarse con Israel y el pueblo jud\u00edo. Por favor, da generosamente.\",\"breadcrumb\":{\"@id\":\"https:\/\/www.shavei.org\/es\/campana-de-arroz\/#breadcrumb\"},\"inLanguage\":\"es\",\"potentialAction\":[{\"@type\":\"ReadAction\",\"target\":[\"https:\/\/www.shavei.org\/es\/campana-de-arroz\/\"]}]},{\"@type\":\"ImageObject\",\"inLanguage\":\"es\",\"@id\":\"https:\/\/www.shavei.org\/es\/campana-de-arroz\/#primaryimage\",\"url\":\"https:\/\/www.shavei.org\/wp-content\/uploads\/2021\/07\/Rice-campaign-1-1.jpg\",\"contentUrl\":\"https:\/\/www.shavei.org\/wp-content\/uploads\/2021\/07\/Rice-campaign-1-1.jpg\",\"width\":1600,\"height\":900},{\"@type\":\"BreadcrumbList\",\"@id\":\"https:\/\/www.shavei.org\/es\/campana-de-arroz\/#breadcrumb\",\"itemListElement\":[{\"@type\":\"ListItem\",\"position\":1,\"name\":\"Home\",\"item\":\"https:\/\/www.shavei.org\/es\/\"},{\"@type\":\"ListItem\",\"position\":2,\"name\":\"CAMPA\u00d1A DE ARROZ\"}]},{\"@type\":\"WebSite\",\"@id\":\"https:\/\/www.shavei.org\/#website\",\"url\":\"https:\/\/www.shavei.org\/\",\"name\":\"Shavei Israel\",\"description\":\"One nation, many faces. We help them all return.\",\"publisher\":{\"@id\":\"https:\/\/www.shavei.org\/#organization\"},\"potentialAction\":[{\"@type\":\"SearchAction\",\"target\":{\"@type\":\"EntryPoint\",\"urlTemplate\":\"https:\/\/www.shavei.org\/?s={search_term_string}\"},\"query-input\":{\"@type\":\"PropertyValueSpecification\",\"valueRequired\":true,\"valueName\":\"search_term_string\"}}],\"inLanguage\":\"es\"},{\"@type\":\"Organization\",\"@id\":\"https:\/\/www.shavei.org\/#organization\",\"name\":\"Shavei Israel\",\"url\":\"https:\/\/www.shavei.org\/\",\"logo\":{\"@type\":\"ImageObject\",\"inLanguage\":\"es\",\"@id\":\"https:\/\/www.shavei.org\/#\/schema\/logo\/image\/\",\"url\":\"https:\/\/www.shavei.org\/wp-content\/uploads\/2017\/10\/shavei-logo.jpg\",\"contentUrl\":\"https:\/\/www.shavei.org\/wp-content\/uploads\/2017\/10\/shavei-logo.jpg\",\"width\":300,\"height\":285,\"caption\":\"Shavei Israel\"},\"image\":{\"@id\":\"https:\/\/www.shavei.org\/#\/schema\/logo\/image\/\"}}]}<\/script>\n<!-- \/ Yoast SEO plugin. -->","yoast_head_json":{"title":"Done Ahora","description":"Una naci\u00f3n, muchas caras. Shavei Israel los ayuda a todos a regresar. Ay\u00fadanos a ayudarlos a reconectarse con Israel y el pueblo jud\u00edo. Por favor, da generosamente.","robots":{"index":"index","follow":"follow","max-snippet":"max-snippet:-1","max-image-preview":"max-image-preview:large","max-video-preview":"max-video-preview:-1"},"canonical":"https:\/\/www.shavei.org\/es\/campana-de-arroz\/","og_locale":"es_ES","og_type":"article","og_title":"Done Ahora","og_description":"Una naci\u00f3n, muchas caras. Shavei Israel los ayuda a todos a regresar. Ay\u00fadanos a ayudarlos a reconectarse con Israel y el pueblo jud\u00edo. Por favor, da generosamente.","og_url":"https:\/\/www.shavei.org\/es\/campana-de-arroz\/","og_site_name":"Shavei Israel","article_modified_time":"2021-07-15T13:31:10+00:00","og_image":[{"width":1600,"height":900,"url":"https:\/\/www.shavei.org\/wp-content\/uploads\/2021\/07\/Rice-campaign-1-1.jpg","type":"image\/jpeg"}],"twitter_card":"summary_large_image","twitter_misc":{"Tiempo de lectura":"2 minutos"},"schema":{"@context":"https:\/\/schema.org","@graph":[{"@type":"WebPage","@id":"https:\/\/www.shavei.org\/es\/campana-de-arroz\/","url":"https:\/\/www.shavei.org\/es\/campana-de-arroz\/","name":"Done Ahora","isPartOf":{"@id":"https:\/\/www.shavei.org\/#website"},"primaryImageOfPage":{"@id":"https:\/\/www.shavei.org\/es\/campana-de-arroz\/#primaryimage"},"image":{"@id":"https:\/\/www.shavei.org\/es\/campana-de-arroz\/#primaryimage"},"thumbnailUrl":"https:\/\/www.shavei.org\/wp-content\/uploads\/2021\/07\/Rice-campaign-1-1.jpg","datePublished":"2019-09-22T11:52:52+00:00","dateModified":"2021-07-15T13:31:10+00:00","description":"Una naci\u00f3n, muchas caras. Shavei Israel los ayuda a todos a regresar. Ay\u00fadanos a ayudarlos a reconectarse con Israel y el pueblo jud\u00edo. Por favor, da generosamente.","breadcrumb":{"@id":"https:\/\/www.shavei.org\/es\/campana-de-arroz\/#breadcrumb"},"inLanguage":"es","potentialAction":[{"@type":"ReadAction","target":["https:\/\/www.shavei.org\/es\/campana-de-arroz\/"]}]},{"@type":"ImageObject","inLanguage":"es","@id":"https:\/\/www.shavei.org\/es\/campana-de-arroz\/#primaryimage","url":"https:\/\/www.shavei.org\/wp-content\/uploads\/2021\/07\/Rice-campaign-1-1.jpg","contentUrl":"https:\/\/www.shavei.org\/wp-content\/uploads\/2021\/07\/Rice-campaign-1-1.jpg","width":1600,"height":900},{"@type":"BreadcrumbList","@id":"https:\/\/www.shavei.org\/es\/campana-de-arroz\/#breadcrumb","itemListElement":[{"@type":"ListItem","position":1,"name":"Home","item":"https:\/\/www.shavei.org\/es\/"},{"@type":"ListItem","position":2,"name":"CAMPA\u00d1A DE ARROZ"}]},{"@type":"WebSite","@id":"https:\/\/www.shavei.org\/#website","url":"https:\/\/www.shavei.org\/","name":"Shavei Israel","description":"One nation, many faces. We help them all return.","publisher":{"@id":"https:\/\/www.shavei.org\/#organization"},"potentialAction":[{"@type":"SearchAction","target":{"@type":"EntryPoint","urlTemplate":"https:\/\/www.shavei.org\/?s={search_term_string}"},"query-input":{"@type":"PropertyValueSpecification","valueRequired":true,"valueName":"search_term_string"}}],"inLanguage":"es"},{"@type":"Organization","@id":"https:\/\/www.shavei.org\/#organization","name":"Shavei Israel","url":"https:\/\/www.shavei.org\/","logo":{"@type":"ImageObject","inLanguage":"es","@id":"https:\/\/www.shavei.org\/#\/schema\/logo\/image\/","url":"https:\/\/www.shavei.org\/wp-content\/uploads\/2017\/10\/shavei-logo.jpg","contentUrl":"https:\/\/www.shavei.org\/wp-content\/uploads\/2017\/10\/shavei-logo.jpg","width":300,"height":285,"caption":"Shavei Israel"},"image":{"@id":"https:\/\/www.shavei.org\/#\/schema\/logo\/image\/"}}]}},"campaignId":"","_links":{"self":[{"href":"https:\/\/www.shavei.org\/es\/wp-json\/wp\/v2\/pages\/99211","targetHints":{"allow":["GET"]}}],"collection":[{"href":"https:\/\/www.shavei.org\/es\/wp-json\/wp\/v2\/pages"}],"about":[{"href":"https:\/\/www.shavei.org\/es\/wp-json\/wp\/v2\/types\/page"}],"author":[{"embeddable":true,"href":"https:\/\/www.shavei.org\/es\/wp-json\/wp\/v2\/users\/7"}],"replies":[{"embeddable":true,"href":"https:\/\/www.shavei.org\/es\/wp-json\/wp\/v2\/comments?post=99211"}],"version-history":[{"count":5,"href":"https:\/\/www.shavei.org\/es\/wp-json\/wp\/v2\/pages\/99211\/revisions"}],"predecessor-version":[{"id":139920,"href":"https:\/\/www.shavei.org\/es\/wp-json\/wp\/v2\/pages\/99211\/revisions\/139920"}],"wp:featuredmedia":[{"embeddable":true,"href":"https:\/\/www.shavei.org\/es\/wp-json\/wp\/v2\/media\/139921"}],"wp:attachment":[{"href":"https:\/\/www.shavei.org\/es\/wp-json\/wp\/v2\/media?parent=99211"}],"curies":[{"name":"wp","href":"https:\/\/api.w.org\/{rel}","templated":true}]}}