{"id":81871,"date":"2018-11-19T16:09:52","date_gmt":"2018-11-19T14:09:52","guid":{"rendered":"https:\/\/www.shavei.org\/?page_id=81871"},"modified":"2018-11-19T16:09:52","modified_gmt":"2018-11-19T14:09:52","slug":"programas","status":"publish","type":"page","link":"https:\/\/www.shavei.org\/es\/programas\/","title":{"rendered":"Programas"},"content":{"rendered":"<h2 style=\"text-align: center;\">PR\u00d3XIMAS ACTIVIDADES<\/h2>\n<p style=\"text-align: center;\"><strong>Serie de Conferencias en el Centro Ma\u00b4ani<\/strong><\/p>\n<p>&nbsp;<\/p>\n<p>El Centro Ma&#8217;ani se complace en invitarlos a una serie de Conferencias que tendr\u00e1n lugar en el mismo, en las siguientes fechas:<\/p>\n<p>&nbsp;<\/p>\n<p><strong>17.05.18<\/strong> -11:00. La Herencia de los Bnei Menashe, proceso de aliya e Integracion al Estado de Israel, con\u00a0Avi Mizrahi &#8211; Director de aliyah de Bnei Menashe.<\/p>\n<p>&nbsp;<\/p>\n<p><strong>28.05.18<\/strong> -11:00. Bnei Anusim en el mundo, con Edith Blaustein &#8211; Vicepresidente de Shavei Israel.<\/p>\n<p>&nbsp;<\/p>\n<p><strong>04.06.18<\/strong> -11:00. \u00abJud\u00edos Incas\u00bb Historia de la Comunidad, con Rab Hanoch Avitzedek &#8211; Director del Departamento de Absorci\u00f3n de Inmigrantes y Bnei Menashe.<\/p>\n<p>&nbsp;<\/p>\n<p><strong>11.06.18<\/strong> -11:00. Desde el Muro de China hasta las Murallas de Jerusal\u00e9n: el fascinante viaje de los descendientes de China, con Eran Brazilai &#8211; Coordinador del Departamento de Kaifeng.<\/p>\n<p>&nbsp;<\/p>\n<p><strong>18.06.18<\/strong>-11:00. Jud\u00edos Subotniks: Su Historia y situaci\u00f3n actual con Dr. Velvel\u00a0 Chernin.<\/p>\n<p>&nbsp;<\/p>\n\n\t\t<style type=\"text\/css\">\n\t\t\t#gallery-1 {\n\t\t\t\tmargin: auto;\n\t\t\t}\n\t\t\t#gallery-1 .gallery-item {\n\t\t\t\tfloat: left;\n\t\t\t\tmargin-top: 10px;\n\t\t\t\ttext-align: center;\n\t\t\t\twidth: 20%;\n\t\t\t}\n\t\t\t#gallery-1 img {\n\t\t\t\tborder: 2px solid #cfcfcf;\n\t\t\t}\n\t\t\t#gallery-1 .gallery-caption {\n\t\t\t\tmargin-left: 0;\n\t\t\t}\n\t\t\t\/* see gallery_shortcode() in wp-includes\/media.php *\/\n\t\t<\/style>\n\t\t<div id='gallery-1' class='gallery galleryid-81871 gallery-columns-5 gallery-size-thumbnail'><dl class='gallery-item'>\n\t\t\t<dt class='gallery-icon landscape'>\n\t\t\t\t<a href='https:\/\/www.shavei.org\/es\/eng-%d7%94%d7%a8%d7%a6%d7%90%d7%94-%d7%9e%d7%95%d7%a8%d7%a9%d7%aa-%d7%91%d7%a0%d7%99-%d7%9e%d7%a0%d7%a9%d7%94\/'><img decoding=\"async\" width=\"150\" height=\"150\" src=\"https:\/\/www.shavei.org\/wp-content\/uploads\/2018\/06\/Eng-\u05d4\u05e8\u05e6\u05d0\u05d4-\u05de\u05d5\u05e8\u05e9\u05ea-\u05d1\u05e0\u05d9-\u05de\u05e0\u05e9\u05d4-150x150.png\" class=\"attachment-thumbnail size-thumbnail\" alt=\"\" srcset=\"https:\/\/www.shavei.org\/wp-content\/uploads\/2018\/06\/Eng-\u05d4\u05e8\u05e6\u05d0\u05d4-\u05de\u05d5\u05e8\u05e9\u05ea-\u05d1\u05e0\u05d9-\u05de\u05e0\u05e9\u05d4-150x150.png 150w, https:\/\/www.shavei.org\/wp-content\/uploads\/2018\/06\/Eng-\u05d4\u05e8\u05e6\u05d0\u05d4-\u05de\u05d5\u05e8\u05e9\u05ea-\u05d1\u05e0\u05d9-\u05de\u05e0\u05e9\u05d4-570x570.png 570w, https:\/\/www.shavei.org\/wp-content\/uploads\/2018\/06\/Eng-\u05d4\u05e8\u05e6\u05d0\u05d4-\u05de\u05d5\u05e8\u05e9\u05ea-\u05d1\u05e0\u05d9-\u05de\u05e0\u05e9\u05d4-500x500.png 500w\" sizes=\"(max-width: 150px) 100vw, 150px\" \/><\/a>\n\t\t\t<\/dt><\/dl><dl class='gallery-item'>\n\t\t\t<dt class='gallery-icon landscape'>\n\t\t\t\t<a href='https:\/\/www.shavei.org\/es\/whatsapp-image-2018-05-25-at-18-37-14\/'><img decoding=\"async\" width=\"150\" height=\"150\" src=\"https:\/\/www.shavei.org\/wp-content\/uploads\/2018\/06\/WhatsApp-Image-2018-05-25-at-18.37.14-150x150.jpeg\" class=\"attachment-thumbnail size-thumbnail\" alt=\"\" srcset=\"https:\/\/www.shavei.org\/wp-content\/uploads\/2018\/06\/WhatsApp-Image-2018-05-25-at-18.37.14-150x150.jpeg 150w, https:\/\/www.shavei.org\/wp-content\/uploads\/2018\/06\/WhatsApp-Image-2018-05-25-at-18.37.14-570x570.jpeg 570w, https:\/\/www.shavei.org\/wp-content\/uploads\/2018\/06\/WhatsApp-Image-2018-05-25-at-18.37.14-500x500.jpeg 500w\" sizes=\"(max-width: 150px) 100vw, 150px\" \/><\/a>\n\t\t\t<\/dt><\/dl><dl class='gallery-item'>\n\t\t\t<dt class='gallery-icon landscape'>\n\t\t\t\t<a href='https:\/\/www.shavei.org\/es\/incas\/'><img decoding=\"async\" width=\"150\" height=\"150\" src=\"https:\/\/www.shavei.org\/wp-content\/uploads\/2018\/06\/INCAS-150x150.jpg\" class=\"attachment-thumbnail size-thumbnail\" alt=\"\" srcset=\"https:\/\/www.shavei.org\/wp-content\/uploads\/2018\/06\/INCAS-150x150.jpg 150w, https:\/\/www.shavei.org\/wp-content\/uploads\/2018\/06\/INCAS-500x500.jpg 500w\" sizes=\"(max-width: 150px) 100vw, 150px\" \/><\/a>\n\t\t\t<\/dt><\/dl><dl class='gallery-item'>\n\t\t\t<dt class='gallery-icon landscape'>\n\t\t\t\t<a href='https:\/\/www.shavei.org\/es\/whatsapp-image-2018-06-05-at-14-02-22\/'><img decoding=\"async\" width=\"150\" height=\"150\" src=\"https:\/\/www.shavei.org\/wp-content\/uploads\/2018\/06\/WhatsApp-Image-2018-06-05-at-14.02.22-150x150.jpeg\" class=\"attachment-thumbnail size-thumbnail\" alt=\"\" srcset=\"https:\/\/www.shavei.org\/wp-content\/uploads\/2018\/06\/WhatsApp-Image-2018-06-05-at-14.02.22-150x150.jpeg 150w, https:\/\/www.shavei.org\/wp-content\/uploads\/2018\/06\/WhatsApp-Image-2018-06-05-at-14.02.22-570x570.jpeg 570w, https:\/\/www.shavei.org\/wp-content\/uploads\/2018\/06\/WhatsApp-Image-2018-06-05-at-14.02.22-600x597.jpeg 600w, https:\/\/www.shavei.org\/wp-content\/uploads\/2018\/06\/WhatsApp-Image-2018-06-05-at-14.02.22-500x500.jpeg 500w\" sizes=\"(max-width: 150px) 100vw, 150px\" \/><\/a>\n\t\t\t<\/dt><\/dl><dl class='gallery-item'>\n\t\t\t<dt class='gallery-icon landscape'>\n\t\t\t\t<a href='https:\/\/www.shavei.org\/es\/whatsapp-image-2018-06-13-at-10-31-19\/'><img decoding=\"async\" width=\"150\" height=\"150\" src=\"https:\/\/www.shavei.org\/wp-content\/uploads\/2018\/06\/WhatsApp-Image-2018-06-13-at-10.31.19-150x150.jpeg\" class=\"attachment-thumbnail size-thumbnail\" alt=\"\" \/><\/a>\n\t\t\t<\/dt><\/dl><br style=\"clear: both\" \/>\n\t\t<\/div>\n\n<p>&nbsp;<\/p>\n<h4><\/h4>\n<h4 style=\"text-align: center;\">Las Conferencias ser\u00e1n\u00a0en hebreo, en el Centro Ma&#8217;ani ,\u00a0 Am VeOlamo #3, Jerusal\u00e9n.<br \/>\nEl costo de cada conferencia: NIS 10, se servir\u00e1n refrigerios ligeros. Se requiere un n\u00famero m\u00ednimo de participantes.<br \/>\n<strong>Para detalles e inscripciones: 02-6256230 \u00f3 escribanos a: office@shavei.org<\/strong><\/h4>\n<p>&nbsp;<\/p>\n<p>&nbsp;<\/p>\n<p>&nbsp;<\/p>\n","protected":false},"excerpt":{"rendered":"<p>PR\u00d3XIMAS ACTIVIDADES Serie de Conferencias en el Centro Ma\u00b4ani &nbsp; El Centro Ma&#8217;ani se complace en invitarlos a una serie de Conferencias que tendr\u00e1n lugar en el mismo, en las siguientes fechas: &nbsp; 17.05.18 -11:00. La Herencia de los Bnei Menashe, proceso de aliya e&#8230;<\/p>\n","protected":false},"author":25,"featured_media":0,"parent":0,"menu_order":0,"comment_status":"closed","ping_status":"closed","template":"","meta":{"give_campaign_id":0,"_exactmetrics_skip_tracking":false,"_exactmetrics_sitenote_active":false,"_exactmetrics_sitenote_note":"","_exactmetrics_sitenote_category":0,"ngg_post_thumbnail":0,"footnotes":""},"class_list":["post-81871","page","type-page","status-publish","hentry"],"yoast_head":"<!-- This site is optimized with the Yoast SEO plugin v27.1.1 - https:\/\/yoast.com\/product\/yoast-seo-wordpress\/ -->\n<title>Programas - Shavei Israel<\/title>\n<meta name=\"robots\" content=\"index, follow, max-snippet:-1, max-image-preview:large, max-video-preview:-1\" \/>\n<link rel=\"canonical\" href=\"https:\/\/www.shavei.org\/es\/programas\/\" \/>\n<meta property=\"og:locale\" content=\"es_ES\" \/>\n<meta property=\"og:type\" content=\"article\" \/>\n<meta property=\"og:title\" content=\"Programas - Shavei Israel\" \/>\n<meta property=\"og:description\" content=\"PR\u00d3XIMAS ACTIVIDADES Serie de Conferencias en el Centro Ma\u00b4ani &nbsp; El Centro Ma&#8217;ani se complace en invitarlos a una serie de Conferencias que tendr\u00e1n lugar en el mismo, en las siguientes fechas: &nbsp; 17.05.18 -11:00. La Herencia de los Bnei Menashe, proceso de aliya e...\" \/>\n<meta property=\"og:url\" content=\"https:\/\/www.shavei.org\/es\/programas\/\" \/>\n<meta property=\"og:site_name\" content=\"Shavei Israel\" \/>\n<meta property=\"og:image\" content=\"https:\/\/www.shavei.org\/wp-content\/uploads\/2018\/06\/Eng-\u05d4\u05e8\u05e6\u05d0\u05d4-\u05de\u05d5\u05e8\u05e9\u05ea-\u05d1\u05e0\u05d9-\u05de\u05e0\u05e9\u05d4-150x150.png\" \/>\n<meta name=\"twitter:card\" content=\"summary_large_image\" \/>\n<meta name=\"twitter:label1\" content=\"Tiempo de lectura\" \/>\n\t<meta name=\"twitter:data1\" content=\"1 minuto\" \/>\n<script type=\"application\/ld+json\" class=\"yoast-schema-graph\">{\"@context\":\"https:\/\/schema.org\",\"@graph\":[{\"@type\":\"WebPage\",\"@id\":\"https:\/\/www.shavei.org\/es\/programas\/\",\"url\":\"https:\/\/www.shavei.org\/es\/programas\/\",\"name\":\"Programas - Shavei Israel\",\"isPartOf\":{\"@id\":\"https:\/\/www.shavei.org\/#website\"},\"datePublished\":\"2018-11-19T14:09:52+00:00\",\"breadcrumb\":{\"@id\":\"https:\/\/www.shavei.org\/es\/programas\/#breadcrumb\"},\"inLanguage\":\"es\",\"potentialAction\":[{\"@type\":\"ReadAction\",\"target\":[\"https:\/\/www.shavei.org\/es\/programas\/\"]}]},{\"@type\":\"BreadcrumbList\",\"@id\":\"https:\/\/www.shavei.org\/es\/programas\/#breadcrumb\",\"itemListElement\":[{\"@type\":\"ListItem\",\"position\":1,\"name\":\"Home\",\"item\":\"https:\/\/www.shavei.org\/es\/\"},{\"@type\":\"ListItem\",\"position\":2,\"name\":\"Programas\"}]},{\"@type\":\"WebSite\",\"@id\":\"https:\/\/www.shavei.org\/#website\",\"url\":\"https:\/\/www.shavei.org\/\",\"name\":\"Shavei Israel\",\"description\":\"One nation, many faces. We help them all return.\",\"publisher\":{\"@id\":\"https:\/\/www.shavei.org\/#organization\"},\"potentialAction\":[{\"@type\":\"SearchAction\",\"target\":{\"@type\":\"EntryPoint\",\"urlTemplate\":\"https:\/\/www.shavei.org\/?s={search_term_string}\"},\"query-input\":{\"@type\":\"PropertyValueSpecification\",\"valueRequired\":true,\"valueName\":\"search_term_string\"}}],\"inLanguage\":\"es\"},{\"@type\":\"Organization\",\"@id\":\"https:\/\/www.shavei.org\/#organization\",\"name\":\"Shavei Israel\",\"url\":\"https:\/\/www.shavei.org\/\",\"logo\":{\"@type\":\"ImageObject\",\"inLanguage\":\"es\",\"@id\":\"https:\/\/www.shavei.org\/#\/schema\/logo\/image\/\",\"url\":\"https:\/\/www.shavei.org\/wp-content\/uploads\/2017\/10\/shavei-logo.jpg\",\"contentUrl\":\"https:\/\/www.shavei.org\/wp-content\/uploads\/2017\/10\/shavei-logo.jpg\",\"width\":300,\"height\":285,\"caption\":\"Shavei Israel\"},\"image\":{\"@id\":\"https:\/\/www.shavei.org\/#\/schema\/logo\/image\/\"}}]}<\/script>\n<!-- \/ Yoast SEO plugin. -->","yoast_head_json":{"title":"Programas - Shavei Israel","robots":{"index":"index","follow":"follow","max-snippet":"max-snippet:-1","max-image-preview":"max-image-preview:large","max-video-preview":"max-video-preview:-1"},"canonical":"https:\/\/www.shavei.org\/es\/programas\/","og_locale":"es_ES","og_type":"article","og_title":"Programas - Shavei Israel","og_description":"PR\u00d3XIMAS ACTIVIDADES Serie de Conferencias en el Centro Ma\u00b4ani &nbsp; El Centro Ma&#8217;ani se complace en invitarlos a una serie de Conferencias que tendr\u00e1n lugar en el mismo, en las siguientes fechas: &nbsp; 17.05.18 -11:00. La Herencia de los Bnei Menashe, proceso de aliya e...","og_url":"https:\/\/www.shavei.org\/es\/programas\/","og_site_name":"Shavei Israel","og_image":[{"url":"https:\/\/www.shavei.org\/wp-content\/uploads\/2018\/06\/Eng-\u05d4\u05e8\u05e6\u05d0\u05d4-\u05de\u05d5\u05e8\u05e9\u05ea-\u05d1\u05e0\u05d9-\u05de\u05e0\u05e9\u05d4-150x150.png","type":"","width":"","height":""}],"twitter_card":"summary_large_image","twitter_misc":{"Tiempo de lectura":"1 minuto"},"schema":{"@context":"https:\/\/schema.org","@graph":[{"@type":"WebPage","@id":"https:\/\/www.shavei.org\/es\/programas\/","url":"https:\/\/www.shavei.org\/es\/programas\/","name":"Programas - Shavei Israel","isPartOf":{"@id":"https:\/\/www.shavei.org\/#website"},"datePublished":"2018-11-19T14:09:52+00:00","breadcrumb":{"@id":"https:\/\/www.shavei.org\/es\/programas\/#breadcrumb"},"inLanguage":"es","potentialAction":[{"@type":"ReadAction","target":["https:\/\/www.shavei.org\/es\/programas\/"]}]},{"@type":"BreadcrumbList","@id":"https:\/\/www.shavei.org\/es\/programas\/#breadcrumb","itemListElement":[{"@type":"ListItem","position":1,"name":"Home","item":"https:\/\/www.shavei.org\/es\/"},{"@type":"ListItem","position":2,"name":"Programas"}]},{"@type":"WebSite","@id":"https:\/\/www.shavei.org\/#website","url":"https:\/\/www.shavei.org\/","name":"Shavei Israel","description":"One nation, many faces. We help them all return.","publisher":{"@id":"https:\/\/www.shavei.org\/#organization"},"potentialAction":[{"@type":"SearchAction","target":{"@type":"EntryPoint","urlTemplate":"https:\/\/www.shavei.org\/?s={search_term_string}"},"query-input":{"@type":"PropertyValueSpecification","valueRequired":true,"valueName":"search_term_string"}}],"inLanguage":"es"},{"@type":"Organization","@id":"https:\/\/www.shavei.org\/#organization","name":"Shavei Israel","url":"https:\/\/www.shavei.org\/","logo":{"@type":"ImageObject","inLanguage":"es","@id":"https:\/\/www.shavei.org\/#\/schema\/logo\/image\/","url":"https:\/\/www.shavei.org\/wp-content\/uploads\/2017\/10\/shavei-logo.jpg","contentUrl":"https:\/\/www.shavei.org\/wp-content\/uploads\/2017\/10\/shavei-logo.jpg","width":300,"height":285,"caption":"Shavei Israel"},"image":{"@id":"https:\/\/www.shavei.org\/#\/schema\/logo\/image\/"}}]}},"campaignId":"","_links":{"self":[{"href":"https:\/\/www.shavei.org\/es\/wp-json\/wp\/v2\/pages\/81871","targetHints":{"allow":["GET"]}}],"collection":[{"href":"https:\/\/www.shavei.org\/es\/wp-json\/wp\/v2\/pages"}],"about":[{"href":"https:\/\/www.shavei.org\/es\/wp-json\/wp\/v2\/types\/page"}],"author":[{"embeddable":true,"href":"https:\/\/www.shavei.org\/es\/wp-json\/wp\/v2\/users\/25"}],"replies":[{"embeddable":true,"href":"https:\/\/www.shavei.org\/es\/wp-json\/wp\/v2\/comments?post=81871"}],"version-history":[{"count":1,"href":"https:\/\/www.shavei.org\/es\/wp-json\/wp\/v2\/pages\/81871\/revisions"}],"predecessor-version":[{"id":81873,"href":"https:\/\/www.shavei.org\/es\/wp-json\/wp\/v2\/pages\/81871\/revisions\/81873"}],"wp:attachment":[{"href":"https:\/\/www.shavei.org\/es\/wp-json\/wp\/v2\/media?parent=81871"}],"curies":[{"name":"wp","href":"https:\/\/api.w.org\/{rel}","templated":true}]}}