{"id":76241,"date":"2018-11-19T16:02:04","date_gmt":"2018-11-19T14:02:04","guid":{"rendered":"https:\/\/www.shavei.org\/?page_id=76241"},"modified":"2018-11-19T16:17:33","modified_gmt":"2018-11-19T14:17:33","slug":"centro-maani-2","status":"publish","type":"page","link":"https:\/\/www.shavei.org\/es\/centro-maani-2\/","title":{"rendered":"Centro Ma&#8217;ani"},"content":{"rendered":"<p>Centro Lema&#8217;ani es un centro que preserva la &#8216;herencia de los dispersos de Israel&#8217;.<\/p>\n<p>[vc_separator type=\u00bbtransparent\u00bb position=\u00bbcenter\u00bb up=\u00bb30&#8243; down=\u00bb0&#8243;]<\/p>\n<p>La organizaci\u00f3n Shavei Israel, \u00a0se puso como objetivo el acercar a los descendientes de Israel a la herencia de sus antepasados y al sionismo, y trabaja sin descanso para ayudar a las comunidades alrededor del mundo, desde los marranos en Espa\u00f1a, Portugal, Italia y Am\u00e9rica Latina, a trav\u00e9s de los Judios Escondidos de Polonia, contin\u00faa por los jud\u00edos Subotniks, de all\u00ed a los Judios de Kaifeng en China , y finaliza con Bnei Menash\u00e9 en la India.<\/p>\n<p>[vc_separator type=\u00bbtransparent\u00bb position=\u00bbcenter\u00bb up=\u00bb30&#8243; down=\u00bb0&#8243;]<\/p>\n<p>La organizaci\u00f3n apoya la herencia de las comunidades, y a su vez inculca la herencia jud\u00eda.<\/p>\n<p>[vc_separator type=\u00bbtransparent\u00bb position=\u00bbcenter\u00bb up=\u00bb30&#8243; down=\u00bb0&#8243;]<\/p>\n<p>Es, de hecho, la \u00fanica organizaci\u00f3n que promueve el patrimonio a los descendientes del pueblo de Israel, junto a la preservaci\u00f3n de la historia \u00fanica de cada comunidad, el fomento de las caracter\u00edsticas \u00e9tnicas como la lengua, la cultura, la ropa, la poes\u00eda y festejos o eventos especiales comunes en todas las comunidades.<\/p>\n<p>[vc_separator type=\u00bbtransparent\u00bb position=\u00bbcenter\u00bb up=\u00bb30&#8243; down=\u00bb0&#8243;]<\/p>\n<p>Debido a que se trata de acercar a los dispersos del pueblo de Israel, es no menos importante, inculcar la herencia Jud\u00eda de forma vivencial, mediante las fiestas, canciones, tradiciones, cultura y sionismo que la cultura Israel\u00ed tiene para ofrecer.<\/p>\n<p>[vc_separator type=\u00bbtransparent\u00bb position=\u00bbcenter\u00bb up=\u00bb30&#8243; down=\u00bb0&#8243;]<\/p>\n<p>El personal involucrado en esta actividad es altamente profesional y especialmente apto para trabajar con diferentes comunidades; La labor de ellos, es entre otras cosas, concientizar al p\u00fablico general acerca de las particularidades de cada comunidad, organizar eventos culturales que expongan el canto y la danza tradicional, brindar conferencias, y por otro lado, inculcar la herencia jud\u00eda a los miembros de la comunidad.<\/p>\n<p>[vc_separator type=\u00bbtransparent\u00bb position=\u00bbcenter\u00bb up=\u00bb30&#8243; down=\u00bb0&#8243;]<\/p>\n<p>El personal brinda conferencias en el centro Lema\u00bban\u00ed, a diferentes grupos israel\u00edes y extranjeros, tales como autoridades locales, estudiantes, jubilados, familias que acompa\u00f1an a los nuevos inmigrantes, grupos de Bnei Akiva, grupos del CENTRO OU, y grupos de turistas, y dem\u00e1s. Asimismo, se realizan lecciones semanales para los inmigrantes mismos, sobre las fiestas y la tradici\u00f3n del pueblo jud\u00edo.<\/p>\n<p>[vc_separator type=\u00bbtransparent\u00bb position=\u00bbcenter\u00bb up=\u00bb30&#8243; down=\u00bb0&#8243;]<\/p>\n<p>Adem\u00e1s de las conferencias, seminarios y eventos culturales, en estos d\u00edas, el centro Lema&#8217;an\u00ed compila y recoge documentos de archivo: testimonios, fotograf\u00edas \u00fanicas de Israel y el extranjero, ropa tradicional, la escritura de informaci\u00f3n y objetos que caracterizan a las comunidades en sus propios pa\u00edses.<\/p>\n<p>[vc_separator type=\u00bbtransparent\u00bb position=\u00bbcenter\u00bb up=\u00bb30&#8243; down=\u00bb0&#8243;]<\/p>\n<p>As\u00ed tambi\u00e9n, contamos con exposiciones permanentes y m\u00f3viles de algunas de las comunidades y publicamos boletines informativos de manera semanal, en los idiomas Mizo y Kuki, y estamos trabajando para publicar libros y estudios relacionados con estas comunidades con el fin de fomentar y fortalecer la cultura individual y comunitaria.<\/p>\n<p>[vc_separator type=\u00bbtransparent\u00bb position=\u00bbcenter\u00bb up=\u00bb30&#8243; down=\u00bb0&#8243;]<\/p>\n","protected":false},"excerpt":{"rendered":"<p>Centro Lema&#8217;ani es un centro que preserva la &#8216;herencia de los dispersos de Israel&#8217;. [vc_separator type=\u00bbtransparent\u00bb position=\u00bbcenter\u00bb up=\u00bb30&#8243; down=\u00bb0&#8243;] La organizaci\u00f3n Shavei Israel, \u00a0se puso como objetivo el acercar a los descendientes de Israel a la herencia de sus antepasados y al sionismo, y trabaja&#8230;<\/p>\n","protected":false},"author":7,"featured_media":0,"parent":0,"menu_order":0,"comment_status":"closed","ping_status":"closed","template":"","meta":{"give_campaign_id":0,"_exactmetrics_skip_tracking":false,"_exactmetrics_sitenote_active":false,"_exactmetrics_sitenote_note":"","_exactmetrics_sitenote_category":0,"ngg_post_thumbnail":0,"footnotes":""},"class_list":["post-76241","page","type-page","status-publish","hentry"],"yoast_head":"<!-- This site is optimized with the Yoast SEO plugin v27.1.1 - https:\/\/yoast.com\/product\/yoast-seo-wordpress\/ -->\n<title>Centro Ma&#039;ani - Shavei Israel<\/title>\n<meta name=\"robots\" content=\"index, follow, max-snippet:-1, max-image-preview:large, max-video-preview:-1\" \/>\n<link rel=\"canonical\" href=\"https:\/\/www.shavei.org\/es\/centro-maani-2\/\" \/>\n<meta property=\"og:locale\" content=\"es_ES\" \/>\n<meta property=\"og:type\" content=\"article\" \/>\n<meta property=\"og:title\" content=\"Centro Ma&#039;ani - Shavei Israel\" \/>\n<meta property=\"og:description\" content=\"Centro Lema&#8217;ani es un centro que preserva la &#8216;herencia de los dispersos de Israel&#8217;. [vc_separator type=\u00bbtransparent\u00bb position=\u00bbcenter\u00bb up=\u00bb30&#8243; down=\u00bb0&#8243;] La organizaci\u00f3n Shavei Israel, \u00a0se puso como objetivo el acercar a los descendientes de Israel a la herencia de sus antepasados y al sionismo, y trabaja...\" \/>\n<meta property=\"og:url\" content=\"https:\/\/www.shavei.org\/es\/centro-maani-2\/\" \/>\n<meta property=\"og:site_name\" content=\"Shavei Israel\" \/>\n<meta property=\"article:modified_time\" content=\"2018-11-19T14:17:33+00:00\" \/>\n<meta name=\"twitter:card\" content=\"summary_large_image\" \/>\n<meta name=\"twitter:label1\" content=\"Tiempo de lectura\" \/>\n\t<meta name=\"twitter:data1\" content=\"3 minutos\" \/>\n<script type=\"application\/ld+json\" class=\"yoast-schema-graph\">{\"@context\":\"https:\/\/schema.org\",\"@graph\":[{\"@type\":\"WebPage\",\"@id\":\"https:\/\/www.shavei.org\/es\/centro-maani-2\/\",\"url\":\"https:\/\/www.shavei.org\/es\/centro-maani-2\/\",\"name\":\"Centro Ma'ani - Shavei Israel\",\"isPartOf\":{\"@id\":\"https:\/\/www.shavei.org\/#website\"},\"datePublished\":\"2018-11-19T14:02:04+00:00\",\"dateModified\":\"2018-11-19T14:17:33+00:00\",\"breadcrumb\":{\"@id\":\"https:\/\/www.shavei.org\/es\/centro-maani-2\/#breadcrumb\"},\"inLanguage\":\"es\",\"potentialAction\":[{\"@type\":\"ReadAction\",\"target\":[\"https:\/\/www.shavei.org\/es\/centro-maani-2\/\"]}]},{\"@type\":\"BreadcrumbList\",\"@id\":\"https:\/\/www.shavei.org\/es\/centro-maani-2\/#breadcrumb\",\"itemListElement\":[{\"@type\":\"ListItem\",\"position\":1,\"name\":\"Home\",\"item\":\"https:\/\/www.shavei.org\/es\/\"},{\"@type\":\"ListItem\",\"position\":2,\"name\":\"Centro Ma&#8217;ani\"}]},{\"@type\":\"WebSite\",\"@id\":\"https:\/\/www.shavei.org\/#website\",\"url\":\"https:\/\/www.shavei.org\/\",\"name\":\"Shavei Israel\",\"description\":\"One nation, many faces. We help them all return.\",\"publisher\":{\"@id\":\"https:\/\/www.shavei.org\/#organization\"},\"potentialAction\":[{\"@type\":\"SearchAction\",\"target\":{\"@type\":\"EntryPoint\",\"urlTemplate\":\"https:\/\/www.shavei.org\/?s={search_term_string}\"},\"query-input\":{\"@type\":\"PropertyValueSpecification\",\"valueRequired\":true,\"valueName\":\"search_term_string\"}}],\"inLanguage\":\"es\"},{\"@type\":\"Organization\",\"@id\":\"https:\/\/www.shavei.org\/#organization\",\"name\":\"Shavei Israel\",\"url\":\"https:\/\/www.shavei.org\/\",\"logo\":{\"@type\":\"ImageObject\",\"inLanguage\":\"es\",\"@id\":\"https:\/\/www.shavei.org\/#\/schema\/logo\/image\/\",\"url\":\"https:\/\/www.shavei.org\/wp-content\/uploads\/2017\/10\/shavei-logo.jpg\",\"contentUrl\":\"https:\/\/www.shavei.org\/wp-content\/uploads\/2017\/10\/shavei-logo.jpg\",\"width\":300,\"height\":285,\"caption\":\"Shavei Israel\"},\"image\":{\"@id\":\"https:\/\/www.shavei.org\/#\/schema\/logo\/image\/\"}}]}<\/script>\n<!-- \/ Yoast SEO plugin. -->","yoast_head_json":{"title":"Centro Ma'ani - Shavei Israel","robots":{"index":"index","follow":"follow","max-snippet":"max-snippet:-1","max-image-preview":"max-image-preview:large","max-video-preview":"max-video-preview:-1"},"canonical":"https:\/\/www.shavei.org\/es\/centro-maani-2\/","og_locale":"es_ES","og_type":"article","og_title":"Centro Ma'ani - Shavei Israel","og_description":"Centro Lema&#8217;ani es un centro que preserva la &#8216;herencia de los dispersos de Israel&#8217;. [vc_separator type=\u00bbtransparent\u00bb position=\u00bbcenter\u00bb up=\u00bb30&#8243; down=\u00bb0&#8243;] La organizaci\u00f3n Shavei Israel, \u00a0se puso como objetivo el acercar a los descendientes de Israel a la herencia de sus antepasados y al sionismo, y trabaja...","og_url":"https:\/\/www.shavei.org\/es\/centro-maani-2\/","og_site_name":"Shavei Israel","article_modified_time":"2018-11-19T14:17:33+00:00","twitter_card":"summary_large_image","twitter_misc":{"Tiempo de lectura":"3 minutos"},"schema":{"@context":"https:\/\/schema.org","@graph":[{"@type":"WebPage","@id":"https:\/\/www.shavei.org\/es\/centro-maani-2\/","url":"https:\/\/www.shavei.org\/es\/centro-maani-2\/","name":"Centro Ma'ani - Shavei Israel","isPartOf":{"@id":"https:\/\/www.shavei.org\/#website"},"datePublished":"2018-11-19T14:02:04+00:00","dateModified":"2018-11-19T14:17:33+00:00","breadcrumb":{"@id":"https:\/\/www.shavei.org\/es\/centro-maani-2\/#breadcrumb"},"inLanguage":"es","potentialAction":[{"@type":"ReadAction","target":["https:\/\/www.shavei.org\/es\/centro-maani-2\/"]}]},{"@type":"BreadcrumbList","@id":"https:\/\/www.shavei.org\/es\/centro-maani-2\/#breadcrumb","itemListElement":[{"@type":"ListItem","position":1,"name":"Home","item":"https:\/\/www.shavei.org\/es\/"},{"@type":"ListItem","position":2,"name":"Centro Ma&#8217;ani"}]},{"@type":"WebSite","@id":"https:\/\/www.shavei.org\/#website","url":"https:\/\/www.shavei.org\/","name":"Shavei Israel","description":"One nation, many faces. We help them all return.","publisher":{"@id":"https:\/\/www.shavei.org\/#organization"},"potentialAction":[{"@type":"SearchAction","target":{"@type":"EntryPoint","urlTemplate":"https:\/\/www.shavei.org\/?s={search_term_string}"},"query-input":{"@type":"PropertyValueSpecification","valueRequired":true,"valueName":"search_term_string"}}],"inLanguage":"es"},{"@type":"Organization","@id":"https:\/\/www.shavei.org\/#organization","name":"Shavei Israel","url":"https:\/\/www.shavei.org\/","logo":{"@type":"ImageObject","inLanguage":"es","@id":"https:\/\/www.shavei.org\/#\/schema\/logo\/image\/","url":"https:\/\/www.shavei.org\/wp-content\/uploads\/2017\/10\/shavei-logo.jpg","contentUrl":"https:\/\/www.shavei.org\/wp-content\/uploads\/2017\/10\/shavei-logo.jpg","width":300,"height":285,"caption":"Shavei Israel"},"image":{"@id":"https:\/\/www.shavei.org\/#\/schema\/logo\/image\/"}}]}},"campaignId":"","_links":{"self":[{"href":"https:\/\/www.shavei.org\/es\/wp-json\/wp\/v2\/pages\/76241","targetHints":{"allow":["GET"]}}],"collection":[{"href":"https:\/\/www.shavei.org\/es\/wp-json\/wp\/v2\/pages"}],"about":[{"href":"https:\/\/www.shavei.org\/es\/wp-json\/wp\/v2\/types\/page"}],"author":[{"embeddable":true,"href":"https:\/\/www.shavei.org\/es\/wp-json\/wp\/v2\/users\/7"}],"replies":[{"embeddable":true,"href":"https:\/\/www.shavei.org\/es\/wp-json\/wp\/v2\/comments?post=76241"}],"version-history":[{"count":3,"href":"https:\/\/www.shavei.org\/es\/wp-json\/wp\/v2\/pages\/76241\/revisions"}],"predecessor-version":[{"id":81876,"href":"https:\/\/www.shavei.org\/es\/wp-json\/wp\/v2\/pages\/76241\/revisions\/81876"}],"wp:attachment":[{"href":"https:\/\/www.shavei.org\/es\/wp-json\/wp\/v2\/media?parent=76241"}],"curies":[{"name":"wp","href":"https:\/\/api.w.org\/{rel}","templated":true}]}}