{"id":58380,"date":"2017-12-04T11:44:57","date_gmt":"2017-12-04T09:44:57","guid":{"rendered":"https:\/\/www.shavei.org\/ayude-a-una-victima-del-terror-de-bnei-menashe-padre-de-6\/"},"modified":"2017-12-05T10:05:07","modified_gmt":"2017-12-05T08:05:07","slug":"ayude-a-una-victima-del-terror-de-bnei-menashe-padre-de-6","status":"publish","type":"page","link":"https:\/\/www.shavei.org\/es\/ayude-a-una-victima-del-terror-de-bnei-menashe-padre-de-6\/","title":{"rendered":""},"content":{"rendered":"<p>[vc_separator type=\u00bbtransparent\u00bb position=\u00bbcenter\u00bb up=\u00bb4&#8243; down=\u00bb0&#8243;][vc_separator type=\u00bbtransparent\u00bb position=\u00bbcenter\u00bb up=\u00bb4&#8243; down=\u00bb0&#8243;][vc_separator type=\u00bbtransparent\u00bb position=\u00bbcenter\u00bb up=\u00bb4&#8243; down=\u00bb0&#8243;][vc_separator type=\u00bbtransparent\u00bb position=\u00bbcenter\u00bb up=\u00bb4&#8243; down=\u00bb0&#8243;][vc_separator type=\u00bbtransparent\u00bb position=\u00bbcenter\u00bb up=\u00bb4&#8243; down=\u00bb0&#8243;][vc_separator type=\u00bbtransparent\u00bb position=\u00bbcenter\u00bb up=\u00bb4&#8243; down=\u00bb0&#8243;][vc_separator type=\u00bbtransparent\u00bb position=\u00bbcenter\u00bb up=\u00bb75&#8243; down=\u00bb0&#8243;]<br \/>\n[vc_separator type=\u00bbtransparent\u00bb position=\u00bbcenter\u00bb up=\u00bb4&#8243; down=\u00bb0&#8243;]<\/p>\n<p><img decoding=\"async\" class=\"alignleft wp-image-56348 size-medium\" src=\"https:\/\/www.shavei.org\/wp-content\/uploads\/2017\/11\/Even-Ezer-2-244x300.jpg\" alt=\"\" width=\"244\" height=\"300\" srcset=\"https:\/\/www.shavei.org\/wp-content\/uploads\/2017\/11\/Even-Ezer-2-244x300.jpg 244w, https:\/\/www.shavei.org\/wp-content\/uploads\/2017\/11\/Even-Ezer-2-700x862.jpg 700w, https:\/\/www.shavei.org\/wp-content\/uploads\/2017\/11\/Even-Ezer-2.jpg 715w\" sizes=\"(max-width: 244px) 100vw, 244px\" \/><\/p>\n<h2>AYUDE A UNA V\u00cdCTIMA DEL TERROR DE BNEI MENASH\u00c9 \/ PADRE DE 6<\/h2>\n<p>[vc_separator type=\u00bbtransparent\u00bb position=\u00bbcenter\u00bb up=\u00bb4&#8243; down=\u00bb0&#8243;]<\/p>\n<p>Even Ezer Holaring, de 35 a\u00f1os, casado y padre de seis hijos, result\u00f3 gravemente herido cuando un terrorista palestino de 17 a\u00f1os lo pis\u00f3 con su autom\u00f3vil en Gush Etzi\u00f3n. Holaring, un miembro de la comunidad de Bnei Menash\u00e9, hizo ali\u00e1 en el 2006, cuando Shavei Israel lo trajo a \u00e9l y su familia a Israel. \u00c9l y su esposa son amados empleados de las escuelas locales en Gush Etzi\u00f3n.<\/p>\n<p>[vc_separator type=\u00bbtransparent\u00bb position=\u00bbcenter\u00bb up=\u00bb4&#8243; down=\u00bb0&#8243;]<br \/>\nEven Ezer permanece en coma, con su familia a su lado, despu\u00e9s de someterse a varias cirug\u00edas. Est\u00e1 previsto que su hijo mayor tenga su Bar Mitzv\u00e1 en solo tres meses.<\/p>\n<p>[vc_separator type=\u00bbtransparent\u00bb position=\u00bbcenter\u00bb up=\u00bb4&#8243; down=\u00bb0&#8243;]<\/p>\n<p>Shavei Israel y la Fundaci\u00f3n Gush Etzi\u00f3n se han unido para asegurar que las necesidades familiares diarias de Holaring se satisfagan durante este momento sumamente dif\u00edcil.<\/p>\n<p>[vc_separator type=\u00bbtransparent\u00bb position=\u00bbcenter\u00bb up=\u00bb4&#8243; down=\u00bb0&#8243;]<br \/>\nT\u00f3mese un momento para considerar lo que est\u00e1 atravesando la familia Holaring. Despu\u00e9s de esperar toda su vida para hacer ali\u00e1 y criar a sus hijos en Israel, su esposa ahora se enfrenta a desaf\u00edos insondables respecto a la incertidumbre sobre la salud de su esposo, mientras se encuentra agobiada por todas las responsabilidades en su hogar y con sus ni\u00f1os peque\u00f1os.<\/p>\n<p>[vc_separator type=\u00bbtransparent\u00bb position=\u00bbcenter\u00bb up=\u00bb4&#8243; down=\u00bb0&#8243;]<br \/>\nNecesitamos intensificar y hacer todo lo que podamos para ayudar a esta familia a mantener cierta apariencia de normalidad.<\/p>\n<p>[vc_separator type=\u00bbtransparent\u00bb position=\u00bbcenter\u00bb up=\u00bb4&#8243; down=\u00bb0&#8243;]<br \/>\n<strong>Por favor done generosamente.<\/strong><\/p>\n<p>&nbsp;<\/p>\n<h4>\t<div id=\"give-form-48303-wrap\" class=\"give-form-wrap give-display-reveal give-recurring-form-wrap give-recurring-form-donor\">\n\t\t\t\t\t<form id=\"give-form-48303-1\" class=\"give-form give-form-48303 give-form-type-multi give-recurring-form\" action=\"https:\/\/www.shavei.org\/es\/wp-json\/wp\/v2\/pages\/58380\/?payment-mode=paypal&form-id=48303\" data-id=\"48303-1\" data-currency_symbol=\"&#36;\" data-currency_code=\"USD\" data-currency_position=\"before\" data-thousands_separator=\",\" data-decimal_separator=\".\" data-number_decimals=\"2\" data-publishable-key=\"pk_live_SMtnnvlq4TpJelMdklNha8iD\" data-account=\"acct_1GT1XSIgvr1FvsuR\" method=\"post\">\n\t\t\t\t<!-- The following field is for robots only, invisible to humans: -->\n\t\t\t\t<span class=\"give-hidden\" style=\"display: none !important;\">\n\t\t\t\t\t<label for=\"give-form-honeypot-48303\"><\/label>\n\t\t\t\t\t<input id=\"give-form-honeypot-48303\" type=\"text\" name=\"give-honeypot\"\n\t\t\t\t\t\t   class=\"give-honeypot give-hidden\"\/>\n\t\t\t\t<\/span>\n\n\t\t\t\t\t<input type=\"hidden\" name=\"give-form-id-prefix\" value=\"48303-1\"\/>\n\t<input type=\"hidden\" name=\"give-form-id\" value=\"48303\"\/>\n\t<input type=\"hidden\" name=\"give-form-title\" value=\"Support Form\"\/>\n\t<input type=\"hidden\" name=\"give-current-url\" value=\"https:\/\/www.shavei.org\/es\/wp-json\/wp\/v2\/pages\/58380\/\"\/>\n\t<input type=\"hidden\" name=\"give-form-url\" value=\"https:\/\/www.shavei.org\/es\/wp-json\/wp\/v2\/pages\/58380\/\"\/>\n\t\t\t<input type=\"hidden\" name=\"give-form-minimum\"\n\t\t\t   value=\"1.00\"\/>\n\t\t<input type=\"hidden\" name=\"give-form-maximum\"\n\t\t\t   value=\"999999.99\"\/>\n\t\t<input type=\"hidden\"  name=\"give-form-hash\" value=\"377872fc50\" data-time=\"1776588989\" data-nonce-life=\"86400\" data-donor-session=\"0\"\/><input type=\"hidden\" name=\"give-price-id\" value=\"0\"\/>\t<input type=\"hidden\" name=\"give-recurring-logged-in-only\"\n\t\t   class=\"give-recurring-logged-in-only\"\n\t\t   value=\"\"\/>\n\n\t<input type=\"hidden\" name=\"give-logged-in-only\"\n\t\t   class=\"give-logged-in-only\"\n\t\t   value=\"1\"\/>\n<input\n\t\t\t\t\ttype=\"hidden\"\n\t\t\t\t\tname=\"_give_is_donation_recurring\"\n\t\t\t\t\tclass=\"_give_is_donation_recurring\"\n\t\t\t\t\tid=\"_give_is_donation_recurring\"\n\t\t\t\t\tvalue=\"0\"\n\t\t\t\t\tdata-_give_recurring=\"yes_donor\"\n\t\t\t\t\tdata-_give_checkbox_default=\"no\"\n                    data-_give_price_option=\"\"\n                \/><input\n\t\t\t\t\ttype=\"hidden\"\n\t\t\t\t\tname=\"give_recurring_donation_details\"\n\t\t\t\t\tclass=\"give_recurring_donation_details\"\n\t\t\t\t\tid=\"give_recurring_donation_details\"\n\t\t\t\t\tvalue=\"{&quot;give_recurring_option&quot;:&quot;yes_donor&quot;}\"\n                \/>\t\t<div class=\"give-total-wrap\">\n\t\t\t<div class=\"give-donation-amount form-row-wide\">\n\t\t\t\t<span class=\"give-currency-symbol give-currency-position-before\">&#036;<\/span>\t\t\t\t<label class=\"give-hidden\" for=\"give-amount\">Cantidad a donar:<\/label>\n\t\t\t\t<input class=\"give-text-input give-amount-top\" id=\"give-amount\" name=\"give-amount\" type=\"text\" inputmode=\"decimal\"\n\t\t\t\t\t   placeholder=\"\" value=\"25.00\" autocomplete=\"off\">\n\t\t\t\t\t\t\t<\/div>\n\t\t<\/div>\n\t\t<ul id=\"give-donation-level-button-wrap\" class=\"give-donation-levels-wrap give-list-inline\"><li><button type=\"button\" data-price-id=\"0\" class=\"give-donation-level-btn give-btn give-btn-level-0 give-default-level\" value=\"25.00\" data-default=\"1\">&#036;25.00<\/button><\/li><li><button type=\"button\" data-price-id=\"1\" class=\"give-donation-level-btn give-btn give-btn-level-1 \" value=\"36.00\" data-default=\"0\">&#036;36.00<\/button><\/li><li><button type=\"button\" data-price-id=\"2\" class=\"give-donation-level-btn give-btn give-btn-level-2 \" value=\"100.00\" data-default=\"0\">&#036;100.00<\/button><\/li><li><button type=\"button\" data-price-id=\"3\" class=\"give-donation-level-btn give-btn give-btn-level-3 \" value=\"200.00\" data-default=\"0\">&#036;200.00<\/button><\/li><li><button type=\"button\" data-price-id=\"4\" class=\"give-donation-level-btn give-btn give-btn-level-4 \" value=\"500.00\" data-default=\"0\">&#036;500.00<\/button><\/li><li><button type=\"button\" data-price-id=\"5\" class=\"give-donation-level-btn give-btn give-btn-level-5 \" value=\"1,000.00\" data-default=\"0\">&#036;1,000.00<\/button><\/li><li><button type=\"button\" data-price-id=\"custom\" class=\"give-donation-level-btn give-btn give-btn-level-custom\" value=\"custom\">Custom Amount<\/button><\/li><\/ul>\t<div class=\"give-recurring-donors-choice\">\n\t\t<input id=\"give-admin_choice-48303\" class=\"give-recurring-period\" name=\"give-recurring-period\" type=\"checkbox\" data-period-label=\"Monthly\" data-period=\"month\" data-interval=\"1\"  \/> <label for=\"give-admin_choice-48303\">Make this donation monthly<\/label>\t<\/div>\n\t<button type=\"button\" class=\"give-btn give-btn-reveal\">Donar ahora<\/button><input id=\"give-stripe-payment-method-48303-1\" type=\"hidden\" name=\"give_stripe_payment_method\" value=\"\">\n\t<fieldset id=\"give-payment-mode-select\">\n\t\t\t\t<legend\n\t\t\tclass=\"give-payment-mode-label\">Seleccionar el m\u00e9todo de pago\t\t\t<span class=\"give-loading-text\"><span\n\t\t\t\t\tclass=\"give-loading-animation\"><\/span>\n\t\t\t<\/span>\n\t\t<\/legend>\n\n\t\t<div id=\"give-payment-mode-wrap\">\n\t\t\t\t\t\t<ul id=\"give-gateway-radio-list\">\n\t\t\t\t\t\t\t\t\t\t<li class=\"give-gateway-option-selected\">\n\t\t\t\t\t\t\t<input type=\"radio\" name=\"payment-mode\" class=\"give-gateway\"\n\t\t\t\t\t\t\t\t   id=\"give-gateway-paypal-48303-1\"\n\t\t\t\t\t\t\t\t   value=\"paypal\" checked='checked'>\n\t\t\t\t\t\t\t<label for=\"give-gateway-paypal-48303-1\"\n\t\t\t\t\t\t\t\t   class=\"give-gateway-option\"\n\t\t\t\t\t\t\t\t   id=\"give-gateway-option-paypal\"> PayPal<\/label>\n\t\t\t\t\t\t<\/li>\n\t\t\t\t\t\t\t\t\t\t\t\t<li>\n\t\t\t\t\t\t\t<input type=\"radio\" name=\"payment-mode\" class=\"give-gateway\"\n\t\t\t\t\t\t\t\t   id=\"give-gateway-stripe-48303-1\"\n\t\t\t\t\t\t\t\t   value=\"stripe\">\n\t\t\t\t\t\t\t<label for=\"give-gateway-stripe-48303-1\"\n\t\t\t\t\t\t\t\t   class=\"give-gateway-option\"\n\t\t\t\t\t\t\t\t   id=\"give-gateway-option-stripe\"> Stripe: tarjeta de cr\u00e9dito<\/label>\n\t\t\t\t\t\t<\/li>\n\t\t\t\t\t\t\t\t\t<\/ul>\n\t\t\t\t\t<\/div>\n\t\t\t<\/fieldset>\n\n\t\n\t<div id=\"give_purchase_form_wrap\">\n\n\t\t\t<fieldset id=\"give_checkout_user_info\" class=\"\">\n\t\t<legend>\n\t\t\tInformaci\u00f3n personal\t\t<\/legend>\n\n\t\t\n        <p id=\"give-first-name-wrap\" class=\"form-row form-row-first form-row-responsive\">\n            <label class=\"give-label\" for=\"give-first\">\n                Nombre                                    <span class=\"give-required-indicator\">*<\/span>\n                                <span class=\"give-tooltip hint--top hint--medium hint--bounce\" aria-label=\"El nombre se usa para personalizar tu registro de donaci\u00f3n.\" rel=\"tooltip\"><i class=\"give-icon give-icon-question\"><\/i><\/span>            <\/label>\n            <input\n                class=\"give-input required\"\n                type=\"text\"\n                name=\"give_first\"\n                autocomplete=\"given-name\"\n                placeholder=\"Nombre\"\n                id=\"give-first\"\n                value=\"\"\n                 required aria-required=\"true\"             \/>\n        <\/p>\n\n        <p id=\"give-last-name-wrap\" class=\"form-row form-row-last form-row-responsive\">\n            <label class=\"give-label\" for=\"give-last\">\n                Apellidos                                <span class=\"give-tooltip hint--top hint--medium hint--bounce\" aria-label=\"Los apellidos se usan para personalizar tu registro de donaci\u00f3n.\" rel=\"tooltip\"><i class=\"give-icon give-icon-question\"><\/i><\/span>            <\/label>\n\n            <input\n                class=\"give-input\"\n                type=\"text\"\n                name=\"give_last\"\n                autocomplete=\"family-name\"\n                id=\"give-last\"\n                placeholder=\"Apellidos\"\n                value=\"\"\n                            \/>\n        <\/p>\n\n        \n                <p id=\"give-email-wrap\" class=\"form-row form-row-wide\">\n            <label class=\"give-label\" for=\"give-email\">\n                Direcci\u00f3n de correo electr\u00f3nico                                    <span class=\"give-required-indicator\">*<\/span>\n                                    <span class=\"give-tooltip hint--top hint--medium hint--bounce\" aria-label=\"Enviaremos el recibo de la donaci\u00f3n a esta direcci\u00f3n.\" rel=\"tooltip\"><i class=\"give-icon give-icon-question\"><\/i><\/span>            <\/label>\n            <input\n                class=\"give-input required\"\n                type=\"email\"\n                name=\"give_email\"\n                autocomplete=\"email\"\n                placeholder=\"Direcci\u00f3n de correo electr\u00f3nico\"\n                id=\"give-email\"\n                value=\"\"\n                 required aria-required=\"true\"             \/>\n\n        <\/p>\n\n        \n\t\t\t\t\t<\/fieldset>\n\t<div id=\"give-stripe-payment-errors-48303-1\"><\/div><div id=\"give-square-payment-errors-48303-1\"><\/div>\t<fieldset id=\"give_purchase_submit\" class=\"give-donation-submit\">\n\t\t\t\t<div style=\"margin-top: 1rem;\" id=\"give-recaptcha-element\" class=\"g-recaptcha\" data-sitekey=\"6LfUAQkjAAAAAOPyAlH5_wTKzTgFC5EfFa9PFndI\"><\/div>\n\t\t\t<p id=\"give-final-total-wrap\" class=\"form-wrap \">\n\t\t\t\t<span class=\"give-donation-total-label\">\n\t\t\tTotal de la donaci\u00f3n:\t\t<\/span>\n\t\t<span class=\"give-final-total-amount\"\n\t\t\t  data-total=\"25.00\">\n\t\t\t&#36;25.00\t\t<\/span>\n\t\t<span id=\"give-recurring-modal-period-wrap\" class=\"give-hidden\"><span id=\"give-recurring-modal-period\">One Time<\/span><\/span>\t<\/p>\n\t\t<input type=\"hidden\" name=\"give_action\" value=\"purchase\"\/>\n\t<input type=\"hidden\" name=\"give-gateway\" value=\"paypal\"\/>\n\t\t<div class=\"give-submit-button-wrap give-clearfix\">\n\t\t<input type=\"submit\" class=\"give-submit give-btn\" id=\"give-purchase-button\" name=\"give-purchase\"\n\t\t\t   value=\"Donate Now\" data-before-validation-label=\"Donate Now\"\/>\n\t\t<span class=\"give-loading-animation\"><\/span>\n\t<\/div>\n\t\t<\/fieldset>\n\t\n\t<\/div>\n\n\t<input type=\"text\" name=\"fSpL8\" value=\"\" style=\"display: none !important;\" \/>\t\t\t<\/form>\n\n\t\t\t\n\t<\/div><!--end #give-form-48303-->\n\t<\/h4>\n<p>&nbsp;<\/p>\n","protected":false},"excerpt":{"rendered":"<p>[vc_separator type=\u00bbtransparent\u00bb position=\u00bbcenter\u00bb up=\u00bb4&#8243; down=\u00bb0&#8243;][vc_separator type=\u00bbtransparent\u00bb position=\u00bbcenter\u00bb up=\u00bb4&#8243; down=\u00bb0&#8243;][vc_separator type=\u00bbtransparent\u00bb position=\u00bbcenter\u00bb up=\u00bb4&#8243; down=\u00bb0&#8243;][vc_separator type=\u00bbtransparent\u00bb position=\u00bbcenter\u00bb up=\u00bb4&#8243; down=\u00bb0&#8243;][vc_separator type=\u00bbtransparent\u00bb position=\u00bbcenter\u00bb up=\u00bb4&#8243; down=\u00bb0&#8243;][vc_separator type=\u00bbtransparent\u00bb position=\u00bbcenter\u00bb up=\u00bb4&#8243; down=\u00bb0&#8243;][vc_separator type=\u00bbtransparent\u00bb position=\u00bbcenter\u00bb up=\u00bb75&#8243; down=\u00bb0&#8243;] [vc_separator type=\u00bbtransparent\u00bb position=\u00bbcenter\u00bb up=\u00bb4&#8243; down=\u00bb0&#8243;] AYUDE A UNA V\u00cdCTIMA DEL TERROR DE BNEI MENASH\u00c9 \/ PADRE&#8230;<\/p>\n","protected":false},"author":7,"featured_media":56355,"parent":0,"menu_order":0,"comment_status":"closed","ping_status":"closed","template":"","meta":{"give_campaign_id":0,"_exactmetrics_skip_tracking":false,"_exactmetrics_sitenote_active":false,"_exactmetrics_sitenote_note":"","_exactmetrics_sitenote_category":0,"ngg_post_thumbnail":0,"footnotes":""},"class_list":["post-58380","page","type-page","status-publish","has-post-thumbnail","hentry"],"yoast_head":"<!-- This site is optimized with the Yoast SEO plugin v27.1.1 - https:\/\/yoast.com\/product\/yoast-seo-wordpress\/ -->\n<title>- Shavei Israel<\/title>\n<meta name=\"robots\" content=\"index, follow, max-snippet:-1, max-image-preview:large, max-video-preview:-1\" \/>\n<link rel=\"canonical\" href=\"https:\/\/www.shavei.org\/es\/ayude-a-una-victima-del-terror-de-bnei-menashe-padre-de-6\/\" \/>\n<meta property=\"og:locale\" content=\"es_ES\" \/>\n<meta property=\"og:type\" content=\"article\" \/>\n<meta property=\"og:title\" content=\"- Shavei Israel\" \/>\n<meta property=\"og:description\" content=\"[vc_separator type=\u00bbtransparent\u00bb position=\u00bbcenter\u00bb up=\u00bb4&#8243; down=\u00bb0&#8243;][vc_separator type=\u00bbtransparent\u00bb position=\u00bbcenter\u00bb up=\u00bb4&#8243; down=\u00bb0&#8243;][vc_separator type=\u00bbtransparent\u00bb position=\u00bbcenter\u00bb up=\u00bb4&#8243; down=\u00bb0&#8243;][vc_separator type=\u00bbtransparent\u00bb position=\u00bbcenter\u00bb up=\u00bb4&#8243; down=\u00bb0&#8243;][vc_separator type=\u00bbtransparent\u00bb position=\u00bbcenter\u00bb up=\u00bb4&#8243; down=\u00bb0&#8243;][vc_separator type=\u00bbtransparent\u00bb position=\u00bbcenter\u00bb up=\u00bb4&#8243; down=\u00bb0&#8243;][vc_separator type=\u00bbtransparent\u00bb position=\u00bbcenter\u00bb up=\u00bb75&#8243; down=\u00bb0&#8243;] [vc_separator type=\u00bbtransparent\u00bb position=\u00bbcenter\u00bb up=\u00bb4&#8243; down=\u00bb0&#8243;] AYUDE A UNA V\u00cdCTIMA DEL TERROR DE BNEI MENASH\u00c9 \/ PADRE...\" \/>\n<meta property=\"og:url\" content=\"https:\/\/www.shavei.org\/es\/ayude-a-una-victima-del-terror-de-bnei-menashe-padre-de-6\/\" \/>\n<meta property=\"og:site_name\" content=\"Shavei Israel\" \/>\n<meta property=\"article:modified_time\" content=\"2017-12-05T08:05:07+00:00\" \/>\n<meta property=\"og:image\" content=\"https:\/\/www.shavei.org\/wp-content\/uploads\/2017\/11\/Even-Ezer-2.jpg\" \/>\n\t<meta property=\"og:image:width\" content=\"715\" \/>\n\t<meta property=\"og:image:height\" content=\"880\" \/>\n\t<meta property=\"og:image:type\" content=\"image\/jpeg\" \/>\n<meta name=\"twitter:card\" content=\"summary_large_image\" \/>\n<meta name=\"twitter:label1\" content=\"Tiempo de lectura\" \/>\n\t<meta name=\"twitter:data1\" content=\"2 minutos\" \/>\n<script type=\"application\/ld+json\" class=\"yoast-schema-graph\">{\"@context\":\"https:\/\/schema.org\",\"@graph\":[{\"@type\":\"WebPage\",\"@id\":\"https:\/\/www.shavei.org\/es\/ayude-a-una-victima-del-terror-de-bnei-menashe-padre-de-6\/\",\"url\":\"https:\/\/www.shavei.org\/es\/ayude-a-una-victima-del-terror-de-bnei-menashe-padre-de-6\/\",\"name\":\"- Shavei Israel\",\"isPartOf\":{\"@id\":\"https:\/\/www.shavei.org\/#website\"},\"primaryImageOfPage\":{\"@id\":\"https:\/\/www.shavei.org\/es\/ayude-a-una-victima-del-terror-de-bnei-menashe-padre-de-6\/#primaryimage\"},\"image\":{\"@id\":\"https:\/\/www.shavei.org\/es\/ayude-a-una-victima-del-terror-de-bnei-menashe-padre-de-6\/#primaryimage\"},\"thumbnailUrl\":\"https:\/\/www.shavei.org\/wp-content\/uploads\/2017\/11\/Even-Ezer-2.jpg\",\"datePublished\":\"2017-12-04T09:44:57+00:00\",\"dateModified\":\"2017-12-05T08:05:07+00:00\",\"inLanguage\":\"es\",\"potentialAction\":[{\"@type\":\"ReadAction\",\"target\":[\"https:\/\/www.shavei.org\/es\/ayude-a-una-victima-del-terror-de-bnei-menashe-padre-de-6\/\"]}]},{\"@type\":\"ImageObject\",\"inLanguage\":\"es\",\"@id\":\"https:\/\/www.shavei.org\/es\/ayude-a-una-victima-del-terror-de-bnei-menashe-padre-de-6\/#primaryimage\",\"url\":\"https:\/\/www.shavei.org\/wp-content\/uploads\/2017\/11\/Even-Ezer-2.jpg\",\"contentUrl\":\"https:\/\/www.shavei.org\/wp-content\/uploads\/2017\/11\/Even-Ezer-2.jpg\",\"width\":715,\"height\":880},{\"@type\":\"WebSite\",\"@id\":\"https:\/\/www.shavei.org\/#website\",\"url\":\"https:\/\/www.shavei.org\/\",\"name\":\"Shavei Israel\",\"description\":\"One nation, many faces. We help them all return.\",\"publisher\":{\"@id\":\"https:\/\/www.shavei.org\/#organization\"},\"potentialAction\":[{\"@type\":\"SearchAction\",\"target\":{\"@type\":\"EntryPoint\",\"urlTemplate\":\"https:\/\/www.shavei.org\/?s={search_term_string}\"},\"query-input\":{\"@type\":\"PropertyValueSpecification\",\"valueRequired\":true,\"valueName\":\"search_term_string\"}}],\"inLanguage\":\"es\"},{\"@type\":\"Organization\",\"@id\":\"https:\/\/www.shavei.org\/#organization\",\"name\":\"Shavei Israel\",\"url\":\"https:\/\/www.shavei.org\/\",\"logo\":{\"@type\":\"ImageObject\",\"inLanguage\":\"es\",\"@id\":\"https:\/\/www.shavei.org\/#\/schema\/logo\/image\/\",\"url\":\"https:\/\/www.shavei.org\/wp-content\/uploads\/2017\/10\/shavei-logo.jpg\",\"contentUrl\":\"https:\/\/www.shavei.org\/wp-content\/uploads\/2017\/10\/shavei-logo.jpg\",\"width\":300,\"height\":285,\"caption\":\"Shavei Israel\"},\"image\":{\"@id\":\"https:\/\/www.shavei.org\/#\/schema\/logo\/image\/\"}}]}<\/script>\n<!-- \/ Yoast SEO plugin. -->","yoast_head_json":{"title":"- Shavei Israel","robots":{"index":"index","follow":"follow","max-snippet":"max-snippet:-1","max-image-preview":"max-image-preview:large","max-video-preview":"max-video-preview:-1"},"canonical":"https:\/\/www.shavei.org\/es\/ayude-a-una-victima-del-terror-de-bnei-menashe-padre-de-6\/","og_locale":"es_ES","og_type":"article","og_title":"- Shavei Israel","og_description":"[vc_separator type=\u00bbtransparent\u00bb position=\u00bbcenter\u00bb up=\u00bb4&#8243; down=\u00bb0&#8243;][vc_separator type=\u00bbtransparent\u00bb position=\u00bbcenter\u00bb up=\u00bb4&#8243; down=\u00bb0&#8243;][vc_separator type=\u00bbtransparent\u00bb position=\u00bbcenter\u00bb up=\u00bb4&#8243; down=\u00bb0&#8243;][vc_separator type=\u00bbtransparent\u00bb position=\u00bbcenter\u00bb up=\u00bb4&#8243; down=\u00bb0&#8243;][vc_separator type=\u00bbtransparent\u00bb position=\u00bbcenter\u00bb up=\u00bb4&#8243; down=\u00bb0&#8243;][vc_separator type=\u00bbtransparent\u00bb position=\u00bbcenter\u00bb up=\u00bb4&#8243; down=\u00bb0&#8243;][vc_separator type=\u00bbtransparent\u00bb position=\u00bbcenter\u00bb up=\u00bb75&#8243; down=\u00bb0&#8243;] [vc_separator type=\u00bbtransparent\u00bb position=\u00bbcenter\u00bb up=\u00bb4&#8243; down=\u00bb0&#8243;] AYUDE A UNA V\u00cdCTIMA DEL TERROR DE BNEI MENASH\u00c9 \/ PADRE...","og_url":"https:\/\/www.shavei.org\/es\/ayude-a-una-victima-del-terror-de-bnei-menashe-padre-de-6\/","og_site_name":"Shavei Israel","article_modified_time":"2017-12-05T08:05:07+00:00","og_image":[{"width":715,"height":880,"url":"https:\/\/www.shavei.org\/wp-content\/uploads\/2017\/11\/Even-Ezer-2.jpg","type":"image\/jpeg"}],"twitter_card":"summary_large_image","twitter_misc":{"Tiempo de lectura":"2 minutos"},"schema":{"@context":"https:\/\/schema.org","@graph":[{"@type":"WebPage","@id":"https:\/\/www.shavei.org\/es\/ayude-a-una-victima-del-terror-de-bnei-menashe-padre-de-6\/","url":"https:\/\/www.shavei.org\/es\/ayude-a-una-victima-del-terror-de-bnei-menashe-padre-de-6\/","name":"- Shavei Israel","isPartOf":{"@id":"https:\/\/www.shavei.org\/#website"},"primaryImageOfPage":{"@id":"https:\/\/www.shavei.org\/es\/ayude-a-una-victima-del-terror-de-bnei-menashe-padre-de-6\/#primaryimage"},"image":{"@id":"https:\/\/www.shavei.org\/es\/ayude-a-una-victima-del-terror-de-bnei-menashe-padre-de-6\/#primaryimage"},"thumbnailUrl":"https:\/\/www.shavei.org\/wp-content\/uploads\/2017\/11\/Even-Ezer-2.jpg","datePublished":"2017-12-04T09:44:57+00:00","dateModified":"2017-12-05T08:05:07+00:00","inLanguage":"es","potentialAction":[{"@type":"ReadAction","target":["https:\/\/www.shavei.org\/es\/ayude-a-una-victima-del-terror-de-bnei-menashe-padre-de-6\/"]}]},{"@type":"ImageObject","inLanguage":"es","@id":"https:\/\/www.shavei.org\/es\/ayude-a-una-victima-del-terror-de-bnei-menashe-padre-de-6\/#primaryimage","url":"https:\/\/www.shavei.org\/wp-content\/uploads\/2017\/11\/Even-Ezer-2.jpg","contentUrl":"https:\/\/www.shavei.org\/wp-content\/uploads\/2017\/11\/Even-Ezer-2.jpg","width":715,"height":880},{"@type":"WebSite","@id":"https:\/\/www.shavei.org\/#website","url":"https:\/\/www.shavei.org\/","name":"Shavei Israel","description":"One nation, many faces. We help them all return.","publisher":{"@id":"https:\/\/www.shavei.org\/#organization"},"potentialAction":[{"@type":"SearchAction","target":{"@type":"EntryPoint","urlTemplate":"https:\/\/www.shavei.org\/?s={search_term_string}"},"query-input":{"@type":"PropertyValueSpecification","valueRequired":true,"valueName":"search_term_string"}}],"inLanguage":"es"},{"@type":"Organization","@id":"https:\/\/www.shavei.org\/#organization","name":"Shavei Israel","url":"https:\/\/www.shavei.org\/","logo":{"@type":"ImageObject","inLanguage":"es","@id":"https:\/\/www.shavei.org\/#\/schema\/logo\/image\/","url":"https:\/\/www.shavei.org\/wp-content\/uploads\/2017\/10\/shavei-logo.jpg","contentUrl":"https:\/\/www.shavei.org\/wp-content\/uploads\/2017\/10\/shavei-logo.jpg","width":300,"height":285,"caption":"Shavei Israel"},"image":{"@id":"https:\/\/www.shavei.org\/#\/schema\/logo\/image\/"}}]}},"campaignId":"","_links":{"self":[{"href":"https:\/\/www.shavei.org\/es\/wp-json\/wp\/v2\/pages\/58380","targetHints":{"allow":["GET"]}}],"collection":[{"href":"https:\/\/www.shavei.org\/es\/wp-json\/wp\/v2\/pages"}],"about":[{"href":"https:\/\/www.shavei.org\/es\/wp-json\/wp\/v2\/types\/page"}],"author":[{"embeddable":true,"href":"https:\/\/www.shavei.org\/es\/wp-json\/wp\/v2\/users\/7"}],"replies":[{"embeddable":true,"href":"https:\/\/www.shavei.org\/es\/wp-json\/wp\/v2\/comments?post=58380"}],"version-history":[{"count":3,"href":"https:\/\/www.shavei.org\/es\/wp-json\/wp\/v2\/pages\/58380\/revisions"}],"predecessor-version":[{"id":58410,"href":"https:\/\/www.shavei.org\/es\/wp-json\/wp\/v2\/pages\/58380\/revisions\/58410"}],"wp:featuredmedia":[{"embeddable":true,"href":"https:\/\/www.shavei.org\/es\/wp-json\/wp\/v2\/media\/56355"}],"wp:attachment":[{"href":"https:\/\/www.shavei.org\/es\/wp-json\/wp\/v2\/media?parent=58380"}],"curies":[{"name":"wp","href":"https:\/\/api.w.org\/{rel}","templated":true}]}}